{"id":9534,"date":"2025-05-20T08:00:25","date_gmt":"2025-05-20T08:00:25","guid":{"rendered":"https:\/\/xenonkungen.com\/product\/infallnadspaket-luxtar-twilight-white\/"},"modified":"2026-04-21T22:12:54","modified_gmt":"2026-04-21T21:12:54","slug":"hienostunut-paketti-luxtar-hamara-valkoinen","status":"publish","type":"product","link":"https:\/\/xenonkungen.com\/fi\/tuote\/hienostunut-paketti-luxtar-hamara-valkoinen\/","title":{"rendered":"Luxtar Twilight uppoasennussarja &gt;&gt;Valkoinen<&lt; | TESLA Model 3 ja Y"},"content":{"rendered":"<h2>Luxtar Twilight -uppovalaisinsarja &gt;&gt;Valkoinen&lt;&lt; | TESLA Model 3 &amp; Y \u2013 Elegantti ja tehokas valaistus Teslaasi<\/h2>\n<p>Teslan omistajalle, joka haluaa tyyli\u00e4, tehoa ja turvallisuutta, on tarjolla <strong>Luxtar Twilight uppoasennussarja &gt;&gt;Musta&lt;&lt;<\/strong> saumaton ja tehokas valaistusratkaisu. Kirkkaus on <strong>300W<\/strong> ja vaikuttava valovirta <strong>18 140 lumenia<\/strong>, t\u00e4m\u00e4 LED-ramppi tarjoaa vertaansa vailla olevan n\u00e4kyvyyden ja turvallisuuden tiell\u00e4. Valoalue ulottuu koko <strong>1 luksi 794 metrin korkeudessa<\/strong> (R112-standardi: 1 luksi 430 metrin et\u00e4isyydell\u00e4), mik\u00e4 tarkoittaa optimaalista valaistusta pimeiss\u00e4 ja haastavissa olosuhteissa.<\/p>\n<p>Paketti sis\u00e4lt\u00e4\u00e4 <strong>erityisesti suunniteltu musta upotettava kiinnike<\/strong> Teslalle varmistaen t\u00e4ydellisen istuvuuden ja huomaamattoman asennuksen, joka sulautuu auton tyylikk\u00e4\u00e4seen muotoiluun ja sopii malleihin <strong>Malli 3 2019-2024<\/strong> ja <strong>Malli Y 2019-2025<\/strong><\/p>\n<p><strong>Sujuva ja turvallinen ohjaus<\/strong> on mahdollista <strong>XBB OBD-II-dongle + PowerUnit<\/strong> ja <strong>Tesla-yhteensopivat OBD2-sovittimet<\/strong>, joka tarjoaa t\u00e4ydet CANBUS-toiminnot ja saumattoman integroinnin ajoneuvon j\u00e4rjestelmiin. T\u00e4m\u00e4 edistyksellinen ratkaisu v\u00e4ltt\u00e4\u00e4 virheilmoitukset ja h\u00e4iri\u00f6t ja tekee k\u00e4yt\u00f6st\u00e4 helppoa ja turvallista.<\/p>\n<p>Luotettavan virransy\u00f6t\u00f6n ja pitk\u00e4kestoisen suorituskyvyn varmistamiseksi se sis\u00e4lt\u00e4\u00e4 my\u00f6s seuraavaa <strong>Luxtar Relekaapelisarja DTP-4 X1 12V ja 80A releen kanssa<\/strong>. Parhaan signaalinsiirron ja vakauden varmistamiseksi suosittelemme <strong>103179XR-DT Kaapelisarja XBB-tehoyksik\u00f6lle - DT<\/strong>, korkealaatuinen kaapelisarja, joka on kehitetty kest\u00e4m\u00e4\u00e4n vaativia olosuhteita ja tarjoamaan vankan ja luotettavan yhteyden. T\u00e4m\u00e4 kytket\u00e4\u00e4n sitten kaksoisrelekaapelisarjoihin. Katso alla oleva kytkent\u00e4kaavio.<\/p>\n<h3>Ominaisuudet ja edut:<\/h3>\n<ul>\n<li><strong>Vaikutus:<\/strong> 300W<\/li>\n<li><strong>Valovirta:<\/strong> 18 140 lumenia<\/li>\n<li><strong>Laajuus:<\/strong> 1 luksi 794 metrin korkeudessa \/ R112-standardi: 1 luksi 430 metrin korkeudessa.<\/li>\n<li><strong>Upotettava kiinnike:<\/strong> Teslaa varten r\u00e4\u00e4t\u00e4l\u00f6ity, tyylik\u00e4s musta v\u00e4ri<\/li>\n<li><strong>CANBUS-yhteensopivuus<\/strong> mukana XBB OBD-II Dongle + PowerUnit ja Tesla OBD2 adapteri helppoa asennusta varten.<\/li>\n<li><strong>Relekaapelisarja:<\/strong> DTP-4 X1 12V 80A rele ja <strong>103179XR-DT Kaapelisarja<\/strong> XBB Power Unit - DT vakaata ja luotettavaa signaalinsiirtoa varten.<\/li>\n<\/ul>\n<p>Koe eleganssin ja suorituskyvyn t\u00e4ydellinen yhdistelm\u00e4, kun k\u00e4yt\u00e4t <strong>Luxtar Twilight uppoasennussarja &gt;&gt;Musta&lt;&lt;<\/strong> Teslalle ja saat valaistusratkaisun, joka parantaa sek\u00e4 turvallisuutta ett\u00e4 esteettisyytt\u00e4 tiell\u00e4.<\/p>\n<h2><a href=\"https:\/\/xenonkungen.com\/wp-content\/uploads\/2025\/10\/XBB-Canbus-over-15A-inkoppling.pdf\">Klikkaa t\u00e4st\u00e4 n\u00e4hd\u00e4ksesi kytkent\u00e4kaavion, Dual releen johdinsarjat XBB:n kanssa\u00a0<\/a><\/h2>","protected":false},"excerpt":{"rendered":"<p>Koe Teslan Luxtar Twilight &gt;&gt;White&lt;&lt; uppoasennuspaketin voima ja eleganssi. T\u00e4m\u00e4 laadukas LED-ratkaisu, jossa on 300 W ja 18 140 lumenia, tarjoaa maksimaalisen turvallisuuden ja t\u00e4ydellisesti pimeisiin, vaativiin ajo-olosuhteisiin mukautetun muotoilun.<\/p>","protected":false},"featured_media":10057,"comment_status":"closed","ping_status":"closed","template":"","meta":{"_acf_changed":false,"_smort_price_nok":"8540","_smort_price_dkk":"5425","_smort_price_eur":"726.79","_smort_sale_price_nok":"","_smort_sale_price_dkk":"","_smort_sale_price_eur":"","smort_restorder":"","shipmondo_restorder":"","_kad_blocks_custom_css":"","_kad_blocks_head_custom_js":"","_kad_blocks_body_custom_js":"","_kad_blocks_footer_custom_js":"","smort_custom_pricelist_1":"5116.8","smort_custom_pricelist_2":"4477.2","smort_custom_pricelist_3":"4157.4","smort_custom_pricelist_4":"6396","smort_custom_pricelist_5":"4477.2"},"anvandningsomrade":[207,166,167,1915],"bilmarken":[290],"product_brand":[103],"product_cat":[2539,2832,2826,2820,2542,18,20,2159,1916],"product_tag":[2726],"class_list":{"0":"post-9534","1":"product","2":"type-product","3":"status-publish","4":"has-post-thumbnail","6":"anvandningsomrade-husbil","7":"anvandningsomrade-lastbil","8":"anvandningsomrade-personbil","9":"anvandningsomrade-skapbil","10":"bilmarken-tesla","11":"product_brand-luxtar","12":"product_cat-ledramper","13":"product_cat-ledrampspaket-tesla","14":"product_cat-luxtar","15":"product_cat-luxtar-paketlosningar","16":"product_cat-luxtar-twilight-ledramper","17":"product_cat-led-ramper-ljusramper","18":"product_cat-luxtar-twilight-led-ramper-ljusramper","19":"product_cat-luxtar-twilight","20":"product_cat-ledrampspaket","21":"product_tag-produktpaket","22":"pa_faktisk-effekts-forbrukning-153","23":"pa_fargtemperatur-5000k","24":"pa_fuktskydd-varde-ipxx-ip69k","25":"pa_godkannande-e-godkand-r112-r10-r148-r149","26":"pa_lampsockel-kontakt-dtp-4","27":"pa_led-chips-effekt-w-152","28":"pa_ljusbild-driving","29":"pa_storlek-mm-508x45x65","30":"pa_stromforbrukning-207a-137v","31":"pa_volt-v-9-12-24-32","33":"first","34":"onbackorder","35":"taxable","36":"shipping-taxable","37":"purchasable","38":"product-type-bundle"},"bundled_by":[],"bundle_stock_status":"instock","bundle_stock_quantity":"","bundle_virtual":false,"bundle_layout":"default","bundle_add_to_cart_form_location":"default","bundle_editable_in_cart":false,"bundle_sold_individually_context":"product","bundle_item_grouping":"parent","bundle_min_size":"","bundle_max_size":"","bundle_price":{"price":{"min":{"incl_tax":"726.75","excl_tax":"581.40170868"},"max":{"incl_tax":"726.75","excl_tax":"581.40170868"}},"regular_price":{"min":{"incl_tax":"726.75","excl_tax":"581.40170868"},"max":{"incl_tax":"726.75","excl_tax":"581.40170868"}}},"bundled_items":[{"bundled_item_id":294,"product_id":944,"menu_order":0,"quantity_min":1,"quantity_max":1,"quantity_default":1,"priced_individually":false,"shipped_individually":false,"override_title":false,"title":"LUXTAR Twilight | 300W","override_description":false,"description":"","optional":false,"hide_thumbnail":false,"discount":"","override_variations":false,"allowed_variations":[],"override_default_variation_attributes":false,"default_variation_attributes":[],"single_product_visibility":"visible","cart_visibility":"visible","order_visibility":"visible","single_product_price_visibility":"visible","cart_price_visibility":"visible","order_price_visibility":"visible","stock_status":"in_stock"},{"bundled_item_id":295,"product_id":1069,"menu_order":1,"quantity_min":1,"quantity_max":1,"quantity_default":1,"priced_individually":false,"shipped_individually":false,"override_title":false,"title":"Luxtar releen kaapelisarja DTP-4 X1 12V 80A Releet","override_description":false,"description":"","optional":false,"hide_thumbnail":false,"discount":"","override_variations":false,"allowed_variations":[],"override_default_variation_attributes":false,"default_variation_attributes":[],"single_product_visibility":"visible","cart_visibility":"visible","order_visibility":"visible","single_product_price_visibility":"visible","cart_price_visibility":"visible","order_price_visibility":"visible","stock_status":"on_backorder"},{"bundled_item_id":296,"product_id":2750,"menu_order":2,"quantity_min":1,"quantity_max":1,"quantity_default":1,"priced_individually":false,"shipped_individually":false,"override_title":false,"title":"Lis\u00e4valokannatin Tesla LEDrampille | Upotuskannatin valkoinen","override_description":false,"description":"","optional":false,"hide_thumbnail":false,"discount":"","override_variations":false,"allowed_variations":[],"override_default_variation_attributes":false,"default_variation_attributes":[],"single_product_visibility":"visible","cart_visibility":"visible","order_visibility":"visible","single_product_price_visibility":"visible","cart_price_visibility":"visible","order_price_visibility":"visible","stock_status":"in_stock"},{"bundled_item_id":297,"product_id":1538,"menu_order":3,"quantity_min":1,"quantity_max":1,"quantity_default":1,"priced_individually":false,"shipped_individually":false,"override_title":false,"title":"XBB OBD-II-dongle + PowerUnit","override_description":false,"description":"","optional":false,"hide_thumbnail":false,"discount":"","override_variations":false,"allowed_variations":[],"override_default_variation_attributes":false,"default_variation_attributes":[],"single_product_visibility":"visible","cart_visibility":"visible","order_visibility":"visible","single_product_price_visibility":"visible","cart_price_visibility":"visible","order_price_visibility":"visible","stock_status":"on_backorder"},{"bundled_item_id":298,"product_id":2605,"menu_order":4,"quantity_min":1,"quantity_max":1,"quantity_default":1,"priced_individually":false,"shipped_individually":false,"override_title":false,"title":"Kaapelisarja XBB Power Unit - DT","override_description":false,"description":"","optional":false,"hide_thumbnail":false,"discount":"","override_variations":false,"allowed_variations":[],"override_default_variation_attributes":false,"default_variation_attributes":[],"single_product_visibility":"visible","cart_visibility":"visible","order_visibility":"visible","single_product_price_visibility":"visible","cart_price_visibility":"visible","order_price_visibility":"visible","stock_status":"in_stock"},{"bundled_item_id":299,"product_id":1536,"menu_order":5,"quantity_min":1,"quantity_max":1,"quantity_default":1,"priced_individually":false,"shipped_individually":false,"override_title":false,"title":"Tesla OBD2 -sovitin, malli 3 | Y | 26-nastainen","override_description":false,"description":"","optional":false,"hide_thumbnail":false,"discount":"","override_variations":false,"allowed_variations":[],"override_default_variation_attributes":false,"default_variation_attributes":[],"single_product_visibility":"visible","cart_visibility":"visible","order_visibility":"visible","single_product_price_visibility":"visible","cart_price_visibility":"visible","order_price_visibility":"visible","stock_status":"in_stock"}],"bundle_sell_ids":[],"acf":[],"yoast_head":"<!-- This site is optimized with the Yoast SEO plugin v27.0 - https:\/\/yoast.com\/product\/yoast-seo-wordpress\/ -->\n<title>Inf\u00e4llnadspaket Luxtar Twilight &gt;&gt;White<\/title>\n<meta name=\"robots\" content=\"index, follow, max-snippet:-1, max-image-preview:large, max-video-preview:-1\" \/>\n<link rel=\"canonical\" href=\"https:\/\/xenonkungen.com\/fi\/tuote\/hienostunut-paketti-luxtar-hamara-valkoinen\/\" \/>\n<meta property=\"og:locale\" content=\"fi_FI\" \/>\n<meta property=\"og:type\" content=\"article\" \/>\n<meta property=\"og:title\" content=\"Inf\u00e4llnadspaket Luxtar Twilight &gt;&gt;White\" \/>\n<meta property=\"og:description\" content=\"Upplev kraften och elegansen i Luxtar Twilight &gt;&gt;White&lt;&lt; Inbyggnadspaket f\u00f6r Tesla. Med 300W och 18 140 lumen ger denna h\u00f6gkvalitativa LED-l\u00f6sning maximal s\u00e4kerhet och en perfekt anpassad design f\u00f6r m\u00f6rka, kr\u00e4vande k\u00f6rf\u00f6rh\u00e5llanden.\" \/>\n<meta property=\"og:url\" content=\"https:\/\/xenonkungen.com\/fi\/tuote\/hienostunut-paketti-luxtar-hamara-valkoinen\/\" \/>\n<meta property=\"og:site_name\" content=\"Xenonkungen\" \/>\n<meta property=\"article:modified_time\" content=\"2026-04-21T21:12:54+00:00\" \/>\n<meta property=\"og:image\" content=\"https:\/\/xenonkungen.com\/wp-content\/uploads\/2025\/05\/216088163-origpic-f2402d-1.jpg\" \/>\n\t<meta property=\"og:image:width\" content=\"1920\" \/>\n\t<meta property=\"og:image:height\" content=\"1103\" \/>\n\t<meta property=\"og:image:type\" content=\"image\/jpeg\" \/>\n<meta name=\"twitter:card\" content=\"summary_large_image\" \/>\n<meta name=\"twitter:label1\" content=\"Arvioitu lukuaika\" \/>\n\t<meta name=\"twitter:data1\" content=\"2 minuuttia\" \/>\n<script type=\"application\/ld+json\" class=\"yoast-schema-graph\">{\"@context\":\"https:\/\/schema.org\",\"@graph\":[{\"@type\":\"WebPage\",\"@id\":\"https:\/\/xenonkungen.com\/produkt\/infallnadspaket-luxtar-twilight-white\/\",\"url\":\"https:\/\/xenonkungen.com\/produkt\/infallnadspaket-luxtar-twilight-white\/\",\"name\":\"Inf\u00e4llnadspaket Luxtar Twilight >>White\",\"isPartOf\":{\"@id\":\"https:\/\/xenonkungen.com\/#website\"},\"primaryImageOfPage\":{\"@id\":\"https:\/\/xenonkungen.com\/produkt\/infallnadspaket-luxtar-twilight-white\/#primaryimage\"},\"image\":{\"@id\":\"https:\/\/xenonkungen.com\/produkt\/infallnadspaket-luxtar-twilight-white\/#primaryimage\"},\"thumbnailUrl\":\"https:\/\/xenonkungen.com\/wp-content\/uploads\/2025\/05\/216088163-origpic-f2402d-1.jpg\",\"datePublished\":\"2025-05-20T08:00:25+00:00\",\"dateModified\":\"2026-04-21T21:12:54+00:00\",\"breadcrumb\":{\"@id\":\"https:\/\/xenonkungen.com\/produkt\/infallnadspaket-luxtar-twilight-white\/#breadcrumb\"},\"inLanguage\":\"fi\",\"potentialAction\":[{\"@type\":\"ReadAction\",\"target\":[\"https:\/\/xenonkungen.com\/produkt\/infallnadspaket-luxtar-twilight-white\/\"]}]},{\"@type\":\"ImageObject\",\"inLanguage\":\"fi\",\"@id\":\"https:\/\/xenonkungen.com\/produkt\/infallnadspaket-luxtar-twilight-white\/#primaryimage\",\"url\":\"https:\/\/xenonkungen.com\/wp-content\/uploads\/2025\/05\/216088163-origpic-f2402d-1.jpg\",\"contentUrl\":\"https:\/\/xenonkungen.com\/wp-content\/uploads\/2025\/05\/216088163-origpic-f2402d-1.jpg\",\"width\":1920,\"height\":1103},{\"@type\":\"BreadcrumbList\",\"@id\":\"https:\/\/xenonkungen.com\/produkt\/infallnadspaket-luxtar-twilight-white\/#breadcrumb\",\"itemListElement\":[{\"@type\":\"ListItem\",\"position\":1,\"name\":\"Hem\",\"item\":\"https:\/\/xenonkungen.com\/\"},{\"@type\":\"ListItem\",\"position\":2,\"name\":\"Shop\",\"item\":\"https:\/\/xenonkungen.com\/shop\/\"},{\"@type\":\"ListItem\",\"position\":3,\"name\":\"Inf\u00e4llnadspaket Luxtar Twilight >>White\"}]},{\"@type\":\"WebSite\",\"@id\":\"https:\/\/xenonkungen.com\/#website\",\"url\":\"https:\/\/xenonkungen.com\/\",\"name\":\"Xenonkungen\",\"description\":\"\",\"potentialAction\":[{\"@type\":\"SearchAction\",\"target\":{\"@type\":\"EntryPoint\",\"urlTemplate\":\"https:\/\/xenonkungen.com\/?s={search_term_string}\"},\"query-input\":{\"@type\":\"PropertyValueSpecification\",\"valueRequired\":true,\"valueName\":\"search_term_string\"}}],\"inLanguage\":\"fi\"}]}<\/script>\n<!-- \/ Yoast SEO plugin. -->","yoast_head_json":{"title":"Luxtar Twilight uppoasennussarja &gt;&gt;Valkoinen","robots":{"index":"index","follow":"follow","max-snippet":"max-snippet:-1","max-image-preview":"max-image-preview:large","max-video-preview":"max-video-preview:-1"},"canonical":"https:\/\/xenonkungen.com\/fi\/tuote\/hienostunut-paketti-luxtar-hamara-valkoinen\/","og_locale":"fi_FI","og_type":"article","og_title":"Inf\u00e4llnadspaket Luxtar Twilight >>White","og_description":"Upplev kraften och elegansen i Luxtar Twilight &gt;&gt;White&lt;&lt; Inbyggnadspaket f\u00f6r Tesla. Med 300W och 18 140 lumen ger denna h\u00f6gkvalitativa LED-l\u00f6sning maximal s\u00e4kerhet och en perfekt anpassad design f\u00f6r m\u00f6rka, kr\u00e4vande k\u00f6rf\u00f6rh\u00e5llanden.","og_url":"https:\/\/xenonkungen.com\/fi\/tuote\/hienostunut-paketti-luxtar-hamara-valkoinen\/","og_site_name":"Xenonkungen","article_modified_time":"2026-04-21T21:12:54+00:00","og_image":[{"width":1920,"height":1103,"url":"https:\/\/xenonkungen.com\/wp-content\/uploads\/2025\/05\/216088163-origpic-f2402d-1.jpg","type":"image\/jpeg"}],"twitter_card":"summary_large_image","twitter_misc":{"Arvioitu lukuaika":"2 minuuttia"},"schema":{"@context":"https:\/\/schema.org","@graph":[{"@type":"WebPage","@id":"https:\/\/xenonkungen.com\/produkt\/infallnadspaket-luxtar-twilight-white\/","url":"https:\/\/xenonkungen.com\/produkt\/infallnadspaket-luxtar-twilight-white\/","name":"Luxtar Twilight uppoasennussarja &gt;&gt;Valkoinen","isPartOf":{"@id":"https:\/\/xenonkungen.com\/#website"},"primaryImageOfPage":{"@id":"https:\/\/xenonkungen.com\/produkt\/infallnadspaket-luxtar-twilight-white\/#primaryimage"},"image":{"@id":"https:\/\/xenonkungen.com\/produkt\/infallnadspaket-luxtar-twilight-white\/#primaryimage"},"thumbnailUrl":"https:\/\/xenonkungen.com\/wp-content\/uploads\/2025\/05\/216088163-origpic-f2402d-1.jpg","datePublished":"2025-05-20T08:00:25+00:00","dateModified":"2026-04-21T21:12:54+00:00","breadcrumb":{"@id":"https:\/\/xenonkungen.com\/produkt\/infallnadspaket-luxtar-twilight-white\/#breadcrumb"},"inLanguage":"fi","potentialAction":[{"@type":"ReadAction","target":["https:\/\/xenonkungen.com\/produkt\/infallnadspaket-luxtar-twilight-white\/"]}]},{"@type":"ImageObject","inLanguage":"fi","@id":"https:\/\/xenonkungen.com\/produkt\/infallnadspaket-luxtar-twilight-white\/#primaryimage","url":"https:\/\/xenonkungen.com\/wp-content\/uploads\/2025\/05\/216088163-origpic-f2402d-1.jpg","contentUrl":"https:\/\/xenonkungen.com\/wp-content\/uploads\/2025\/05\/216088163-origpic-f2402d-1.jpg","width":1920,"height":1103},{"@type":"BreadcrumbList","@id":"https:\/\/xenonkungen.com\/produkt\/infallnadspaket-luxtar-twilight-white\/#breadcrumb","itemListElement":[{"@type":"ListItem","position":1,"name":"Hem","item":"https:\/\/xenonkungen.com\/"},{"@type":"ListItem","position":2,"name":"Shop","item":"https:\/\/xenonkungen.com\/shop\/"},{"@type":"ListItem","position":3,"name":"Inf\u00e4llnadspaket Luxtar Twilight >>White"}]},{"@type":"WebSite","@id":"https:\/\/xenonkungen.com\/#website","url":"https:\/\/xenonkungen.com\/","name":"Xenonkungen","description":"","potentialAction":[{"@type":"SearchAction","target":{"@type":"EntryPoint","urlTemplate":"https:\/\/xenonkungen.com\/?s={search_term_string}"},"query-input":{"@type":"PropertyValueSpecification","valueRequired":true,"valueName":"search_term_string"}}],"inLanguage":"fi"}]}},"taxonomy_info":{"anvandningsomrade":[{"value":207,"label":"Husbil"},{"value":166,"label":"Lastbil"},{"value":167,"label":"PERSONBIL"},{"value":1915,"label":"Sk\u00e5pbil"}],"bilmarken":[{"value":290,"label":"Tesla"}],"product_brand":[{"value":103,"label":"LUXTAR"}],"product_cat":[{"value":2539,"label":"LEDRAMPER"},{"value":2832,"label":"Ledrampspaket TESLA"},{"value":2826,"label":"LUXTAR"},{"value":2820,"label":"Luxtar - Paketl\u00f6sningar"},{"value":2542,"label":"Luxtar Twilight"},{"value":18,"label":"LED Ramper \/ Ljusramper"},{"value":20,"label":"Luxtar Twilight"},{"value":2159,"label":"LUXTAR Twilight"},{"value":1916,"label":"Ledrampspaket"}],"product_tag":[{"value":2726,"label":"produktpaket"}],"pa_faktisk-effekts-forbrukning":[{"value":153,"label":"284"}],"pa_fargtemperatur":[{"value":154,"label":"5000K"}],"pa_fuktskydd-varde-ipxx":[{"value":155,"label":"IP69K"}],"pa_godkannande":[{"value":297,"label":"E-godk\u00e4nd, R112, R10, R148, R149"}],"pa_lampsockel-kontakt":[{"value":358,"label":"DTP-4"}],"pa_led-chips-effekt-w":[{"value":152,"label":"300"}],"pa_ljusbild":[{"value":178,"label":"Driving"}],"pa_storlek-mm":[{"value":151,"label":"508x45x65"}],"pa_stromforbrukning":[{"value":162,"label":"20,7A @13,7V"}],"pa_volt-v":[{"value":2186,"label":"9, 12, 24, 32"}]},"featured_image_src_large":["https:\/\/xenonkungen.com\/wp-content\/uploads\/2025\/05\/216088163-origpic-f2402d-1-1024x588.jpg",1024,588,true],"author_info":[],"comment_info":0,"_links":{"self":[{"href":"https:\/\/xenonkungen.com\/fi\/wp-json\/wp\/v2\/product\/9534","targetHints":{"allow":["GET"]}}],"collection":[{"href":"https:\/\/xenonkungen.com\/fi\/wp-json\/wp\/v2\/product"}],"about":[{"href":"https:\/\/xenonkungen.com\/fi\/wp-json\/wp\/v2\/types\/product"}],"replies":[{"embeddable":true,"href":"https:\/\/xenonkungen.com\/fi\/wp-json\/wp\/v2\/comments?post=9534"}],"wp:featuredmedia":[{"embeddable":true,"href":"https:\/\/xenonkungen.com\/fi\/wp-json\/wp\/v2\/media\/10057"}],"wp:attachment":[{"href":"https:\/\/xenonkungen.com\/fi\/wp-json\/wp\/v2\/media?parent=9534"}],"wp:term":[{"taxonomy":"anvandningsomrade","embeddable":true,"href":"https:\/\/xenonkungen.com\/fi\/wp-json\/wp\/v2\/anvandningsomrade?post=9534"},{"taxonomy":"bilmarken","embeddable":true,"href":"https:\/\/xenonkungen.com\/fi\/wp-json\/wp\/v2\/bilmarken?post=9534"},{"taxonomy":"product_brand","embeddable":true,"href":"https:\/\/xenonkungen.com\/fi\/wp-json\/wp\/v2\/product_brand?post=9534"},{"taxonomy":"product_cat","embeddable":true,"href":"https:\/\/xenonkungen.com\/fi\/wp-json\/wp\/v2\/product_cat?post=9534"},{"taxonomy":"product_tag","embeddable":true,"href":"https:\/\/xenonkungen.com\/fi\/wp-json\/wp\/v2\/product_tag?post=9534"}],"curies":[{"name":"wp","href":"https:\/\/api.w.org\/{rel}","templated":true}]}}