{"id":9541,"date":"2025-05-20T08:00:25","date_gmt":"2025-05-20T08:00:25","guid":{"rendered":"https:\/\/xenonkungen.com\/product\/ljuspaket-luxtar-x20-black-edition-xbb\/"},"modified":"2026-05-15T11:52:22","modified_gmt":"2026-05-15T10:52:22","slug":"valopaketti-luxtar-x20-musta-versio-xbb","status":"publish","type":"product","link":"https:\/\/xenonkungen.com\/fi\/tuote\/valopaketti-luxtar-x20-musta-versio-xbb\/","title":{"rendered":"LUXTAR\u00ae X20 Black Edition -valosarja &gt;&gt;XBB<<"},"content":{"rendered":"<p>Luxtar-valopalkit tunnetaan ainutlaatuisesta muotoilustaan, jonka erottuva piirre on sivulle asennetuilla diodilampuilla varustetut heijastimet, jotka parantavat merkitt\u00e4v\u00e4sti suorituskyky\u00e4.<\/p>\n<p><strong>200 W | 20 000 lumenia<\/strong> ovat Luxtar X20:n teoreettiset arvot, joita voit k\u00e4ytt\u00e4\u00e4 vertaillaksesi niit\u00e4 muihin markkinoilla oleviin vaihtoehtoihin, jotka my\u00f6s korostavat teoreettisia ominaisuuksia. <strong>P\u00e4ivit\u00e4 tarvittaessa<\/strong> kanssa <a href=\"https:\/\/www.xenonkungen.com\/se\/article.php?art=179733167\" target=\"_blank\" rel=\"noopener\">XBB-virtal\u00e4hde<\/a> joka sis\u00e4lt\u00e4\u00e4 XBB-sovittimen ja virtal\u00e4hteen, jos autossasi on esimerkiksi Canbus-valojen valvonta. Lis\u00e4ksi voit viimeistell\u00e4 asennuksen tyylikk\u00e4\u00e4ll\u00e4 ruostumattomasta ter\u00e4ksest\u00e4 valmistetulla valopalkilla joko kromisena tai mustana.<\/p>\n<p>Luxtar X20 sopii niille, jotka priorisoivat valon kantamaa tai suuremmilla nopeuksilla, jolloin painopiste on luonnostaan pidemmill\u00e4 et\u00e4isyyksill\u00e4.<\/p>","protected":false},"excerpt":{"rendered":"<p>Luxtar ljusramper \u00e4r k\u00e4nda f\u00f6r sin unika design, d\u00e4r ett utm\u00e4rkande drag \u00e4r reflektorer med sidomonterade diodlampor som markant f\u00f6rb\u00e4ttrar prestandan. 200W | 20 000 Lumen \u00e4r de teoretiska v\u00e4rdena f\u00f6r Luxtar X20, vilket du kan anv\u00e4nda f\u00f6r att j\u00e4mf\u00f6ra med andra alternativ p\u00e5 marknaden som ocks\u00e5 betonar teoretiska specifikationer. Uppgradera vid behov med XBB [&hellip;]<\/p>","protected":false},"featured_media":10063,"comment_status":"closed","ping_status":"closed","template":"","meta":{"_acf_changed":false,"_smort_price_nok":"5549","_smort_price_dkk":"3525","_smort_price_eur":"472.25","_smort_sale_price_nok":"","_smort_sale_price_dkk":"","_smort_sale_price_eur":"","smort_restorder":"","shipmondo_restorder":"","_kad_blocks_custom_css":"","_kad_blocks_head_custom_js":"","_kad_blocks_body_custom_js":"","_kad_blocks_footer_custom_js":"","smort_custom_pricelist_1":"3324.8","smort_custom_pricelist_2":"2909.2","smort_custom_pricelist_3":"2701.4","smort_custom_pricelist_4":"4156","smort_custom_pricelist_5":"2909.2"},"anvandningsomrade":[207,166,167,1915],"bilmarken":[168],"product_brand":[103],"product_cat":[2826,2541,2160,1916],"product_tag":[2726],"class_list":{"0":"post-9541","1":"product","2":"type-product","3":"status-publish","4":"has-post-thumbnail","6":"anvandningsomrade-husbil","7":"anvandningsomrade-lastbil","8":"anvandningsomrade-personbil","9":"anvandningsomrade-skapbil","10":"bilmarken-alla","11":"product_brand-luxtar","12":"product_cat-luxtar","13":"product_cat-luxtar-x-serie-black-ledramper","14":"product_cat-luxtar-x-serie-black","15":"product_cat-ledrampspaket","16":"product_tag-produktpaket","17":"pa_faktisk-effekts-forbrukning-2198","18":"pa_fargtemperatur-6000k","19":"pa_fuktskydd-varde-ipxx-ip68","20":"pa_godkannande-ce-emc-rohs","21":"pa_lampsockel-kontakt-9006-hb4","22":"pa_led-chips-effekt-w-1025","23":"pa_ljusbild-driving","24":"pa_storlek-mm-570x63x85","25":"pa_stromforbrukning-121a-12v","26":"pa_volt-v-10-12-24-32","28":"first","29":"instock","30":"taxable","31":"shipping-taxable","32":"purchasable","33":"product-type-bundle"},"bundled_by":[],"bundle_stock_status":"instock","bundle_stock_quantity":"","bundle_virtual":false,"bundle_layout":"default","bundle_add_to_cart_form_location":"default","bundle_editable_in_cart":false,"bundle_sold_individually_context":"product","bundle_item_grouping":"parent","bundle_min_size":"","bundle_max_size":"","bundle_price":{"price":{"min":{"incl_tax":"472.23","excl_tax":"377.78384948"},"max":{"incl_tax":"472.23","excl_tax":"377.78384948"}},"regular_price":{"min":{"incl_tax":"472.23","excl_tax":"377.78384948"},"max":{"incl_tax":"472.23","excl_tax":"377.78384948"}}},"bundled_items":[{"bundled_item_id":301,"product_id":2716,"menu_order":0,"quantity_min":1,"quantity_max":1,"quantity_default":1,"priced_individually":false,"shipped_individually":false,"override_title":false,"title":"Lis\u00e4valokannatin 3 x 225mm|9\":lle","override_description":false,"description":"","optional":false,"hide_thumbnail":false,"discount":"","override_variations":false,"allowed_variations":[],"override_default_variation_attributes":false,"default_variation_attributes":[],"single_product_visibility":"visible","cart_visibility":"visible","order_visibility":"visible","single_product_price_visibility":"visible","cart_price_visibility":"visible","order_price_visibility":"visible","stock_status":"on_backorder"},{"bundled_item_id":302,"product_id":1538,"menu_order":1,"quantity_min":1,"quantity_max":1,"quantity_default":1,"priced_individually":false,"shipped_individually":false,"override_title":false,"title":"XBB OBD-II-dongle + PowerUnit","override_description":false,"description":"","optional":false,"hide_thumbnail":false,"discount":"","override_variations":false,"allowed_variations":[],"override_default_variation_attributes":false,"default_variation_attributes":[],"single_product_visibility":"visible","cart_visibility":"visible","order_visibility":"visible","single_product_price_visibility":"visible","cart_price_visibility":"visible","order_price_visibility":"visible","stock_status":"on_backorder"},{"bundled_item_id":303,"product_id":2603,"menu_order":2,"quantity_min":1,"quantity_max":1,"quantity_default":1,"priced_individually":false,"shipped_individually":false,"override_title":false,"title":"Kaapelisarja XBB-virtayksikk\u00f6\u00e4 varten","override_description":false,"description":"","optional":false,"hide_thumbnail":false,"discount":"","override_variations":false,"allowed_variations":[],"override_default_variation_attributes":false,"default_variation_attributes":[],"single_product_visibility":"visible","cart_visibility":"visible","order_visibility":"visible","single_product_price_visibility":"visible","cart_price_visibility":"visible","order_price_visibility":"visible","stock_status":"on_backorder"}],"bundle_sell_ids":[],"acf":[],"yoast_head":"<!-- This site is optimized with the Yoast SEO plugin v27.0 - https:\/\/yoast.com\/product\/yoast-seo-wordpress\/ -->\n<title>Ljuspaket LUXTAR\u00ae X20 Black Edition &gt;&gt;XBB<\/title>\n<meta name=\"robots\" content=\"index, follow, max-snippet:-1, max-image-preview:large, max-video-preview:-1\" \/>\n<link rel=\"canonical\" href=\"https:\/\/xenonkungen.com\/fi\/tuote\/valopaketti-luxtar-x20-musta-versio-xbb\/\" \/>\n<meta property=\"og:locale\" content=\"fi_FI\" \/>\n<meta property=\"og:type\" content=\"article\" \/>\n<meta property=\"og:title\" content=\"Ljuspaket LUXTAR\u00ae X20 Black Edition &gt;&gt;XBB\" \/>\n<meta property=\"og:description\" content=\"Luxtar ljusramper \u00e4r k\u00e4nda f\u00f6r sin unika design, d\u00e4r ett utm\u00e4rkande drag \u00e4r reflektorer med sidomonterade diodlampor som markant f\u00f6rb\u00e4ttrar prestandan. 200W | 20 000 Lumen \u00e4r de teoretiska v\u00e4rdena f\u00f6r Luxtar X20, vilket du kan anv\u00e4nda f\u00f6r att j\u00e4mf\u00f6ra med andra alternativ p\u00e5 marknaden som ocks\u00e5 betonar teoretiska specifikationer. Uppgradera vid behov med XBB [&hellip;]\" \/>\n<meta property=\"og:url\" content=\"https:\/\/xenonkungen.com\/fi\/tuote\/valopaketti-luxtar-x20-musta-versio-xbb\/\" \/>\n<meta property=\"og:site_name\" content=\"Xenonkungen\" \/>\n<meta property=\"article:modified_time\" content=\"2026-05-15T10:52:22+00:00\" \/>\n<meta property=\"og:image\" content=\"https:\/\/xenonkungen.com\/wp-content\/uploads\/2025\/05\/X20-LEDRAMPSPAKET-1-PACK-2-faste-XBB-OBD-Kablage-PNNG-1000px.png\" \/>\n\t<meta property=\"og:image:width\" content=\"1000\" \/>\n\t<meta property=\"og:image:height\" content=\"1000\" \/>\n\t<meta property=\"og:image:type\" content=\"image\/png\" \/>\n<meta name=\"twitter:card\" content=\"summary_large_image\" \/>\n<meta name=\"twitter:label1\" content=\"Arvioitu lukuaika\" \/>\n\t<meta name=\"twitter:data1\" content=\"1 minuutti\" \/>\n<script type=\"application\/ld+json\" class=\"yoast-schema-graph\">{\"@context\":\"https:\/\/schema.org\",\"@graph\":[{\"@type\":\"WebPage\",\"@id\":\"https:\/\/xenonkungen.com\/produkt\/ljuspaket-luxtar-x20-black-edition-xbb\/\",\"url\":\"https:\/\/xenonkungen.com\/produkt\/ljuspaket-luxtar-x20-black-edition-xbb\/\",\"name\":\"Ljuspaket LUXTAR\u00ae X20 Black Edition >>XBB\",\"isPartOf\":{\"@id\":\"https:\/\/xenonkungen.com\/#website\"},\"primaryImageOfPage\":{\"@id\":\"https:\/\/xenonkungen.com\/produkt\/ljuspaket-luxtar-x20-black-edition-xbb\/#primaryimage\"},\"image\":{\"@id\":\"https:\/\/xenonkungen.com\/produkt\/ljuspaket-luxtar-x20-black-edition-xbb\/#primaryimage\"},\"thumbnailUrl\":\"https:\/\/xenonkungen.com\/wp-content\/uploads\/2025\/05\/X20-LEDRAMPSPAKET-1-PACK-2-faste-XBB-OBD-Kablage-PNNG-1000px.png\",\"datePublished\":\"2025-05-20T08:00:25+00:00\",\"dateModified\":\"2026-05-15T10:52:22+00:00\",\"breadcrumb\":{\"@id\":\"https:\/\/xenonkungen.com\/produkt\/ljuspaket-luxtar-x20-black-edition-xbb\/#breadcrumb\"},\"inLanguage\":\"fi\",\"potentialAction\":[{\"@type\":\"ReadAction\",\"target\":[\"https:\/\/xenonkungen.com\/produkt\/ljuspaket-luxtar-x20-black-edition-xbb\/\"]}]},{\"@type\":\"ImageObject\",\"inLanguage\":\"fi\",\"@id\":\"https:\/\/xenonkungen.com\/produkt\/ljuspaket-luxtar-x20-black-edition-xbb\/#primaryimage\",\"url\":\"https:\/\/xenonkungen.com\/wp-content\/uploads\/2025\/05\/X20-LEDRAMPSPAKET-1-PACK-2-faste-XBB-OBD-Kablage-PNNG-1000px.png\",\"contentUrl\":\"https:\/\/xenonkungen.com\/wp-content\/uploads\/2025\/05\/X20-LEDRAMPSPAKET-1-PACK-2-faste-XBB-OBD-Kablage-PNNG-1000px.png\",\"width\":1000,\"height\":1000},{\"@type\":\"BreadcrumbList\",\"@id\":\"https:\/\/xenonkungen.com\/produkt\/ljuspaket-luxtar-x20-black-edition-xbb\/#breadcrumb\",\"itemListElement\":[{\"@type\":\"ListItem\",\"position\":1,\"name\":\"Hem\",\"item\":\"https:\/\/xenonkungen.com\/\"},{\"@type\":\"ListItem\",\"position\":2,\"name\":\"Shop\",\"item\":\"https:\/\/xenonkungen.com\/shop\/\"},{\"@type\":\"ListItem\",\"position\":3,\"name\":\"Ljuspaket LUXTAR\u00ae X20 Black Edition >>XBB\"}]},{\"@type\":\"WebSite\",\"@id\":\"https:\/\/xenonkungen.com\/#website\",\"url\":\"https:\/\/xenonkungen.com\/\",\"name\":\"Xenonkungen\",\"description\":\"\",\"potentialAction\":[{\"@type\":\"SearchAction\",\"target\":{\"@type\":\"EntryPoint\",\"urlTemplate\":\"https:\/\/xenonkungen.com\/?s={search_term_string}\"},\"query-input\":{\"@type\":\"PropertyValueSpecification\",\"valueRequired\":true,\"valueName\":\"search_term_string\"}}],\"inLanguage\":\"fi\"}]}<\/script>\n<!-- \/ Yoast SEO plugin. -->","yoast_head_json":{"title":"LUXTAR\u00ae X20 Black Edition -valosarja &gt;&gt;XBB","robots":{"index":"index","follow":"follow","max-snippet":"max-snippet:-1","max-image-preview":"max-image-preview:large","max-video-preview":"max-video-preview:-1"},"canonical":"https:\/\/xenonkungen.com\/fi\/tuote\/valopaketti-luxtar-x20-musta-versio-xbb\/","og_locale":"fi_FI","og_type":"article","og_title":"Ljuspaket LUXTAR\u00ae X20 Black Edition >>XBB","og_description":"Luxtar ljusramper \u00e4r k\u00e4nda f\u00f6r sin unika design, d\u00e4r ett utm\u00e4rkande drag \u00e4r reflektorer med sidomonterade diodlampor som markant f\u00f6rb\u00e4ttrar prestandan. 200W | 20 000 Lumen \u00e4r de teoretiska v\u00e4rdena f\u00f6r Luxtar X20, vilket du kan anv\u00e4nda f\u00f6r att j\u00e4mf\u00f6ra med andra alternativ p\u00e5 marknaden som ocks\u00e5 betonar teoretiska specifikationer. Uppgradera vid behov med XBB [&hellip;]","og_url":"https:\/\/xenonkungen.com\/fi\/tuote\/valopaketti-luxtar-x20-musta-versio-xbb\/","og_site_name":"Xenonkungen","article_modified_time":"2026-05-15T10:52:22+00:00","og_image":[{"width":1000,"height":1000,"url":"https:\/\/xenonkungen.com\/wp-content\/uploads\/2025\/05\/X20-LEDRAMPSPAKET-1-PACK-2-faste-XBB-OBD-Kablage-PNNG-1000px.png","type":"image\/png"}],"twitter_card":"summary_large_image","twitter_misc":{"Arvioitu lukuaika":"1 minuutti"},"schema":{"@context":"https:\/\/schema.org","@graph":[{"@type":"WebPage","@id":"https:\/\/xenonkungen.com\/produkt\/ljuspaket-luxtar-x20-black-edition-xbb\/","url":"https:\/\/xenonkungen.com\/produkt\/ljuspaket-luxtar-x20-black-edition-xbb\/","name":"LUXTAR\u00ae X20 Black Edition -valosarja &gt;&gt;XBB","isPartOf":{"@id":"https:\/\/xenonkungen.com\/#website"},"primaryImageOfPage":{"@id":"https:\/\/xenonkungen.com\/produkt\/ljuspaket-luxtar-x20-black-edition-xbb\/#primaryimage"},"image":{"@id":"https:\/\/xenonkungen.com\/produkt\/ljuspaket-luxtar-x20-black-edition-xbb\/#primaryimage"},"thumbnailUrl":"https:\/\/xenonkungen.com\/wp-content\/uploads\/2025\/05\/X20-LEDRAMPSPAKET-1-PACK-2-faste-XBB-OBD-Kablage-PNNG-1000px.png","datePublished":"2025-05-20T08:00:25+00:00","dateModified":"2026-05-15T10:52:22+00:00","breadcrumb":{"@id":"https:\/\/xenonkungen.com\/produkt\/ljuspaket-luxtar-x20-black-edition-xbb\/#breadcrumb"},"inLanguage":"fi","potentialAction":[{"@type":"ReadAction","target":["https:\/\/xenonkungen.com\/produkt\/ljuspaket-luxtar-x20-black-edition-xbb\/"]}]},{"@type":"ImageObject","inLanguage":"fi","@id":"https:\/\/xenonkungen.com\/produkt\/ljuspaket-luxtar-x20-black-edition-xbb\/#primaryimage","url":"https:\/\/xenonkungen.com\/wp-content\/uploads\/2025\/05\/X20-LEDRAMPSPAKET-1-PACK-2-faste-XBB-OBD-Kablage-PNNG-1000px.png","contentUrl":"https:\/\/xenonkungen.com\/wp-content\/uploads\/2025\/05\/X20-LEDRAMPSPAKET-1-PACK-2-faste-XBB-OBD-Kablage-PNNG-1000px.png","width":1000,"height":1000},{"@type":"BreadcrumbList","@id":"https:\/\/xenonkungen.com\/produkt\/ljuspaket-luxtar-x20-black-edition-xbb\/#breadcrumb","itemListElement":[{"@type":"ListItem","position":1,"name":"Hem","item":"https:\/\/xenonkungen.com\/"},{"@type":"ListItem","position":2,"name":"Shop","item":"https:\/\/xenonkungen.com\/shop\/"},{"@type":"ListItem","position":3,"name":"Ljuspaket LUXTAR\u00ae X20 Black Edition >>XBB"}]},{"@type":"WebSite","@id":"https:\/\/xenonkungen.com\/#website","url":"https:\/\/xenonkungen.com\/","name":"Xenonkungen","description":"","potentialAction":[{"@type":"SearchAction","target":{"@type":"EntryPoint","urlTemplate":"https:\/\/xenonkungen.com\/?s={search_term_string}"},"query-input":{"@type":"PropertyValueSpecification","valueRequired":true,"valueName":"search_term_string"}}],"inLanguage":"fi"}]}},"taxonomy_info":{"anvandningsomrade":[{"value":207,"label":"Husbil"},{"value":166,"label":"Lastbil"},{"value":167,"label":"PERSONBIL"},{"value":1915,"label":"Sk\u00e5pbil"}],"bilmarken":[{"value":168,"label":"Alla"}],"product_brand":[{"value":103,"label":"LUXTAR"}],"product_cat":[{"value":2826,"label":"LUXTAR"},{"value":2541,"label":"Luxtar X-Serie Black"},{"value":2160,"label":"LUXTAR X-serie B"},{"value":1916,"label":"Ledrampspaket"}],"product_tag":[{"value":2726,"label":"produktpaket"}],"pa_faktisk-effekts-forbrukning":[{"value":2198,"label":"151,2"}],"pa_fargtemperatur":[{"value":188,"label":"6000K"}],"pa_fuktskydd-varde-ipxx":[{"value":177,"label":"IP68"}],"pa_godkannande":[{"value":325,"label":"CE, EMC, RoHS"}],"pa_lampsockel-kontakt":[{"value":326,"label":"9006 , HB4"}],"pa_led-chips-effekt-w":[{"value":1025,"label":"200"}],"pa_ljusbild":[{"value":178,"label":"Driving"}],"pa_storlek-mm":[{"value":2197,"label":"570x63x85"}],"pa_stromforbrukning":[{"value":2200,"label":"12,1A @ 12V"}],"pa_volt-v":[{"value":2199,"label":"10, 12, 24, 32"}]},"featured_image_src_large":["https:\/\/xenonkungen.com\/wp-content\/uploads\/2025\/05\/X20-LEDRAMPSPAKET-1-PACK-2-faste-XBB-OBD-Kablage-PNNG-1000px.png",1000,1000,false],"author_info":[],"comment_info":2,"_links":{"self":[{"href":"https:\/\/xenonkungen.com\/fi\/wp-json\/wp\/v2\/product\/9541","targetHints":{"allow":["GET"]}}],"collection":[{"href":"https:\/\/xenonkungen.com\/fi\/wp-json\/wp\/v2\/product"}],"about":[{"href":"https:\/\/xenonkungen.com\/fi\/wp-json\/wp\/v2\/types\/product"}],"replies":[{"embeddable":true,"href":"https:\/\/xenonkungen.com\/fi\/wp-json\/wp\/v2\/comments?post=9541"}],"wp:featuredmedia":[{"embeddable":true,"href":"https:\/\/xenonkungen.com\/fi\/wp-json\/wp\/v2\/media\/10063"}],"wp:attachment":[{"href":"https:\/\/xenonkungen.com\/fi\/wp-json\/wp\/v2\/media?parent=9541"}],"wp:term":[{"taxonomy":"anvandningsomrade","embeddable":true,"href":"https:\/\/xenonkungen.com\/fi\/wp-json\/wp\/v2\/anvandningsomrade?post=9541"},{"taxonomy":"bilmarken","embeddable":true,"href":"https:\/\/xenonkungen.com\/fi\/wp-json\/wp\/v2\/bilmarken?post=9541"},{"taxonomy":"product_brand","embeddable":true,"href":"https:\/\/xenonkungen.com\/fi\/wp-json\/wp\/v2\/product_brand?post=9541"},{"taxonomy":"product_cat","embeddable":true,"href":"https:\/\/xenonkungen.com\/fi\/wp-json\/wp\/v2\/product_cat?post=9541"},{"taxonomy":"product_tag","embeddable":true,"href":"https:\/\/xenonkungen.com\/fi\/wp-json\/wp\/v2\/product_tag?post=9541"}],"curies":[{"name":"wp","href":"https:\/\/api.w.org\/{rel}","templated":true}]}}