{"id":9559,"date":"2025-05-20T08:02:21","date_gmt":"2025-05-20T08:02:21","guid":{"rendered":"https:\/\/xenonkungen.com\/product\/ledrampspaket-luxtar-x24-tesla\/"},"modified":"2026-04-17T16:20:35","modified_gmt":"2026-04-17T15:20:35","slug":"led-ramppipaketti-luxtar-x24-tesla","status":"publish","type":"product","link":"https:\/\/xenonkungen.com\/fi\/tuote\/led-ramppipaketti-luxtar-x24-tesla\/","title":{"rendered":"Led-ramppipaketti Luxtar X24 Tesla"},"content":{"rendered":"<p><strong>Tehokas valovoimainen LED-ramppipaketti - Luxtar X24 Black Edition - Luxtar X24 Musta painos<\/strong><\/p>\n<p>Anna ajokokemuksellesi loistava p\u00e4ivitys Luxtar X24 Black Edition LED-ramppisarjalla. Ylivoimaisen suorituskyvyn ja ensiluokkaisen laadun ansiosta t\u00e4m\u00e4 sarja on paras valinta kaikille autojen valaistuksesta innostuneille.<\/p>\n<p><strong>Tehokas valaistus<\/strong>: Vaikuttavan 240 watin kokonaistehon ansiosta Luxtar X24 Black Edition tarjoaa poikkeuksellisen kirkkauden ja pitk\u00e4n kantaman. Nautit erinomaisesta n\u00e4kyvyydest\u00e4 ja kirkkaudesta kaikissa olosuhteissa.<\/p>\n<p><strong>Vankka rakenne<\/strong>Valmistettu korkealaatuisista materiaaleista ja edistyksellisest\u00e4 teknologiasta kest\u00e4vyyden varmistamiseksi. T\u00e4m\u00e4 LED-ramppi on suunniteltu kest\u00e4m\u00e4\u00e4n vaativimmissakin s\u00e4\u00e4olosuhteissa ja maastossa.<\/p>\n<p><strong>Joustava asennus<\/strong>: Luxtar X24 Black Edition on helposti integroitavissa, ja se sopii saumattomasti ajoneuvoosi ja antaa sille tyylikk\u00e4\u00e4n ja ammattimaisen ulkon\u00e4\u00f6n. Asennus on yksinkertainen ja sujuva, joten se on ihanteellinen p\u00e4ivitys kaikenlaisiin ajoneuvoihin.<\/p>\n<p><strong>Laajenna n\u00e4kemyst\u00e4si<\/strong>: Luxtar X24 Black Edition sopii t\u00e4ydellisesti k\u00e4ytett\u00e4v\u00e4ksi tiell\u00e4, maastossa tai pimeiss\u00e4 olosuhteissa, sill\u00e4 se parantaa turvallisuutta ja n\u00e4kyvyytt\u00e4 ja antaa sinulle itsevarmuutta kohdata kaikki tiell\u00e4 olevat haasteet.<\/p>\n<p><strong>Sis\u00e4lt\u00e4\u00e4 kaiken tarvittavan<\/strong>: T\u00e4m\u00e4 sarja sis\u00e4lt\u00e4\u00e4 kaiken asennukseen tarvittavan, mukaan lukien kiinnikkeet ja kaapelointi. Lis\u00e4varusteita ei tarvita, joten voit alkaa nauttia tehokkaasta valaistuksesta heti.<\/p>\n<p>P\u00e4ivit\u00e4 autosi valaistus Luxtar X24 Black Edition LED-ramppisarjalla ja koe uusi taso selkeytt\u00e4, turvallisuutta ja tyyli\u00e4 tien p\u00e4\u00e4ll\u00e4.<\/p>","protected":false},"excerpt":{"rendered":"<p>Kraftfullt Lysande Ledrampspaket &#8211; Luxtar X24 Black Edition Ge din k\u00f6rupplevelse en lysande uppgradering med Luxtar X24 Black Edition LED-rampspaketet. Med \u00f6verl\u00e4gsen prestanda och f\u00f6rstklassig kvalitet, \u00e4r detta kit det ultimata valet f\u00f6r alla som \u00e4r passionerade f\u00f6r fordonsbelysning. Kraftfull Belysning: Med en imponerande total effekt p\u00e5 240 watt erbjuder Luxtar X24 Black Edition en [&hellip;]<\/p>","protected":false},"featured_media":10078,"comment_status":"closed","ping_status":"closed","template":"","meta":{"_acf_changed":false,"_smort_price_nok":"7685","_smort_price_dkk":"4882","_smort_price_eur":"654.06","_smort_sale_price_nok":"","_smort_sale_price_dkk":"","_smort_sale_price_eur":"","smort_restorder":"","shipmondo_restorder":"","_kad_blocks_custom_css":"","_kad_blocks_head_custom_js":"","_kad_blocks_body_custom_js":"","_kad_blocks_footer_custom_js":"","smort_custom_pricelist_1":"4892.6","smort_custom_pricelist_2":"4029","smort_custom_pricelist_3":"4029","smort_custom_pricelist_4":"5756","smort_custom_pricelist_5":"4029"},"anvandningsomrade":[167],"bilmarken":[290],"product_brand":[103],"product_cat":[2832,2826,2820,2541,2160,1916],"product_tag":[2726],"class_list":{"0":"post-9559","1":"product","2":"type-product","3":"status-publish","4":"has-post-thumbnail","6":"anvandningsomrade-personbil","7":"bilmarken-tesla","8":"product_brand-luxtar","9":"product_cat-ledrampspaket-tesla","10":"product_cat-luxtar","11":"product_cat-luxtar-paketlosningar","12":"product_cat-luxtar-x-serie-black-ledramper","13":"product_cat-luxtar-x-serie-black","14":"product_cat-ledrampspaket","15":"product_tag-produktpaket","16":"pa_faktisk-effekts-forbrukning-1922","17":"pa_fargtemperatur-6000k","18":"pa_fuktskydd-varde-ipxx-ip68","19":"pa_godkannande-ce-emc-rohs","20":"pa_lampsockel-kontakt-9006-hb4","21":"pa_led-chips-effekt-w-823","22":"pa_ljusbild-driving","23":"pa_storlek-mm-674x63x85","24":"pa_stromforbrukning-148a-12v","25":"pa_stromforbrukning-75a-24v","26":"pa_volt-v-10-12-24-32","28":"first","29":"outofstock","30":"taxable","31":"shipping-taxable","32":"purchasable","33":"product-type-bundle"},"bundled_by":[],"bundle_stock_status":"outofstock","bundle_stock_quantity":0,"bundle_virtual":false,"bundle_layout":"default","bundle_add_to_cart_form_location":"default","bundle_editable_in_cart":false,"bundle_sold_individually_context":"product","bundle_item_grouping":"noindent","bundle_min_size":"","bundle_max_size":"","bundle_price":{"price":{"min":{"incl_tax":"654.04","excl_tax":"523.22517748"},"max":{"incl_tax":"654.04","excl_tax":"523.22517748"}},"regular_price":{"min":{"incl_tax":"654.04","excl_tax":"523.22517748"},"max":{"incl_tax":"654.04","excl_tax":"523.22517748"}}},"bundled_items":[{"bundled_item_id":590,"product_id":1536,"menu_order":0,"quantity_min":1,"quantity_max":1,"quantity_default":1,"priced_individually":false,"shipped_individually":false,"override_title":false,"title":"Tesla OBD2 -sovitin, malli 3 | Y | 26-nastainen","override_description":false,"description":"","optional":false,"hide_thumbnail":false,"discount":"","override_variations":false,"allowed_variations":[],"override_default_variation_attributes":false,"default_variation_attributes":[],"single_product_visibility":"visible","cart_visibility":"visible","order_visibility":"visible","single_product_price_visibility":"visible","cart_price_visibility":"visible","order_price_visibility":"visible","stock_status":"in_stock"},{"bundled_item_id":317,"product_id":2747,"menu_order":1,"quantity_min":1,"quantity_max":1,"quantity_default":1,"priced_individually":false,"shipped_individually":false,"override_title":false,"title":"Lis\u00e4valokannatin Tesla LEDrampille | Upotuskannatin Musta","override_description":false,"description":"","optional":false,"hide_thumbnail":false,"discount":"","override_variations":false,"allowed_variations":[],"override_default_variation_attributes":false,"default_variation_attributes":[],"single_product_visibility":"visible","cart_visibility":"visible","order_visibility":"visible","single_product_price_visibility":"visible","cart_price_visibility":"visible","order_price_visibility":"visible","stock_status":"in_stock"},{"bundled_item_id":318,"product_id":1538,"menu_order":2,"quantity_min":1,"quantity_max":1,"quantity_default":1,"priced_individually":false,"shipped_individually":false,"override_title":false,"title":"XBB OBD-II-dongle + PowerUnit","override_description":false,"description":"","optional":false,"hide_thumbnail":false,"discount":"","override_variations":false,"allowed_variations":[],"override_default_variation_attributes":false,"default_variation_attributes":[],"single_product_visibility":"visible","cart_visibility":"visible","order_visibility":"visible","single_product_price_visibility":"visible","cart_price_visibility":"visible","order_price_visibility":"visible","stock_status":"on_backorder"},{"bundled_item_id":319,"product_id":2603,"menu_order":3,"quantity_min":1,"quantity_max":1,"quantity_default":1,"priced_individually":false,"shipped_individually":false,"override_title":false,"title":"Kaapelisarja XBB-virtayksikk\u00f6\u00e4 varten","override_description":false,"description":"","optional":false,"hide_thumbnail":false,"discount":"","override_variations":false,"allowed_variations":[],"override_default_variation_attributes":false,"default_variation_attributes":[],"single_product_visibility":"visible","cart_visibility":"visible","order_visibility":"visible","single_product_price_visibility":"visible","cart_price_visibility":"visible","order_price_visibility":"visible","stock_status":"on_backorder"}],"bundle_sell_ids":[],"acf":[],"yoast_head":"<!-- This site is optimized with the Yoast SEO plugin v27.0 - https:\/\/yoast.com\/product\/yoast-seo-wordpress\/ -->\n<title>Ledrampspaket Luxtar X24 Tesla - Xenonkungen<\/title>\n<meta name=\"robots\" content=\"index, follow, max-snippet:-1, max-image-preview:large, max-video-preview:-1\" \/>\n<link rel=\"canonical\" href=\"https:\/\/xenonkungen.com\/fi\/tuote\/led-ramppipaketti-luxtar-x24-tesla\/\" \/>\n<meta property=\"og:locale\" content=\"fi_FI\" \/>\n<meta property=\"og:type\" content=\"article\" \/>\n<meta property=\"og:title\" content=\"Ledrampspaket Luxtar X24 Tesla - Xenonkungen\" \/>\n<meta property=\"og:description\" content=\"Kraftfullt Lysande Ledrampspaket &#8211; Luxtar X24 Black Edition Ge din k\u00f6rupplevelse en lysande uppgradering med Luxtar X24 Black Edition LED-rampspaketet. Med \u00f6verl\u00e4gsen prestanda och f\u00f6rstklassig kvalitet, \u00e4r detta kit det ultimata valet f\u00f6r alla som \u00e4r passionerade f\u00f6r fordonsbelysning. Kraftfull Belysning: Med en imponerande total effekt p\u00e5 240 watt erbjuder Luxtar X24 Black Edition en [&hellip;]\" \/>\n<meta property=\"og:url\" content=\"https:\/\/xenonkungen.com\/fi\/tuote\/led-ramppipaketti-luxtar-x24-tesla\/\" \/>\n<meta property=\"og:site_name\" content=\"Xenonkungen\" \/>\n<meta property=\"article:modified_time\" content=\"2026-04-17T15:20:35+00:00\" \/>\n<meta property=\"og:image\" content=\"https:\/\/xenonkungen.com\/wp-content\/uploads\/2025\/05\/207870329-origpic-7f3471-1-1024x665.png\" \/>\n\t<meta property=\"og:image:width\" content=\"1024\" \/>\n\t<meta property=\"og:image:height\" content=\"665\" \/>\n\t<meta property=\"og:image:type\" content=\"image\/png\" \/>\n<meta name=\"twitter:card\" content=\"summary_large_image\" \/>\n<meta name=\"twitter:label1\" content=\"Arvioitu lukuaika\" \/>\n\t<meta name=\"twitter:data1\" content=\"2 minuuttia\" \/>\n<script type=\"application\/ld+json\" class=\"yoast-schema-graph\">{\"@context\":\"https:\/\/schema.org\",\"@graph\":[{\"@type\":\"WebPage\",\"@id\":\"https:\/\/xenonkungen.com\/produkt\/ledrampspaket-luxtar-x24-tesla\/\",\"url\":\"https:\/\/xenonkungen.com\/produkt\/ledrampspaket-luxtar-x24-tesla\/\",\"name\":\"Ledrampspaket Luxtar X24 Tesla - Xenonkungen\",\"isPartOf\":{\"@id\":\"https:\/\/xenonkungen.com\/#website\"},\"primaryImageOfPage\":{\"@id\":\"https:\/\/xenonkungen.com\/produkt\/ledrampspaket-luxtar-x24-tesla\/#primaryimage\"},\"image\":{\"@id\":\"https:\/\/xenonkungen.com\/produkt\/ledrampspaket-luxtar-x24-tesla\/#primaryimage\"},\"thumbnailUrl\":\"https:\/\/xenonkungen.com\/wp-content\/uploads\/2025\/05\/207870329-origpic-7f3471-1.png\",\"datePublished\":\"2025-05-20T08:02:21+00:00\",\"dateModified\":\"2026-04-17T15:20:35+00:00\",\"breadcrumb\":{\"@id\":\"https:\/\/xenonkungen.com\/produkt\/ledrampspaket-luxtar-x24-tesla\/#breadcrumb\"},\"inLanguage\":\"fi\",\"potentialAction\":[{\"@type\":\"ReadAction\",\"target\":[\"https:\/\/xenonkungen.com\/produkt\/ledrampspaket-luxtar-x24-tesla\/\"]}]},{\"@type\":\"ImageObject\",\"inLanguage\":\"fi\",\"@id\":\"https:\/\/xenonkungen.com\/produkt\/ledrampspaket-luxtar-x24-tesla\/#primaryimage\",\"url\":\"https:\/\/xenonkungen.com\/wp-content\/uploads\/2025\/05\/207870329-origpic-7f3471-1.png\",\"contentUrl\":\"https:\/\/xenonkungen.com\/wp-content\/uploads\/2025\/05\/207870329-origpic-7f3471-1.png\",\"width\":1539,\"height\":1000},{\"@type\":\"BreadcrumbList\",\"@id\":\"https:\/\/xenonkungen.com\/produkt\/ledrampspaket-luxtar-x24-tesla\/#breadcrumb\",\"itemListElement\":[{\"@type\":\"ListItem\",\"position\":1,\"name\":\"Hem\",\"item\":\"https:\/\/xenonkungen.com\/\"},{\"@type\":\"ListItem\",\"position\":2,\"name\":\"Shop\",\"item\":\"https:\/\/xenonkungen.com\/shop\/\"},{\"@type\":\"ListItem\",\"position\":3,\"name\":\"Ledrampspaket Luxtar X24 Tesla\"}]},{\"@type\":\"WebSite\",\"@id\":\"https:\/\/xenonkungen.com\/#website\",\"url\":\"https:\/\/xenonkungen.com\/\",\"name\":\"Xenonkungen\",\"description\":\"\",\"potentialAction\":[{\"@type\":\"SearchAction\",\"target\":{\"@type\":\"EntryPoint\",\"urlTemplate\":\"https:\/\/xenonkungen.com\/?s={search_term_string}\"},\"query-input\":{\"@type\":\"PropertyValueSpecification\",\"valueRequired\":true,\"valueName\":\"search_term_string\"}}],\"inLanguage\":\"fi\"}]}<\/script>\n<!-- \/ Yoast SEO plugin. -->","yoast_head_json":{"title":"LED-ramppipaketti Luxtar X24 Tesla - Xenon King","robots":{"index":"index","follow":"follow","max-snippet":"max-snippet:-1","max-image-preview":"max-image-preview:large","max-video-preview":"max-video-preview:-1"},"canonical":"https:\/\/xenonkungen.com\/fi\/tuote\/led-ramppipaketti-luxtar-x24-tesla\/","og_locale":"fi_FI","og_type":"article","og_title":"Ledrampspaket Luxtar X24 Tesla - Xenonkungen","og_description":"Kraftfullt Lysande Ledrampspaket &#8211; Luxtar X24 Black Edition Ge din k\u00f6rupplevelse en lysande uppgradering med Luxtar X24 Black Edition LED-rampspaketet. Med \u00f6verl\u00e4gsen prestanda och f\u00f6rstklassig kvalitet, \u00e4r detta kit det ultimata valet f\u00f6r alla som \u00e4r passionerade f\u00f6r fordonsbelysning. Kraftfull Belysning: Med en imponerande total effekt p\u00e5 240 watt erbjuder Luxtar X24 Black Edition en [&hellip;]","og_url":"https:\/\/xenonkungen.com\/fi\/tuote\/led-ramppipaketti-luxtar-x24-tesla\/","og_site_name":"Xenonkungen","article_modified_time":"2026-04-17T15:20:35+00:00","og_image":[{"width":1024,"height":665,"url":"https:\/\/xenonkungen.com\/wp-content\/uploads\/2025\/05\/207870329-origpic-7f3471-1-1024x665.png","type":"image\/png"}],"twitter_card":"summary_large_image","twitter_misc":{"Arvioitu lukuaika":"2 minuuttia"},"schema":{"@context":"https:\/\/schema.org","@graph":[{"@type":"WebPage","@id":"https:\/\/xenonkungen.com\/produkt\/ledrampspaket-luxtar-x24-tesla\/","url":"https:\/\/xenonkungen.com\/produkt\/ledrampspaket-luxtar-x24-tesla\/","name":"LED-ramppipaketti Luxtar X24 Tesla - Xenon King","isPartOf":{"@id":"https:\/\/xenonkungen.com\/#website"},"primaryImageOfPage":{"@id":"https:\/\/xenonkungen.com\/produkt\/ledrampspaket-luxtar-x24-tesla\/#primaryimage"},"image":{"@id":"https:\/\/xenonkungen.com\/produkt\/ledrampspaket-luxtar-x24-tesla\/#primaryimage"},"thumbnailUrl":"https:\/\/xenonkungen.com\/wp-content\/uploads\/2025\/05\/207870329-origpic-7f3471-1.png","datePublished":"2025-05-20T08:02:21+00:00","dateModified":"2026-04-17T15:20:35+00:00","breadcrumb":{"@id":"https:\/\/xenonkungen.com\/produkt\/ledrampspaket-luxtar-x24-tesla\/#breadcrumb"},"inLanguage":"fi","potentialAction":[{"@type":"ReadAction","target":["https:\/\/xenonkungen.com\/produkt\/ledrampspaket-luxtar-x24-tesla\/"]}]},{"@type":"ImageObject","inLanguage":"fi","@id":"https:\/\/xenonkungen.com\/produkt\/ledrampspaket-luxtar-x24-tesla\/#primaryimage","url":"https:\/\/xenonkungen.com\/wp-content\/uploads\/2025\/05\/207870329-origpic-7f3471-1.png","contentUrl":"https:\/\/xenonkungen.com\/wp-content\/uploads\/2025\/05\/207870329-origpic-7f3471-1.png","width":1539,"height":1000},{"@type":"BreadcrumbList","@id":"https:\/\/xenonkungen.com\/produkt\/ledrampspaket-luxtar-x24-tesla\/#breadcrumb","itemListElement":[{"@type":"ListItem","position":1,"name":"Hem","item":"https:\/\/xenonkungen.com\/"},{"@type":"ListItem","position":2,"name":"Shop","item":"https:\/\/xenonkungen.com\/shop\/"},{"@type":"ListItem","position":3,"name":"Ledrampspaket Luxtar X24 Tesla"}]},{"@type":"WebSite","@id":"https:\/\/xenonkungen.com\/#website","url":"https:\/\/xenonkungen.com\/","name":"Xenonkungen","description":"","potentialAction":[{"@type":"SearchAction","target":{"@type":"EntryPoint","urlTemplate":"https:\/\/xenonkungen.com\/?s={search_term_string}"},"query-input":{"@type":"PropertyValueSpecification","valueRequired":true,"valueName":"search_term_string"}}],"inLanguage":"fi"}]}},"taxonomy_info":{"anvandningsomrade":[{"value":167,"label":"PERSONBIL"}],"bilmarken":[{"value":290,"label":"Tesla"}],"product_brand":[{"value":103,"label":"LUXTAR"}],"product_cat":[{"value":2832,"label":"Ledrampspaket TESLA"},{"value":2826,"label":"LUXTAR"},{"value":2820,"label":"Luxtar - Paketl\u00f6sningar"},{"value":2541,"label":"Luxtar X-Serie Black"},{"value":2160,"label":"LUXTAR X-serie Black"},{"value":1916,"label":"Ledrampspaket"}],"product_tag":[{"value":2726,"label":"produktpaket"}],"pa_faktisk-effekts-forbrukning":[{"value":1922,"label":"177,6"}],"pa_fargtemperatur":[{"value":188,"label":"6000K"}],"pa_fuktskydd-varde-ipxx":[{"value":177,"label":"IP68"}],"pa_godkannande":[{"value":325,"label":"CE, EMC, RoHS"}],"pa_lampsockel-kontakt":[{"value":326,"label":"9006 , HB4"}],"pa_led-chips-effekt-w":[{"value":823,"label":"240"}],"pa_ljusbild":[{"value":178,"label":"Driving"}],"pa_storlek-mm":[{"value":1921,"label":"674x63x85"}],"pa_stromforbrukning":[{"value":1923,"label":"14,8A @12V"},{"value":1924,"label":"7,5A @24V"}],"pa_volt-v":[{"value":2199,"label":"10, 12, 24, 32"}]},"featured_image_src_large":["https:\/\/xenonkungen.com\/wp-content\/uploads\/2025\/05\/207870329-origpic-7f3471-1-1024x665.png",1024,665,true],"author_info":[],"comment_info":0,"_links":{"self":[{"href":"https:\/\/xenonkungen.com\/fi\/wp-json\/wp\/v2\/product\/9559","targetHints":{"allow":["GET"]}}],"collection":[{"href":"https:\/\/xenonkungen.com\/fi\/wp-json\/wp\/v2\/product"}],"about":[{"href":"https:\/\/xenonkungen.com\/fi\/wp-json\/wp\/v2\/types\/product"}],"replies":[{"embeddable":true,"href":"https:\/\/xenonkungen.com\/fi\/wp-json\/wp\/v2\/comments?post=9559"}],"wp:featuredmedia":[{"embeddable":true,"href":"https:\/\/xenonkungen.com\/fi\/wp-json\/wp\/v2\/media\/10078"}],"wp:attachment":[{"href":"https:\/\/xenonkungen.com\/fi\/wp-json\/wp\/v2\/media?parent=9559"}],"wp:term":[{"taxonomy":"anvandningsomrade","embeddable":true,"href":"https:\/\/xenonkungen.com\/fi\/wp-json\/wp\/v2\/anvandningsomrade?post=9559"},{"taxonomy":"bilmarken","embeddable":true,"href":"https:\/\/xenonkungen.com\/fi\/wp-json\/wp\/v2\/bilmarken?post=9559"},{"taxonomy":"product_brand","embeddable":true,"href":"https:\/\/xenonkungen.com\/fi\/wp-json\/wp\/v2\/product_brand?post=9559"},{"taxonomy":"product_cat","embeddable":true,"href":"https:\/\/xenonkungen.com\/fi\/wp-json\/wp\/v2\/product_cat?post=9559"},{"taxonomy":"product_tag","embeddable":true,"href":"https:\/\/xenonkungen.com\/fi\/wp-json\/wp\/v2\/product_tag?post=9559"}],"curies":[{"name":"wp","href":"https:\/\/api.w.org\/{rel}","templated":true}]}}