{"id":9676,"date":"2025-05-20T08:06:03","date_gmt":"2025-05-20T08:06:03","guid":{"rendered":"https:\/\/xenonkungen.com\/product\/interiorpaket-6-delar\/"},"modified":"2026-04-17T16:22:09","modified_gmt":"2026-04-17T15:22:09","slug":"sisustuspaketti-6-osaa","status":"publish","type":"product","link":"https:\/\/xenonkungen.com\/fi\/tuote\/sisustuspaketti-6-osaa\/","title":{"rendered":"Sisustussarja | 6 kpl"},"content":{"rendered":"<h1>6-osainen sisustuspaketti<\/h1>\n<p>Niille, jotka haluavat t\u00e4ydellisen sisustuksen autoonsa, 6 erilaista tuotetta yhdess\u00e4 paketissa.<\/p>\n<p>Paketti sis\u00e4lt\u00e4\u00e4:<\/p>\n<p><strong>Matto- ja sis\u00e4puhdistusaine<\/strong><\/p>\n<p>Kahvi-, huulipuna-, \u00f6ljy- tai muiden pinttyneiden tahrojen ei tarvitse j\u00e4\u00e4d\u00e4 mattoihin tai verhoiluihin. Toisin kuin muut puhdistusaineet, Meguiar&#039;sin Carpet and Interior Cleaner poistaa pinttyneet tahrat v\u00e4rj\u00e4\u00e4m\u00e4tt\u00e4 pintaa.<\/p>\n<p><strong>Ultimate Interior Detailer<\/strong><\/p>\n<p>Ensimm\u00e4inen puhdistus- ja suojaustuotteemme sis\u00e4pinnoille, jossa on erinomainen UV-suoja ja kest\u00e4vyys samassa tuotteessa. Paras valinta sis\u00e4tilojen yll\u00e4pitoon.<\/p>\n<p><strong>Huippuluokan nahanpuhdistusaine<\/strong><\/p>\n<p>Ultimate Leather Detailer tarjoaa nopean ja helpon ratkaisun nahan ulkon\u00e4\u00f6n ja tuntuman yll\u00e4pit\u00e4miseen. Tehokas puhdistus poistaa lian nopeasti ja hell\u00e4varaisesti ja palauttaa nahan luonnollisen ulkon\u00e4\u00f6n.<\/p>\n<p><strong>Perfect Clarity lasin puhdistusaine<\/strong><\/p>\n<p>Lasin t\u00e4ydelliseksi saaminen ei ole koskaan ollut helpompaa. Perfect Clarity -lasinpuhdistusaine on ammoniakiton ja poistaa pinttyneen lian helposti j\u00e4tt\u00e4m\u00e4tt\u00e4 raitoja.<\/p>\n<p><strong>Xenon King mikrokuituliina 30x40cm | 400 GSM (LYX)<\/strong><\/p>\n<p>L\u00f6yd\u00e4 t\u00e4ydellinen puhdistusliina autollesi Xenon Kingin LYX-mikrokuituliinalla. 30 \u00d7 40 cm:n kokoinen ja 400 GSM:n (grammaa neli\u00f6metri\u00e4 kohden) painava puhdistusliina tarjoaa poikkeuksellista laatua ja suorituskyky\u00e4 sek\u00e4 auton ulko- ett\u00e4 sis\u00e4puhdistukseen.<\/p>\n<p><strong>Xenon King mikrokuituinen ikkunakangas 30x40cm | 500 GSM<\/strong><\/p>\n<p>Tutustu eksklusiiviseen mikrokuituiseen ikkunapyyhkeeseen, joka on erityisesti suunniteltu antamaan ikkunoille ja lasipinnoille kristallinkirkkaan viimeistelyn. T\u00e4m\u00e4n 30\u00d740 cm:n kokoisen ja 500 GSM:n (grammaa neli\u00f6metri\u00e4 kohti) painoisella ikkunakankaalla on erinomainen suorituskyky sek\u00e4 auton ikkunoille ett\u00e4 kodin lasipinnoille.<\/p>","protected":false},"excerpt":{"rendered":"<p>6-delars interi\u00f6rpaket F\u00f6r dig som vill f\u00e5 en perfekt interi\u00f6r p\u00e5 din bil, 6 olika produkter i ett och samma paket. Paketet inneh\u00e5ller: Carpet &amp; Interior Cleaner Kaffe, l\u00e4ppstift, olja eller andra sv\u00e5ra fl\u00e4ckar beh\u00f6ver inte sitta kvar i mattorna eller kl\u00e4dseln. Till skillnad fr\u00e5n andra reng\u00f6ringsmedel avl\u00e4gsnar Meguiar\u2019s Carpet and Interior Cleaner envisa bel\u00e4ggningar [&hellip;]<\/p>","protected":false},"featured_media":10168,"comment_status":"closed","ping_status":"open","template":"","meta":{"_acf_changed":false,"_smort_price_nok":"827","_smort_price_dkk":"525","_smort_price_eur":"70.36","_smort_sale_price_nok":"","_smort_sale_price_dkk":"","_smort_sale_price_eur":"","smort_restorder":"","shipmondo_restorder":"","_kad_blocks_custom_css":"","_kad_blocks_head_custom_js":"","_kad_blocks_body_custom_js":"","_kad_blocks_footer_custom_js":"","smort_custom_pricelist_1":"526.32","smort_custom_pricelist_2":"526.32","smort_custom_pricelist_3":"526.32","smort_custom_pricelist_4":"619.2","smort_custom_pricelist_5":"526.32"},"anvandningsomrade":[2234],"bilmarken":[168],"product_brand":[2235],"product_cat":[2188,378],"product_tag":[2726],"class_list":{"0":"post-9676","1":"product","2":"type-product","3":"status-publish","4":"has-post-thumbnail","6":"anvandningsomrade-alla","7":"bilmarken-alla","8":"product_brand-meguiars-xenonkungen","9":"product_cat-bilvardpaket","10":"product_cat-bilvard","11":"product_tag-produktpaket","13":"first","14":"outofstock","15":"taxable","16":"shipping-taxable","17":"purchasable","18":"product-type-bundle"},"bundled_by":[],"bundle_stock_status":"outofstock","bundle_stock_quantity":0,"bundle_virtual":false,"bundle_layout":"default","bundle_add_to_cart_form_location":"default","bundle_editable_in_cart":false,"bundle_sold_individually_context":"product","bundle_item_grouping":"parent","bundle_min_size":"","bundle_max_size":"","bundle_price":{"price":{"min":{"incl_tax":"70.36","excl_tax":"56.285793936"},"max":{"incl_tax":"70.36","excl_tax":"56.285793936"}},"regular_price":{"min":{"incl_tax":"70.36","excl_tax":"56.285793936"},"max":{"incl_tax":"70.36","excl_tax":"56.285793936"}}},"bundled_items":[{"bundled_item_id":401,"product_id":4588,"menu_order":0,"quantity_min":1,"quantity_max":1,"quantity_default":1,"priced_individually":false,"shipped_individually":false,"override_title":false,"title":"","override_description":false,"description":"","optional":false,"hide_thumbnail":false,"discount":null,"override_variations":false,"allowed_variations":[],"override_default_variation_attributes":false,"default_variation_attributes":[],"single_product_visibility":"visible","cart_visibility":"visible","order_visibility":"visible","single_product_price_visibility":"visible","cart_price_visibility":"visible","order_price_visibility":"visible","stock_status":"on_backorder"},{"bundled_item_id":402,"product_id":4479,"menu_order":0,"quantity_min":1,"quantity_max":1,"quantity_default":1,"priced_individually":false,"shipped_individually":false,"override_title":false,"title":"","override_description":false,"description":"","optional":false,"hide_thumbnail":false,"discount":null,"override_variations":false,"allowed_variations":[],"override_default_variation_attributes":false,"default_variation_attributes":[],"single_product_visibility":"visible","cart_visibility":"visible","order_visibility":"visible","single_product_price_visibility":"visible","cart_price_visibility":"visible","order_price_visibility":"visible","stock_status":"in_stock"},{"bundled_item_id":403,"product_id":4541,"menu_order":0,"quantity_min":1,"quantity_max":1,"quantity_default":1,"priced_individually":false,"shipped_individually":false,"override_title":false,"title":"","override_description":false,"description":"","optional":false,"hide_thumbnail":false,"discount":null,"override_variations":false,"allowed_variations":[],"override_default_variation_attributes":false,"default_variation_attributes":[],"single_product_visibility":"visible","cart_visibility":"visible","order_visibility":"visible","single_product_price_visibility":"visible","cart_price_visibility":"visible","order_price_visibility":"visible","stock_status":"on_backorder"},{"bundled_item_id":404,"product_id":4581,"menu_order":0,"quantity_min":1,"quantity_max":1,"quantity_default":1,"priced_individually":false,"shipped_individually":false,"override_title":false,"title":"","override_description":false,"description":"","optional":false,"hide_thumbnail":false,"discount":null,"override_variations":false,"allowed_variations":[],"override_default_variation_attributes":false,"default_variation_attributes":[],"single_product_visibility":"visible","cart_visibility":"visible","order_visibility":"visible","single_product_price_visibility":"visible","cart_price_visibility":"visible","order_price_visibility":"visible","stock_status":"in_stock"},{"bundled_item_id":405,"product_id":1181,"menu_order":0,"quantity_min":1,"quantity_max":1,"quantity_default":1,"priced_individually":false,"shipped_individually":false,"override_title":false,"title":"","override_description":false,"description":"","optional":false,"hide_thumbnail":false,"discount":null,"override_variations":false,"allowed_variations":[],"override_default_variation_attributes":false,"default_variation_attributes":[],"single_product_visibility":"visible","cart_visibility":"visible","order_visibility":"visible","single_product_price_visibility":"visible","cart_price_visibility":"visible","order_price_visibility":"visible","stock_status":"in_stock"},{"bundled_item_id":406,"product_id":1186,"menu_order":0,"quantity_min":1,"quantity_max":1,"quantity_default":1,"priced_individually":false,"shipped_individually":false,"override_title":false,"title":"","override_description":false,"description":"","optional":false,"hide_thumbnail":false,"discount":null,"override_variations":false,"allowed_variations":[],"override_default_variation_attributes":false,"default_variation_attributes":[],"single_product_visibility":"visible","cart_visibility":"visible","order_visibility":"visible","single_product_price_visibility":"visible","cart_price_visibility":"visible","order_price_visibility":"visible","stock_status":"in_stock"}],"bundle_sell_ids":[],"acf":[],"yoast_head":"<!-- This site is optimized with the Yoast SEO plugin v27.0 - https:\/\/yoast.com\/product\/yoast-seo-wordpress\/ -->\n<title>Interi\u00f6rpaket | 6-delar - Xenonkungen<\/title>\n<meta name=\"robots\" content=\"index, follow, max-snippet:-1, max-image-preview:large, max-video-preview:-1\" \/>\n<link rel=\"canonical\" href=\"https:\/\/xenonkungen.com\/fi\/tuote\/sisustuspaketti-6-osaa\/\" \/>\n<meta property=\"og:locale\" content=\"fi_FI\" \/>\n<meta property=\"og:type\" content=\"article\" \/>\n<meta property=\"og:title\" content=\"Interi\u00f6rpaket | 6-delar - Xenonkungen\" \/>\n<meta property=\"og:description\" content=\"6-delars interi\u00f6rpaket F\u00f6r dig som vill f\u00e5 en perfekt interi\u00f6r p\u00e5 din bil, 6 olika produkter i ett och samma paket. Paketet inneh\u00e5ller: Carpet &amp; Interior Cleaner Kaffe, l\u00e4ppstift, olja eller andra sv\u00e5ra fl\u00e4ckar beh\u00f6ver inte sitta kvar i mattorna eller kl\u00e4dseln. Till skillnad fr\u00e5n andra reng\u00f6ringsmedel avl\u00e4gsnar Meguiar\u2019s Carpet and Interior Cleaner envisa bel\u00e4ggningar [&hellip;]\" \/>\n<meta property=\"og:url\" content=\"https:\/\/xenonkungen.com\/fi\/tuote\/sisustuspaketti-6-osaa\/\" \/>\n<meta property=\"og:site_name\" content=\"Xenonkungen\" \/>\n<meta property=\"article:modified_time\" content=\"2026-04-17T15:22:09+00:00\" \/>\n<meta property=\"og:image\" content=\"https:\/\/xenonkungen.com\/wp-content\/uploads\/2025\/05\/Interiorpaket.png\" \/>\n\t<meta property=\"og:image:width\" content=\"1000\" \/>\n\t<meta property=\"og:image:height\" content=\"1000\" \/>\n\t<meta property=\"og:image:type\" content=\"image\/png\" \/>\n<meta name=\"twitter:card\" content=\"summary_large_image\" \/>\n<meta name=\"twitter:label1\" content=\"Arvioitu lukuaika\" \/>\n\t<meta name=\"twitter:data1\" content=\"2 minuuttia\" \/>\n<script type=\"application\/ld+json\" class=\"yoast-schema-graph\">{\"@context\":\"https:\/\/schema.org\",\"@graph\":[{\"@type\":\"WebPage\",\"@id\":\"https:\/\/xenonkungen.com\/produkt\/interiorpaket-6-delar\/\",\"url\":\"https:\/\/xenonkungen.com\/produkt\/interiorpaket-6-delar\/\",\"name\":\"Interi\u00f6rpaket | 6-delar - Xenonkungen\",\"isPartOf\":{\"@id\":\"https:\/\/xenonkungen.com\/#website\"},\"primaryImageOfPage\":{\"@id\":\"https:\/\/xenonkungen.com\/produkt\/interiorpaket-6-delar\/#primaryimage\"},\"image\":{\"@id\":\"https:\/\/xenonkungen.com\/produkt\/interiorpaket-6-delar\/#primaryimage\"},\"thumbnailUrl\":\"https:\/\/xenonkungen.com\/wp-content\/uploads\/2025\/05\/Interiorpaket.png\",\"datePublished\":\"2025-05-20T08:06:03+00:00\",\"dateModified\":\"2026-04-17T15:22:09+00:00\",\"breadcrumb\":{\"@id\":\"https:\/\/xenonkungen.com\/produkt\/interiorpaket-6-delar\/#breadcrumb\"},\"inLanguage\":\"fi\",\"potentialAction\":[{\"@type\":\"ReadAction\",\"target\":[\"https:\/\/xenonkungen.com\/produkt\/interiorpaket-6-delar\/\"]}]},{\"@type\":\"ImageObject\",\"inLanguage\":\"fi\",\"@id\":\"https:\/\/xenonkungen.com\/produkt\/interiorpaket-6-delar\/#primaryimage\",\"url\":\"https:\/\/xenonkungen.com\/wp-content\/uploads\/2025\/05\/Interiorpaket.png\",\"contentUrl\":\"https:\/\/xenonkungen.com\/wp-content\/uploads\/2025\/05\/Interiorpaket.png\",\"width\":1000,\"height\":1000},{\"@type\":\"BreadcrumbList\",\"@id\":\"https:\/\/xenonkungen.com\/produkt\/interiorpaket-6-delar\/#breadcrumb\",\"itemListElement\":[{\"@type\":\"ListItem\",\"position\":1,\"name\":\"Hem\",\"item\":\"https:\/\/xenonkungen.com\/\"},{\"@type\":\"ListItem\",\"position\":2,\"name\":\"Shop\",\"item\":\"https:\/\/xenonkungen.com\/shop\/\"},{\"@type\":\"ListItem\",\"position\":3,\"name\":\"Interi\u00f6rpaket | 6-delar\"}]},{\"@type\":\"WebSite\",\"@id\":\"https:\/\/xenonkungen.com\/#website\",\"url\":\"https:\/\/xenonkungen.com\/\",\"name\":\"Xenonkungen\",\"description\":\"\",\"potentialAction\":[{\"@type\":\"SearchAction\",\"target\":{\"@type\":\"EntryPoint\",\"urlTemplate\":\"https:\/\/xenonkungen.com\/?s={search_term_string}\"},\"query-input\":{\"@type\":\"PropertyValueSpecification\",\"valueRequired\":true,\"valueName\":\"search_term_string\"}}],\"inLanguage\":\"fi\"}]}<\/script>\n<!-- \/ Yoast SEO plugin. -->","yoast_head_json":{"title":"Sisustuspaketti | 6-osainen - Xenon King","robots":{"index":"index","follow":"follow","max-snippet":"max-snippet:-1","max-image-preview":"max-image-preview:large","max-video-preview":"max-video-preview:-1"},"canonical":"https:\/\/xenonkungen.com\/fi\/tuote\/sisustuspaketti-6-osaa\/","og_locale":"fi_FI","og_type":"article","og_title":"Interi\u00f6rpaket | 6-delar - Xenonkungen","og_description":"6-delars interi\u00f6rpaket F\u00f6r dig som vill f\u00e5 en perfekt interi\u00f6r p\u00e5 din bil, 6 olika produkter i ett och samma paket. Paketet inneh\u00e5ller: Carpet &amp; Interior Cleaner Kaffe, l\u00e4ppstift, olja eller andra sv\u00e5ra fl\u00e4ckar beh\u00f6ver inte sitta kvar i mattorna eller kl\u00e4dseln. Till skillnad fr\u00e5n andra reng\u00f6ringsmedel avl\u00e4gsnar Meguiar\u2019s Carpet and Interior Cleaner envisa bel\u00e4ggningar [&hellip;]","og_url":"https:\/\/xenonkungen.com\/fi\/tuote\/sisustuspaketti-6-osaa\/","og_site_name":"Xenonkungen","article_modified_time":"2026-04-17T15:22:09+00:00","og_image":[{"width":1000,"height":1000,"url":"https:\/\/xenonkungen.com\/wp-content\/uploads\/2025\/05\/Interiorpaket.png","type":"image\/png"}],"twitter_card":"summary_large_image","twitter_misc":{"Arvioitu lukuaika":"2 minuuttia"},"schema":{"@context":"https:\/\/schema.org","@graph":[{"@type":"WebPage","@id":"https:\/\/xenonkungen.com\/produkt\/interiorpaket-6-delar\/","url":"https:\/\/xenonkungen.com\/produkt\/interiorpaket-6-delar\/","name":"Sisustuspaketti | 6-osainen - Xenon King","isPartOf":{"@id":"https:\/\/xenonkungen.com\/#website"},"primaryImageOfPage":{"@id":"https:\/\/xenonkungen.com\/produkt\/interiorpaket-6-delar\/#primaryimage"},"image":{"@id":"https:\/\/xenonkungen.com\/produkt\/interiorpaket-6-delar\/#primaryimage"},"thumbnailUrl":"https:\/\/xenonkungen.com\/wp-content\/uploads\/2025\/05\/Interiorpaket.png","datePublished":"2025-05-20T08:06:03+00:00","dateModified":"2026-04-17T15:22:09+00:00","breadcrumb":{"@id":"https:\/\/xenonkungen.com\/produkt\/interiorpaket-6-delar\/#breadcrumb"},"inLanguage":"fi","potentialAction":[{"@type":"ReadAction","target":["https:\/\/xenonkungen.com\/produkt\/interiorpaket-6-delar\/"]}]},{"@type":"ImageObject","inLanguage":"fi","@id":"https:\/\/xenonkungen.com\/produkt\/interiorpaket-6-delar\/#primaryimage","url":"https:\/\/xenonkungen.com\/wp-content\/uploads\/2025\/05\/Interiorpaket.png","contentUrl":"https:\/\/xenonkungen.com\/wp-content\/uploads\/2025\/05\/Interiorpaket.png","width":1000,"height":1000},{"@type":"BreadcrumbList","@id":"https:\/\/xenonkungen.com\/produkt\/interiorpaket-6-delar\/#breadcrumb","itemListElement":[{"@type":"ListItem","position":1,"name":"Hem","item":"https:\/\/xenonkungen.com\/"},{"@type":"ListItem","position":2,"name":"Shop","item":"https:\/\/xenonkungen.com\/shop\/"},{"@type":"ListItem","position":3,"name":"Interi\u00f6rpaket | 6-delar"}]},{"@type":"WebSite","@id":"https:\/\/xenonkungen.com\/#website","url":"https:\/\/xenonkungen.com\/","name":"Xenonkungen","description":"","potentialAction":[{"@type":"SearchAction","target":{"@type":"EntryPoint","urlTemplate":"https:\/\/xenonkungen.com\/?s={search_term_string}"},"query-input":{"@type":"PropertyValueSpecification","valueRequired":true,"valueName":"search_term_string"}}],"inLanguage":"fi"}]}},"taxonomy_info":{"anvandningsomrade":[{"value":2234,"label":"Alla"}],"bilmarken":[{"value":168,"label":"Alla"}],"product_brand":[{"value":2235,"label":"Meguiar's , Xenonkungen"}],"product_cat":[{"value":2188,"label":"Bilv\u00e5rdpaket"},{"value":378,"label":"Bilv\u00e5rd"}],"product_tag":[{"value":2726,"label":"produktpaket"}]},"featured_image_src_large":["https:\/\/xenonkungen.com\/wp-content\/uploads\/2025\/05\/Interiorpaket.png",1000,1000,false],"author_info":[],"comment_info":0,"_links":{"self":[{"href":"https:\/\/xenonkungen.com\/fi\/wp-json\/wp\/v2\/product\/9676","targetHints":{"allow":["GET"]}}],"collection":[{"href":"https:\/\/xenonkungen.com\/fi\/wp-json\/wp\/v2\/product"}],"about":[{"href":"https:\/\/xenonkungen.com\/fi\/wp-json\/wp\/v2\/types\/product"}],"replies":[{"embeddable":true,"href":"https:\/\/xenonkungen.com\/fi\/wp-json\/wp\/v2\/comments?post=9676"}],"wp:featuredmedia":[{"embeddable":true,"href":"https:\/\/xenonkungen.com\/fi\/wp-json\/wp\/v2\/media\/10168"}],"wp:attachment":[{"href":"https:\/\/xenonkungen.com\/fi\/wp-json\/wp\/v2\/media?parent=9676"}],"wp:term":[{"taxonomy":"anvandningsomrade","embeddable":true,"href":"https:\/\/xenonkungen.com\/fi\/wp-json\/wp\/v2\/anvandningsomrade?post=9676"},{"taxonomy":"bilmarken","embeddable":true,"href":"https:\/\/xenonkungen.com\/fi\/wp-json\/wp\/v2\/bilmarken?post=9676"},{"taxonomy":"product_brand","embeddable":true,"href":"https:\/\/xenonkungen.com\/fi\/wp-json\/wp\/v2\/product_brand?post=9676"},{"taxonomy":"product_cat","embeddable":true,"href":"https:\/\/xenonkungen.com\/fi\/wp-json\/wp\/v2\/product_cat?post=9676"},{"taxonomy":"product_tag","embeddable":true,"href":"https:\/\/xenonkungen.com\/fi\/wp-json\/wp\/v2\/product_tag?post=9676"}],"curies":[{"name":"wp","href":"https:\/\/api.w.org\/{rel}","templated":true}]}}