{"id":978,"date":"2025-04-15T08:38:06","date_gmt":"2025-04-15T08:38:06","guid":{"rendered":"https:\/\/xenonkungen.com\/product\/luxtar-ledramp-s32-drl-192w\/"},"modified":"2026-05-08T15:41:58","modified_gmt":"2026-05-08T14:41:58","slug":"luxtar-led-valo-s32-paivaajovalot-192w","status":"publish","type":"product","link":"https:\/\/xenonkungen.com\/fi\/tuote\/luxtar-led-valo-s32-paivaajovalot-192w\/","title":{"rendered":"LUXTAR\u00ae Ledramp S32 DRL | 192W <85cm>"},"content":{"rendered":"<p>Luxtar S-sarjan S32 Dual Edition on mielest\u00e4mme yksi markkinoiden ter\u00e4vimmist\u00e4 rampeista, ja siin\u00e4 on todella hieno muotoilu.<\/p>\n<p>Tehokkaan 12 W:n sirun ansiosta se tuottaa 1 luksia reilusti yli 450 metrin et\u00e4isyydelle ja tarjoaa samalla todella hyv\u00e4n valonleveyden.<\/p>\n<p>Luxtar S32 Dual Edition on rakennettu alumiinista, ja sen muotoilu on uskomattoman aerodynaaminen, jotta se ei aiheuttaisi turbulenssia ja melua ajaessa. Jauhemaalattu runko ja polykarbonaattilinssi auttavat varmistamaan, ettei sinun tarvitse huolehtia rampin ulkon\u00e4\u00f6n turhasta kulumisesta.<\/p>\n<p>Integroitu asennonvalo antaa tyylikk\u00e4\u00e4n ulkon\u00e4\u00f6n. Rampissa on sek\u00e4 keltainen (oranssi) ett\u00e4 valkoinen asentovalo, joten voit valita oman makusi mukaan!<\/p>\n<p>Luiskan mukana toimitetaan sek\u00e4 alareunan kiinnikkeet ett\u00e4 sivukannattimet. N\u00e4in se on helppo asentaa usealla eri tavalla.<\/p>","protected":false},"excerpt":{"rendered":"<p>Luxtar S-Series 32 Dual Edition on t\u00e4ydellinen ramppi, jossa yhdistyv\u00e4t hyv\u00e4 suorituskyky ja tyylik\u00e4s muotoilu!<\/p>","protected":false},"featured_media":2486,"comment_status":"closed","ping_status":"closed","template":"","meta":{"_acf_changed":false,"_smort_price_nok":"1736","_smort_price_dkk":"2168","_smort_price_eur":"290.44","_smort_sale_price_nok":"1736","_smort_sale_price_dkk":"","_smort_sale_price_eur":"174.08","smort_restorder":"","shipmondo_restorder":"","_kad_blocks_custom_css":"","_kad_blocks_head_custom_js":"","_kad_blocks_body_custom_js":"","_kad_blocks_footer_custom_js":"","smort_custom_pricelist_1":"2044.8","smort_custom_pricelist_2":"1789.2","smort_custom_pricelist_3":"1699.74","smort_custom_pricelist_4":"2556","smort_custom_pricelist_5":"1789.2"},"anvandningsomrade":[],"bilmarken":[],"product_brand":[103],"product_cat":[2966,2539,2826,2540,1402],"product_tag":[],"class_list":{"0":"post-978","1":"product","2":"type-product","3":"status-publish","4":"has-post-thumbnail","6":"product_brand-luxtar","7":"product_cat-ledramp-rak","8":"product_cat-ledramper","9":"product_cat-luxtar","10":"product_cat-luxtar-s-serie","11":"product_cat-outlet","12":"pa_faktisk-effekts-forbrukning-315","13":"pa_fargtemperatur-6000k","14":"pa_fuktskydd-varde-ipxx-ip68","15":"pa_godkannande-e9","16":"pa_lampsockel-kontakt-9006-hb4","17":"pa_led-chips-effekt-w-314","18":"pa_ljusbild-flood","19":"pa_storlek-mm-845x50x65","20":"pa_stromforbrukning-104a12v","21":"pa_stromforbrukning-52a24v","22":"pa_volt-v-12-24","24":"first","25":"instock","26":"taxable","27":"shipping-taxable","28":"purchasable","29":"product-type-simple"},"bundled_by":[],"bundle_stock_status":"instock","bundle_stock_quantity":113,"bundle_virtual":false,"bundle_layout":"","bundle_add_to_cart_form_location":"","bundle_editable_in_cart":false,"bundle_sold_individually_context":"","bundle_item_grouping":"","bundle_min_size":"","bundle_max_size":"","bundle_price":[],"bundled_items":[],"bundle_sell_ids":[],"acf":[],"yoast_head":"<!-- This site is optimized with the Yoast SEO plugin v27.0 - https:\/\/yoast.com\/product\/yoast-seo-wordpress\/ -->\n<title>LUXTAR\u00ae Ledramp S32 DRL | 192W  - Xenonkungen<\/title>\n<meta name=\"robots\" content=\"index, follow, max-snippet:-1, max-image-preview:large, max-video-preview:-1\" \/>\n<link rel=\"canonical\" href=\"https:\/\/xenonkungen.com\/fi\/tuote\/luxtar-led-valo-s32-paivaajovalot-192w\/\" \/>\n<meta property=\"og:locale\" content=\"fi_FI\" \/>\n<meta property=\"og:type\" content=\"article\" \/>\n<meta property=\"og:title\" content=\"LUXTAR\u00ae Ledramp S32 DRL | 192W  - Xenonkungen\" \/>\n<meta property=\"og:description\" content=\"Luxtar S-Series 32 Dual Edition \u00e4r den perfekta rampen som kombinerar fantastisk prestanda med snygg design!\" \/>\n<meta property=\"og:url\" content=\"https:\/\/xenonkungen.com\/fi\/tuote\/luxtar-led-valo-s32-paivaajovalot-192w\/\" \/>\n<meta property=\"og:site_name\" content=\"Xenonkungen\" \/>\n<meta property=\"article:modified_time\" content=\"2026-05-08T14:41:58+00:00\" \/>\n<meta property=\"og:image\" content=\"https:\/\/xenonkungen.com\/wp-content\/uploads\/2025\/04\/192940214-origpic-4aae65-1.png\" \/>\n\t<meta property=\"og:image:width\" content=\"1000\" \/>\n\t<meta property=\"og:image:height\" content=\"695\" \/>\n\t<meta property=\"og:image:type\" content=\"image\/png\" \/>\n<meta name=\"twitter:card\" content=\"summary_large_image\" \/>\n<meta name=\"twitter:label1\" content=\"Arvioitu lukuaika\" \/>\n\t<meta name=\"twitter:data1\" content=\"1 minuutti\" \/>\n<script type=\"application\/ld+json\" class=\"yoast-schema-graph\">{\"@context\":\"https:\/\/schema.org\",\"@graph\":[{\"@type\":\"WebPage\",\"@id\":\"https:\/\/xenonkungen.com\/produkt\/luxtar-ledramp-s32-drl-192w\/\",\"url\":\"https:\/\/xenonkungen.com\/produkt\/luxtar-ledramp-s32-drl-192w\/\",\"name\":\"LUXTAR\u00ae Ledramp S32 DRL | 192W - Xenonkungen\",\"isPartOf\":{\"@id\":\"https:\/\/xenonkungen.com\/#website\"},\"primaryImageOfPage\":{\"@id\":\"https:\/\/xenonkungen.com\/produkt\/luxtar-ledramp-s32-drl-192w\/#primaryimage\"},\"image\":{\"@id\":\"https:\/\/xenonkungen.com\/produkt\/luxtar-ledramp-s32-drl-192w\/#primaryimage\"},\"thumbnailUrl\":\"https:\/\/xenonkungen.com\/wp-content\/uploads\/2025\/04\/192940214-origpic-4aae65-1.png\",\"datePublished\":\"2025-04-15T08:38:06+00:00\",\"dateModified\":\"2026-05-08T14:41:58+00:00\",\"breadcrumb\":{\"@id\":\"https:\/\/xenonkungen.com\/produkt\/luxtar-ledramp-s32-drl-192w\/#breadcrumb\"},\"inLanguage\":\"fi\",\"potentialAction\":[{\"@type\":\"ReadAction\",\"target\":[\"https:\/\/xenonkungen.com\/produkt\/luxtar-ledramp-s32-drl-192w\/\"]}]},{\"@type\":\"ImageObject\",\"inLanguage\":\"fi\",\"@id\":\"https:\/\/xenonkungen.com\/produkt\/luxtar-ledramp-s32-drl-192w\/#primaryimage\",\"url\":\"https:\/\/xenonkungen.com\/wp-content\/uploads\/2025\/04\/192940214-origpic-4aae65-1.png\",\"contentUrl\":\"https:\/\/xenonkungen.com\/wp-content\/uploads\/2025\/04\/192940214-origpic-4aae65-1.png\",\"width\":1000,\"height\":695},{\"@type\":\"BreadcrumbList\",\"@id\":\"https:\/\/xenonkungen.com\/produkt\/luxtar-ledramp-s32-drl-192w\/#breadcrumb\",\"itemListElement\":[{\"@type\":\"ListItem\",\"position\":1,\"name\":\"Hem\",\"item\":\"https:\/\/xenonkungen.com\/\"},{\"@type\":\"ListItem\",\"position\":2,\"name\":\"Shop\",\"item\":\"https:\/\/xenonkungen.com\/shop\/\"},{\"@type\":\"ListItem\",\"position\":3,\"name\":\"LUXTAR\u00ae Ledramp S32 DRL | 192W\"}]},{\"@type\":\"WebSite\",\"@id\":\"https:\/\/xenonkungen.com\/#website\",\"url\":\"https:\/\/xenonkungen.com\/\",\"name\":\"Xenonkungen\",\"description\":\"\",\"potentialAction\":[{\"@type\":\"SearchAction\",\"target\":{\"@type\":\"EntryPoint\",\"urlTemplate\":\"https:\/\/xenonkungen.com\/?s={search_term_string}\"},\"query-input\":{\"@type\":\"PropertyValueSpecification\",\"valueRequired\":true,\"valueName\":\"search_term_string\"}}],\"inLanguage\":\"fi\"}]}<\/script>\n<!-- \/ Yoast SEO plugin. -->","yoast_head_json":{"title":"LUXTAR\u00ae LED-ramppi S32 DRL | 192W - Xenon-kuningas","robots":{"index":"index","follow":"follow","max-snippet":"max-snippet:-1","max-image-preview":"max-image-preview:large","max-video-preview":"max-video-preview:-1"},"canonical":"https:\/\/xenonkungen.com\/fi\/tuote\/luxtar-led-valo-s32-paivaajovalot-192w\/","og_locale":"fi_FI","og_type":"article","og_title":"LUXTAR\u00ae Ledramp S32 DRL | 192W  - Xenonkungen","og_description":"Luxtar S-Series 32 Dual Edition \u00e4r den perfekta rampen som kombinerar fantastisk prestanda med snygg design!","og_url":"https:\/\/xenonkungen.com\/fi\/tuote\/luxtar-led-valo-s32-paivaajovalot-192w\/","og_site_name":"Xenonkungen","article_modified_time":"2026-05-08T14:41:58+00:00","og_image":[{"width":1000,"height":695,"url":"https:\/\/xenonkungen.com\/wp-content\/uploads\/2025\/04\/192940214-origpic-4aae65-1.png","type":"image\/png"}],"twitter_card":"summary_large_image","twitter_misc":{"Arvioitu lukuaika":"1 minuutti"},"schema":{"@context":"https:\/\/schema.org","@graph":[{"@type":"WebPage","@id":"https:\/\/xenonkungen.com\/produkt\/luxtar-ledramp-s32-drl-192w\/","url":"https:\/\/xenonkungen.com\/produkt\/luxtar-ledramp-s32-drl-192w\/","name":"LUXTAR\u00ae LED-ramppi S32 DRL | 192W - Xenon-kuningas","isPartOf":{"@id":"https:\/\/xenonkungen.com\/#website"},"primaryImageOfPage":{"@id":"https:\/\/xenonkungen.com\/produkt\/luxtar-ledramp-s32-drl-192w\/#primaryimage"},"image":{"@id":"https:\/\/xenonkungen.com\/produkt\/luxtar-ledramp-s32-drl-192w\/#primaryimage"},"thumbnailUrl":"https:\/\/xenonkungen.com\/wp-content\/uploads\/2025\/04\/192940214-origpic-4aae65-1.png","datePublished":"2025-04-15T08:38:06+00:00","dateModified":"2026-05-08T14:41:58+00:00","breadcrumb":{"@id":"https:\/\/xenonkungen.com\/produkt\/luxtar-ledramp-s32-drl-192w\/#breadcrumb"},"inLanguage":"fi","potentialAction":[{"@type":"ReadAction","target":["https:\/\/xenonkungen.com\/produkt\/luxtar-ledramp-s32-drl-192w\/"]}]},{"@type":"ImageObject","inLanguage":"fi","@id":"https:\/\/xenonkungen.com\/produkt\/luxtar-ledramp-s32-drl-192w\/#primaryimage","url":"https:\/\/xenonkungen.com\/wp-content\/uploads\/2025\/04\/192940214-origpic-4aae65-1.png","contentUrl":"https:\/\/xenonkungen.com\/wp-content\/uploads\/2025\/04\/192940214-origpic-4aae65-1.png","width":1000,"height":695},{"@type":"BreadcrumbList","@id":"https:\/\/xenonkungen.com\/produkt\/luxtar-ledramp-s32-drl-192w\/#breadcrumb","itemListElement":[{"@type":"ListItem","position":1,"name":"Hem","item":"https:\/\/xenonkungen.com\/"},{"@type":"ListItem","position":2,"name":"Shop","item":"https:\/\/xenonkungen.com\/shop\/"},{"@type":"ListItem","position":3,"name":"LUXTAR\u00ae Ledramp S32 DRL | 192W"}]},{"@type":"WebSite","@id":"https:\/\/xenonkungen.com\/#website","url":"https:\/\/xenonkungen.com\/","name":"Xenonkungen","description":"","potentialAction":[{"@type":"SearchAction","target":{"@type":"EntryPoint","urlTemplate":"https:\/\/xenonkungen.com\/?s={search_term_string}"},"query-input":{"@type":"PropertyValueSpecification","valueRequired":true,"valueName":"search_term_string"}}],"inLanguage":"fi"}]}},"taxonomy_info":{"product_brand":[{"value":103,"label":"LUXTAR"}],"product_cat":[{"value":2966,"label":"Ledramp Rak"},{"value":2539,"label":"LEDRAMPER"},{"value":2826,"label":"LUXTAR"},{"value":2540,"label":"Luxtar S-Serie"},{"value":1402,"label":"Outlet"}],"pa_faktisk-effekts-forbrukning":[{"value":315,"label":"125"}],"pa_fargtemperatur":[{"value":188,"label":"6000K"}],"pa_fuktskydd-varde-ipxx":[{"value":177,"label":"IP68"}],"pa_godkannande":[{"value":818,"label":"E9"}],"pa_lampsockel-kontakt":[{"value":326,"label":"9006 , HB4"}],"pa_led-chips-effekt-w":[{"value":314,"label":"192"}],"pa_ljusbild":[{"value":503,"label":"FLOOD"}],"pa_storlek-mm":[{"value":819,"label":"845x50x65"}],"pa_stromforbrukning":[{"value":820,"label":"10,4A@12V"},{"value":821,"label":"5,2A@24V"}],"pa_volt-v":[{"value":348,"label":"12, 24"}]},"featured_image_src_large":["https:\/\/xenonkungen.com\/wp-content\/uploads\/2025\/04\/192940214-origpic-4aae65-1.png",1000,695,false],"author_info":[],"comment_info":0,"_links":{"self":[{"href":"https:\/\/xenonkungen.com\/fi\/wp-json\/wp\/v2\/product\/978","targetHints":{"allow":["GET"]}}],"collection":[{"href":"https:\/\/xenonkungen.com\/fi\/wp-json\/wp\/v2\/product"}],"about":[{"href":"https:\/\/xenonkungen.com\/fi\/wp-json\/wp\/v2\/types\/product"}],"replies":[{"embeddable":true,"href":"https:\/\/xenonkungen.com\/fi\/wp-json\/wp\/v2\/comments?post=978"}],"wp:featuredmedia":[{"embeddable":true,"href":"https:\/\/xenonkungen.com\/fi\/wp-json\/wp\/v2\/media\/2486"}],"wp:attachment":[{"href":"https:\/\/xenonkungen.com\/fi\/wp-json\/wp\/v2\/media?parent=978"}],"wp:term":[{"taxonomy":"anvandningsomrade","embeddable":true,"href":"https:\/\/xenonkungen.com\/fi\/wp-json\/wp\/v2\/anvandningsomrade?post=978"},{"taxonomy":"bilmarken","embeddable":true,"href":"https:\/\/xenonkungen.com\/fi\/wp-json\/wp\/v2\/bilmarken?post=978"},{"taxonomy":"product_brand","embeddable":true,"href":"https:\/\/xenonkungen.com\/fi\/wp-json\/wp\/v2\/product_brand?post=978"},{"taxonomy":"product_cat","embeddable":true,"href":"https:\/\/xenonkungen.com\/fi\/wp-json\/wp\/v2\/product_cat?post=978"},{"taxonomy":"product_tag","embeddable":true,"href":"https:\/\/xenonkungen.com\/fi\/wp-json\/wp\/v2\/product_tag?post=978"}],"curies":[{"name":"wp","href":"https:\/\/api.w.org\/{rel}","templated":true}]}}