{"id":15632,"date":"2025-10-15T11:55:33","date_gmt":"2025-10-15T11:55:33","guid":{"rendered":"https:\/\/xenonkungen.com\/?page_id=15632"},"modified":"2026-02-23T21:53:13","modified_gmt":"2026-02-23T20:53:13","slug":"gemonteerd-en-klaar-voor-gebruik","status":"publish","type":"page","link":"https:\/\/xenonkungen.com\/nl\/gemonteerd-en-klaar-voor-gebruik\/","title":{"rendered":"Gemonteerd en klaar"},"content":{"rendered":"<style>.kb-row-layout-id15632_d7ea69-b2 > .kt-row-column-wrap{align-content:start;}:where(.kb-row-layout-id15632_d7ea69-b2 > .kt-row-column-wrap) > .wp-block-kadence-column{justify-content:start;}.kb-row-layout-id15632_d7ea69-b2 > .kt-row-column-wrap{column-gap:var(--global-kb-gap-md, 2rem);row-gap:var(--global-kb-gap-md, 2rem);padding-top:var(--global-kb-spacing-sm, 1.5rem);padding-right:var(--global-kb-spacing-sm, 1.5rem);padding-bottom:var(--global-kb-spacing-sm, 1.5rem);padding-left:var(--global-kb-spacing-sm, 1.5rem);grid-template-columns:minmax(0, 1fr);}.kb-row-layout-id15632_d7ea69-b2 > .kt-row-layout-overlay{opacity:0.30;}@media all and (max-width: 1024px){.kb-row-layout-id15632_d7ea69-b2 > .kt-row-column-wrap{grid-template-columns:minmax(0, 1fr);}}@media all and (max-width: 767px){.kb-row-layout-id15632_d7ea69-b2 > .kt-row-column-wrap{grid-template-columns:minmax(0, 1fr);}}<\/style><div class=\"kb-row-layout-wrap kb-row-layout-id15632_d7ea69-b2 alignnone wp-block-kadence-rowlayout\"><div class=\"kt-row-column-wrap kt-has-1-columns kt-row-layout-equal kt-tab-layout-inherit kt-mobile-layout-row kt-row-valign-top\">\n<style>.kadence-column15632_751098-de > .kt-inside-inner-col,.kadence-column15632_751098-de > .kt-inside-inner-col:before{border-top-left-radius:0px;border-top-right-radius:0px;border-bottom-right-radius:0px;border-bottom-left-radius:0px;}.kadence-column15632_751098-de > .kt-inside-inner-col{column-gap:var(--global-kb-gap-sm, 1rem);}.kadence-column15632_751098-de > .kt-inside-inner-col{flex-direction:column;}.kadence-column15632_751098-de > .kt-inside-inner-col > .aligncenter{width:100%;}.kadence-column15632_751098-de > .kt-inside-inner-col:before{opacity:0.3;}.kadence-column15632_751098-de{position:relative;}@media all and (max-width: 1024px){.kadence-column15632_751098-de > .kt-inside-inner-col{flex-direction:column;}}@media all and (max-width: 767px){.kadence-column15632_751098-de > .kt-inside-inner-col{flex-direction:column;}}<\/style>\n<div class=\"wp-block-kadence-column kadence-column15632_751098-de\"><div class=\"kt-inside-inner-col\"><h1 class=\"wp-block-heading has-text-align-center has-x-large-font-size\">Gemonteerd en klaar<\/h1>\n\n<h2 class=\"wp-block-heading has-text-align-center has-large-font-size\">Installatie van extra verlichting, LED-hellingen en LED-ombouw in Kungsbacka<\/h2>\n\n<p class=\"has-text-align-center\">Wij installeren wat u koopt. Heeft u hulp nodig bij het kiezen van het juiste product of advies over hoe u betere verlichting kunt krijgen? Bel ons op <a href=\"tel:030030860\">0300-308 60<\/a> We zullen het dus samen doornemen.<\/p>\n\n<p class=\"has-text-align-center\">Als u het product en de montage samen koopt, ontvangt u altijd 20% op de verpakking. De garantie op de montage is geldig gedurende dezelfde periode als het product.<\/p>\n\n<p class=\"has-text-align-center\">Maak hieronder een afspraak of <a href=\"https:\/\/xenonkungen.com\/kontakt-support\/\">Offerteaanvraag indienen<\/a> \u2013 Wij reageren binnen 24 uur met een vaste prijsopgave.<\/p><\/div><\/div>\n<\/div><\/div>\n<div id=\"smk-booking-container\">\n    <div class=\"smk-workshop-select-container\">\n        <h2>Workshop<\/h2>\n        <p>De werkplaats naast onze winkel bevindt zich op Arendalsv\u00e4gen 39 in Kungsbacka. U bent van harte welkom om een werkplek te lenen of in de wachtruimte plaats te nemen terwijl wij de werkplaats inrichten. Hede Fashion is vlakbij gevestigd, mocht u daar gebruik van willen maken.<\/p>\n        <p>Arendalsv\u00e4gen 41, 434 39 Kungsbacka<\/p>\n    <\/div>\n    <div id=\"smk-calendar-navigation\">\n        <button id=\"smk-prev-month\" class=\"smk-nav-btn\"><svg xmlns=\"http:\/\/www.w3.org\/2000\/svg\" width=\"24\" height=\"24\" viewbox=\"0 0 24 24\" fill=\"none\" stroke=\"#fff\" stroke-width=\"3\" stroke-linecap=\"round\" stroke-linejoin=\"round\" class=\"feather feather-chevron-down\">\n                <polyline points=\"6 9 12 15 18 9\"><\/polyline>\n            <\/svg><\/button>\n        <h3 id=\"smk-current-month-year\"><\/h3>\n        <button id=\"smk-next-month\" class=\"smk-nav-btn\"><svg xmlns=\"http:\/\/www.w3.org\/2000\/svg\" width=\"24\" height=\"24\" viewbox=\"0 0 24 24\" fill=\"none\" stroke=\"#fff\" stroke-width=\"3\" stroke-linecap=\"round\" stroke-linejoin=\"round\" class=\"feather feather-chevron-down\">\n                <polyline points=\"6 9 12 15 18 9\"><\/polyline>\n            <\/svg><\/button>\n    <\/div>\n\n    <div id=\"smk-calendar-grid\">\n        <div class=\"smk-calendar-header\">\n            <div class=\"smk-day-header\">M<\/div>\n            <div class=\"smk-day-header\">T<\/div>\n            <div class=\"smk-day-header\">O<\/div>\n            <div class=\"smk-day-header\">T<\/div>\n            <div class=\"smk-day-header\">F<\/div>\n            <div class=\"smk-day-header\">L<\/div>\n            <div class=\"smk-day-header\">S<\/div>\n        <\/div>\n        <div id=\"smk-calendar-days\"><\/div>\n    <\/div>\n\n\n    <!-- Modal f\u00f6r tidsval -->\n    <div id=\"smk-time-modal\" class=\"smk-modal\" style=\"display: none;\">\n        <div class=\"smk-modal-content\">\n            <span class=\"smk-close\">\u00d7<\/span>\n            <h3>Kies een tijdstip voor: <span id=\"smk-selected-date\"><\/span><\/h3>\n            <div id=\"smk-available-times\"><\/div>\n        <\/div>\n    <\/div>\n\n    <!-- Modal f\u00f6r bokningsformul\u00e4r -->\n    <div id=\"smk-booking-modal\" class=\"smk-modal\" style=\"display: none;\">\n        <div class=\"smk-modal-content\">\n            <span class=\"smk-close\">\u00d7<\/span>\n\n            <h3>Maak een afspraak<\/h3>\n            <p><strong>Datum:<\/strong> <span id=\"smk-booking-date\"><\/span><\/p>\n            <p><strong>Tijd:<\/strong> <span id=\"smk-booking-time\"><\/span><\/p>\n\n            <form id=\"smk-booking-form\" action=\"\">\n                <div class=\"smk-form-group\">\n                    <label for=\"smk-customer-name\">Naam van de organisatie<\/label>\n                    <input type=\"text\" id=\"smk-customer-name\" name=\"name\" required>\n                <\/div>\n\n                <div class=\"smk-form-group\">\n                    <label for=\"smk-customer-email\">E-mail<\/label>\n                    <input type=\"email\" id=\"smk-customer-email\" name=\"email\" required>\n                <\/div>\n\n                <div class=\"smk-form-group\">\n                    <label for=\"smk-customer-phone\">Telefoon<\/label>\n                    <input type=\"tel\" id=\"smk-customer-phone\" name=\"phone\" pattern=\"^(\\+46|0)[0-9\\s\\-]{8,15}$\" title=\"Voer een geldig Zweeds telefoonnummer in (bijv. 070-123 45 67 of +46 70 123 45 67)\">\n                <\/div>\n\n                <div class=\"smk-form-group\">\n                    <label for=\"smk-customer-regnumber\">Registratienummer<\/label>\n                    <input type=\"text\" id=\"smk-customer-regnumber\" name=\"regnumber\" placeholder=\"ABC 123\">\n                <\/div>\n\n                <div class=\"smk-form-group\">\n                    <label for=\"smk-customer-products\">Aangekochte producten \/ Wat te installeren<\/label>\n                    <textarea id=\"smk-customer-products\" name=\"products\" rows=\"3\" placeholder=\"Heeft u al eerder producten bij ons gekocht of heeft u uw eigen producten? Schrijf dan bijvoorbeeld &quot;Luxtar Twilight&quot;. Heeft u nog geen producten bij ons gekocht? Dan helpen we u natuurlijk graag bij het kiezen van het juiste product.\"><\/textarea>\n                <\/div>\n\n                <div class=\"smk-form-group\">\n                    <label for=\"smk-customer-message\">Overige informatie<\/label>\n                    <textarea id=\"smk-customer-message\" name=\"message\" rows=\"3\" placeholder=\"Andere informatie die handig kan zijn om te weten, bijvoorbeeld als u op de gewenste plek wilt wachten, speciale verzoeken hebt, etc.\"><\/textarea>\n                <\/div>\n\n                <div class=\"smk-form-actions\">\n                    <button type=\"button\" id=\"smk-cancel-booking\" class=\"smk-btn smk-btn-secondary\">Annuleren<\/button>\n                    <button type=\"submit\" class=\"smk-btn smk-btn-primary\">Boek<\/button>\n                <\/div>\n            <input type=\"hidden\" name=\"trp-form-language\" value=\"nl\"\/><\/form>\n        <\/div>\n    <\/div>\n\n    <!-- Meddelanden -->\n    <div id=\"smk-messages\"><\/div>\n<\/div><style>\n            .smk-price-list {\n                max-width:1000px;\n                margin: 48px auto;\n                padding:0 1rem;\n            }\n            .smk-price-list h3 {\n                color: #ff5e00;\n                border-bottom: 2px solid #538473;\n                padding-bottom: 10px;\n                margin-bottom: 15px;\n            }\n            .smk-price-table-wrapper {\n                overflow-X: auto;\n            }\n            .smk-price-table {\n                width: 100%;\n                border-collapse: collapse;\n                margin: 15px 0;\n                font-size: 14px;\n                box-shadow: 0 2px 4px rgba(0,0,0,0.1);\n\n            }\n            .smk-price-table th,\n            .smk-price-table td {\n                border: 1px solid #ddd;\n                padding: 12px 8px;\n                text-align: left;\n            }\n            .smk-price-table th {\n                background-color: #ff5e00;\n                color: white;\n                font-weight: bold;\n                font-size: 12px;\n            }\n            .smk-price-table tr:nth-child(even) {\n                background-color: #f9f9f9;\n            }\n            .smk-price-table tr:hover {\n                background-color: #f0f8f0;\n            }\n            .smk-price-note {\n                font-style: italic;\n                color: #666;\n                margin: 10px 0;\n                font-size: 13px;\n            }\n        <\/style><div class=\"smk-price-list\"><h2>Prijslijst - Gemonteerd en klaar voor gebruik<\/h2><h3>Gemonteerd en klaar voor gebruik - LED-helling<\/h3><div class=\"smk-price-table-wrapper\"><table class=\"smk-price-table\"><thead><tr><th>Product<\/th><th>Personenwagen<\/th><th>Alle soorten elektrische\/hybride auto&#039;s<\/th><th>Ophalen en vervoeren<\/th><th>Minibus &amp; bestelwagen<\/th><th>Vrachtwagens, bussen en andere voertuigen<\/th><\/tr><\/thead><tbody><tr><td>Luxtar Schemering<\/td><td>2495<\/td><td>3995<\/td><td>2495<\/td><td>2495<\/td><td>Neem contact met ons op voor een offerte<\/td><\/tr><tr><td>Luxtar S-serie<\/td><td>2495<\/td><td>3995<\/td><td>2495<\/td><td>2495<\/td><td>Neem contact met ons op voor een offerte<\/td><\/tr><tr><td>Luxtar X-Serie<\/td><td>2495<\/td><td>3995<\/td><td>2495<\/td><td>2495<\/td><td>Neem contact met ons op voor een offerte<\/td><\/tr><tr><td>OPTIBEAM SUPERKAPITEIN<\/td><td>2495<\/td><td>3995<\/td><td>2495<\/td><td>2495<\/td><td>Neem contact met ons op voor een offerte<\/td><\/tr><tr><td>OSRAM LEDRIVING\u00ae<\/td><td>2495<\/td><td>3995<\/td><td>2495<\/td><td>2495<\/td><td>Neem contact met ons op voor een offerte<\/td><\/tr><tr><td>NBB Alpha<\/td><td>2495<\/td><td>3995<\/td><td>2495<\/td><td>2495<\/td><td>Neem contact met ons op voor een offerte<\/td><\/tr><\/tbody><\/table><\/div><p class=\"smk-price-note\">De prijzen gelden voor opbouwmontage. Voor inbouwmontage wordt een toeslag van 495 Zweedse kronen in rekening gebracht. Staat uw LED-ramp niet in de prijslijst of twijfelt u hierover, neem dan gerust contact met ons op via bokning@xenonkungen.se voor een offerte.<\/p><h3>Extra verlichting (opbouw)<\/h3><div class=\"smk-price-table-wrapper\"><table class=\"smk-price-table\"><thead><tr><th>Product<\/th><th>Personenwagen<\/th><th>Alle soorten elektrische\/hybride auto&#039;s<\/th><th>Ophalen en vervoeren<\/th><th>Minibus &amp; bestelwagen<\/th><th>Vrachtwagens, bussen en andere voertuigen<\/th><\/tr><\/thead><tbody><tr><td>Luxtar Stellar<\/td><td>3749<\/td><td>3749<\/td><td>3749<\/td><td>3749<\/td><td>Neem contact met ons op voor een offerte<\/td><\/tr><tr><td>W9 Phoenix<\/td><td>3749<\/td><td>3749<\/td><td>3749<\/td><td>3749<\/td><td>Neem contact met ons op voor een offerte<\/td><\/tr><tr><td>NBB Alpha<\/td><td>3749<\/td><td>3749<\/td><td>3749<\/td><td>3749<\/td><td>Neem contact met ons op voor een offerte<\/td><\/tr><tr><td>Optibeam<\/td><td>3749<\/td><td>3749<\/td><td>3749<\/td><td>3749<\/td><td>Neem contact met ons op voor een offerte<\/td><\/tr><tr><td>Briodlights<\/td><td>3749<\/td><td>3749<\/td><td>3749<\/td><td>3749<\/td><td>Neem contact met ons op voor een offerte<\/td><\/tr><tr><td>Lazer<\/td><td>3749<\/td><td>3749<\/td><td>3749<\/td><td>3749<\/td><td>Neem contact met ons op voor een offerte<\/td><\/tr><tr><td>Osram LED-driver<\/td><td>3749<\/td><td>3749<\/td><td>3749<\/td><td>3749<\/td><td>Neem contact met ons op voor een offerte<\/td><\/tr><tr><td>Oz<\/td><td>3749<\/td><td>3749<\/td><td>3749<\/td><td>3749<\/td><td>Neem contact met ons op voor een offerte<\/td><\/tr><\/tbody><\/table><\/div><p class=\"smk-price-note\">Prijzen gelden voor opbouw ronde extra verlichting. Voor inbouw\/inbouw kunt u contact met ons opnemen voor een offerte.<\/p><h3>Gezamenlijke conversie<\/h3><div class=\"smk-price-table-wrapper\"><table class=\"smk-price-table\"><thead><tr><th>Product<\/th><th>Personenwagen<\/th><th>Alle soorten elektrische\/hybride auto&#039;s<\/th><th>Ophalen en vervoeren<\/th><th>Minibus &amp; bestelwagen<\/th><th>Vrachtwagens, bussen en andere voertuigen<\/th><\/tr><\/thead><tbody><tr><td>Gezamenlijke ombouw alle typen<\/td><td>1250<\/td><td>1250<\/td><td>1250<\/td><td>1250<\/td><td>1250<\/td><\/tr><\/tbody><\/table><\/div><p class=\"smk-price-note\">Geldt voor alle soorten voertuigen en lichte ombouw<\/p><div class=\"smk-price-note\"><strong>De prijzen gelden voor standaard opbouwmontage. Voor inbouwmontage of speciale installaties geldt een toeslag van 495 SEK of is een offerte vereist.<\/strong>\r\n\r\n<em>Uiteraard installeren wij ook andere producten en combinaties (bv. LED-ramp + extra verlichting).<\/em>\r\n\r\n<strong>Neem gerust contact met ons op, wij vinden altijd een oplossing die bij uw voertuig past, samen met ons of met een van onze partners!<\/strong>\r\n\r\n<em>Wij behouden ons het recht voor op eventuele typefouten en prijswijzigingen.<\/em><\/div><\/div>","protected":false},"excerpt":{"rendered":"<p>Monterat och Klart Montering av extraljus, ledramper och ledkonvertering i Kungsbacka Vi monterar det du k\u00f6per. Beh\u00f6ver du hj\u00e4lp att v\u00e4lja r\u00e4tt produkt eller r\u00e5dgivning hur du f\u00e5r b\u00e4ttre ljus? Ring oss p\u00e5 0300-308 60 s\u00e5 g\u00e5r vi igenom det tillsammans. K\u00f6per du produkt och montering ihop f\u00e5r du alltid 20% p\u00e5 paketet. Garanti p\u00e5 [&hellip;]<\/p>","protected":false},"author":1,"featured_media":69,"parent":0,"menu_order":0,"comment_status":"closed","ping_status":"open","template":"","meta":{"_acf_changed":false,"_smort_price_nok":"","_smort_price_dkk":"","_smort_price_eur":"","_smort_sale_price_nok":"","_smort_sale_price_dkk":"","_smort_sale_price_eur":"","smort_restorder":"","shipmondo_restorder":"","_kad_blocks_custom_css":"","_kad_blocks_head_custom_js":"","_kad_blocks_body_custom_js":"","_kad_blocks_footer_custom_js":"","footnotes":""},"class_list":["post-15632","page","type-page","status-publish","has-post-thumbnail","hentry"],"acf":[],"yoast_head":"<!-- This site is optimized with the Yoast SEO plugin v27.0 - https:\/\/yoast.com\/product\/yoast-seo-wordpress\/ -->\n<title>Xenonkungen | Experter p\u00e5 Fordonsbelysning<\/title>\n<meta name=\"description\" content=\"E-handel f\u00f6r premiumprodukter inom fordonsbelysning med stort sortiment inom halvljus, helljus, extraljus, ledramper och arbetsbelysning.\" \/>\n<meta name=\"robots\" content=\"index, follow, max-snippet:-1, max-image-preview:large, max-video-preview:-1\" \/>\n<link rel=\"canonical\" href=\"https:\/\/xenonkungen.com\/nl\/gemonteerd-en-klaar-voor-gebruik\/\" \/>\n<meta property=\"og:locale\" content=\"nl_NL\" \/>\n<meta property=\"og:type\" content=\"article\" \/>\n<meta property=\"og:title\" content=\"Xenonkungen | Experter p\u00e5 Fordonsbelysning\" \/>\n<meta property=\"og:description\" content=\"E-handel f\u00f6r premiumprodukter inom fordonsbelysning med stort sortiment inom halvljus, helljus, extraljus, ledramper och arbetsbelysning.\" \/>\n<meta property=\"og:url\" content=\"https:\/\/xenonkungen.com\/nl\/gemonteerd-en-klaar-voor-gebruik\/\" \/>\n<meta property=\"og:site_name\" content=\"Xenonkungen\" \/>\n<meta property=\"article:modified_time\" content=\"2026-02-23T20:53:13+00:00\" \/>\n<meta property=\"og:image\" content=\"https:\/\/xenonkungen.com\/wp-content\/uploads\/2025\/01\/xenonkungen-logo-black.png\" \/>\n\t<meta property=\"og:image:width\" content=\"378\" \/>\n\t<meta property=\"og:image:height\" content=\"67\" \/>\n\t<meta property=\"og:image:type\" content=\"image\/png\" \/>\n<meta name=\"twitter:card\" content=\"summary_large_image\" \/>\n<meta name=\"twitter:label1\" content=\"Geschatte leestijd\" \/>\n\t<meta name=\"twitter:data1\" content=\"1 minuut\" \/>\n<script type=\"application\/ld+json\" class=\"yoast-schema-graph\">{\"@context\":\"https:\/\/schema.org\",\"@graph\":[{\"@type\":\"WebPage\",\"@id\":\"https:\/\/xenonkungen.com\/monterat-och-klart\/\",\"url\":\"https:\/\/xenonkungen.com\/monterat-och-klart\/\",\"name\":\"Xenonkungen | Experter p\u00e5 Fordonsbelysning\",\"isPartOf\":{\"@id\":\"https:\/\/xenonkungen.com\/#website\"},\"primaryImageOfPage\":{\"@id\":\"https:\/\/xenonkungen.com\/monterat-och-klart\/#primaryimage\"},\"image\":{\"@id\":\"https:\/\/xenonkungen.com\/monterat-och-klart\/#primaryimage\"},\"thumbnailUrl\":\"https:\/\/xenonkungen.com\/wp-content\/uploads\/2025\/01\/xenonkungen-logo-black.png\",\"datePublished\":\"2025-10-15T11:55:33+00:00\",\"dateModified\":\"2026-02-23T20:53:13+00:00\",\"description\":\"E-handel f\u00f6r premiumprodukter inom fordonsbelysning med stort sortiment inom halvljus, helljus, extraljus, ledramper och arbetsbelysning.\",\"breadcrumb\":{\"@id\":\"https:\/\/xenonkungen.com\/monterat-och-klart\/#breadcrumb\"},\"inLanguage\":\"nl-NL\",\"potentialAction\":[{\"@type\":\"ReadAction\",\"target\":[\"https:\/\/xenonkungen.com\/monterat-och-klart\/\"]}]},{\"@type\":\"ImageObject\",\"inLanguage\":\"nl-NL\",\"@id\":\"https:\/\/xenonkungen.com\/monterat-och-klart\/#primaryimage\",\"url\":\"https:\/\/xenonkungen.com\/wp-content\/uploads\/2025\/01\/xenonkungen-logo-black.png\",\"contentUrl\":\"https:\/\/xenonkungen.com\/wp-content\/uploads\/2025\/01\/xenonkungen-logo-black.png\",\"width\":378,\"height\":67},{\"@type\":\"BreadcrumbList\",\"@id\":\"https:\/\/xenonkungen.com\/monterat-och-klart\/#breadcrumb\",\"itemListElement\":[{\"@type\":\"ListItem\",\"position\":1,\"name\":\"Hem\",\"item\":\"https:\/\/xenonkungen.com\/\"},{\"@type\":\"ListItem\",\"position\":2,\"name\":\"Monterat och klart\"}]},{\"@type\":\"WebSite\",\"@id\":\"https:\/\/xenonkungen.com\/#website\",\"url\":\"https:\/\/xenonkungen.com\/\",\"name\":\"Xenonkungen\",\"description\":\"\",\"potentialAction\":[{\"@type\":\"SearchAction\",\"target\":{\"@type\":\"EntryPoint\",\"urlTemplate\":\"https:\/\/xenonkungen.com\/?s={search_term_string}\"},\"query-input\":{\"@type\":\"PropertyValueSpecification\",\"valueRequired\":true,\"valueName\":\"search_term_string\"}}],\"inLanguage\":\"nl-NL\"}]}<\/script>\n<!-- \/ Yoast SEO plugin. -->","yoast_head_json":{"title":"Xenonkungen | Experts in voertuigverlichting","description":"E-commerceplatform voor hoogwaardige producten op het gebied van voertuigverlichting met een breed assortiment aan dimlichten, grootlichten, extra verlichting, ledlampen en werklampen.","robots":{"index":"index","follow":"follow","max-snippet":"max-snippet:-1","max-image-preview":"max-image-preview:large","max-video-preview":"max-video-preview:-1"},"canonical":"https:\/\/xenonkungen.com\/nl\/gemonteerd-en-klaar-voor-gebruik\/","og_locale":"nl_NL","og_type":"article","og_title":"Xenonkungen | Experter p\u00e5 Fordonsbelysning","og_description":"E-handel f\u00f6r premiumprodukter inom fordonsbelysning med stort sortiment inom halvljus, helljus, extraljus, ledramper och arbetsbelysning.","og_url":"https:\/\/xenonkungen.com\/nl\/gemonteerd-en-klaar-voor-gebruik\/","og_site_name":"Xenonkungen","article_modified_time":"2026-02-23T20:53:13+00:00","og_image":[{"width":378,"height":67,"url":"https:\/\/xenonkungen.com\/wp-content\/uploads\/2025\/01\/xenonkungen-logo-black.png","type":"image\/png"}],"twitter_card":"summary_large_image","twitter_misc":{"Geschatte leestijd":"1 minuut"},"schema":{"@context":"https:\/\/schema.org","@graph":[{"@type":"WebPage","@id":"https:\/\/xenonkungen.com\/monterat-och-klart\/","url":"https:\/\/xenonkungen.com\/monterat-och-klart\/","name":"Xenonkungen | Experts in voertuigverlichting","isPartOf":{"@id":"https:\/\/xenonkungen.com\/#website"},"primaryImageOfPage":{"@id":"https:\/\/xenonkungen.com\/monterat-och-klart\/#primaryimage"},"image":{"@id":"https:\/\/xenonkungen.com\/monterat-och-klart\/#primaryimage"},"thumbnailUrl":"https:\/\/xenonkungen.com\/wp-content\/uploads\/2025\/01\/xenonkungen-logo-black.png","datePublished":"2025-10-15T11:55:33+00:00","dateModified":"2026-02-23T20:53:13+00:00","description":"E-commerceplatform voor hoogwaardige producten op het gebied van voertuigverlichting met een breed assortiment aan dimlichten, grootlichten, extra verlichting, ledlampen en werklampen.","breadcrumb":{"@id":"https:\/\/xenonkungen.com\/monterat-och-klart\/#breadcrumb"},"inLanguage":"nl-NL","potentialAction":[{"@type":"ReadAction","target":["https:\/\/xenonkungen.com\/monterat-och-klart\/"]}]},{"@type":"ImageObject","inLanguage":"nl-NL","@id":"https:\/\/xenonkungen.com\/monterat-och-klart\/#primaryimage","url":"https:\/\/xenonkungen.com\/wp-content\/uploads\/2025\/01\/xenonkungen-logo-black.png","contentUrl":"https:\/\/xenonkungen.com\/wp-content\/uploads\/2025\/01\/xenonkungen-logo-black.png","width":378,"height":67},{"@type":"BreadcrumbList","@id":"https:\/\/xenonkungen.com\/monterat-och-klart\/#breadcrumb","itemListElement":[{"@type":"ListItem","position":1,"name":"Hem","item":"https:\/\/xenonkungen.com\/"},{"@type":"ListItem","position":2,"name":"Monterat och klart"}]},{"@type":"WebSite","@id":"https:\/\/xenonkungen.com\/#website","url":"https:\/\/xenonkungen.com\/","name":"Xenonkungen","description":"","potentialAction":[{"@type":"SearchAction","target":{"@type":"EntryPoint","urlTemplate":"https:\/\/xenonkungen.com\/?s={search_term_string}"},"query-input":{"@type":"PropertyValueSpecification","valueRequired":true,"valueName":"search_term_string"}}],"inLanguage":"nl-NL"}]}},"taxonomy_info":[],"featured_image_src_large":["https:\/\/xenonkungen.com\/wp-content\/uploads\/2025\/01\/xenonkungen-logo-black.png",378,67,false],"author_info":{"display_name":"smort","author_link":"https:\/\/xenonkungen.com\/nl\/author\/smort\/"},"comment_info":0,"_links":{"self":[{"href":"https:\/\/xenonkungen.com\/nl\/wp-json\/wp\/v2\/pages\/15632","targetHints":{"allow":["GET"]}}],"collection":[{"href":"https:\/\/xenonkungen.com\/nl\/wp-json\/wp\/v2\/pages"}],"about":[{"href":"https:\/\/xenonkungen.com\/nl\/wp-json\/wp\/v2\/types\/page"}],"author":[{"embeddable":true,"href":"https:\/\/xenonkungen.com\/nl\/wp-json\/wp\/v2\/users\/1"}],"replies":[{"embeddable":true,"href":"https:\/\/xenonkungen.com\/nl\/wp-json\/wp\/v2\/comments?post=15632"}],"version-history":[{"count":0,"href":"https:\/\/xenonkungen.com\/nl\/wp-json\/wp\/v2\/pages\/15632\/revisions"}],"wp:featuredmedia":[{"embeddable":true,"href":"https:\/\/xenonkungen.com\/nl\/wp-json\/wp\/v2\/media\/69"}],"wp:attachment":[{"href":"https:\/\/xenonkungen.com\/nl\/wp-json\/wp\/v2\/media?parent=15632"}],"curies":[{"name":"wp","href":"https:\/\/api.w.org\/{rel}","templated":true}]}}