{"id":29632,"date":"2026-04-23T22:18:43","date_gmt":"2026-04-23T21:18:43","guid":{"rendered":"https:\/\/xenonkungen.com\/?page_id=29632"},"modified":"2026-04-24T09:20:46","modified_gmt":"2026-04-24T08:20:46","slug":"gebruiksgebied","status":"publish","type":"page","link":"https:\/\/xenonkungen.com\/nl\/gebruiksgebied\/","title":{"rendered":"Toepassingsgebied"},"content":{"rendered":"<style>\n.anv-hero { background:#fff; padding:56px 24px 32px; max-width:1280px; margin:0 auto; }\n.anv-breadcrumb { font-size:13px; color:#6b7076; margin-bottom:8px; }\n.anv-breadcrumb a { color:#6b7076; text-decoration:none; }\n.anv-breadcrumb a:hover { color:#ff6a00; }\n.anv-h1 { font-size:52px; font-weight:700; letter-spacing:-0.02em; line-height:1.1; margin:0 0 16px; color:#0f1113; }\n.anv-ingress { font-size:17px; line-height:1.65; color:#3a3d42; margin:0 0 20px; max-width:820px; }\n.anv-trust { display:flex; flex-wrap:wrap; gap:14px 16px; align-items:center; padding:14px 0; border-top:1px solid #e4e5e7; border-bottom:1px solid #e4e5e7; font-size:13px; }\n.anv-trust b { color:#0f1113; font-weight:700; }\n.anv-trust .muted { color:#6b7076; }\n.anv-trust .stars { color:#ff6a00; letter-spacing:1px; }\n.anv-quicknav { display:flex; flex-wrap:wrap; gap:8px; margin-top:20px; align-items:center; }\n.anv-quicknav .muted { font-size:13px; color:#6b7076; margin-right:4px; }\n.anv-quicknav a { font-size:13px; padding:6px 12px; border-radius:999px; background:#f4f4f5; border:1px solid #e4e5e7; color:#0f1113; text-decoration:none; font-weight:500; }\n.anv-quicknav a:hover { background:#fff; border-color:#ff6a00; color:#ff6a00; }\n.anv-grid-wrap { background:#f4f4f5; padding:40px 24px 56px; }\n.anv-grid { display:grid; grid-template-columns:repeat(3,1fr); gap:16px; max-width:1280px; margin:0 auto; }\n.anv-card { display:flex; flex-direction:column; background:#fff; border:1px solid #e4e5e7; border-radius:6px; overflow:hidden; text-decoration:none; color:inherit; position:relative; transition:transform .18s, box-shadow .18s, border-color .18s; min-height:44px; }\n.anv-card:hover { transform:translateY(-3px); box-shadow:0 10px 24px rgba(0,0,0,0.08); border-color:#ff6a00; }\n.anv-card:hover .anv-arrow { transform:translateX(4px); }\n.anv-card__img { aspect-ratio:16\/10; background:#f4f4f5; display:flex; align-items:center; justify-content:center; position:relative; overflow:hidden; }\n.anv-card__img img { width:100%; height:100%; object-fit:cover; display:block; }\n.anv-card__img-placeholder { color:#9aa0a6; font-size:13px; }\n.anv-card__body { padding:18px 20px 20px; display:flex; flex-direction:column; gap:8px; flex:1; }\n.anv-card__title { font-size:19px; font-weight:700; letter-spacing:-0.01em; color:#0f1113; margin:0; }\n.anv-card__sub { font-size:12px; color:#6b7076; text-transform:uppercase; letter-spacing:0.06em; }\n.anv-card__blurb { font-size:14px; line-height:1.5; color:#3a3d42; flex:1; margin:0; }\n.anv-card__cta { margin-top:6px; color:#ff6a00; font-weight:700; font-size:14px; display:inline-flex; align-items:center; gap:6px; }\n.anv-arrow { transition:transform .18s; display:inline-block; }\n.anv-help { background:#0d0f10; color:#fff; padding:56px 24px; display:flex; align-items:center; justify-content:space-between; gap:32px; flex-wrap:wrap; }\n.anv-help__text { max-width:620px; }\n.anv-help .eyebrow { font-size:12px; letter-spacing:0.22em; text-transform:uppercase; color:#ff6a00; font-weight:700; }\n.anv-help h3 { font-size:30px; font-weight:700; margin:10px 0; letter-spacing:-0.015em; color:#fff; }\n.anv-help p { font-size:15px; color:rgba(255,255,255,0.7); line-height:1.55; margin:0 0 12px; }\n.anv-help .phone { font-size:14px; color:rgba(255,255,255,0.55); }\n.anv-help .phone a { color:#fff; text-decoration:none; font-weight:600; border-bottom:1px solid rgba(255,255,255,0.25); }\n.anv-help .phone a:hover { color:#ff6a00; border-color:#ff6a00; }\n.anv-help__actions { display:flex; gap:12px; flex-wrap:wrap; }\n.anv-btn { padding:14px 22px; border-radius:4px; font-weight:700; font-size:14px; text-decoration:none; display:inline-block; min-height:44px; box-sizing:border-box; }\n.anv-btn--primary { background:#ff6a00; color:#fff; }\n.anv-btn--primary:hover { background:#e55f00; color:#fff; }\n.anv-btn--ghost { background:transparent; color:#fff; border:1px solid rgba(255,255,255,0.3); font-weight:600; }\n\n\/* Dual-block wrapper - help + B2B side by side *\/\n.anv-dual { display: grid; grid-template-columns: 1fr 1fr; gap: 0; align-items: stretch; }\n.anv-dual .anv-help, .anv-dual .anv-b2b { height: 100%; margin: 0; padding: 48px 40px; box-sizing: border-box; display: flex; flex-direction: column; justify-content: space-between; gap: 20px; border: 0; }\n.anv-dual .anv-help { background: #0d0f10; }\n.anv-dual .anv-b2b { background: #fff; }\n.anv-dual .anv-help__text, .anv-dual .anv-b2b__text { max-width: none; flex: 1; }\n.anv-dual .anv-help__actions, .anv-dual .anv-b2b__cta { margin-left: auto; align-self: flex-end; }\n\n\/* B2B-block *\/\n.anv-b2b { background:#fff; border-top:1px solid #e4e5e7; border-bottom:1px solid #e4e5e7; padding:36px 24px; }\n.anv-b2b__inner { max-width:1280px; margin:0 auto; display:flex; align-items:center; gap:24px; flex-wrap:wrap; justify-content:space-between; }\n.anv-b2b__text { display:flex; flex-direction:column; gap:4px; }\n.anv-b2b .eyebrow { font-size:11px; letter-spacing:0.22em; text-transform:uppercase; color:#ff6a00; font-weight:700; }\n.anv-b2b h3 { font-size:22px; font-weight:700; margin:0; color:#0f1113; letter-spacing:-0.01em; }\n.anv-b2b p { font-size:14px; color:#3a3d42; margin:0; max-width:680px; line-height:1.55; }\n.anv-b2b__cta { display:flex; gap:10px; flex-shrink:0; flex-wrap:wrap; }\n.anv-b2b__cta a { font-size:14px; padding:11px 18px; border-radius:4px; text-decoration:none; font-weight:600; }\n.anv-b2b__cta a.primary { background:#0f1113; color:#fff; }\n.anv-b2b__cta a.primary:hover { background:#ff6a00; }\n.anv-b2b__cta a.secondary { color:#0f1113; background:transparent; border:1px solid #e4e5e7; }\n.anv-b2b__cta a.secondary:hover { border-color:#ff6a00; color:#ff6a00; }\n\n@media (max-width:960px) {\n  .anv-grid { grid-template-columns:repeat(2,1fr); }\n  .anv-h1 { font-size:40px; }\n}\n@media (max-width:768px) {\n  \/* Hero kompaktare *\/\n  .anv-hero { padding:20px 16px 18px; }\n  .anv-h1 { font-size:26px !important; line-height:1.15 !important; margin-bottom:10px; }\n  .anv-ingress { font-size:14px !important; margin-bottom:14px; }\n  \/* Trust-rad horisontell scroll *\/\n  .anv-trust { flex-wrap:nowrap; overflow-x:auto; padding:10px 0; gap:18px; font-size:12px; scrollbar-width:none; }\n  .anv-trust::-webkit-scrollbar { display:none; }\n  .anv-trust > * { white-space:nowrap; flex-shrink:0; }\n  \/* Quicknav horisontell scroll *\/\n  .anv-quicknav { flex-wrap:nowrap; overflow-x:auto; padding:0; margin-top:12px; scrollbar-width:none; }\n  .anv-quicknav::-webkit-scrollbar { display:none; }\n  .anv-quicknav a { flex-shrink:0; padding:8px 14px; min-height:36px; }\n  \/* Grid \u2192 horisontella listkort *\/\n  .anv-grid-wrap { padding:14px 12px 28px; }\n  .anv-grid { grid-template-columns:1fr; gap:10px; }\n  .anv-card { flex-direction:row; min-height:104px; border-radius:8px; }\n  .anv-card__img { width:120px; height:auto; aspect-ratio:auto; flex-shrink:0; }\n  .anv-card__img img { width:120px; height:100%; }\n  .anv-card__body { padding:12px 14px; gap:4px; justify-content:center; }\n  .anv-card__title { font-size:16px; line-height:1.2; }\n  .anv-card__sub { font-size:11px; }\n  .anv-card__blurb { display:none; }\n  .anv-card__cta { font-size:13px; margin-top:6px; }\n  \/* Help-block stacka *\/\n  .anv-help { flex-direction:column; padding:28px 16px; gap:16px; align-items:flex-start; }\n  .anv-help h3 { font-size:22px; }\n  .anv-help p { font-size:14px; }\n  .anv-help__actions { width:100%; }\n  .anv-help__actions a { display:block; width:100%; padding:16px; text-align:center; font-size:15px; min-height:52px; }\n  \/* Dual-block stacka *\/\n  .anv-dual { grid-template-columns: 1fr; }\n  .anv-dual .anv-help, .anv-dual .anv-b2b { padding: 32px 24px; gap: 16px; }\n  .anv-dual .anv-help__actions, .anv-dual .anv-b2b__cta { margin-left: 0; align-self: stretch; }\n  \/* B2B stacka *\/\n  .anv-b2b { padding:24px 16px; }\n  .anv-b2b__inner { flex-direction:column; align-items:flex-start; gap:14px; }\n  .anv-b2b h3 { font-size:18px; }\n  .anv-b2b__cta { width:100%; }\n  .anv-b2b__cta a { flex:1; text-align:center; min-height:44px; box-sizing:border-box; }\n}\n@media (max-width:600px) {\n  .anv-h1 { font-size:26px !important; }\n}\n<\/style>\n<section class=\"anv-hero\">\n  <nav class=\"anv-breadcrumb\" aria-label=\"Paneermeel\"><a href=\"\/\">Home<\/a> \/ Anv\u00e4ndningsomr\u00e5de<\/nav>\n  <h1 class=\"anv-h1\">Vind de juiste verlichting voor uw voertuig.<\/h1>\n  <p class=\"anv-ingress\">Fordonsbelysning och tillbeh\u00f6r anpassat f\u00f6r ditt anv\u00e4ndningsomr\u00e5de. Produkter utvalda och kategoriserade efter hur och var du ska anv\u00e4nda dem.<\/p>\n  <div class=\"anv-trust\">\n    <span><b>100% n\u00f6jdhetsgaranti<\/b><\/span>\n    <span class=\"muted\">\u00b7<\/span>\n    <span><b>30 dagars<\/b> <span class=\"muted\">\u00f6ppet k\u00f6p<\/span><\/span>\n    <span class=\"muted\">\u00b7<\/span>\n    <span><b>1\u20133 dagar<\/b> <span class=\"muted\">leverans<\/span><\/span>\n    <span class=\"muted\">\u00b7<\/span>\n    <span><b>Auktoriserad \u00e5terf\u00f6rs\u00e4ljare<\/b> <span class=\"muted\">sedan 2004<\/span><\/span>\n    <span class=\"muted\">\u00b7<\/span>\n    <span><b>Fri frakt<\/b> <span class=\"muted\">\u00f6ver 1 995 kr<\/span><\/span>\n  <\/div>\n  <div class=\"anv-quicknav\">\n    <span class=\"muted\">Hoppa direkt till:<\/span>\n    <a href=\"\/produkt-kategori\/lastbil-trailer-slap\/\">vrachtwagen<\/a>\n    <a href=\"\/produkt-kategori\/entreprenad-gravmaskin\/\">Bouw<\/a>\n    <a href=\"\/anvandningsomrade\/motorcykel\/\">MC<\/a>\n    <a href=\"\/produkt-kategori\/cykel\/\">Fiets<\/a>\n    <a href=\"\/produkt-kategori\/atv-utv\/\">ATV \/ Skoter<\/a>\n    <a href=\"\/produkt-kategori\/husbil-camper\/\">Camper<\/a>\n  <\/div>\n<\/section>\n<section class=\"anv-grid-wrap\"><div class=\"anv-grid\"><a href=\"\/produkt-kategori\/lastbil-trailer-slap\/\" class=\"anv-card\" data-cat=\"lastbil\">\n  <div class=\"anv-card__img\">\n    <img decoding=\"async\" src=\"https:\/\/xenonkungen.com\/wp-content\/uploads\/2026\/04\/Lastbil.avif\" alt=\"Extraljus f\u00f6r lastbil och trailer\" loading=\"lazy\" \/>\n  <\/div>\n  <div class=\"anv-card__body\">\n    <h3 class=\"anv-card__title\">24V \/ Lastbil<\/h3>\n    <span class=\"anv-card__sub\">Lastbil \u00b7 Trailer \u00b7 Sl\u00e4p<\/span>\n    <p class=\"anv-card__blurb\">Kraftfull 24V-belysning f\u00f6r l\u00e5ngtradare och tunga fordon.<\/p>\n    <span class=\"anv-card__cta\">Utforska kategorin <span class=\"anv-arrow\">\u2192<\/span><\/span>\n  <\/div>\n<\/a>\n<a href=\"\/produkt-kategori\/atv-utv\/\" class=\"anv-card\" data-cat=\"atv-skoter\">\n  <div class=\"anv-card__img\">\n    <img decoding=\"async\" src=\"https:\/\/xenonkungen.com\/wp-content\/uploads\/2026\/04\/Scooter.jpeg\" alt=\"LED-belysning f\u00f6r ATV, UTV och sn\u00f6skoter\" loading=\"lazy\" \/>\n  <\/div>\n  <div class=\"anv-card__body\">\n    <h3 class=\"anv-card__title\">ATV \/ UTV \/ Sn\u00f6skoter<\/h3>\n    <span class=\"anv-card__sub\">Terr\u00e4ng \u00b7 Vintersport \u00b7 Arbetsfordon<\/span>\n    <p class=\"anv-card__blurb\">T\u00e5liga lampor byggda f\u00f6r lera, sn\u00f6, kyla och tuff terr\u00e4ng.<\/p>\n    <span class=\"anv-card__cta\">Utforska kategorin <span class=\"anv-arrow\">\u2192<\/span><\/span>\n  <\/div>\n<\/a>\n<a href=\"\/produkt-kategori\/bat\/\" class=\"anv-card\" data-cat=\"bat\">\n  <div class=\"anv-card__img\">\n    <img decoding=\"async\" src=\"https:\/\/xenonkungen.com\/wp-content\/uploads\/2026\/04\/Bat.png\" alt=\"Marin LED-belysning f\u00f6r b\u00e5t\" loading=\"lazy\" \/>\n  <\/div>\n  <div class=\"anv-card__body\">\n    <h3 class=\"anv-card__title\">Boot<\/h3>\n    <span class=\"anv-card__sub\">Marin belysning<\/span>\n    <p class=\"anv-card__blurb\">Saltvattenbest\u00e4ndiga l\u00f6sningar f\u00f6r d\u00e4ck och styrplats.<\/p>\n    <span class=\"anv-card__cta\">Utforska kategorin <span class=\"anv-arrow\">\u2192<\/span><\/span>\n  <\/div>\n<\/a>\n<a href=\"\/produkt-kategori\/entreprenad-gravmaskin\/\" class=\"anv-card\" data-cat=\"entreprenad-jord-skog\">\n  <div class=\"anv-card__img\">\n    <img decoding=\"async\" src=\"https:\/\/xenonkungen.com\/wp-content\/uploads\/2026\/04\/Entreprenad.jpeg\" alt=\"Arbetsbelysning f\u00f6r entreprenad, jord- och skogsbruk\" loading=\"lazy\" \/>\n  <\/div>\n  <div class=\"anv-card__body\">\n    <h3 class=\"anv-card__title\">Entreprenad \/ Jord- &amp; Skogsbruk<\/h3>\n    <span class=\"anv-card__sub\">Gr\u00e4vmaskin \u00b7 Traktor \u00b7 Hjullastare \u00b7 Sk\u00f6rdetr\u00f6ska<\/span>\n    <p class=\"anv-card__blurb\">Arbetsbelysning som klarar vibrationer och l\u00e5nga pass.<\/p>\n    <span class=\"anv-card__cta\">Utforska kategorin <span class=\"anv-arrow\">\u2192<\/span><\/span>\n  <\/div>\n<\/a>\n<a href=\"\/produkt-kategori\/husbil-camper\/\" class=\"anv-card\" data-cat=\"husbil\">\n  <div class=\"anv-card__img\">\n    <img decoding=\"async\" src=\"https:\/\/xenonkungen.com\/wp-content\/uploads\/2026\/04\/Husbil.png\" alt=\"LED-belysning f\u00f6r husbil och husvagn\" loading=\"lazy\" \/>\n  <\/div>\n  <div class=\"anv-card__body\">\n    <h3 class=\"anv-card__title\">Husbil \/ Camper<\/h3>\n    <span class=\"anv-card__sub\">Husbil \u00b7 Husvagn \u00b7 Camper<\/span>\n    <p class=\"anv-card__blurb\">Belysning anpassad f\u00f6r semester och l\u00e5ngresor.<\/p>\n    <span class=\"anv-card__cta\">Utforska kategorin <span class=\"anv-arrow\">\u2192<\/span><\/span>\n  <\/div>\n<\/a>\n<a href=\"\/anvandningsomrade\/motorcykel\/\" class=\"anv-card\" data-cat=\"mc\">\n  <div class=\"anv-card__img\">\n    <img decoding=\"async\" src=\"https:\/\/xenonkungen.com\/wp-content\/uploads\/2026\/04\/MC.png\" alt=\"Extraljus och LED f\u00f6r motorcykel\" loading=\"lazy\" \/>\n  <\/div>\n  <div class=\"anv-card__body\">\n    <h3 class=\"anv-card__title\">Motor<\/h3>\n    <span class=\"anv-card__sub\">Touring \u00b7 Enduro \u00b7 Cruiser<\/span>\n    <p class=\"anv-card__blurb\">Xenon, LED och extraljus utvecklade f\u00f6r tv\u00e5hjulingar.<\/p>\n    <span class=\"anv-card__cta\">Utforska kategorin <span class=\"anv-arrow\">\u2192<\/span><\/span>\n  <\/div>\n<\/a>\n<a href=\"\/produkt-kategori\/cykel\/\" class=\"anv-card\" data-cat=\"cykel\">\n  <div class=\"anv-card__img\">\n    <img decoding=\"async\" src=\"https:\/\/xenonkungen.com\/wp-content\/uploads\/2025\/09\/Small-for-web-and-ppt-PI_ARF-2024-00010_LEDsBIKE_RACE_100_SET_LEDBL103_SET_Set_Perspective_02.jpg\" alt=\"Lampor och belysning f\u00f6r cykel\" loading=\"lazy\" \/>\n  <\/div>\n  <div class=\"anv-card__body\">\n    <h3 class=\"anv-card__title\">Fiets<\/h3>\n    <span class=\"anv-card__sub\">MTB \u00b7 Racer \u00b7 Pendling<\/span>\n    <p class=\"anv-card__blurb\">L\u00e4tt, ljusstark belysning f\u00f6r alla typer av cykling.<\/p>\n    <span class=\"anv-card__cta\">Utforska kategorin <span class=\"anv-arrow\">\u2192<\/span><\/span>\n  <\/div>\n<\/a><\/div><\/section>\n<div class=\"anv-dual\">\n<section class=\"anv-help\">\n  <div class=\"anv-help__text\">\n    <span class=\"eyebrow\">Os\u00e4ker p\u00e5 vad du beh\u00f6ver?<\/span>\n    <h3>Vi hj\u00e4lper dig v\u00e4lja r\u00e4tt belysning<\/h3>\n    <p>H\u00f6r av dig till v\u00e5ra produktspecialister. Vi har s\u00e5lt fordonsbelysning sedan 2004 och vet vad som funkar f\u00f6r ditt fordon.<\/p>\n    <p class=\"phone\">Ring oss direkt: <a href=\"tel:+4630030860\">0300-308 60<\/a><\/p>\n  <\/div>\n  <div class=\"anv-help__actions\">\n    <a href=\"\/kontakt-support\/\" class=\"anv-btn anv-btn--primary\">Neem contact met ons op<\/a>\n  <\/div>\n<\/section>\n<section class=\"anv-b2b\">\n  <div class=\"anv-b2b__inner\">\n    <div class=\"anv-b2b__text\">\n      <span class=\"eyebrow\">F\u00f6r f\u00f6retag<\/span>\n      <h3>F\u00f6retagskund? F\u00e5 faktura, volymrabatt och dedikerad support<\/h3>\n      <p>Lastbils\u00e5kerier, entrepren\u00f6rer, jord- och skogsbruk samt verkst\u00e4der handlar tryggt mot faktura. St\u00f6rre volymer ger b\u00e4ttre pris \u2013 ber\u00e4tta vad du beh\u00f6ver s\u00e5 \u00e5terkommer vi med offert.<\/p>\n    <\/div>\n    <div class=\"anv-b2b__cta\">\n      <a href=\"\/kontakt-support\/\" class=\"primary\">Beg\u00e4r offert<\/a>\n    <\/div>\n  <\/div>\n<\/section>\n<\/div>","protected":false},"excerpt":{"rendered":"<p>Hem \/ Anv\u00e4ndningsomr\u00e5de Hitta r\u00e4tt belysning f\u00f6r ditt fordon Fordonsbelysning och tillbeh\u00f6r anpassat f\u00f6r ditt anv\u00e4ndningsomr\u00e5de. Produkter utvalda och kategoriserade efter hur och var du ska anv\u00e4nda dem. 100% n\u00f6jdhetsgaranti \u00b7 30 dagars \u00f6ppet k\u00f6p \u00b7 1\u20133 dagar leverans \u00b7 Auktoriserad \u00e5terf\u00f6rs\u00e4ljare sedan 2004 \u00b7 Fri frakt \u00f6ver 1 995 kr Hoppa direkt till: Lastbil [&hellip;]<\/p>","protected":false},"author":7509,"featured_media":0,"parent":0,"menu_order":0,"comment_status":"closed","ping_status":"closed","template":"","meta":{"_acf_changed":false,"_smort_price_nok":"","_smort_price_dkk":"","_smort_price_eur":"","_smort_sale_price_nok":"","_smort_sale_price_dkk":"","_smort_sale_price_eur":"","smort_restorder":"","shipmondo_restorder":"","_kad_blocks_custom_css":"","_kad_blocks_head_custom_js":"","_kad_blocks_body_custom_js":"","_kad_blocks_footer_custom_js":"","footnotes":""},"class_list":["post-29632","page","type-page","status-publish","hentry"],"acf":[],"yoast_head":"<!-- This site is optimized with the Yoast SEO plugin v27.0 - https:\/\/yoast.com\/product\/yoast-seo-wordpress\/ -->\n<title>Extraljus &amp; belysning efter fordon | K\u00f6p online - Xenonkungen<\/title>\n<meta name=\"description\" content=\"Extraljus &amp; belysning \u2013 Stort utbud till bra priser. Snabb leverans. \u00d6ppet k\u00f6p 30 dagar. Handla enkelt p\u00e5 xenonkungen.com!\" \/>\n<meta name=\"robots\" content=\"index, follow, max-snippet:-1, max-image-preview:large, max-video-preview:-1\" \/>\n<link rel=\"canonical\" href=\"https:\/\/xenonkungen.com\/nl\/gebruiksgebied\/\" \/>\n<meta property=\"og:locale\" content=\"nl_NL\" \/>\n<meta property=\"og:type\" content=\"article\" \/>\n<meta property=\"og:title\" content=\"Extraljus &amp; belysning efter fordon | K\u00f6p online - Xenonkungen\" \/>\n<meta property=\"og:description\" content=\"Extraljus &amp; belysning \u2013 Stort utbud till bra priser. Snabb leverans. \u00d6ppet k\u00f6p 30 dagar. Handla enkelt p\u00e5 xenonkungen.com!\" \/>\n<meta property=\"og:url\" content=\"https:\/\/xenonkungen.com\/nl\/gebruiksgebied\/\" \/>\n<meta property=\"og:site_name\" content=\"Xenonkungen\" \/>\n<meta property=\"article:modified_time\" content=\"2026-04-24T08:20:46+00:00\" \/>\n<meta property=\"og:image\" content=\"https:\/\/xenonkungen.com\/wp-content\/uploads\/2026\/04\/Lastbil.avif\" \/>\n<meta name=\"twitter:card\" content=\"summary_large_image\" \/>\n<meta name=\"twitter:label1\" content=\"Geschatte leestijd\" \/>\n\t<meta name=\"twitter:data1\" content=\"3 minuten\" \/>\n<script type=\"application\/ld+json\" class=\"yoast-schema-graph\">{\"@context\":\"https:\/\/schema.org\",\"@graph\":[{\"@type\":\"WebPage\",\"@id\":\"https:\/\/xenonkungen.com\/anvandningsomrade\/\",\"url\":\"https:\/\/xenonkungen.com\/anvandningsomrade\/\",\"name\":\"Extraljus & belysning efter fordon | K\u00f6p online - Xenonkungen\",\"isPartOf\":{\"@id\":\"https:\/\/xenonkungen.com\/#website\"},\"primaryImageOfPage\":{\"@id\":\"https:\/\/xenonkungen.com\/anvandningsomrade\/#primaryimage\"},\"image\":{\"@id\":\"https:\/\/xenonkungen.com\/anvandningsomrade\/#primaryimage\"},\"thumbnailUrl\":\"https:\/\/xenonkungen.com\/wp-content\/uploads\/2026\/04\/Lastbil.avif\",\"datePublished\":\"2026-04-23T21:18:43+00:00\",\"dateModified\":\"2026-04-24T08:20:46+00:00\",\"description\":\"Extraljus & belysning \u2013 Stort utbud till bra priser. Snabb leverans. \u00d6ppet k\u00f6p 30 dagar. Handla enkelt p\u00e5 xenonkungen.com!\",\"breadcrumb\":{\"@id\":\"https:\/\/xenonkungen.com\/anvandningsomrade\/#breadcrumb\"},\"inLanguage\":\"nl-NL\",\"potentialAction\":[{\"@type\":\"ReadAction\",\"target\":[\"https:\/\/xenonkungen.com\/anvandningsomrade\/\"]}]},{\"@type\":\"ImageObject\",\"inLanguage\":\"nl-NL\",\"@id\":\"https:\/\/xenonkungen.com\/anvandningsomrade\/#primaryimage\",\"url\":\"https:\/\/xenonkungen.com\/wp-content\/uploads\/2026\/04\/Lastbil.avif\",\"contentUrl\":\"https:\/\/xenonkungen.com\/wp-content\/uploads\/2026\/04\/Lastbil.avif\"},{\"@type\":\"BreadcrumbList\",\"@id\":\"https:\/\/xenonkungen.com\/anvandningsomrade\/#breadcrumb\",\"itemListElement\":[{\"@type\":\"ListItem\",\"position\":1,\"name\":\"Hem\",\"item\":\"https:\/\/xenonkungen.com\/\"},{\"@type\":\"ListItem\",\"position\":2,\"name\":\"Anv\u00e4ndningsomr\u00e5de\"}]},{\"@type\":\"WebSite\",\"@id\":\"https:\/\/xenonkungen.com\/#website\",\"url\":\"https:\/\/xenonkungen.com\/\",\"name\":\"Xenonkungen\",\"description\":\"\",\"potentialAction\":[{\"@type\":\"SearchAction\",\"target\":{\"@type\":\"EntryPoint\",\"urlTemplate\":\"https:\/\/xenonkungen.com\/?s={search_term_string}\"},\"query-input\":{\"@type\":\"PropertyValueSpecification\",\"valueRequired\":true,\"valueName\":\"search_term_string\"}}],\"inLanguage\":\"nl-NL\"}]}<\/script>\n<!-- \/ Yoast SEO plugin. -->","yoast_head_json":{"title":"Extraljus & belysning efter fordon | K\u00f6p online - Xenonkungen","description":"Extraljus & belysning \u2013 Stort utbud till bra priser. Snabb leverans. \u00d6ppet k\u00f6p 30 dagar. Handla enkelt p\u00e5 xenonkungen.com!","robots":{"index":"index","follow":"follow","max-snippet":"max-snippet:-1","max-image-preview":"max-image-preview:large","max-video-preview":"max-video-preview:-1"},"canonical":"https:\/\/xenonkungen.com\/nl\/gebruiksgebied\/","og_locale":"nl_NL","og_type":"article","og_title":"Extraljus & belysning efter fordon | K\u00f6p online - Xenonkungen","og_description":"Extraljus & belysning \u2013 Stort utbud till bra priser. Snabb leverans. \u00d6ppet k\u00f6p 30 dagar. Handla enkelt p\u00e5 xenonkungen.com!","og_url":"https:\/\/xenonkungen.com\/nl\/gebruiksgebied\/","og_site_name":"Xenonkungen","article_modified_time":"2026-04-24T08:20:46+00:00","og_image":[{"url":"https:\/\/xenonkungen.com\/wp-content\/uploads\/2026\/04\/Lastbil.avif","type":"","width":"","height":""}],"twitter_card":"summary_large_image","twitter_misc":{"Geschatte leestijd":"3 minuten"},"schema":{"@context":"https:\/\/schema.org","@graph":[{"@type":"WebPage","@id":"https:\/\/xenonkungen.com\/anvandningsomrade\/","url":"https:\/\/xenonkungen.com\/anvandningsomrade\/","name":"Extraljus & belysning efter fordon | K\u00f6p online - Xenonkungen","isPartOf":{"@id":"https:\/\/xenonkungen.com\/#website"},"primaryImageOfPage":{"@id":"https:\/\/xenonkungen.com\/anvandningsomrade\/#primaryimage"},"image":{"@id":"https:\/\/xenonkungen.com\/anvandningsomrade\/#primaryimage"},"thumbnailUrl":"https:\/\/xenonkungen.com\/wp-content\/uploads\/2026\/04\/Lastbil.avif","datePublished":"2026-04-23T21:18:43+00:00","dateModified":"2026-04-24T08:20:46+00:00","description":"Extraljus & belysning \u2013 Stort utbud till bra priser. Snabb leverans. \u00d6ppet k\u00f6p 30 dagar. Handla enkelt p\u00e5 xenonkungen.com!","breadcrumb":{"@id":"https:\/\/xenonkungen.com\/anvandningsomrade\/#breadcrumb"},"inLanguage":"nl-NL","potentialAction":[{"@type":"ReadAction","target":["https:\/\/xenonkungen.com\/anvandningsomrade\/"]}]},{"@type":"ImageObject","inLanguage":"nl-NL","@id":"https:\/\/xenonkungen.com\/anvandningsomrade\/#primaryimage","url":"https:\/\/xenonkungen.com\/wp-content\/uploads\/2026\/04\/Lastbil.avif","contentUrl":"https:\/\/xenonkungen.com\/wp-content\/uploads\/2026\/04\/Lastbil.avif"},{"@type":"BreadcrumbList","@id":"https:\/\/xenonkungen.com\/anvandningsomrade\/#breadcrumb","itemListElement":[{"@type":"ListItem","position":1,"name":"Hem","item":"https:\/\/xenonkungen.com\/"},{"@type":"ListItem","position":2,"name":"Anv\u00e4ndningsomr\u00e5de"}]},{"@type":"WebSite","@id":"https:\/\/xenonkungen.com\/#website","url":"https:\/\/xenonkungen.com\/","name":"Xenonkungen","description":"","potentialAction":[{"@type":"SearchAction","target":{"@type":"EntryPoint","urlTemplate":"https:\/\/xenonkungen.com\/?s={search_term_string}"},"query-input":{"@type":"PropertyValueSpecification","valueRequired":true,"valueName":"search_term_string"}}],"inLanguage":"nl-NL"}]}},"taxonomy_info":[],"featured_image_src_large":false,"author_info":{"display_name":"Viktor Lundgren","author_link":"https:\/\/xenonkungen.com\/nl\/author\/viktor-lundgrenhannus-se\/"},"comment_info":0,"_links":{"self":[{"href":"https:\/\/xenonkungen.com\/nl\/wp-json\/wp\/v2\/pages\/29632","targetHints":{"allow":["GET"]}}],"collection":[{"href":"https:\/\/xenonkungen.com\/nl\/wp-json\/wp\/v2\/pages"}],"about":[{"href":"https:\/\/xenonkungen.com\/nl\/wp-json\/wp\/v2\/types\/page"}],"author":[{"embeddable":true,"href":"https:\/\/xenonkungen.com\/nl\/wp-json\/wp\/v2\/users\/7509"}],"replies":[{"embeddable":true,"href":"https:\/\/xenonkungen.com\/nl\/wp-json\/wp\/v2\/comments?post=29632"}],"version-history":[{"count":0,"href":"https:\/\/xenonkungen.com\/nl\/wp-json\/wp\/v2\/pages\/29632\/revisions"}],"wp:attachment":[{"href":"https:\/\/xenonkungen.com\/nl\/wp-json\/wp\/v2\/media?parent=29632"}],"curies":[{"name":"wp","href":"https:\/\/api.w.org\/{rel}","templated":true}]}}