{"id":1003,"date":"2025-04-15T07:56:42","date_gmt":"2025-04-15T07:56:42","guid":{"rendered":"https:\/\/xenonkungen.com\/product\/relakabelsats-2st-extraljus-12vdt\/"},"modified":"2026-04-10T17:40:16","modified_gmt":"2026-04-10T16:40:16","slug":"relaiskabelset-2-stuks-hulplampen-12v","status":"publish","type":"product","link":"https:\/\/xenonkungen.com\/nl\/product\/relaiskabelset-2-stuks-hulplampen-12v\/","title":{"rendered":"Relaiskabelset 2 stuks Extra verlichting 12V|DT 20A"},"content":{"rendered":"<h1>Relaiskabelset 2B | DT 20A 12V<\/h1>\n<p>Relaisbedrading voor veilige elektrische bediening van 2 lichtbalken of 2 extra lampen met DT (Deutsch) connectoren en auto zonder speciale eisen (zogenaamde Can-bus). Als uw auto halogeen grootlicht heeft, kunt u deze bedrading doorgaans gebruiken.<\/p>\n<p>Het aanbevolen maximale vermogen is <strong>120W\/10A<\/strong> (tot nominaal ca. 160W, bijv. 16 stuks 10W LED&#039;s).<\/p>\n<p><strong>Geschikt voor o.a. de volgende artikelen:<\/strong><br \/>\nLichte hellingen: X6, X8, X10, X12, X16<br \/>\nHulplicht: \u2013<\/p>\n<p>Zie optie Extra lichtkabel 1B\/2B\/3B indien u verlichting heeft met een hoger vermogen dan 120W\/10A.<\/p>\n<p>Er wordt een stekkerdoos meegeleverd voor het aansluiten van de signaalkabel (+).<br \/>\nZie afbeelding voor installatie-instructies (kabelversie met 1e DT).<\/p>\n<p>Actueel: <strong>12V<\/strong><br \/>\nRelais: 20A<br \/>\nZekering: 20A<br \/>\nGewicht: 245 g<br \/>\nKabeloppervlak: 2 of 2,7 mm\u00b2<br \/>\nLengte: 1,7 meter<br \/>\n= totale lengte 2,5 meter inclusief 0,8 meter opritkabel.<\/p>\n<p><em>Merk op dat sommige auto's een speciale relaisoplossing vereisen (zie accessoires XBB en\/of CanM8) vanwege de zogenaamde. Can-bus-bewaking. Dit geldt voornamelijk voor nieuwere Europese auto's met LED- of xenonverlichting.<\/em><\/p>","protected":false},"excerpt":{"rendered":"<p>Rel\u00e4kabelsats 2B | DT 20A 12V Rel\u00e4kablage f\u00f6r s\u00e4ker str\u00f6mdrift av 2st ljusramper eller 2st extraljus med DT (Deutsch) kontakter och bil utan s\u00e4rskilda krav (sk. Can-bus). Om din bil har halogen helljus kan du i regel anv\u00e4nda detta kablage. Rekommenderad h\u00f6gsta effekt \u00e4r 120W\/10A (upp till nominellt ca 160W, t.ex. 16st 10W LED). L\u00e4mplig [&hellip;]<\/p>","protected":false},"featured_media":1004,"comment_status":"closed","ping_status":"closed","template":"","meta":{"_acf_changed":false,"_smort_price_nok":"294","_smort_price_dkk":"187","_smort_price_eur":"25","_smort_sale_price_nok":"","_smort_sale_price_dkk":"","_smort_sale_price_eur":"18.75","smort_restorder":"","shipmondo_restorder":"","_kad_blocks_custom_css":"","_kad_blocks_head_custom_js":"","_kad_blocks_body_custom_js":"","_kad_blocks_footer_custom_js":"","smort_custom_pricelist_1":"176","smort_custom_pricelist_2":"154","smort_custom_pricelist_3":"143","smort_custom_pricelist_4":"220","smort_custom_pricelist_5":"154"},"anvandningsomrade":[],"bilmarken":[],"product_brand":[117],"product_cat":[2841,2828,2795,2796,2488,2491,2489,2490,390],"product_tag":[],"class_list":{"0":"post-1003","1":"product","2":"type-product","3":"status-publish","4":"has-post-thumbnail","6":"product_brand-xenonkungen","7":"product_cat-installation-extraljus","8":"product_cat-installation-led-ramper","9":"product_cat-kablar-rela","10":"product_cat-relakabelsatser","11":"product_cat-relasats-arbetsbelysning","12":"product_cat-relasats","13":"product_cat-relasats-extraljus","14":"product_cat-relasats-2","15":"product_cat-installation","16":"pa_lampsockel-kontakt-dt","17":"pa_volt-v-159","19":"first","20":"instock","21":"taxable","22":"shipping-taxable","23":"purchasable","24":"product-type-simple"},"bundled_by":[],"bundle_stock_status":"instock","bundle_stock_quantity":90,"bundle_virtual":false,"bundle_layout":"","bundle_add_to_cart_form_location":"","bundle_editable_in_cart":false,"bundle_sold_individually_context":"","bundle_item_grouping":"","bundle_min_size":"","bundle_max_size":"","bundle_price":[],"bundled_items":[],"bundle_sell_ids":[],"acf":[],"yoast_head":"<!-- This site is optimized with the Yoast SEO plugin v27.0 - https:\/\/yoast.com\/product\/yoast-seo-wordpress\/ -->\n<title>Rel\u00e4kabelsats 2st Extraljus 12V|DT 20A - Xenonkungen<\/title>\n<meta name=\"robots\" content=\"index, follow, max-snippet:-1, max-image-preview:large, max-video-preview:-1\" \/>\n<link rel=\"canonical\" href=\"https:\/\/xenonkungen.com\/nl\/product\/relaiskabelset-2-stuks-hulplampen-12v\/\" \/>\n<meta property=\"og:locale\" content=\"nl_NL\" \/>\n<meta property=\"og:type\" content=\"article\" \/>\n<meta property=\"og:title\" content=\"Rel\u00e4kabelsats 2st Extraljus 12V|DT 20A - Xenonkungen\" \/>\n<meta property=\"og:description\" content=\"Rel\u00e4kabelsats 2B | DT 20A 12V Rel\u00e4kablage f\u00f6r s\u00e4ker str\u00f6mdrift av 2st ljusramper eller 2st extraljus med DT (Deutsch) kontakter och bil utan s\u00e4rskilda krav (sk. Can-bus). Om din bil har halogen helljus kan du i regel anv\u00e4nda detta kablage. Rekommenderad h\u00f6gsta effekt \u00e4r 120W\/10A (upp till nominellt ca 160W, t.ex. 16st 10W LED). L\u00e4mplig [&hellip;]\" \/>\n<meta property=\"og:url\" content=\"https:\/\/xenonkungen.com\/nl\/product\/relaiskabelset-2-stuks-hulplampen-12v\/\" \/>\n<meta property=\"og:site_name\" content=\"Xenonkungen\" \/>\n<meta property=\"article:modified_time\" content=\"2026-04-10T16:40:16+00:00\" \/>\n<meta property=\"og:image\" content=\"https:\/\/xenonkungen.com\/wp-content\/uploads\/2025\/04\/65296329-origpic-0b254d.png\" \/>\n\t<meta property=\"og:image:width\" content=\"1000\" \/>\n\t<meta property=\"og:image:height\" content=\"1000\" \/>\n\t<meta property=\"og:image:type\" content=\"image\/png\" \/>\n<meta name=\"twitter:card\" content=\"summary_large_image\" \/>\n<meta name=\"twitter:label1\" content=\"Geschatte leestijd\" \/>\n\t<meta name=\"twitter:data1\" content=\"1 minuut\" \/>\n<script type=\"application\/ld+json\" class=\"yoast-schema-graph\">{\"@context\":\"https:\/\/schema.org\",\"@graph\":[{\"@type\":\"WebPage\",\"@id\":\"https:\/\/xenonkungen.com\/nl\/product\/relakabelsats-2st-extraljus-12vdt\/\",\"url\":\"https:\/\/xenonkungen.com\/nl\/product\/relakabelsats-2st-extraljus-12vdt\/\",\"name\":\"Rel\u00e4kabelsats 2st Extraljus 12V|DT 20A - Xenonkungen\",\"isPartOf\":{\"@id\":\"https:\/\/xenonkungen.com\/#website\"},\"primaryImageOfPage\":{\"@id\":\"https:\/\/xenonkungen.com\/nl\/product\/relakabelsats-2st-extraljus-12vdt\/#primaryimage\"},\"image\":{\"@id\":\"https:\/\/xenonkungen.com\/nl\/product\/relakabelsats-2st-extraljus-12vdt\/#primaryimage\"},\"thumbnailUrl\":\"https:\/\/xenonkungen.com\/wp-content\/uploads\/2025\/04\/65296329-origpic-0b254d.png\",\"datePublished\":\"2025-04-15T07:56:42+00:00\",\"dateModified\":\"2026-04-10T16:40:16+00:00\",\"breadcrumb\":{\"@id\":\"https:\/\/xenonkungen.com\/nl\/product\/relakabelsats-2st-extraljus-12vdt\/#breadcrumb\"},\"inLanguage\":\"nl-NL\",\"potentialAction\":[{\"@type\":\"ReadAction\",\"target\":[\"https:\/\/xenonkungen.com\/nl\/product\/relakabelsats-2st-extraljus-12vdt\/\"]}]},{\"@type\":\"ImageObject\",\"inLanguage\":\"nl-NL\",\"@id\":\"https:\/\/xenonkungen.com\/nl\/product\/relakabelsats-2st-extraljus-12vdt\/#primaryimage\",\"url\":\"https:\/\/xenonkungen.com\/wp-content\/uploads\/2025\/04\/65296329-origpic-0b254d.png\",\"contentUrl\":\"https:\/\/xenonkungen.com\/wp-content\/uploads\/2025\/04\/65296329-origpic-0b254d.png\",\"width\":1000,\"height\":1000},{\"@type\":\"BreadcrumbList\",\"@id\":\"https:\/\/xenonkungen.com\/nl\/product\/relakabelsats-2st-extraljus-12vdt\/#breadcrumb\",\"itemListElement\":[{\"@type\":\"ListItem\",\"position\":1,\"name\":\"Hem\",\"item\":\"https:\/\/xenonkungen.com\/\"},{\"@type\":\"ListItem\",\"position\":2,\"name\":\"Shop\",\"item\":\"https:\/\/xenonkungen.com\/shop\/\"},{\"@type\":\"ListItem\",\"position\":3,\"name\":\"Rel\u00e4kabelsats 2st Extraljus 12V|DT 20A\"}]},{\"@type\":\"WebSite\",\"@id\":\"https:\/\/xenonkungen.com\/#website\",\"url\":\"https:\/\/xenonkungen.com\/\",\"name\":\"Xenonkungen\",\"description\":\"\",\"potentialAction\":[{\"@type\":\"SearchAction\",\"target\":{\"@type\":\"EntryPoint\",\"urlTemplate\":\"https:\/\/xenonkungen.com\/?s={search_term_string}\"},\"query-input\":{\"@type\":\"PropertyValueSpecification\",\"valueRequired\":true,\"valueName\":\"search_term_string\"}}],\"inLanguage\":\"nl-NL\"}]}<\/script>\n<!-- \/ Yoast SEO plugin. -->","yoast_head_json":{"title":"Relaiskabelset 2 stuks Hulplamp 12V|DT 20A - Xenonkungen","robots":{"index":"index","follow":"follow","max-snippet":"max-snippet:-1","max-image-preview":"max-image-preview:large","max-video-preview":"max-video-preview:-1"},"canonical":"https:\/\/xenonkungen.com\/nl\/product\/relaiskabelset-2-stuks-hulplampen-12v\/","og_locale":"nl_NL","og_type":"article","og_title":"Rel\u00e4kabelsats 2st Extraljus 12V|DT 20A - Xenonkungen","og_description":"Rel\u00e4kabelsats 2B | DT 20A 12V Rel\u00e4kablage f\u00f6r s\u00e4ker str\u00f6mdrift av 2st ljusramper eller 2st extraljus med DT (Deutsch) kontakter och bil utan s\u00e4rskilda krav (sk. Can-bus). Om din bil har halogen helljus kan du i regel anv\u00e4nda detta kablage. Rekommenderad h\u00f6gsta effekt \u00e4r 120W\/10A (upp till nominellt ca 160W, t.ex. 16st 10W LED). L\u00e4mplig [&hellip;]","og_url":"https:\/\/xenonkungen.com\/nl\/product\/relaiskabelset-2-stuks-hulplampen-12v\/","og_site_name":"Xenonkungen","article_modified_time":"2026-04-10T16:40:16+00:00","og_image":[{"width":1000,"height":1000,"url":"https:\/\/xenonkungen.com\/wp-content\/uploads\/2025\/04\/65296329-origpic-0b254d.png","type":"image\/png"}],"twitter_card":"summary_large_image","twitter_misc":{"Geschatte leestijd":"1 minuut"},"schema":{"@context":"https:\/\/schema.org","@graph":[{"@type":"WebPage","@id":"https:\/\/xenonkungen.com\/nl\/product\/relakabelsats-2st-extraljus-12vdt\/","url":"https:\/\/xenonkungen.com\/nl\/product\/relakabelsats-2st-extraljus-12vdt\/","name":"Relaiskabelset 2 stuks Hulplamp 12V|DT 20A - Xenonkungen","isPartOf":{"@id":"https:\/\/xenonkungen.com\/#website"},"primaryImageOfPage":{"@id":"https:\/\/xenonkungen.com\/nl\/product\/relakabelsats-2st-extraljus-12vdt\/#primaryimage"},"image":{"@id":"https:\/\/xenonkungen.com\/nl\/product\/relakabelsats-2st-extraljus-12vdt\/#primaryimage"},"thumbnailUrl":"https:\/\/xenonkungen.com\/wp-content\/uploads\/2025\/04\/65296329-origpic-0b254d.png","datePublished":"2025-04-15T07:56:42+00:00","dateModified":"2026-04-10T16:40:16+00:00","breadcrumb":{"@id":"https:\/\/xenonkungen.com\/nl\/product\/relakabelsats-2st-extraljus-12vdt\/#breadcrumb"},"inLanguage":"nl-NL","potentialAction":[{"@type":"ReadAction","target":["https:\/\/xenonkungen.com\/nl\/product\/relakabelsats-2st-extraljus-12vdt\/"]}]},{"@type":"ImageObject","inLanguage":"nl-NL","@id":"https:\/\/xenonkungen.com\/nl\/product\/relakabelsats-2st-extraljus-12vdt\/#primaryimage","url":"https:\/\/xenonkungen.com\/wp-content\/uploads\/2025\/04\/65296329-origpic-0b254d.png","contentUrl":"https:\/\/xenonkungen.com\/wp-content\/uploads\/2025\/04\/65296329-origpic-0b254d.png","width":1000,"height":1000},{"@type":"BreadcrumbList","@id":"https:\/\/xenonkungen.com\/nl\/product\/relakabelsats-2st-extraljus-12vdt\/#breadcrumb","itemListElement":[{"@type":"ListItem","position":1,"name":"Hem","item":"https:\/\/xenonkungen.com\/"},{"@type":"ListItem","position":2,"name":"Shop","item":"https:\/\/xenonkungen.com\/shop\/"},{"@type":"ListItem","position":3,"name":"Rel\u00e4kabelsats 2st Extraljus 12V|DT 20A"}]},{"@type":"WebSite","@id":"https:\/\/xenonkungen.com\/#website","url":"https:\/\/xenonkungen.com\/","name":"Xenonkungen","description":"","potentialAction":[{"@type":"SearchAction","target":{"@type":"EntryPoint","urlTemplate":"https:\/\/xenonkungen.com\/?s={search_term_string}"},"query-input":{"@type":"PropertyValueSpecification","valueRequired":true,"valueName":"search_term_string"}}],"inLanguage":"nl-NL"}]}},"taxonomy_info":{"product_brand":[{"value":117,"label":"Xenonkungen"}],"product_cat":[{"value":2841,"label":"Installation extraljus"},{"value":2828,"label":"Installation LED-ramper"},{"value":2795,"label":"Kablar och Rel\u00e4"},{"value":2796,"label":"Rel\u00e4kabelsatser"},{"value":2488,"label":"Rel\u00e4sats"},{"value":2491,"label":"Rel\u00e4sats"},{"value":2489,"label":"Rel\u00e4satser"},{"value":2490,"label":"Rel\u00e4satser"},{"value":390,"label":"Installation"}],"pa_lampsockel-kontakt":[{"value":329,"label":"DT"}],"pa_volt-v":[{"value":159,"label":"12"}]},"featured_image_src_large":["https:\/\/xenonkungen.com\/wp-content\/uploads\/2025\/04\/65296329-origpic-0b254d.png",1000,1000,false],"author_info":[],"comment_info":0,"_links":{"self":[{"href":"https:\/\/xenonkungen.com\/nl\/wp-json\/wp\/v2\/product\/1003","targetHints":{"allow":["GET"]}}],"collection":[{"href":"https:\/\/xenonkungen.com\/nl\/wp-json\/wp\/v2\/product"}],"about":[{"href":"https:\/\/xenonkungen.com\/nl\/wp-json\/wp\/v2\/types\/product"}],"replies":[{"embeddable":true,"href":"https:\/\/xenonkungen.com\/nl\/wp-json\/wp\/v2\/comments?post=1003"}],"wp:featuredmedia":[{"embeddable":true,"href":"https:\/\/xenonkungen.com\/nl\/wp-json\/wp\/v2\/media\/1004"}],"wp:attachment":[{"href":"https:\/\/xenonkungen.com\/nl\/wp-json\/wp\/v2\/media?parent=1003"}],"wp:term":[{"taxonomy":"anvandningsomrade","embeddable":true,"href":"https:\/\/xenonkungen.com\/nl\/wp-json\/wp\/v2\/anvandningsomrade?post=1003"},{"taxonomy":"bilmarken","embeddable":true,"href":"https:\/\/xenonkungen.com\/nl\/wp-json\/wp\/v2\/bilmarken?post=1003"},{"taxonomy":"product_brand","embeddable":true,"href":"https:\/\/xenonkungen.com\/nl\/wp-json\/wp\/v2\/product_brand?post=1003"},{"taxonomy":"product_cat","embeddable":true,"href":"https:\/\/xenonkungen.com\/nl\/wp-json\/wp\/v2\/product_cat?post=1003"},{"taxonomy":"product_tag","embeddable":true,"href":"https:\/\/xenonkungen.com\/nl\/wp-json\/wp\/v2\/product_tag?post=1003"}],"curies":[{"name":"wp","href":"https:\/\/api.w.org\/{rel}","templated":true}]}}