{"id":10303,"date":"2025-08-25T14:19:02","date_gmt":"2025-08-25T14:19:02","guid":{"rendered":"https:\/\/xenonkungen.com\/?post_type=product&#038;p=10303"},"modified":"2026-04-24T21:24:32","modified_gmt":"2026-04-24T20:24:32","slug":"aangepast-pakket-luxtar-twilight-yellow-canbus","status":"publish","type":"product","link":"https:\/\/xenonkungen.com\/nl\/product\/aangepast-pakket-luxtar-twilight-yellow-canbus\/","title":{"rendered":"Luxtar Twilight-inbouwset geel &gt;&gt;CANBUS<<"},"content":{"rendered":"<h2>Inbouwpakket Luxtar Twilight | Geel &gt;&gt;CANBUS&lt;&lt; | Compleet pakket voor krachtige verlichting en veilige verbinding<\/h2>\n<p>Breng uw autoverlichting naar een hoger niveau met onze <strong>Inbouwset Luxtar Twilight | Geel &gt;&gt;CANBUS&lt;&lt;<\/strong>Met een indrukwekkende helderheid van 300 W, 18.140 lumen en 1 lux tot 794 meter, biedt dit pakket uitzonderlijk zicht, zelfs in donkere en moeilijke omstandigheden. Getest en goedgekeurd volgens de R112-norm, levert dit pakket ook 1 lux tot 430 meter.<\/p>\n<h3>Het pakket bevat:<\/h3>\n<ul>\n<li><strong>Luxtar Trapleuninghouder Twilight | Zwart | Roestvrij Staal<\/strong><br \/>\nEen robuuste en weerbestendige roestvrijstalen houder die perfect past bij een strakke, zwarte look. Ontworpen voor optimale duurzaamheid, past de houder naadloos in uw voertuig.<\/li>\n<li><strong>Luxtar relaiskabelset DTP-4 X1 | 12V 80A relais<\/strong><br \/>\nEen betrouwbare relaiskabelset voor stabiele stroomoverdracht, ontworpen om 80 A aan te kunnen en consistente prestaties en veilige werking van het verlichtingssysteem te garanderen.<\/li>\n<li><strong>XBB OBD-II Dongle + PowerUnit<\/strong><br \/>\nVoor intu\u00eftieve en effici\u00ebnte verlichtingsregeling via OBD-II, waardoor u de verlichting soepel rechtstreeks vanuit het diagnosesysteem van uw auto kunt bedienen. Een praktische oplossing die installatie en gebruik vereenvoudigt.<\/li>\n<li><strong>Kabelset voor voedingseenheid XBB - DT<br \/>\n<\/strong>Signaalkabel met DT-connector voor effici\u00ebnte en veilige transmissie. Robuuste constructie voor langdurig gebruik en optimale prestaties in elektrische en technische toepassingen. Eenvoudig te installeren.<\/li>\n<\/ul>\n<h3>Aanbevolen accessoires voor optimale prestaties:<\/h3>\n<p>Om een zo goed mogelijke signaaloverdracht te garanderen, raden wij u aan om: <strong>103179XR-DT Kabelset voor XBB Power Unit \u2013 DT<\/strong> als signaalkabel. Deze hoogwaardige kabelset is ontworpen voor veeleisende omgevingen en biedt een veilige en robuuste verbinding die de duurzaamheid en functionaliteit van uw verlichtingssysteem verlengt.<\/p>\n<p>Met het Luxtar Twilight | Yellow Recessed-pakket krijgt u alles wat u nodig hebt om een effici\u00ebnte en betrouwbare verlichtingsinstallatie te cre\u00ebren, met hoge prestaties en een betrouwbare verbinding \u2013 perfect voor iedereen die krachtige verlichting wil combineren met stijl en veiligheid.<\/p>\n<h2><a href=\"https:\/\/xenonkungen.com\/wp-content\/uploads\/2025\/10\/XBB-Canbus-over-15A-inkoppling.pdf\">Klik hier om het bedradingsschema te bekijken, Bedradingsbundels met twee relais en XBB\u00a0<\/a><\/h2>","protected":false},"excerpt":{"rendered":"<p>Upgrade de verlichting van uw auto met het Luxtar Twilight | Geel installatiepakket &gt;&gt;CANBUS&lt;&lt;. Dit complete pakket biedt krachtige prestaties, optimale duurzaamheid en eenvoudige installatie - perfect voor veiliger rijden en beter zicht onder alle omstandigheden.<\/p>","protected":false},"featured_media":10304,"comment_status":"open","ping_status":"closed","template":"","meta":{"_acf_changed":false,"_smort_price_nok":"9287","_smort_price_dkk":"5900","_smort_price_eur":"790.42","_smort_sale_price_nok":"","_smort_sale_price_dkk":"","_smort_sale_price_eur":"","smort_restorder":"","shipmondo_restorder":"","_kad_blocks_custom_css":"","_kad_blocks_head_custom_js":"","_kad_blocks_body_custom_js":"","_kad_blocks_footer_custom_js":"","smort_custom_pricelist_1":"5564.8","smort_custom_pricelist_2":"4869.2","smort_custom_pricelist_3":"4521.4","smort_custom_pricelist_4":"6956","smort_custom_pricelist_5":"4869.2"},"anvandningsomrade":[236,207,166,167,1915],"bilmarken":[],"product_brand":[103],"product_cat":[2539,2826,2542,18,20,2159,1916],"product_tag":[2726],"class_list":{"0":"post-10303","1":"product","2":"type-product","3":"status-publish","4":"has-post-thumbnail","6":"anvandningsomrade-entreprenad","7":"anvandningsomrade-husbil","8":"anvandningsomrade-lastbil","9":"anvandningsomrade-personbil","10":"anvandningsomrade-skapbil","11":"product_brand-luxtar","12":"product_cat-ledramper","13":"product_cat-luxtar","14":"product_cat-luxtar-twilight-ledramper","15":"product_cat-led-ramper-ljusramper","16":"product_cat-luxtar-twilight-led-ramper-ljusramper","17":"product_cat-luxtar-twilight","18":"product_cat-ledrampspaket","19":"product_tag-produktpaket","21":"first","22":"outofstock","23":"virtual","24":"taxable","25":"purchasable","26":"product-type-bundle"},"bundled_by":[],"bundle_stock_status":"outofstock","bundle_stock_quantity":0,"bundle_virtual":false,"bundle_layout":"default","bundle_add_to_cart_form_location":"default","bundle_editable_in_cart":false,"bundle_sold_individually_context":"product","bundle_item_grouping":"parent","bundle_min_size":"","bundle_max_size":"","bundle_price":{"price":{"min":{"incl_tax":"790.39","excl_tax":"632.30617348"},"max":{"incl_tax":"790.39","excl_tax":"632.30617348"}},"regular_price":{"min":{"incl_tax":"790.39","excl_tax":"632.30617348"},"max":{"incl_tax":"790.39","excl_tax":"632.30617348"}}},"bundled_items":[{"bundled_item_id":491,"product_id":2765,"menu_order":0,"quantity_min":1,"quantity_max":1,"quantity_default":1,"priced_individually":false,"shipped_individually":false,"override_title":false,"title":"Luxtar Schemerlamp Led Beugel | Zwart | RF","override_description":false,"description":"","optional":false,"hide_thumbnail":false,"discount":"","override_variations":false,"allowed_variations":[],"override_default_variation_attributes":false,"default_variation_attributes":[],"single_product_visibility":"visible","cart_visibility":"visible","order_visibility":"visible","single_product_price_visibility":"visible","cart_price_visibility":"visible","order_price_visibility":"visible","stock_status":"out_of_stock"},{"bundled_item_id":492,"product_id":1069,"menu_order":1,"quantity_min":1,"quantity_max":1,"quantity_default":1,"priced_individually":false,"shipped_individually":false,"override_title":false,"title":"Luxtar Relais kabelset DTP-4 X1 12V 80A Relais","override_description":false,"description":"","optional":false,"hide_thumbnail":false,"discount":"","override_variations":false,"allowed_variations":[],"override_default_variation_attributes":false,"default_variation_attributes":[],"single_product_visibility":"visible","cart_visibility":"visible","order_visibility":"visible","single_product_price_visibility":"visible","cart_price_visibility":"visible","order_price_visibility":"visible","stock_status":"on_backorder"},{"bundled_item_id":493,"product_id":1538,"menu_order":2,"quantity_min":1,"quantity_max":1,"quantity_default":1,"priced_individually":false,"shipped_individually":false,"override_title":false,"title":"XBB OBD-II Dongle + PowerUnit","override_description":false,"description":"","optional":false,"hide_thumbnail":false,"discount":"","override_variations":false,"allowed_variations":[],"override_default_variation_attributes":false,"default_variation_attributes":[],"single_product_visibility":"visible","cart_visibility":"visible","order_visibility":"visible","single_product_price_visibility":"visible","cart_price_visibility":"visible","order_price_visibility":"visible","stock_status":"on_backorder"},{"bundled_item_id":494,"product_id":2605,"menu_order":3,"quantity_min":1,"quantity_max":1,"quantity_default":1,"priced_individually":false,"shipped_individually":false,"override_title":false,"title":"Kabelset voor XBB-voedingseenheid - DT","override_description":false,"description":"","optional":false,"hide_thumbnail":false,"discount":"","override_variations":false,"allowed_variations":[],"override_default_variation_attributes":false,"default_variation_attributes":[],"single_product_visibility":"visible","cart_visibility":"visible","order_visibility":"visible","single_product_price_visibility":"visible","cart_price_visibility":"visible","order_price_visibility":"visible","stock_status":"in_stock"}],"bundle_sell_ids":[],"acf":[],"yoast_head":"<!-- This site is optimized with the Yoast SEO plugin v27.0 - https:\/\/yoast.com\/product\/yoast-seo-wordpress\/ -->\n<title>Inf\u00e4llnadspaket Luxtar Twilight | Yellow &gt;&gt;CANBUS<\/title>\n<meta name=\"robots\" content=\"index, follow, max-snippet:-1, max-image-preview:large, max-video-preview:-1\" \/>\n<link rel=\"canonical\" href=\"https:\/\/xenonkungen.com\/nl\/product\/aangepast-pakket-luxtar-twilight-yellow-canbus\/\" \/>\n<meta property=\"og:locale\" content=\"nl_NL\" \/>\n<meta property=\"og:type\" content=\"article\" \/>\n<meta property=\"og:title\" content=\"Inf\u00e4llnadspaket Luxtar Twilight | Yellow &gt;&gt;CANBUS\" \/>\n<meta property=\"og:description\" content=\"Uppgradera din bils belysning med Luxtar Twilight | Yellow Inbyggnadspaket &gt;&gt;CANBUS&lt;&lt;. Detta kompletta paket erbjuder kraftfull prestanda, optimal h\u00e5llbarhet och enkel installation \u2013 perfekt f\u00f6r s\u00e4krare k\u00f6rning och b\u00e4ttre sikt under alla f\u00f6rh\u00e5llanden.\" \/>\n<meta property=\"og:url\" content=\"https:\/\/xenonkungen.com\/nl\/product\/aangepast-pakket-luxtar-twilight-yellow-canbus\/\" \/>\n<meta property=\"og:site_name\" content=\"Xenonkungen\" \/>\n<meta property=\"article:modified_time\" content=\"2026-04-24T20:24:32+00:00\" \/>\n<meta property=\"og:image\" content=\"https:\/\/xenonkungen.com\/wp-content\/uploads\/2025\/06\/XXC-Twilight-INF-Y.png\" \/>\n\t<meta property=\"og:image:width\" content=\"1000\" \/>\n\t<meta property=\"og:image:height\" content=\"1000\" \/>\n\t<meta property=\"og:image:type\" content=\"image\/png\" \/>\n<meta name=\"twitter:card\" content=\"summary_large_image\" \/>\n<meta name=\"twitter:label1\" content=\"Geschatte leestijd\" \/>\n\t<meta name=\"twitter:data1\" content=\"2 minuten\" \/>\n<script type=\"application\/ld+json\" class=\"yoast-schema-graph\">{\"@context\":\"https:\/\/schema.org\",\"@graph\":[{\"@type\":\"WebPage\",\"@id\":\"https:\/\/xenonkungen.com\/produkt\/infallnadspaket-luxtar-twilight-yellow-canbus\/\",\"url\":\"https:\/\/xenonkungen.com\/produkt\/infallnadspaket-luxtar-twilight-yellow-canbus\/\",\"name\":\"Inf\u00e4llnadspaket Luxtar Twilight | Yellow >>CANBUS\",\"isPartOf\":{\"@id\":\"https:\/\/xenonkungen.com\/#website\"},\"primaryImageOfPage\":{\"@id\":\"https:\/\/xenonkungen.com\/produkt\/infallnadspaket-luxtar-twilight-yellow-canbus\/#primaryimage\"},\"image\":{\"@id\":\"https:\/\/xenonkungen.com\/produkt\/infallnadspaket-luxtar-twilight-yellow-canbus\/#primaryimage\"},\"thumbnailUrl\":\"https:\/\/xenonkungen.com\/wp-content\/uploads\/2025\/06\/XXC-Twilight-INF-Y.png\",\"datePublished\":\"2025-08-25T14:19:02+00:00\",\"dateModified\":\"2026-04-24T20:24:32+00:00\",\"breadcrumb\":{\"@id\":\"https:\/\/xenonkungen.com\/produkt\/infallnadspaket-luxtar-twilight-yellow-canbus\/#breadcrumb\"},\"inLanguage\":\"nl-NL\",\"potentialAction\":[{\"@type\":\"ReadAction\",\"target\":[\"https:\/\/xenonkungen.com\/produkt\/infallnadspaket-luxtar-twilight-yellow-canbus\/\"]}]},{\"@type\":\"ImageObject\",\"inLanguage\":\"nl-NL\",\"@id\":\"https:\/\/xenonkungen.com\/produkt\/infallnadspaket-luxtar-twilight-yellow-canbus\/#primaryimage\",\"url\":\"https:\/\/xenonkungen.com\/wp-content\/uploads\/2025\/06\/XXC-Twilight-INF-Y.png\",\"contentUrl\":\"https:\/\/xenonkungen.com\/wp-content\/uploads\/2025\/06\/XXC-Twilight-INF-Y.png\",\"width\":1000,\"height\":1000},{\"@type\":\"BreadcrumbList\",\"@id\":\"https:\/\/xenonkungen.com\/produkt\/infallnadspaket-luxtar-twilight-yellow-canbus\/#breadcrumb\",\"itemListElement\":[{\"@type\":\"ListItem\",\"position\":1,\"name\":\"Hem\",\"item\":\"https:\/\/xenonkungen.com\/\"},{\"@type\":\"ListItem\",\"position\":2,\"name\":\"Shop\",\"item\":\"https:\/\/xenonkungen.com\/shop\/\"},{\"@type\":\"ListItem\",\"position\":3,\"name\":\"Inf\u00e4llnadspaket Luxtar Twilight | Yellow >>CANBUS\"}]},{\"@type\":\"WebSite\",\"@id\":\"https:\/\/xenonkungen.com\/#website\",\"url\":\"https:\/\/xenonkungen.com\/\",\"name\":\"Xenonkungen\",\"description\":\"\",\"potentialAction\":[{\"@type\":\"SearchAction\",\"target\":{\"@type\":\"EntryPoint\",\"urlTemplate\":\"https:\/\/xenonkungen.com\/?s={search_term_string}\"},\"query-input\":{\"@type\":\"PropertyValueSpecification\",\"valueRequired\":true,\"valueName\":\"search_term_string\"}}],\"inLanguage\":\"nl-NL\"}]}<\/script>\n<!-- \/ Yoast SEO plugin. -->","yoast_head_json":{"title":"Luxtar Twilight-inbouwset geel &gt;&gt;CANBUS","robots":{"index":"index","follow":"follow","max-snippet":"max-snippet:-1","max-image-preview":"max-image-preview:large","max-video-preview":"max-video-preview:-1"},"canonical":"https:\/\/xenonkungen.com\/nl\/product\/aangepast-pakket-luxtar-twilight-yellow-canbus\/","og_locale":"nl_NL","og_type":"article","og_title":"Inf\u00e4llnadspaket Luxtar Twilight | Yellow >>CANBUS","og_description":"Uppgradera din bils belysning med Luxtar Twilight | Yellow Inbyggnadspaket &gt;&gt;CANBUS&lt;&lt;. Detta kompletta paket erbjuder kraftfull prestanda, optimal h\u00e5llbarhet och enkel installation \u2013 perfekt f\u00f6r s\u00e4krare k\u00f6rning och b\u00e4ttre sikt under alla f\u00f6rh\u00e5llanden.","og_url":"https:\/\/xenonkungen.com\/nl\/product\/aangepast-pakket-luxtar-twilight-yellow-canbus\/","og_site_name":"Xenonkungen","article_modified_time":"2026-04-24T20:24:32+00:00","og_image":[{"width":1000,"height":1000,"url":"https:\/\/xenonkungen.com\/wp-content\/uploads\/2025\/06\/XXC-Twilight-INF-Y.png","type":"image\/png"}],"twitter_card":"summary_large_image","twitter_misc":{"Geschatte leestijd":"2 minuten"},"schema":{"@context":"https:\/\/schema.org","@graph":[{"@type":"WebPage","@id":"https:\/\/xenonkungen.com\/produkt\/infallnadspaket-luxtar-twilight-yellow-canbus\/","url":"https:\/\/xenonkungen.com\/produkt\/infallnadspaket-luxtar-twilight-yellow-canbus\/","name":"Luxtar Twilight-inbouwset geel &gt;&gt;CANBUS","isPartOf":{"@id":"https:\/\/xenonkungen.com\/#website"},"primaryImageOfPage":{"@id":"https:\/\/xenonkungen.com\/produkt\/infallnadspaket-luxtar-twilight-yellow-canbus\/#primaryimage"},"image":{"@id":"https:\/\/xenonkungen.com\/produkt\/infallnadspaket-luxtar-twilight-yellow-canbus\/#primaryimage"},"thumbnailUrl":"https:\/\/xenonkungen.com\/wp-content\/uploads\/2025\/06\/XXC-Twilight-INF-Y.png","datePublished":"2025-08-25T14:19:02+00:00","dateModified":"2026-04-24T20:24:32+00:00","breadcrumb":{"@id":"https:\/\/xenonkungen.com\/produkt\/infallnadspaket-luxtar-twilight-yellow-canbus\/#breadcrumb"},"inLanguage":"nl-NL","potentialAction":[{"@type":"ReadAction","target":["https:\/\/xenonkungen.com\/produkt\/infallnadspaket-luxtar-twilight-yellow-canbus\/"]}]},{"@type":"ImageObject","inLanguage":"nl-NL","@id":"https:\/\/xenonkungen.com\/produkt\/infallnadspaket-luxtar-twilight-yellow-canbus\/#primaryimage","url":"https:\/\/xenonkungen.com\/wp-content\/uploads\/2025\/06\/XXC-Twilight-INF-Y.png","contentUrl":"https:\/\/xenonkungen.com\/wp-content\/uploads\/2025\/06\/XXC-Twilight-INF-Y.png","width":1000,"height":1000},{"@type":"BreadcrumbList","@id":"https:\/\/xenonkungen.com\/produkt\/infallnadspaket-luxtar-twilight-yellow-canbus\/#breadcrumb","itemListElement":[{"@type":"ListItem","position":1,"name":"Hem","item":"https:\/\/xenonkungen.com\/"},{"@type":"ListItem","position":2,"name":"Shop","item":"https:\/\/xenonkungen.com\/shop\/"},{"@type":"ListItem","position":3,"name":"Inf\u00e4llnadspaket Luxtar Twilight | Yellow >>CANBUS"}]},{"@type":"WebSite","@id":"https:\/\/xenonkungen.com\/#website","url":"https:\/\/xenonkungen.com\/","name":"Xenonkungen","description":"","potentialAction":[{"@type":"SearchAction","target":{"@type":"EntryPoint","urlTemplate":"https:\/\/xenonkungen.com\/?s={search_term_string}"},"query-input":{"@type":"PropertyValueSpecification","valueRequired":true,"valueName":"search_term_string"}}],"inLanguage":"nl-NL"}]}},"taxonomy_info":{"anvandningsomrade":[{"value":236,"label":"Entreprenad"},{"value":207,"label":"Husbil"},{"value":166,"label":"Lastbil"},{"value":167,"label":"PERSONBIL"},{"value":1915,"label":"Sk\u00e5pbil"}],"product_brand":[{"value":103,"label":"LUXTAR"}],"product_cat":[{"value":2539,"label":"LEDRAMPER"},{"value":2826,"label":"LUXTAR"},{"value":2542,"label":"Luxtar Twilight"},{"value":18,"label":"LED Ramper \/ Ljusramper"},{"value":20,"label":"Luxtar Twilight"},{"value":2159,"label":"LUXTAR Twilight"},{"value":1916,"label":"Ledrampspaket"}],"product_tag":[{"value":2726,"label":"produktpaket"}]},"featured_image_src_large":["https:\/\/xenonkungen.com\/wp-content\/uploads\/2025\/06\/XXC-Twilight-INF-Y.png",1000,1000,false],"author_info":[],"comment_info":0,"_links":{"self":[{"href":"https:\/\/xenonkungen.com\/nl\/wp-json\/wp\/v2\/product\/10303","targetHints":{"allow":["GET"]}}],"collection":[{"href":"https:\/\/xenonkungen.com\/nl\/wp-json\/wp\/v2\/product"}],"about":[{"href":"https:\/\/xenonkungen.com\/nl\/wp-json\/wp\/v2\/types\/product"}],"replies":[{"embeddable":true,"href":"https:\/\/xenonkungen.com\/nl\/wp-json\/wp\/v2\/comments?post=10303"}],"wp:featuredmedia":[{"embeddable":true,"href":"https:\/\/xenonkungen.com\/nl\/wp-json\/wp\/v2\/media\/10304"}],"wp:attachment":[{"href":"https:\/\/xenonkungen.com\/nl\/wp-json\/wp\/v2\/media?parent=10303"}],"wp:term":[{"taxonomy":"anvandningsomrade","embeddable":true,"href":"https:\/\/xenonkungen.com\/nl\/wp-json\/wp\/v2\/anvandningsomrade?post=10303"},{"taxonomy":"bilmarken","embeddable":true,"href":"https:\/\/xenonkungen.com\/nl\/wp-json\/wp\/v2\/bilmarken?post=10303"},{"taxonomy":"product_brand","embeddable":true,"href":"https:\/\/xenonkungen.com\/nl\/wp-json\/wp\/v2\/product_brand?post=10303"},{"taxonomy":"product_cat","embeddable":true,"href":"https:\/\/xenonkungen.com\/nl\/wp-json\/wp\/v2\/product_cat?post=10303"},{"taxonomy":"product_tag","embeddable":true,"href":"https:\/\/xenonkungen.com\/nl\/wp-json\/wp\/v2\/product_tag?post=10303"}],"curies":[{"name":"wp","href":"https:\/\/api.w.org\/{rel}","templated":true}]}}