{"id":10613,"date":"2025-06-19T11:29:49","date_gmt":"2025-06-19T11:29:49","guid":{"rendered":"https:\/\/xenonkungen.com\/produkt\/2-pack-extraljus-nbb-alpha-225-60w-xenon-24v-2\/"},"modified":"2025-12-10T14:51:22","modified_gmt":"2025-12-10T13:51:22","slug":"2-pack-extra-lichte-nbb-alpha-225-60w-xenonlampen-24v","status":"publish","type":"product","link":"https:\/\/xenonkungen.com\/nl\/product\/2-pack-extra-lichte-nbb-alpha-225-60w-xenonlampen-24v\/","title":{"rendered":"2-PAK Extra licht NBB Alpha 225 60W Xenon 24V"},"content":{"rendered":"<p>NBB Alpha 225 60W Xenon 24V | Compleet pakket met 2 x x xenon verstralers met diameter <strong>225 mm<\/strong> Zeer populair model met een van de beste lichtpatronen op de markt. Nieuw model met LED-positielicht op de bovenrand (optionele aansluiting).<\/p>\n<p>De optie voor wie de voorkeur geeft aan zo veel en zo goed mogelijk licht. In een versie met echt effect op <strong>60W xenon<\/strong>.<\/p>\n<p>Zowel de ballast (met 3 jaar garantie) als de xenonlamp zijn van het type Supersnelle start en Hoge helderheid. <\/p>\n<p>Een lichtstroom van 10000\u00b1200 lumen (4300K) met twee NBB225's zorgt voor een afstandsverlichting van ongeveer 1000 meter.<\/p>\n<p>Lampbehuizing: NBB 225 Alpha LED, populaire bestseller die voldoet aan hoge kwaliteitseisen. E-keurmerk in origineel halogeenontwerp. Verticaal gemonteerd.<br \/>- Glasvezelversterkte kunststof<br \/>- Aluminium vrije-vorm reflector<br \/>- Heldere glazen lens in polycarbonaat<br \/>- Lichtbeeld Afstandsbediening<\/p>\n<p><em>Desgewenst kun je de ballast in de lantaarn monteren. Onze aanbeveling is echter plaatsing aan de buitenkant in het motorcompartiment. Het vermindert het gewicht en je hebt nog wat over als de hulplichten worden gestolen.<\/em><\/p>\n<p>Elke kleurtemperatuur (K = Kelvin):<br \/><strong>4300K<\/strong> (5000\u00b1100 lm, standaard wit)<br \/><strong>5000K<\/strong>~5400K (4700\u00b1100 lm, helder wit)<br \/><strong>6000K<\/strong> (4100\u00b1100 lm, diamantwit)<br \/>Werkelijke waarden per xenonlamp volgens spectroanalyse.<br \/>- Wij raden 4300K aan.<\/p>\n<p>Inhoud van de levering:<br \/>2st <a href=\"https:\/\/www.xenonkungen.com\/sok\/161041\" target=\"_blank\" rel=\"noopener\">Extra licht NBB 225 LED<\/a><br \/>2st <a href=\"https:\/\/www.xenonkungen.com\/se\/produkter\/xenon\/ballaster\/xenon-ballast-60w-70w.html\" target=\"_blank\" rel=\"noopener\">#103099 HNS-6 xenon voorschakelapparaat 60W<\/a><br \/>2st <a href=\"https:\/\/www.xenonkungen.com\/se\/produkter\/xenon\/xenonlampor-kit\/d2h-xenonlampor-for-nbb-225.html\" target=\"_blank\" rel=\"noopener\">#124344 Power Extra gloeilamp D2H<\/a><br \/>2st <a href=\"https:\/\/www.xenonkungen.com\/se\/produkter\/xenon\/kablar-kontakter\/forlangningskabel-40cm.html\" target=\"_blank\" rel=\"noopener\">#103126-40 Verlengkabel 40 cm<\/a><br \/>1e <a href=\"https:\/\/www.xenonkungen.com\/se\/produkter\/xenon\/kablar-kontakter\/extraljuskabel-2b-24v.html\" target=\"_blank\" rel=\"noopener\">#103108 Relaiskabel 2B 24V<\/a><br \/>1e <a href=\"https:\/\/www.xenonkungen.com\/se\/produkter\/installationsmaterial\/fasten-universal\/extraljusfaste-svart-2-225mm.html\" target=\"_blank\" rel=\"noopener\">#161101-2 Extra lichtbeugel Zwart 2<\/a><br \/>2st <a href=\"https:\/\/www.xenonkungen.com\/se\/produkter\/installationsmaterial\/fasten-universal\/extraljus-stag-rund-svart.html\" target=\"_blank\" rel=\"noopener\">#161107 Extra licht label<\/a><\/p>\n<p>Reserveonderdelen zijn verkrijgbaar in ons reguliere assortiment.<\/p>\n<p>Het pakket wordt standaard ongemonteerd geleverd of gemonteerd met ingebouwde ballast en xenonlamp (100 SEK\/NBB).<br \/>Het extra licht is niet E-goedgekeurd in deze versie.<\/p>\n<p>1 jaar garantie (3 jaar voor voorschakelapparaat HNS-6).<\/p>","protected":false},"excerpt":{"rendered":"<p>NBB Alpha 225 60W Xenon 24V | Komplett paket med 2st xenon extraljus med diameter 225mm av mycket popul\u00e4r modell med ett av marknadens absolut b\u00e4sta ljusbild. Nya modellen med LED positionsljus p\u00e5 \u00f6verkanten (valfri inkoppling). Alternativet f\u00f6r dig som prioriterar mesta och b\u00e4sta m\u00f6jliga ljus. I utf\u00f6rande med verklig effekt p\u00e5 60W xenon. B\u00e5de [&hellip;]<\/p>","protected":false},"featured_media":10577,"comment_status":"closed","ping_status":"open","template":"","meta":{"_acf_changed":false,"_smort_price_nok":"3947","_smort_price_dkk":"2507","_smort_price_eur":"335.89","_smort_sale_price_nok":"","_smort_sale_price_dkk":"","_smort_sale_price_eur":"","smort_restorder":"","shipmondo_restorder":"","_kad_blocks_custom_css":"","_kad_blocks_head_custom_js":"","_kad_blocks_body_custom_js":"","_kad_blocks_footer_custom_js":"","smort_custom_pricelist_1":"","smort_custom_pricelist_2":"","smort_custom_pricelist_3":"","smort_custom_pricelist_4":"","smort_custom_pricelist_5":""},"anvandningsomrade":[],"bilmarken":[],"product_brand":[],"product_cat":[2674,142],"product_tag":[],"class_list":{"0":"post-10613","1":"product","2":"type-product","3":"status-publish","4":"has-post-thumbnail","6":"product_cat-paket-extraljus","7":"product_cat-extraljus","8":"pa_fargtemperatur-5000k","9":"pa_fargtemperatur-6000k","10":"pa_fargtemperatur-4300k","12":"first","13":"onbackorder","14":"taxable","15":"shipping-taxable","16":"purchasable","17":"product-type-variable"},"bundled_by":[],"bundle_stock_status":"onbackorder","bundle_stock_quantity":null,"bundle_virtual":false,"bundle_layout":"","bundle_add_to_cart_form_location":"","bundle_editable_in_cart":false,"bundle_sold_individually_context":"","bundle_item_grouping":"","bundle_min_size":"","bundle_max_size":"","bundle_price":[],"bundled_items":[],"bundle_sell_ids":[],"acf":[],"yoast_head":"<!-- This site is optimized with the Yoast SEO plugin v27.0 - https:\/\/yoast.com\/product\/yoast-seo-wordpress\/ -->\n<title>2-PACK Extraljus NBB Alpha 225 60W Xenon 24V - Xenonkungen<\/title>\n<meta name=\"robots\" content=\"index, follow, max-snippet:-1, max-image-preview:large, max-video-preview:-1\" \/>\n<link rel=\"canonical\" href=\"https:\/\/xenonkungen.com\/nl\/product\/2-pack-extra-lichte-nbb-alpha-225-60w-xenonlampen-24v\/\" \/>\n<meta property=\"og:locale\" content=\"nl_NL\" \/>\n<meta property=\"og:type\" content=\"article\" \/>\n<meta property=\"og:title\" content=\"2-PACK Extraljus NBB Alpha 225 60W Xenon 24V - Xenonkungen\" \/>\n<meta property=\"og:description\" content=\"NBB Alpha 225 60W Xenon 24V | Komplett paket med 2st xenon extraljus med diameter 225mm av mycket popul\u00e4r modell med ett av marknadens absolut b\u00e4sta ljusbild. Nya modellen med LED positionsljus p\u00e5 \u00f6verkanten (valfri inkoppling). Alternativet f\u00f6r dig som prioriterar mesta och b\u00e4sta m\u00f6jliga ljus. I utf\u00f6rande med verklig effekt p\u00e5 60W xenon. B\u00e5de [&hellip;]\" \/>\n<meta property=\"og:url\" content=\"https:\/\/xenonkungen.com\/nl\/product\/2-pack-extra-lichte-nbb-alpha-225-60w-xenonlampen-24v\/\" \/>\n<meta property=\"og:site_name\" content=\"Xenonkungen\" \/>\n<meta property=\"article:modified_time\" content=\"2025-12-10T13:51:22+00:00\" \/>\n<meta property=\"og:image\" content=\"https:\/\/xenonkungen.com\/wp-content\/uploads\/2025\/06\/172077013-origpic-ff0ac1.png\" \/>\n\t<meta property=\"og:image:width\" content=\"1000\" \/>\n\t<meta property=\"og:image:height\" content=\"1000\" \/>\n\t<meta property=\"og:image:type\" content=\"image\/png\" \/>\n<meta name=\"twitter:card\" content=\"summary_large_image\" \/>\n<meta name=\"twitter:label1\" content=\"Geschatte leestijd\" \/>\n\t<meta name=\"twitter:data1\" content=\"1 minuut\" \/>\n<script type=\"application\/ld+json\" class=\"yoast-schema-graph\">{\"@context\":\"https:\/\/schema.org\",\"@graph\":[{\"@type\":\"WebPage\",\"@id\":\"https:\/\/xenonkungen.com\/no\/produkt\/2-pakning-ekstra-lys-nbb-alpha-225-60w-xenon-24v\/\",\"url\":\"https:\/\/xenonkungen.com\/no\/produkt\/2-pakning-ekstra-lys-nbb-alpha-225-60w-xenon-24v\/\",\"name\":\"2-PACK Extraljus NBB Alpha 225 60W Xenon 24V - Xenonkungen\",\"isPartOf\":{\"@id\":\"https:\/\/xenonkungen.com\/#website\"},\"primaryImageOfPage\":{\"@id\":\"https:\/\/xenonkungen.com\/no\/produkt\/2-pakning-ekstra-lys-nbb-alpha-225-60w-xenon-24v\/#primaryimage\"},\"image\":{\"@id\":\"https:\/\/xenonkungen.com\/no\/produkt\/2-pakning-ekstra-lys-nbb-alpha-225-60w-xenon-24v\/#primaryimage\"},\"thumbnailUrl\":\"https:\/\/xenonkungen.com\/wp-content\/uploads\/2025\/06\/172077013-origpic-ff0ac1.png\",\"datePublished\":\"2025-06-19T11:29:49+00:00\",\"dateModified\":\"2025-12-10T13:51:22+00:00\",\"breadcrumb\":{\"@id\":\"https:\/\/xenonkungen.com\/no\/produkt\/2-pakning-ekstra-lys-nbb-alpha-225-60w-xenon-24v\/#breadcrumb\"},\"inLanguage\":\"nl-NL\",\"potentialAction\":[{\"@type\":\"ReadAction\",\"target\":[\"https:\/\/xenonkungen.com\/no\/produkt\/2-pakning-ekstra-lys-nbb-alpha-225-60w-xenon-24v\/\"]}]},{\"@type\":\"ImageObject\",\"inLanguage\":\"nl-NL\",\"@id\":\"https:\/\/xenonkungen.com\/no\/produkt\/2-pakning-ekstra-lys-nbb-alpha-225-60w-xenon-24v\/#primaryimage\",\"url\":\"https:\/\/xenonkungen.com\/wp-content\/uploads\/2025\/06\/172077013-origpic-ff0ac1.png\",\"contentUrl\":\"https:\/\/xenonkungen.com\/wp-content\/uploads\/2025\/06\/172077013-origpic-ff0ac1.png\",\"width\":1000,\"height\":1000},{\"@type\":\"BreadcrumbList\",\"@id\":\"https:\/\/xenonkungen.com\/no\/produkt\/2-pakning-ekstra-lys-nbb-alpha-225-60w-xenon-24v\/#breadcrumb\",\"itemListElement\":[{\"@type\":\"ListItem\",\"position\":1,\"name\":\"Hem\",\"item\":\"https:\/\/xenonkungen.com\/\"},{\"@type\":\"ListItem\",\"position\":2,\"name\":\"Shop\",\"item\":\"https:\/\/xenonkungen.com\/shop\/\"},{\"@type\":\"ListItem\",\"position\":3,\"name\":\"2-PACK Extraljus NBB Alpha 225 60W Xenon 24V\"}]},{\"@type\":\"WebSite\",\"@id\":\"https:\/\/xenonkungen.com\/#website\",\"url\":\"https:\/\/xenonkungen.com\/\",\"name\":\"Xenonkungen\",\"description\":\"\",\"potentialAction\":[{\"@type\":\"SearchAction\",\"target\":{\"@type\":\"EntryPoint\",\"urlTemplate\":\"https:\/\/xenonkungen.com\/?s={search_term_string}\"},\"query-input\":{\"@type\":\"PropertyValueSpecification\",\"valueRequired\":true,\"valueName\":\"search_term_string\"}}],\"inLanguage\":\"nl-NL\"}]}<\/script>\n<!-- \/ Yoast SEO plugin. -->","yoast_head_json":{"title":"2-PACK Extra lichte NBB Alpha 225 60W Xenon 24V - Xenonkungen","robots":{"index":"index","follow":"follow","max-snippet":"max-snippet:-1","max-image-preview":"max-image-preview:large","max-video-preview":"max-video-preview:-1"},"canonical":"https:\/\/xenonkungen.com\/nl\/product\/2-pack-extra-lichte-nbb-alpha-225-60w-xenonlampen-24v\/","og_locale":"nl_NL","og_type":"article","og_title":"2-PACK Extraljus NBB Alpha 225 60W Xenon 24V - Xenonkungen","og_description":"NBB Alpha 225 60W Xenon 24V | Komplett paket med 2st xenon extraljus med diameter 225mm av mycket popul\u00e4r modell med ett av marknadens absolut b\u00e4sta ljusbild. Nya modellen med LED positionsljus p\u00e5 \u00f6verkanten (valfri inkoppling). Alternativet f\u00f6r dig som prioriterar mesta och b\u00e4sta m\u00f6jliga ljus. I utf\u00f6rande med verklig effekt p\u00e5 60W xenon. B\u00e5de [&hellip;]","og_url":"https:\/\/xenonkungen.com\/nl\/product\/2-pack-extra-lichte-nbb-alpha-225-60w-xenonlampen-24v\/","og_site_name":"Xenonkungen","article_modified_time":"2025-12-10T13:51:22+00:00","og_image":[{"width":1000,"height":1000,"url":"https:\/\/xenonkungen.com\/wp-content\/uploads\/2025\/06\/172077013-origpic-ff0ac1.png","type":"image\/png"}],"twitter_card":"summary_large_image","twitter_misc":{"Geschatte leestijd":"1 minuut"},"schema":{"@context":"https:\/\/schema.org","@graph":[{"@type":"WebPage","@id":"https:\/\/xenonkungen.com\/no\/produkt\/2-pakning-ekstra-lys-nbb-alpha-225-60w-xenon-24v\/","url":"https:\/\/xenonkungen.com\/no\/produkt\/2-pakning-ekstra-lys-nbb-alpha-225-60w-xenon-24v\/","name":"2-PACK Extra lichte NBB Alpha 225 60W Xenon 24V - Xenonkungen","isPartOf":{"@id":"https:\/\/xenonkungen.com\/#website"},"primaryImageOfPage":{"@id":"https:\/\/xenonkungen.com\/no\/produkt\/2-pakning-ekstra-lys-nbb-alpha-225-60w-xenon-24v\/#primaryimage"},"image":{"@id":"https:\/\/xenonkungen.com\/no\/produkt\/2-pakning-ekstra-lys-nbb-alpha-225-60w-xenon-24v\/#primaryimage"},"thumbnailUrl":"https:\/\/xenonkungen.com\/wp-content\/uploads\/2025\/06\/172077013-origpic-ff0ac1.png","datePublished":"2025-06-19T11:29:49+00:00","dateModified":"2025-12-10T13:51:22+00:00","breadcrumb":{"@id":"https:\/\/xenonkungen.com\/no\/produkt\/2-pakning-ekstra-lys-nbb-alpha-225-60w-xenon-24v\/#breadcrumb"},"inLanguage":"nl-NL","potentialAction":[{"@type":"ReadAction","target":["https:\/\/xenonkungen.com\/no\/produkt\/2-pakning-ekstra-lys-nbb-alpha-225-60w-xenon-24v\/"]}]},{"@type":"ImageObject","inLanguage":"nl-NL","@id":"https:\/\/xenonkungen.com\/no\/produkt\/2-pakning-ekstra-lys-nbb-alpha-225-60w-xenon-24v\/#primaryimage","url":"https:\/\/xenonkungen.com\/wp-content\/uploads\/2025\/06\/172077013-origpic-ff0ac1.png","contentUrl":"https:\/\/xenonkungen.com\/wp-content\/uploads\/2025\/06\/172077013-origpic-ff0ac1.png","width":1000,"height":1000},{"@type":"BreadcrumbList","@id":"https:\/\/xenonkungen.com\/no\/produkt\/2-pakning-ekstra-lys-nbb-alpha-225-60w-xenon-24v\/#breadcrumb","itemListElement":[{"@type":"ListItem","position":1,"name":"Hem","item":"https:\/\/xenonkungen.com\/"},{"@type":"ListItem","position":2,"name":"Shop","item":"https:\/\/xenonkungen.com\/shop\/"},{"@type":"ListItem","position":3,"name":"2-PACK Extraljus NBB Alpha 225 60W Xenon 24V"}]},{"@type":"WebSite","@id":"https:\/\/xenonkungen.com\/#website","url":"https:\/\/xenonkungen.com\/","name":"Xenonkungen","description":"","potentialAction":[{"@type":"SearchAction","target":{"@type":"EntryPoint","urlTemplate":"https:\/\/xenonkungen.com\/?s={search_term_string}"},"query-input":{"@type":"PropertyValueSpecification","valueRequired":true,"valueName":"search_term_string"}}],"inLanguage":"nl-NL"}]}},"taxonomy_info":{"product_cat":[{"value":2674,"label":"Paket"},{"value":142,"label":"Extraljus"}],"pa_fargtemperatur":[{"value":154,"label":"5000K"},{"value":188,"label":"6000K"},{"value":755,"label":"4300K"}]},"featured_image_src_large":["https:\/\/xenonkungen.com\/wp-content\/uploads\/2025\/06\/172077013-origpic-ff0ac1.png",1000,1000,false],"author_info":[],"comment_info":0,"_links":{"self":[{"href":"https:\/\/xenonkungen.com\/nl\/wp-json\/wp\/v2\/product\/10613","targetHints":{"allow":["GET"]}}],"collection":[{"href":"https:\/\/xenonkungen.com\/nl\/wp-json\/wp\/v2\/product"}],"about":[{"href":"https:\/\/xenonkungen.com\/nl\/wp-json\/wp\/v2\/types\/product"}],"replies":[{"embeddable":true,"href":"https:\/\/xenonkungen.com\/nl\/wp-json\/wp\/v2\/comments?post=10613"}],"wp:featuredmedia":[{"embeddable":true,"href":"https:\/\/xenonkungen.com\/nl\/wp-json\/wp\/v2\/media\/10577"}],"wp:attachment":[{"href":"https:\/\/xenonkungen.com\/nl\/wp-json\/wp\/v2\/media?parent=10613"}],"wp:term":[{"taxonomy":"anvandningsomrade","embeddable":true,"href":"https:\/\/xenonkungen.com\/nl\/wp-json\/wp\/v2\/anvandningsomrade?post=10613"},{"taxonomy":"bilmarken","embeddable":true,"href":"https:\/\/xenonkungen.com\/nl\/wp-json\/wp\/v2\/bilmarken?post=10613"},{"taxonomy":"product_brand","embeddable":true,"href":"https:\/\/xenonkungen.com\/nl\/wp-json\/wp\/v2\/product_brand?post=10613"},{"taxonomy":"product_cat","embeddable":true,"href":"https:\/\/xenonkungen.com\/nl\/wp-json\/wp\/v2\/product_cat?post=10613"},{"taxonomy":"product_tag","embeddable":true,"href":"https:\/\/xenonkungen.com\/nl\/wp-json\/wp\/v2\/product_tag?post=10613"}],"curies":[{"name":"wp","href":"https:\/\/api.w.org\/{rel}","templated":true}]}}