{"id":1079,"date":"2025-04-15T07:58:48","date_gmt":"2025-04-15T07:58:48","guid":{"rendered":"https:\/\/xenonkungen.com\/product\/luxtar-relakablage-2dt-12v-60a\/"},"modified":"2026-05-08T13:25:55","modified_gmt":"2026-05-08T12:25:55","slug":"luxtar-relakablage-2dt-12v-60a","status":"publish","type":"product","link":"https:\/\/xenonkungen.com\/nl\/product\/luxtar-relakablage-2dt-12v-60a\/","title":{"rendered":"Luxtar relaiskabel 2DT | 12V 60A"},"content":{"rendered":"<p>Optimaliseer uw voertuig met <strong>Luxtar relaisbak 2DT<\/strong>Ontworpen om krachtige verlichting aan te kunnen en een veilige en stabiele stroomvoorziening te bieden. Met een hoge capaciteit van 60A en een ingebouwde zekering van 40A biedt deze relaiskabel een veilige en duurzame oplossing voor 12V-systemen, perfect voor zowel 2 extra spots, LED-lampen of werklampen.<\/p>\n<h3>Kenmerken:<\/h3>\n<ul>\n<li><strong>60A relais<\/strong> die veeleisende stromen aankunnen en langdurige prestaties garanderen.<\/li>\n<li><strong>40A ingebouwde zekering<\/strong> die je systeem beschermt en overbelasting voorkomt.<\/li>\n<li><strong>Eenvoudig te installeren<\/strong> met DT-connector, zodat je gemakkelijk je verlichtingscomponenten kunt aansluiten.<\/li>\n<\/ul>\n<p>Met Luxtar Relaiskabel 2DT krijg je betrouwbare prestaties voor je verlichtingsapparatuur, perfect voor wie op zoek is naar eenvoudige installatie, duurzaamheid en veiligheid voor zijn 12V-systeem.<\/p>\n<p><span>Er wordt een stekkerdoos meegeleverd voor het aansluiten van de signaalkabel (+).<\/span><br \/><span>Zie afbeelding voor installatie-instructies.<\/span><\/p>","protected":false},"excerpt":{"rendered":"<p>Nieuwe DT-relaiskabel met 60A-relais en 40A-zekering<\/p>","protected":false},"featured_media":1080,"comment_status":"closed","ping_status":"open","template":"","meta":{"_acf_changed":false,"_smort_price_nok":"294","_smort_price_dkk":"187","_smort_price_eur":"25","_smort_sale_price_nok":"","_smort_sale_price_dkk":"","_smort_sale_price_eur":"","smort_restorder":"","shipmondo_restorder":"","_kad_blocks_custom_css":"","_kad_blocks_head_custom_js":"","_kad_blocks_body_custom_js":"","_kad_blocks_footer_custom_js":"","smort_custom_pricelist_1":"176","smort_custom_pricelist_2":"154","smort_custom_pricelist_3":"143","smort_custom_pricelist_4":"220","smort_custom_pricelist_5":"154"},"anvandningsomrade":[],"bilmarken":[],"product_brand":[103],"product_cat":[2841,2828,2826,2488,2491,2489,2490,390],"product_tag":[],"class_list":{"0":"post-1079","1":"product","2":"type-product","3":"status-publish","4":"has-post-thumbnail","6":"product_brand-luxtar","7":"product_cat-installation-extraljus","8":"product_cat-installation-led-ramper","9":"product_cat-luxtar","10":"product_cat-relasats-arbetsbelysning","11":"product_cat-relasats","12":"product_cat-relasats-extraljus","13":"product_cat-relasats-2","14":"product_cat-installation","15":"pa_lampsockel-kontakt-dt-2","16":"pa_volt-v-159","18":"first","19":"instock","20":"taxable","21":"shipping-taxable","22":"purchasable","23":"product-type-simple"},"bundled_by":["9339","9360","9368","9393"],"bundle_stock_status":"instock","bundle_stock_quantity":199,"bundle_virtual":false,"bundle_layout":"","bundle_add_to_cart_form_location":"","bundle_editable_in_cart":false,"bundle_sold_individually_context":"","bundle_item_grouping":"","bundle_min_size":"","bundle_max_size":"","bundle_price":[],"bundled_items":[],"bundle_sell_ids":[],"acf":[],"yoast_head":"<!-- This site is optimized with the Yoast SEO plugin v27.0 - https:\/\/yoast.com\/product\/yoast-seo-wordpress\/ -->\n<title>Luxtar Rel\u00e4kablage 2DT | 12V 60A - Xenonkungen<\/title>\n<meta name=\"robots\" content=\"index, follow, max-snippet:-1, max-image-preview:large, max-video-preview:-1\" \/>\n<link rel=\"canonical\" href=\"https:\/\/xenonkungen.com\/nl\/product\/luxtar-relakablage-2dt-12v-60a\/\" \/>\n<meta property=\"og:locale\" content=\"nl_NL\" \/>\n<meta property=\"og:type\" content=\"article\" \/>\n<meta property=\"og:title\" content=\"Luxtar Rel\u00e4kablage 2DT | 12V 60A - Xenonkungen\" \/>\n<meta property=\"og:description\" content=\"Nytt DT rel\u00e4kablage med 60A Rel\u00e4 och 40A s\u00e4kring\" \/>\n<meta property=\"og:url\" content=\"https:\/\/xenonkungen.com\/nl\/product\/luxtar-relakablage-2dt-12v-60a\/\" \/>\n<meta property=\"og:site_name\" content=\"Xenonkungen\" \/>\n<meta property=\"article:modified_time\" content=\"2026-05-08T12:25:55+00:00\" \/>\n<meta property=\"og:image\" content=\"https:\/\/xenonkungen.com\/wp-content\/uploads\/2025\/04\/65296329-origpic-0b254d-1.png\" \/>\n\t<meta property=\"og:image:width\" content=\"1000\" \/>\n\t<meta property=\"og:image:height\" content=\"1000\" \/>\n\t<meta property=\"og:image:type\" content=\"image\/png\" \/>\n<meta name=\"twitter:card\" content=\"summary_large_image\" \/>\n<meta name=\"twitter:label1\" content=\"Geschatte leestijd\" \/>\n\t<meta name=\"twitter:data1\" content=\"1 minuut\" \/>\n<script type=\"application\/ld+json\" class=\"yoast-schema-graph\">{\"@context\":\"https:\/\/schema.org\",\"@graph\":[{\"@type\":\"WebPage\",\"@id\":\"https:\/\/xenonkungen.com\/produkt\/luxtar-relakablage-2dt-12v-60a\/\",\"url\":\"https:\/\/xenonkungen.com\/produkt\/luxtar-relakablage-2dt-12v-60a\/\",\"name\":\"Luxtar Rel\u00e4kablage 2DT | 12V 60A - Xenonkungen\",\"isPartOf\":{\"@id\":\"https:\/\/xenonkungen.com\/#website\"},\"primaryImageOfPage\":{\"@id\":\"https:\/\/xenonkungen.com\/produkt\/luxtar-relakablage-2dt-12v-60a\/#primaryimage\"},\"image\":{\"@id\":\"https:\/\/xenonkungen.com\/produkt\/luxtar-relakablage-2dt-12v-60a\/#primaryimage\"},\"thumbnailUrl\":\"https:\/\/xenonkungen.com\/wp-content\/uploads\/2025\/04\/65296329-origpic-0b254d-1.png\",\"datePublished\":\"2025-04-15T07:58:48+00:00\",\"dateModified\":\"2026-05-08T12:25:55+00:00\",\"breadcrumb\":{\"@id\":\"https:\/\/xenonkungen.com\/produkt\/luxtar-relakablage-2dt-12v-60a\/#breadcrumb\"},\"inLanguage\":\"nl-NL\",\"potentialAction\":[{\"@type\":\"ReadAction\",\"target\":[\"https:\/\/xenonkungen.com\/produkt\/luxtar-relakablage-2dt-12v-60a\/\"]}]},{\"@type\":\"ImageObject\",\"inLanguage\":\"nl-NL\",\"@id\":\"https:\/\/xenonkungen.com\/produkt\/luxtar-relakablage-2dt-12v-60a\/#primaryimage\",\"url\":\"https:\/\/xenonkungen.com\/wp-content\/uploads\/2025\/04\/65296329-origpic-0b254d-1.png\",\"contentUrl\":\"https:\/\/xenonkungen.com\/wp-content\/uploads\/2025\/04\/65296329-origpic-0b254d-1.png\",\"width\":1000,\"height\":1000},{\"@type\":\"BreadcrumbList\",\"@id\":\"https:\/\/xenonkungen.com\/produkt\/luxtar-relakablage-2dt-12v-60a\/#breadcrumb\",\"itemListElement\":[{\"@type\":\"ListItem\",\"position\":1,\"name\":\"Hem\",\"item\":\"https:\/\/xenonkungen.com\/\"},{\"@type\":\"ListItem\",\"position\":2,\"name\":\"Shop\",\"item\":\"https:\/\/xenonkungen.com\/shop\/\"},{\"@type\":\"ListItem\",\"position\":3,\"name\":\"Luxtar Rel\u00e4kablage 2DT | 12V 60A\"}]},{\"@type\":\"WebSite\",\"@id\":\"https:\/\/xenonkungen.com\/#website\",\"url\":\"https:\/\/xenonkungen.com\/\",\"name\":\"Xenonkungen\",\"description\":\"\",\"potentialAction\":[{\"@type\":\"SearchAction\",\"target\":{\"@type\":\"EntryPoint\",\"urlTemplate\":\"https:\/\/xenonkungen.com\/?s={search_term_string}\"},\"query-input\":{\"@type\":\"PropertyValueSpecification\",\"valueRequired\":true,\"valueName\":\"search_term_string\"}}],\"inLanguage\":\"nl-NL\"}]}<\/script>\n<!-- \/ Yoast SEO plugin. -->","yoast_head_json":{"title":"Luxtar Relaisbedrading 2DT | 12V 60A - Xenonkungen","robots":{"index":"index","follow":"follow","max-snippet":"max-snippet:-1","max-image-preview":"max-image-preview:large","max-video-preview":"max-video-preview:-1"},"canonical":"https:\/\/xenonkungen.com\/nl\/product\/luxtar-relakablage-2dt-12v-60a\/","og_locale":"nl_NL","og_type":"article","og_title":"Luxtar Rel\u00e4kablage 2DT | 12V 60A - Xenonkungen","og_description":"Nytt DT rel\u00e4kablage med 60A Rel\u00e4 och 40A s\u00e4kring","og_url":"https:\/\/xenonkungen.com\/nl\/product\/luxtar-relakablage-2dt-12v-60a\/","og_site_name":"Xenonkungen","article_modified_time":"2026-05-08T12:25:55+00:00","og_image":[{"width":1000,"height":1000,"url":"https:\/\/xenonkungen.com\/wp-content\/uploads\/2025\/04\/65296329-origpic-0b254d-1.png","type":"image\/png"}],"twitter_card":"summary_large_image","twitter_misc":{"Geschatte leestijd":"1 minuut"},"schema":{"@context":"https:\/\/schema.org","@graph":[{"@type":"WebPage","@id":"https:\/\/xenonkungen.com\/produkt\/luxtar-relakablage-2dt-12v-60a\/","url":"https:\/\/xenonkungen.com\/produkt\/luxtar-relakablage-2dt-12v-60a\/","name":"Luxtar Relaisbedrading 2DT | 12V 60A - Xenonkungen","isPartOf":{"@id":"https:\/\/xenonkungen.com\/#website"},"primaryImageOfPage":{"@id":"https:\/\/xenonkungen.com\/produkt\/luxtar-relakablage-2dt-12v-60a\/#primaryimage"},"image":{"@id":"https:\/\/xenonkungen.com\/produkt\/luxtar-relakablage-2dt-12v-60a\/#primaryimage"},"thumbnailUrl":"https:\/\/xenonkungen.com\/wp-content\/uploads\/2025\/04\/65296329-origpic-0b254d-1.png","datePublished":"2025-04-15T07:58:48+00:00","dateModified":"2026-05-08T12:25:55+00:00","breadcrumb":{"@id":"https:\/\/xenonkungen.com\/produkt\/luxtar-relakablage-2dt-12v-60a\/#breadcrumb"},"inLanguage":"nl-NL","potentialAction":[{"@type":"ReadAction","target":["https:\/\/xenonkungen.com\/produkt\/luxtar-relakablage-2dt-12v-60a\/"]}]},{"@type":"ImageObject","inLanguage":"nl-NL","@id":"https:\/\/xenonkungen.com\/produkt\/luxtar-relakablage-2dt-12v-60a\/#primaryimage","url":"https:\/\/xenonkungen.com\/wp-content\/uploads\/2025\/04\/65296329-origpic-0b254d-1.png","contentUrl":"https:\/\/xenonkungen.com\/wp-content\/uploads\/2025\/04\/65296329-origpic-0b254d-1.png","width":1000,"height":1000},{"@type":"BreadcrumbList","@id":"https:\/\/xenonkungen.com\/produkt\/luxtar-relakablage-2dt-12v-60a\/#breadcrumb","itemListElement":[{"@type":"ListItem","position":1,"name":"Hem","item":"https:\/\/xenonkungen.com\/"},{"@type":"ListItem","position":2,"name":"Shop","item":"https:\/\/xenonkungen.com\/shop\/"},{"@type":"ListItem","position":3,"name":"Luxtar Rel\u00e4kablage 2DT | 12V 60A"}]},{"@type":"WebSite","@id":"https:\/\/xenonkungen.com\/#website","url":"https:\/\/xenonkungen.com\/","name":"Xenonkungen","description":"","potentialAction":[{"@type":"SearchAction","target":{"@type":"EntryPoint","urlTemplate":"https:\/\/xenonkungen.com\/?s={search_term_string}"},"query-input":{"@type":"PropertyValueSpecification","valueRequired":true,"valueName":"search_term_string"}}],"inLanguage":"nl-NL"}]}},"taxonomy_info":{"product_brand":[{"value":103,"label":"LUXTAR"}],"product_cat":[{"value":2841,"label":"Installation extraljus"},{"value":2828,"label":"Installation LED-ramper"},{"value":2826,"label":"LUXTAR"},{"value":2488,"label":"Rel\u00e4sats"},{"value":2491,"label":"Rel\u00e4sats"},{"value":2489,"label":"Rel\u00e4satser"},{"value":2490,"label":"Rel\u00e4satser"},{"value":390,"label":"Installation"}],"pa_lampsockel-kontakt":[{"value":359,"label":"DT-2"}],"pa_volt-v":[{"value":159,"label":"12"}]},"featured_image_src_large":["https:\/\/xenonkungen.com\/wp-content\/uploads\/2025\/04\/65296329-origpic-0b254d-1.png",1000,1000,false],"author_info":[],"comment_info":0,"_links":{"self":[{"href":"https:\/\/xenonkungen.com\/nl\/wp-json\/wp\/v2\/product\/1079","targetHints":{"allow":["GET"]}}],"collection":[{"href":"https:\/\/xenonkungen.com\/nl\/wp-json\/wp\/v2\/product"}],"about":[{"href":"https:\/\/xenonkungen.com\/nl\/wp-json\/wp\/v2\/types\/product"}],"replies":[{"embeddable":true,"href":"https:\/\/xenonkungen.com\/nl\/wp-json\/wp\/v2\/comments?post=1079"}],"wp:featuredmedia":[{"embeddable":true,"href":"https:\/\/xenonkungen.com\/nl\/wp-json\/wp\/v2\/media\/1080"}],"wp:attachment":[{"href":"https:\/\/xenonkungen.com\/nl\/wp-json\/wp\/v2\/media?parent=1079"}],"wp:term":[{"taxonomy":"anvandningsomrade","embeddable":true,"href":"https:\/\/xenonkungen.com\/nl\/wp-json\/wp\/v2\/anvandningsomrade?post=1079"},{"taxonomy":"bilmarken","embeddable":true,"href":"https:\/\/xenonkungen.com\/nl\/wp-json\/wp\/v2\/bilmarken?post=1079"},{"taxonomy":"product_brand","embeddable":true,"href":"https:\/\/xenonkungen.com\/nl\/wp-json\/wp\/v2\/product_brand?post=1079"},{"taxonomy":"product_cat","embeddable":true,"href":"https:\/\/xenonkungen.com\/nl\/wp-json\/wp\/v2\/product_cat?post=1079"},{"taxonomy":"product_tag","embeddable":true,"href":"https:\/\/xenonkungen.com\/nl\/wp-json\/wp\/v2\/product_tag?post=1079"}],"curies":[{"name":"wp","href":"https:\/\/api.w.org\/{rel}","templated":true}]}}