{"id":11514,"date":"2025-06-23T13:50:37","date_gmt":"2025-06-23T13:50:37","guid":{"rendered":"https:\/\/xenonkungen.com\/produkt\/3-pack-extraljus-nbb-alpha-225-60w-xenon-24v-2\/"},"modified":"2026-04-05T23:14:54","modified_gmt":"2026-04-05T22:14:54","slug":"3-pack-extra-lichte-nbb-alpha-225-60w-xenon-24v-2","status":"publish","type":"product","link":"https:\/\/xenonkungen.com\/nl\/product\/3-pack-extra-lichte-nbb-alpha-225-60w-xenon-24v-2\/","title":{"rendered":"3-PAK Extra licht NBB Alpha 225 60W Xenon 24V"},"content":{"rendered":"<p>3-Pack Extra Light NBB Alpha 225, <strong>60W, 24V Xenon<\/strong> | Compleet pakket met 3 xenon-hulplampen met diameter <strong>225 mm<\/strong> Zeer populair model met een van de beste lichtpatronen op de markt. Nieuw model met LED-positielicht op de bovenrand (optionele aansluiting).<\/p>\n<p>De optie voor wie de voorkeur geeft aan zo veel en zo goed mogelijk licht. In een versie met echt effect op <strong>50W xenon<\/strong>.<\/p>\n<p>Zowel de ballast (met 3 jaar garantie) als de xenonlamp zijn van het type Supersnelle start en Hoge helderheid. <\/p>\n<p>Lichtstroom van 15.000\u00b1300 lumen (4300K) met drie NBB225 lampen zorgt voor een bereik van meer dan 1000 meter.<\/p>\n<p>Lampbehuizing: NBB 225 Alpha LED, populaire bestseller die voldoet aan hoge kwaliteitseisen. E-keurmerk in origineel halogeenontwerp. Verticaal gemonteerd.<br \/>- Glasvezelversterkte kunststof<br \/>- Aluminium vrije-vorm reflector<br \/>- Heldere glazen lens in polycarbonaat<br \/>- Lichtbeeld Afstandsbediening<\/p>\n<p><em>Desgewenst kun je de ballast in de lantaarn monteren. Onze aanbeveling is echter plaatsing aan de buitenkant in het motorcompartiment. Het vermindert het gewicht en je hebt nog wat over als de hulplichten worden gestolen.<\/em><\/p>\n<p>Elke kleurtemperatuur (K = Kelvin):<br \/><strong>4300K<\/strong> (5000\u00b1100 lm, standaard wit)<br \/><strong>5000K<\/strong>~5400K (4700\u00b1100 lm, helder wit)<br \/><strong>6000K<\/strong> (4100\u00b1100 lm, diamantwit)<br \/>Werkelijke waarden per xenonlamp volgens spectroanalyse.<br \/>- Wij raden 4300K aan.<\/p>\n<p>Inhoud van de levering:<br \/>3 stuks <a href=\"https:\/\/www.xenonkungen.com\/sok\/161041\">Extra licht NBB 225 LED<\/a><br \/>3 stuks <a href=\"https:\/\/www.xenonkungen.com\/se\/produkter\/xenon\/ballaster\/xenon-ballast-60w-70w.html\">#103099 HNS-6 24V Xenon Ballast 60W<\/a><br \/>3 stuks <a href=\"https:\/\/www.xenonkungen.com\/se\/produkter\/xenon\/xenonlampor-kit\/d2h-xenonlampor-for-nbb-225.html\">#124344 Power Extra gloeilamp D2H<\/a><br \/>3 stuks <a href=\"https:\/\/www.xenonkungen.com\/se\/produkter\/xenon\/kablar-kontakter\/forlangningskabel-40cm.html\">#103126-40 Verlengkabel 40 cm<\/a><br \/>1e <a href=\"https:\/\/www.xenonkungen.com\/se\/produkter\/installationsmaterial\/kablar-kontakter\/relakabelsats-3b-24v60a.html\">#103107-24V Relaisharnas 3B 24V<\/a><br \/>1e <a href=\"https:\/\/www.xenonkungen.com\/se\/produkter\/installationsmaterial\/fasten-universal\/extraljusfaste-svart-3-225mm.html\">#161101 Extra verlichtingsbeugel Zwart 3<\/a><br \/>3 stuks <a href=\"https:\/\/www.xenonkungen.com\/se\/produkter\/installationsmaterial\/fasten-universal\/extraljus-stag-rund-svart.html\">#161107 Extra licht label<\/a><\/p>\n<p>Reserveonderdelen zijn verkrijgbaar in ons reguliere assortiment.<\/p>\n<p>Het pakket wordt standaard ongemonteerd geleverd of gemonteerd met ingebouwde ballast en xenonlamp (150 SEK\/NBB).<br \/>Het extra licht is niet E-goedgekeurd in deze versie.<\/p>\n<p>1 jaar garantie (3 jaar op ballast HNS-6 24V).<\/p>","protected":false},"excerpt":{"rendered":"<p>3-Pack Extraljus NBB Alpha 225, 60W, 24V Xenon | Komplett paket med 3st xenon extraljus med diameter 225mm av mycket popul\u00e4r modell med ett av marknadens absolut b\u00e4sta ljusbild. Nya modellen med LED positionsljus p\u00e5 \u00f6verkanten (valfri inkoppling). Alternativet f\u00f6r dig som prioriterar mesta och b\u00e4sta m\u00f6jliga ljus. I utf\u00f6rande med verklig effekt p\u00e5 50W [&hellip;]<\/p>","protected":false},"featured_media":10635,"comment_status":"closed","ping_status":"open","template":"","meta":{"_acf_changed":false,"_smort_price_nok":"5763","_smort_price_dkk":"3661","_smort_price_eur":"490.43","_smort_sale_price_nok":"","_smort_sale_price_dkk":"","_smort_sale_price_eur":"","smort_restorder":"","shipmondo_restorder":"","_kad_blocks_custom_css":"","_kad_blocks_head_custom_js":"","_kad_blocks_body_custom_js":"","_kad_blocks_footer_custom_js":"","smort_custom_pricelist_1":"","smort_custom_pricelist_2":"","smort_custom_pricelist_3":"","smort_custom_pricelist_4":"","smort_custom_pricelist_5":""},"anvandningsomrade":[166],"bilmarken":[],"product_brand":[],"product_cat":[1859],"product_tag":[],"class_list":{"0":"post-11514","1":"product","2":"type-product","3":"status-publish","4":"has-post-thumbnail","6":"anvandningsomrade-lastbil","7":"product_cat-extraljuspaket","8":"pa_fargtemperatur-5000k","9":"pa_fargtemperatur-6000k","10":"pa_fargtemperatur-4300k","12":"first","13":"instock","14":"taxable","15":"shipping-taxable","16":"purchasable","17":"product-type-variable"},"bundled_by":[],"bundle_stock_status":"instock","bundle_stock_quantity":null,"bundle_virtual":false,"bundle_layout":"","bundle_add_to_cart_form_location":"","bundle_editable_in_cart":false,"bundle_sold_individually_context":"","bundle_item_grouping":"","bundle_min_size":"","bundle_max_size":"","bundle_price":[],"bundled_items":[],"bundle_sell_ids":[],"acf":[],"yoast_head":"<!-- This site is optimized with the Yoast SEO plugin v27.0 - https:\/\/yoast.com\/product\/yoast-seo-wordpress\/ -->\n<title>3-PACK Extraljus NBB Alpha 225 60W Xenon 24V - Xenonkungen<\/title>\n<meta name=\"robots\" content=\"index, follow, max-snippet:-1, max-image-preview:large, max-video-preview:-1\" \/>\n<link rel=\"canonical\" href=\"https:\/\/xenonkungen.com\/nl\/product\/3-pack-extra-lichte-nbb-alpha-225-60w-xenon-24v-2\/\" \/>\n<meta property=\"og:locale\" content=\"nl_NL\" \/>\n<meta property=\"og:type\" content=\"article\" \/>\n<meta property=\"og:title\" content=\"3-PACK Extraljus NBB Alpha 225 60W Xenon 24V - Xenonkungen\" \/>\n<meta property=\"og:description\" content=\"3-Pack Extraljus NBB Alpha 225, 60W, 24V Xenon | Komplett paket med 3st xenon extraljus med diameter 225mm av mycket popul\u00e4r modell med ett av marknadens absolut b\u00e4sta ljusbild. Nya modellen med LED positionsljus p\u00e5 \u00f6verkanten (valfri inkoppling). Alternativet f\u00f6r dig som prioriterar mesta och b\u00e4sta m\u00f6jliga ljus. I utf\u00f6rande med verklig effekt p\u00e5 50W [&hellip;]\" \/>\n<meta property=\"og:url\" content=\"https:\/\/xenonkungen.com\/nl\/product\/3-pack-extra-lichte-nbb-alpha-225-60w-xenon-24v-2\/\" \/>\n<meta property=\"og:site_name\" content=\"Xenonkungen\" \/>\n<meta property=\"article:modified_time\" content=\"2026-04-05T22:14:54+00:00\" \/>\n<meta property=\"og:image\" content=\"https:\/\/xenonkungen.com\/wp-content\/uploads\/2025\/06\/172085369-origpic-a46eb9.png\" \/>\n\t<meta property=\"og:image:width\" content=\"1000\" \/>\n\t<meta property=\"og:image:height\" content=\"1000\" \/>\n\t<meta property=\"og:image:type\" content=\"image\/png\" \/>\n<meta name=\"twitter:card\" content=\"summary_large_image\" \/>\n<meta name=\"twitter:label1\" content=\"Geschatte leestijd\" \/>\n\t<meta name=\"twitter:data1\" content=\"1 minuut\" \/>\n<script type=\"application\/ld+json\" class=\"yoast-schema-graph\">{\"@context\":\"https:\/\/schema.org\",\"@graph\":[{\"@type\":\"WebPage\",\"@id\":\"https:\/\/xenonkungen.com\/produkt\/3-pack-extraljus-nbb-alpha-225-60w-xenon-24v-2\/\",\"url\":\"https:\/\/xenonkungen.com\/produkt\/3-pack-extraljus-nbb-alpha-225-60w-xenon-24v-2\/\",\"name\":\"3-PACK Extraljus NBB Alpha 225 60W Xenon 24V - Xenonkungen\",\"isPartOf\":{\"@id\":\"https:\/\/xenonkungen.com\/#website\"},\"primaryImageOfPage\":{\"@id\":\"https:\/\/xenonkungen.com\/produkt\/3-pack-extraljus-nbb-alpha-225-60w-xenon-24v-2\/#primaryimage\"},\"image\":{\"@id\":\"https:\/\/xenonkungen.com\/produkt\/3-pack-extraljus-nbb-alpha-225-60w-xenon-24v-2\/#primaryimage\"},\"thumbnailUrl\":\"https:\/\/xenonkungen.com\/wp-content\/uploads\/2025\/06\/172085369-origpic-a46eb9.png\",\"datePublished\":\"2025-06-23T13:50:37+00:00\",\"dateModified\":\"2026-04-05T22:14:54+00:00\",\"breadcrumb\":{\"@id\":\"https:\/\/xenonkungen.com\/produkt\/3-pack-extraljus-nbb-alpha-225-60w-xenon-24v-2\/#breadcrumb\"},\"inLanguage\":\"nl-NL\",\"potentialAction\":[{\"@type\":\"ReadAction\",\"target\":[\"https:\/\/xenonkungen.com\/produkt\/3-pack-extraljus-nbb-alpha-225-60w-xenon-24v-2\/\"]}]},{\"@type\":\"ImageObject\",\"inLanguage\":\"nl-NL\",\"@id\":\"https:\/\/xenonkungen.com\/produkt\/3-pack-extraljus-nbb-alpha-225-60w-xenon-24v-2\/#primaryimage\",\"url\":\"https:\/\/xenonkungen.com\/wp-content\/uploads\/2025\/06\/172085369-origpic-a46eb9.png\",\"contentUrl\":\"https:\/\/xenonkungen.com\/wp-content\/uploads\/2025\/06\/172085369-origpic-a46eb9.png\",\"width\":1000,\"height\":1000},{\"@type\":\"BreadcrumbList\",\"@id\":\"https:\/\/xenonkungen.com\/produkt\/3-pack-extraljus-nbb-alpha-225-60w-xenon-24v-2\/#breadcrumb\",\"itemListElement\":[{\"@type\":\"ListItem\",\"position\":1,\"name\":\"Hem\",\"item\":\"https:\/\/xenonkungen.com\/\"},{\"@type\":\"ListItem\",\"position\":2,\"name\":\"Shop\",\"item\":\"https:\/\/xenonkungen.com\/shop\/\"},{\"@type\":\"ListItem\",\"position\":3,\"name\":\"3-PACK Extraljus NBB Alpha 225 60W Xenon 24V\"}]},{\"@type\":\"WebSite\",\"@id\":\"https:\/\/xenonkungen.com\/#website\",\"url\":\"https:\/\/xenonkungen.com\/\",\"name\":\"Xenonkungen\",\"description\":\"\",\"potentialAction\":[{\"@type\":\"SearchAction\",\"target\":{\"@type\":\"EntryPoint\",\"urlTemplate\":\"https:\/\/xenonkungen.com\/?s={search_term_string}\"},\"query-input\":{\"@type\":\"PropertyValueSpecification\",\"valueRequired\":true,\"valueName\":\"search_term_string\"}}],\"inLanguage\":\"nl-NL\"}]}<\/script>\n<!-- \/ Yoast SEO plugin. -->","yoast_head_json":{"title":"3-PACK Extra lampen NBB Alpha 225 60W Xenon 24V - Xenonkungen","robots":{"index":"index","follow":"follow","max-snippet":"max-snippet:-1","max-image-preview":"max-image-preview:large","max-video-preview":"max-video-preview:-1"},"canonical":"https:\/\/xenonkungen.com\/nl\/product\/3-pack-extra-lichte-nbb-alpha-225-60w-xenon-24v-2\/","og_locale":"nl_NL","og_type":"article","og_title":"3-PACK Extraljus NBB Alpha 225 60W Xenon 24V - Xenonkungen","og_description":"3-Pack Extraljus NBB Alpha 225, 60W, 24V Xenon | Komplett paket med 3st xenon extraljus med diameter 225mm av mycket popul\u00e4r modell med ett av marknadens absolut b\u00e4sta ljusbild. Nya modellen med LED positionsljus p\u00e5 \u00f6verkanten (valfri inkoppling). Alternativet f\u00f6r dig som prioriterar mesta och b\u00e4sta m\u00f6jliga ljus. I utf\u00f6rande med verklig effekt p\u00e5 50W [&hellip;]","og_url":"https:\/\/xenonkungen.com\/nl\/product\/3-pack-extra-lichte-nbb-alpha-225-60w-xenon-24v-2\/","og_site_name":"Xenonkungen","article_modified_time":"2026-04-05T22:14:54+00:00","og_image":[{"width":1000,"height":1000,"url":"https:\/\/xenonkungen.com\/wp-content\/uploads\/2025\/06\/172085369-origpic-a46eb9.png","type":"image\/png"}],"twitter_card":"summary_large_image","twitter_misc":{"Geschatte leestijd":"1 minuut"},"schema":{"@context":"https:\/\/schema.org","@graph":[{"@type":"WebPage","@id":"https:\/\/xenonkungen.com\/produkt\/3-pack-extraljus-nbb-alpha-225-60w-xenon-24v-2\/","url":"https:\/\/xenonkungen.com\/produkt\/3-pack-extraljus-nbb-alpha-225-60w-xenon-24v-2\/","name":"3-PACK Extra lampen NBB Alpha 225 60W Xenon 24V - Xenonkungen","isPartOf":{"@id":"https:\/\/xenonkungen.com\/#website"},"primaryImageOfPage":{"@id":"https:\/\/xenonkungen.com\/produkt\/3-pack-extraljus-nbb-alpha-225-60w-xenon-24v-2\/#primaryimage"},"image":{"@id":"https:\/\/xenonkungen.com\/produkt\/3-pack-extraljus-nbb-alpha-225-60w-xenon-24v-2\/#primaryimage"},"thumbnailUrl":"https:\/\/xenonkungen.com\/wp-content\/uploads\/2025\/06\/172085369-origpic-a46eb9.png","datePublished":"2025-06-23T13:50:37+00:00","dateModified":"2026-04-05T22:14:54+00:00","breadcrumb":{"@id":"https:\/\/xenonkungen.com\/produkt\/3-pack-extraljus-nbb-alpha-225-60w-xenon-24v-2\/#breadcrumb"},"inLanguage":"nl-NL","potentialAction":[{"@type":"ReadAction","target":["https:\/\/xenonkungen.com\/produkt\/3-pack-extraljus-nbb-alpha-225-60w-xenon-24v-2\/"]}]},{"@type":"ImageObject","inLanguage":"nl-NL","@id":"https:\/\/xenonkungen.com\/produkt\/3-pack-extraljus-nbb-alpha-225-60w-xenon-24v-2\/#primaryimage","url":"https:\/\/xenonkungen.com\/wp-content\/uploads\/2025\/06\/172085369-origpic-a46eb9.png","contentUrl":"https:\/\/xenonkungen.com\/wp-content\/uploads\/2025\/06\/172085369-origpic-a46eb9.png","width":1000,"height":1000},{"@type":"BreadcrumbList","@id":"https:\/\/xenonkungen.com\/produkt\/3-pack-extraljus-nbb-alpha-225-60w-xenon-24v-2\/#breadcrumb","itemListElement":[{"@type":"ListItem","position":1,"name":"Hem","item":"https:\/\/xenonkungen.com\/"},{"@type":"ListItem","position":2,"name":"Shop","item":"https:\/\/xenonkungen.com\/shop\/"},{"@type":"ListItem","position":3,"name":"3-PACK Extraljus NBB Alpha 225 60W Xenon 24V"}]},{"@type":"WebSite","@id":"https:\/\/xenonkungen.com\/#website","url":"https:\/\/xenonkungen.com\/","name":"Xenonkungen","description":"","potentialAction":[{"@type":"SearchAction","target":{"@type":"EntryPoint","urlTemplate":"https:\/\/xenonkungen.com\/?s={search_term_string}"},"query-input":{"@type":"PropertyValueSpecification","valueRequired":true,"valueName":"search_term_string"}}],"inLanguage":"nl-NL"}]}},"taxonomy_info":{"anvandningsomrade":[{"value":166,"label":"Lastbil"}],"product_cat":[{"value":1859,"label":"Extraljuspaket"}],"pa_fargtemperatur":[{"value":154,"label":"5000K"},{"value":188,"label":"6000K"},{"value":755,"label":"4300K"}]},"featured_image_src_large":["https:\/\/xenonkungen.com\/wp-content\/uploads\/2025\/06\/172085369-origpic-a46eb9.png",1000,1000,false],"author_info":[],"comment_info":0,"_links":{"self":[{"href":"https:\/\/xenonkungen.com\/nl\/wp-json\/wp\/v2\/product\/11514","targetHints":{"allow":["GET"]}}],"collection":[{"href":"https:\/\/xenonkungen.com\/nl\/wp-json\/wp\/v2\/product"}],"about":[{"href":"https:\/\/xenonkungen.com\/nl\/wp-json\/wp\/v2\/types\/product"}],"replies":[{"embeddable":true,"href":"https:\/\/xenonkungen.com\/nl\/wp-json\/wp\/v2\/comments?post=11514"}],"wp:featuredmedia":[{"embeddable":true,"href":"https:\/\/xenonkungen.com\/nl\/wp-json\/wp\/v2\/media\/10635"}],"wp:attachment":[{"href":"https:\/\/xenonkungen.com\/nl\/wp-json\/wp\/v2\/media?parent=11514"}],"wp:term":[{"taxonomy":"anvandningsomrade","embeddable":true,"href":"https:\/\/xenonkungen.com\/nl\/wp-json\/wp\/v2\/anvandningsomrade?post=11514"},{"taxonomy":"bilmarken","embeddable":true,"href":"https:\/\/xenonkungen.com\/nl\/wp-json\/wp\/v2\/bilmarken?post=11514"},{"taxonomy":"product_brand","embeddable":true,"href":"https:\/\/xenonkungen.com\/nl\/wp-json\/wp\/v2\/product_brand?post=11514"},{"taxonomy":"product_cat","embeddable":true,"href":"https:\/\/xenonkungen.com\/nl\/wp-json\/wp\/v2\/product_cat?post=11514"},{"taxonomy":"product_tag","embeddable":true,"href":"https:\/\/xenonkungen.com\/nl\/wp-json\/wp\/v2\/product_tag?post=11514"}],"curies":[{"name":"wp","href":"https:\/\/api.w.org\/{rel}","templated":true}]}}