{"id":11530,"date":"2025-06-23T13:50:45","date_gmt":"2025-06-23T13:50:45","guid":{"rendered":"https:\/\/xenonkungen.com\/produkt\/rally5-extraljus-nbb-alpha-225-60w-xenon\/"},"modified":"2026-04-28T14:09:24","modified_gmt":"2026-04-28T13:09:24","slug":"rally5-hulplamp-nbb-alpha-225-60w-xenon","status":"publish","type":"product","link":"https:\/\/xenonkungen.com\/nl\/product\/rally5-hulplamp-nbb-alpha-225-60w-xenon\/","title":{"rendered":"RALLY5 Extra licht NBB Alpha 225 60W xenon"},"content":{"rendered":"<p>Compleet pakket met 5 extra lampen NBB Alpha 225 met een diameter van 225 mm met een van de beste lichtbeelden op de markt. Nieuw model met LED positielicht aan de bovenrand (optionele aansluiting).<\/p>\n<p>De optie voor wie de voorkeur geeft aan zo veel en zo goed mogelijk licht. In een versie met echt effect op <strong>60W xenon<\/strong> (gelijk aan de zogenaamde \"70W\" van concurrenten).<\/p>\n<p>Zowel de ballast (met 3 jaar garantie) als de xenonlamp zijn van het type Supersnelle start en Hoge helderheid. <\/p>\n<p><strong>Vraag:<\/strong> Veel mensen verkopen dit extra licht. Waarom bij u kopen?<br \/><strong>Antwoord:<\/strong> Volgens het tijdschrift Vi bil\u00e4gares test hebben we de beste klantenservice van Zweden. Onze HNS-6 ballasten hebben ook de langste garantie van alle ballasten op de aftermarket. <\/p>\n<p><strong>Vraag:<\/strong> Welk lichtbeeld krijg je? We hebben het pakket van 4 <strong> Op afstand<\/strong> en 1 <strong>Potlood<\/strong>.<\/p>\n<p>Lichtstroom 28.000\u00b1500 lumen (4300K) met vijf NBB225's biedt een afstandsverlichting van ruim 1 kilometer!<\/p>\n<p>Lampbehuizing: NBB 225 Alpha LED, populaire bestseller die voldoet aan hoge kwaliteitseisen. E-keurmerk in origineel halogeenontwerp. Verticaal gemonteerd.<br \/>- Glasvezelversterkte kunststof<br \/>- Aluminium vrije-vorm reflector<br \/>- Heldere glazen lens in polycarbonaat<br \/>- Dia's Afstandsbediening &amp; Spot<\/p>\n<p><em>Indien gewenst kunnen we de ballast in de lantaarn monteren. Onze aanbeveling is echter plaatsing aan de buitenkant, in het motorcompartiment. Het vermindert het gewicht en je hebt nog wat over als de extra lampen worden gestolen.<\/em><\/p>\n<p>Elke kleurtemperatuur (K = Kelvin):<br \/><strong>4300K<\/strong> (5600\u00b1100 lm, standaard wit)<br \/><strong>5000K<\/strong>~5400K (5200\u00b1100 lm, helder wit)<br \/><strong>6000K<\/strong> (4700\u00b1100 lm, diamantwit)<br \/>Werkelijke waarden per xenonlamp volgens spectroanalyse.<br \/>- Wij raden 4300K aan.<\/p>\n<p>Inhoud van de levering:<br \/>5st <a href=\"https:\/\/www.xenonkungen.com\/sok\/161041\" target=\"_blank\" rel=\"noopener\">Extra licht NBB 225 LED F-F-S-F-F<\/a><br \/>5st <a href=\"https:\/\/www.xenonkungen.com\/se\/produkter\/xenon\/ballaster\/xenon-ballast-60w-70w.html\" target=\"_blank\" rel=\"noopener\">#103099 HNS-6 Snelstartvoorschakelapparaat 12V<\/a><br \/>5st <a href=\"https:\/\/www.xenonkungen.com\/se\/produkter\/xenon\/xenonlampor-kit\/d2h-xenonlampor-for-nbb-225.html\" target=\"_blank\" rel=\"noopener\">#124344 Power Extra gloeilamp D2H<\/a><br \/>5st <a href=\"https:\/\/www.xenonkungen.com\/se\/produkter\/xenon\/kablar-kontakter\/forlangningskabel-40cm.html\" target=\"_blank\" rel=\"noopener\">#103126-40 Verlengkabel 40cm<\/a><br \/>1e <a href=\"https:\/\/www.xenonkungen.com\/se\/produkter\/xenon\/kablar-kontakter\/extraljus-relakablage.html\" target=\"_blank\" rel=\"noopener\">#103120 Relaiskabelset 2st Extra licht 12V|9006<\/a><br \/>1e <a href=\"https:\/\/www.xenonkungen.com\/se\/produkter\/xenon\/kablar-kontakter\/extraljuskabel-3b-12v.html\" target=\"_blank\" rel=\"noopener\">#103107 Relaiskabelset 3st Extra licht 12V|9006<\/a><br \/>5st <a href=\"https:\/\/www.xenonkungen.com\/se\/produkter\/installationsmaterial\/fasten-universal\/extraljus-stag-rund-svart.html\" target=\"_blank\" rel=\"noopener\">#161107 Extra licht label<\/a><br \/>1e <a href=\"https:\/\/www.xenonkungen.com\/se\/produkter\/installationsmaterial\/fasten-universal\/extraljusfaste-rallyfemma-5-225mm9.html\" target=\"NEW\">#161111 Extra lichtbeugel Rallyfemma 5 - 225mm\/9\u2033<\/a><\/p>\n<p>Reserveonderdelen zijn verkrijgbaar in ons reguliere assortiment.<\/p>\n<p>Het pakket wordt ongemonteerd geleverd, maar je kunt de voorschakelapparaten eenvoudig in de lantaarn installeren. <\/p>\n<p>Het extra licht is niet E-goedgekeurd in deze versie.<\/p>\n<p>1 jaar garantie (3 jaar functionele garantie op voorschakelapparaat HNS-6).<\/p>","protected":false},"excerpt":{"rendered":"<p>Het extra lichtpakket voor diegenen die de allerbeste licht- en worplengte willen, op de weg of in het rallybos!<\/p>","protected":false},"featured_media":10698,"comment_status":"closed","ping_status":"open","template":"","meta":{"_acf_changed":false,"_smort_price_nok":"9074","_smort_price_dkk":"5764","_smort_price_eur":"772.24","_smort_sale_price_nok":"","_smort_sale_price_dkk":"","_smort_sale_price_eur":"","smort_restorder":"","shipmondo_restorder":"","_kad_blocks_custom_css":"","_kad_blocks_head_custom_js":"","_kad_blocks_body_custom_js":"","_kad_blocks_footer_custom_js":"","smort_custom_pricelist_1":"5436.8","smort_custom_pricelist_2":"5097","smort_custom_pricelist_3":"4842.15","smort_custom_pricelist_4":"6796","smort_custom_pricelist_5":"5097"},"anvandningsomrade":[],"bilmarken":[],"product_brand":[],"product_cat":[2674,142],"product_tag":[],"class_list":{"0":"post-11530","1":"product","2":"type-product","3":"status-publish","4":"has-post-thumbnail","6":"product_cat-paket-extraljus","7":"product_cat-extraljus","8":"pa_fargtemperatur-5000k","9":"pa_fargtemperatur-6000k","10":"pa_fargtemperatur-4300k","12":"first","13":"outofstock","14":"taxable","15":"shipping-taxable","16":"purchasable","17":"product-type-variable"},"bundled_by":[],"bundle_stock_status":"outofstock","bundle_stock_quantity":-45,"bundle_virtual":false,"bundle_layout":"","bundle_add_to_cart_form_location":"","bundle_editable_in_cart":false,"bundle_sold_individually_context":"","bundle_item_grouping":"","bundle_min_size":"","bundle_max_size":"","bundle_price":[],"bundled_items":[],"bundle_sell_ids":[],"acf":[],"yoast_head":"<!-- This site is optimized with the Yoast SEO plugin v27.0 - https:\/\/yoast.com\/product\/yoast-seo-wordpress\/ -->\n<title>RALLY5 Extraljus NBB Alpha 225 60W Xenon - Xenonkungen<\/title>\n<meta name=\"robots\" content=\"index, follow, max-snippet:-1, max-image-preview:large, max-video-preview:-1\" \/>\n<link rel=\"canonical\" href=\"https:\/\/xenonkungen.com\/nl\/product\/rally5-hulplamp-nbb-alpha-225-60w-xenon\/\" \/>\n<meta property=\"og:locale\" content=\"nl_NL\" \/>\n<meta property=\"og:type\" content=\"article\" \/>\n<meta property=\"og:title\" content=\"RALLY5 Extraljus NBB Alpha 225 60W Xenon - Xenonkungen\" \/>\n<meta property=\"og:description\" content=\"Extraljuspaketet f\u00f6r er som prioriterar absolut mest m\u00f6jliga ljus och kastl\u00e4ngd, oavsett om det \u00e4r p\u00e5 v\u00e4gen eller i rallyskogen!\" \/>\n<meta property=\"og:url\" content=\"https:\/\/xenonkungen.com\/nl\/product\/rally5-hulplamp-nbb-alpha-225-60w-xenon\/\" \/>\n<meta property=\"og:site_name\" content=\"Xenonkungen\" \/>\n<meta property=\"article:modified_time\" content=\"2026-04-28T13:09:24+00:00\" \/>\n<meta property=\"og:image\" content=\"https:\/\/xenonkungen.com\/wp-content\/uploads\/2025\/06\/178754997-origpic-2b395b.png\" \/>\n\t<meta property=\"og:image:width\" content=\"1000\" \/>\n\t<meta property=\"og:image:height\" content=\"1000\" \/>\n\t<meta property=\"og:image:type\" content=\"image\/png\" \/>\n<meta name=\"twitter:card\" content=\"summary_large_image\" \/>\n<meta name=\"twitter:label1\" content=\"Geschatte leestijd\" \/>\n\t<meta name=\"twitter:data1\" content=\"2 minuten\" \/>\n<script type=\"application\/ld+json\" class=\"yoast-schema-graph\">{\"@context\":\"https:\/\/schema.org\",\"@graph\":[{\"@type\":\"WebPage\",\"@id\":\"https:\/\/xenonkungen.com\/no\/produkt\/rally5-ekstralys-nbb-alpha-225-60w-xenon\/\",\"url\":\"https:\/\/xenonkungen.com\/no\/produkt\/rally5-ekstralys-nbb-alpha-225-60w-xenon\/\",\"name\":\"RALLY5 Extraljus NBB Alpha 225 60W Xenon - Xenonkungen\",\"isPartOf\":{\"@id\":\"https:\/\/xenonkungen.com\/#website\"},\"primaryImageOfPage\":{\"@id\":\"https:\/\/xenonkungen.com\/no\/produkt\/rally5-ekstralys-nbb-alpha-225-60w-xenon\/#primaryimage\"},\"image\":{\"@id\":\"https:\/\/xenonkungen.com\/no\/produkt\/rally5-ekstralys-nbb-alpha-225-60w-xenon\/#primaryimage\"},\"thumbnailUrl\":\"https:\/\/xenonkungen.com\/wp-content\/uploads\/2025\/06\/178754997-origpic-2b395b.png\",\"datePublished\":\"2025-06-23T13:50:45+00:00\",\"dateModified\":\"2026-04-28T13:09:24+00:00\",\"breadcrumb\":{\"@id\":\"https:\/\/xenonkungen.com\/no\/produkt\/rally5-ekstralys-nbb-alpha-225-60w-xenon\/#breadcrumb\"},\"inLanguage\":\"nl-NL\",\"potentialAction\":[{\"@type\":\"ReadAction\",\"target\":[\"https:\/\/xenonkungen.com\/no\/produkt\/rally5-ekstralys-nbb-alpha-225-60w-xenon\/\"]}]},{\"@type\":\"ImageObject\",\"inLanguage\":\"nl-NL\",\"@id\":\"https:\/\/xenonkungen.com\/no\/produkt\/rally5-ekstralys-nbb-alpha-225-60w-xenon\/#primaryimage\",\"url\":\"https:\/\/xenonkungen.com\/wp-content\/uploads\/2025\/06\/178754997-origpic-2b395b.png\",\"contentUrl\":\"https:\/\/xenonkungen.com\/wp-content\/uploads\/2025\/06\/178754997-origpic-2b395b.png\",\"width\":1000,\"height\":1000},{\"@type\":\"BreadcrumbList\",\"@id\":\"https:\/\/xenonkungen.com\/no\/produkt\/rally5-ekstralys-nbb-alpha-225-60w-xenon\/#breadcrumb\",\"itemListElement\":[{\"@type\":\"ListItem\",\"position\":1,\"name\":\"Hem\",\"item\":\"https:\/\/xenonkungen.com\/\"},{\"@type\":\"ListItem\",\"position\":2,\"name\":\"Shop\",\"item\":\"https:\/\/xenonkungen.com\/shop\/\"},{\"@type\":\"ListItem\",\"position\":3,\"name\":\"RALLY5 Extraljus NBB Alpha 225 60W Xenon\"}]},{\"@type\":\"WebSite\",\"@id\":\"https:\/\/xenonkungen.com\/#website\",\"url\":\"https:\/\/xenonkungen.com\/\",\"name\":\"Xenonkungen\",\"description\":\"\",\"potentialAction\":[{\"@type\":\"SearchAction\",\"target\":{\"@type\":\"EntryPoint\",\"urlTemplate\":\"https:\/\/xenonkungen.com\/?s={search_term_string}\"},\"query-input\":{\"@type\":\"PropertyValueSpecification\",\"valueRequired\":true,\"valueName\":\"search_term_string\"}}],\"inLanguage\":\"nl-NL\"}]}<\/script>\n<!-- \/ Yoast SEO plugin. -->","yoast_head_json":{"title":"RALLY5 Hulplicht NBB Alpha 225 60W Xenon - Xenonkungen","robots":{"index":"index","follow":"follow","max-snippet":"max-snippet:-1","max-image-preview":"max-image-preview:large","max-video-preview":"max-video-preview:-1"},"canonical":"https:\/\/xenonkungen.com\/nl\/product\/rally5-hulplamp-nbb-alpha-225-60w-xenon\/","og_locale":"nl_NL","og_type":"article","og_title":"RALLY5 Extraljus NBB Alpha 225 60W Xenon - Xenonkungen","og_description":"Extraljuspaketet f\u00f6r er som prioriterar absolut mest m\u00f6jliga ljus och kastl\u00e4ngd, oavsett om det \u00e4r p\u00e5 v\u00e4gen eller i rallyskogen!","og_url":"https:\/\/xenonkungen.com\/nl\/product\/rally5-hulplamp-nbb-alpha-225-60w-xenon\/","og_site_name":"Xenonkungen","article_modified_time":"2026-04-28T13:09:24+00:00","og_image":[{"width":1000,"height":1000,"url":"https:\/\/xenonkungen.com\/wp-content\/uploads\/2025\/06\/178754997-origpic-2b395b.png","type":"image\/png"}],"twitter_card":"summary_large_image","twitter_misc":{"Geschatte leestijd":"2 minuten"},"schema":{"@context":"https:\/\/schema.org","@graph":[{"@type":"WebPage","@id":"https:\/\/xenonkungen.com\/no\/produkt\/rally5-ekstralys-nbb-alpha-225-60w-xenon\/","url":"https:\/\/xenonkungen.com\/no\/produkt\/rally5-ekstralys-nbb-alpha-225-60w-xenon\/","name":"RALLY5 Hulplicht NBB Alpha 225 60W Xenon - Xenonkungen","isPartOf":{"@id":"https:\/\/xenonkungen.com\/#website"},"primaryImageOfPage":{"@id":"https:\/\/xenonkungen.com\/no\/produkt\/rally5-ekstralys-nbb-alpha-225-60w-xenon\/#primaryimage"},"image":{"@id":"https:\/\/xenonkungen.com\/no\/produkt\/rally5-ekstralys-nbb-alpha-225-60w-xenon\/#primaryimage"},"thumbnailUrl":"https:\/\/xenonkungen.com\/wp-content\/uploads\/2025\/06\/178754997-origpic-2b395b.png","datePublished":"2025-06-23T13:50:45+00:00","dateModified":"2026-04-28T13:09:24+00:00","breadcrumb":{"@id":"https:\/\/xenonkungen.com\/no\/produkt\/rally5-ekstralys-nbb-alpha-225-60w-xenon\/#breadcrumb"},"inLanguage":"nl-NL","potentialAction":[{"@type":"ReadAction","target":["https:\/\/xenonkungen.com\/no\/produkt\/rally5-ekstralys-nbb-alpha-225-60w-xenon\/"]}]},{"@type":"ImageObject","inLanguage":"nl-NL","@id":"https:\/\/xenonkungen.com\/no\/produkt\/rally5-ekstralys-nbb-alpha-225-60w-xenon\/#primaryimage","url":"https:\/\/xenonkungen.com\/wp-content\/uploads\/2025\/06\/178754997-origpic-2b395b.png","contentUrl":"https:\/\/xenonkungen.com\/wp-content\/uploads\/2025\/06\/178754997-origpic-2b395b.png","width":1000,"height":1000},{"@type":"BreadcrumbList","@id":"https:\/\/xenonkungen.com\/no\/produkt\/rally5-ekstralys-nbb-alpha-225-60w-xenon\/#breadcrumb","itemListElement":[{"@type":"ListItem","position":1,"name":"Hem","item":"https:\/\/xenonkungen.com\/"},{"@type":"ListItem","position":2,"name":"Shop","item":"https:\/\/xenonkungen.com\/shop\/"},{"@type":"ListItem","position":3,"name":"RALLY5 Extraljus NBB Alpha 225 60W Xenon"}]},{"@type":"WebSite","@id":"https:\/\/xenonkungen.com\/#website","url":"https:\/\/xenonkungen.com\/","name":"Xenonkungen","description":"","potentialAction":[{"@type":"SearchAction","target":{"@type":"EntryPoint","urlTemplate":"https:\/\/xenonkungen.com\/?s={search_term_string}"},"query-input":{"@type":"PropertyValueSpecification","valueRequired":true,"valueName":"search_term_string"}}],"inLanguage":"nl-NL"}]}},"taxonomy_info":{"product_cat":[{"value":2674,"label":"Paket"},{"value":142,"label":"Extraljus"}],"pa_fargtemperatur":[{"value":154,"label":"5000K"},{"value":188,"label":"6000K"},{"value":755,"label":"4300K"}]},"featured_image_src_large":["https:\/\/xenonkungen.com\/wp-content\/uploads\/2025\/06\/178754997-origpic-2b395b.png",1000,1000,false],"author_info":[],"comment_info":0,"_links":{"self":[{"href":"https:\/\/xenonkungen.com\/nl\/wp-json\/wp\/v2\/product\/11530","targetHints":{"allow":["GET"]}}],"collection":[{"href":"https:\/\/xenonkungen.com\/nl\/wp-json\/wp\/v2\/product"}],"about":[{"href":"https:\/\/xenonkungen.com\/nl\/wp-json\/wp\/v2\/types\/product"}],"replies":[{"embeddable":true,"href":"https:\/\/xenonkungen.com\/nl\/wp-json\/wp\/v2\/comments?post=11530"}],"wp:featuredmedia":[{"embeddable":true,"href":"https:\/\/xenonkungen.com\/nl\/wp-json\/wp\/v2\/media\/10698"}],"wp:attachment":[{"href":"https:\/\/xenonkungen.com\/nl\/wp-json\/wp\/v2\/media?parent=11530"}],"wp:term":[{"taxonomy":"anvandningsomrade","embeddable":true,"href":"https:\/\/xenonkungen.com\/nl\/wp-json\/wp\/v2\/anvandningsomrade?post=11530"},{"taxonomy":"bilmarken","embeddable":true,"href":"https:\/\/xenonkungen.com\/nl\/wp-json\/wp\/v2\/bilmarken?post=11530"},{"taxonomy":"product_brand","embeddable":true,"href":"https:\/\/xenonkungen.com\/nl\/wp-json\/wp\/v2\/product_brand?post=11530"},{"taxonomy":"product_cat","embeddable":true,"href":"https:\/\/xenonkungen.com\/nl\/wp-json\/wp\/v2\/product_cat?post=11530"},{"taxonomy":"product_tag","embeddable":true,"href":"https:\/\/xenonkungen.com\/nl\/wp-json\/wp\/v2\/product_tag?post=11530"}],"curies":[{"name":"wp","href":"https:\/\/api.w.org\/{rel}","templated":true}]}}