{"id":11573,"date":"2025-06-23T13:50:57","date_gmt":"2025-06-23T13:50:57","guid":{"rendered":"https:\/\/xenonkungen.com\/produkt\/interior-led-list-260mm-on-off-svart\/"},"modified":"2026-04-11T00:47:21","modified_gmt":"2026-04-10T23:47:21","slug":"led-strip-voor-binnengebruik-260-mm-aan-uit-zwart","status":"publish","type":"product","link":"https:\/\/xenonkungen.com\/nl\/product\/led-strip-voor-binnengebruik-260-mm-aan-uit-zwart\/","title":{"rendered":"LED-strip voor binnen 260 mm | AAN\/UIT | Zwart"},"content":{"rendered":"<h1>Strakke taakverlichting voor binnen<\/h1>\n<p>Deze slanke interne werklamp met een stevig aluminium profiel is ideaal voor diverse voertuigtoepassingen, waaronder servicevoertuigen en caravans, waar daglichtwitte (6500K) werkverlichting gewenst is. Dankzij de aanraakgevoelige aan\/uit-knop kan het licht snel en eenvoudig worden bediend.<\/p>\n<h2>Productkenmerken<\/h2>\n<ul>\n<li>Hoogwaardig elektrolytisch aluminium frame.<\/li>\n<li>Slagvaste matte polycarbonaat lens.<\/li>\n<li>IP67-classificatie: bestand tegen schokken en trillingen, volledig onderdompelbaar en afwasbaar onder druk.<\/li>\n<li>Beveiligd tegen kortsluiting voor meer veiligheid en betrouwbaarheid.<\/li>\n<\/ul>\n<p>Deze werklamp combineert elegantie met robuustheid en geavanceerde technologie en biedt langdurige en betrouwbare prestaties. Hij is perfect ontworpen om de zichtbaarheid en veiligheid te verbeteren in een brede waaier van autotoepassingen, ongeacht de weersomstandigheden.<\/p>","protected":false},"excerpt":{"rendered":"<p>Slimmad Interi\u00f6r Arbetsbelysning Denna slimmade interi\u00f6r arbetsbelysning med en stabil aluminiumprofil \u00e4r idealisk f\u00f6r olika fordonstill\u00e4mpningar, inklusive servicebilar och husvagnar, d\u00e4r dagsljusvit (6500K) arbetsbelysning \u00e4r \u00f6nskv\u00e4rd. Dess ber\u00f6ringsk\u00e4nsliga av\/p\u00e5 knapp g\u00f6r ljuskontrollen b\u00e5de snabb och smidig. Produktfunktioner H\u00f6gkvalitativ elektrolytf\u00e4rgad aluminiumram. Lins i slagt\u00e5lig frostad polykarbonat. IP67-klassificering: St\u00f6t- och vibrationst\u00e5lig, fullt dr\u00e4nkbar och t\u00e5l h\u00f6gtryckstv\u00e4tt. Kortslutningsskyddad [&hellip;]<\/p>","protected":false},"featured_media":10755,"comment_status":"closed","ping_status":"closed","template":"","meta":{"_acf_changed":false,"_smort_price_nok":"374","_smort_price_dkk":"237","_smort_price_eur":"31.82","_smort_sale_price_nok":"","_smort_sale_price_dkk":"","_smort_sale_price_eur":"","smort_restorder":"","shipmondo_restorder":"","_kad_blocks_custom_css":"","_kad_blocks_head_custom_js":"","_kad_blocks_body_custom_js":"","_kad_blocks_footer_custom_js":"","smort_custom_pricelist_1":"196","smort_custom_pricelist_2":"196","smort_custom_pricelist_3":"186.2","smort_custom_pricelist_4":"280","smort_custom_pricelist_5":"196"},"anvandningsomrade":[166,238,2816],"bilmarken":[],"product_brand":[1252],"product_cat":[2586],"product_tag":[],"class_list":{"0":"post-11573","1":"product","2":"type-product","3":"status-publish","4":"has-post-thumbnail","6":"anvandningsomrade-lastbil","7":"anvandningsomrade-slap","8":"anvandningsomrade-trailer","9":"product_brand-lea","10":"product_cat-interiorbelysning-slap","11":"pa_fargtemperatur-6500k","12":"pa_fuktskydd-varde-ipxx-ip67","13":"pa_storlek-mm-383x25x18","14":"pa_stromforbrukning-025a-28v","15":"pa_stromforbrukning-048a-144v","16":"pa_volt-v-159","17":"pa_volt-v-160","19":"first","20":"outofstock","21":"taxable","22":"shipping-taxable","23":"purchasable","24":"product-type-variable"},"bundled_by":[],"bundle_stock_status":"outofstock","bundle_stock_quantity":0,"bundle_virtual":false,"bundle_layout":"","bundle_add_to_cart_form_location":"","bundle_editable_in_cart":false,"bundle_sold_individually_context":"","bundle_item_grouping":"","bundle_min_size":"","bundle_max_size":"","bundle_price":[],"bundled_items":[],"bundle_sell_ids":[],"acf":[],"yoast_head":"<!-- This site is optimized with the Yoast SEO plugin v27.0 - https:\/\/yoast.com\/product\/yoast-seo-wordpress\/ -->\n<title>Interi\u00f6r LED-list 260mm | ON\/OFF | Svart - Xenonkungen<\/title>\n<meta name=\"robots\" content=\"index, follow, max-snippet:-1, max-image-preview:large, max-video-preview:-1\" \/>\n<link rel=\"canonical\" href=\"https:\/\/xenonkungen.com\/nl\/product\/led-strip-voor-binnengebruik-260-mm-aan-uit-zwart\/\" \/>\n<meta property=\"og:locale\" content=\"nl_NL\" \/>\n<meta property=\"og:type\" content=\"article\" \/>\n<meta property=\"og:title\" content=\"Interi\u00f6r LED-list 260mm | ON\/OFF | Svart - Xenonkungen\" \/>\n<meta property=\"og:description\" content=\"Slimmad Interi\u00f6r Arbetsbelysning Denna slimmade interi\u00f6r arbetsbelysning med en stabil aluminiumprofil \u00e4r idealisk f\u00f6r olika fordonstill\u00e4mpningar, inklusive servicebilar och husvagnar, d\u00e4r dagsljusvit (6500K) arbetsbelysning \u00e4r \u00f6nskv\u00e4rd. Dess ber\u00f6ringsk\u00e4nsliga av\/p\u00e5 knapp g\u00f6r ljuskontrollen b\u00e5de snabb och smidig. Produktfunktioner H\u00f6gkvalitativ elektrolytf\u00e4rgad aluminiumram. Lins i slagt\u00e5lig frostad polykarbonat. IP67-klassificering: St\u00f6t- och vibrationst\u00e5lig, fullt dr\u00e4nkbar och t\u00e5l h\u00f6gtryckstv\u00e4tt. Kortslutningsskyddad [&hellip;]\" \/>\n<meta property=\"og:url\" content=\"https:\/\/xenonkungen.com\/nl\/product\/led-strip-voor-binnengebruik-260-mm-aan-uit-zwart\/\" \/>\n<meta property=\"og:site_name\" content=\"Xenonkungen\" \/>\n<meta property=\"article:modified_time\" content=\"2026-04-10T23:47:21+00:00\" \/>\n<meta property=\"og:image\" content=\"https:\/\/xenonkungen.com\/wp-content\/uploads\/2025\/06\/38049429-origpic-498573.png\" \/>\n\t<meta property=\"og:image:width\" content=\"700\" \/>\n\t<meta property=\"og:image:height\" content=\"700\" \/>\n\t<meta property=\"og:image:type\" content=\"image\/png\" \/>\n<meta name=\"twitter:card\" content=\"summary_large_image\" \/>\n<meta name=\"twitter:label1\" content=\"Geschatte leestijd\" \/>\n\t<meta name=\"twitter:data1\" content=\"1 minuut\" \/>\n<script type=\"application\/ld+json\" class=\"yoast-schema-graph\">{\"@context\":\"https:\/\/schema.org\",\"@graph\":[{\"@type\":\"WebPage\",\"@id\":\"https:\/\/xenonkungen.com\/dk\/vare\/interior-led-list-260mm-on-off-svart\/\",\"url\":\"https:\/\/xenonkungen.com\/dk\/vare\/interior-led-list-260mm-on-off-svart\/\",\"name\":\"Interi\u00f6r LED-list 260mm | ON\/OFF | Svart - Xenonkungen\",\"isPartOf\":{\"@id\":\"https:\/\/xenonkungen.com\/#website\"},\"primaryImageOfPage\":{\"@id\":\"https:\/\/xenonkungen.com\/dk\/vare\/interior-led-list-260mm-on-off-svart\/#primaryimage\"},\"image\":{\"@id\":\"https:\/\/xenonkungen.com\/dk\/vare\/interior-led-list-260mm-on-off-svart\/#primaryimage\"},\"thumbnailUrl\":\"https:\/\/xenonkungen.com\/wp-content\/uploads\/2025\/06\/38049429-origpic-498573.png\",\"datePublished\":\"2025-06-23T13:50:57+00:00\",\"dateModified\":\"2026-04-10T23:47:21+00:00\",\"breadcrumb\":{\"@id\":\"https:\/\/xenonkungen.com\/dk\/vare\/interior-led-list-260mm-on-off-svart\/#breadcrumb\"},\"inLanguage\":\"nl-NL\",\"potentialAction\":[{\"@type\":\"ReadAction\",\"target\":[\"https:\/\/xenonkungen.com\/dk\/vare\/interior-led-list-260mm-on-off-svart\/\"]}]},{\"@type\":\"ImageObject\",\"inLanguage\":\"nl-NL\",\"@id\":\"https:\/\/xenonkungen.com\/dk\/vare\/interior-led-list-260mm-on-off-svart\/#primaryimage\",\"url\":\"https:\/\/xenonkungen.com\/wp-content\/uploads\/2025\/06\/38049429-origpic-498573.png\",\"contentUrl\":\"https:\/\/xenonkungen.com\/wp-content\/uploads\/2025\/06\/38049429-origpic-498573.png\",\"width\":700,\"height\":700},{\"@type\":\"BreadcrumbList\",\"@id\":\"https:\/\/xenonkungen.com\/dk\/vare\/interior-led-list-260mm-on-off-svart\/#breadcrumb\",\"itemListElement\":[{\"@type\":\"ListItem\",\"position\":1,\"name\":\"Hem\",\"item\":\"https:\/\/xenonkungen.com\/\"},{\"@type\":\"ListItem\",\"position\":2,\"name\":\"Shop\",\"item\":\"https:\/\/xenonkungen.com\/shop\/\"},{\"@type\":\"ListItem\",\"position\":3,\"name\":\"Interi\u00f6r LED-list 260mm | ON\/OFF | Svart\"}]},{\"@type\":\"WebSite\",\"@id\":\"https:\/\/xenonkungen.com\/#website\",\"url\":\"https:\/\/xenonkungen.com\/\",\"name\":\"Xenonkungen\",\"description\":\"\",\"potentialAction\":[{\"@type\":\"SearchAction\",\"target\":{\"@type\":\"EntryPoint\",\"urlTemplate\":\"https:\/\/xenonkungen.com\/?s={search_term_string}\"},\"query-input\":{\"@type\":\"PropertyValueSpecification\",\"valueRequired\":true,\"valueName\":\"search_term_string\"}}],\"inLanguage\":\"nl-NL\"}]}<\/script>\n<!-- \/ Yoast SEO plugin. -->","yoast_head_json":{"title":"LED-strip voor binnen 260 mm | AAN\/UIT | Zwart - Xenonkungen","robots":{"index":"index","follow":"follow","max-snippet":"max-snippet:-1","max-image-preview":"max-image-preview:large","max-video-preview":"max-video-preview:-1"},"canonical":"https:\/\/xenonkungen.com\/nl\/product\/led-strip-voor-binnengebruik-260-mm-aan-uit-zwart\/","og_locale":"nl_NL","og_type":"article","og_title":"Interi\u00f6r LED-list 260mm | ON\/OFF | Svart - Xenonkungen","og_description":"Slimmad Interi\u00f6r Arbetsbelysning Denna slimmade interi\u00f6r arbetsbelysning med en stabil aluminiumprofil \u00e4r idealisk f\u00f6r olika fordonstill\u00e4mpningar, inklusive servicebilar och husvagnar, d\u00e4r dagsljusvit (6500K) arbetsbelysning \u00e4r \u00f6nskv\u00e4rd. Dess ber\u00f6ringsk\u00e4nsliga av\/p\u00e5 knapp g\u00f6r ljuskontrollen b\u00e5de snabb och smidig. Produktfunktioner H\u00f6gkvalitativ elektrolytf\u00e4rgad aluminiumram. Lins i slagt\u00e5lig frostad polykarbonat. IP67-klassificering: St\u00f6t- och vibrationst\u00e5lig, fullt dr\u00e4nkbar och t\u00e5l h\u00f6gtryckstv\u00e4tt. Kortslutningsskyddad [&hellip;]","og_url":"https:\/\/xenonkungen.com\/nl\/product\/led-strip-voor-binnengebruik-260-mm-aan-uit-zwart\/","og_site_name":"Xenonkungen","article_modified_time":"2026-04-10T23:47:21+00:00","og_image":[{"width":700,"height":700,"url":"https:\/\/xenonkungen.com\/wp-content\/uploads\/2025\/06\/38049429-origpic-498573.png","type":"image\/png"}],"twitter_card":"summary_large_image","twitter_misc":{"Geschatte leestijd":"1 minuut"},"schema":{"@context":"https:\/\/schema.org","@graph":[{"@type":"WebPage","@id":"https:\/\/xenonkungen.com\/dk\/vare\/interior-led-list-260mm-on-off-svart\/","url":"https:\/\/xenonkungen.com\/dk\/vare\/interior-led-list-260mm-on-off-svart\/","name":"LED-strip voor binnen 260 mm | AAN\/UIT | Zwart - Xenonkungen","isPartOf":{"@id":"https:\/\/xenonkungen.com\/#website"},"primaryImageOfPage":{"@id":"https:\/\/xenonkungen.com\/dk\/vare\/interior-led-list-260mm-on-off-svart\/#primaryimage"},"image":{"@id":"https:\/\/xenonkungen.com\/dk\/vare\/interior-led-list-260mm-on-off-svart\/#primaryimage"},"thumbnailUrl":"https:\/\/xenonkungen.com\/wp-content\/uploads\/2025\/06\/38049429-origpic-498573.png","datePublished":"2025-06-23T13:50:57+00:00","dateModified":"2026-04-10T23:47:21+00:00","breadcrumb":{"@id":"https:\/\/xenonkungen.com\/dk\/vare\/interior-led-list-260mm-on-off-svart\/#breadcrumb"},"inLanguage":"nl-NL","potentialAction":[{"@type":"ReadAction","target":["https:\/\/xenonkungen.com\/dk\/vare\/interior-led-list-260mm-on-off-svart\/"]}]},{"@type":"ImageObject","inLanguage":"nl-NL","@id":"https:\/\/xenonkungen.com\/dk\/vare\/interior-led-list-260mm-on-off-svart\/#primaryimage","url":"https:\/\/xenonkungen.com\/wp-content\/uploads\/2025\/06\/38049429-origpic-498573.png","contentUrl":"https:\/\/xenonkungen.com\/wp-content\/uploads\/2025\/06\/38049429-origpic-498573.png","width":700,"height":700},{"@type":"BreadcrumbList","@id":"https:\/\/xenonkungen.com\/dk\/vare\/interior-led-list-260mm-on-off-svart\/#breadcrumb","itemListElement":[{"@type":"ListItem","position":1,"name":"Hem","item":"https:\/\/xenonkungen.com\/"},{"@type":"ListItem","position":2,"name":"Shop","item":"https:\/\/xenonkungen.com\/shop\/"},{"@type":"ListItem","position":3,"name":"Interi\u00f6r LED-list 260mm | ON\/OFF | Svart"}]},{"@type":"WebSite","@id":"https:\/\/xenonkungen.com\/#website","url":"https:\/\/xenonkungen.com\/","name":"Xenonkungen","description":"","potentialAction":[{"@type":"SearchAction","target":{"@type":"EntryPoint","urlTemplate":"https:\/\/xenonkungen.com\/?s={search_term_string}"},"query-input":{"@type":"PropertyValueSpecification","valueRequired":true,"valueName":"search_term_string"}}],"inLanguage":"nl-NL"}]}},"taxonomy_info":{"anvandningsomrade":[{"value":166,"label":"Lastbil"},{"value":238,"label":"SL\u00c4P"},{"value":2816,"label":"TRAILER"}],"product_brand":[{"value":1252,"label":"LEA"}],"product_cat":[{"value":2586,"label":"Interi\u00f6rbelysning"}],"pa_fargtemperatur":[{"value":353,"label":"6500K"}],"pa_fuktskydd-varde-ipxx":[{"value":333,"label":"IP67"}],"pa_storlek-mm":[{"value":2404,"label":"383x25x18"}],"pa_stromforbrukning":[{"value":2260,"label":"0,25A @28V"},{"value":2259,"label":"0,48A @14,4V"}],"pa_volt-v":[{"value":159,"label":"12"},{"value":160,"label":"24"}]},"featured_image_src_large":["https:\/\/xenonkungen.com\/wp-content\/uploads\/2025\/06\/38049429-origpic-498573.png",700,700,false],"author_info":[],"comment_info":0,"_links":{"self":[{"href":"https:\/\/xenonkungen.com\/nl\/wp-json\/wp\/v2\/product\/11573","targetHints":{"allow":["GET"]}}],"collection":[{"href":"https:\/\/xenonkungen.com\/nl\/wp-json\/wp\/v2\/product"}],"about":[{"href":"https:\/\/xenonkungen.com\/nl\/wp-json\/wp\/v2\/types\/product"}],"replies":[{"embeddable":true,"href":"https:\/\/xenonkungen.com\/nl\/wp-json\/wp\/v2\/comments?post=11573"}],"wp:featuredmedia":[{"embeddable":true,"href":"https:\/\/xenonkungen.com\/nl\/wp-json\/wp\/v2\/media\/10755"}],"wp:attachment":[{"href":"https:\/\/xenonkungen.com\/nl\/wp-json\/wp\/v2\/media?parent=11573"}],"wp:term":[{"taxonomy":"anvandningsomrade","embeddable":true,"href":"https:\/\/xenonkungen.com\/nl\/wp-json\/wp\/v2\/anvandningsomrade?post=11573"},{"taxonomy":"bilmarken","embeddable":true,"href":"https:\/\/xenonkungen.com\/nl\/wp-json\/wp\/v2\/bilmarken?post=11573"},{"taxonomy":"product_brand","embeddable":true,"href":"https:\/\/xenonkungen.com\/nl\/wp-json\/wp\/v2\/product_brand?post=11573"},{"taxonomy":"product_cat","embeddable":true,"href":"https:\/\/xenonkungen.com\/nl\/wp-json\/wp\/v2\/product_cat?post=11573"},{"taxonomy":"product_tag","embeddable":true,"href":"https:\/\/xenonkungen.com\/nl\/wp-json\/wp\/v2\/product_tag?post=11573"}],"curies":[{"name":"wp","href":"https:\/\/api.w.org\/{rel}","templated":true}]}}