{"id":11633,"date":"2025-06-23T13:51:18","date_gmt":"2025-06-23T13:51:18","guid":{"rendered":"https:\/\/xenonkungen.com\/produkt\/ledramp-paket-luxtar-x24-black-edition-infalld-240w\/"},"modified":"2026-04-02T12:23:50","modified_gmt":"2026-04-02T11:23:50","slug":"led-ramppakket-luxtar-x24-black-edition-inbegrepen-240w","status":"publish","type":"product","link":"https:\/\/xenonkungen.com\/nl\/product\/led-ramppakket-luxtar-x24-black-edition-inbegrepen-240w\/","title":{"rendered":"Ledraampakket LUXTAR\u00ae X24 Black Edition - Inbouw | 240W"},"content":{"rendered":"<h1>Compleet kant-en-klaar pakket met leuning, beugel en bekabeling<\/h1>\n<p>De Luxtar\u00ae X24 met Cree XML2 LED biedt maar liefst 10.050 lumen en een bereik van 630 m (Driving) | 880 m (Spot). Met opvallende reflectoren en aan de zijkant gemonteerde diodelampen is dit mogelijk.<\/p>\n<p>Extra lichtbeugel van gepoedercoat plaatstaal, speciaal gemaakt voor onze Luxtar X24 LED oprijplaat. Wordt achter het bord bevestigd en geeft een strakke, verzonken look.<\/p>\n<p>LET OP!<br \/>\n240W | 24 000 Lumen zijn de theoretische waarden van de Luxtar X24 en waarmee je rekening kunt houden bij het vergelijken met andere opties op de markt (die de nadruk leggen op theoretische gegevens).<\/p>\n<p>177.6W | 10 050 Lumen zijn de werkelijke waarden van Luxtar\u00ae LED spot X24.<br \/>\nDeze waarde van 10 050lm komt overeen met ongeveer 10 keer meer licht dan 55W halogeen (ongeveer 1000lm) of 3 keer meer licht dan 35W xenon (ongeveer 3200lm).<\/p>\n<p>Luxtar\u00ae X24 is verkrijgbaar in twee versies met verschillende reflectoren en lichtpatronen. Rijdend, ook wel Remote genoemd, en Spot.<br \/>\nDe afstandslamp heeft geoptimaliseerde reflectoren voor een breed en gelijkmatig lichtpatroon en met 10.050 lumen heb je ook een perfect bereik van ongeveer 630 meter bij 1 Lux.<br \/>\nDriving is de populaire keuze en biedt een fantastische breedte zonder in te leveren op lengte.<br \/>\nDe smalle bundel heeft gladde reflectoren, wat betekent dat al het licht recht naar voren wordt geschoten en resulteert in een bereik van ongeveer 870-900 meter bij 1 Lux.<br \/>\nSpotlights met een worplengte van ongeveer 900 meter zijn geschikt voor wie op onregelmatige tijden rijdt of voor routes met kleinere ontmoetingen waar de mogelijkheid bestaat om een lamp met een lange worplengte te gebruiken.<\/p>\n<p>Luxtar\u00ae LED-oprijplaat X24 is een geschikt extra licht voor personenauto's, bestelwagens, pick-ups en vrachtwagens.<\/p>","protected":false},"excerpt":{"rendered":"<p>Compleet pakket voor wie veel licht en hoge kwaliteit wil voor een lage prijs.<\/p>\n<p><b>Universele bevestiging die op de meeste auto's past<\/b><\/p>\n<p><b>Kan besteld worden met 2 verschillende reflectoren, Rijdend of Spot<\/b><\/p>\n<p><b>Werkt net zo goed op auto's als op vrachtwagens<\/b><\/p>\n<p><b>10.500 lumen uit de lamp, dat is ongeveer 10 keer meer dan een halogeenlamp!<\/b><\/p>","protected":false},"featured_media":7417,"comment_status":"closed","ping_status":"closed","template":"","meta":{"_acf_changed":false,"_smort_price_nok":"4588","_smort_price_dkk":"2914","_smort_price_eur":"390.44","_smort_sale_price_nok":"","_smort_sale_price_dkk":"","_smort_sale_price_eur":"","smort_restorder":"","shipmondo_restorder":"","_kad_blocks_custom_css":"","_kad_blocks_head_custom_js":"","_kad_blocks_body_custom_js":"","_kad_blocks_footer_custom_js":"","smort_custom_pricelist_1":"","smort_custom_pricelist_2":"","smort_custom_pricelist_3":"","smort_custom_pricelist_4":"","smort_custom_pricelist_5":""},"anvandningsomrade":[207,166,167,1915],"bilmarken":[168],"product_brand":[103],"product_cat":[2826,2820,2541,18,2160,1916],"product_tag":[],"class_list":{"0":"post-11633","1":"product","2":"type-product","3":"status-publish","4":"has-post-thumbnail","6":"anvandningsomrade-husbil","7":"anvandningsomrade-lastbil","8":"anvandningsomrade-personbil","9":"anvandningsomrade-skapbil","10":"bilmarken-alla","11":"product_brand-luxtar","12":"product_cat-luxtar","13":"product_cat-luxtar-paketlosningar","14":"product_cat-luxtar-x-serie-black-ledramper","15":"product_cat-led-ramper-ljusramper","16":"product_cat-luxtar-x-serie-black","17":"product_cat-ledrampspaket","18":"pa_faktisk-effekts-forbrukning-1922","19":"pa_fuktskydd-varde-ipxx-ip68","20":"pa_godkannande-ce-emc-rohs","21":"pa_ljusbild-driving","22":"pa_ljusbild-spot","23":"pa_storlek-mm-674x63x85","24":"pa_stromforbrukning-148a-12v","25":"pa_stromforbrukning-75a-24v","26":"pa_volt-v-multivolt-9-12-16-18-24-28-30-32","28":"first","29":"instock","30":"taxable","31":"shipping-taxable","32":"purchasable","33":"product-type-variable"},"bundled_by":[],"bundle_stock_status":"instock","bundle_stock_quantity":null,"bundle_virtual":false,"bundle_layout":"","bundle_add_to_cart_form_location":"","bundle_editable_in_cart":false,"bundle_sold_individually_context":"","bundle_item_grouping":"","bundle_min_size":"","bundle_max_size":"","bundle_price":[],"bundled_items":[],"bundle_sell_ids":[],"acf":[],"yoast_head":"<!-- This site is optimized with the Yoast SEO plugin v27.0 - https:\/\/yoast.com\/product\/yoast-seo-wordpress\/ -->\n<title>Ledramp Paket LUXTAR\u00ae X24 Black Edition - Inf\u00e4lld | 240W - Xenonkungen<\/title>\n<meta name=\"robots\" content=\"index, follow, max-snippet:-1, max-image-preview:large, max-video-preview:-1\" \/>\n<link rel=\"canonical\" href=\"https:\/\/xenonkungen.com\/nl\/product\/led-ramppakket-luxtar-x24-black-edition-inbegrepen-240w\/\" \/>\n<meta property=\"og:locale\" content=\"nl_NL\" \/>\n<meta property=\"og:type\" content=\"article\" \/>\n<meta property=\"og:title\" content=\"Ledramp Paket LUXTAR\u00ae X24 Black Edition - Inf\u00e4lld | 240W - Xenonkungen\" \/>\n<meta property=\"og:description\" content=\"Komplett paket f\u00f6r dig som \u00f6nskar mycket ljus, h\u00f6g kvalitet till ett l\u00e5gt pris.  Universalf\u00e4ste som passar de flesta bilar  Kan best\u00e4llas med 2 olika reflektorer, Driving eller Spot  Fungerar lika bra p\u00e5 personbilar som lastbilar  10 500 Lumen ut ur rampen, Det \u00e4r ca 10 g\u00e5nger mer \u00e4n ett halogenhelljus!\" \/>\n<meta property=\"og:url\" content=\"https:\/\/xenonkungen.com\/nl\/product\/led-ramppakket-luxtar-x24-black-edition-inbegrepen-240w\/\" \/>\n<meta property=\"og:site_name\" content=\"Xenonkungen\" \/>\n<meta property=\"article:modified_time\" content=\"2026-04-02T11:23:50+00:00\" \/>\n<meta property=\"og:image\" content=\"https:\/\/xenonkungen.com\/wp-content\/uploads\/2025\/04\/174905355-origpic-36e47f.png\" \/>\n\t<meta property=\"og:image:width\" content=\"1000\" \/>\n\t<meta property=\"og:image:height\" content=\"1000\" \/>\n\t<meta property=\"og:image:type\" content=\"image\/png\" \/>\n<meta name=\"twitter:card\" content=\"summary_large_image\" \/>\n<meta name=\"twitter:label1\" content=\"Geschatte leestijd\" \/>\n\t<meta name=\"twitter:data1\" content=\"2 minuten\" \/>\n<script type=\"application\/ld+json\" class=\"yoast-schema-graph\">{\"@context\":\"https:\/\/schema.org\",\"@graph\":[{\"@type\":\"WebPage\",\"@id\":\"https:\/\/xenonkungen.com\/produkt\/ledramp-paket-luxtar-x24-black-edition-infalld-240w\/\",\"url\":\"https:\/\/xenonkungen.com\/produkt\/ledramp-paket-luxtar-x24-black-edition-infalld-240w\/\",\"name\":\"Ledramp Paket LUXTAR\u00ae X24 Black Edition - Inf\u00e4lld | 240W - Xenonkungen\",\"isPartOf\":{\"@id\":\"https:\/\/xenonkungen.com\/#website\"},\"primaryImageOfPage\":{\"@id\":\"https:\/\/xenonkungen.com\/produkt\/ledramp-paket-luxtar-x24-black-edition-infalld-240w\/#primaryimage\"},\"image\":{\"@id\":\"https:\/\/xenonkungen.com\/produkt\/ledramp-paket-luxtar-x24-black-edition-infalld-240w\/#primaryimage\"},\"thumbnailUrl\":\"https:\/\/xenonkungen.com\/wp-content\/uploads\/2025\/04\/174905355-origpic-36e47f.png\",\"datePublished\":\"2025-06-23T13:51:18+00:00\",\"dateModified\":\"2026-04-02T11:23:50+00:00\",\"breadcrumb\":{\"@id\":\"https:\/\/xenonkungen.com\/produkt\/ledramp-paket-luxtar-x24-black-edition-infalld-240w\/#breadcrumb\"},\"inLanguage\":\"nl-NL\",\"potentialAction\":[{\"@type\":\"ReadAction\",\"target\":[\"https:\/\/xenonkungen.com\/produkt\/ledramp-paket-luxtar-x24-black-edition-infalld-240w\/\"]}]},{\"@type\":\"ImageObject\",\"inLanguage\":\"nl-NL\",\"@id\":\"https:\/\/xenonkungen.com\/produkt\/ledramp-paket-luxtar-x24-black-edition-infalld-240w\/#primaryimage\",\"url\":\"https:\/\/xenonkungen.com\/wp-content\/uploads\/2025\/04\/174905355-origpic-36e47f.png\",\"contentUrl\":\"https:\/\/xenonkungen.com\/wp-content\/uploads\/2025\/04\/174905355-origpic-36e47f.png\",\"width\":1000,\"height\":1000},{\"@type\":\"BreadcrumbList\",\"@id\":\"https:\/\/xenonkungen.com\/produkt\/ledramp-paket-luxtar-x24-black-edition-infalld-240w\/#breadcrumb\",\"itemListElement\":[{\"@type\":\"ListItem\",\"position\":1,\"name\":\"Hem\",\"item\":\"https:\/\/xenonkungen.com\/\"},{\"@type\":\"ListItem\",\"position\":2,\"name\":\"Shop\",\"item\":\"https:\/\/xenonkungen.com\/shop\/\"},{\"@type\":\"ListItem\",\"position\":3,\"name\":\"Ledramp Paket LUXTAR\u00ae X24 Black Edition &#8211; Inf\u00e4lld | 240W\"}]},{\"@type\":\"WebSite\",\"@id\":\"https:\/\/xenonkungen.com\/#website\",\"url\":\"https:\/\/xenonkungen.com\/\",\"name\":\"Xenonkungen\",\"description\":\"\",\"potentialAction\":[{\"@type\":\"SearchAction\",\"target\":{\"@type\":\"EntryPoint\",\"urlTemplate\":\"https:\/\/xenonkungen.com\/?s={search_term_string}\"},\"query-input\":{\"@type\":\"PropertyValueSpecification\",\"valueRequired\":true,\"valueName\":\"search_term_string\"}}],\"inLanguage\":\"nl-NL\"}]}<\/script>\n<!-- \/ Yoast SEO plugin. -->","yoast_head_json":{"title":"LED-schijnwerperpakket LUXTAR\u00ae X24 Black Edition - Inbouw | 240W - Xenonkungen","robots":{"index":"index","follow":"follow","max-snippet":"max-snippet:-1","max-image-preview":"max-image-preview:large","max-video-preview":"max-video-preview:-1"},"canonical":"https:\/\/xenonkungen.com\/nl\/product\/led-ramppakket-luxtar-x24-black-edition-inbegrepen-240w\/","og_locale":"nl_NL","og_type":"article","og_title":"Ledramp Paket LUXTAR\u00ae X24 Black Edition - Inf\u00e4lld | 240W - Xenonkungen","og_description":"Komplett paket f\u00f6r dig som \u00f6nskar mycket ljus, h\u00f6g kvalitet till ett l\u00e5gt pris.  Universalf\u00e4ste som passar de flesta bilar  Kan best\u00e4llas med 2 olika reflektorer, Driving eller Spot  Fungerar lika bra p\u00e5 personbilar som lastbilar  10 500 Lumen ut ur rampen, Det \u00e4r ca 10 g\u00e5nger mer \u00e4n ett halogenhelljus!","og_url":"https:\/\/xenonkungen.com\/nl\/product\/led-ramppakket-luxtar-x24-black-edition-inbegrepen-240w\/","og_site_name":"Xenonkungen","article_modified_time":"2026-04-02T11:23:50+00:00","og_image":[{"width":1000,"height":1000,"url":"https:\/\/xenonkungen.com\/wp-content\/uploads\/2025\/04\/174905355-origpic-36e47f.png","type":"image\/png"}],"twitter_card":"summary_large_image","twitter_misc":{"Geschatte leestijd":"2 minuten"},"schema":{"@context":"https:\/\/schema.org","@graph":[{"@type":"WebPage","@id":"https:\/\/xenonkungen.com\/produkt\/ledramp-paket-luxtar-x24-black-edition-infalld-240w\/","url":"https:\/\/xenonkungen.com\/produkt\/ledramp-paket-luxtar-x24-black-edition-infalld-240w\/","name":"LED-schijnwerperpakket LUXTAR\u00ae X24 Black Edition - Inbouw | 240W - Xenonkungen","isPartOf":{"@id":"https:\/\/xenonkungen.com\/#website"},"primaryImageOfPage":{"@id":"https:\/\/xenonkungen.com\/produkt\/ledramp-paket-luxtar-x24-black-edition-infalld-240w\/#primaryimage"},"image":{"@id":"https:\/\/xenonkungen.com\/produkt\/ledramp-paket-luxtar-x24-black-edition-infalld-240w\/#primaryimage"},"thumbnailUrl":"https:\/\/xenonkungen.com\/wp-content\/uploads\/2025\/04\/174905355-origpic-36e47f.png","datePublished":"2025-06-23T13:51:18+00:00","dateModified":"2026-04-02T11:23:50+00:00","breadcrumb":{"@id":"https:\/\/xenonkungen.com\/produkt\/ledramp-paket-luxtar-x24-black-edition-infalld-240w\/#breadcrumb"},"inLanguage":"nl-NL","potentialAction":[{"@type":"ReadAction","target":["https:\/\/xenonkungen.com\/produkt\/ledramp-paket-luxtar-x24-black-edition-infalld-240w\/"]}]},{"@type":"ImageObject","inLanguage":"nl-NL","@id":"https:\/\/xenonkungen.com\/produkt\/ledramp-paket-luxtar-x24-black-edition-infalld-240w\/#primaryimage","url":"https:\/\/xenonkungen.com\/wp-content\/uploads\/2025\/04\/174905355-origpic-36e47f.png","contentUrl":"https:\/\/xenonkungen.com\/wp-content\/uploads\/2025\/04\/174905355-origpic-36e47f.png","width":1000,"height":1000},{"@type":"BreadcrumbList","@id":"https:\/\/xenonkungen.com\/produkt\/ledramp-paket-luxtar-x24-black-edition-infalld-240w\/#breadcrumb","itemListElement":[{"@type":"ListItem","position":1,"name":"Hem","item":"https:\/\/xenonkungen.com\/"},{"@type":"ListItem","position":2,"name":"Shop","item":"https:\/\/xenonkungen.com\/shop\/"},{"@type":"ListItem","position":3,"name":"Ledramp Paket LUXTAR\u00ae X24 Black Edition &#8211; Inf\u00e4lld | 240W"}]},{"@type":"WebSite","@id":"https:\/\/xenonkungen.com\/#website","url":"https:\/\/xenonkungen.com\/","name":"Xenonkungen","description":"","potentialAction":[{"@type":"SearchAction","target":{"@type":"EntryPoint","urlTemplate":"https:\/\/xenonkungen.com\/?s={search_term_string}"},"query-input":{"@type":"PropertyValueSpecification","valueRequired":true,"valueName":"search_term_string"}}],"inLanguage":"nl-NL"}]}},"taxonomy_info":{"anvandningsomrade":[{"value":207,"label":"Husbil"},{"value":166,"label":"Lastbil"},{"value":167,"label":"PERSONBIL"},{"value":1915,"label":"Sk\u00e5pbil"}],"bilmarken":[{"value":168,"label":"Alla"}],"product_brand":[{"value":103,"label":"LUXTAR"}],"product_cat":[{"value":2826,"label":"LUXTAR"},{"value":2820,"label":"Luxtar - Paketl\u00f6sningar"},{"value":2541,"label":"Luxtar X-Serie Black"},{"value":18,"label":"LED Ramper \/ Ljusramper"},{"value":2160,"label":"LUXTAR X-serie Black"},{"value":1916,"label":"Ledrampspaket"}],"pa_faktisk-effekts-forbrukning":[{"value":1922,"label":"177,6"}],"pa_fuktskydd-varde-ipxx":[{"value":177,"label":"IP68"}],"pa_godkannande":[{"value":325,"label":"CE, EMC, RoHS"}],"pa_ljusbild":[{"value":178,"label":"Driving"},{"value":1177,"label":"Spot"}],"pa_storlek-mm":[{"value":1921,"label":"674x63x85"}],"pa_stromforbrukning":[{"value":1923,"label":"14,8A @12V"},{"value":1924,"label":"7,5A @24V"}],"pa_volt-v":[{"value":521,"label":"Multivolt, 9, 12, 16, 18, 24, 28, 30, 32"}]},"featured_image_src_large":["https:\/\/xenonkungen.com\/wp-content\/uploads\/2025\/04\/174905355-origpic-36e47f.png",1000,1000,false],"author_info":[],"comment_info":1,"_links":{"self":[{"href":"https:\/\/xenonkungen.com\/nl\/wp-json\/wp\/v2\/product\/11633","targetHints":{"allow":["GET"]}}],"collection":[{"href":"https:\/\/xenonkungen.com\/nl\/wp-json\/wp\/v2\/product"}],"about":[{"href":"https:\/\/xenonkungen.com\/nl\/wp-json\/wp\/v2\/types\/product"}],"replies":[{"embeddable":true,"href":"https:\/\/xenonkungen.com\/nl\/wp-json\/wp\/v2\/comments?post=11633"}],"wp:featuredmedia":[{"embeddable":true,"href":"https:\/\/xenonkungen.com\/nl\/wp-json\/wp\/v2\/media\/7417"}],"wp:attachment":[{"href":"https:\/\/xenonkungen.com\/nl\/wp-json\/wp\/v2\/media?parent=11633"}],"wp:term":[{"taxonomy":"anvandningsomrade","embeddable":true,"href":"https:\/\/xenonkungen.com\/nl\/wp-json\/wp\/v2\/anvandningsomrade?post=11633"},{"taxonomy":"bilmarken","embeddable":true,"href":"https:\/\/xenonkungen.com\/nl\/wp-json\/wp\/v2\/bilmarken?post=11633"},{"taxonomy":"product_brand","embeddable":true,"href":"https:\/\/xenonkungen.com\/nl\/wp-json\/wp\/v2\/product_brand?post=11633"},{"taxonomy":"product_cat","embeddable":true,"href":"https:\/\/xenonkungen.com\/nl\/wp-json\/wp\/v2\/product_cat?post=11633"},{"taxonomy":"product_tag","embeddable":true,"href":"https:\/\/xenonkungen.com\/nl\/wp-json\/wp\/v2\/product_tag?post=11633"}],"curies":[{"name":"wp","href":"https:\/\/api.w.org\/{rel}","templated":true}]}}