{"id":11636,"date":"2025-06-23T13:51:21","date_gmt":"2025-06-23T13:51:21","guid":{"rendered":"https:\/\/xenonkungen.com\/produkt\/ljuspaket-luxtar-x20-black-edition\/"},"modified":"2026-04-07T08:41:40","modified_gmt":"2026-04-07T07:41:40","slug":"luxtar-x20-lichtpakket-zwarte-editie","status":"publish","type":"product","link":"https:\/\/xenonkungen.com\/nl\/product\/luxtar-x20-lichtpakket-zwarte-editie\/","title":{"rendered":"Lichtpakket LUXTAR\u00ae X20 Black Edition"},"content":{"rendered":"<h1>Compleet kant-en-klaar pakket met leuning, beugel en bekabeling<\/h1>\n<p>Luxtar lichtbalken hebben een uniek ontwerp en zijn voorzien van reflectoren met aan de zijkant gemonteerde diodelampen, die de prestaties aanzienlijk verbeteren.<\/p>\n<p><strong>200W | 20 000 lumen<\/strong> zijn de theoretische waarden van Luxtar X20 en waarmee je rekening kunt houden bij het vergelijken met andere opties op de markt (die de nadruk leggen op theoretische gegevens).<\/p>\n<p><strong>Upgrade indien nodig<\/strong> met <a href=\"https:\/\/www.xenonkungen.com\/se\/article.php?art=179733167\" target=\"NEW\">XBB Smart Relais<\/a> als de auto bijvoorbeeld Canbus-lichtbewaking heeft en\/of een stijlvolle RVS-lichtbalk in chroom of zwart.<\/p>\n<p>Luxtar X20 is geschikt voor diegenen die prioriteit geven aan het bereik van het licht of bij hogere snelheden waarbij de focus natuurlijk op langere afstanden ligt.<\/p>\n<p><span style=\"font-size: 12pt;\"><strong>TESTWINNAAR<\/strong><\/span><br \/>\nOjanper\u00e4 Zweden voerde zijn jaarlijkse test met hulpverlichting uit, waarbij de Luxtar X20 zowel de eerste als de tweede plaats behaalde in de categorie &quot;Uitstekende prijs-kwaliteitverhouding&quot;.<br \/>\nX20 rijden kwam op de eerste plaats en X20 spot kwam op de tweede plaats.<br \/>\n<strong>De test vindt u hier: <\/strong><a href=\"https:\/\/www.youtube.com\/watch?v=GMZSA34IUc8\" target=\"NEW\">Ojanper\u00e4&#039;s jaarlijkse hulplichttest<\/a><\/p>\n<p>Testafbeeldingen van Ojanper\u00e4:<br \/>\n<img decoding=\"async\" src=\"https:\/\/admin.abicart.se\/shop\/4404\/files\/Kundbilar\/121118173_1727214287429391_3091007273041282311_o.jpg\" width=\"350\" \/><img decoding=\"async\" src=\"https:\/\/admin.abicart.se\/shop\/4404\/files\/Kundbilar\/121174054_1727214300762723_3477495534743964641_o.jpg\" width=\"350\" \/><\/p>\n<p><strong>Inhoud pakket X20:<\/strong><br \/>\n1e <a href=\"https:\/\/www.xenonkungen.com\/se\/produkter\/ledramper\/ledramp-serie\/x-serie\/luxtarr-ledramp-x20-blackedition.html\" target=\"_blank\" rel=\"noopener\">Lichtbalk Luxtar Lightning X20<\/a><br \/>\n1e <a href=\"https:\/\/www.xenonkungen.com\/se\/produkter\/installationsmaterial\/fasten-universal\/extraljusfaste-svart-3-225mm.html\" target=\"_blank\" rel=\"noopener\">Extra lichtbeugel Zwart 3<\/a><br \/>\n1e <a href=\"https:\/\/www.xenonkungen.com\/se\/produkter\/installationsmaterial\/kablar-kontakter\/extraljuskabel-1b-12v.html\" target=\"_blank\" rel=\"noopener\">Stroomaansluiting 1B 12V<\/a><\/p>","protected":false},"excerpt":{"rendered":"<p><b>Compleet kant-en-klaar pakket<\/b> met beugel en kabelboom om je auto een stijlvolle en effectieve lichtbalk te geven.<\/p>\n<p><b>Testwinnaar van het jaar 2021<\/b><br \/>\nLUXTAR X20 Black Edition won in de Auto Ojanper\u00e4 test van grote knikgestuurde oprijplaten.<br \/>\n8 merken en 18 oprijplaten namen deel aan de test en LUXTAR X20 Black Edition kwam als beste uit de bus!<\/p>\n<p><b>Inhoud levering<\/b><br \/>\n1e LUXTAR X20 Black Edition &gt;&gt;Testwinnaar&lt;<br \/>\n1 st. Relaisbedrading 1B<br \/>\n1x Hulplichtbeugel<\/p>","protected":false},"featured_media":10878,"comment_status":"closed","ping_status":"closed","template":"","meta":{"_acf_changed":false,"_smort_price_nok":"3461","_smort_price_dkk":"2199","_smort_price_eur":"294.53","_smort_sale_price_nok":"","_smort_sale_price_dkk":"","_smort_sale_price_eur":"","smort_restorder":"","shipmondo_restorder":"","_kad_blocks_custom_css":"","_kad_blocks_head_custom_js":"","_kad_blocks_body_custom_js":"","_kad_blocks_footer_custom_js":"","smort_custom_pricelist_1":"2073.6","smort_custom_pricelist_2":"1814.4","smort_custom_pricelist_3":"1684.8","smort_custom_pricelist_4":"2592","smort_custom_pricelist_5":"1814.4"},"anvandningsomrade":[],"bilmarken":[],"product_brand":[103],"product_cat":[2539,2826,2820,2541,2596,18,2160,1916],"product_tag":[],"class_list":{"0":"post-11636","1":"product","2":"type-product","3":"status-publish","4":"has-post-thumbnail","6":"product_brand-luxtar","7":"product_cat-ledramper","8":"product_cat-luxtar","9":"product_cat-luxtar-paketlosningar","10":"product_cat-luxtar-x-serie-black-ledramper","11":"product_cat-paket","12":"product_cat-led-ramper-ljusramper","13":"product_cat-luxtar-x-serie-black","14":"product_cat-ledrampspaket","15":"pa_faktisk-effekts-forbrukning-2274","16":"pa_fuktskydd-varde-ipxx-ip68","17":"pa_godkannande-e-markt","18":"pa_ljusbild-driving","19":"pa_ljusbild-spot","20":"pa_storlek-mm-570x63x85","21":"pa_stromforbrukning-121a-12v","22":"pa_stromforbrukning-62a-24v","23":"pa_volt-v-multivolt-9-12-16-18-24-28-30-32","25":"first","26":"instock","27":"taxable","28":"shipping-taxable","29":"purchasable","30":"product-type-variable"},"bundled_by":[],"bundle_stock_status":"instock","bundle_stock_quantity":26,"bundle_virtual":false,"bundle_layout":"","bundle_add_to_cart_form_location":"","bundle_editable_in_cart":false,"bundle_sold_individually_context":"","bundle_item_grouping":"","bundle_min_size":"","bundle_max_size":"","bundle_price":[],"bundled_items":[],"bundle_sell_ids":[],"acf":[],"yoast_head":"<!-- This site is optimized with the Yoast SEO plugin v27.0 - https:\/\/yoast.com\/product\/yoast-seo-wordpress\/ -->\n<title>Ljuspaket LUXTAR\u00ae X20 Black Edition - Xenonkungen<\/title>\n<meta name=\"robots\" content=\"index, follow, max-snippet:-1, max-image-preview:large, max-video-preview:-1\" \/>\n<link rel=\"canonical\" href=\"https:\/\/xenonkungen.com\/nl\/product\/luxtar-x20-lichtpakket-zwarte-editie\/\" \/>\n<meta property=\"og:locale\" content=\"nl_NL\" \/>\n<meta property=\"og:type\" content=\"article\" \/>\n<meta property=\"og:title\" content=\"Ljuspaket LUXTAR\u00ae X20 Black Edition - Xenonkungen\" \/>\n<meta property=\"og:description\" content=\"Komplett f\u00e4rdigt paket med f\u00e4ste och kablage som ger bilen en snygg och effektiv ljusramp.  \u00c5rets testvinnare 2021 LUXTAR X20 Black Edition vann i Auto Ojanper\u00e4 stora ledrampstest. 8 varum\u00e4rken och 18st ledramper medverkade i testet och LUXTAR X20 Black Edition ut som segrare!  Leveransinneh\u00e5ll 1st LUXTAR X20 Black Edition &gt;&gt;Testvinnaren&lt;&lt; 1st Rel\u00e4kablage 1B 1st Extraljusf\u00e4ste\" \/>\n<meta property=\"og:url\" content=\"https:\/\/xenonkungen.com\/nl\/product\/luxtar-x20-lichtpakket-zwarte-editie\/\" \/>\n<meta property=\"og:site_name\" content=\"Xenonkungen\" \/>\n<meta property=\"article:modified_time\" content=\"2026-04-07T07:41:40+00:00\" \/>\n<meta property=\"og:image\" content=\"https:\/\/xenonkungen.com\/wp-content\/uploads\/2025\/06\/78767663-origpic-a32a37.png\" \/>\n\t<meta property=\"og:image:width\" content=\"1000\" \/>\n\t<meta property=\"og:image:height\" content=\"1000\" \/>\n\t<meta property=\"og:image:type\" content=\"image\/png\" \/>\n<meta name=\"twitter:card\" content=\"summary_large_image\" \/>\n<meta name=\"twitter:label1\" content=\"Geschatte leestijd\" \/>\n\t<meta name=\"twitter:data1\" content=\"2 minuten\" \/>\n<script type=\"application\/ld+json\" class=\"yoast-schema-graph\">{\"@context\":\"https:\/\/schema.org\",\"@graph\":[{\"@type\":\"WebPage\",\"@id\":\"https:\/\/xenonkungen.com\/produkt\/ljuspaket-luxtar-x20-black-edition\/\",\"url\":\"https:\/\/xenonkungen.com\/produkt\/ljuspaket-luxtar-x20-black-edition\/\",\"name\":\"Ljuspaket LUXTAR\u00ae X20 Black Edition - Xenonkungen\",\"isPartOf\":{\"@id\":\"https:\/\/xenonkungen.com\/#website\"},\"primaryImageOfPage\":{\"@id\":\"https:\/\/xenonkungen.com\/produkt\/ljuspaket-luxtar-x20-black-edition\/#primaryimage\"},\"image\":{\"@id\":\"https:\/\/xenonkungen.com\/produkt\/ljuspaket-luxtar-x20-black-edition\/#primaryimage\"},\"thumbnailUrl\":\"https:\/\/xenonkungen.com\/wp-content\/uploads\/2025\/06\/78767663-origpic-a32a37.png\",\"datePublished\":\"2025-06-23T13:51:21+00:00\",\"dateModified\":\"2026-04-07T07:41:40+00:00\",\"breadcrumb\":{\"@id\":\"https:\/\/xenonkungen.com\/produkt\/ljuspaket-luxtar-x20-black-edition\/#breadcrumb\"},\"inLanguage\":\"nl-NL\",\"potentialAction\":[{\"@type\":\"ReadAction\",\"target\":[\"https:\/\/xenonkungen.com\/produkt\/ljuspaket-luxtar-x20-black-edition\/\"]}]},{\"@type\":\"ImageObject\",\"inLanguage\":\"nl-NL\",\"@id\":\"https:\/\/xenonkungen.com\/produkt\/ljuspaket-luxtar-x20-black-edition\/#primaryimage\",\"url\":\"https:\/\/xenonkungen.com\/wp-content\/uploads\/2025\/06\/78767663-origpic-a32a37.png\",\"contentUrl\":\"https:\/\/xenonkungen.com\/wp-content\/uploads\/2025\/06\/78767663-origpic-a32a37.png\",\"width\":1000,\"height\":1000},{\"@type\":\"BreadcrumbList\",\"@id\":\"https:\/\/xenonkungen.com\/produkt\/ljuspaket-luxtar-x20-black-edition\/#breadcrumb\",\"itemListElement\":[{\"@type\":\"ListItem\",\"position\":1,\"name\":\"Hem\",\"item\":\"https:\/\/xenonkungen.com\/\"},{\"@type\":\"ListItem\",\"position\":2,\"name\":\"Shop\",\"item\":\"https:\/\/xenonkungen.com\/shop\/\"},{\"@type\":\"ListItem\",\"position\":3,\"name\":\"Ljuspaket LUXTAR\u00ae X20 Black Edition\"}]},{\"@type\":\"WebSite\",\"@id\":\"https:\/\/xenonkungen.com\/#website\",\"url\":\"https:\/\/xenonkungen.com\/\",\"name\":\"Xenonkungen\",\"description\":\"\",\"potentialAction\":[{\"@type\":\"SearchAction\",\"target\":{\"@type\":\"EntryPoint\",\"urlTemplate\":\"https:\/\/xenonkungen.com\/?s={search_term_string}\"},\"query-input\":{\"@type\":\"PropertyValueSpecification\",\"valueRequired\":true,\"valueName\":\"search_term_string\"}}],\"inLanguage\":\"nl-NL\"}]}<\/script>\n<!-- \/ Yoast SEO plugin. -->","yoast_head_json":{"title":"Lichtpakket LUXTAR\u00ae X20 Black Edition - De Xenon-koning","robots":{"index":"index","follow":"follow","max-snippet":"max-snippet:-1","max-image-preview":"max-image-preview:large","max-video-preview":"max-video-preview:-1"},"canonical":"https:\/\/xenonkungen.com\/nl\/product\/luxtar-x20-lichtpakket-zwarte-editie\/","og_locale":"nl_NL","og_type":"article","og_title":"Ljuspaket LUXTAR\u00ae X20 Black Edition - Xenonkungen","og_description":"Komplett f\u00e4rdigt paket med f\u00e4ste och kablage som ger bilen en snygg och effektiv ljusramp.  \u00c5rets testvinnare 2021 LUXTAR X20 Black Edition vann i Auto Ojanper\u00e4 stora ledrampstest. 8 varum\u00e4rken och 18st ledramper medverkade i testet och LUXTAR X20 Black Edition ut som segrare!  Leveransinneh\u00e5ll 1st LUXTAR X20 Black Edition &gt;&gt;Testvinnaren&lt;&lt; 1st Rel\u00e4kablage 1B 1st Extraljusf\u00e4ste","og_url":"https:\/\/xenonkungen.com\/nl\/product\/luxtar-x20-lichtpakket-zwarte-editie\/","og_site_name":"Xenonkungen","article_modified_time":"2026-04-07T07:41:40+00:00","og_image":[{"width":1000,"height":1000,"url":"https:\/\/xenonkungen.com\/wp-content\/uploads\/2025\/06\/78767663-origpic-a32a37.png","type":"image\/png"}],"twitter_card":"summary_large_image","twitter_misc":{"Geschatte leestijd":"2 minuten"},"schema":{"@context":"https:\/\/schema.org","@graph":[{"@type":"WebPage","@id":"https:\/\/xenonkungen.com\/produkt\/ljuspaket-luxtar-x20-black-edition\/","url":"https:\/\/xenonkungen.com\/produkt\/ljuspaket-luxtar-x20-black-edition\/","name":"Lichtpakket LUXTAR\u00ae X20 Black Edition - De Xenon-koning","isPartOf":{"@id":"https:\/\/xenonkungen.com\/#website"},"primaryImageOfPage":{"@id":"https:\/\/xenonkungen.com\/produkt\/ljuspaket-luxtar-x20-black-edition\/#primaryimage"},"image":{"@id":"https:\/\/xenonkungen.com\/produkt\/ljuspaket-luxtar-x20-black-edition\/#primaryimage"},"thumbnailUrl":"https:\/\/xenonkungen.com\/wp-content\/uploads\/2025\/06\/78767663-origpic-a32a37.png","datePublished":"2025-06-23T13:51:21+00:00","dateModified":"2026-04-07T07:41:40+00:00","breadcrumb":{"@id":"https:\/\/xenonkungen.com\/produkt\/ljuspaket-luxtar-x20-black-edition\/#breadcrumb"},"inLanguage":"nl-NL","potentialAction":[{"@type":"ReadAction","target":["https:\/\/xenonkungen.com\/produkt\/ljuspaket-luxtar-x20-black-edition\/"]}]},{"@type":"ImageObject","inLanguage":"nl-NL","@id":"https:\/\/xenonkungen.com\/produkt\/ljuspaket-luxtar-x20-black-edition\/#primaryimage","url":"https:\/\/xenonkungen.com\/wp-content\/uploads\/2025\/06\/78767663-origpic-a32a37.png","contentUrl":"https:\/\/xenonkungen.com\/wp-content\/uploads\/2025\/06\/78767663-origpic-a32a37.png","width":1000,"height":1000},{"@type":"BreadcrumbList","@id":"https:\/\/xenonkungen.com\/produkt\/ljuspaket-luxtar-x20-black-edition\/#breadcrumb","itemListElement":[{"@type":"ListItem","position":1,"name":"Hem","item":"https:\/\/xenonkungen.com\/"},{"@type":"ListItem","position":2,"name":"Shop","item":"https:\/\/xenonkungen.com\/shop\/"},{"@type":"ListItem","position":3,"name":"Ljuspaket LUXTAR\u00ae X20 Black Edition"}]},{"@type":"WebSite","@id":"https:\/\/xenonkungen.com\/#website","url":"https:\/\/xenonkungen.com\/","name":"Xenonkungen","description":"","potentialAction":[{"@type":"SearchAction","target":{"@type":"EntryPoint","urlTemplate":"https:\/\/xenonkungen.com\/?s={search_term_string}"},"query-input":{"@type":"PropertyValueSpecification","valueRequired":true,"valueName":"search_term_string"}}],"inLanguage":"nl-NL"}]}},"taxonomy_info":{"product_brand":[{"value":103,"label":"LUXTAR"}],"product_cat":[{"value":2539,"label":"LEDRAMPER"},{"value":2826,"label":"LUXTAR"},{"value":2820,"label":"Luxtar - Paketl\u00f6sningar"},{"value":2541,"label":"Luxtar X-Serie Black"},{"value":2596,"label":"Paket"},{"value":18,"label":"LED Ramper \/ Ljusramper"},{"value":2160,"label":"LUXTAR X-serie Black"},{"value":1916,"label":"Ledrampspaket"}],"pa_faktisk-effekts-forbrukning":[{"value":2274,"label":"146,4"}],"pa_fuktskydd-varde-ipxx":[{"value":177,"label":"IP68"}],"pa_godkannande":[{"value":191,"label":"E-m\u00e4rkt"}],"pa_ljusbild":[{"value":178,"label":"Driving"},{"value":1177,"label":"Spot"}],"pa_storlek-mm":[{"value":2197,"label":"570x63x85"}],"pa_stromforbrukning":[{"value":2200,"label":"12,1A @ 12V"},{"value":2275,"label":"6,2A @24V"}],"pa_volt-v":[{"value":521,"label":"Multivolt, 9, 12, 16, 18, 24, 28, 30, 32"}]},"featured_image_src_large":["https:\/\/xenonkungen.com\/wp-content\/uploads\/2025\/06\/78767663-origpic-a32a37.png",1000,1000,false],"author_info":[],"comment_info":1,"_links":{"self":[{"href":"https:\/\/xenonkungen.com\/nl\/wp-json\/wp\/v2\/product\/11636","targetHints":{"allow":["GET"]}}],"collection":[{"href":"https:\/\/xenonkungen.com\/nl\/wp-json\/wp\/v2\/product"}],"about":[{"href":"https:\/\/xenonkungen.com\/nl\/wp-json\/wp\/v2\/types\/product"}],"replies":[{"embeddable":true,"href":"https:\/\/xenonkungen.com\/nl\/wp-json\/wp\/v2\/comments?post=11636"}],"wp:featuredmedia":[{"embeddable":true,"href":"https:\/\/xenonkungen.com\/nl\/wp-json\/wp\/v2\/media\/10878"}],"wp:attachment":[{"href":"https:\/\/xenonkungen.com\/nl\/wp-json\/wp\/v2\/media?parent=11636"}],"wp:term":[{"taxonomy":"anvandningsomrade","embeddable":true,"href":"https:\/\/xenonkungen.com\/nl\/wp-json\/wp\/v2\/anvandningsomrade?post=11636"},{"taxonomy":"bilmarken","embeddable":true,"href":"https:\/\/xenonkungen.com\/nl\/wp-json\/wp\/v2\/bilmarken?post=11636"},{"taxonomy":"product_brand","embeddable":true,"href":"https:\/\/xenonkungen.com\/nl\/wp-json\/wp\/v2\/product_brand?post=11636"},{"taxonomy":"product_cat","embeddable":true,"href":"https:\/\/xenonkungen.com\/nl\/wp-json\/wp\/v2\/product_cat?post=11636"},{"taxonomy":"product_tag","embeddable":true,"href":"https:\/\/xenonkungen.com\/nl\/wp-json\/wp\/v2\/product_tag?post=11636"}],"curies":[{"name":"wp","href":"https:\/\/api.w.org\/{rel}","templated":true}]}}