{"id":11696,"date":"2025-06-23T13:51:41","date_gmt":"2025-06-23T13:51:41","guid":{"rendered":"https:\/\/xenonkungen.com\/produkt\/interiorlampa-o143mm-on-off-chrome\/"},"modified":"2026-04-11T00:40:16","modified_gmt":"2026-04-10T23:40:16","slug":"interieurlamp-o143mm-aan-uit-chroom","status":"publish","type":"product","link":"https:\/\/xenonkungen.com\/nl\/product\/interieurlamp-o143mm-aan-uit-chroom\/","title":{"rendered":"Binnenlamp \u00d8143mm | AAN\/UIT | Chroom"},"content":{"rendered":"<div class=\"container\">\n<div class=\"feature\">\n<h1 class=\"title\">LED-binnenverlichting met aan-\/uitknop en chromen frame<\/h1>\n<p class=\"description\">Een verfijnde led-binnenverlichting met een aan\/uit-\/deur-\/aanknop voor optimale bediening, omgeven door een elegant chromen frame. De koelwitte ledtechnologie levert een krachtig licht dat vergelijkbaar is met een gloeilamp van 60 W, perfect voor elk voertuig of elke ruimte die flexibele en effici\u00ebnte verlichting vereist.<\/p>\n<\/div>\n<div class=\"feature\">\n<h2 class=\"subtitle\">Functies en kenmerken:<\/h2>\n<ul class=\"list\">\n<li>Flexibele lichtregeling met Uit\/Deur\/Aan-functie.<\/li>\n<li>Effici\u00ebnte cool white LED voor hoge helderheid.<\/li>\n<li>Elegant chromen frame voor een moderne uitstraling.<\/li>\n<li>Lichtverspreiding van 360 graden door een slagvaste lens van polycarbonaat.<\/li>\n<li>Duurzame constructie met IP67-classificatie voor schok-, trillings- en waterbestendigheid.<\/li>\n<li>Kortsluitbeveiliging voor meer veiligheid voor de gebruiker.<\/li>\n<\/ul>\n<\/div>\n<div class=\"usage\">\n<h2 class=\"subtitle\">Gebruiksgebieden:<\/h2>\n<p class=\"usage-text\">Ideaal voor voertuigen, zoals auto's, vrachtwagens, campers en boten, maar ook voor commerci\u00eble en industri\u00eble ruimtes waar aanpasbare verlichting gewenst is.<\/p>\n<\/div>\n<div class=\"installation\">\n<h2 class=\"subtitle\">Installatie:<\/h2>\n<p class=\"installation-text\">Deze lamp is ontworpen voor eenvoudige opbouwmontage en kan snel worden ge\u00efnstalleerd om het interieur te verfraaien met zijn stijlvolle look en krachtige verlichting.<\/p>\n<\/div>\n<\/div>\n<p><strong>Garantie:<\/strong> 3 jaar<\/p>","protected":false},"excerpt":{"rendered":"<p>LED Interi\u00f6rlampa med Av\/D\u00f6rr\/P\u00e5 Knapp och Kromsarg En sofistikerad LED interi\u00f6rlampa utrustad med en Av\/D\u00f6rr\/P\u00e5 knapp f\u00f6r optimal kontroll, omgiven av en elegant kromsarg. Dess cool white LED-teknologi levererar ett kraftfullt ljus motsvarande en 60W gl\u00f6dlampa, perfekt f\u00f6r alla fordon eller utrymmen som kr\u00e4ver anpassningsbar och effektiv belysning. Funktioner och Egenskaper: Flexibel ljuskontroll med Av\/D\u00f6rr\/P\u00e5 [&hellip;]<\/p>","protected":false},"featured_media":11003,"comment_status":"closed","ping_status":"closed","template":"","meta":{"_acf_changed":false,"_smort_price_nok":"1228","_smort_price_dkk":"780","_smort_price_eur":"104.54","_smort_sale_price_nok":"","_smort_sale_price_dkk":"","_smort_sale_price_eur":"","smort_restorder":"","shipmondo_restorder":"","_kad_blocks_custom_css":"","_kad_blocks_head_custom_js":"","_kad_blocks_body_custom_js":"","_kad_blocks_footer_custom_js":"","smort_custom_pricelist_1":null,"smort_custom_pricelist_2":null,"smort_custom_pricelist_3":null,"smort_custom_pricelist_4":null,"smort_custom_pricelist_5":null},"anvandningsomrade":[166,238,2816],"bilmarken":[],"product_brand":[1252],"product_cat":[2586],"product_tag":[],"class_list":{"0":"post-11696","1":"product","2":"type-product","3":"status-publish","4":"has-post-thumbnail","6":"anvandningsomrade-lastbil","7":"anvandningsomrade-slap","8":"anvandningsomrade-trailer","9":"product_brand-lea","10":"product_cat-interiorbelysning-slap","11":"pa_storlek-mm-143x40","12":"pa_stromforbrukning-027a-28v","13":"pa_stromforbrukning-046a-138v","14":"pa_volt-v-159","15":"pa_volt-v-160","17":"first","18":"onbackorder","19":"taxable","20":"shipping-taxable","21":"purchasable","22":"product-type-variable"},"bundled_by":[],"bundle_stock_status":"onbackorder","bundle_stock_quantity":null,"bundle_virtual":false,"bundle_layout":"","bundle_add_to_cart_form_location":"","bundle_editable_in_cart":false,"bundle_sold_individually_context":"","bundle_item_grouping":"","bundle_min_size":"","bundle_max_size":"","bundle_price":[],"bundled_items":[],"bundle_sell_ids":[],"acf":[],"yoast_head":"<!-- This site is optimized with the Yoast SEO plugin v27.0 - https:\/\/yoast.com\/product\/yoast-seo-wordpress\/ -->\n<title>Interi\u00f6rlampa \u00d8143mm | ON\/OFF | Chrome - Xenonkungen<\/title>\n<meta name=\"robots\" content=\"index, follow, max-snippet:-1, max-image-preview:large, max-video-preview:-1\" \/>\n<link rel=\"canonical\" href=\"https:\/\/xenonkungen.com\/nl\/product\/interieurlamp-o143mm-aan-uit-chroom\/\" \/>\n<meta property=\"og:locale\" content=\"nl_NL\" \/>\n<meta property=\"og:type\" content=\"article\" \/>\n<meta property=\"og:title\" content=\"Interi\u00f6rlampa \u00d8143mm | ON\/OFF | Chrome - Xenonkungen\" \/>\n<meta property=\"og:description\" content=\"LED Interi\u00f6rlampa med Av\/D\u00f6rr\/P\u00e5 Knapp och Kromsarg En sofistikerad LED interi\u00f6rlampa utrustad med en Av\/D\u00f6rr\/P\u00e5 knapp f\u00f6r optimal kontroll, omgiven av en elegant kromsarg. Dess cool white LED-teknologi levererar ett kraftfullt ljus motsvarande en 60W gl\u00f6dlampa, perfekt f\u00f6r alla fordon eller utrymmen som kr\u00e4ver anpassningsbar och effektiv belysning. Funktioner och Egenskaper: Flexibel ljuskontroll med Av\/D\u00f6rr\/P\u00e5 [&hellip;]\" \/>\n<meta property=\"og:url\" content=\"https:\/\/xenonkungen.com\/nl\/product\/interieurlamp-o143mm-aan-uit-chroom\/\" \/>\n<meta property=\"og:site_name\" content=\"Xenonkungen\" \/>\n<meta property=\"article:modified_time\" content=\"2026-04-10T23:40:16+00:00\" \/>\n<meta property=\"og:image\" content=\"https:\/\/xenonkungen.com\/wp-content\/uploads\/2025\/06\/7338325-origpic-9f19ea.jpg\" \/>\n\t<meta property=\"og:image:width\" content=\"500\" \/>\n\t<meta property=\"og:image:height\" content=\"500\" \/>\n\t<meta property=\"og:image:type\" content=\"image\/jpeg\" \/>\n<meta name=\"twitter:card\" content=\"summary_large_image\" \/>\n<meta name=\"twitter:label1\" content=\"Geschatte leestijd\" \/>\n\t<meta name=\"twitter:data1\" content=\"1 minuut\" \/>\n<script type=\"application\/ld+json\" class=\"yoast-schema-graph\">{\"@context\":\"https:\/\/schema.org\",\"@graph\":[{\"@type\":\"WebPage\",\"@id\":\"https:\/\/xenonkungen.com\/nl\/product\/interiorlampa-o143mm-on-off-chrome\/\",\"url\":\"https:\/\/xenonkungen.com\/nl\/product\/interiorlampa-o143mm-on-off-chrome\/\",\"name\":\"Interi\u00f6rlampa \u00d8143mm | ON\/OFF | Chrome - Xenonkungen\",\"isPartOf\":{\"@id\":\"https:\/\/xenonkungen.com\/#website\"},\"primaryImageOfPage\":{\"@id\":\"https:\/\/xenonkungen.com\/nl\/product\/interiorlampa-o143mm-on-off-chrome\/#primaryimage\"},\"image\":{\"@id\":\"https:\/\/xenonkungen.com\/nl\/product\/interiorlampa-o143mm-on-off-chrome\/#primaryimage\"},\"thumbnailUrl\":\"https:\/\/xenonkungen.com\/wp-content\/uploads\/2025\/06\/7338325-origpic-9f19ea.jpg\",\"datePublished\":\"2025-06-23T13:51:41+00:00\",\"dateModified\":\"2026-04-10T23:40:16+00:00\",\"breadcrumb\":{\"@id\":\"https:\/\/xenonkungen.com\/nl\/product\/interiorlampa-o143mm-on-off-chrome\/#breadcrumb\"},\"inLanguage\":\"nl-NL\",\"potentialAction\":[{\"@type\":\"ReadAction\",\"target\":[\"https:\/\/xenonkungen.com\/nl\/product\/interiorlampa-o143mm-on-off-chrome\/\"]}]},{\"@type\":\"ImageObject\",\"inLanguage\":\"nl-NL\",\"@id\":\"https:\/\/xenonkungen.com\/nl\/product\/interiorlampa-o143mm-on-off-chrome\/#primaryimage\",\"url\":\"https:\/\/xenonkungen.com\/wp-content\/uploads\/2025\/06\/7338325-origpic-9f19ea.jpg\",\"contentUrl\":\"https:\/\/xenonkungen.com\/wp-content\/uploads\/2025\/06\/7338325-origpic-9f19ea.jpg\",\"width\":500,\"height\":500},{\"@type\":\"BreadcrumbList\",\"@id\":\"https:\/\/xenonkungen.com\/nl\/product\/interiorlampa-o143mm-on-off-chrome\/#breadcrumb\",\"itemListElement\":[{\"@type\":\"ListItem\",\"position\":1,\"name\":\"Hem\",\"item\":\"https:\/\/xenonkungen.com\/\"},{\"@type\":\"ListItem\",\"position\":2,\"name\":\"Shop\",\"item\":\"https:\/\/xenonkungen.com\/shop\/\"},{\"@type\":\"ListItem\",\"position\":3,\"name\":\"Interi\u00f6rlampa \u00d8143mm | ON\/OFF | Chrome\"}]},{\"@type\":\"WebSite\",\"@id\":\"https:\/\/xenonkungen.com\/#website\",\"url\":\"https:\/\/xenonkungen.com\/\",\"name\":\"Xenonkungen\",\"description\":\"\",\"potentialAction\":[{\"@type\":\"SearchAction\",\"target\":{\"@type\":\"EntryPoint\",\"urlTemplate\":\"https:\/\/xenonkungen.com\/?s={search_term_string}\"},\"query-input\":{\"@type\":\"PropertyValueSpecification\",\"valueRequired\":true,\"valueName\":\"search_term_string\"}}],\"inLanguage\":\"nl-NL\"}]}<\/script>\n<!-- \/ Yoast SEO plugin. -->","yoast_head_json":{"title":"Binnenlamp \u00d8143mm | AAN\/UIT | Chroom - De Xenon Koning","robots":{"index":"index","follow":"follow","max-snippet":"max-snippet:-1","max-image-preview":"max-image-preview:large","max-video-preview":"max-video-preview:-1"},"canonical":"https:\/\/xenonkungen.com\/nl\/product\/interieurlamp-o143mm-aan-uit-chroom\/","og_locale":"nl_NL","og_type":"article","og_title":"Interi\u00f6rlampa \u00d8143mm | ON\/OFF | Chrome - Xenonkungen","og_description":"LED Interi\u00f6rlampa med Av\/D\u00f6rr\/P\u00e5 Knapp och Kromsarg En sofistikerad LED interi\u00f6rlampa utrustad med en Av\/D\u00f6rr\/P\u00e5 knapp f\u00f6r optimal kontroll, omgiven av en elegant kromsarg. Dess cool white LED-teknologi levererar ett kraftfullt ljus motsvarande en 60W gl\u00f6dlampa, perfekt f\u00f6r alla fordon eller utrymmen som kr\u00e4ver anpassningsbar och effektiv belysning. Funktioner och Egenskaper: Flexibel ljuskontroll med Av\/D\u00f6rr\/P\u00e5 [&hellip;]","og_url":"https:\/\/xenonkungen.com\/nl\/product\/interieurlamp-o143mm-aan-uit-chroom\/","og_site_name":"Xenonkungen","article_modified_time":"2026-04-10T23:40:16+00:00","og_image":[{"width":500,"height":500,"url":"https:\/\/xenonkungen.com\/wp-content\/uploads\/2025\/06\/7338325-origpic-9f19ea.jpg","type":"image\/jpeg"}],"twitter_card":"summary_large_image","twitter_misc":{"Geschatte leestijd":"1 minuut"},"schema":{"@context":"https:\/\/schema.org","@graph":[{"@type":"WebPage","@id":"https:\/\/xenonkungen.com\/nl\/product\/interiorlampa-o143mm-on-off-chrome\/","url":"https:\/\/xenonkungen.com\/nl\/product\/interiorlampa-o143mm-on-off-chrome\/","name":"Binnenlamp \u00d8143mm | AAN\/UIT | Chroom - De Xenon Koning","isPartOf":{"@id":"https:\/\/xenonkungen.com\/#website"},"primaryImageOfPage":{"@id":"https:\/\/xenonkungen.com\/nl\/product\/interiorlampa-o143mm-on-off-chrome\/#primaryimage"},"image":{"@id":"https:\/\/xenonkungen.com\/nl\/product\/interiorlampa-o143mm-on-off-chrome\/#primaryimage"},"thumbnailUrl":"https:\/\/xenonkungen.com\/wp-content\/uploads\/2025\/06\/7338325-origpic-9f19ea.jpg","datePublished":"2025-06-23T13:51:41+00:00","dateModified":"2026-04-10T23:40:16+00:00","breadcrumb":{"@id":"https:\/\/xenonkungen.com\/nl\/product\/interiorlampa-o143mm-on-off-chrome\/#breadcrumb"},"inLanguage":"nl-NL","potentialAction":[{"@type":"ReadAction","target":["https:\/\/xenonkungen.com\/nl\/product\/interiorlampa-o143mm-on-off-chrome\/"]}]},{"@type":"ImageObject","inLanguage":"nl-NL","@id":"https:\/\/xenonkungen.com\/nl\/product\/interiorlampa-o143mm-on-off-chrome\/#primaryimage","url":"https:\/\/xenonkungen.com\/wp-content\/uploads\/2025\/06\/7338325-origpic-9f19ea.jpg","contentUrl":"https:\/\/xenonkungen.com\/wp-content\/uploads\/2025\/06\/7338325-origpic-9f19ea.jpg","width":500,"height":500},{"@type":"BreadcrumbList","@id":"https:\/\/xenonkungen.com\/nl\/product\/interiorlampa-o143mm-on-off-chrome\/#breadcrumb","itemListElement":[{"@type":"ListItem","position":1,"name":"Hem","item":"https:\/\/xenonkungen.com\/"},{"@type":"ListItem","position":2,"name":"Shop","item":"https:\/\/xenonkungen.com\/shop\/"},{"@type":"ListItem","position":3,"name":"Interi\u00f6rlampa \u00d8143mm | ON\/OFF | Chrome"}]},{"@type":"WebSite","@id":"https:\/\/xenonkungen.com\/#website","url":"https:\/\/xenonkungen.com\/","name":"Xenonkungen","description":"","potentialAction":[{"@type":"SearchAction","target":{"@type":"EntryPoint","urlTemplate":"https:\/\/xenonkungen.com\/?s={search_term_string}"},"query-input":{"@type":"PropertyValueSpecification","valueRequired":true,"valueName":"search_term_string"}}],"inLanguage":"nl-NL"}]}},"taxonomy_info":{"anvandningsomrade":[{"value":166,"label":"Lastbil"},{"value":238,"label":"SL\u00c4P"},{"value":2816,"label":"TRAILER"}],"product_brand":[{"value":1252,"label":"LEA"}],"product_cat":[{"value":2586,"label":"Interi\u00f6rbelysning"}],"pa_storlek-mm":[{"value":2422,"label":"143x40"}],"pa_stromforbrukning":[{"value":2243,"label":"0,27A @28V"},{"value":2302,"label":"0,46A @13,8V"}],"pa_volt-v":[{"value":159,"label":"12"},{"value":160,"label":"24"}]},"featured_image_src_large":["https:\/\/xenonkungen.com\/wp-content\/uploads\/2025\/06\/7338325-origpic-9f19ea.jpg",500,500,false],"author_info":[],"comment_info":0,"_links":{"self":[{"href":"https:\/\/xenonkungen.com\/nl\/wp-json\/wp\/v2\/product\/11696","targetHints":{"allow":["GET"]}}],"collection":[{"href":"https:\/\/xenonkungen.com\/nl\/wp-json\/wp\/v2\/product"}],"about":[{"href":"https:\/\/xenonkungen.com\/nl\/wp-json\/wp\/v2\/types\/product"}],"replies":[{"embeddable":true,"href":"https:\/\/xenonkungen.com\/nl\/wp-json\/wp\/v2\/comments?post=11696"}],"wp:featuredmedia":[{"embeddable":true,"href":"https:\/\/xenonkungen.com\/nl\/wp-json\/wp\/v2\/media\/11003"}],"wp:attachment":[{"href":"https:\/\/xenonkungen.com\/nl\/wp-json\/wp\/v2\/media?parent=11696"}],"wp:term":[{"taxonomy":"anvandningsomrade","embeddable":true,"href":"https:\/\/xenonkungen.com\/nl\/wp-json\/wp\/v2\/anvandningsomrade?post=11696"},{"taxonomy":"bilmarken","embeddable":true,"href":"https:\/\/xenonkungen.com\/nl\/wp-json\/wp\/v2\/bilmarken?post=11696"},{"taxonomy":"product_brand","embeddable":true,"href":"https:\/\/xenonkungen.com\/nl\/wp-json\/wp\/v2\/product_brand?post=11696"},{"taxonomy":"product_cat","embeddable":true,"href":"https:\/\/xenonkungen.com\/nl\/wp-json\/wp\/v2\/product_cat?post=11696"},{"taxonomy":"product_tag","embeddable":true,"href":"https:\/\/xenonkungen.com\/nl\/wp-json\/wp\/v2\/product_tag?post=11696"}],"curies":[{"name":"wp","href":"https:\/\/api.w.org\/{rel}","templated":true}]}}