{"id":11732,"date":"2025-06-23T13:51:54","date_gmt":"2025-06-23T13:51:54","guid":{"rendered":"https:\/\/xenonkungen.com\/produkt\/interior-led-list-150mmfrost\/"},"modified":"2026-04-11T00:37:10","modified_gmt":"2026-04-10T23:37:10","slug":"led-strip-voor-binnengebruik-150-mm-mat","status":"publish","type":"product","link":"https:\/\/xenonkungen.com\/nl\/product\/led-strip-voor-binnengebruik-150-mm-mat\/","title":{"rendered":"Interieur LED strip 150mm Frost"},"content":{"rendered":"<div class=\"container\">\n<h1>Slanke 150 mm LED-balklamp voor binnenverlichting<\/h1>\n<p>Deze slanke 150 mm LED-balklamp is een ideale oplossing voor binnenverlichting in 12V\/24V-voertuigen en andere toepassingen. Met zijn minimalistische ontwerp van slechts 10 mm hoog en 25 mm breed, zorgen de heldere, koelwitte diodes voor een fluorescerend licht voor effici\u00ebnte verlichting.<\/p>\n<p>De lamp is voorzien van een polycarbonaat lens met optische eigenschappen voor de beste lichtopbrengst en biedt gedempt licht (21 lux\/m) dankzij de ondoorzichtige lens. Deze lichtbalk is ontworpen om zware omstandigheden te weerstaan, is schok- en trillingsbestendig, volledig onderdompelbaar en bestand tegen hogedrukreiniging. De IP67-classificatie en kortsluitbeveiliging garanderen betrouwbaarheid en duurzaamheid.<\/p>\n<h2>Kenmerken en functies<\/h2>\n<ul>\n<li>Minimalistisch ontwerp, eenvoudig te integreren in verschillende voertuigen en omgevingen.<\/li>\n<li>Zeer heldere, koelwitte diodelampen voor een effici\u00ebnte lichtopbrengst.<\/li>\n<li>Polycarbonaatlens met optische eigenschappen zorgt voor gedempt licht van 21 Lux\/m.<\/li>\n<li>Ondersteuning voor zowel 12V- als 24V-systemen.<\/li>\n<li>Schok- en trillingsbestendig, IP67-geclassificeerd en beveiligd tegen kortsluiting.<\/li>\n<\/ul>\n<p>Deze staaflamp is ideaal voor gebruik in voertuigen, servicewagens, caravans en andere ruimtes waar compacte en effici\u00ebnte verlichting nodig is. Hij combineert duurzaamheid met esthetiek en voegt waarde toe aan elk verlichtingsproject.<\/p>\n<\/div>\n<p>Equivalent aan circa &gt;10\/15W gloeilamp.<\/p>\n<p><strong>Garantie:<\/strong> 3 jaar<\/p>","protected":false},"excerpt":{"rendered":"<p>Slim 150mm LED Stavlampa f\u00f6r Interi\u00f6r Belysning Denna Slim 150mm LED stavlampa \u00e4r en idealisk l\u00f6sning f\u00f6r interi\u00f6r belysning i 12V\/24V fordon och andra till\u00e4mpningar. Med dess minimalistiska design p\u00e5 endast 10mm i h\u00f6jd och 25mm i bredd, ger den high brightness Cool white diodlampor ett lysr\u00f6rsliknande ljus f\u00f6r effektiv belysning. Den inneh\u00e5ller en lins [&hellip;]<\/p>","protected":false},"featured_media":11082,"comment_status":"closed","ping_status":"closed","template":"","meta":{"_acf_changed":false,"_smort_price_nok":"310","_smort_price_dkk":"197","_smort_price_eur":"26.36","_smort_sale_price_nok":"","_smort_sale_price_dkk":"","_smort_sale_price_eur":"","smort_restorder":"","shipmondo_restorder":"","_kad_blocks_custom_css":"","_kad_blocks_head_custom_js":"","_kad_blocks_body_custom_js":"","_kad_blocks_footer_custom_js":"","smort_custom_pricelist_1":"162.4","smort_custom_pricelist_2":"162.4","smort_custom_pricelist_3":"154.28","smort_custom_pricelist_4":"232","smort_custom_pricelist_5":"162.4"},"anvandningsomrade":[166,238,2816],"bilmarken":[],"product_brand":[1252],"product_cat":[2586],"product_tag":[],"class_list":{"0":"post-11732","1":"product","2":"type-product","3":"status-publish","4":"has-post-thumbnail","6":"anvandningsomrade-lastbil","7":"anvandningsomrade-slap","8":"anvandningsomrade-trailer","9":"product_brand-lea","10":"product_cat-interiorbelysning-slap","11":"pa_fuktskydd-varde-ipxx-ip67","12":"pa_storlek-mm-150x25x10","13":"pa_stromforbrukning-007a-28v","14":"pa_stromforbrukning-017a-138v","15":"pa_volt-v-159","16":"pa_volt-v-160","18":"first","19":"outofstock","20":"taxable","21":"shipping-taxable","22":"purchasable","23":"product-type-variable"},"bundled_by":[],"bundle_stock_status":"outofstock","bundle_stock_quantity":0,"bundle_virtual":false,"bundle_layout":"","bundle_add_to_cart_form_location":"","bundle_editable_in_cart":false,"bundle_sold_individually_context":"","bundle_item_grouping":"","bundle_min_size":"","bundle_max_size":"","bundle_price":[],"bundled_items":[],"bundle_sell_ids":[],"acf":[],"yoast_head":"<!-- This site is optimized with the Yoast SEO plugin v27.0 - https:\/\/yoast.com\/product\/yoast-seo-wordpress\/ -->\n<title>Interi\u00f6r LED-list 150mm|Frost - Xenonkungen<\/title>\n<meta name=\"robots\" content=\"index, follow, max-snippet:-1, max-image-preview:large, max-video-preview:-1\" \/>\n<link rel=\"canonical\" href=\"https:\/\/xenonkungen.com\/nl\/product\/led-strip-voor-binnengebruik-150-mm-mat\/\" \/>\n<meta property=\"og:locale\" content=\"nl_NL\" \/>\n<meta property=\"og:type\" content=\"article\" \/>\n<meta property=\"og:title\" content=\"Interi\u00f6r LED-list 150mm|Frost - Xenonkungen\" \/>\n<meta property=\"og:description\" content=\"Slim 150mm LED Stavlampa f\u00f6r Interi\u00f6r Belysning Denna Slim 150mm LED stavlampa \u00e4r en idealisk l\u00f6sning f\u00f6r interi\u00f6r belysning i 12V\/24V fordon och andra till\u00e4mpningar. Med dess minimalistiska design p\u00e5 endast 10mm i h\u00f6jd och 25mm i bredd, ger den high brightness Cool white diodlampor ett lysr\u00f6rsliknande ljus f\u00f6r effektiv belysning. Den inneh\u00e5ller en lins [&hellip;]\" \/>\n<meta property=\"og:url\" content=\"https:\/\/xenonkungen.com\/nl\/product\/led-strip-voor-binnengebruik-150-mm-mat\/\" \/>\n<meta property=\"og:site_name\" content=\"Xenonkungen\" \/>\n<meta property=\"article:modified_time\" content=\"2026-04-10T23:37:10+00:00\" \/>\n<meta property=\"og:image\" content=\"https:\/\/xenonkungen.com\/wp-content\/uploads\/2025\/06\/25570040-origpic-35137a.jpg\" \/>\n\t<meta property=\"og:image:width\" content=\"800\" \/>\n\t<meta property=\"og:image:height\" content=\"800\" \/>\n\t<meta property=\"og:image:type\" content=\"image\/jpeg\" \/>\n<meta name=\"twitter:card\" content=\"summary_large_image\" \/>\n<meta name=\"twitter:label1\" content=\"Geschatte leestijd\" \/>\n\t<meta name=\"twitter:data1\" content=\"1 minuut\" \/>\n<script type=\"application\/ld+json\" class=\"yoast-schema-graph\">{\"@context\":\"https:\/\/schema.org\",\"@graph\":[{\"@type\":\"WebPage\",\"@id\":\"https:\/\/xenonkungen.com\/no\/produkt\/innvendig-led-stripe-150-mm-frostet\/\",\"url\":\"https:\/\/xenonkungen.com\/no\/produkt\/innvendig-led-stripe-150-mm-frostet\/\",\"name\":\"Interi\u00f6r LED-list 150mm|Frost - Xenonkungen\",\"isPartOf\":{\"@id\":\"https:\/\/xenonkungen.com\/#website\"},\"primaryImageOfPage\":{\"@id\":\"https:\/\/xenonkungen.com\/no\/produkt\/innvendig-led-stripe-150-mm-frostet\/#primaryimage\"},\"image\":{\"@id\":\"https:\/\/xenonkungen.com\/no\/produkt\/innvendig-led-stripe-150-mm-frostet\/#primaryimage\"},\"thumbnailUrl\":\"https:\/\/xenonkungen.com\/wp-content\/uploads\/2025\/06\/25570040-origpic-35137a.jpg\",\"datePublished\":\"2025-06-23T13:51:54+00:00\",\"dateModified\":\"2026-04-10T23:37:10+00:00\",\"breadcrumb\":{\"@id\":\"https:\/\/xenonkungen.com\/no\/produkt\/innvendig-led-stripe-150-mm-frostet\/#breadcrumb\"},\"inLanguage\":\"nl-NL\",\"potentialAction\":[{\"@type\":\"ReadAction\",\"target\":[\"https:\/\/xenonkungen.com\/no\/produkt\/innvendig-led-stripe-150-mm-frostet\/\"]}]},{\"@type\":\"ImageObject\",\"inLanguage\":\"nl-NL\",\"@id\":\"https:\/\/xenonkungen.com\/no\/produkt\/innvendig-led-stripe-150-mm-frostet\/#primaryimage\",\"url\":\"https:\/\/xenonkungen.com\/wp-content\/uploads\/2025\/06\/25570040-origpic-35137a.jpg\",\"contentUrl\":\"https:\/\/xenonkungen.com\/wp-content\/uploads\/2025\/06\/25570040-origpic-35137a.jpg\",\"width\":800,\"height\":800},{\"@type\":\"BreadcrumbList\",\"@id\":\"https:\/\/xenonkungen.com\/no\/produkt\/innvendig-led-stripe-150-mm-frostet\/#breadcrumb\",\"itemListElement\":[{\"@type\":\"ListItem\",\"position\":1,\"name\":\"Hem\",\"item\":\"https:\/\/xenonkungen.com\/\"},{\"@type\":\"ListItem\",\"position\":2,\"name\":\"Shop\",\"item\":\"https:\/\/xenonkungen.com\/shop\/\"},{\"@type\":\"ListItem\",\"position\":3,\"name\":\"Interi\u00f6r LED-list 150mm|Frost\"}]},{\"@type\":\"WebSite\",\"@id\":\"https:\/\/xenonkungen.com\/#website\",\"url\":\"https:\/\/xenonkungen.com\/\",\"name\":\"Xenonkungen\",\"description\":\"\",\"potentialAction\":[{\"@type\":\"SearchAction\",\"target\":{\"@type\":\"EntryPoint\",\"urlTemplate\":\"https:\/\/xenonkungen.com\/?s={search_term_string}\"},\"query-input\":{\"@type\":\"PropertyValueSpecification\",\"valueRequired\":true,\"valueName\":\"search_term_string\"}}],\"inLanguage\":\"nl-NL\"}]}<\/script>\n<!-- \/ Yoast SEO plugin. -->","yoast_head_json":{"title":"LED-strip voor binnen 150 mm | Frost - Xenonkungen","robots":{"index":"index","follow":"follow","max-snippet":"max-snippet:-1","max-image-preview":"max-image-preview:large","max-video-preview":"max-video-preview:-1"},"canonical":"https:\/\/xenonkungen.com\/nl\/product\/led-strip-voor-binnengebruik-150-mm-mat\/","og_locale":"nl_NL","og_type":"article","og_title":"Interi\u00f6r LED-list 150mm|Frost - Xenonkungen","og_description":"Slim 150mm LED Stavlampa f\u00f6r Interi\u00f6r Belysning Denna Slim 150mm LED stavlampa \u00e4r en idealisk l\u00f6sning f\u00f6r interi\u00f6r belysning i 12V\/24V fordon och andra till\u00e4mpningar. Med dess minimalistiska design p\u00e5 endast 10mm i h\u00f6jd och 25mm i bredd, ger den high brightness Cool white diodlampor ett lysr\u00f6rsliknande ljus f\u00f6r effektiv belysning. Den inneh\u00e5ller en lins [&hellip;]","og_url":"https:\/\/xenonkungen.com\/nl\/product\/led-strip-voor-binnengebruik-150-mm-mat\/","og_site_name":"Xenonkungen","article_modified_time":"2026-04-10T23:37:10+00:00","og_image":[{"width":800,"height":800,"url":"https:\/\/xenonkungen.com\/wp-content\/uploads\/2025\/06\/25570040-origpic-35137a.jpg","type":"image\/jpeg"}],"twitter_card":"summary_large_image","twitter_misc":{"Geschatte leestijd":"1 minuut"},"schema":{"@context":"https:\/\/schema.org","@graph":[{"@type":"WebPage","@id":"https:\/\/xenonkungen.com\/no\/produkt\/innvendig-led-stripe-150-mm-frostet\/","url":"https:\/\/xenonkungen.com\/no\/produkt\/innvendig-led-stripe-150-mm-frostet\/","name":"LED-strip voor binnen 150 mm | Frost - Xenonkungen","isPartOf":{"@id":"https:\/\/xenonkungen.com\/#website"},"primaryImageOfPage":{"@id":"https:\/\/xenonkungen.com\/no\/produkt\/innvendig-led-stripe-150-mm-frostet\/#primaryimage"},"image":{"@id":"https:\/\/xenonkungen.com\/no\/produkt\/innvendig-led-stripe-150-mm-frostet\/#primaryimage"},"thumbnailUrl":"https:\/\/xenonkungen.com\/wp-content\/uploads\/2025\/06\/25570040-origpic-35137a.jpg","datePublished":"2025-06-23T13:51:54+00:00","dateModified":"2026-04-10T23:37:10+00:00","breadcrumb":{"@id":"https:\/\/xenonkungen.com\/no\/produkt\/innvendig-led-stripe-150-mm-frostet\/#breadcrumb"},"inLanguage":"nl-NL","potentialAction":[{"@type":"ReadAction","target":["https:\/\/xenonkungen.com\/no\/produkt\/innvendig-led-stripe-150-mm-frostet\/"]}]},{"@type":"ImageObject","inLanguage":"nl-NL","@id":"https:\/\/xenonkungen.com\/no\/produkt\/innvendig-led-stripe-150-mm-frostet\/#primaryimage","url":"https:\/\/xenonkungen.com\/wp-content\/uploads\/2025\/06\/25570040-origpic-35137a.jpg","contentUrl":"https:\/\/xenonkungen.com\/wp-content\/uploads\/2025\/06\/25570040-origpic-35137a.jpg","width":800,"height":800},{"@type":"BreadcrumbList","@id":"https:\/\/xenonkungen.com\/no\/produkt\/innvendig-led-stripe-150-mm-frostet\/#breadcrumb","itemListElement":[{"@type":"ListItem","position":1,"name":"Hem","item":"https:\/\/xenonkungen.com\/"},{"@type":"ListItem","position":2,"name":"Shop","item":"https:\/\/xenonkungen.com\/shop\/"},{"@type":"ListItem","position":3,"name":"Interi\u00f6r LED-list 150mm|Frost"}]},{"@type":"WebSite","@id":"https:\/\/xenonkungen.com\/#website","url":"https:\/\/xenonkungen.com\/","name":"Xenonkungen","description":"","potentialAction":[{"@type":"SearchAction","target":{"@type":"EntryPoint","urlTemplate":"https:\/\/xenonkungen.com\/?s={search_term_string}"},"query-input":{"@type":"PropertyValueSpecification","valueRequired":true,"valueName":"search_term_string"}}],"inLanguage":"nl-NL"}]}},"taxonomy_info":{"anvandningsomrade":[{"value":166,"label":"Lastbil"},{"value":238,"label":"SL\u00c4P"},{"value":2816,"label":"TRAILER"}],"product_brand":[{"value":1252,"label":"LEA"}],"product_cat":[{"value":2586,"label":"Interi\u00f6rbelysning"}],"pa_fuktskydd-varde-ipxx":[{"value":333,"label":"IP67"}],"pa_storlek-mm":[{"value":1600,"label":"150x25x10"}],"pa_stromforbrukning":[{"value":1876,"label":"0,07A @28V"},{"value":2079,"label":"0,17A @13,8V"}],"pa_volt-v":[{"value":159,"label":"12"},{"value":160,"label":"24"}]},"featured_image_src_large":["https:\/\/xenonkungen.com\/wp-content\/uploads\/2025\/06\/25570040-origpic-35137a.jpg",800,800,false],"author_info":[],"comment_info":0,"_links":{"self":[{"href":"https:\/\/xenonkungen.com\/nl\/wp-json\/wp\/v2\/product\/11732","targetHints":{"allow":["GET"]}}],"collection":[{"href":"https:\/\/xenonkungen.com\/nl\/wp-json\/wp\/v2\/product"}],"about":[{"href":"https:\/\/xenonkungen.com\/nl\/wp-json\/wp\/v2\/types\/product"}],"replies":[{"embeddable":true,"href":"https:\/\/xenonkungen.com\/nl\/wp-json\/wp\/v2\/comments?post=11732"}],"wp:featuredmedia":[{"embeddable":true,"href":"https:\/\/xenonkungen.com\/nl\/wp-json\/wp\/v2\/media\/11082"}],"wp:attachment":[{"href":"https:\/\/xenonkungen.com\/nl\/wp-json\/wp\/v2\/media?parent=11732"}],"wp:term":[{"taxonomy":"anvandningsomrade","embeddable":true,"href":"https:\/\/xenonkungen.com\/nl\/wp-json\/wp\/v2\/anvandningsomrade?post=11732"},{"taxonomy":"bilmarken","embeddable":true,"href":"https:\/\/xenonkungen.com\/nl\/wp-json\/wp\/v2\/bilmarken?post=11732"},{"taxonomy":"product_brand","embeddable":true,"href":"https:\/\/xenonkungen.com\/nl\/wp-json\/wp\/v2\/product_brand?post=11732"},{"taxonomy":"product_cat","embeddable":true,"href":"https:\/\/xenonkungen.com\/nl\/wp-json\/wp\/v2\/product_cat?post=11732"},{"taxonomy":"product_tag","embeddable":true,"href":"https:\/\/xenonkungen.com\/nl\/wp-json\/wp\/v2\/product_tag?post=11732"}],"curies":[{"name":"wp","href":"https:\/\/api.w.org\/{rel}","templated":true}]}}