{"id":11760,"date":"2025-06-23T13:52:05","date_gmt":"2025-06-23T13:52:05","guid":{"rendered":"https:\/\/xenonkungen.com\/produkt\/solcellslampan-the-cube\/"},"modified":"2026-03-04T16:41:21","modified_gmt":"2026-03-04T15:41:21","slug":"de-kubusvormige-zonnelamp","status":"publish","type":"product","link":"https:\/\/xenonkungen.com\/nl\/product\/de-kubusvormige-zonnelamp\/","title":{"rendered":"De Kubuslamp op zonne-energie"},"content":{"rendered":"<h1>Ontdek de beste zonnelamp op de markt<\/h1>\n<p>In <strong>automatische zonnelamp<\/strong> in een elegant vierkant formaat dat niet alleen sfeervolle verlichting geeft, maar ook karakter en stijl aan je buitenomgeving. De lamp laadt overdag effici\u00ebnt op en gaat automatisch aan bij schemering om avond na avond een uitnodigende sfeer te cre\u00ebren.<\/p>\n<p>Kies uit vijf prachtige kleuren: <strong>warm wit<\/strong>, <strong>gebroken wit<\/strong>, <strong>rood van kleur<\/strong>, <strong>groen<\/strong> of <strong>blauw<\/strong> licht, zodat je je verlichting kunt aanpassen aan stemming en gelegenheid. Deze robuuste lamp is ontworpen om alle seizoenen te weerstaan - lente, zomer, herfst en winter - zodat je het hele jaar door kunt genieten van het prachtige licht, ongeacht het weer.<\/p>\n<p>Cre\u00eber een gezellige en uitnodigende buitenomgeving met een oplossing die zowel <strong>milieuvriendelijk<\/strong> en <strong>onderhoudsvrij<\/strong>. Je hoeft je geen zorgen meer te maken over het opladen of vervangen van batterijen - onze lamp op zonne-energie doet al het werk voor je!<\/p>","protected":false},"excerpt":{"rendered":"<p>Een geautomatiseerde fotovolta\u00efsche lamp in vierkant formaat.<br \/>\nIn de kleuren Warm wit, Koel wit, Rood, Groen of Blauw.<\/p>","protected":false},"featured_media":11136,"comment_status":"closed","ping_status":"closed","template":"","meta":{"_acf_changed":false,"_smort_price_nok":"106","_smort_price_dkk":"135","_smort_price_eur":"18.09","_smort_sale_price_nok":"","_smort_sale_price_dkk":"","_smort_sale_price_eur":"","smort_restorder":"","shipmondo_restorder":"","_kad_blocks_custom_css":"","_kad_blocks_head_custom_js":"","_kad_blocks_body_custom_js":"","_kad_blocks_footer_custom_js":"","smort_custom_pricelist_1":null,"smort_custom_pricelist_2":null,"smort_custom_pricelist_3":null,"smort_custom_pricelist_4":null,"smort_custom_pricelist_5":null},"anvandningsomrade":[237],"bilmarken":[],"product_brand":[117],"product_cat":[2439,1402],"product_tag":[],"class_list":{"0":"post-11760","1":"product","2":"type-product","3":"status-publish","4":"has-post-thumbnail","6":"anvandningsomrade-fritid","7":"product_brand-xenonkungen","8":"product_cat-hem","9":"product_cat-outlet","10":"pa_farg-blue","11":"pa_farg-cool-white","12":"pa_farg-green","13":"pa_farg-red","14":"pa_farg-warm-white","15":"pa_fuktskydd-varde-ipxx-ip65","16":"pa_storlek-mm-95x95x48","18":"first","19":"instock","20":"taxable","21":"shipping-taxable","22":"purchasable","23":"product-type-variable"},"bundled_by":[],"bundle_stock_status":"instock","bundle_stock_quantity":null,"bundle_virtual":false,"bundle_layout":"","bundle_add_to_cart_form_location":"","bundle_editable_in_cart":false,"bundle_sold_individually_context":"","bundle_item_grouping":"","bundle_min_size":"","bundle_max_size":"","bundle_price":[],"bundled_items":[],"bundle_sell_ids":[],"acf":[],"yoast_head":"<!-- This site is optimized with the Yoast SEO plugin v27.0 - https:\/\/yoast.com\/product\/yoast-seo-wordpress\/ -->\n<title>Solcellslampan The Cube - Xenonkungen<\/title>\n<meta name=\"robots\" content=\"index, follow, max-snippet:-1, max-image-preview:large, max-video-preview:-1\" \/>\n<link rel=\"canonical\" href=\"https:\/\/xenonkungen.com\/nl\/product\/de-kubusvormige-zonnelamp\/\" \/>\n<meta property=\"og:locale\" content=\"nl_NL\" \/>\n<meta property=\"og:type\" content=\"article\" \/>\n<meta property=\"og:title\" content=\"Solcellslampan The Cube - Xenonkungen\" \/>\n<meta property=\"og:description\" content=\"En automatiserad solcellslampa i fyrkantigt format. I f\u00e4rgerna Varmvit, Kallvit, R\u00f6d, Gr\u00f6n eller Bl\u00e5.\" \/>\n<meta property=\"og:url\" content=\"https:\/\/xenonkungen.com\/nl\/product\/de-kubusvormige-zonnelamp\/\" \/>\n<meta property=\"og:site_name\" content=\"Xenonkungen\" \/>\n<meta property=\"article:modified_time\" content=\"2026-03-04T15:41:21+00:00\" \/>\n<meta property=\"og:image\" content=\"https:\/\/xenonkungen.com\/wp-content\/uploads\/2025\/06\/215718821-origpic-581ea0.jpg\" \/>\n\t<meta property=\"og:image:width\" content=\"1000\" \/>\n\t<meta property=\"og:image:height\" content=\"666\" \/>\n\t<meta property=\"og:image:type\" content=\"image\/jpeg\" \/>\n<meta name=\"twitter:card\" content=\"summary_large_image\" \/>\n<meta name=\"twitter:label1\" content=\"Geschatte leestijd\" \/>\n\t<meta name=\"twitter:data1\" content=\"1 minuut\" \/>\n<script type=\"application\/ld+json\" class=\"yoast-schema-graph\">{\"@context\":\"https:\/\/schema.org\",\"@graph\":[{\"@type\":\"WebPage\",\"@id\":\"https:\/\/xenonkungen.com\/produkt\/solcellslampan-the-cube\/\",\"url\":\"https:\/\/xenonkungen.com\/produkt\/solcellslampan-the-cube\/\",\"name\":\"Solcellslampan The Cube - Xenonkungen\",\"isPartOf\":{\"@id\":\"https:\/\/xenonkungen.com\/#website\"},\"primaryImageOfPage\":{\"@id\":\"https:\/\/xenonkungen.com\/produkt\/solcellslampan-the-cube\/#primaryimage\"},\"image\":{\"@id\":\"https:\/\/xenonkungen.com\/produkt\/solcellslampan-the-cube\/#primaryimage\"},\"thumbnailUrl\":\"https:\/\/xenonkungen.com\/wp-content\/uploads\/2025\/06\/215718821-origpic-581ea0.jpg\",\"datePublished\":\"2025-06-23T13:52:05+00:00\",\"dateModified\":\"2026-03-04T15:41:21+00:00\",\"breadcrumb\":{\"@id\":\"https:\/\/xenonkungen.com\/produkt\/solcellslampan-the-cube\/#breadcrumb\"},\"inLanguage\":\"nl-NL\",\"potentialAction\":[{\"@type\":\"ReadAction\",\"target\":[\"https:\/\/xenonkungen.com\/produkt\/solcellslampan-the-cube\/\"]}]},{\"@type\":\"ImageObject\",\"inLanguage\":\"nl-NL\",\"@id\":\"https:\/\/xenonkungen.com\/produkt\/solcellslampan-the-cube\/#primaryimage\",\"url\":\"https:\/\/xenonkungen.com\/wp-content\/uploads\/2025\/06\/215718821-origpic-581ea0.jpg\",\"contentUrl\":\"https:\/\/xenonkungen.com\/wp-content\/uploads\/2025\/06\/215718821-origpic-581ea0.jpg\",\"width\":1000,\"height\":666},{\"@type\":\"BreadcrumbList\",\"@id\":\"https:\/\/xenonkungen.com\/produkt\/solcellslampan-the-cube\/#breadcrumb\",\"itemListElement\":[{\"@type\":\"ListItem\",\"position\":1,\"name\":\"Hem\",\"item\":\"https:\/\/xenonkungen.com\/\"},{\"@type\":\"ListItem\",\"position\":2,\"name\":\"Shop\",\"item\":\"https:\/\/xenonkungen.com\/shop\/\"},{\"@type\":\"ListItem\",\"position\":3,\"name\":\"Solcellslampan The Cube\"}]},{\"@type\":\"WebSite\",\"@id\":\"https:\/\/xenonkungen.com\/#website\",\"url\":\"https:\/\/xenonkungen.com\/\",\"name\":\"Xenonkungen\",\"description\":\"\",\"potentialAction\":[{\"@type\":\"SearchAction\",\"target\":{\"@type\":\"EntryPoint\",\"urlTemplate\":\"https:\/\/xenonkungen.com\/?s={search_term_string}\"},\"query-input\":{\"@type\":\"PropertyValueSpecification\",\"valueRequired\":true,\"valueName\":\"search_term_string\"}}],\"inLanguage\":\"nl-NL\"}]}<\/script>\n<!-- \/ Yoast SEO plugin. -->","yoast_head_json":{"title":"De Kubus, de zonnelamp - De Xenon Koning","robots":{"index":"index","follow":"follow","max-snippet":"max-snippet:-1","max-image-preview":"max-image-preview:large","max-video-preview":"max-video-preview:-1"},"canonical":"https:\/\/xenonkungen.com\/nl\/product\/de-kubusvormige-zonnelamp\/","og_locale":"nl_NL","og_type":"article","og_title":"Solcellslampan The Cube - Xenonkungen","og_description":"En automatiserad solcellslampa i fyrkantigt format. I f\u00e4rgerna Varmvit, Kallvit, R\u00f6d, Gr\u00f6n eller Bl\u00e5.","og_url":"https:\/\/xenonkungen.com\/nl\/product\/de-kubusvormige-zonnelamp\/","og_site_name":"Xenonkungen","article_modified_time":"2026-03-04T15:41:21+00:00","og_image":[{"width":1000,"height":666,"url":"https:\/\/xenonkungen.com\/wp-content\/uploads\/2025\/06\/215718821-origpic-581ea0.jpg","type":"image\/jpeg"}],"twitter_card":"summary_large_image","twitter_misc":{"Geschatte leestijd":"1 minuut"},"schema":{"@context":"https:\/\/schema.org","@graph":[{"@type":"WebPage","@id":"https:\/\/xenonkungen.com\/produkt\/solcellslampan-the-cube\/","url":"https:\/\/xenonkungen.com\/produkt\/solcellslampan-the-cube\/","name":"De Kubus, de zonnelamp - De Xenon Koning","isPartOf":{"@id":"https:\/\/xenonkungen.com\/#website"},"primaryImageOfPage":{"@id":"https:\/\/xenonkungen.com\/produkt\/solcellslampan-the-cube\/#primaryimage"},"image":{"@id":"https:\/\/xenonkungen.com\/produkt\/solcellslampan-the-cube\/#primaryimage"},"thumbnailUrl":"https:\/\/xenonkungen.com\/wp-content\/uploads\/2025\/06\/215718821-origpic-581ea0.jpg","datePublished":"2025-06-23T13:52:05+00:00","dateModified":"2026-03-04T15:41:21+00:00","breadcrumb":{"@id":"https:\/\/xenonkungen.com\/produkt\/solcellslampan-the-cube\/#breadcrumb"},"inLanguage":"nl-NL","potentialAction":[{"@type":"ReadAction","target":["https:\/\/xenonkungen.com\/produkt\/solcellslampan-the-cube\/"]}]},{"@type":"ImageObject","inLanguage":"nl-NL","@id":"https:\/\/xenonkungen.com\/produkt\/solcellslampan-the-cube\/#primaryimage","url":"https:\/\/xenonkungen.com\/wp-content\/uploads\/2025\/06\/215718821-origpic-581ea0.jpg","contentUrl":"https:\/\/xenonkungen.com\/wp-content\/uploads\/2025\/06\/215718821-origpic-581ea0.jpg","width":1000,"height":666},{"@type":"BreadcrumbList","@id":"https:\/\/xenonkungen.com\/produkt\/solcellslampan-the-cube\/#breadcrumb","itemListElement":[{"@type":"ListItem","position":1,"name":"Hem","item":"https:\/\/xenonkungen.com\/"},{"@type":"ListItem","position":2,"name":"Shop","item":"https:\/\/xenonkungen.com\/shop\/"},{"@type":"ListItem","position":3,"name":"Solcellslampan The Cube"}]},{"@type":"WebSite","@id":"https:\/\/xenonkungen.com\/#website","url":"https:\/\/xenonkungen.com\/","name":"Xenonkungen","description":"","potentialAction":[{"@type":"SearchAction","target":{"@type":"EntryPoint","urlTemplate":"https:\/\/xenonkungen.com\/?s={search_term_string}"},"query-input":{"@type":"PropertyValueSpecification","valueRequired":true,"valueName":"search_term_string"}}],"inLanguage":"nl-NL"}]}},"taxonomy_info":{"anvandningsomrade":[{"value":237,"label":"Fritid"}],"product_brand":[{"value":117,"label":"Xenonkungen"}],"product_cat":[{"value":2439,"label":"HEM"},{"value":1402,"label":"Outlet"}],"pa_farg":[{"value":2298,"label":"Blue"},{"value":2684,"label":"Cool White"},{"value":2682,"label":"Green"},{"value":2681,"label":"Red"},{"value":2683,"label":"Warm White"}],"pa_fuktskydd-varde-ipxx":[{"value":520,"label":"IP65"}],"pa_storlek-mm":[{"value":2430,"label":"9,5x9,5x4,8"}]},"featured_image_src_large":["https:\/\/xenonkungen.com\/wp-content\/uploads\/2025\/06\/215718821-origpic-581ea0.jpg",1000,666,false],"author_info":[],"comment_info":0,"_links":{"self":[{"href":"https:\/\/xenonkungen.com\/nl\/wp-json\/wp\/v2\/product\/11760","targetHints":{"allow":["GET"]}}],"collection":[{"href":"https:\/\/xenonkungen.com\/nl\/wp-json\/wp\/v2\/product"}],"about":[{"href":"https:\/\/xenonkungen.com\/nl\/wp-json\/wp\/v2\/types\/product"}],"replies":[{"embeddable":true,"href":"https:\/\/xenonkungen.com\/nl\/wp-json\/wp\/v2\/comments?post=11760"}],"wp:featuredmedia":[{"embeddable":true,"href":"https:\/\/xenonkungen.com\/nl\/wp-json\/wp\/v2\/media\/11136"}],"wp:attachment":[{"href":"https:\/\/xenonkungen.com\/nl\/wp-json\/wp\/v2\/media?parent=11760"}],"wp:term":[{"taxonomy":"anvandningsomrade","embeddable":true,"href":"https:\/\/xenonkungen.com\/nl\/wp-json\/wp\/v2\/anvandningsomrade?post=11760"},{"taxonomy":"bilmarken","embeddable":true,"href":"https:\/\/xenonkungen.com\/nl\/wp-json\/wp\/v2\/bilmarken?post=11760"},{"taxonomy":"product_brand","embeddable":true,"href":"https:\/\/xenonkungen.com\/nl\/wp-json\/wp\/v2\/product_brand?post=11760"},{"taxonomy":"product_cat","embeddable":true,"href":"https:\/\/xenonkungen.com\/nl\/wp-json\/wp\/v2\/product_cat?post=11760"},{"taxonomy":"product_tag","embeddable":true,"href":"https:\/\/xenonkungen.com\/nl\/wp-json\/wp\/v2\/product_tag?post=11760"}],"curies":[{"name":"wp","href":"https:\/\/api.w.org\/{rel}","templated":true}]}}