{"id":11804,"date":"2025-06-23T13:52:22","date_gmt":"2025-06-23T13:52:22","guid":{"rendered":"https:\/\/xenonkungen.com\/produkt\/luxtar-ledramp-x10-black-edition-100w\/"},"modified":"2026-03-25T14:30:09","modified_gmt":"2026-03-25T13:30:09","slug":"luxtar-led-ramp-x10-black-edition-100w","status":"publish","type":"product","link":"https:\/\/xenonkungen.com\/nl\/product\/luxtar-led-ramp-x10-black-edition-100w\/","title":{"rendered":"LUXTAR\u00ae Ledramp X10 Zwarte Editie 100W <31cm>"},"content":{"rendered":"<h2><strong>Luxtar\u00ae LED-ramp X10 Black Edition<\/strong><\/h2>\n<p>De Luxtar X Series is ontworpen met aan de zijkant gemonteerde diodelampen. Dit zorgt voor een uniek uiterlijk dat de prestaties verbetert. De Black Edition biedt een discreet ontwerp.<\/p>\n<p>De Luxtar X10 Black Edition is ideaal voor wie het beste van twee werelden wil: stijl \u00e9n prestaties. De Luxtar X10 is door zijn formaat ook perfect voor montage in de grille van uw auto.<\/p>\n<p><strong>Theoretische waarden van Led ramp <\/strong><br \/>\n100W &amp; 6.160 lumen<\/p>\n<p>De Luxtar Led ramp X10 heeft een theoretisch vermogen van 100 W en 6160 lumen. Houd bij het vergelijken van andere opties op de markt rekening met deze factoren.<\/p>\n<p><strong>Werkelijke waarden van LED Ramp <\/strong><br \/>\n74,4 W en 5.010 lumen<\/p>\n<p>Als je de werkelijke lichtopbrengst van 74,4 Watt vergelijkt met 5010 lumen, dan kun je dit vergelijken met bijna 5 halogeenlampen die met 55W een lichtwaarde hebben van ongeveer 1000 lumen (+-200lm).<\/p>\n<p><strong>Maat<\/strong><br \/>\n31 cm<\/p>\n<p><strong>volt<\/strong><br \/>\n10-32<\/p>\n<p><strong>Gebruiksgebieden<\/strong><br \/>\nPersonenauto | Bedrijfswagen | Bestelwagen | Vrachtwagen | Pick-up truck<\/p>\n<p><strong>Keuze van reflector \/ lichtpatroon op LED Ramp<\/strong><br \/>\nSpot &amp; Rijden<\/p>\n<p>Spot: geoptimaliseerd voor maximaal bereik, smal lichtpatroon<\/p>\n<p>Rijden: Geoptimaliseerd voor breed lichtpatroon met verminderd bereik<\/p>","protected":false},"excerpt":{"rendered":"<p><i>De Luxtar\u00ae X10 Black Edition heeft een lichtsterkte van 5010 lumen en is 31 cm lang. De lichtsterkte is vergelijkbaar met bijna 5 halogeenlampen van 55 W | 1.000 lumen (+-200 lm). <\/i><\/p>","protected":false},"featured_media":11236,"comment_status":"closed","ping_status":"closed","template":"","meta":{"_acf_changed":false,"_smort_price_nok":"1175","_smort_price_dkk":"920","_smort_price_eur":"123.27","_smort_sale_price_nok":"","_smort_sale_price_dkk":"","_smort_sale_price_eur":"","smort_restorder":"","shipmondo_restorder":"","_kad_blocks_custom_css":"","_kad_blocks_head_custom_js":"","_kad_blocks_body_custom_js":"","_kad_blocks_footer_custom_js":"","smort_custom_pricelist_1":null,"smort_custom_pricelist_2":null,"smort_custom_pricelist_3":null,"smort_custom_pricelist_4":null,"smort_custom_pricelist_5":null},"anvandningsomrade":[],"bilmarken":[],"product_brand":[103],"product_cat":[2966,2539,2826,2822,2824,2541,2849,2160,1402],"product_tag":[],"class_list":{"0":"post-11804","1":"product","2":"type-product","3":"status-publish","4":"has-post-thumbnail","6":"product_brand-luxtar","7":"product_cat-ledramp-rak","8":"product_cat-ledramper","9":"product_cat-luxtar","10":"product_cat-luxtar-arbetsljus","11":"product_cat-luxtar-ledramper","12":"product_cat-luxtar-x-serie-black-ledramper","13":"product_cat-malvin","14":"product_cat-luxtar-x-serie-black","15":"product_cat-outlet","16":"pa_faktisk-effekts-forbrukning-2356","17":"pa_fuktskydd-varde-ipxx-ip68","18":"pa_godkannande-ce-emc-rohs","19":"pa_lampsockel-kontakt-dt","20":"pa_led-chips-effekt-w-1433","21":"pa_ljusbild-driving","22":"pa_ljusbild-spot","23":"pa_storlek-mm-310x63x85","24":"pa_stromforbrukning-31a-24v","25":"pa_stromforbrukning-54a-137v","26":"pa_volt-v-multivolt-9-12-14-18-24-28-32","28":"first","29":"instock","30":"sale","31":"taxable","32":"shipping-taxable","33":"purchasable","34":"product-type-variable"},"bundled_by":[],"bundle_stock_status":"instock","bundle_stock_quantity":null,"bundle_virtual":false,"bundle_layout":"","bundle_add_to_cart_form_location":"","bundle_editable_in_cart":false,"bundle_sold_individually_context":"","bundle_item_grouping":"","bundle_min_size":"","bundle_max_size":"","bundle_price":[],"bundled_items":[],"bundle_sell_ids":[],"acf":[],"yoast_head":"<!-- This site is optimized with the Yoast SEO plugin v27.0 - https:\/\/yoast.com\/product\/yoast-seo-wordpress\/ -->\n<title>LUXTAR\u00ae Ledramp X10 Black Edition 100W  - Xenonkungen<\/title>\n<meta name=\"robots\" content=\"index, follow, max-snippet:-1, max-image-preview:large, max-video-preview:-1\" \/>\n<link rel=\"canonical\" href=\"https:\/\/xenonkungen.com\/nl\/product\/luxtar-led-ramp-x10-black-edition-100w\/\" \/>\n<meta property=\"og:locale\" content=\"nl_NL\" \/>\n<meta property=\"og:type\" content=\"article\" \/>\n<meta property=\"og:title\" content=\"LUXTAR\u00ae Ledramp X10 Black Edition 100W  - Xenonkungen\" \/>\n<meta property=\"og:description\" content=\"Luxtar\u00ae X10 Black Edition har en ljusintensitet p\u00e5 5010 lumen och \u00e4r 31 cm l\u00e5ng. Ljusstyrkan kan j\u00e4mf\u00f6ras med n\u00e4rmare 5 halogen p\u00e5 55w | 1 000 Lumen (+-200 lm).\" \/>\n<meta property=\"og:url\" content=\"https:\/\/xenonkungen.com\/nl\/product\/luxtar-led-ramp-x10-black-edition-100w\/\" \/>\n<meta property=\"og:site_name\" content=\"Xenonkungen\" \/>\n<meta property=\"article:modified_time\" content=\"2026-03-25T13:30:09+00:00\" \/>\n<meta property=\"og:image\" content=\"https:\/\/xenonkungen.com\/wp-content\/uploads\/2025\/06\/184973435-origpic-0ccf49.png\" \/>\n\t<meta property=\"og:image:width\" content=\"1000\" \/>\n\t<meta property=\"og:image:height\" content=\"1000\" \/>\n\t<meta property=\"og:image:type\" content=\"image\/png\" \/>\n<meta name=\"twitter:card\" content=\"summary_large_image\" \/>\n<meta name=\"twitter:label1\" content=\"Geschatte leestijd\" \/>\n\t<meta name=\"twitter:data1\" content=\"2 minuten\" \/>\n<script type=\"application\/ld+json\" class=\"yoast-schema-graph\">{\"@context\":\"https:\/\/schema.org\",\"@graph\":[{\"@type\":\"WebPage\",\"@id\":\"https:\/\/xenonkungen.com\/produkt\/luxtar-ledramp-x10-black-edition-100w\/\",\"url\":\"https:\/\/xenonkungen.com\/produkt\/luxtar-ledramp-x10-black-edition-100w\/\",\"name\":\"LUXTAR\u00ae Ledramp X10 Black Edition 100W - Xenonkungen\",\"isPartOf\":{\"@id\":\"https:\/\/xenonkungen.com\/#website\"},\"primaryImageOfPage\":{\"@id\":\"https:\/\/xenonkungen.com\/produkt\/luxtar-ledramp-x10-black-edition-100w\/#primaryimage\"},\"image\":{\"@id\":\"https:\/\/xenonkungen.com\/produkt\/luxtar-ledramp-x10-black-edition-100w\/#primaryimage\"},\"thumbnailUrl\":\"https:\/\/xenonkungen.com\/wp-content\/uploads\/2025\/06\/184973435-origpic-0ccf49.png\",\"datePublished\":\"2025-06-23T13:52:22+00:00\",\"dateModified\":\"2026-03-25T13:30:09+00:00\",\"breadcrumb\":{\"@id\":\"https:\/\/xenonkungen.com\/produkt\/luxtar-ledramp-x10-black-edition-100w\/#breadcrumb\"},\"inLanguage\":\"nl-NL\",\"potentialAction\":[{\"@type\":\"ReadAction\",\"target\":[\"https:\/\/xenonkungen.com\/produkt\/luxtar-ledramp-x10-black-edition-100w\/\"]}]},{\"@type\":\"ImageObject\",\"inLanguage\":\"nl-NL\",\"@id\":\"https:\/\/xenonkungen.com\/produkt\/luxtar-ledramp-x10-black-edition-100w\/#primaryimage\",\"url\":\"https:\/\/xenonkungen.com\/wp-content\/uploads\/2025\/06\/184973435-origpic-0ccf49.png\",\"contentUrl\":\"https:\/\/xenonkungen.com\/wp-content\/uploads\/2025\/06\/184973435-origpic-0ccf49.png\",\"width\":1000,\"height\":1000},{\"@type\":\"BreadcrumbList\",\"@id\":\"https:\/\/xenonkungen.com\/produkt\/luxtar-ledramp-x10-black-edition-100w\/#breadcrumb\",\"itemListElement\":[{\"@type\":\"ListItem\",\"position\":1,\"name\":\"Hem\",\"item\":\"https:\/\/xenonkungen.com\/\"},{\"@type\":\"ListItem\",\"position\":2,\"name\":\"Shop\",\"item\":\"https:\/\/xenonkungen.com\/shop\/\"},{\"@type\":\"ListItem\",\"position\":3,\"name\":\"LUXTAR\u00ae Ledramp X10 Black Edition 100W\"}]},{\"@type\":\"WebSite\",\"@id\":\"https:\/\/xenonkungen.com\/#website\",\"url\":\"https:\/\/xenonkungen.com\/\",\"name\":\"Xenonkungen\",\"description\":\"\",\"potentialAction\":[{\"@type\":\"SearchAction\",\"target\":{\"@type\":\"EntryPoint\",\"urlTemplate\":\"https:\/\/xenonkungen.com\/?s={search_term_string}\"},\"query-input\":{\"@type\":\"PropertyValueSpecification\",\"valueRequired\":true,\"valueName\":\"search_term_string\"}}],\"inLanguage\":\"nl-NL\"}]}<\/script>\n<!-- \/ Yoast SEO plugin. -->","yoast_head_json":{"title":"LUXTAR\u00ae LED-ramp X10 Black Edition 100W - De Xenon-koning","robots":{"index":"index","follow":"follow","max-snippet":"max-snippet:-1","max-image-preview":"max-image-preview:large","max-video-preview":"max-video-preview:-1"},"canonical":"https:\/\/xenonkungen.com\/nl\/product\/luxtar-led-ramp-x10-black-edition-100w\/","og_locale":"nl_NL","og_type":"article","og_title":"LUXTAR\u00ae Ledramp X10 Black Edition 100W  - Xenonkungen","og_description":"Luxtar\u00ae X10 Black Edition har en ljusintensitet p\u00e5 5010 lumen och \u00e4r 31 cm l\u00e5ng. Ljusstyrkan kan j\u00e4mf\u00f6ras med n\u00e4rmare 5 halogen p\u00e5 55w | 1 000 Lumen (+-200 lm).","og_url":"https:\/\/xenonkungen.com\/nl\/product\/luxtar-led-ramp-x10-black-edition-100w\/","og_site_name":"Xenonkungen","article_modified_time":"2026-03-25T13:30:09+00:00","og_image":[{"width":1000,"height":1000,"url":"https:\/\/xenonkungen.com\/wp-content\/uploads\/2025\/06\/184973435-origpic-0ccf49.png","type":"image\/png"}],"twitter_card":"summary_large_image","twitter_misc":{"Geschatte leestijd":"2 minuten"},"schema":{"@context":"https:\/\/schema.org","@graph":[{"@type":"WebPage","@id":"https:\/\/xenonkungen.com\/produkt\/luxtar-ledramp-x10-black-edition-100w\/","url":"https:\/\/xenonkungen.com\/produkt\/luxtar-ledramp-x10-black-edition-100w\/","name":"LUXTAR\u00ae LED-ramp X10 Black Edition 100W - De Xenon-koning","isPartOf":{"@id":"https:\/\/xenonkungen.com\/#website"},"primaryImageOfPage":{"@id":"https:\/\/xenonkungen.com\/produkt\/luxtar-ledramp-x10-black-edition-100w\/#primaryimage"},"image":{"@id":"https:\/\/xenonkungen.com\/produkt\/luxtar-ledramp-x10-black-edition-100w\/#primaryimage"},"thumbnailUrl":"https:\/\/xenonkungen.com\/wp-content\/uploads\/2025\/06\/184973435-origpic-0ccf49.png","datePublished":"2025-06-23T13:52:22+00:00","dateModified":"2026-03-25T13:30:09+00:00","breadcrumb":{"@id":"https:\/\/xenonkungen.com\/produkt\/luxtar-ledramp-x10-black-edition-100w\/#breadcrumb"},"inLanguage":"nl-NL","potentialAction":[{"@type":"ReadAction","target":["https:\/\/xenonkungen.com\/produkt\/luxtar-ledramp-x10-black-edition-100w\/"]}]},{"@type":"ImageObject","inLanguage":"nl-NL","@id":"https:\/\/xenonkungen.com\/produkt\/luxtar-ledramp-x10-black-edition-100w\/#primaryimage","url":"https:\/\/xenonkungen.com\/wp-content\/uploads\/2025\/06\/184973435-origpic-0ccf49.png","contentUrl":"https:\/\/xenonkungen.com\/wp-content\/uploads\/2025\/06\/184973435-origpic-0ccf49.png","width":1000,"height":1000},{"@type":"BreadcrumbList","@id":"https:\/\/xenonkungen.com\/produkt\/luxtar-ledramp-x10-black-edition-100w\/#breadcrumb","itemListElement":[{"@type":"ListItem","position":1,"name":"Hem","item":"https:\/\/xenonkungen.com\/"},{"@type":"ListItem","position":2,"name":"Shop","item":"https:\/\/xenonkungen.com\/shop\/"},{"@type":"ListItem","position":3,"name":"LUXTAR\u00ae Ledramp X10 Black Edition 100W"}]},{"@type":"WebSite","@id":"https:\/\/xenonkungen.com\/#website","url":"https:\/\/xenonkungen.com\/","name":"Xenonkungen","description":"","potentialAction":[{"@type":"SearchAction","target":{"@type":"EntryPoint","urlTemplate":"https:\/\/xenonkungen.com\/?s={search_term_string}"},"query-input":{"@type":"PropertyValueSpecification","valueRequired":true,"valueName":"search_term_string"}}],"inLanguage":"nl-NL"}]}},"taxonomy_info":{"product_brand":[{"value":103,"label":"LUXTAR"}],"product_cat":[{"value":2966,"label":"Ledramp Rak"},{"value":2539,"label":"LEDRAMPER"},{"value":2826,"label":"LUXTAR"},{"value":2822,"label":"Luxtar - Arbetsljus"},{"value":2824,"label":"Luxtar - Ledramper"},{"value":2541,"label":"Luxtar X-Serie Black"},{"value":2849,"label":"Malvins VW Golf"},{"value":2160,"label":"LUXTAR X-serie Black"},{"value":1402,"label":"Outlet"}],"pa_faktisk-effekts-forbrukning":[{"value":2356,"label":"74,4"}],"pa_fuktskydd-varde-ipxx":[{"value":177,"label":"IP68"}],"pa_godkannande":[{"value":325,"label":"CE, EMC, RoHS"}],"pa_lampsockel-kontakt":[{"value":329,"label":"DT"}],"pa_led-chips-effekt-w":[{"value":1433,"label":"100"}],"pa_ljusbild":[{"value":178,"label":"Driving"},{"value":1177,"label":"Spot"}],"pa_storlek-mm":[{"value":2434,"label":"310x63x85"}],"pa_stromforbrukning":[{"value":313,"label":"3,1A @24V"},{"value":2357,"label":"5,4A @13,7V"}],"pa_volt-v":[{"value":321,"label":"Multivolt, 9, 12, 14, 18, 24, 28, 32"}]},"featured_image_src_large":["https:\/\/xenonkungen.com\/wp-content\/uploads\/2025\/06\/184973435-origpic-0ccf49.png",1000,1000,false],"author_info":[],"comment_info":0,"_links":{"self":[{"href":"https:\/\/xenonkungen.com\/nl\/wp-json\/wp\/v2\/product\/11804","targetHints":{"allow":["GET"]}}],"collection":[{"href":"https:\/\/xenonkungen.com\/nl\/wp-json\/wp\/v2\/product"}],"about":[{"href":"https:\/\/xenonkungen.com\/nl\/wp-json\/wp\/v2\/types\/product"}],"replies":[{"embeddable":true,"href":"https:\/\/xenonkungen.com\/nl\/wp-json\/wp\/v2\/comments?post=11804"}],"wp:featuredmedia":[{"embeddable":true,"href":"https:\/\/xenonkungen.com\/nl\/wp-json\/wp\/v2\/media\/11236"}],"wp:attachment":[{"href":"https:\/\/xenonkungen.com\/nl\/wp-json\/wp\/v2\/media?parent=11804"}],"wp:term":[{"taxonomy":"anvandningsomrade","embeddable":true,"href":"https:\/\/xenonkungen.com\/nl\/wp-json\/wp\/v2\/anvandningsomrade?post=11804"},{"taxonomy":"bilmarken","embeddable":true,"href":"https:\/\/xenonkungen.com\/nl\/wp-json\/wp\/v2\/bilmarken?post=11804"},{"taxonomy":"product_brand","embeddable":true,"href":"https:\/\/xenonkungen.com\/nl\/wp-json\/wp\/v2\/product_brand?post=11804"},{"taxonomy":"product_cat","embeddable":true,"href":"https:\/\/xenonkungen.com\/nl\/wp-json\/wp\/v2\/product_cat?post=11804"},{"taxonomy":"product_tag","embeddable":true,"href":"https:\/\/xenonkungen.com\/nl\/wp-json\/wp\/v2\/product_tag?post=11804"}],"curies":[{"name":"wp","href":"https:\/\/api.w.org\/{rel}","templated":true}]}}