{"id":11819,"date":"2025-06-23T13:52:27","date_gmt":"2025-06-23T13:52:27","guid":{"rendered":"https:\/\/xenonkungen.com\/produkt\/luxtar-ledramp-x24-black-edition-240w\/"},"modified":"2026-03-27T17:19:02","modified_gmt":"2026-03-27T16:19:02","slug":"luxtar-led-ramp-x24-black-edition-240w","status":"publish","type":"product","link":"https:\/\/xenonkungen.com\/nl\/product\/luxtar-led-ramp-x24-black-edition-240w\/","title":{"rendered":"LUXTAR\u00ae Ledramp X24 Zwarte Editie 240W <67cm>"},"content":{"rendered":"<h2><strong>Luxtar X24 Zwarte Editie<\/strong><\/h2>\n<p>De Luxtar X24 Black Edition is uitgerust met Cree XML2 LED en levert een ongelooflijke lichtopbrengst van 12.025 lumen. Met de Driving reflectors heeft hij een bereik van 630 meter en met de Spot zelfs 880 meter. De Black Edition heeft een stijlvol en discreet design.<\/p>\n<p><strong>Theoretische waarden van LED-helling <\/strong><br \/>\n240W &amp; 13.350 lumen<\/p>\n<p>De Luxtar LED bar X 24 Black Edition heeft een theoretische waarde van 240 W en 13.350 lumen. Deze waarden zijn industriestandaarden en wijken af van de werkelijke waarden.<\/p>\n<p><strong>Werkelijke waarden van LED Ramp <\/strong><br \/>\n177,6 W en 12.025 lumen<\/p>\n<p>De werkelijke outputwaarde van 177,6W Watt en 12.025 lumen komt overeen met ruim 12 keer zoveel licht als een halogeenlamp van 55W (1000 Lumen \u00b1200lm).<\/p>\n<p><strong>Maat<\/strong><br \/>\n67 cm<\/p>\n<p><strong>volt<\/strong><br \/>\n10-32<\/p>\n<p><strong>Keuze van reflector \/ lichtpatroon op LED Ramp<\/strong><br \/>\nSpot &amp; Rijden<\/p>\n<p>Spot: geoptimaliseerd voor maximaal bereik, smal lichtpatroon<br \/>\nRijden: Geoptimaliseerd voor breed lichtpatroon met verminderd bereik<\/p>\n<p>De Luxtar\u00ae X24 LED ramp Black Edition heeft geen E-keurmerk, omdat de lichtopbrengst aanzienlijk hoger is dan de grenswaarde voor goedgekeurde lampen (zie hieronder alternatieven voor LED ramps met E-keurmerk).<\/p>\n<p><strong>Gebruiksgebieden<\/strong><br \/>\nVrachtwagen | Personenauto | Bestelwagen | Bestelwagen<\/p>","protected":false},"excerpt":{"rendered":"<p><i>Ben je op zoek naar goede extra verlichting voor je auto, bestelwagen, vrachtwagen of ander voertuig?<\/i><\/p>\n<p>De Luxtar X24 Black Edition levert ruim 12 keer zoveel licht als een 55W halogeenlamp.<\/p>","protected":false},"featured_media":11279,"comment_status":"closed","ping_status":"closed","template":"","meta":{"_acf_changed":false,"_smort_price_nok":"2737","_smort_price_dkk":"2643","_smort_price_eur":"354.07","_smort_sale_price_nok":"","_smort_sale_price_dkk":"","_smort_sale_price_eur":"","smort_restorder":"","shipmondo_restorder":"","_kad_blocks_custom_css":"","_kad_blocks_head_custom_js":"","_kad_blocks_body_custom_js":"","_kad_blocks_footer_custom_js":"","smort_custom_pricelist_1":null,"smort_custom_pricelist_2":null,"smort_custom_pricelist_3":null,"smort_custom_pricelist_4":null,"smort_custom_pricelist_5":null},"anvandningsomrade":[],"bilmarken":[],"product_brand":[103],"product_cat":[2966,2539,2826,2822,2824,2541,2160,1402],"product_tag":[],"class_list":{"0":"post-11819","1":"product","2":"type-product","3":"status-publish","4":"has-post-thumbnail","6":"product_brand-luxtar","7":"product_cat-ledramp-rak","8":"product_cat-ledramper","9":"product_cat-luxtar","10":"product_cat-luxtar-arbetsljus","11":"product_cat-luxtar-ledramper","12":"product_cat-luxtar-x-serie-black-ledramper","13":"product_cat-luxtar-x-serie-black","14":"product_cat-outlet","15":"pa_faktisk-effekts-forbrukning-1922","16":"pa_fuktskydd-varde-ipxx-ip68","17":"pa_godkannande-ce-emc-rohs","18":"pa_lampsockel-kontakt-hb4-9006","19":"pa_led-chips-effekt-w-823","20":"pa_ljusbild-driving","21":"pa_ljusbild-spot","22":"pa_storlek-mm-674x63x85","23":"pa_stromforbrukning-13a-137v","24":"pa_stromforbrukning-74a-24v","25":"pa_volt-v-multivolt-9-12-14-18-24-28-32","27":"first","28":"instock","29":"sale","30":"taxable","31":"shipping-taxable","32":"purchasable","33":"product-type-variable"},"bundled_by":[],"bundle_stock_status":"instock","bundle_stock_quantity":null,"bundle_virtual":false,"bundle_layout":"","bundle_add_to_cart_form_location":"","bundle_editable_in_cart":false,"bundle_sold_individually_context":"","bundle_item_grouping":"","bundle_min_size":"","bundle_max_size":"","bundle_price":[],"bundled_items":[],"bundle_sell_ids":[],"acf":[],"yoast_head":"<!-- This site is optimized with the Yoast SEO plugin v27.0 - https:\/\/yoast.com\/product\/yoast-seo-wordpress\/ -->\n<title>LUXTAR\u00ae Ledramp X24 Black Edition 240W  - Xenonkungen<\/title>\n<meta name=\"robots\" content=\"index, follow, max-snippet:-1, max-image-preview:large, max-video-preview:-1\" \/>\n<link rel=\"canonical\" href=\"https:\/\/xenonkungen.com\/nl\/product\/luxtar-led-ramp-x24-black-edition-240w\/\" \/>\n<meta property=\"og:locale\" content=\"nl_NL\" \/>\n<meta property=\"og:type\" content=\"article\" \/>\n<meta property=\"og:title\" content=\"LUXTAR\u00ae Ledramp X24 Black Edition 240W  - Xenonkungen\" \/>\n<meta property=\"og:description\" content=\"Letar du efter bra extraljus till personbil, transportbil, lastbil eller annat fordon?  Luxtar X24 Black Edition levererar mer \u00e4n 12 g\u00e5nger s\u00e5 mycket ljus som en 55W halogen.\" \/>\n<meta property=\"og:url\" content=\"https:\/\/xenonkungen.com\/nl\/product\/luxtar-led-ramp-x24-black-edition-240w\/\" \/>\n<meta property=\"og:site_name\" content=\"Xenonkungen\" \/>\n<meta property=\"article:modified_time\" content=\"2026-03-27T16:19:02+00:00\" \/>\n<meta property=\"og:image\" content=\"https:\/\/xenonkungen.com\/wp-content\/uploads\/2025\/06\/184973305-origpic-ca96a8-scaled.jpg\" \/>\n\t<meta property=\"og:image:width\" content=\"2560\" \/>\n\t<meta property=\"og:image:height\" content=\"2560\" \/>\n\t<meta property=\"og:image:type\" content=\"image\/jpeg\" \/>\n<meta name=\"twitter:card\" content=\"summary_large_image\" \/>\n<meta name=\"twitter:label1\" content=\"Geschatte leestijd\" \/>\n\t<meta name=\"twitter:data1\" content=\"2 minuten\" \/>\n<script type=\"application\/ld+json\" class=\"yoast-schema-graph\">{\"@context\":\"https:\/\/schema.org\",\"@graph\":[{\"@type\":\"WebPage\",\"@id\":\"https:\/\/xenonkungen.com\/produkt\/luxtar-ledramp-x24-black-edition-240w\/\",\"url\":\"https:\/\/xenonkungen.com\/produkt\/luxtar-ledramp-x24-black-edition-240w\/\",\"name\":\"LUXTAR\u00ae Ledramp X24 Black Edition 240W - Xenonkungen\",\"isPartOf\":{\"@id\":\"https:\/\/xenonkungen.com\/#website\"},\"primaryImageOfPage\":{\"@id\":\"https:\/\/xenonkungen.com\/produkt\/luxtar-ledramp-x24-black-edition-240w\/#primaryimage\"},\"image\":{\"@id\":\"https:\/\/xenonkungen.com\/produkt\/luxtar-ledramp-x24-black-edition-240w\/#primaryimage\"},\"thumbnailUrl\":\"https:\/\/xenonkungen.com\/wp-content\/uploads\/2025\/06\/184973305-origpic-ca96a8-scaled.jpg\",\"datePublished\":\"2025-06-23T13:52:27+00:00\",\"dateModified\":\"2026-03-27T16:19:02+00:00\",\"breadcrumb\":{\"@id\":\"https:\/\/xenonkungen.com\/produkt\/luxtar-ledramp-x24-black-edition-240w\/#breadcrumb\"},\"inLanguage\":\"nl-NL\",\"potentialAction\":[{\"@type\":\"ReadAction\",\"target\":[\"https:\/\/xenonkungen.com\/produkt\/luxtar-ledramp-x24-black-edition-240w\/\"]}]},{\"@type\":\"ImageObject\",\"inLanguage\":\"nl-NL\",\"@id\":\"https:\/\/xenonkungen.com\/produkt\/luxtar-ledramp-x24-black-edition-240w\/#primaryimage\",\"url\":\"https:\/\/xenonkungen.com\/wp-content\/uploads\/2025\/06\/184973305-origpic-ca96a8-scaled.jpg\",\"contentUrl\":\"https:\/\/xenonkungen.com\/wp-content\/uploads\/2025\/06\/184973305-origpic-ca96a8-scaled.jpg\",\"width\":2560,\"height\":2560},{\"@type\":\"BreadcrumbList\",\"@id\":\"https:\/\/xenonkungen.com\/produkt\/luxtar-ledramp-x24-black-edition-240w\/#breadcrumb\",\"itemListElement\":[{\"@type\":\"ListItem\",\"position\":1,\"name\":\"Hem\",\"item\":\"https:\/\/xenonkungen.com\/\"},{\"@type\":\"ListItem\",\"position\":2,\"name\":\"Shop\",\"item\":\"https:\/\/xenonkungen.com\/shop\/\"},{\"@type\":\"ListItem\",\"position\":3,\"name\":\"LUXTAR\u00ae Ledramp X24 Black Edition 240W\"}]},{\"@type\":\"WebSite\",\"@id\":\"https:\/\/xenonkungen.com\/#website\",\"url\":\"https:\/\/xenonkungen.com\/\",\"name\":\"Xenonkungen\",\"description\":\"\",\"potentialAction\":[{\"@type\":\"SearchAction\",\"target\":{\"@type\":\"EntryPoint\",\"urlTemplate\":\"https:\/\/xenonkungen.com\/?s={search_term_string}\"},\"query-input\":{\"@type\":\"PropertyValueSpecification\",\"valueRequired\":true,\"valueName\":\"search_term_string\"}}],\"inLanguage\":\"nl-NL\"}]}<\/script>\n<!-- \/ Yoast SEO plugin. -->","yoast_head_json":{"title":"LUXTAR\u00ae LED-ramp X24 Black Edition 240W - De Xenon-koning","robots":{"index":"index","follow":"follow","max-snippet":"max-snippet:-1","max-image-preview":"max-image-preview:large","max-video-preview":"max-video-preview:-1"},"canonical":"https:\/\/xenonkungen.com\/nl\/product\/luxtar-led-ramp-x24-black-edition-240w\/","og_locale":"nl_NL","og_type":"article","og_title":"LUXTAR\u00ae Ledramp X24 Black Edition 240W  - Xenonkungen","og_description":"Letar du efter bra extraljus till personbil, transportbil, lastbil eller annat fordon?  Luxtar X24 Black Edition levererar mer \u00e4n 12 g\u00e5nger s\u00e5 mycket ljus som en 55W halogen.","og_url":"https:\/\/xenonkungen.com\/nl\/product\/luxtar-led-ramp-x24-black-edition-240w\/","og_site_name":"Xenonkungen","article_modified_time":"2026-03-27T16:19:02+00:00","og_image":[{"width":2560,"height":2560,"url":"https:\/\/xenonkungen.com\/wp-content\/uploads\/2025\/06\/184973305-origpic-ca96a8-scaled.jpg","type":"image\/jpeg"}],"twitter_card":"summary_large_image","twitter_misc":{"Geschatte leestijd":"2 minuten"},"schema":{"@context":"https:\/\/schema.org","@graph":[{"@type":"WebPage","@id":"https:\/\/xenonkungen.com\/produkt\/luxtar-ledramp-x24-black-edition-240w\/","url":"https:\/\/xenonkungen.com\/produkt\/luxtar-ledramp-x24-black-edition-240w\/","name":"LUXTAR\u00ae LED-ramp X24 Black Edition 240W - De Xenon-koning","isPartOf":{"@id":"https:\/\/xenonkungen.com\/#website"},"primaryImageOfPage":{"@id":"https:\/\/xenonkungen.com\/produkt\/luxtar-ledramp-x24-black-edition-240w\/#primaryimage"},"image":{"@id":"https:\/\/xenonkungen.com\/produkt\/luxtar-ledramp-x24-black-edition-240w\/#primaryimage"},"thumbnailUrl":"https:\/\/xenonkungen.com\/wp-content\/uploads\/2025\/06\/184973305-origpic-ca96a8-scaled.jpg","datePublished":"2025-06-23T13:52:27+00:00","dateModified":"2026-03-27T16:19:02+00:00","breadcrumb":{"@id":"https:\/\/xenonkungen.com\/produkt\/luxtar-ledramp-x24-black-edition-240w\/#breadcrumb"},"inLanguage":"nl-NL","potentialAction":[{"@type":"ReadAction","target":["https:\/\/xenonkungen.com\/produkt\/luxtar-ledramp-x24-black-edition-240w\/"]}]},{"@type":"ImageObject","inLanguage":"nl-NL","@id":"https:\/\/xenonkungen.com\/produkt\/luxtar-ledramp-x24-black-edition-240w\/#primaryimage","url":"https:\/\/xenonkungen.com\/wp-content\/uploads\/2025\/06\/184973305-origpic-ca96a8-scaled.jpg","contentUrl":"https:\/\/xenonkungen.com\/wp-content\/uploads\/2025\/06\/184973305-origpic-ca96a8-scaled.jpg","width":2560,"height":2560},{"@type":"BreadcrumbList","@id":"https:\/\/xenonkungen.com\/produkt\/luxtar-ledramp-x24-black-edition-240w\/#breadcrumb","itemListElement":[{"@type":"ListItem","position":1,"name":"Hem","item":"https:\/\/xenonkungen.com\/"},{"@type":"ListItem","position":2,"name":"Shop","item":"https:\/\/xenonkungen.com\/shop\/"},{"@type":"ListItem","position":3,"name":"LUXTAR\u00ae Ledramp X24 Black Edition 240W"}]},{"@type":"WebSite","@id":"https:\/\/xenonkungen.com\/#website","url":"https:\/\/xenonkungen.com\/","name":"Xenonkungen","description":"","potentialAction":[{"@type":"SearchAction","target":{"@type":"EntryPoint","urlTemplate":"https:\/\/xenonkungen.com\/?s={search_term_string}"},"query-input":{"@type":"PropertyValueSpecification","valueRequired":true,"valueName":"search_term_string"}}],"inLanguage":"nl-NL"}]}},"taxonomy_info":{"product_brand":[{"value":103,"label":"LUXTAR"}],"product_cat":[{"value":2966,"label":"Ledramp Rak"},{"value":2539,"label":"LEDRAMPER"},{"value":2826,"label":"LUXTAR"},{"value":2822,"label":"Luxtar - Arbetsljus"},{"value":2824,"label":"Luxtar - Ledramper"},{"value":2541,"label":"Luxtar X-Serie Black"},{"value":2160,"label":"LUXTAR X-serie Black"},{"value":1402,"label":"Outlet"}],"pa_faktisk-effekts-forbrukning":[{"value":1922,"label":"177,6"}],"pa_fuktskydd-varde-ipxx":[{"value":177,"label":"IP68"}],"pa_godkannande":[{"value":325,"label":"CE, EMC, RoHS"}],"pa_lampsockel-kontakt":[{"value":328,"label":"HB4 , 9006"}],"pa_led-chips-effekt-w":[{"value":823,"label":"240"}],"pa_ljusbild":[{"value":178,"label":"Driving"},{"value":1177,"label":"Spot"}],"pa_storlek-mm":[{"value":1921,"label":"674x63x85"}],"pa_stromforbrukning":[{"value":2368,"label":"13A @13,7V"},{"value":2369,"label":"7,4A @24V"}],"pa_volt-v":[{"value":321,"label":"Multivolt, 9, 12, 14, 18, 24, 28, 32"}]},"featured_image_src_large":["https:\/\/xenonkungen.com\/wp-content\/uploads\/2025\/06\/184973305-origpic-ca96a8-1024x1024.jpg",1024,1024,true],"author_info":[],"comment_info":0,"_links":{"self":[{"href":"https:\/\/xenonkungen.com\/nl\/wp-json\/wp\/v2\/product\/11819","targetHints":{"allow":["GET"]}}],"collection":[{"href":"https:\/\/xenonkungen.com\/nl\/wp-json\/wp\/v2\/product"}],"about":[{"href":"https:\/\/xenonkungen.com\/nl\/wp-json\/wp\/v2\/types\/product"}],"replies":[{"embeddable":true,"href":"https:\/\/xenonkungen.com\/nl\/wp-json\/wp\/v2\/comments?post=11819"}],"wp:featuredmedia":[{"embeddable":true,"href":"https:\/\/xenonkungen.com\/nl\/wp-json\/wp\/v2\/media\/11279"}],"wp:attachment":[{"href":"https:\/\/xenonkungen.com\/nl\/wp-json\/wp\/v2\/media?parent=11819"}],"wp:term":[{"taxonomy":"anvandningsomrade","embeddable":true,"href":"https:\/\/xenonkungen.com\/nl\/wp-json\/wp\/v2\/anvandningsomrade?post=11819"},{"taxonomy":"bilmarken","embeddable":true,"href":"https:\/\/xenonkungen.com\/nl\/wp-json\/wp\/v2\/bilmarken?post=11819"},{"taxonomy":"product_brand","embeddable":true,"href":"https:\/\/xenonkungen.com\/nl\/wp-json\/wp\/v2\/product_brand?post=11819"},{"taxonomy":"product_cat","embeddable":true,"href":"https:\/\/xenonkungen.com\/nl\/wp-json\/wp\/v2\/product_cat?post=11819"},{"taxonomy":"product_tag","embeddable":true,"href":"https:\/\/xenonkungen.com\/nl\/wp-json\/wp\/v2\/product_tag?post=11819"}],"curies":[{"name":"wp","href":"https:\/\/api.w.org\/{rel}","templated":true}]}}