{"id":11989,"date":"2025-08-25T14:15:56","date_gmt":"2025-08-25T14:15:56","guid":{"rendered":"https:\/\/xenonkungen.com\/?post_type=product&#038;p=11989"},"modified":"2026-05-07T07:00:18","modified_gmt":"2026-05-07T06:00:18","slug":"osram-night-breaker-led-smart-ece-h11","status":"publish","type":"product","link":"https:\/\/xenonkungen.com\/nl\/product\/osram-night-breaker-led-smart-ece-h11\/","title":{"rendered":"OSRAM NIGHT BREAKER LED SMART ECE | H11"},"content":{"rendered":"<h2>Ervaar vandaag al de verlichting van de toekomst<\/h2>\n<h3>OSRAM NIGHT BREAKER LED SMART ECE H11<\/h3>\n<p>Vervang uw oude halogeenlampen door OSRAM&#039;s baanbrekende NIGHT BREAKER LED SMART ECE H11. Dit is &#039;s werelds eerste led-retrofitlamp die volledig ECE R37-gehomologeerd is. Wettelijk goedgekeurd voor gebruik in alle 12V-voertuigen en in alle ECE-landen. Geen documentatie of extra stickers vereist.<\/p>\n<h4>Voordelen van NIGHT BREAKER LED SMART ECE H11<\/h4>\n<ul>\n<li>Legale en eenvoudige upgrade \u2013 plug and play zonder gedoe<\/li>\n<li>Modern wit licht met een kleurtemperatuur tot 6000 Kelvin<\/li>\n<li>Extra helderheid met tot 50 procent minder schittering dan de toegestane grenswaarden<\/li>\n<li>Tot 60 procent lager energieverbruik vergeleken met halogeenlampen<\/li>\n<li>Tot 6 keer langere levensduur dankzij trillingsbestendig LED-ontwerp<\/li>\n<li>IP55-classificatie \u2013 getest op stof- en waterbescherming in een DIN-gecertificeerd laboratorium<\/li>\n<\/ul>\n<p>Bovendien biedt OSRAM een speciale garantie op alle NIGHT BREAKER LED-retrofitlampen.<\/p>\n<h2><a href=\"https:\/\/look.ams-osram.com\/m\/279bdebe1f871386\/original\/led-night-breaker-h7-vehicle-list-en.pdf\" target=\"_blank\" rel=\"noopener\">Bekijk hier compatibele automodellen<\/a><\/h2>","protected":false},"excerpt":{"rendered":"<p>Upplev framtidens belysning redan idag OSRAM NIGHT BREAKER LED SMART ECE H11 Byt ut dina gamla halogenlampor mot OSRAMs banbrytande NIGHT BREAKER LED SMART ECE H11. Det \u00e4r v\u00e4rldens f\u00f6rsta LED retrofit-lampa som \u00e4r fullt ECE R37-homologerad. Lagligt godk\u00e4nd f\u00f6r anv\u00e4ndning i alla 12V-fordon och i alla ECE-l\u00e4nder. Ingen dokumentation eller extra klisterm\u00e4rken kr\u00e4vs. F\u00f6rdelar [&hellip;]<\/p>","protected":false},"featured_media":11983,"comment_status":"open","ping_status":"closed","template":"","meta":{"_acf_changed":false,"_smort_price_nok":"2131","_smort_price_dkk":"1354","_smort_price_eur":"181.36","_smort_sale_price_nok":"","_smort_sale_price_dkk":"","_smort_sale_price_eur":"","smort_restorder":"","shipmondo_restorder":"","_kad_blocks_custom_css":"","_kad_blocks_head_custom_js":"","_kad_blocks_body_custom_js":"","_kad_blocks_footer_custom_js":"","smort_custom_pricelist_1":"1276.8","smort_custom_pricelist_2":"1117.2","smort_custom_pricelist_3":"1037.4","smort_custom_pricelist_4":"1596","smort_custom_pricelist_5":"1117.2"},"anvandningsomrade":[],"bilmarken":[],"product_brand":[108],"product_cat":[2451,2633,733],"product_tag":[],"class_list":{"0":"post-11989","1":"product","2":"type-product","3":"status-publish","4":"has-post-thumbnail","6":"product_brand-osram","7":"product_cat-led-konvertering","8":"product_cat-osram-ledriving-halvljus-helljus","9":"product_cat-halvljus-helljus","10":"pa_fargtemperatur-6000k","11":"pa_fuktskydd-varde-ipxx-ip55","12":"pa_lampsockel-kontakt-h11","13":"pa_volt-v-159","15":"first","16":"instock","17":"taxable","18":"shipping-taxable","19":"purchasable","20":"product-type-simple"},"bundled_by":[],"bundle_stock_status":"instock","bundle_stock_quantity":16,"bundle_virtual":false,"bundle_layout":"","bundle_add_to_cart_form_location":"","bundle_editable_in_cart":false,"bundle_sold_individually_context":"","bundle_item_grouping":"","bundle_min_size":"","bundle_max_size":"","bundle_price":[],"bundled_items":[],"bundle_sell_ids":[],"acf":[],"yoast_head":"<!-- This site is optimized with the Yoast SEO plugin v27.0 - https:\/\/yoast.com\/product\/yoast-seo-wordpress\/ -->\n<title>OSRAM NIGHT BREAKER LED SMART ECE | H11 - Xenonkungen<\/title>\n<meta name=\"robots\" content=\"index, follow, max-snippet:-1, max-image-preview:large, max-video-preview:-1\" \/>\n<link rel=\"canonical\" href=\"https:\/\/xenonkungen.com\/nl\/product\/osram-night-breaker-led-smart-ece-h11\/\" \/>\n<meta property=\"og:locale\" content=\"nl_NL\" \/>\n<meta property=\"og:type\" content=\"article\" \/>\n<meta property=\"og:title\" content=\"OSRAM NIGHT BREAKER LED SMART ECE | H11 - Xenonkungen\" \/>\n<meta property=\"og:description\" content=\"Upplev framtidens belysning redan idag OSRAM NIGHT BREAKER LED SMART ECE H11 Byt ut dina gamla halogenlampor mot OSRAMs banbrytande NIGHT BREAKER LED SMART ECE H11. Det \u00e4r v\u00e4rldens f\u00f6rsta LED retrofit-lampa som \u00e4r fullt ECE R37-homologerad. Lagligt godk\u00e4nd f\u00f6r anv\u00e4ndning i alla 12V-fordon och i alla ECE-l\u00e4nder. Ingen dokumentation eller extra klisterm\u00e4rken kr\u00e4vs. F\u00f6rdelar [&hellip;]\" \/>\n<meta property=\"og:url\" content=\"https:\/\/xenonkungen.com\/nl\/product\/osram-night-breaker-led-smart-ece-h11\/\" \/>\n<meta property=\"og:site_name\" content=\"Xenonkungen\" \/>\n<meta property=\"article:modified_time\" content=\"2026-05-07T06:00:18+00:00\" \/>\n<meta property=\"og:image\" content=\"https:\/\/xenonkungen.com\/wp-content\/uploads\/2025\/06\/Small-for-web-and-ppt-G15134132_LED_FC2_64211DWNBSM-ECE-2HB_MiCh_OSRAM_13_Composing.jpg\" \/>\n\t<meta property=\"og:image:width\" content=\"1024\" \/>\n\t<meta property=\"og:image:height\" content=\"1024\" \/>\n\t<meta property=\"og:image:type\" content=\"image\/jpeg\" \/>\n<meta name=\"twitter:card\" content=\"summary_large_image\" \/>\n<meta name=\"twitter:label1\" content=\"Geschatte leestijd\" \/>\n\t<meta name=\"twitter:data1\" content=\"1 minuut\" \/>\n<script type=\"application\/ld+json\" class=\"yoast-schema-graph\">{\"@context\":\"https:\/\/schema.org\",\"@graph\":[{\"@type\":\"WebPage\",\"@id\":\"https:\/\/xenonkungen.com\/produkt\/osram-night-breaker-led-smart-ece-h11\/\",\"url\":\"https:\/\/xenonkungen.com\/produkt\/osram-night-breaker-led-smart-ece-h11\/\",\"name\":\"OSRAM NIGHT BREAKER LED SMART ECE | H11 - Xenonkungen\",\"isPartOf\":{\"@id\":\"https:\/\/xenonkungen.com\/#website\"},\"primaryImageOfPage\":{\"@id\":\"https:\/\/xenonkungen.com\/produkt\/osram-night-breaker-led-smart-ece-h11\/#primaryimage\"},\"image\":{\"@id\":\"https:\/\/xenonkungen.com\/produkt\/osram-night-breaker-led-smart-ece-h11\/#primaryimage\"},\"thumbnailUrl\":\"https:\/\/xenonkungen.com\/wp-content\/uploads\/2025\/06\/Small-for-web-and-ppt-G15134132_LED_FC2_64211DWNBSM-ECE-2HB_MiCh_OSRAM_13_Composing.jpg\",\"datePublished\":\"2025-08-25T14:15:56+00:00\",\"dateModified\":\"2026-05-07T06:00:18+00:00\",\"breadcrumb\":{\"@id\":\"https:\/\/xenonkungen.com\/produkt\/osram-night-breaker-led-smart-ece-h11\/#breadcrumb\"},\"inLanguage\":\"nl-NL\",\"potentialAction\":[{\"@type\":\"ReadAction\",\"target\":[\"https:\/\/xenonkungen.com\/produkt\/osram-night-breaker-led-smart-ece-h11\/\"]}]},{\"@type\":\"ImageObject\",\"inLanguage\":\"nl-NL\",\"@id\":\"https:\/\/xenonkungen.com\/produkt\/osram-night-breaker-led-smart-ece-h11\/#primaryimage\",\"url\":\"https:\/\/xenonkungen.com\/wp-content\/uploads\/2025\/06\/Small-for-web-and-ppt-G15134132_LED_FC2_64211DWNBSM-ECE-2HB_MiCh_OSRAM_13_Composing.jpg\",\"contentUrl\":\"https:\/\/xenonkungen.com\/wp-content\/uploads\/2025\/06\/Small-for-web-and-ppt-G15134132_LED_FC2_64211DWNBSM-ECE-2HB_MiCh_OSRAM_13_Composing.jpg\",\"width\":1024,\"height\":1024},{\"@type\":\"BreadcrumbList\",\"@id\":\"https:\/\/xenonkungen.com\/produkt\/osram-night-breaker-led-smart-ece-h11\/#breadcrumb\",\"itemListElement\":[{\"@type\":\"ListItem\",\"position\":1,\"name\":\"Hem\",\"item\":\"https:\/\/xenonkungen.com\/\"},{\"@type\":\"ListItem\",\"position\":2,\"name\":\"Shop\",\"item\":\"https:\/\/xenonkungen.com\/shop\/\"},{\"@type\":\"ListItem\",\"position\":3,\"name\":\"OSRAM NIGHT BREAKER LED SMART ECE | H11\"}]},{\"@type\":\"WebSite\",\"@id\":\"https:\/\/xenonkungen.com\/#website\",\"url\":\"https:\/\/xenonkungen.com\/\",\"name\":\"Xenonkungen\",\"description\":\"\",\"potentialAction\":[{\"@type\":\"SearchAction\",\"target\":{\"@type\":\"EntryPoint\",\"urlTemplate\":\"https:\/\/xenonkungen.com\/?s={search_term_string}\"},\"query-input\":{\"@type\":\"PropertyValueSpecification\",\"valueRequired\":true,\"valueName\":\"search_term_string\"}}],\"inLanguage\":\"nl-NL\"}]}<\/script>\n<!-- \/ Yoast SEO plugin. -->","yoast_head_json":{"title":"OSRAM NIGHT BREAKER LED SMART ECE | H11 - De Xenon Koning","robots":{"index":"index","follow":"follow","max-snippet":"max-snippet:-1","max-image-preview":"max-image-preview:large","max-video-preview":"max-video-preview:-1"},"canonical":"https:\/\/xenonkungen.com\/nl\/product\/osram-night-breaker-led-smart-ece-h11\/","og_locale":"nl_NL","og_type":"article","og_title":"OSRAM NIGHT BREAKER LED SMART ECE | H11 - Xenonkungen","og_description":"Upplev framtidens belysning redan idag OSRAM NIGHT BREAKER LED SMART ECE H11 Byt ut dina gamla halogenlampor mot OSRAMs banbrytande NIGHT BREAKER LED SMART ECE H11. Det \u00e4r v\u00e4rldens f\u00f6rsta LED retrofit-lampa som \u00e4r fullt ECE R37-homologerad. Lagligt godk\u00e4nd f\u00f6r anv\u00e4ndning i alla 12V-fordon och i alla ECE-l\u00e4nder. Ingen dokumentation eller extra klisterm\u00e4rken kr\u00e4vs. F\u00f6rdelar [&hellip;]","og_url":"https:\/\/xenonkungen.com\/nl\/product\/osram-night-breaker-led-smart-ece-h11\/","og_site_name":"Xenonkungen","article_modified_time":"2026-05-07T06:00:18+00:00","og_image":[{"width":1024,"height":1024,"url":"https:\/\/xenonkungen.com\/wp-content\/uploads\/2025\/06\/Small-for-web-and-ppt-G15134132_LED_FC2_64211DWNBSM-ECE-2HB_MiCh_OSRAM_13_Composing.jpg","type":"image\/jpeg"}],"twitter_card":"summary_large_image","twitter_misc":{"Geschatte leestijd":"1 minuut"},"schema":{"@context":"https:\/\/schema.org","@graph":[{"@type":"WebPage","@id":"https:\/\/xenonkungen.com\/produkt\/osram-night-breaker-led-smart-ece-h11\/","url":"https:\/\/xenonkungen.com\/produkt\/osram-night-breaker-led-smart-ece-h11\/","name":"OSRAM NIGHT BREAKER LED SMART ECE | H11 - De Xenon Koning","isPartOf":{"@id":"https:\/\/xenonkungen.com\/#website"},"primaryImageOfPage":{"@id":"https:\/\/xenonkungen.com\/produkt\/osram-night-breaker-led-smart-ece-h11\/#primaryimage"},"image":{"@id":"https:\/\/xenonkungen.com\/produkt\/osram-night-breaker-led-smart-ece-h11\/#primaryimage"},"thumbnailUrl":"https:\/\/xenonkungen.com\/wp-content\/uploads\/2025\/06\/Small-for-web-and-ppt-G15134132_LED_FC2_64211DWNBSM-ECE-2HB_MiCh_OSRAM_13_Composing.jpg","datePublished":"2025-08-25T14:15:56+00:00","dateModified":"2026-05-07T06:00:18+00:00","breadcrumb":{"@id":"https:\/\/xenonkungen.com\/produkt\/osram-night-breaker-led-smart-ece-h11\/#breadcrumb"},"inLanguage":"nl-NL","potentialAction":[{"@type":"ReadAction","target":["https:\/\/xenonkungen.com\/produkt\/osram-night-breaker-led-smart-ece-h11\/"]}]},{"@type":"ImageObject","inLanguage":"nl-NL","@id":"https:\/\/xenonkungen.com\/produkt\/osram-night-breaker-led-smart-ece-h11\/#primaryimage","url":"https:\/\/xenonkungen.com\/wp-content\/uploads\/2025\/06\/Small-for-web-and-ppt-G15134132_LED_FC2_64211DWNBSM-ECE-2HB_MiCh_OSRAM_13_Composing.jpg","contentUrl":"https:\/\/xenonkungen.com\/wp-content\/uploads\/2025\/06\/Small-for-web-and-ppt-G15134132_LED_FC2_64211DWNBSM-ECE-2HB_MiCh_OSRAM_13_Composing.jpg","width":1024,"height":1024},{"@type":"BreadcrumbList","@id":"https:\/\/xenonkungen.com\/produkt\/osram-night-breaker-led-smart-ece-h11\/#breadcrumb","itemListElement":[{"@type":"ListItem","position":1,"name":"Hem","item":"https:\/\/xenonkungen.com\/"},{"@type":"ListItem","position":2,"name":"Shop","item":"https:\/\/xenonkungen.com\/shop\/"},{"@type":"ListItem","position":3,"name":"OSRAM NIGHT BREAKER LED SMART ECE | H11"}]},{"@type":"WebSite","@id":"https:\/\/xenonkungen.com\/#website","url":"https:\/\/xenonkungen.com\/","name":"Xenonkungen","description":"","potentialAction":[{"@type":"SearchAction","target":{"@type":"EntryPoint","urlTemplate":"https:\/\/xenonkungen.com\/?s={search_term_string}"},"query-input":{"@type":"PropertyValueSpecification","valueRequired":true,"valueName":"search_term_string"}}],"inLanguage":"nl-NL"}]}},"taxonomy_info":{"product_brand":[{"value":108,"label":"OSRAM"}],"product_cat":[{"value":2451,"label":"Led-konvertering"},{"value":2633,"label":"OSRAM Ledriving"},{"value":733,"label":"Halvljus \/ Helljus"}],"pa_fargtemperatur":[{"value":188,"label":"6000K"}],"pa_fuktskydd-varde-ipxx":[{"value":2712,"label":"IP55"}],"pa_lampsockel-kontakt":[{"value":850,"label":"H11"}],"pa_volt-v":[{"value":159,"label":"12"}]},"featured_image_src_large":["https:\/\/xenonkungen.com\/wp-content\/uploads\/2025\/06\/Small-for-web-and-ppt-G15134132_LED_FC2_64211DWNBSM-ECE-2HB_MiCh_OSRAM_13_Composing.jpg",1024,1024,false],"author_info":[],"comment_info":2,"_links":{"self":[{"href":"https:\/\/xenonkungen.com\/nl\/wp-json\/wp\/v2\/product\/11989","targetHints":{"allow":["GET"]}}],"collection":[{"href":"https:\/\/xenonkungen.com\/nl\/wp-json\/wp\/v2\/product"}],"about":[{"href":"https:\/\/xenonkungen.com\/nl\/wp-json\/wp\/v2\/types\/product"}],"replies":[{"embeddable":true,"href":"https:\/\/xenonkungen.com\/nl\/wp-json\/wp\/v2\/comments?post=11989"}],"wp:featuredmedia":[{"embeddable":true,"href":"https:\/\/xenonkungen.com\/nl\/wp-json\/wp\/v2\/media\/11983"}],"wp:attachment":[{"href":"https:\/\/xenonkungen.com\/nl\/wp-json\/wp\/v2\/media?parent=11989"}],"wp:term":[{"taxonomy":"anvandningsomrade","embeddable":true,"href":"https:\/\/xenonkungen.com\/nl\/wp-json\/wp\/v2\/anvandningsomrade?post=11989"},{"taxonomy":"bilmarken","embeddable":true,"href":"https:\/\/xenonkungen.com\/nl\/wp-json\/wp\/v2\/bilmarken?post=11989"},{"taxonomy":"product_brand","embeddable":true,"href":"https:\/\/xenonkungen.com\/nl\/wp-json\/wp\/v2\/product_brand?post=11989"},{"taxonomy":"product_cat","embeddable":true,"href":"https:\/\/xenonkungen.com\/nl\/wp-json\/wp\/v2\/product_cat?post=11989"},{"taxonomy":"product_tag","embeddable":true,"href":"https:\/\/xenonkungen.com\/nl\/wp-json\/wp\/v2\/product_tag?post=11989"}],"curies":[{"name":"wp","href":"https:\/\/api.w.org\/{rel}","templated":true}]}}