{"id":12020,"date":"2025-08-26T09:50:16","date_gmt":"2025-08-26T09:50:16","guid":{"rendered":"https:\/\/xenonkungen.com\/?post_type=product&#038;p=12020"},"modified":"2025-12-10T14:52:47","modified_gmt":"2025-12-10T13:52:47","slug":"meguiars-ultieme-keramische-coating","status":"publish","type":"product","link":"https:\/\/xenonkungen.com\/nl\/product\/meguiars-ultieme-keramische-coating\/","title":{"rendered":"Meguiar's Ultimate keramische coating"},"content":{"rendered":"<h1 class=\"product_title entry-title\">Ultieme keramische coating<\/h1>\n<p><strong>Voor de beste resultaten raden we aan dat de laklaag in de best mogelijke staat is voor gebruik.<\/strong><\/p>\n<p><strong>Poets in drie stappen (kleien, wrijven en polijsten) voor het aanbrengen voor de beste hechting en afwerking.<\/strong><\/p>\n<p>INSTRUCTIES: goed wassen Was en droog het voertuig grondig v\u00f3\u00f3r het aanbrengen. Aanbrengen in de schaduw, op koele oppervlakken. Als het oppervlak warm is wanneer u het aanbrengt, krijgt u een ongelijkmatig resultaat. We raden aan microvezels van de hoogste kwaliteit te gebruiken, zoals Meguiar's\u00ae Supreme Shine\u2122 &amp; Even Coat Microfibre Applicator Pads.<\/p>\n<ol>\n<li>Spuit het product op een microvezelapplicator zoals\u00a0<a href=\"https:\/\/xenonkungen.com\/produkt\/meguiars-even-coat-applicator-pads-2-pack\/\">Meguiar's X3080<\/a>. We raden aan om \u00e9\u00e9n paneel per keer te maken.<\/li>\n<li>Verdeel het product met de katrol met een lichte tot matige druk over het paneel in een kruisbeweging. Deze stap activeert het uithardingsproces.<\/li>\n<li>Wacht ongeveer 15 seconden en veeg het product dan af met een schone microvezeldoek nadat je het op het oppervlak hebt aangebracht.<\/li>\n<li>Ga door met dit proces over het hele voertuig.<\/li>\n<li>Was alle microvezeldoekjes en -pads onmiddellijk na de behandeling.<\/li>\n<\/ol>\n<p>Je kunt dit product ook op andere buitenoppervlakken gebruiken, zoals kunststof sierlijsten, stickers, lakbeschermingsfolie (PPF) en velgen. Volg dezelfde procedure voor deze andere buitenoppervlakken. De duurzaamheid is afhankelijk van de oorspronkelijke staat van het oppervlak.<\/p>\n<p><strong>ONDERHOUD:<\/strong><\/p>\n<p>Het regelmatig wassen van de auto zorgt voor een zo lang mogelijke maximale duurzaamheid. Was uw auto met pH-gebalanceerde autoshampoos, zoals Meguiar's\u00ae Ultimate Wash &amp; Wax of Meguiar's\u00ae Hybrid Ceramic Wash &amp; Wax.<\/p>\n<p>Om ervoor te zorgen dat de Ultimate Ceramic Coating zijn finish zo lang mogelijk behoudt, gebruikt u alleen eersteklas onderhoudsproducten zoals Meguiar's\u00ae Ultimate Quik Detailer\u2122 of Meguiar's\u00ae Hybrid Ceramic Detailer, zo vaak als gewenst.<\/p>\n<p><strong><em>WAARSCHUWING:<\/em><\/strong>\u00a0Nadat de lak is behandeld met Ultimate Ceramic Coating, mag u geen klei, polijstmiddel, wrijf-, vloeibare of pastawaxen gebruiken op uw voertuig, omdat deze het effect van de coating zullen verwijderen of verminderen.<\/p>\n<p><strong>GEBRUIKSAANWIJZING:<\/strong> Spuiten, verspreiden en afvegen. Niet overdoseren - \u00e9\u00e9n flacon is genoeg voor vier middelgrote voertuigen! Niet aanbevolen voor tapijt of satijnen lakken omdat het ongewenste glans zal geven.<\/p>\n<p><strong>Inhoud:<\/strong> 236 ml<\/p>\n<p><h2>Kleurcodering<\/h2>\n<p><a href=\"https:\/\/meguiars.se\/wp-content\/uploads\/2024\/03\/Label-MeguiarsUltimateCeramicCoatingG2401_1.0_66423-5.pdf\" target=\"_blank\" rel=\"noopener\">https:\/\/meguiars.se\/wp-content\/uploads\/2024\/03\/Label-MeguiarsUltimateCeramicCoatingG2401_1.0_66423-5.pdf<\/a><\/p>","protected":false},"excerpt":{"rendered":"<p>Meguiar's Ultimate Ceramic Coating - Gepatenteerde technologie hardt het product uit tot een stevige barri\u00e8re, vergelijkbaar met professionele keramische verfbescherming!<\/p>\n<ul>\n<li>Ongelooflijke waterafstotendheid met uitzonderlijke duurzaamheid<\/li>\n<li>Verhoogt glans en gladheid - terwijl defecten gemakkelijker worden verborgen<\/li>\n<li>Voornamelijk ontwikkeld voor buitenlakken, maar werkt ook goed op kunststof onderdelen, stickers, PPF en velgen.<\/li>\n<\/ul>","protected":false},"featured_media":12021,"comment_status":"open","ping_status":"closed","template":"","meta":{"_acf_changed":false,"_smort_price_nok":"458","_smort_price_dkk":"291","_smort_price_eur":"39","_smort_sale_price_nok":"","_smort_sale_price_dkk":"","_smort_sale_price_eur":"","smort_restorder":"","shipmondo_restorder":"","_kad_blocks_custom_css":"","_kad_blocks_head_custom_js":"","_kad_blocks_body_custom_js":"","_kad_blocks_footer_custom_js":"","smort_custom_pricelist_1":"274.56","smort_custom_pricelist_2":"274.56","smort_custom_pricelist_3":"240.24","smort_custom_pricelist_4":"343.2","smort_custom_pricelist_5":"274.56"},"anvandningsomrade":[],"bilmarken":[],"product_brand":[1383],"product_cat":[2614,378],"product_tag":[],"class_list":{"0":"post-12020","1":"product","2":"type-product","3":"status-publish","4":"has-post-thumbnail","6":"product_brand-meguiars","7":"product_cat-lackskydd","8":"product_cat-bilvard","10":"first","11":"onbackorder","12":"taxable","13":"shipping-taxable","14":"purchasable","15":"product-type-simple"},"bundled_by":[],"bundle_stock_status":"onbackorder","bundle_stock_quantity":0,"bundle_virtual":false,"bundle_layout":"","bundle_add_to_cart_form_location":"","bundle_editable_in_cart":false,"bundle_sold_individually_context":"","bundle_item_grouping":"","bundle_min_size":"","bundle_max_size":"","bundle_price":[],"bundled_items":[],"bundle_sell_ids":[],"acf":[],"yoast_head":"<!-- This site is optimized with the Yoast SEO plugin v27.0 - https:\/\/yoast.com\/product\/yoast-seo-wordpress\/ -->\n<title>Meguiar\u2019s Ultimate Ceramic Coating - Xenonkungen<\/title>\n<meta name=\"robots\" content=\"index, follow, max-snippet:-1, max-image-preview:large, max-video-preview:-1\" \/>\n<link rel=\"canonical\" href=\"https:\/\/xenonkungen.com\/nl\/product\/meguiars-ultieme-keramische-coating\/\" \/>\n<meta property=\"og:locale\" content=\"nl_NL\" \/>\n<meta property=\"og:type\" content=\"article\" \/>\n<meta property=\"og:title\" content=\"Meguiar\u2019s Ultimate Ceramic Coating - Xenonkungen\" \/>\n<meta property=\"og:description\" content=\"Meguiar\u2019s Ultimate Ceramic Coating \u2013 Patenterad teknologi h\u00e4rdar produkten till en solid barri\u00e4r liknande professionella keramiska lackskydd!   Otroligt vattenavst\u00f6tande med exceptionell h\u00e5llbarhet  \u00d6kar glans och sl\u00e4thet \u2013 samtidigt d\u00f6ljs l\u00e4ttare defekter  Prim\u00e4rt utvecklad f\u00f6r exteri\u00f6r lack men fungerar \u00e4ven bra p\u00e5 plastdetaljer, dekaler, PPF och f\u00e4lgar\" \/>\n<meta property=\"og:url\" content=\"https:\/\/xenonkungen.com\/nl\/product\/meguiars-ultieme-keramische-coating\/\" \/>\n<meta property=\"og:site_name\" content=\"Xenonkungen\" \/>\n<meta property=\"article:modified_time\" content=\"2025-12-10T13:52:47+00:00\" \/>\n<meta property=\"og:image\" content=\"https:\/\/xenonkungen.com\/wp-content\/uploads\/2025\/06\/G240108_UltimateCeramicCoating_Fr_10x10-2.png\" \/>\n\t<meta property=\"og:image:width\" content=\"2048\" \/>\n\t<meta property=\"og:image:height\" content=\"2048\" \/>\n\t<meta property=\"og:image:type\" content=\"image\/png\" \/>\n<meta name=\"twitter:card\" content=\"summary_large_image\" \/>\n<meta name=\"twitter:label1\" content=\"Geschatte leestijd\" \/>\n\t<meta name=\"twitter:data1\" content=\"2 minuten\" \/>\n<script type=\"application\/ld+json\" class=\"yoast-schema-graph\">{\"@context\":\"https:\/\/schema.org\",\"@graph\":[{\"@type\":\"WebPage\",\"@id\":\"https:\/\/xenonkungen.com\/produkt\/meguiars-ultimate-ceramic-coating\/\",\"url\":\"https:\/\/xenonkungen.com\/produkt\/meguiars-ultimate-ceramic-coating\/\",\"name\":\"Meguiar\u2019s Ultimate Ceramic Coating - Xenonkungen\",\"isPartOf\":{\"@id\":\"https:\/\/xenonkungen.com\/#website\"},\"primaryImageOfPage\":{\"@id\":\"https:\/\/xenonkungen.com\/produkt\/meguiars-ultimate-ceramic-coating\/#primaryimage\"},\"image\":{\"@id\":\"https:\/\/xenonkungen.com\/produkt\/meguiars-ultimate-ceramic-coating\/#primaryimage\"},\"thumbnailUrl\":\"https:\/\/xenonkungen.com\/wp-content\/uploads\/2025\/06\/G240108_UltimateCeramicCoating_Fr_10x10-2.png\",\"datePublished\":\"2025-08-26T09:50:16+00:00\",\"dateModified\":\"2025-12-10T13:52:47+00:00\",\"breadcrumb\":{\"@id\":\"https:\/\/xenonkungen.com\/produkt\/meguiars-ultimate-ceramic-coating\/#breadcrumb\"},\"inLanguage\":\"nl-NL\",\"potentialAction\":[{\"@type\":\"ReadAction\",\"target\":[\"https:\/\/xenonkungen.com\/produkt\/meguiars-ultimate-ceramic-coating\/\"]}]},{\"@type\":\"ImageObject\",\"inLanguage\":\"nl-NL\",\"@id\":\"https:\/\/xenonkungen.com\/produkt\/meguiars-ultimate-ceramic-coating\/#primaryimage\",\"url\":\"https:\/\/xenonkungen.com\/wp-content\/uploads\/2025\/06\/G240108_UltimateCeramicCoating_Fr_10x10-2.png\",\"contentUrl\":\"https:\/\/xenonkungen.com\/wp-content\/uploads\/2025\/06\/G240108_UltimateCeramicCoating_Fr_10x10-2.png\",\"width\":2048,\"height\":2048},{\"@type\":\"BreadcrumbList\",\"@id\":\"https:\/\/xenonkungen.com\/produkt\/meguiars-ultimate-ceramic-coating\/#breadcrumb\",\"itemListElement\":[{\"@type\":\"ListItem\",\"position\":1,\"name\":\"Hem\",\"item\":\"https:\/\/xenonkungen.com\/\"},{\"@type\":\"ListItem\",\"position\":2,\"name\":\"Shop\",\"item\":\"https:\/\/xenonkungen.com\/shop\/\"},{\"@type\":\"ListItem\",\"position\":3,\"name\":\"Meguiar\u2019s Ultimate Ceramic Coating\"}]},{\"@type\":\"WebSite\",\"@id\":\"https:\/\/xenonkungen.com\/#website\",\"url\":\"https:\/\/xenonkungen.com\/\",\"name\":\"Xenonkungen\",\"description\":\"\",\"potentialAction\":[{\"@type\":\"SearchAction\",\"target\":{\"@type\":\"EntryPoint\",\"urlTemplate\":\"https:\/\/xenonkungen.com\/?s={search_term_string}\"},\"query-input\":{\"@type\":\"PropertyValueSpecification\",\"valueRequired\":true,\"valueName\":\"search_term_string\"}}],\"inLanguage\":\"nl-NL\"}]}<\/script>\n<!-- \/ Yoast SEO plugin. -->","yoast_head_json":{"title":"Meguiar&#039;s ultieme keramische coating - De Xenon-koning","robots":{"index":"index","follow":"follow","max-snippet":"max-snippet:-1","max-image-preview":"max-image-preview:large","max-video-preview":"max-video-preview:-1"},"canonical":"https:\/\/xenonkungen.com\/nl\/product\/meguiars-ultieme-keramische-coating\/","og_locale":"nl_NL","og_type":"article","og_title":"Meguiar\u2019s Ultimate Ceramic Coating - Xenonkungen","og_description":"Meguiar\u2019s Ultimate Ceramic Coating \u2013 Patenterad teknologi h\u00e4rdar produkten till en solid barri\u00e4r liknande professionella keramiska lackskydd!   Otroligt vattenavst\u00f6tande med exceptionell h\u00e5llbarhet  \u00d6kar glans och sl\u00e4thet \u2013 samtidigt d\u00f6ljs l\u00e4ttare defekter  Prim\u00e4rt utvecklad f\u00f6r exteri\u00f6r lack men fungerar \u00e4ven bra p\u00e5 plastdetaljer, dekaler, PPF och f\u00e4lgar","og_url":"https:\/\/xenonkungen.com\/nl\/product\/meguiars-ultieme-keramische-coating\/","og_site_name":"Xenonkungen","article_modified_time":"2025-12-10T13:52:47+00:00","og_image":[{"width":2048,"height":2048,"url":"https:\/\/xenonkungen.com\/wp-content\/uploads\/2025\/06\/G240108_UltimateCeramicCoating_Fr_10x10-2.png","type":"image\/png"}],"twitter_card":"summary_large_image","twitter_misc":{"Geschatte leestijd":"2 minuten"},"schema":{"@context":"https:\/\/schema.org","@graph":[{"@type":"WebPage","@id":"https:\/\/xenonkungen.com\/produkt\/meguiars-ultimate-ceramic-coating\/","url":"https:\/\/xenonkungen.com\/produkt\/meguiars-ultimate-ceramic-coating\/","name":"Meguiar&#039;s ultieme keramische coating - De Xenon-koning","isPartOf":{"@id":"https:\/\/xenonkungen.com\/#website"},"primaryImageOfPage":{"@id":"https:\/\/xenonkungen.com\/produkt\/meguiars-ultimate-ceramic-coating\/#primaryimage"},"image":{"@id":"https:\/\/xenonkungen.com\/produkt\/meguiars-ultimate-ceramic-coating\/#primaryimage"},"thumbnailUrl":"https:\/\/xenonkungen.com\/wp-content\/uploads\/2025\/06\/G240108_UltimateCeramicCoating_Fr_10x10-2.png","datePublished":"2025-08-26T09:50:16+00:00","dateModified":"2025-12-10T13:52:47+00:00","breadcrumb":{"@id":"https:\/\/xenonkungen.com\/produkt\/meguiars-ultimate-ceramic-coating\/#breadcrumb"},"inLanguage":"nl-NL","potentialAction":[{"@type":"ReadAction","target":["https:\/\/xenonkungen.com\/produkt\/meguiars-ultimate-ceramic-coating\/"]}]},{"@type":"ImageObject","inLanguage":"nl-NL","@id":"https:\/\/xenonkungen.com\/produkt\/meguiars-ultimate-ceramic-coating\/#primaryimage","url":"https:\/\/xenonkungen.com\/wp-content\/uploads\/2025\/06\/G240108_UltimateCeramicCoating_Fr_10x10-2.png","contentUrl":"https:\/\/xenonkungen.com\/wp-content\/uploads\/2025\/06\/G240108_UltimateCeramicCoating_Fr_10x10-2.png","width":2048,"height":2048},{"@type":"BreadcrumbList","@id":"https:\/\/xenonkungen.com\/produkt\/meguiars-ultimate-ceramic-coating\/#breadcrumb","itemListElement":[{"@type":"ListItem","position":1,"name":"Hem","item":"https:\/\/xenonkungen.com\/"},{"@type":"ListItem","position":2,"name":"Shop","item":"https:\/\/xenonkungen.com\/shop\/"},{"@type":"ListItem","position":3,"name":"Meguiar\u2019s Ultimate Ceramic Coating"}]},{"@type":"WebSite","@id":"https:\/\/xenonkungen.com\/#website","url":"https:\/\/xenonkungen.com\/","name":"Xenonkungen","description":"","potentialAction":[{"@type":"SearchAction","target":{"@type":"EntryPoint","urlTemplate":"https:\/\/xenonkungen.com\/?s={search_term_string}"},"query-input":{"@type":"PropertyValueSpecification","valueRequired":true,"valueName":"search_term_string"}}],"inLanguage":"nl-NL"}]}},"taxonomy_info":{"product_brand":[{"value":1383,"label":"Meguiar's"}],"product_cat":[{"value":2614,"label":"4 | Bilvax &amp; Lackskydd"},{"value":378,"label":"Bilv\u00e5rd"}]},"featured_image_src_large":["https:\/\/xenonkungen.com\/wp-content\/uploads\/2025\/06\/G240108_UltimateCeramicCoating_Fr_10x10-2-1024x1024.png",1024,1024,true],"author_info":[],"comment_info":0,"_links":{"self":[{"href":"https:\/\/xenonkungen.com\/nl\/wp-json\/wp\/v2\/product\/12020","targetHints":{"allow":["GET"]}}],"collection":[{"href":"https:\/\/xenonkungen.com\/nl\/wp-json\/wp\/v2\/product"}],"about":[{"href":"https:\/\/xenonkungen.com\/nl\/wp-json\/wp\/v2\/types\/product"}],"replies":[{"embeddable":true,"href":"https:\/\/xenonkungen.com\/nl\/wp-json\/wp\/v2\/comments?post=12020"}],"wp:featuredmedia":[{"embeddable":true,"href":"https:\/\/xenonkungen.com\/nl\/wp-json\/wp\/v2\/media\/12021"}],"wp:attachment":[{"href":"https:\/\/xenonkungen.com\/nl\/wp-json\/wp\/v2\/media?parent=12020"}],"wp:term":[{"taxonomy":"anvandningsomrade","embeddable":true,"href":"https:\/\/xenonkungen.com\/nl\/wp-json\/wp\/v2\/anvandningsomrade?post=12020"},{"taxonomy":"bilmarken","embeddable":true,"href":"https:\/\/xenonkungen.com\/nl\/wp-json\/wp\/v2\/bilmarken?post=12020"},{"taxonomy":"product_brand","embeddable":true,"href":"https:\/\/xenonkungen.com\/nl\/wp-json\/wp\/v2\/product_brand?post=12020"},{"taxonomy":"product_cat","embeddable":true,"href":"https:\/\/xenonkungen.com\/nl\/wp-json\/wp\/v2\/product_cat?post=12020"},{"taxonomy":"product_tag","embeddable":true,"href":"https:\/\/xenonkungen.com\/nl\/wp-json\/wp\/v2\/product_tag?post=12020"}],"curies":[{"name":"wp","href":"https:\/\/api.w.org\/{rel}","templated":true}]}}