{"id":12030,"date":"2025-07-02T06:58:23","date_gmt":"2025-07-02T06:58:23","guid":{"rendered":"https:\/\/xenonkungen.com\/?post_type=product&#038;p=12030"},"modified":"2026-04-24T17:31:35","modified_gmt":"2026-04-24T16:31:35","slug":"meguiars-zware-bekleding-restauratieset","status":"publish","type":"product","link":"https:\/\/xenonkungen.com\/nl\/product\/meguiars-zware-bekleding-restauratieset\/","title":{"rendered":"Meguiar's Heavy Duty Trim Restoration Kit"},"content":{"rendered":"<h1>Zware trimrestauratieset<\/h1>\n<p>Na verloop van tijd en na blootstelling aan zon, weer en wind kunnen kunststof onderdelen aan de buitenkant beginnen te vervagen en hun glans verliezen,<br \/>\nwaardoor een relatief nieuwe auto er veel ouder uitziet dan hij in werkelijkheid is. Gelukkig is er nu Meguiar&#039;s Heavy Duty Trim Restoration Kit!<\/p>\n<p>Met deze herstellende reinigingsset kan iedereen vervaagd plastic en vinyl nieuw leven inblazen en in twee eenvoudige stappen een duurzame bescherming aanbrengen.<br \/>\nIn de eerste stap wordt de meegeleverde reinigingsoplossing gebruikt om ingesloten vuil en oxidatie te verwijderen.<br \/>\nZwarte en grijze afwerkingen worden grondig gereinigd om de hechting en duurzaamheid van Protectant Trim Shield te maximaliseren.<br \/>\nProtective Trim Shield herstelt vervolgens het uiterlijk van kunststofonderdelen en laat een uiterst duurzame bescherming achter.<\/p>\n<p>Biedt bescherming tegen UV-straling en is bestand tegen maximaal 250* wasbeurten.<\/p>\n<p>De set bevat een reiniger, bescherming en een applicatorpad.<\/p>\n<p><strong>Inhoud:<\/strong><\/p>\n<ul>\n<li>Reinigingsoplossing 4: 118 ml<\/li>\n<li>Beschermend Trimschild 2: 59 ml<\/li>\n<li>Trim Shield Applicator Pad<\/li>\n<\/ul>\n<p><em>Gebaseerd op geautomatiseerde laboratoriumtests van autoverzorgingsproducten<\/em><\/p>\n<p>&nbsp;<\/p>\n<h2>Veiligheidsinformatieblad<\/h2>\n<p><a href=\"https:\/\/meguiars.se\/wp-content\/uploads\/2025\/04\/MeguiarsRG2501TrimKitSealantTC3RG250102_1.0_74905.pdf\" target=\"_blank\" rel=\"noopener\"><br \/>\nMeguiarsRG2501TrimKitSealantTC3RG250102_1.0_74905 (PDF)<br \/>\n<\/a><\/p>\n<p>&nbsp;<\/p>","protected":false},"excerpt":{"rendered":"<p class=\"\" data-start=\"69\" data-end=\"205\"><strong data-start=\"69\" data-end=\"104\">KUNSTSTOFRESTAURATIE VOOR EXTERIEURKUNSTSTOF:<\/strong>\u00a0Deze set bevat een reiniger en een beschermer om kunststofonderdelen te herstellen en beschermen.<\/p>\n<p class=\"\" data-start=\"308\" data-end=\"397\"><strong data-start=\"308\" data-end=\"334\">DUURZAAMHEID &amp; UV-BESCHERMING:<\/strong>\u00a0Protective Trim Shield bevat extra duurzame UV-blokkerende bescherming.<\/p>\n<p class=\"\" data-start=\"399\" data-end=\"485\"><strong data-start=\"399\" data-end=\"432\">FANTASTISCHE WASBESTENDIGHEID:<\/strong>\u00a0 Duurzaamheid; meer dan 250 wasbeurten*<\/p>","protected":false},"featured_media":12031,"comment_status":"open","ping_status":"closed","template":"","meta":{"_acf_changed":false,"_smort_price_nok":"586","_smort_price_dkk":"373","_smort_price_eur":"49.91","_smort_sale_price_nok":"","_smort_sale_price_dkk":"","_smort_sale_price_eur":"39.93","smort_restorder":"","shipmondo_restorder":"","_kad_blocks_custom_css":"","_kad_blocks_head_custom_js":"","_kad_blocks_body_custom_js":"","_kad_blocks_footer_custom_js":"","smort_custom_pricelist_1":"351.36","smort_custom_pricelist_2":"351.36","smort_custom_pricelist_3":"307.44","smort_custom_pricelist_4":"439.2","smort_custom_pricelist_5":"351.36"},"anvandningsomrade":[],"bilmarken":[],"product_brand":[1383],"product_cat":[2623,2620,378],"product_tag":[],"class_list":{"0":"post-12030","1":"product","2":"type-product","3":"status-publish","4":"has-post-thumbnail","6":"product_brand-meguiars","7":"product_cat-underhall","8":"product_cat-ovrigt-bilvard","9":"product_cat-bilvard","11":"first","12":"onbackorder","13":"taxable","14":"shipping-taxable","15":"purchasable","16":"product-type-simple"},"bundled_by":[],"bundle_stock_status":"onbackorder","bundle_stock_quantity":0,"bundle_virtual":false,"bundle_layout":"","bundle_add_to_cart_form_location":"","bundle_editable_in_cart":false,"bundle_sold_individually_context":"","bundle_item_grouping":"","bundle_min_size":"","bundle_max_size":"","bundle_price":[],"bundled_items":[],"bundle_sell_ids":[],"acf":[],"yoast_head":"<!-- This site is optimized with the Yoast SEO plugin v27.0 - https:\/\/yoast.com\/product\/yoast-seo-wordpress\/ -->\n<title>Meguiar\u2019s Heavy Duty Trim Restoration Kit - Xenonkungen<\/title>\n<meta name=\"robots\" content=\"index, follow, max-snippet:-1, max-image-preview:large, max-video-preview:-1\" \/>\n<link rel=\"canonical\" href=\"https:\/\/xenonkungen.com\/nl\/product\/meguiars-zware-bekleding-restauratieset\/\" \/>\n<meta property=\"og:locale\" content=\"nl_NL\" \/>\n<meta property=\"og:type\" content=\"article\" \/>\n<meta property=\"og:title\" content=\"Meguiar\u2019s Heavy Duty Trim Restoration Kit - Xenonkungen\" \/>\n<meta property=\"og:description\" content=\"PLASTRESTAURERING F\u00d6R EXTERI\u00d6R PLAST:\u00a0Detta kit inneh\u00e5ller en reng\u00f6ring och ett skydd f\u00f6r att \u00e5terst\u00e4lla och skydda plastdetaljer. H\u00c5LLBARHET &amp; UV-SKYDD:\u00a0Protective Trim Shield inneh\u00e5ller extra h\u00e5llbart UV-blockerande skydd. FANTASTISK TV\u00c4TTBEST\u00c4NDIGHET:\u00a0 H\u00e5llerbarhet; \u00f6ver 250 tv\u00e4ttar*\" \/>\n<meta property=\"og:url\" content=\"https:\/\/xenonkungen.com\/nl\/product\/meguiars-zware-bekleding-restauratieset\/\" \/>\n<meta property=\"og:site_name\" content=\"Xenonkungen\" \/>\n<meta property=\"article:modified_time\" content=\"2026-04-24T16:31:35+00:00\" \/>\n<meta property=\"og:image\" content=\"https:\/\/xenonkungen.com\/wp-content\/uploads\/2025\/07\/G250100_HeavyDutyTrimRestorationKit_Exploded_10x10-1024x1024.png\" \/>\n\t<meta property=\"og:image:width\" content=\"1024\" \/>\n\t<meta property=\"og:image:height\" content=\"1024\" \/>\n\t<meta property=\"og:image:type\" content=\"image\/png\" \/>\n<meta name=\"twitter:card\" content=\"summary_large_image\" \/>\n<meta name=\"twitter:label1\" content=\"Geschatte leestijd\" \/>\n\t<meta name=\"twitter:data1\" content=\"2 minuten\" \/>\n<script type=\"application\/ld+json\" class=\"yoast-schema-graph\">{\"@context\":\"https:\/\/schema.org\",\"@graph\":[{\"@type\":\"WebPage\",\"@id\":\"https:\/\/xenonkungen.com\/produkt\/meguiars-heavy-duty-trim-restoration-kit\/\",\"url\":\"https:\/\/xenonkungen.com\/produkt\/meguiars-heavy-duty-trim-restoration-kit\/\",\"name\":\"Meguiar\u2019s Heavy Duty Trim Restoration Kit - Xenonkungen\",\"isPartOf\":{\"@id\":\"https:\/\/xenonkungen.com\/#website\"},\"primaryImageOfPage\":{\"@id\":\"https:\/\/xenonkungen.com\/produkt\/meguiars-heavy-duty-trim-restoration-kit\/#primaryimage\"},\"image\":{\"@id\":\"https:\/\/xenonkungen.com\/produkt\/meguiars-heavy-duty-trim-restoration-kit\/#primaryimage\"},\"thumbnailUrl\":\"https:\/\/xenonkungen.com\/wp-content\/uploads\/2025\/07\/G250100_HeavyDutyTrimRestorationKit_Exploded_10x10.png\",\"datePublished\":\"2025-07-02T06:58:23+00:00\",\"dateModified\":\"2026-04-24T16:31:35+00:00\",\"breadcrumb\":{\"@id\":\"https:\/\/xenonkungen.com\/produkt\/meguiars-heavy-duty-trim-restoration-kit\/#breadcrumb\"},\"inLanguage\":\"nl-NL\",\"potentialAction\":[{\"@type\":\"ReadAction\",\"target\":[\"https:\/\/xenonkungen.com\/produkt\/meguiars-heavy-duty-trim-restoration-kit\/\"]}]},{\"@type\":\"ImageObject\",\"inLanguage\":\"nl-NL\",\"@id\":\"https:\/\/xenonkungen.com\/produkt\/meguiars-heavy-duty-trim-restoration-kit\/#primaryimage\",\"url\":\"https:\/\/xenonkungen.com\/wp-content\/uploads\/2025\/07\/G250100_HeavyDutyTrimRestorationKit_Exploded_10x10.png\",\"contentUrl\":\"https:\/\/xenonkungen.com\/wp-content\/uploads\/2025\/07\/G250100_HeavyDutyTrimRestorationKit_Exploded_10x10.png\",\"width\":2560,\"height\":2560},{\"@type\":\"BreadcrumbList\",\"@id\":\"https:\/\/xenonkungen.com\/produkt\/meguiars-heavy-duty-trim-restoration-kit\/#breadcrumb\",\"itemListElement\":[{\"@type\":\"ListItem\",\"position\":1,\"name\":\"Hem\",\"item\":\"https:\/\/xenonkungen.com\/\"},{\"@type\":\"ListItem\",\"position\":2,\"name\":\"Shop\",\"item\":\"https:\/\/xenonkungen.com\/shop\/\"},{\"@type\":\"ListItem\",\"position\":3,\"name\":\"Meguiar\u2019s Heavy Duty Trim Restoration Kit\"}]},{\"@type\":\"WebSite\",\"@id\":\"https:\/\/xenonkungen.com\/#website\",\"url\":\"https:\/\/xenonkungen.com\/\",\"name\":\"Xenonkungen\",\"description\":\"\",\"potentialAction\":[{\"@type\":\"SearchAction\",\"target\":{\"@type\":\"EntryPoint\",\"urlTemplate\":\"https:\/\/xenonkungen.com\/?s={search_term_string}\"},\"query-input\":{\"@type\":\"PropertyValueSpecification\",\"valueRequired\":true,\"valueName\":\"search_term_string\"}}],\"inLanguage\":\"nl-NL\"}]}<\/script>\n<!-- \/ Yoast SEO plugin. -->","yoast_head_json":{"title":"Meguiar&#039;s Heavy Duty Trim Restoration Kit - De Xenon Koning","robots":{"index":"index","follow":"follow","max-snippet":"max-snippet:-1","max-image-preview":"max-image-preview:large","max-video-preview":"max-video-preview:-1"},"canonical":"https:\/\/xenonkungen.com\/nl\/product\/meguiars-zware-bekleding-restauratieset\/","og_locale":"nl_NL","og_type":"article","og_title":"Meguiar\u2019s Heavy Duty Trim Restoration Kit - Xenonkungen","og_description":"PLASTRESTAURERING F\u00d6R EXTERI\u00d6R PLAST:\u00a0Detta kit inneh\u00e5ller en reng\u00f6ring och ett skydd f\u00f6r att \u00e5terst\u00e4lla och skydda plastdetaljer. H\u00c5LLBARHET &amp; UV-SKYDD:\u00a0Protective Trim Shield inneh\u00e5ller extra h\u00e5llbart UV-blockerande skydd. FANTASTISK TV\u00c4TTBEST\u00c4NDIGHET:\u00a0 H\u00e5llerbarhet; \u00f6ver 250 tv\u00e4ttar*","og_url":"https:\/\/xenonkungen.com\/nl\/product\/meguiars-zware-bekleding-restauratieset\/","og_site_name":"Xenonkungen","article_modified_time":"2026-04-24T16:31:35+00:00","og_image":[{"width":1024,"height":1024,"url":"https:\/\/xenonkungen.com\/wp-content\/uploads\/2025\/07\/G250100_HeavyDutyTrimRestorationKit_Exploded_10x10-1024x1024.png","type":"image\/png"}],"twitter_card":"summary_large_image","twitter_misc":{"Geschatte leestijd":"2 minuten"},"schema":{"@context":"https:\/\/schema.org","@graph":[{"@type":"WebPage","@id":"https:\/\/xenonkungen.com\/produkt\/meguiars-heavy-duty-trim-restoration-kit\/","url":"https:\/\/xenonkungen.com\/produkt\/meguiars-heavy-duty-trim-restoration-kit\/","name":"Meguiar&#039;s Heavy Duty Trim Restoration Kit - De Xenon Koning","isPartOf":{"@id":"https:\/\/xenonkungen.com\/#website"},"primaryImageOfPage":{"@id":"https:\/\/xenonkungen.com\/produkt\/meguiars-heavy-duty-trim-restoration-kit\/#primaryimage"},"image":{"@id":"https:\/\/xenonkungen.com\/produkt\/meguiars-heavy-duty-trim-restoration-kit\/#primaryimage"},"thumbnailUrl":"https:\/\/xenonkungen.com\/wp-content\/uploads\/2025\/07\/G250100_HeavyDutyTrimRestorationKit_Exploded_10x10.png","datePublished":"2025-07-02T06:58:23+00:00","dateModified":"2026-04-24T16:31:35+00:00","breadcrumb":{"@id":"https:\/\/xenonkungen.com\/produkt\/meguiars-heavy-duty-trim-restoration-kit\/#breadcrumb"},"inLanguage":"nl-NL","potentialAction":[{"@type":"ReadAction","target":["https:\/\/xenonkungen.com\/produkt\/meguiars-heavy-duty-trim-restoration-kit\/"]}]},{"@type":"ImageObject","inLanguage":"nl-NL","@id":"https:\/\/xenonkungen.com\/produkt\/meguiars-heavy-duty-trim-restoration-kit\/#primaryimage","url":"https:\/\/xenonkungen.com\/wp-content\/uploads\/2025\/07\/G250100_HeavyDutyTrimRestorationKit_Exploded_10x10.png","contentUrl":"https:\/\/xenonkungen.com\/wp-content\/uploads\/2025\/07\/G250100_HeavyDutyTrimRestorationKit_Exploded_10x10.png","width":2560,"height":2560},{"@type":"BreadcrumbList","@id":"https:\/\/xenonkungen.com\/produkt\/meguiars-heavy-duty-trim-restoration-kit\/#breadcrumb","itemListElement":[{"@type":"ListItem","position":1,"name":"Hem","item":"https:\/\/xenonkungen.com\/"},{"@type":"ListItem","position":2,"name":"Shop","item":"https:\/\/xenonkungen.com\/shop\/"},{"@type":"ListItem","position":3,"name":"Meguiar\u2019s Heavy Duty Trim Restoration Kit"}]},{"@type":"WebSite","@id":"https:\/\/xenonkungen.com\/#website","url":"https:\/\/xenonkungen.com\/","name":"Xenonkungen","description":"","potentialAction":[{"@type":"SearchAction","target":{"@type":"EntryPoint","urlTemplate":"https:\/\/xenonkungen.com\/?s={search_term_string}"},"query-input":{"@type":"PropertyValueSpecification","valueRequired":true,"valueName":"search_term_string"}}],"inLanguage":"nl-NL"}]}},"taxonomy_info":{"product_brand":[{"value":1383,"label":"Meguiar's"}],"product_cat":[{"value":2623,"label":"5 | Underh\u00e5ll"},{"value":2620,"label":"\u00d6vrigt"},{"value":378,"label":"Bilv\u00e5rd"}]},"featured_image_src_large":["https:\/\/xenonkungen.com\/wp-content\/uploads\/2025\/07\/G250100_HeavyDutyTrimRestorationKit_Exploded_10x10-1024x1024.png",1024,1024,true],"author_info":[],"comment_info":0,"_links":{"self":[{"href":"https:\/\/xenonkungen.com\/nl\/wp-json\/wp\/v2\/product\/12030","targetHints":{"allow":["GET"]}}],"collection":[{"href":"https:\/\/xenonkungen.com\/nl\/wp-json\/wp\/v2\/product"}],"about":[{"href":"https:\/\/xenonkungen.com\/nl\/wp-json\/wp\/v2\/types\/product"}],"replies":[{"embeddable":true,"href":"https:\/\/xenonkungen.com\/nl\/wp-json\/wp\/v2\/comments?post=12030"}],"wp:featuredmedia":[{"embeddable":true,"href":"https:\/\/xenonkungen.com\/nl\/wp-json\/wp\/v2\/media\/12031"}],"wp:attachment":[{"href":"https:\/\/xenonkungen.com\/nl\/wp-json\/wp\/v2\/media?parent=12030"}],"wp:term":[{"taxonomy":"anvandningsomrade","embeddable":true,"href":"https:\/\/xenonkungen.com\/nl\/wp-json\/wp\/v2\/anvandningsomrade?post=12030"},{"taxonomy":"bilmarken","embeddable":true,"href":"https:\/\/xenonkungen.com\/nl\/wp-json\/wp\/v2\/bilmarken?post=12030"},{"taxonomy":"product_brand","embeddable":true,"href":"https:\/\/xenonkungen.com\/nl\/wp-json\/wp\/v2\/product_brand?post=12030"},{"taxonomy":"product_cat","embeddable":true,"href":"https:\/\/xenonkungen.com\/nl\/wp-json\/wp\/v2\/product_cat?post=12030"},{"taxonomy":"product_tag","embeddable":true,"href":"https:\/\/xenonkungen.com\/nl\/wp-json\/wp\/v2\/product_tag?post=12030"}],"curies":[{"name":"wp","href":"https:\/\/api.w.org\/{rel}","templated":true}]}}