{"id":12053,"date":"2025-07-02T11:37:50","date_gmt":"2025-07-02T11:37:50","guid":{"rendered":"https:\/\/xenonkungen.com\/?post_type=product&#038;p=12053"},"modified":"2026-03-26T10:55:05","modified_gmt":"2026-03-26T09:55:05","slug":"meguiars-one-solution-koud-ontvettende-extra-1-liter","status":"publish","type":"product","link":"https:\/\/xenonkungen.com\/nl\/product\/meguiars-one-solution-koud-ontvettende-extra-1-liter\/","title":{"rendered":"Meguiar's Eeltontvetter Extra 1L"},"content":{"rendered":"<h2>One Solution Eeltontvetter Extra 1L<\/h2>\n<p><strong>Vlamtomaat<\/strong><br \/>\nKoudontvetter is een emulgerende koudontvetter met een zeer goede oplosbaarheid. Het product heeft extra additieven die de werking verhogen en het product sneller laten werken dan andere laag-aromatische koudontvetters. Geschikt voor het reinigen van voertuigen en machineonderdelen die vervuild zijn met bijvoorbeeld asfalt, teer, vet en dergelijke.<\/p>\n<p><strong>Kenmerken<\/strong><br \/>\nKoudontvetter bevat een effectief emulgatorpakket, waardoor het product een extreem goed vermogen heeft om verschillende oppervlakken te bevochtigen en zo de oplosbaarheid sterk verhoogt. In tegenstelling tot traditionele koudontvetters werkt Koudontvetter Extra ook zeer effectief bij toepassing op natte oppervlakken. Het product is laag-aromatisch, wat betekent dat het slechts een lichte eigen geur heeft, wat resulteert in een betere werkomgeving voor de gebruiker. De emulgerende eigenschap maakt afspoelen met water effectiever.<\/p>\n<p><strong>Oliescheiding<\/strong><br \/>\nHet product scheidt snel af van water.<\/p>\n<p><strong>Gebruiksaanwijzing<\/strong><br \/>\nSpuit op met lage druk en laat een paar minuten intrekken. Daarna afspoelen met water.<\/p>\n<p><strong>Dosering<\/strong><br \/>\nHet product wordt onverdund gebruikt.<\/p>\n<p><strong>Inhoud:<\/strong> 1 L<\/p>\n<h2>Veiligheidsinformatieblad<\/h2>\n<p><a href=\"https:\/\/meguiars.se\/wp-content\/uploads\/2025\/04\/KemhusetABKallavfettningExtra_1.1_39444.pdf\" target=\"_blank\" rel=\"noopener\"><br \/>\nKemhusetABCall ontvettenExtra_1.1_39444 (PDF)<br \/>\n<\/a><\/p>\n<p>&nbsp;<\/p>","protected":false},"excerpt":{"rendered":"<p>Koud ontvetten met extra additieven die het product sneller doen werken. Lage intrinsieke geur, wat resulteert in een betere werkomgeving voor de gebruiker.<\/p>","protected":false},"featured_media":12054,"comment_status":"open","ping_status":"closed","template":"","meta":{"_acf_changed":false,"_smort_price_nok":"84","_smort_price_dkk":"67","_smort_price_eur":"9","_smort_sale_price_nok":"84","_smort_sale_price_dkk":"","_smort_sale_price_eur":"7.18","smort_restorder":"","shipmondo_restorder":"","_kad_blocks_custom_css":"","_kad_blocks_head_custom_js":"","_kad_blocks_body_custom_js":"","_kad_blocks_footer_custom_js":"","smort_custom_pricelist_1":"63.36","smort_custom_pricelist_2":"55.44","smort_custom_pricelist_3":"55.44","smort_custom_pricelist_4":"79.2","smort_custom_pricelist_5":"55.44"},"anvandningsomrade":[],"bilmarken":[],"product_brand":[1383],"product_cat":[2989,2622,378],"product_tag":[],"class_list":{"0":"post-12053","1":"product","2":"type-product","3":"status-publish","4":"has-post-thumbnail","6":"product_brand-meguiars","7":"product_cat-avfettning","8":"product_cat-fortvatt","9":"product_cat-bilvard","11":"first","12":"instock","13":"sale","14":"taxable","15":"shipping-taxable","16":"purchasable","17":"product-type-simple"},"bundled_by":["26306"],"bundle_stock_status":"instock","bundle_stock_quantity":5,"bundle_virtual":false,"bundle_layout":"","bundle_add_to_cart_form_location":"","bundle_editable_in_cart":false,"bundle_sold_individually_context":"","bundle_item_grouping":"","bundle_min_size":"","bundle_max_size":"","bundle_price":[],"bundled_items":[],"bundle_sell_ids":[],"acf":[],"yoast_head":"<!-- This site is optimized with the Yoast SEO plugin v27.0 - https:\/\/yoast.com\/product\/yoast-seo-wordpress\/ -->\n<title>Meguiar&#039;s One Solution Kallavfettning Extra | 1L - Xenonkungen<\/title>\n<meta name=\"robots\" content=\"index, follow, max-snippet:-1, max-image-preview:large, max-video-preview:-1\" \/>\n<link rel=\"canonical\" href=\"https:\/\/xenonkungen.com\/nl\/product\/meguiars-one-solution-koud-ontvettende-extra-1-liter\/\" \/>\n<meta property=\"og:locale\" content=\"nl_NL\" \/>\n<meta property=\"og:type\" content=\"article\" \/>\n<meta property=\"og:title\" content=\"Meguiar&#039;s One Solution Kallavfettning Extra | 1L - Xenonkungen\" \/>\n<meta property=\"og:description\" content=\"Kallavfettning med extra tillsatser som g\u00f6r produkten mer snabbverkande. L\u00e5g egendoft som medf\u00f6r b\u00e4ttre arbetsmilj\u00f6 f\u00f6r anv\u00e4ndaren.\" \/>\n<meta property=\"og:url\" content=\"https:\/\/xenonkungen.com\/nl\/product\/meguiars-one-solution-koud-ontvettende-extra-1-liter\/\" \/>\n<meta property=\"og:site_name\" content=\"Xenonkungen\" \/>\n<meta property=\"article:modified_time\" content=\"2026-03-26T09:55:05+00:00\" \/>\n<meta property=\"og:image\" content=\"https:\/\/xenonkungen.com\/wp-content\/uploads\/2025\/07\/PhotoRoom-20231221_112848_2-e1704790314605.png\" \/>\n\t<meta property=\"og:image:width\" content=\"542\" \/>\n\t<meta property=\"og:image:height\" content=\"1047\" \/>\n\t<meta property=\"og:image:type\" content=\"image\/png\" \/>\n<meta name=\"twitter:card\" content=\"summary_large_image\" \/>\n<meta name=\"twitter:label1\" content=\"Geschatte leestijd\" \/>\n\t<meta name=\"twitter:data1\" content=\"1 minuut\" \/>\n<script type=\"application\/ld+json\" class=\"yoast-schema-graph\">{\"@context\":\"https:\/\/schema.org\",\"@graph\":[{\"@type\":\"WebPage\",\"@id\":\"https:\/\/xenonkungen.com\/produkt\/meguiars-one-solution-kallavfettning-extra-1l\/\",\"url\":\"https:\/\/xenonkungen.com\/produkt\/meguiars-one-solution-kallavfettning-extra-1l\/\",\"name\":\"Meguiar's One Solution Kallavfettning Extra | 1L - Xenonkungen\",\"isPartOf\":{\"@id\":\"https:\/\/xenonkungen.com\/#website\"},\"primaryImageOfPage\":{\"@id\":\"https:\/\/xenonkungen.com\/produkt\/meguiars-one-solution-kallavfettning-extra-1l\/#primaryimage\"},\"image\":{\"@id\":\"https:\/\/xenonkungen.com\/produkt\/meguiars-one-solution-kallavfettning-extra-1l\/#primaryimage\"},\"thumbnailUrl\":\"https:\/\/xenonkungen.com\/wp-content\/uploads\/2025\/07\/PhotoRoom-20231221_112848_2-e1704790314605.png\",\"datePublished\":\"2025-07-02T11:37:50+00:00\",\"dateModified\":\"2026-03-26T09:55:05+00:00\",\"breadcrumb\":{\"@id\":\"https:\/\/xenonkungen.com\/produkt\/meguiars-one-solution-kallavfettning-extra-1l\/#breadcrumb\"},\"inLanguage\":\"nl-NL\",\"potentialAction\":[{\"@type\":\"ReadAction\",\"target\":[\"https:\/\/xenonkungen.com\/produkt\/meguiars-one-solution-kallavfettning-extra-1l\/\"]}]},{\"@type\":\"ImageObject\",\"inLanguage\":\"nl-NL\",\"@id\":\"https:\/\/xenonkungen.com\/produkt\/meguiars-one-solution-kallavfettning-extra-1l\/#primaryimage\",\"url\":\"https:\/\/xenonkungen.com\/wp-content\/uploads\/2025\/07\/PhotoRoom-20231221_112848_2-e1704790314605.png\",\"contentUrl\":\"https:\/\/xenonkungen.com\/wp-content\/uploads\/2025\/07\/PhotoRoom-20231221_112848_2-e1704790314605.png\",\"width\":542,\"height\":1047},{\"@type\":\"BreadcrumbList\",\"@id\":\"https:\/\/xenonkungen.com\/produkt\/meguiars-one-solution-kallavfettning-extra-1l\/#breadcrumb\",\"itemListElement\":[{\"@type\":\"ListItem\",\"position\":1,\"name\":\"Hem\",\"item\":\"https:\/\/xenonkungen.com\/\"},{\"@type\":\"ListItem\",\"position\":2,\"name\":\"Shop\",\"item\":\"https:\/\/xenonkungen.com\/shop\/\"},{\"@type\":\"ListItem\",\"position\":3,\"name\":\"Meguiar&#8217;s One Solution Kallavfettning Extra | 1L\"}]},{\"@type\":\"WebSite\",\"@id\":\"https:\/\/xenonkungen.com\/#website\",\"url\":\"https:\/\/xenonkungen.com\/\",\"name\":\"Xenonkungen\",\"description\":\"\",\"potentialAction\":[{\"@type\":\"SearchAction\",\"target\":{\"@type\":\"EntryPoint\",\"urlTemplate\":\"https:\/\/xenonkungen.com\/?s={search_term_string}\"},\"query-input\":{\"@type\":\"PropertyValueSpecification\",\"valueRequired\":true,\"valueName\":\"search_term_string\"}}],\"inLanguage\":\"nl-NL\"}]}<\/script>\n<!-- \/ Yoast SEO plugin. -->","yoast_head_json":{"title":"Meguiar&#039;s One Solution Cold Degreasing Extra | 1L - Xenonkungen","robots":{"index":"index","follow":"follow","max-snippet":"max-snippet:-1","max-image-preview":"max-image-preview:large","max-video-preview":"max-video-preview:-1"},"canonical":"https:\/\/xenonkungen.com\/nl\/product\/meguiars-one-solution-koud-ontvettende-extra-1-liter\/","og_locale":"nl_NL","og_type":"article","og_title":"Meguiar's One Solution Kallavfettning Extra | 1L - Xenonkungen","og_description":"Kallavfettning med extra tillsatser som g\u00f6r produkten mer snabbverkande. L\u00e5g egendoft som medf\u00f6r b\u00e4ttre arbetsmilj\u00f6 f\u00f6r anv\u00e4ndaren.","og_url":"https:\/\/xenonkungen.com\/nl\/product\/meguiars-one-solution-koud-ontvettende-extra-1-liter\/","og_site_name":"Xenonkungen","article_modified_time":"2026-03-26T09:55:05+00:00","og_image":[{"width":542,"height":1047,"url":"https:\/\/xenonkungen.com\/wp-content\/uploads\/2025\/07\/PhotoRoom-20231221_112848_2-e1704790314605.png","type":"image\/png"}],"twitter_card":"summary_large_image","twitter_misc":{"Geschatte leestijd":"1 minuut"},"schema":{"@context":"https:\/\/schema.org","@graph":[{"@type":"WebPage","@id":"https:\/\/xenonkungen.com\/produkt\/meguiars-one-solution-kallavfettning-extra-1l\/","url":"https:\/\/xenonkungen.com\/produkt\/meguiars-one-solution-kallavfettning-extra-1l\/","name":"Meguiar&#039;s One Solution Cold Degreasing Extra | 1L - Xenonkungen","isPartOf":{"@id":"https:\/\/xenonkungen.com\/#website"},"primaryImageOfPage":{"@id":"https:\/\/xenonkungen.com\/produkt\/meguiars-one-solution-kallavfettning-extra-1l\/#primaryimage"},"image":{"@id":"https:\/\/xenonkungen.com\/produkt\/meguiars-one-solution-kallavfettning-extra-1l\/#primaryimage"},"thumbnailUrl":"https:\/\/xenonkungen.com\/wp-content\/uploads\/2025\/07\/PhotoRoom-20231221_112848_2-e1704790314605.png","datePublished":"2025-07-02T11:37:50+00:00","dateModified":"2026-03-26T09:55:05+00:00","breadcrumb":{"@id":"https:\/\/xenonkungen.com\/produkt\/meguiars-one-solution-kallavfettning-extra-1l\/#breadcrumb"},"inLanguage":"nl-NL","potentialAction":[{"@type":"ReadAction","target":["https:\/\/xenonkungen.com\/produkt\/meguiars-one-solution-kallavfettning-extra-1l\/"]}]},{"@type":"ImageObject","inLanguage":"nl-NL","@id":"https:\/\/xenonkungen.com\/produkt\/meguiars-one-solution-kallavfettning-extra-1l\/#primaryimage","url":"https:\/\/xenonkungen.com\/wp-content\/uploads\/2025\/07\/PhotoRoom-20231221_112848_2-e1704790314605.png","contentUrl":"https:\/\/xenonkungen.com\/wp-content\/uploads\/2025\/07\/PhotoRoom-20231221_112848_2-e1704790314605.png","width":542,"height":1047},{"@type":"BreadcrumbList","@id":"https:\/\/xenonkungen.com\/produkt\/meguiars-one-solution-kallavfettning-extra-1l\/#breadcrumb","itemListElement":[{"@type":"ListItem","position":1,"name":"Hem","item":"https:\/\/xenonkungen.com\/"},{"@type":"ListItem","position":2,"name":"Shop","item":"https:\/\/xenonkungen.com\/shop\/"},{"@type":"ListItem","position":3,"name":"Meguiar&#8217;s One Solution Kallavfettning Extra | 1L"}]},{"@type":"WebSite","@id":"https:\/\/xenonkungen.com\/#website","url":"https:\/\/xenonkungen.com\/","name":"Xenonkungen","description":"","potentialAction":[{"@type":"SearchAction","target":{"@type":"EntryPoint","urlTemplate":"https:\/\/xenonkungen.com\/?s={search_term_string}"},"query-input":{"@type":"PropertyValueSpecification","valueRequired":true,"valueName":"search_term_string"}}],"inLanguage":"nl-NL"}]}},"taxonomy_info":{"product_brand":[{"value":1383,"label":"Meguiar's"}],"product_cat":[{"value":2989,"label":"2 | Avfettning"},{"value":2622,"label":"F\u00f6rtv\u00e4tt"},{"value":378,"label":"Bilv\u00e5rd"}]},"featured_image_src_large":["https:\/\/xenonkungen.com\/wp-content\/uploads\/2025\/07\/PhotoRoom-20231221_112848_2-e1704790314605-530x1024.png",530,1024,true],"author_info":[],"comment_info":0,"_links":{"self":[{"href":"https:\/\/xenonkungen.com\/nl\/wp-json\/wp\/v2\/product\/12053","targetHints":{"allow":["GET"]}}],"collection":[{"href":"https:\/\/xenonkungen.com\/nl\/wp-json\/wp\/v2\/product"}],"about":[{"href":"https:\/\/xenonkungen.com\/nl\/wp-json\/wp\/v2\/types\/product"}],"replies":[{"embeddable":true,"href":"https:\/\/xenonkungen.com\/nl\/wp-json\/wp\/v2\/comments?post=12053"}],"wp:featuredmedia":[{"embeddable":true,"href":"https:\/\/xenonkungen.com\/nl\/wp-json\/wp\/v2\/media\/12054"}],"wp:attachment":[{"href":"https:\/\/xenonkungen.com\/nl\/wp-json\/wp\/v2\/media?parent=12053"}],"wp:term":[{"taxonomy":"anvandningsomrade","embeddable":true,"href":"https:\/\/xenonkungen.com\/nl\/wp-json\/wp\/v2\/anvandningsomrade?post=12053"},{"taxonomy":"bilmarken","embeddable":true,"href":"https:\/\/xenonkungen.com\/nl\/wp-json\/wp\/v2\/bilmarken?post=12053"},{"taxonomy":"product_brand","embeddable":true,"href":"https:\/\/xenonkungen.com\/nl\/wp-json\/wp\/v2\/product_brand?post=12053"},{"taxonomy":"product_cat","embeddable":true,"href":"https:\/\/xenonkungen.com\/nl\/wp-json\/wp\/v2\/product_cat?post=12053"},{"taxonomy":"product_tag","embeddable":true,"href":"https:\/\/xenonkungen.com\/nl\/wp-json\/wp\/v2\/product_tag?post=12053"}],"curies":[{"name":"wp","href":"https:\/\/api.w.org\/{rel}","templated":true}]}}