{"id":12085,"date":"2025-07-04T12:57:56","date_gmt":"2025-07-04T12:57:56","guid":{"rendered":"https:\/\/xenonkungen.com\/?post_type=product&#038;p=12085"},"modified":"2026-04-11T00:33:42","modified_gmt":"2026-04-10T23:33:42","slug":"airpods-houder-jowua","status":"publish","type":"product","link":"https:\/\/xenonkungen.com\/nl\/product\/airpods-houder-jowua\/","title":{"rendered":"Jowua AirPods-houder"},"content":{"rendered":"<section>\n<h2>Draadloze oplader voor AirPods \u2013 Perfect voor Tesla<\/h2>\n<p>Laad je AirPods of AirPods Pro gemakkelijk op in je auto! Deze draadloze oplader is perfect voor wie al draadloos kan opladen in zijn Tesla en zijn koptelefoon bij de hand wil houden \u2013 of je nu onderweg bent naar je werk of een lange reis maakt.<\/p>\n<p>De houder is zo ontworpen dat hij past <strong>alle generaties AirPods-hoesjes<\/strong> \u2013 ook met het oog op toekomstige modellen. Een slimme oplossing voor orde en functionaliteit in uw cabine.<\/p>\n<h3>Dit omvat:<\/h3>\n<ul>\n<li>1 x draadloze AirPods-oplader<\/li>\n<\/ul>\n<h3>Compatibel met:<\/h3>\n<ul>\n<li>Tesla Model S<\/li>\n<li>Tesla Model 3<\/li>\n<li>Tesla Model X<\/li>\n<li>Tesla Model Y<\/li>\n<\/ul>\n<p><strong>Eenvoudig, stijlvol en functioneel: maak het opladen van uw AirPods een vanzelfsprekend onderdeel van het interieur van uw auto.<\/strong><\/p>\n<\/section>","protected":false},"excerpt":{"rendered":"<p>Tr\u00e5dl\u00f6s laddare f\u00f6r AirPods \u2013 Perfekt f\u00f6r Tesla Ladda dina AirPods eller AirPods Pro smidigt direkt i bilen! Denna tr\u00e5dl\u00f6sa laddare \u00e4r perfekt f\u00f6r dig som redan har tr\u00e5dl\u00f6s laddning i din Tesla och vill h\u00e5lla dina h\u00f6rlurar redo \u2013 oavsett om du \u00e4r p\u00e5 v\u00e4g till jobbet eller en l\u00e5ngresa. H\u00e5llaren \u00e4r designad f\u00f6r [&hellip;]<\/p>","protected":false},"featured_media":12091,"comment_status":"open","ping_status":"closed","template":"","meta":{"_acf_changed":false,"_smort_price_nok":"65","_smort_price_dkk":"132","_smort_price_eur":"17.73","_smort_sale_price_nok":"65","_smort_sale_price_dkk":"","_smort_sale_price_eur":"","smort_restorder":"","shipmondo_restorder":"","_kad_blocks_custom_css":"","_kad_blocks_head_custom_js":"","_kad_blocks_body_custom_js":"","_kad_blocks_footer_custom_js":"","smort_custom_pricelist_1":"156","smort_custom_pricelist_2":"156","smort_custom_pricelist_3":"156","smort_custom_pricelist_4":"156","smort_custom_pricelist_5":"156"},"anvandningsomrade":[],"bilmarken":[],"product_brand":[2792,117],"product_cat":[16],"product_tag":[],"class_list":{"0":"post-12085","1":"product","2":"type-product","3":"status-publish","4":"has-post-thumbnail","6":"product_brand-tesla","7":"product_brand-xenonkungen","8":"product_cat-uncategorized","10":"first","11":"instock","12":"taxable","13":"shipping-taxable","14":"purchasable","15":"product-type-simple"},"bundled_by":[],"bundle_stock_status":"instock","bundle_stock_quantity":1,"bundle_virtual":false,"bundle_layout":"","bundle_add_to_cart_form_location":"","bundle_editable_in_cart":false,"bundle_sold_individually_context":"","bundle_item_grouping":"","bundle_min_size":"","bundle_max_size":"","bundle_price":[],"bundled_items":[],"bundle_sell_ids":[],"acf":[],"yoast_head":"<!-- This site is optimized with the Yoast SEO plugin v27.0 - https:\/\/yoast.com\/product\/yoast-seo-wordpress\/ -->\n<title>AirPods h\u00e5llare Jowua - Xenonkungen<\/title>\n<meta name=\"robots\" content=\"index, follow, max-snippet:-1, max-image-preview:large, max-video-preview:-1\" \/>\n<link rel=\"canonical\" href=\"https:\/\/xenonkungen.com\/nl\/product\/airpods-houder-jowua\/\" \/>\n<meta property=\"og:locale\" content=\"nl_NL\" \/>\n<meta property=\"og:type\" content=\"article\" \/>\n<meta property=\"og:title\" content=\"AirPods h\u00e5llare Jowua - Xenonkungen\" \/>\n<meta property=\"og:description\" content=\"Tr\u00e5dl\u00f6s laddare f\u00f6r AirPods \u2013 Perfekt f\u00f6r Tesla Ladda dina AirPods eller AirPods Pro smidigt direkt i bilen! Denna tr\u00e5dl\u00f6sa laddare \u00e4r perfekt f\u00f6r dig som redan har tr\u00e5dl\u00f6s laddning i din Tesla och vill h\u00e5lla dina h\u00f6rlurar redo \u2013 oavsett om du \u00e4r p\u00e5 v\u00e4g till jobbet eller en l\u00e5ngresa. H\u00e5llaren \u00e4r designad f\u00f6r [&hellip;]\" \/>\n<meta property=\"og:url\" content=\"https:\/\/xenonkungen.com\/nl\/product\/airpods-houder-jowua\/\" \/>\n<meta property=\"og:site_name\" content=\"Xenonkungen\" \/>\n<meta property=\"article:modified_time\" content=\"2026-04-10T23:33:42+00:00\" \/>\n<meta property=\"og:image\" content=\"https:\/\/xenonkungen.com\/wp-content\/uploads\/2025\/07\/image_99ba141f-2c78-482f-88ff-05ae734bdc25.webp\" \/>\n\t<meta property=\"og:image:width\" content=\"493\" \/>\n\t<meta property=\"og:image:height\" content=\"329\" \/>\n\t<meta property=\"og:image:type\" content=\"image\/webp\" \/>\n<meta name=\"twitter:card\" content=\"summary_large_image\" \/>\n<meta name=\"twitter:label1\" content=\"Geschatte leestijd\" \/>\n\t<meta name=\"twitter:data1\" content=\"1 minuut\" \/>\n<script type=\"application\/ld+json\" class=\"yoast-schema-graph\">{\"@context\":\"https:\/\/schema.org\",\"@graph\":[{\"@type\":\"WebPage\",\"@id\":\"https:\/\/xenonkungen.com\/produkt\/airpods-hallare-jowua\/\",\"url\":\"https:\/\/xenonkungen.com\/produkt\/airpods-hallare-jowua\/\",\"name\":\"AirPods h\u00e5llare Jowua - Xenonkungen\",\"isPartOf\":{\"@id\":\"https:\/\/xenonkungen.com\/#website\"},\"primaryImageOfPage\":{\"@id\":\"https:\/\/xenonkungen.com\/produkt\/airpods-hallare-jowua\/#primaryimage\"},\"image\":{\"@id\":\"https:\/\/xenonkungen.com\/produkt\/airpods-hallare-jowua\/#primaryimage\"},\"thumbnailUrl\":\"https:\/\/xenonkungen.com\/wp-content\/uploads\/2025\/07\/image_99ba141f-2c78-482f-88ff-05ae734bdc25.webp\",\"datePublished\":\"2025-07-04T12:57:56+00:00\",\"dateModified\":\"2026-04-10T23:33:42+00:00\",\"breadcrumb\":{\"@id\":\"https:\/\/xenonkungen.com\/produkt\/airpods-hallare-jowua\/#breadcrumb\"},\"inLanguage\":\"nl-NL\",\"potentialAction\":[{\"@type\":\"ReadAction\",\"target\":[\"https:\/\/xenonkungen.com\/produkt\/airpods-hallare-jowua\/\"]}]},{\"@type\":\"ImageObject\",\"inLanguage\":\"nl-NL\",\"@id\":\"https:\/\/xenonkungen.com\/produkt\/airpods-hallare-jowua\/#primaryimage\",\"url\":\"https:\/\/xenonkungen.com\/wp-content\/uploads\/2025\/07\/image_99ba141f-2c78-482f-88ff-05ae734bdc25.webp\",\"contentUrl\":\"https:\/\/xenonkungen.com\/wp-content\/uploads\/2025\/07\/image_99ba141f-2c78-482f-88ff-05ae734bdc25.webp\",\"width\":493,\"height\":329},{\"@type\":\"BreadcrumbList\",\"@id\":\"https:\/\/xenonkungen.com\/produkt\/airpods-hallare-jowua\/#breadcrumb\",\"itemListElement\":[{\"@type\":\"ListItem\",\"position\":1,\"name\":\"Hem\",\"item\":\"https:\/\/xenonkungen.com\/\"},{\"@type\":\"ListItem\",\"position\":2,\"name\":\"Shop\",\"item\":\"https:\/\/xenonkungen.com\/shop\/\"},{\"@type\":\"ListItem\",\"position\":3,\"name\":\"AirPods h\u00e5llare Jowua\"}]},{\"@type\":\"WebSite\",\"@id\":\"https:\/\/xenonkungen.com\/#website\",\"url\":\"https:\/\/xenonkungen.com\/\",\"name\":\"Xenonkungen\",\"description\":\"\",\"potentialAction\":[{\"@type\":\"SearchAction\",\"target\":{\"@type\":\"EntryPoint\",\"urlTemplate\":\"https:\/\/xenonkungen.com\/?s={search_term_string}\"},\"query-input\":{\"@type\":\"PropertyValueSpecification\",\"valueRequired\":true,\"valueName\":\"search_term_string\"}}],\"inLanguage\":\"nl-NL\"}]}<\/script>\n<!-- \/ Yoast SEO plugin. -->","yoast_head_json":{"title":"AirPods-houder Jowua - Xenonkungen","robots":{"index":"index","follow":"follow","max-snippet":"max-snippet:-1","max-image-preview":"max-image-preview:large","max-video-preview":"max-video-preview:-1"},"canonical":"https:\/\/xenonkungen.com\/nl\/product\/airpods-houder-jowua\/","og_locale":"nl_NL","og_type":"article","og_title":"AirPods h\u00e5llare Jowua - Xenonkungen","og_description":"Tr\u00e5dl\u00f6s laddare f\u00f6r AirPods \u2013 Perfekt f\u00f6r Tesla Ladda dina AirPods eller AirPods Pro smidigt direkt i bilen! Denna tr\u00e5dl\u00f6sa laddare \u00e4r perfekt f\u00f6r dig som redan har tr\u00e5dl\u00f6s laddning i din Tesla och vill h\u00e5lla dina h\u00f6rlurar redo \u2013 oavsett om du \u00e4r p\u00e5 v\u00e4g till jobbet eller en l\u00e5ngresa. H\u00e5llaren \u00e4r designad f\u00f6r [&hellip;]","og_url":"https:\/\/xenonkungen.com\/nl\/product\/airpods-houder-jowua\/","og_site_name":"Xenonkungen","article_modified_time":"2026-04-10T23:33:42+00:00","og_image":[{"width":493,"height":329,"url":"https:\/\/xenonkungen.com\/wp-content\/uploads\/2025\/07\/image_99ba141f-2c78-482f-88ff-05ae734bdc25.webp","type":"image\/webp"}],"twitter_card":"summary_large_image","twitter_misc":{"Geschatte leestijd":"1 minuut"},"schema":{"@context":"https:\/\/schema.org","@graph":[{"@type":"WebPage","@id":"https:\/\/xenonkungen.com\/produkt\/airpods-hallare-jowua\/","url":"https:\/\/xenonkungen.com\/produkt\/airpods-hallare-jowua\/","name":"AirPods-houder Jowua - Xenonkungen","isPartOf":{"@id":"https:\/\/xenonkungen.com\/#website"},"primaryImageOfPage":{"@id":"https:\/\/xenonkungen.com\/produkt\/airpods-hallare-jowua\/#primaryimage"},"image":{"@id":"https:\/\/xenonkungen.com\/produkt\/airpods-hallare-jowua\/#primaryimage"},"thumbnailUrl":"https:\/\/xenonkungen.com\/wp-content\/uploads\/2025\/07\/image_99ba141f-2c78-482f-88ff-05ae734bdc25.webp","datePublished":"2025-07-04T12:57:56+00:00","dateModified":"2026-04-10T23:33:42+00:00","breadcrumb":{"@id":"https:\/\/xenonkungen.com\/produkt\/airpods-hallare-jowua\/#breadcrumb"},"inLanguage":"nl-NL","potentialAction":[{"@type":"ReadAction","target":["https:\/\/xenonkungen.com\/produkt\/airpods-hallare-jowua\/"]}]},{"@type":"ImageObject","inLanguage":"nl-NL","@id":"https:\/\/xenonkungen.com\/produkt\/airpods-hallare-jowua\/#primaryimage","url":"https:\/\/xenonkungen.com\/wp-content\/uploads\/2025\/07\/image_99ba141f-2c78-482f-88ff-05ae734bdc25.webp","contentUrl":"https:\/\/xenonkungen.com\/wp-content\/uploads\/2025\/07\/image_99ba141f-2c78-482f-88ff-05ae734bdc25.webp","width":493,"height":329},{"@type":"BreadcrumbList","@id":"https:\/\/xenonkungen.com\/produkt\/airpods-hallare-jowua\/#breadcrumb","itemListElement":[{"@type":"ListItem","position":1,"name":"Hem","item":"https:\/\/xenonkungen.com\/"},{"@type":"ListItem","position":2,"name":"Shop","item":"https:\/\/xenonkungen.com\/shop\/"},{"@type":"ListItem","position":3,"name":"AirPods h\u00e5llare Jowua"}]},{"@type":"WebSite","@id":"https:\/\/xenonkungen.com\/#website","url":"https:\/\/xenonkungen.com\/","name":"Xenonkungen","description":"","potentialAction":[{"@type":"SearchAction","target":{"@type":"EntryPoint","urlTemplate":"https:\/\/xenonkungen.com\/?s={search_term_string}"},"query-input":{"@type":"PropertyValueSpecification","valueRequired":true,"valueName":"search_term_string"}}],"inLanguage":"nl-NL"}]}},"taxonomy_info":{"product_brand":[{"value":2792,"label":"TESLA"},{"value":117,"label":"Xenonkungen"}],"product_cat":[{"value":16,"label":"Uncategorized"}]},"featured_image_src_large":["https:\/\/xenonkungen.com\/wp-content\/uploads\/2025\/07\/image_99ba141f-2c78-482f-88ff-05ae734bdc25.webp",493,329,false],"author_info":[],"comment_info":0,"_links":{"self":[{"href":"https:\/\/xenonkungen.com\/nl\/wp-json\/wp\/v2\/product\/12085","targetHints":{"allow":["GET"]}}],"collection":[{"href":"https:\/\/xenonkungen.com\/nl\/wp-json\/wp\/v2\/product"}],"about":[{"href":"https:\/\/xenonkungen.com\/nl\/wp-json\/wp\/v2\/types\/product"}],"replies":[{"embeddable":true,"href":"https:\/\/xenonkungen.com\/nl\/wp-json\/wp\/v2\/comments?post=12085"}],"wp:featuredmedia":[{"embeddable":true,"href":"https:\/\/xenonkungen.com\/nl\/wp-json\/wp\/v2\/media\/12091"}],"wp:attachment":[{"href":"https:\/\/xenonkungen.com\/nl\/wp-json\/wp\/v2\/media?parent=12085"}],"wp:term":[{"taxonomy":"anvandningsomrade","embeddable":true,"href":"https:\/\/xenonkungen.com\/nl\/wp-json\/wp\/v2\/anvandningsomrade?post=12085"},{"taxonomy":"bilmarken","embeddable":true,"href":"https:\/\/xenonkungen.com\/nl\/wp-json\/wp\/v2\/bilmarken?post=12085"},{"taxonomy":"product_brand","embeddable":true,"href":"https:\/\/xenonkungen.com\/nl\/wp-json\/wp\/v2\/product_brand?post=12085"},{"taxonomy":"product_cat","embeddable":true,"href":"https:\/\/xenonkungen.com\/nl\/wp-json\/wp\/v2\/product_cat?post=12085"},{"taxonomy":"product_tag","embeddable":true,"href":"https:\/\/xenonkungen.com\/nl\/wp-json\/wp\/v2\/product_tag?post=12085"}],"curies":[{"name":"wp","href":"https:\/\/api.w.org\/{rel}","templated":true}]}}