{"id":1230,"date":"2025-04-15T08:01:28","date_gmt":"2025-04-15T08:01:28","guid":{"rendered":"https:\/\/xenonkungen.com\/product\/rorfaste-32mm\/"},"modified":"2026-04-11T00:13:04","modified_gmt":"2026-04-10T23:13:04","slug":"roerbevestiging-32-mm","status":"publish","type":"product","link":"https:\/\/xenonkungen.com\/nl\/product\/roerbevestiging-32-mm\/","title":{"rendered":"Pijpbeugel 32mm"},"content":{"rendered":"<h1>Buisbeugel voor de montage van werklampen, extra lampen, LED-oprijplaten, etc.!<\/h1>\n<p>Ben je op zoek naar een pijpbeugel? Hier is een beugel waarvoor je niet hoeft te boren, maar die je eenvoudig vastklemt met de meegeleverde schroeven. Dit minimaliseert de impact op je machine en maakt meerdere installatiemogelijkheden mogelijk.<br \/>De buisbevestiging is universeel, zorg ervoor dat je de extra lichtvoet correct afstelt om het best mogelijke lichtbeeld te krijgen.<\/p>\n<p>Deze pijpbeugel is voor het monteren van extra lampen, LED-helmen, werklampen, enz. op pijpen zoals voorbogen, rolbeugels, sturen, enz. <\/p>\n<p>Eenvoudige installatie zonder andere add-ons.<\/p>\n<p>Onze pijpbeugel heeft een dubbele zwarte poedercoating en is gemaakt van aluminium, dat bestand moet zijn tegen al onze zware omstandigheden.<\/p>\n<p><strong>Goed om te weten<\/strong><br \/>De afmetingen van de pijpbeugel.<br \/>Binnenmaat zonder beschermrubber: 32 mm<br \/>Gat voor montage lamp (groot): 8mm<br \/>Het gat voor het monteren van de lamp (klein): 6 mm<\/p>\n<p>Onze pijpbeugel heeft een eigen serie waarbij verschillende maten beschikbaar zijn voor verschillende doeleinden, zie tabblad 'installatiematerialen'.<\/p>\n<p><strong>Inhoud levering<\/strong><br \/>2 buisklemmen<br \/>4st Schroeven<br \/>2 stuks Borgringen<br \/>2 stuks moer<br \/>2st Beschermend rubber<br \/>2 inbussleutels.<\/p>\n<p><strong>Garantie<\/strong><br \/>1 jaar<\/p>","protected":false},"excerpt":{"rendered":"<p>Draaibare buisbeugel voor de montage van werklampen, extra lampen, LED-oprijplaten, etc.!<\/p>\n<p>Deze beugel is uitermate geschikt voor montage op motoren, dakdragers en andere buizen met een kleine diameter.<\/p>","protected":false},"featured_media":1231,"comment_status":"closed","ping_status":"open","template":"","meta":{"_acf_changed":false,"_smort_price_nok":"176","_smort_price_dkk":"112","_smort_price_eur":"15","_smort_sale_price_nok":"","_smort_sale_price_dkk":"","_smort_sale_price_eur":"","smort_restorder":"","shipmondo_restorder":"","_kad_blocks_custom_css":"","_kad_blocks_head_custom_js":"","_kad_blocks_body_custom_js":"","_kad_blocks_footer_custom_js":"","smort_custom_pricelist_1":"105.6","smort_custom_pricelist_2":"92.4","smort_custom_pricelist_3":"87.78","smort_custom_pricelist_4":"132","smort_custom_pricelist_5":"92.4"},"anvandningsomrade":[],"bilmarken":[],"product_brand":[117],"product_cat":[2841,2460,390],"product_tag":[],"class_list":{"0":"post-1230","1":"product","2":"type-product","3":"status-publish","4":"has-post-thumbnail","6":"product_brand-xenonkungen","7":"product_cat-installation-extraljus","8":"product_cat-klamfasten","9":"product_cat-installation","10":"pa_storlek-mm-389","12":"first","13":"instock","14":"taxable","15":"shipping-taxable","16":"purchasable","17":"product-type-simple"},"bundled_by":[],"bundle_stock_status":"instock","bundle_stock_quantity":27,"bundle_virtual":false,"bundle_layout":"","bundle_add_to_cart_form_location":"","bundle_editable_in_cart":false,"bundle_sold_individually_context":"","bundle_item_grouping":"","bundle_min_size":"","bundle_max_size":"","bundle_price":[],"bundled_items":[],"bundle_sell_ids":[],"acf":[],"yoast_head":"<!-- This site is optimized with the Yoast SEO plugin v27.0 - https:\/\/yoast.com\/product\/yoast-seo-wordpress\/ -->\n<title>R\u00f6rf\u00e4ste 32mm - Xenonkungen<\/title>\n<meta name=\"robots\" content=\"index, follow, max-snippet:-1, max-image-preview:large, max-video-preview:-1\" \/>\n<link rel=\"canonical\" href=\"https:\/\/xenonkungen.com\/nl\/product\/roerbevestiging-32-mm\/\" \/>\n<meta property=\"og:locale\" content=\"nl_NL\" \/>\n<meta property=\"og:type\" content=\"article\" \/>\n<meta property=\"og:title\" content=\"R\u00f6rf\u00e4ste 32mm - Xenonkungen\" \/>\n<meta property=\"og:description\" content=\"Vridbart r\u00f6rf\u00e4ste f\u00f6r montering av Arbetsljus, extraljus, ledramper mm! Detta f\u00e4ste passar bra f\u00f6r montering p\u00e5 motorcykel, takr\u00e4cke och andra r\u00f6r med liten diameter.\" \/>\n<meta property=\"og:url\" content=\"https:\/\/xenonkungen.com\/nl\/product\/roerbevestiging-32-mm\/\" \/>\n<meta property=\"og:site_name\" content=\"Xenonkungen\" \/>\n<meta property=\"article:modified_time\" content=\"2026-04-10T23:13:04+00:00\" \/>\n<meta property=\"og:image\" content=\"https:\/\/xenonkungen.com\/wp-content\/uploads\/2025\/04\/162631783-origpic-9bdc7f.png\" \/>\n\t<meta property=\"og:image:width\" content=\"1000\" \/>\n\t<meta property=\"og:image:height\" content=\"617\" \/>\n\t<meta property=\"og:image:type\" content=\"image\/png\" \/>\n<meta name=\"twitter:card\" content=\"summary_large_image\" \/>\n<meta name=\"twitter:label1\" content=\"Geschatte leestijd\" \/>\n\t<meta name=\"twitter:data1\" content=\"1 minuut\" \/>\n<script type=\"application\/ld+json\" class=\"yoast-schema-graph\">{\"@context\":\"https:\/\/schema.org\",\"@graph\":[{\"@type\":\"WebPage\",\"@id\":\"https:\/\/xenonkungen.com\/nl\/product\/rorfaste-32mm\/\",\"url\":\"https:\/\/xenonkungen.com\/nl\/product\/rorfaste-32mm\/\",\"name\":\"R\u00f6rf\u00e4ste 32mm - Xenonkungen\",\"isPartOf\":{\"@id\":\"https:\/\/xenonkungen.com\/#website\"},\"primaryImageOfPage\":{\"@id\":\"https:\/\/xenonkungen.com\/nl\/product\/rorfaste-32mm\/#primaryimage\"},\"image\":{\"@id\":\"https:\/\/xenonkungen.com\/nl\/product\/rorfaste-32mm\/#primaryimage\"},\"thumbnailUrl\":\"https:\/\/xenonkungen.com\/wp-content\/uploads\/2025\/04\/162631783-origpic-9bdc7f.png\",\"datePublished\":\"2025-04-15T08:01:28+00:00\",\"dateModified\":\"2026-04-10T23:13:04+00:00\",\"breadcrumb\":{\"@id\":\"https:\/\/xenonkungen.com\/nl\/product\/rorfaste-32mm\/#breadcrumb\"},\"inLanguage\":\"nl-NL\",\"potentialAction\":[{\"@type\":\"ReadAction\",\"target\":[\"https:\/\/xenonkungen.com\/nl\/product\/rorfaste-32mm\/\"]}]},{\"@type\":\"ImageObject\",\"inLanguage\":\"nl-NL\",\"@id\":\"https:\/\/xenonkungen.com\/nl\/product\/rorfaste-32mm\/#primaryimage\",\"url\":\"https:\/\/xenonkungen.com\/wp-content\/uploads\/2025\/04\/162631783-origpic-9bdc7f.png\",\"contentUrl\":\"https:\/\/xenonkungen.com\/wp-content\/uploads\/2025\/04\/162631783-origpic-9bdc7f.png\",\"width\":1000,\"height\":617},{\"@type\":\"BreadcrumbList\",\"@id\":\"https:\/\/xenonkungen.com\/nl\/product\/rorfaste-32mm\/#breadcrumb\",\"itemListElement\":[{\"@type\":\"ListItem\",\"position\":1,\"name\":\"Hem\",\"item\":\"https:\/\/xenonkungen.com\/\"},{\"@type\":\"ListItem\",\"position\":2,\"name\":\"Shop\",\"item\":\"https:\/\/xenonkungen.com\/shop\/\"},{\"@type\":\"ListItem\",\"position\":3,\"name\":\"R\u00f6rf\u00e4ste 32mm\"}]},{\"@type\":\"WebSite\",\"@id\":\"https:\/\/xenonkungen.com\/#website\",\"url\":\"https:\/\/xenonkungen.com\/\",\"name\":\"Xenonkungen\",\"description\":\"\",\"potentialAction\":[{\"@type\":\"SearchAction\",\"target\":{\"@type\":\"EntryPoint\",\"urlTemplate\":\"https:\/\/xenonkungen.com\/?s={search_term_string}\"},\"query-input\":{\"@type\":\"PropertyValueSpecification\",\"valueRequired\":true,\"valueName\":\"search_term_string\"}}],\"inLanguage\":\"nl-NL\"}]}<\/script>\n<!-- \/ Yoast SEO plugin. -->","yoast_head_json":{"title":"Buisbeugel 32 mm - Xenonkungen","robots":{"index":"index","follow":"follow","max-snippet":"max-snippet:-1","max-image-preview":"max-image-preview:large","max-video-preview":"max-video-preview:-1"},"canonical":"https:\/\/xenonkungen.com\/nl\/product\/roerbevestiging-32-mm\/","og_locale":"nl_NL","og_type":"article","og_title":"R\u00f6rf\u00e4ste 32mm - Xenonkungen","og_description":"Vridbart r\u00f6rf\u00e4ste f\u00f6r montering av Arbetsljus, extraljus, ledramper mm! Detta f\u00e4ste passar bra f\u00f6r montering p\u00e5 motorcykel, takr\u00e4cke och andra r\u00f6r med liten diameter.","og_url":"https:\/\/xenonkungen.com\/nl\/product\/roerbevestiging-32-mm\/","og_site_name":"Xenonkungen","article_modified_time":"2026-04-10T23:13:04+00:00","og_image":[{"width":1000,"height":617,"url":"https:\/\/xenonkungen.com\/wp-content\/uploads\/2025\/04\/162631783-origpic-9bdc7f.png","type":"image\/png"}],"twitter_card":"summary_large_image","twitter_misc":{"Geschatte leestijd":"1 minuut"},"schema":{"@context":"https:\/\/schema.org","@graph":[{"@type":"WebPage","@id":"https:\/\/xenonkungen.com\/nl\/product\/rorfaste-32mm\/","url":"https:\/\/xenonkungen.com\/nl\/product\/rorfaste-32mm\/","name":"Buisbeugel 32 mm - Xenonkungen","isPartOf":{"@id":"https:\/\/xenonkungen.com\/#website"},"primaryImageOfPage":{"@id":"https:\/\/xenonkungen.com\/nl\/product\/rorfaste-32mm\/#primaryimage"},"image":{"@id":"https:\/\/xenonkungen.com\/nl\/product\/rorfaste-32mm\/#primaryimage"},"thumbnailUrl":"https:\/\/xenonkungen.com\/wp-content\/uploads\/2025\/04\/162631783-origpic-9bdc7f.png","datePublished":"2025-04-15T08:01:28+00:00","dateModified":"2026-04-10T23:13:04+00:00","breadcrumb":{"@id":"https:\/\/xenonkungen.com\/nl\/product\/rorfaste-32mm\/#breadcrumb"},"inLanguage":"nl-NL","potentialAction":[{"@type":"ReadAction","target":["https:\/\/xenonkungen.com\/nl\/product\/rorfaste-32mm\/"]}]},{"@type":"ImageObject","inLanguage":"nl-NL","@id":"https:\/\/xenonkungen.com\/nl\/product\/rorfaste-32mm\/#primaryimage","url":"https:\/\/xenonkungen.com\/wp-content\/uploads\/2025\/04\/162631783-origpic-9bdc7f.png","contentUrl":"https:\/\/xenonkungen.com\/wp-content\/uploads\/2025\/04\/162631783-origpic-9bdc7f.png","width":1000,"height":617},{"@type":"BreadcrumbList","@id":"https:\/\/xenonkungen.com\/nl\/product\/rorfaste-32mm\/#breadcrumb","itemListElement":[{"@type":"ListItem","position":1,"name":"Hem","item":"https:\/\/xenonkungen.com\/"},{"@type":"ListItem","position":2,"name":"Shop","item":"https:\/\/xenonkungen.com\/shop\/"},{"@type":"ListItem","position":3,"name":"R\u00f6rf\u00e4ste 32mm"}]},{"@type":"WebSite","@id":"https:\/\/xenonkungen.com\/#website","url":"https:\/\/xenonkungen.com\/","name":"Xenonkungen","description":"","potentialAction":[{"@type":"SearchAction","target":{"@type":"EntryPoint","urlTemplate":"https:\/\/xenonkungen.com\/?s={search_term_string}"},"query-input":{"@type":"PropertyValueSpecification","valueRequired":true,"valueName":"search_term_string"}}],"inLanguage":"nl-NL"}]}},"taxonomy_info":{"product_brand":[{"value":117,"label":"Xenonkungen"}],"product_cat":[{"value":2841,"label":"Installation extraljus"},{"value":2460,"label":"Kl\u00e4mf\u00e4sten"},{"value":390,"label":"Installation"}],"pa_storlek-mm":[{"value":389,"label":"32"}]},"featured_image_src_large":["https:\/\/xenonkungen.com\/wp-content\/uploads\/2025\/04\/162631783-origpic-9bdc7f.png",1000,617,false],"author_info":[],"comment_info":2,"_links":{"self":[{"href":"https:\/\/xenonkungen.com\/nl\/wp-json\/wp\/v2\/product\/1230","targetHints":{"allow":["GET"]}}],"collection":[{"href":"https:\/\/xenonkungen.com\/nl\/wp-json\/wp\/v2\/product"}],"about":[{"href":"https:\/\/xenonkungen.com\/nl\/wp-json\/wp\/v2\/types\/product"}],"replies":[{"embeddable":true,"href":"https:\/\/xenonkungen.com\/nl\/wp-json\/wp\/v2\/comments?post=1230"}],"wp:featuredmedia":[{"embeddable":true,"href":"https:\/\/xenonkungen.com\/nl\/wp-json\/wp\/v2\/media\/1231"}],"wp:attachment":[{"href":"https:\/\/xenonkungen.com\/nl\/wp-json\/wp\/v2\/media?parent=1230"}],"wp:term":[{"taxonomy":"anvandningsomrade","embeddable":true,"href":"https:\/\/xenonkungen.com\/nl\/wp-json\/wp\/v2\/anvandningsomrade?post=1230"},{"taxonomy":"bilmarken","embeddable":true,"href":"https:\/\/xenonkungen.com\/nl\/wp-json\/wp\/v2\/bilmarken?post=1230"},{"taxonomy":"product_brand","embeddable":true,"href":"https:\/\/xenonkungen.com\/nl\/wp-json\/wp\/v2\/product_brand?post=1230"},{"taxonomy":"product_cat","embeddable":true,"href":"https:\/\/xenonkungen.com\/nl\/wp-json\/wp\/v2\/product_cat?post=1230"},{"taxonomy":"product_tag","embeddable":true,"href":"https:\/\/xenonkungen.com\/nl\/wp-json\/wp\/v2\/product_tag?post=1230"}],"curies":[{"name":"wp","href":"https:\/\/api.w.org\/{rel}","templated":true}]}}