{"id":12364,"date":"2025-08-13T12:45:52","date_gmt":"2025-08-13T12:45:52","guid":{"rendered":"https:\/\/xenonkungen.com\/?post_type=product&#038;p=12364"},"modified":"2026-03-25T14:29:58","modified_gmt":"2026-03-25T13:29:58","slug":"luxtar-led-lamp-x18-spot","status":"publish","type":"product","link":"https:\/\/xenonkungen.com\/nl\/product\/luxtar-led-lamp-x18-spot\/","title":{"rendered":"LUXTAR\u00ae Ledramp X18 Spot <52cm>"},"content":{"rendered":"<p><strong>Luxtar\u00ae X18<\/strong> is 51,8 cm en laat 7.536 werkelijke lumen (145,5 lm \/ cm) over, wat vergeleken kan worden met 6-7 halogeen hulplampen waar de waarde rond de 55 W | 1000 Lumen (+-200 lm) ligt<\/p>\n<p>De meest voorkomende waarden zijn theoretische waarden, voor deze LED-ramp bedraagt dit 180W | 18.000 Lumen.<\/p>\n<p>LED-armen uit de Luxtar\u00ae X-serie hebben een uniek ontwerp met opvallende reflectoren met aan de zijkant gemonteerde diodelampen, waardoor de prestaties aanzienlijk worden verbeterd.<\/p>\n<p>Light Image Spot is geschikt voor mensen die de voorkeur geven aan licht met een groot bereik of met hogere snelheden, waarbij de focus van nature op grotere afstanden ligt.<\/p>","protected":false},"excerpt":{"rendered":"<p>LUXTAR\u00ae LED-schijnwerper X18 180W<br \/>\n20\u2033 | 51,8 cm is een populaire maat voor LED-oprijplaten voor auto&#039;s, aangezien de kentekenplaat 20,5\u2033 | 52 cm is.<\/p>\n<p>De Luxtar\u00ae X18 levert 7.536 lumen, wat overeenkomt met ongeveer 6 halogeen hulplampen.<\/p>","protected":false},"featured_media":12371,"comment_status":"open","ping_status":"closed","template":"","meta":{"_acf_changed":false,"_smort_price_nok":"2523","_smort_price_dkk":"2032","_smort_price_eur":"272.26","_smort_sale_price_nok":"2523","_smort_sale_price_dkk":"","_smort_sale_price_eur":"","smort_restorder":"","shipmondo_restorder":"","_kad_blocks_custom_css":"","_kad_blocks_head_custom_js":"","_kad_blocks_body_custom_js":"","_kad_blocks_footer_custom_js":"","smort_custom_pricelist_1":"1916.8","smort_custom_pricelist_2":"1300","smort_custom_pricelist_3":"1235","smort_custom_pricelist_4":"2396","smort_custom_pricelist_5":"1557.4"},"anvandningsomrade":[],"bilmarken":[],"product_brand":[103],"product_cat":[2966,2826,2824,2161,1402],"product_tag":[],"class_list":{"0":"post-12364","1":"product","2":"type-product","3":"status-publish","4":"has-post-thumbnail","6":"product_brand-luxtar","7":"product_cat-ledramp-rak","8":"product_cat-luxtar","9":"product_cat-luxtar-ledramper","10":"product_cat-luxtar-x-serie","11":"product_cat-outlet","13":"first","14":"instock","15":"sale","16":"taxable","17":"shipping-taxable","18":"purchasable","19":"product-type-simple"},"bundled_by":[],"bundle_stock_status":"instock","bundle_stock_quantity":2,"bundle_virtual":false,"bundle_layout":"","bundle_add_to_cart_form_location":"","bundle_editable_in_cart":false,"bundle_sold_individually_context":"","bundle_item_grouping":"","bundle_min_size":"","bundle_max_size":"","bundle_price":[],"bundled_items":[],"bundle_sell_ids":[],"acf":[],"yoast_head":"<!-- This site is optimized with the Yoast SEO plugin v27.0 - https:\/\/yoast.com\/product\/yoast-seo-wordpress\/ -->\n<title>LUXTAR\u00ae Ledramp X18 | Spot  - Xenonkungen<\/title>\n<meta name=\"robots\" content=\"index, follow, max-snippet:-1, max-image-preview:large, max-video-preview:-1\" \/>\n<link rel=\"canonical\" href=\"https:\/\/xenonkungen.com\/nl\/product\/luxtar-led-lamp-x18-spot\/\" \/>\n<meta property=\"og:locale\" content=\"nl_NL\" \/>\n<meta property=\"og:type\" content=\"article\" \/>\n<meta property=\"og:title\" content=\"LUXTAR\u00ae Ledramp X18 | Spot  - Xenonkungen\" \/>\n<meta property=\"og:description\" content=\"LUXTAR\u00ae Ledramp X18 180W 20&quot; | 51,8cm \u00e4r en popul\u00e4r storlek f\u00f6r LED-ramp till bil d\u00e5 registreringsskylten \u00e4r 20,5&quot; | 52cm.  Luxtar\u00ae X18 l\u00e4mnar 7 536 faktiska lumen vilket motsvarar ungef\u00e4r 6 halogen extraljus.\" \/>\n<meta property=\"og:url\" content=\"https:\/\/xenonkungen.com\/nl\/product\/luxtar-led-lamp-x18-spot\/\" \/>\n<meta property=\"og:site_name\" content=\"Xenonkungen\" \/>\n<meta property=\"article:modified_time\" content=\"2026-03-25T13:29:58+00:00\" \/>\n<meta property=\"og:image\" content=\"https:\/\/xenonkungen.com\/wp-content\/uploads\/2025\/08\/31557992-origpic-a9fac4.png\" \/>\n\t<meta property=\"og:image:width\" content=\"949\" \/>\n\t<meta property=\"og:image:height\" content=\"700\" \/>\n\t<meta property=\"og:image:type\" content=\"image\/png\" \/>\n<meta name=\"twitter:card\" content=\"summary_large_image\" \/>\n<meta name=\"twitter:label1\" content=\"Geschatte leestijd\" \/>\n\t<meta name=\"twitter:data1\" content=\"1 minuut\" \/>\n<script type=\"application\/ld+json\" class=\"yoast-schema-graph\">{\"@context\":\"https:\/\/schema.org\",\"@graph\":[{\"@type\":\"WebPage\",\"@id\":\"https:\/\/xenonkungen.com\/produkt\/luxtar-ledramp-x18-spot\/\",\"url\":\"https:\/\/xenonkungen.com\/produkt\/luxtar-ledramp-x18-spot\/\",\"name\":\"LUXTAR\u00ae Ledramp X18 | Spot - Xenonkungen\",\"isPartOf\":{\"@id\":\"https:\/\/xenonkungen.com\/#website\"},\"primaryImageOfPage\":{\"@id\":\"https:\/\/xenonkungen.com\/produkt\/luxtar-ledramp-x18-spot\/#primaryimage\"},\"image\":{\"@id\":\"https:\/\/xenonkungen.com\/produkt\/luxtar-ledramp-x18-spot\/#primaryimage\"},\"thumbnailUrl\":\"https:\/\/xenonkungen.com\/wp-content\/uploads\/2025\/08\/31557992-origpic-a9fac4.png\",\"datePublished\":\"2025-08-13T12:45:52+00:00\",\"dateModified\":\"2026-03-25T13:29:58+00:00\",\"breadcrumb\":{\"@id\":\"https:\/\/xenonkungen.com\/produkt\/luxtar-ledramp-x18-spot\/#breadcrumb\"},\"inLanguage\":\"nl-NL\",\"potentialAction\":[{\"@type\":\"ReadAction\",\"target\":[\"https:\/\/xenonkungen.com\/produkt\/luxtar-ledramp-x18-spot\/\"]}]},{\"@type\":\"ImageObject\",\"inLanguage\":\"nl-NL\",\"@id\":\"https:\/\/xenonkungen.com\/produkt\/luxtar-ledramp-x18-spot\/#primaryimage\",\"url\":\"https:\/\/xenonkungen.com\/wp-content\/uploads\/2025\/08\/31557992-origpic-a9fac4.png\",\"contentUrl\":\"https:\/\/xenonkungen.com\/wp-content\/uploads\/2025\/08\/31557992-origpic-a9fac4.png\",\"width\":949,\"height\":700},{\"@type\":\"BreadcrumbList\",\"@id\":\"https:\/\/xenonkungen.com\/produkt\/luxtar-ledramp-x18-spot\/#breadcrumb\",\"itemListElement\":[{\"@type\":\"ListItem\",\"position\":1,\"name\":\"Hem\",\"item\":\"https:\/\/xenonkungen.com\/\"},{\"@type\":\"ListItem\",\"position\":2,\"name\":\"Shop\",\"item\":\"https:\/\/xenonkungen.com\/shop\/\"},{\"@type\":\"ListItem\",\"position\":3,\"name\":\"LUXTAR\u00ae Ledramp X18 | Spot\"}]},{\"@type\":\"WebSite\",\"@id\":\"https:\/\/xenonkungen.com\/#website\",\"url\":\"https:\/\/xenonkungen.com\/\",\"name\":\"Xenonkungen\",\"description\":\"\",\"potentialAction\":[{\"@type\":\"SearchAction\",\"target\":{\"@type\":\"EntryPoint\",\"urlTemplate\":\"https:\/\/xenonkungen.com\/?s={search_term_string}\"},\"query-input\":{\"@type\":\"PropertyValueSpecification\",\"valueRequired\":true,\"valueName\":\"search_term_string\"}}],\"inLanguage\":\"nl-NL\"}]}<\/script>\n<!-- \/ Yoast SEO plugin. -->","yoast_head_json":{"title":"LUXTAR\u00ae Led ramp X18 | Spot - De Xenon Koning","robots":{"index":"index","follow":"follow","max-snippet":"max-snippet:-1","max-image-preview":"max-image-preview:large","max-video-preview":"max-video-preview:-1"},"canonical":"https:\/\/xenonkungen.com\/nl\/product\/luxtar-led-lamp-x18-spot\/","og_locale":"nl_NL","og_type":"article","og_title":"LUXTAR\u00ae Ledramp X18 | Spot  - Xenonkungen","og_description":"LUXTAR\u00ae Ledramp X18 180W 20\" | 51,8cm \u00e4r en popul\u00e4r storlek f\u00f6r LED-ramp till bil d\u00e5 registreringsskylten \u00e4r 20,5\" | 52cm.  Luxtar\u00ae X18 l\u00e4mnar 7 536 faktiska lumen vilket motsvarar ungef\u00e4r 6 halogen extraljus.","og_url":"https:\/\/xenonkungen.com\/nl\/product\/luxtar-led-lamp-x18-spot\/","og_site_name":"Xenonkungen","article_modified_time":"2026-03-25T13:29:58+00:00","og_image":[{"width":949,"height":700,"url":"https:\/\/xenonkungen.com\/wp-content\/uploads\/2025\/08\/31557992-origpic-a9fac4.png","type":"image\/png"}],"twitter_card":"summary_large_image","twitter_misc":{"Geschatte leestijd":"1 minuut"},"schema":{"@context":"https:\/\/schema.org","@graph":[{"@type":"WebPage","@id":"https:\/\/xenonkungen.com\/produkt\/luxtar-ledramp-x18-spot\/","url":"https:\/\/xenonkungen.com\/produkt\/luxtar-ledramp-x18-spot\/","name":"LUXTAR\u00ae Led ramp X18 | Spot - De Xenon Koning","isPartOf":{"@id":"https:\/\/xenonkungen.com\/#website"},"primaryImageOfPage":{"@id":"https:\/\/xenonkungen.com\/produkt\/luxtar-ledramp-x18-spot\/#primaryimage"},"image":{"@id":"https:\/\/xenonkungen.com\/produkt\/luxtar-ledramp-x18-spot\/#primaryimage"},"thumbnailUrl":"https:\/\/xenonkungen.com\/wp-content\/uploads\/2025\/08\/31557992-origpic-a9fac4.png","datePublished":"2025-08-13T12:45:52+00:00","dateModified":"2026-03-25T13:29:58+00:00","breadcrumb":{"@id":"https:\/\/xenonkungen.com\/produkt\/luxtar-ledramp-x18-spot\/#breadcrumb"},"inLanguage":"nl-NL","potentialAction":[{"@type":"ReadAction","target":["https:\/\/xenonkungen.com\/produkt\/luxtar-ledramp-x18-spot\/"]}]},{"@type":"ImageObject","inLanguage":"nl-NL","@id":"https:\/\/xenonkungen.com\/produkt\/luxtar-ledramp-x18-spot\/#primaryimage","url":"https:\/\/xenonkungen.com\/wp-content\/uploads\/2025\/08\/31557992-origpic-a9fac4.png","contentUrl":"https:\/\/xenonkungen.com\/wp-content\/uploads\/2025\/08\/31557992-origpic-a9fac4.png","width":949,"height":700},{"@type":"BreadcrumbList","@id":"https:\/\/xenonkungen.com\/produkt\/luxtar-ledramp-x18-spot\/#breadcrumb","itemListElement":[{"@type":"ListItem","position":1,"name":"Hem","item":"https:\/\/xenonkungen.com\/"},{"@type":"ListItem","position":2,"name":"Shop","item":"https:\/\/xenonkungen.com\/shop\/"},{"@type":"ListItem","position":3,"name":"LUXTAR\u00ae Ledramp X18 | Spot"}]},{"@type":"WebSite","@id":"https:\/\/xenonkungen.com\/#website","url":"https:\/\/xenonkungen.com\/","name":"Xenonkungen","description":"","potentialAction":[{"@type":"SearchAction","target":{"@type":"EntryPoint","urlTemplate":"https:\/\/xenonkungen.com\/?s={search_term_string}"},"query-input":{"@type":"PropertyValueSpecification","valueRequired":true,"valueName":"search_term_string"}}],"inLanguage":"nl-NL"}]}},"taxonomy_info":{"product_brand":[{"value":103,"label":"LUXTAR"}],"product_cat":[{"value":2966,"label":"Ledramp Rak"},{"value":2826,"label":"LUXTAR"},{"value":2824,"label":"Luxtar - Ledramper"},{"value":2161,"label":"LUXTAR X-serie"},{"value":1402,"label":"Outlet"}]},"featured_image_src_large":["https:\/\/xenonkungen.com\/wp-content\/uploads\/2025\/08\/31557992-origpic-a9fac4.png",949,700,false],"author_info":[],"comment_info":1,"_links":{"self":[{"href":"https:\/\/xenonkungen.com\/nl\/wp-json\/wp\/v2\/product\/12364","targetHints":{"allow":["GET"]}}],"collection":[{"href":"https:\/\/xenonkungen.com\/nl\/wp-json\/wp\/v2\/product"}],"about":[{"href":"https:\/\/xenonkungen.com\/nl\/wp-json\/wp\/v2\/types\/product"}],"replies":[{"embeddable":true,"href":"https:\/\/xenonkungen.com\/nl\/wp-json\/wp\/v2\/comments?post=12364"}],"wp:featuredmedia":[{"embeddable":true,"href":"https:\/\/xenonkungen.com\/nl\/wp-json\/wp\/v2\/media\/12371"}],"wp:attachment":[{"href":"https:\/\/xenonkungen.com\/nl\/wp-json\/wp\/v2\/media?parent=12364"}],"wp:term":[{"taxonomy":"anvandningsomrade","embeddable":true,"href":"https:\/\/xenonkungen.com\/nl\/wp-json\/wp\/v2\/anvandningsomrade?post=12364"},{"taxonomy":"bilmarken","embeddable":true,"href":"https:\/\/xenonkungen.com\/nl\/wp-json\/wp\/v2\/bilmarken?post=12364"},{"taxonomy":"product_brand","embeddable":true,"href":"https:\/\/xenonkungen.com\/nl\/wp-json\/wp\/v2\/product_brand?post=12364"},{"taxonomy":"product_cat","embeddable":true,"href":"https:\/\/xenonkungen.com\/nl\/wp-json\/wp\/v2\/product_cat?post=12364"},{"taxonomy":"product_tag","embeddable":true,"href":"https:\/\/xenonkungen.com\/nl\/wp-json\/wp\/v2\/product_tag?post=12364"}],"curies":[{"name":"wp","href":"https:\/\/api.w.org\/{rel}","templated":true}]}}