{"id":1254,"date":"2025-04-15T08:01:28","date_gmt":"2025-04-15T08:01:28","guid":{"rendered":"https:\/\/xenonkungen.com\/product\/rorfaste-76mm-2\/"},"modified":"2026-03-04T16:52:23","modified_gmt":"2026-03-04T15:52:23","slug":"roerbevestiging-76-mm-2","status":"publish","type":"product","link":"https:\/\/xenonkungen.com\/nl\/product\/roerbevestiging-76-mm-2\/","title":{"rendered":"Buisbeugel 76mm"},"content":{"rendered":"<h1>Pijpbeugel voor montage van extra verlichting, LED-hellingen, werklampen, enz. op pijpen zoals voorbogen, rolbeugels, sturen, enz.<\/h1>\n<p>Ben je op zoek naar een pijpbeugel? Hier is een beugel waarvoor je niet hoeft te boren, maar die je eenvoudig vastklemt met de meegeleverde schroeven. Dit minimaliseert de impact op je machine en maakt meerdere installatiemogelijkheden mogelijk.<br \/>De buisbevestiging is universeel, zorg ervoor dat je de extra lichtvoet correct afstelt om het best mogelijke lichtbeeld te krijgen.<\/p>\n<p>Deze pijpbeugel is voor het monteren van extra lampen, LED-helmen, werklampen, enz. op pijpen zoals voorbogen, rolbeugels, sturen, enz. <\/p>\n<p>Eenvoudige installatie zonder andere add-ons.<\/p>\n<p>Onze pijpbeugel heeft een dubbele zwarte poedercoating en is gemaakt van aluminium, dat bestand moet zijn tegen al onze zware omstandigheden.<\/p>\n<p>Goed om te weten<br \/>De afmetingen van de pijpbeugel.<br \/>Binnenmaat zonder beschermrubber: 76 mm<br \/>Gat voor montage lamp (groot): 13mm<\/p>\n<p>Onze buisbeugels hebben een eigen serie waarin verschillende maten voor verschillende doeleinden verkrijgbaar zijn, zie het tabblad \u2018installatiematerialen\u2019.<\/p>\n<p><strong>Inhoud levering<\/strong><br \/>2 buisklemmen<br \/>4st Schroeven<br \/>2 stuks Borgringen<br \/>2st Beschermend rubber<br \/>1e inbussleutel.<\/p>\n<p><strong>Garantie<\/strong><br \/><span>1 jaar<\/span><\/p>","protected":false},"excerpt":{"rendered":"<p>Stabiele buisbeugel voor buizen met een diameter groter dan 76 mm. Geeft u de mogelijkheid om de hoeveelheid extra licht in uw bestaande boog uit te breiden of uw eigen verlichtingssysteem naar eigen wens te bevestigen.<\/p>","protected":false},"featured_media":1255,"comment_status":"closed","ping_status":"open","template":"","meta":{"_acf_changed":false,"_smort_price_nok":"208","_smort_price_dkk":"132","_smort_price_eur":"17.73","_smort_sale_price_nok":"","_smort_sale_price_dkk":"","_smort_sale_price_eur":"","smort_restorder":"","shipmondo_restorder":"","_kad_blocks_custom_css":"","_kad_blocks_head_custom_js":"","_kad_blocks_body_custom_js":"","_kad_blocks_footer_custom_js":"","smort_custom_pricelist_1":"124.8","smort_custom_pricelist_2":"109.2","smort_custom_pricelist_3":"103.74","smort_custom_pricelist_4":"156","smort_custom_pricelist_5":"109.2"},"anvandningsomrade":[165,166,167],"bilmarken":[],"product_brand":[117],"product_cat":[2841,390],"product_tag":[],"class_list":{"0":"post-1254","1":"product","2":"type-product","3":"status-publish","4":"has-post-thumbnail","6":"anvandningsomrade-atv","7":"anvandningsomrade-lastbil","8":"anvandningsomrade-personbil","9":"product_brand-xenonkungen","10":"product_cat-installation-extraljus","11":"product_cat-installation","12":"pa_storlek-mm-393","14":"first","15":"instock","16":"taxable","17":"shipping-taxable","18":"purchasable","19":"product-type-simple"},"bundled_by":[],"bundle_stock_status":"instock","bundle_stock_quantity":45,"bundle_virtual":false,"bundle_layout":"","bundle_add_to_cart_form_location":"","bundle_editable_in_cart":false,"bundle_sold_individually_context":"","bundle_item_grouping":"","bundle_min_size":"","bundle_max_size":"","bundle_price":[],"bundled_items":[],"bundle_sell_ids":[],"acf":[],"yoast_head":"<!-- This site is optimized with the Yoast SEO plugin v27.0 - https:\/\/yoast.com\/product\/yoast-seo-wordpress\/ -->\n<title>R\u00f6rf\u00e4ste 76mm - Xenonkungen<\/title>\n<meta name=\"robots\" content=\"index, follow, max-snippet:-1, max-image-preview:large, max-video-preview:-1\" \/>\n<link rel=\"canonical\" href=\"https:\/\/xenonkungen.com\/nl\/product\/roerbevestiging-76-mm-2\/\" \/>\n<meta property=\"og:locale\" content=\"nl_NL\" \/>\n<meta property=\"og:type\" content=\"article\" \/>\n<meta property=\"og:title\" content=\"R\u00f6rf\u00e4ste 76mm - Xenonkungen\" \/>\n<meta property=\"og:description\" content=\"Stabilt R\u00f6rf\u00e4ste f\u00f6r r\u00f6r med en diameter \u00f6ver 76mm. ger dig m\u00f6jligheten att ut\u00f6ka m\u00e4ngden extraljus i din befintliga b\u00e5ge eller f\u00e4sta ett eget system med ljus efter ditt eget tycke.\" \/>\n<meta property=\"og:url\" content=\"https:\/\/xenonkungen.com\/nl\/product\/roerbevestiging-76-mm-2\/\" \/>\n<meta property=\"og:site_name\" content=\"Xenonkungen\" \/>\n<meta property=\"article:modified_time\" content=\"2026-03-04T15:52:23+00:00\" \/>\n<meta property=\"og:image\" content=\"https:\/\/xenonkungen.com\/wp-content\/uploads\/2025\/04\/162632265-origpic-920b7b.png\" \/>\n\t<meta property=\"og:image:width\" content=\"1000\" \/>\n\t<meta property=\"og:image:height\" content=\"720\" \/>\n\t<meta property=\"og:image:type\" content=\"image\/png\" \/>\n<meta name=\"twitter:card\" content=\"summary_large_image\" \/>\n<meta name=\"twitter:label1\" content=\"Geschatte leestijd\" \/>\n\t<meta name=\"twitter:data1\" content=\"1 minuut\" \/>\n<script type=\"application\/ld+json\" class=\"yoast-schema-graph\">{\"@context\":\"https:\/\/schema.org\",\"@graph\":[{\"@type\":\"WebPage\",\"@id\":\"https:\/\/xenonkungen.com\/produkt\/rorfaste-76mm-2\/\",\"url\":\"https:\/\/xenonkungen.com\/produkt\/rorfaste-76mm-2\/\",\"name\":\"R\u00f6rf\u00e4ste 76mm - Xenonkungen\",\"isPartOf\":{\"@id\":\"https:\/\/xenonkungen.com\/#website\"},\"primaryImageOfPage\":{\"@id\":\"https:\/\/xenonkungen.com\/produkt\/rorfaste-76mm-2\/#primaryimage\"},\"image\":{\"@id\":\"https:\/\/xenonkungen.com\/produkt\/rorfaste-76mm-2\/#primaryimage\"},\"thumbnailUrl\":\"https:\/\/xenonkungen.com\/wp-content\/uploads\/2025\/04\/162632265-origpic-920b7b.png\",\"datePublished\":\"2025-04-15T08:01:28+00:00\",\"dateModified\":\"2026-03-04T15:52:23+00:00\",\"breadcrumb\":{\"@id\":\"https:\/\/xenonkungen.com\/produkt\/rorfaste-76mm-2\/#breadcrumb\"},\"inLanguage\":\"nl-NL\",\"potentialAction\":[{\"@type\":\"ReadAction\",\"target\":[\"https:\/\/xenonkungen.com\/produkt\/rorfaste-76mm-2\/\"]}]},{\"@type\":\"ImageObject\",\"inLanguage\":\"nl-NL\",\"@id\":\"https:\/\/xenonkungen.com\/produkt\/rorfaste-76mm-2\/#primaryimage\",\"url\":\"https:\/\/xenonkungen.com\/wp-content\/uploads\/2025\/04\/162632265-origpic-920b7b.png\",\"contentUrl\":\"https:\/\/xenonkungen.com\/wp-content\/uploads\/2025\/04\/162632265-origpic-920b7b.png\",\"width\":1000,\"height\":720},{\"@type\":\"BreadcrumbList\",\"@id\":\"https:\/\/xenonkungen.com\/produkt\/rorfaste-76mm-2\/#breadcrumb\",\"itemListElement\":[{\"@type\":\"ListItem\",\"position\":1,\"name\":\"Hem\",\"item\":\"https:\/\/xenonkungen.com\/\"},{\"@type\":\"ListItem\",\"position\":2,\"name\":\"Shop\",\"item\":\"https:\/\/xenonkungen.com\/shop\/\"},{\"@type\":\"ListItem\",\"position\":3,\"name\":\"R\u00f6rf\u00e4ste 76mm\"}]},{\"@type\":\"WebSite\",\"@id\":\"https:\/\/xenonkungen.com\/#website\",\"url\":\"https:\/\/xenonkungen.com\/\",\"name\":\"Xenonkungen\",\"description\":\"\",\"potentialAction\":[{\"@type\":\"SearchAction\",\"target\":{\"@type\":\"EntryPoint\",\"urlTemplate\":\"https:\/\/xenonkungen.com\/?s={search_term_string}\"},\"query-input\":{\"@type\":\"PropertyValueSpecification\",\"valueRequired\":true,\"valueName\":\"search_term_string\"}}],\"inLanguage\":\"nl-NL\"}]}<\/script>\n<!-- \/ Yoast SEO plugin. -->","yoast_head_json":{"title":"Buisbeugel 76 mm - Xenonkungen","robots":{"index":"index","follow":"follow","max-snippet":"max-snippet:-1","max-image-preview":"max-image-preview:large","max-video-preview":"max-video-preview:-1"},"canonical":"https:\/\/xenonkungen.com\/nl\/product\/roerbevestiging-76-mm-2\/","og_locale":"nl_NL","og_type":"article","og_title":"R\u00f6rf\u00e4ste 76mm - Xenonkungen","og_description":"Stabilt R\u00f6rf\u00e4ste f\u00f6r r\u00f6r med en diameter \u00f6ver 76mm. ger dig m\u00f6jligheten att ut\u00f6ka m\u00e4ngden extraljus i din befintliga b\u00e5ge eller f\u00e4sta ett eget system med ljus efter ditt eget tycke.","og_url":"https:\/\/xenonkungen.com\/nl\/product\/roerbevestiging-76-mm-2\/","og_site_name":"Xenonkungen","article_modified_time":"2026-03-04T15:52:23+00:00","og_image":[{"width":1000,"height":720,"url":"https:\/\/xenonkungen.com\/wp-content\/uploads\/2025\/04\/162632265-origpic-920b7b.png","type":"image\/png"}],"twitter_card":"summary_large_image","twitter_misc":{"Geschatte leestijd":"1 minuut"},"schema":{"@context":"https:\/\/schema.org","@graph":[{"@type":"WebPage","@id":"https:\/\/xenonkungen.com\/produkt\/rorfaste-76mm-2\/","url":"https:\/\/xenonkungen.com\/produkt\/rorfaste-76mm-2\/","name":"Buisbeugel 76 mm - Xenonkungen","isPartOf":{"@id":"https:\/\/xenonkungen.com\/#website"},"primaryImageOfPage":{"@id":"https:\/\/xenonkungen.com\/produkt\/rorfaste-76mm-2\/#primaryimage"},"image":{"@id":"https:\/\/xenonkungen.com\/produkt\/rorfaste-76mm-2\/#primaryimage"},"thumbnailUrl":"https:\/\/xenonkungen.com\/wp-content\/uploads\/2025\/04\/162632265-origpic-920b7b.png","datePublished":"2025-04-15T08:01:28+00:00","dateModified":"2026-03-04T15:52:23+00:00","breadcrumb":{"@id":"https:\/\/xenonkungen.com\/produkt\/rorfaste-76mm-2\/#breadcrumb"},"inLanguage":"nl-NL","potentialAction":[{"@type":"ReadAction","target":["https:\/\/xenonkungen.com\/produkt\/rorfaste-76mm-2\/"]}]},{"@type":"ImageObject","inLanguage":"nl-NL","@id":"https:\/\/xenonkungen.com\/produkt\/rorfaste-76mm-2\/#primaryimage","url":"https:\/\/xenonkungen.com\/wp-content\/uploads\/2025\/04\/162632265-origpic-920b7b.png","contentUrl":"https:\/\/xenonkungen.com\/wp-content\/uploads\/2025\/04\/162632265-origpic-920b7b.png","width":1000,"height":720},{"@type":"BreadcrumbList","@id":"https:\/\/xenonkungen.com\/produkt\/rorfaste-76mm-2\/#breadcrumb","itemListElement":[{"@type":"ListItem","position":1,"name":"Hem","item":"https:\/\/xenonkungen.com\/"},{"@type":"ListItem","position":2,"name":"Shop","item":"https:\/\/xenonkungen.com\/shop\/"},{"@type":"ListItem","position":3,"name":"R\u00f6rf\u00e4ste 76mm"}]},{"@type":"WebSite","@id":"https:\/\/xenonkungen.com\/#website","url":"https:\/\/xenonkungen.com\/","name":"Xenonkungen","description":"","potentialAction":[{"@type":"SearchAction","target":{"@type":"EntryPoint","urlTemplate":"https:\/\/xenonkungen.com\/?s={search_term_string}"},"query-input":{"@type":"PropertyValueSpecification","valueRequired":true,"valueName":"search_term_string"}}],"inLanguage":"nl-NL"}]}},"taxonomy_info":{"anvandningsomrade":[{"value":165,"label":"ATV"},{"value":166,"label":"Lastbil"},{"value":167,"label":"PERSONBIL"}],"product_brand":[{"value":117,"label":"Xenonkungen"}],"product_cat":[{"value":2841,"label":"Installation extraljus"},{"value":390,"label":"Installation"}],"pa_storlek-mm":[{"value":393,"label":"76"}]},"featured_image_src_large":["https:\/\/xenonkungen.com\/wp-content\/uploads\/2025\/04\/162632265-origpic-920b7b.png",1000,720,false],"author_info":[],"comment_info":0,"_links":{"self":[{"href":"https:\/\/xenonkungen.com\/nl\/wp-json\/wp\/v2\/product\/1254","targetHints":{"allow":["GET"]}}],"collection":[{"href":"https:\/\/xenonkungen.com\/nl\/wp-json\/wp\/v2\/product"}],"about":[{"href":"https:\/\/xenonkungen.com\/nl\/wp-json\/wp\/v2\/types\/product"}],"replies":[{"embeddable":true,"href":"https:\/\/xenonkungen.com\/nl\/wp-json\/wp\/v2\/comments?post=1254"}],"wp:featuredmedia":[{"embeddable":true,"href":"https:\/\/xenonkungen.com\/nl\/wp-json\/wp\/v2\/media\/1255"}],"wp:attachment":[{"href":"https:\/\/xenonkungen.com\/nl\/wp-json\/wp\/v2\/media?parent=1254"}],"wp:term":[{"taxonomy":"anvandningsomrade","embeddable":true,"href":"https:\/\/xenonkungen.com\/nl\/wp-json\/wp\/v2\/anvandningsomrade?post=1254"},{"taxonomy":"bilmarken","embeddable":true,"href":"https:\/\/xenonkungen.com\/nl\/wp-json\/wp\/v2\/bilmarken?post=1254"},{"taxonomy":"product_brand","embeddable":true,"href":"https:\/\/xenonkungen.com\/nl\/wp-json\/wp\/v2\/product_brand?post=1254"},{"taxonomy":"product_cat","embeddable":true,"href":"https:\/\/xenonkungen.com\/nl\/wp-json\/wp\/v2\/product_cat?post=1254"},{"taxonomy":"product_tag","embeddable":true,"href":"https:\/\/xenonkungen.com\/nl\/wp-json\/wp\/v2\/product_tag?post=1254"}],"curies":[{"name":"wp","href":"https:\/\/api.w.org\/{rel}","templated":true}]}}