{"id":1266,"date":"2025-04-15T08:01:28","date_gmt":"2025-04-15T08:01:28","guid":{"rendered":"https:\/\/xenonkungen.com\/product\/magnetfaste-m8\/"},"modified":"2026-05-12T08:42:11","modified_gmt":"2026-05-12T07:42:11","slug":"magnetische-sluiting-m8","status":"publish","type":"product","link":"https:\/\/xenonkungen.com\/nl\/product\/magnetische-sluiting-m8\/","title":{"rendered":"Luxtar magnetische houder | M8"},"content":{"rendered":"<h1>Magnetische houders voor LED-oprij- en werklampen.<\/h1>\n<p>Dankzij 24 krachtige magneten blijven alle spullen op hun plaats!<\/p>\n<h2>Specificatie<\/h2>\n<p>Aantal magneten: 24 stuks (12 stuks per voet)<br \/>\nVoetdiameter: 88 mm<br \/>\nLengte: 207 mm<br \/>\nBreedte: 88 mm<br \/>\nDiepte\/hoogte: 98 mm (vanaf de voetjes tot aan de bovenrand van de houder)<br \/>\nAfstand tot bevestigingspunt: 65 mm (vanaf de plaat die op de voeten rust tot het middelpunt van het gat)<br \/>\nHet gat op de houder is ontworpen voor M8-bouten<br \/>\nVerkocht per paar.<\/p>\n<p><strong>LET OP!<\/strong> Dit product is niet bedoeld voor permanente installatie. Als het gebruikt wordt voor dakmontage van bijvoorbeeld een led-helling, moet het met een veiligheidsdraad in de dakdrager\/rails worden vastgezet.<\/p>","protected":false},"excerpt":{"rendered":"<p>Magnetiska h\u00e5llare f\u00f6r LED-ramp och arbetsljus. Med 24 kraftiga magneter h\u00e5lls sakerna p\u00e5 plats! Specifikation Antal magneter: 24 st (12 st i varje fot) Fotens diameter: 88 mm L\u00e4ngd: 207 mm Bredd: 88 mm Djup\/h\u00f6jd: 98 mm (fr\u00e5n f\u00f6tterna upp till h\u00e5llarens \u00f6vre kant) Avst\u00e5nd till f\u00e4stpunkt: 65 mm (fr\u00e5n plattan som sitter p\u00e5 f\u00f6tterna [&hellip;]<\/p>","protected":false},"featured_media":25291,"comment_status":"closed","ping_status":"closed","template":"","meta":{"_acf_changed":false,"_smort_price_nok":"636","_smort_price_dkk":"404","_smort_price_eur":"54.09","_smort_sale_price_nok":"","_smort_sale_price_dkk":"","_smort_sale_price_eur":"","smort_restorder":"","shipmondo_restorder":"","_kad_blocks_custom_css":"","_kad_blocks_head_custom_js":"","_kad_blocks_body_custom_js":"","_kad_blocks_footer_custom_js":"","smort_custom_pricelist_1":"380.8","smort_custom_pricelist_2":"333.2","smort_custom_pricelist_3":"309.4","smort_custom_pricelist_4":"476","smort_custom_pricelist_5":"380.8"},"anvandningsomrade":[],"bilmarken":[],"product_brand":[],"product_cat":[3073,2971,2461,390],"product_tag":[],"class_list":{"0":"post-1266","1":"product","2":"type-product","3":"status-publish","4":"has-post-thumbnail","6":"product_cat-takfaste","7":"product_cat-ledramp-fasten","8":"product_cat-fasten-installation","9":"product_cat-installation","11":"first","12":"instock","13":"taxable","14":"shipping-taxable","15":"purchasable","16":"product-type-simple"},"bundled_by":[],"bundle_stock_status":"instock","bundle_stock_quantity":11,"bundle_virtual":false,"bundle_layout":"","bundle_add_to_cart_form_location":"","bundle_editable_in_cart":false,"bundle_sold_individually_context":"","bundle_item_grouping":"","bundle_min_size":"","bundle_max_size":"","bundle_price":[],"bundled_items":[],"bundle_sell_ids":[],"acf":[],"yoast_head":"<!-- This site is optimized with the Yoast SEO plugin v27.0 - https:\/\/yoast.com\/product\/yoast-seo-wordpress\/ -->\n<title>Luxtar Magnetf\u00e4ste | M8 - Xenonkungen<\/title>\n<meta name=\"robots\" content=\"index, follow, max-snippet:-1, max-image-preview:large, max-video-preview:-1\" \/>\n<link rel=\"canonical\" href=\"https:\/\/xenonkungen.com\/nl\/product\/magnetische-sluiting-m8\/\" \/>\n<meta property=\"og:locale\" content=\"nl_NL\" \/>\n<meta property=\"og:type\" content=\"article\" \/>\n<meta property=\"og:title\" content=\"Luxtar Magnetf\u00e4ste | M8 - Xenonkungen\" \/>\n<meta property=\"og:description\" content=\"Magnetiska h\u00e5llare f\u00f6r LED-ramp och arbetsljus. Med 24 kraftiga magneter h\u00e5lls sakerna p\u00e5 plats! Specifikation Antal magneter: 24 st (12 st i varje fot) Fotens diameter: 88 mm L\u00e4ngd: 207 mm Bredd: 88 mm Djup\/h\u00f6jd: 98 mm (fr\u00e5n f\u00f6tterna upp till h\u00e5llarens \u00f6vre kant) Avst\u00e5nd till f\u00e4stpunkt: 65 mm (fr\u00e5n plattan som sitter p\u00e5 f\u00f6tterna [&hellip;]\" \/>\n<meta property=\"og:url\" content=\"https:\/\/xenonkungen.com\/nl\/product\/magnetische-sluiting-m8\/\" \/>\n<meta property=\"og:site_name\" content=\"Xenonkungen\" \/>\n<meta property=\"article:modified_time\" content=\"2026-05-12T07:42:11+00:00\" \/>\n<meta property=\"og:image\" content=\"https:\/\/xenonkungen.com\/wp-content\/uploads\/2025\/04\/Magnet-Bracket-ArtNr-40030-DSCF8849-PNNG-1024x617.png\" \/>\n\t<meta property=\"og:image:width\" content=\"1024\" \/>\n\t<meta property=\"og:image:height\" content=\"617\" \/>\n\t<meta property=\"og:image:type\" content=\"image\/png\" \/>\n<meta name=\"twitter:card\" content=\"summary_large_image\" \/>\n<meta name=\"twitter:label1\" content=\"Geschatte leestijd\" \/>\n\t<meta name=\"twitter:data1\" content=\"1 minuut\" \/>\n<script type=\"application\/ld+json\" class=\"yoast-schema-graph\">{\"@context\":\"https:\/\/schema.org\",\"@graph\":[{\"@type\":\"WebPage\",\"@id\":\"https:\/\/xenonkungen.com\/produkt\/magnetfaste-m8\/\",\"url\":\"https:\/\/xenonkungen.com\/produkt\/magnetfaste-m8\/\",\"name\":\"Luxtar Magnetf\u00e4ste | M8 - Xenonkungen\",\"isPartOf\":{\"@id\":\"https:\/\/xenonkungen.com\/#website\"},\"primaryImageOfPage\":{\"@id\":\"https:\/\/xenonkungen.com\/produkt\/magnetfaste-m8\/#primaryimage\"},\"image\":{\"@id\":\"https:\/\/xenonkungen.com\/produkt\/magnetfaste-m8\/#primaryimage\"},\"thumbnailUrl\":\"https:\/\/xenonkungen.com\/wp-content\/uploads\/2025\/04\/Magnet-Bracket-ArtNr-40030-DSCF8849-PNNG.png\",\"datePublished\":\"2025-04-15T08:01:28+00:00\",\"dateModified\":\"2026-05-12T07:42:11+00:00\",\"breadcrumb\":{\"@id\":\"https:\/\/xenonkungen.com\/produkt\/magnetfaste-m8\/#breadcrumb\"},\"inLanguage\":\"nl-NL\",\"potentialAction\":[{\"@type\":\"ReadAction\",\"target\":[\"https:\/\/xenonkungen.com\/produkt\/magnetfaste-m8\/\"]}]},{\"@type\":\"ImageObject\",\"inLanguage\":\"nl-NL\",\"@id\":\"https:\/\/xenonkungen.com\/produkt\/magnetfaste-m8\/#primaryimage\",\"url\":\"https:\/\/xenonkungen.com\/wp-content\/uploads\/2025\/04\/Magnet-Bracket-ArtNr-40030-DSCF8849-PNNG.png\",\"contentUrl\":\"https:\/\/xenonkungen.com\/wp-content\/uploads\/2025\/04\/Magnet-Bracket-ArtNr-40030-DSCF8849-PNNG.png\",\"width\":2000,\"height\":1205},{\"@type\":\"BreadcrumbList\",\"@id\":\"https:\/\/xenonkungen.com\/produkt\/magnetfaste-m8\/#breadcrumb\",\"itemListElement\":[{\"@type\":\"ListItem\",\"position\":1,\"name\":\"Hem\",\"item\":\"https:\/\/xenonkungen.com\/\"},{\"@type\":\"ListItem\",\"position\":2,\"name\":\"Shop\",\"item\":\"https:\/\/xenonkungen.com\/shop\/\"},{\"@type\":\"ListItem\",\"position\":3,\"name\":\"Luxtar Magnetf\u00e4ste | M8\"}]},{\"@type\":\"WebSite\",\"@id\":\"https:\/\/xenonkungen.com\/#website\",\"url\":\"https:\/\/xenonkungen.com\/\",\"name\":\"Xenonkungen\",\"description\":\"\",\"potentialAction\":[{\"@type\":\"SearchAction\",\"target\":{\"@type\":\"EntryPoint\",\"urlTemplate\":\"https:\/\/xenonkungen.com\/?s={search_term_string}\"},\"query-input\":{\"@type\":\"PropertyValueSpecification\",\"valueRequired\":true,\"valueName\":\"search_term_string\"}}],\"inLanguage\":\"nl-NL\"}]}<\/script>\n<!-- \/ Yoast SEO plugin. -->","yoast_head_json":{"title":"Luxtar magnetische houder | M8 - De Xenon Koning","robots":{"index":"index","follow":"follow","max-snippet":"max-snippet:-1","max-image-preview":"max-image-preview:large","max-video-preview":"max-video-preview:-1"},"canonical":"https:\/\/xenonkungen.com\/nl\/product\/magnetische-sluiting-m8\/","og_locale":"nl_NL","og_type":"article","og_title":"Luxtar Magnetf\u00e4ste | M8 - Xenonkungen","og_description":"Magnetiska h\u00e5llare f\u00f6r LED-ramp och arbetsljus. Med 24 kraftiga magneter h\u00e5lls sakerna p\u00e5 plats! Specifikation Antal magneter: 24 st (12 st i varje fot) Fotens diameter: 88 mm L\u00e4ngd: 207 mm Bredd: 88 mm Djup\/h\u00f6jd: 98 mm (fr\u00e5n f\u00f6tterna upp till h\u00e5llarens \u00f6vre kant) Avst\u00e5nd till f\u00e4stpunkt: 65 mm (fr\u00e5n plattan som sitter p\u00e5 f\u00f6tterna [&hellip;]","og_url":"https:\/\/xenonkungen.com\/nl\/product\/magnetische-sluiting-m8\/","og_site_name":"Xenonkungen","article_modified_time":"2026-05-12T07:42:11+00:00","og_image":[{"width":1024,"height":617,"url":"https:\/\/xenonkungen.com\/wp-content\/uploads\/2025\/04\/Magnet-Bracket-ArtNr-40030-DSCF8849-PNNG-1024x617.png","type":"image\/png"}],"twitter_card":"summary_large_image","twitter_misc":{"Geschatte leestijd":"1 minuut"},"schema":{"@context":"https:\/\/schema.org","@graph":[{"@type":"WebPage","@id":"https:\/\/xenonkungen.com\/produkt\/magnetfaste-m8\/","url":"https:\/\/xenonkungen.com\/produkt\/magnetfaste-m8\/","name":"Luxtar magnetische houder | M8 - De Xenon Koning","isPartOf":{"@id":"https:\/\/xenonkungen.com\/#website"},"primaryImageOfPage":{"@id":"https:\/\/xenonkungen.com\/produkt\/magnetfaste-m8\/#primaryimage"},"image":{"@id":"https:\/\/xenonkungen.com\/produkt\/magnetfaste-m8\/#primaryimage"},"thumbnailUrl":"https:\/\/xenonkungen.com\/wp-content\/uploads\/2025\/04\/Magnet-Bracket-ArtNr-40030-DSCF8849-PNNG.png","datePublished":"2025-04-15T08:01:28+00:00","dateModified":"2026-05-12T07:42:11+00:00","breadcrumb":{"@id":"https:\/\/xenonkungen.com\/produkt\/magnetfaste-m8\/#breadcrumb"},"inLanguage":"nl-NL","potentialAction":[{"@type":"ReadAction","target":["https:\/\/xenonkungen.com\/produkt\/magnetfaste-m8\/"]}]},{"@type":"ImageObject","inLanguage":"nl-NL","@id":"https:\/\/xenonkungen.com\/produkt\/magnetfaste-m8\/#primaryimage","url":"https:\/\/xenonkungen.com\/wp-content\/uploads\/2025\/04\/Magnet-Bracket-ArtNr-40030-DSCF8849-PNNG.png","contentUrl":"https:\/\/xenonkungen.com\/wp-content\/uploads\/2025\/04\/Magnet-Bracket-ArtNr-40030-DSCF8849-PNNG.png","width":2000,"height":1205},{"@type":"BreadcrumbList","@id":"https:\/\/xenonkungen.com\/produkt\/magnetfaste-m8\/#breadcrumb","itemListElement":[{"@type":"ListItem","position":1,"name":"Hem","item":"https:\/\/xenonkungen.com\/"},{"@type":"ListItem","position":2,"name":"Shop","item":"https:\/\/xenonkungen.com\/shop\/"},{"@type":"ListItem","position":3,"name":"Luxtar Magnetf\u00e4ste | M8"}]},{"@type":"WebSite","@id":"https:\/\/xenonkungen.com\/#website","url":"https:\/\/xenonkungen.com\/","name":"Xenonkungen","description":"","potentialAction":[{"@type":"SearchAction","target":{"@type":"EntryPoint","urlTemplate":"https:\/\/xenonkungen.com\/?s={search_term_string}"},"query-input":{"@type":"PropertyValueSpecification","valueRequired":true,"valueName":"search_term_string"}}],"inLanguage":"nl-NL"}]}},"taxonomy_info":{"product_cat":[{"value":3073,"label":"Takf\u00e4ste"},{"value":2971,"label":"F\u00e4ste till ledramp"},{"value":2461,"label":"F\u00e4sten"},{"value":390,"label":"Installation"}]},"featured_image_src_large":["https:\/\/xenonkungen.com\/wp-content\/uploads\/2025\/04\/Magnet-Bracket-ArtNr-40030-DSCF8849-PNNG-1024x617.png",1024,617,true],"author_info":[],"comment_info":0,"_links":{"self":[{"href":"https:\/\/xenonkungen.com\/nl\/wp-json\/wp\/v2\/product\/1266","targetHints":{"allow":["GET"]}}],"collection":[{"href":"https:\/\/xenonkungen.com\/nl\/wp-json\/wp\/v2\/product"}],"about":[{"href":"https:\/\/xenonkungen.com\/nl\/wp-json\/wp\/v2\/types\/product"}],"replies":[{"embeddable":true,"href":"https:\/\/xenonkungen.com\/nl\/wp-json\/wp\/v2\/comments?post=1266"}],"wp:featuredmedia":[{"embeddable":true,"href":"https:\/\/xenonkungen.com\/nl\/wp-json\/wp\/v2\/media\/25291"}],"wp:attachment":[{"href":"https:\/\/xenonkungen.com\/nl\/wp-json\/wp\/v2\/media?parent=1266"}],"wp:term":[{"taxonomy":"anvandningsomrade","embeddable":true,"href":"https:\/\/xenonkungen.com\/nl\/wp-json\/wp\/v2\/anvandningsomrade?post=1266"},{"taxonomy":"bilmarken","embeddable":true,"href":"https:\/\/xenonkungen.com\/nl\/wp-json\/wp\/v2\/bilmarken?post=1266"},{"taxonomy":"product_brand","embeddable":true,"href":"https:\/\/xenonkungen.com\/nl\/wp-json\/wp\/v2\/product_brand?post=1266"},{"taxonomy":"product_cat","embeddable":true,"href":"https:\/\/xenonkungen.com\/nl\/wp-json\/wp\/v2\/product_cat?post=1266"},{"taxonomy":"product_tag","embeddable":true,"href":"https:\/\/xenonkungen.com\/nl\/wp-json\/wp\/v2\/product_tag?post=1266"}],"curies":[{"name":"wp","href":"https:\/\/api.w.org\/{rel}","templated":true}]}}