{"id":1277,"date":"2025-04-15T08:01:28","date_gmt":"2025-04-15T08:01:28","guid":{"rendered":"https:\/\/xenonkungen.com\/product\/led-aux-9\/"},"modified":"2026-04-24T17:01:02","modified_gmt":"2026-04-24T16:01:02","slug":"led-aux-9","status":"publish","type":"product","link":"https:\/\/xenonkungen.com\/nl\/product\/led-aux-9\/","title":{"rendered":"LED AUX - 9\u2033"},"content":{"rendered":"<h1>LED AUX \u2013 9\u2033 RONDE EXTRA LICHT \u2013 Krachtige verlichting voor alle avonturen<\/h1>\n<p>Ga vol vertrouwen de weg op, zowel op als naast je! Onze<span>\u00a0<\/span><strong>LED AUX 9\u2033 ronde hulplichten<\/strong><span>\u00a0<\/span>is ontworpen voor maximale zichtbaarheid en veiligheid onder alle omstandigheden. Met een vermogen van 144 W en twee positielichten in wit en oranje is deze lamp niet alleen functioneel, maar ook stijlvol. Hij is bovendien CE-, IP68- en R149-gecertificeerd, wat staat voor de hoogste normen voor zowel duurzaamheid als prestaties.<\/p>\n<h2>Voordelen van onze ronde LED AUX 7\u2033 hulplamp:<\/h2>\n<ul>\n<li><strong>Krachtig 144W vermogen<\/strong>: Een optimale helderheid die geschikt is voor alle soorten omgevingen, van stadsstraten tot uitdagend terrein.<\/li>\n<li><strong>Witte en oranje positielichten<\/strong>: Pas de verlichting aan uw wensen aan en cre\u00eber een unieke look voor uw voertuig.<\/li>\n<li><strong>Kwaliteit en duurzaamheid<\/strong>: Gemaakt met een duurzaam aluminium frame, polycarbonaat lens en roestvrijstalen montagebeugels om zware omstandigheden te weerstaan.<\/li>\n<li><strong>IP68 en R149-goedgekeurd<\/strong>: Water- en stofbestendig, gebouwd om de meest veeleisende omgevingen te weerstaan en veilig voor zowel on- als off-road rijden.<\/li>\n<li><strong>Rijbalk<\/strong>: Een goed uitgebalanceerde lichtbundel met een groot bereik en een breed lichtveld voor maximale zichtbaarheid in het donker.<\/li>\n<\/ul>\n<p>Het compacte 9&quot;-formaat maakt de installatie eenvoudig en flexibel, of u hem nu op een 4x4, terreinwagen of vrachtwagen monteert. Dankzij het open kabelontwerp is hij geschikt voor de meeste installaties, waardoor u de vrijheid heeft om de verlichting van uw voertuig aan te passen aan uw specifieke behoeften.<\/p>\n<h2>Waarom zou u kiezen voor een ronde LED AUX 9\u2033 hulplamp?<\/h2>\n<p>Voor wie de hoogste kwaliteit en betrouwbaarheid eist, biedt deze lamp een combinatie van krachtige verlichting, modern design en duurzame constructie. Cre\u00eber een veiligere, beter verlichte rijervaring \u2013 investeer in een extra lamp die lang meegaat.<\/p>\n<p><strong>LED AUX \u2013 9\u2033 RONDE HULPVERLICHTING<\/strong><span>\u00a0<\/span>\u2013 Voor de veeleisende bestuurder die het beste wil, zowel qua functionaliteit als design.<\/p>","protected":false},"excerpt":{"rendered":"<p>LED AUX &#8211; 9&#8243; RUND EXTRALJUS \u2013 Kraftfull Belysning f\u00f6r Alla \u00c4ventyr Ge dig ut p\u00e5 v\u00e4garna, b\u00e5de p\u00e5 och utanf\u00f6r, med sj\u00e4lvf\u00f6rtroende! V\u00e5rt\u00a0LED AUX 9&#8243; runda extraljus\u00a0\u00e4r utvecklat f\u00f6r att ge maximal sikt och s\u00e4kerhet under alla f\u00f6rh\u00e5llanden. Med 144W kraft och tv\u00e5 positionsljus i b\u00e5de vitt och orange, \u00e4r denna lampa inte bara [&hellip;]<\/p>","protected":false},"featured_media":1278,"comment_status":"closed","ping_status":"closed","template":"","meta":{"_acf_changed":false,"_smort_price_nok":"2112","_smort_price_dkk":"2236","_smort_price_eur":"299.53","_smort_sale_price_nok":"2112","_smort_sale_price_dkk":"","_smort_sale_price_eur":"179.72","smort_restorder":"","shipmondo_restorder":"","_kad_blocks_custom_css":"","_kad_blocks_head_custom_js":"","_kad_blocks_body_custom_js":"","_kad_blocks_footer_custom_js":"","smort_custom_pricelist_1":"2108.8","smort_custom_pricelist_2":"1845.2","smort_custom_pricelist_3":"1713.4","smort_custom_pricelist_4":"2636","smort_custom_pricelist_5":"1845.2"},"anvandningsomrade":[],"bilmarken":[],"product_brand":[2793],"product_cat":[2839,142],"product_tag":[],"class_list":{"0":"post-1277","1":"product","2":"type-product","3":"status-publish","4":"has-post-thumbnail","6":"product_brand-ovrigt","7":"product_cat-extraljus-9","8":"product_cat-extraljus","9":"pa_faktisk-effekts-forbrukning-408","10":"pa_fargtemperatur-6000k","11":"pa_fuktskydd-varde-ipxx-ip68-ip69k","12":"pa_godkannande-ece-ce-ukca-rohs-r10-r148-r149","13":"pa_lampsockel-kontakt-dt4","14":"pa_led-chips-effekt-w-407","15":"pa_ljusbild-driving","16":"pa_storlek-mm-233x218x83","17":"pa_volt-v-multivolt-10-12-18-24-30","19":"first","20":"instock","21":"taxable","22":"shipping-taxable","23":"purchasable","24":"product-type-simple"},"bundled_by":[],"bundle_stock_status":"instock","bundle_stock_quantity":11,"bundle_virtual":false,"bundle_layout":"","bundle_add_to_cart_form_location":"","bundle_editable_in_cart":false,"bundle_sold_individually_context":"","bundle_item_grouping":"","bundle_min_size":"","bundle_max_size":"","bundle_price":[],"bundled_items":[],"bundle_sell_ids":[],"acf":[],"yoast_head":"<!-- This site is optimized with the Yoast SEO plugin v27.0 - https:\/\/yoast.com\/product\/yoast-seo-wordpress\/ -->\n<title>LED AUX - 9&quot; - Xenonkungen<\/title>\n<meta name=\"robots\" content=\"index, follow, max-snippet:-1, max-image-preview:large, max-video-preview:-1\" \/>\n<link rel=\"canonical\" href=\"https:\/\/xenonkungen.com\/nl\/product\/led-aux-9\/\" \/>\n<meta property=\"og:locale\" content=\"nl_NL\" \/>\n<meta property=\"og:type\" content=\"article\" \/>\n<meta property=\"og:title\" content=\"LED AUX - 9&quot; - Xenonkungen\" \/>\n<meta property=\"og:description\" content=\"LED AUX &#8211; 9&#8243; RUND EXTRALJUS \u2013 Kraftfull Belysning f\u00f6r Alla \u00c4ventyr Ge dig ut p\u00e5 v\u00e4garna, b\u00e5de p\u00e5 och utanf\u00f6r, med sj\u00e4lvf\u00f6rtroende! V\u00e5rt\u00a0LED AUX 9&#8243; runda extraljus\u00a0\u00e4r utvecklat f\u00f6r att ge maximal sikt och s\u00e4kerhet under alla f\u00f6rh\u00e5llanden. Med 144W kraft och tv\u00e5 positionsljus i b\u00e5de vitt och orange, \u00e4r denna lampa inte bara [&hellip;]\" \/>\n<meta property=\"og:url\" content=\"https:\/\/xenonkungen.com\/nl\/product\/led-aux-9\/\" \/>\n<meta property=\"og:site_name\" content=\"Xenonkungen\" \/>\n<meta property=\"article:modified_time\" content=\"2026-04-24T16:01:02+00:00\" \/>\n<meta property=\"og:image\" content=\"https:\/\/xenonkungen.com\/wp-content\/uploads\/2025\/04\/d16077_white_web_biais_de_face_1140x800.jpg\" \/>\n\t<meta property=\"og:image:width\" content=\"1140\" \/>\n\t<meta property=\"og:image:height\" content=\"800\" \/>\n\t<meta property=\"og:image:type\" content=\"image\/jpeg\" \/>\n<meta name=\"twitter:card\" content=\"summary_large_image\" \/>\n<meta name=\"twitter:label1\" content=\"Geschatte leestijd\" \/>\n\t<meta name=\"twitter:data1\" content=\"2 minuten\" \/>\n<script type=\"application\/ld+json\" class=\"yoast-schema-graph\">{\"@context\":\"https:\/\/schema.org\",\"@graph\":[{\"@type\":\"WebPage\",\"@id\":\"https:\/\/xenonkungen.com\/produkt\/led-aux-9\/\",\"url\":\"https:\/\/xenonkungen.com\/produkt\/led-aux-9\/\",\"name\":\"LED AUX - 9\\\" - Xenonkungen\",\"isPartOf\":{\"@id\":\"https:\/\/xenonkungen.com\/#website\"},\"primaryImageOfPage\":{\"@id\":\"https:\/\/xenonkungen.com\/produkt\/led-aux-9\/#primaryimage\"},\"image\":{\"@id\":\"https:\/\/xenonkungen.com\/produkt\/led-aux-9\/#primaryimage\"},\"thumbnailUrl\":\"https:\/\/xenonkungen.com\/wp-content\/uploads\/2025\/04\/d16077_white_web_biais_de_face_1140x800.jpg\",\"datePublished\":\"2025-04-15T08:01:28+00:00\",\"dateModified\":\"2026-04-24T16:01:02+00:00\",\"breadcrumb\":{\"@id\":\"https:\/\/xenonkungen.com\/produkt\/led-aux-9\/#breadcrumb\"},\"inLanguage\":\"nl-NL\",\"potentialAction\":[{\"@type\":\"ReadAction\",\"target\":[\"https:\/\/xenonkungen.com\/produkt\/led-aux-9\/\"]}]},{\"@type\":\"ImageObject\",\"inLanguage\":\"nl-NL\",\"@id\":\"https:\/\/xenonkungen.com\/produkt\/led-aux-9\/#primaryimage\",\"url\":\"https:\/\/xenonkungen.com\/wp-content\/uploads\/2025\/04\/d16077_white_web_biais_de_face_1140x800.jpg\",\"contentUrl\":\"https:\/\/xenonkungen.com\/wp-content\/uploads\/2025\/04\/d16077_white_web_biais_de_face_1140x800.jpg\",\"width\":1140,\"height\":800},{\"@type\":\"BreadcrumbList\",\"@id\":\"https:\/\/xenonkungen.com\/produkt\/led-aux-9\/#breadcrumb\",\"itemListElement\":[{\"@type\":\"ListItem\",\"position\":1,\"name\":\"Hem\",\"item\":\"https:\/\/xenonkungen.com\/\"},{\"@type\":\"ListItem\",\"position\":2,\"name\":\"Shop\",\"item\":\"https:\/\/xenonkungen.com\/shop\/\"},{\"@type\":\"ListItem\",\"position\":3,\"name\":\"LED AUX &#8211; 9&#8243;\"}]},{\"@type\":\"WebSite\",\"@id\":\"https:\/\/xenonkungen.com\/#website\",\"url\":\"https:\/\/xenonkungen.com\/\",\"name\":\"Xenonkungen\",\"description\":\"\",\"potentialAction\":[{\"@type\":\"SearchAction\",\"target\":{\"@type\":\"EntryPoint\",\"urlTemplate\":\"https:\/\/xenonkungen.com\/?s={search_term_string}\"},\"query-input\":{\"@type\":\"PropertyValueSpecification\",\"valueRequired\":true,\"valueName\":\"search_term_string\"}}],\"inLanguage\":\"nl-NL\"}]}<\/script>\n<!-- \/ Yoast SEO plugin. -->","yoast_head_json":{"title":"LED AUX - 9&quot; - Xenonkungen","robots":{"index":"index","follow":"follow","max-snippet":"max-snippet:-1","max-image-preview":"max-image-preview:large","max-video-preview":"max-video-preview:-1"},"canonical":"https:\/\/xenonkungen.com\/nl\/product\/led-aux-9\/","og_locale":"nl_NL","og_type":"article","og_title":"LED AUX - 9\" - Xenonkungen","og_description":"LED AUX &#8211; 9&#8243; RUND EXTRALJUS \u2013 Kraftfull Belysning f\u00f6r Alla \u00c4ventyr Ge dig ut p\u00e5 v\u00e4garna, b\u00e5de p\u00e5 och utanf\u00f6r, med sj\u00e4lvf\u00f6rtroende! V\u00e5rt\u00a0LED AUX 9&#8243; runda extraljus\u00a0\u00e4r utvecklat f\u00f6r att ge maximal sikt och s\u00e4kerhet under alla f\u00f6rh\u00e5llanden. Med 144W kraft och tv\u00e5 positionsljus i b\u00e5de vitt och orange, \u00e4r denna lampa inte bara [&hellip;]","og_url":"https:\/\/xenonkungen.com\/nl\/product\/led-aux-9\/","og_site_name":"Xenonkungen","article_modified_time":"2026-04-24T16:01:02+00:00","og_image":[{"width":1140,"height":800,"url":"https:\/\/xenonkungen.com\/wp-content\/uploads\/2025\/04\/d16077_white_web_biais_de_face_1140x800.jpg","type":"image\/jpeg"}],"twitter_card":"summary_large_image","twitter_misc":{"Geschatte leestijd":"2 minuten"},"schema":{"@context":"https:\/\/schema.org","@graph":[{"@type":"WebPage","@id":"https:\/\/xenonkungen.com\/produkt\/led-aux-9\/","url":"https:\/\/xenonkungen.com\/produkt\/led-aux-9\/","name":"LED AUX - 9&quot; - Xenonkungen","isPartOf":{"@id":"https:\/\/xenonkungen.com\/#website"},"primaryImageOfPage":{"@id":"https:\/\/xenonkungen.com\/produkt\/led-aux-9\/#primaryimage"},"image":{"@id":"https:\/\/xenonkungen.com\/produkt\/led-aux-9\/#primaryimage"},"thumbnailUrl":"https:\/\/xenonkungen.com\/wp-content\/uploads\/2025\/04\/d16077_white_web_biais_de_face_1140x800.jpg","datePublished":"2025-04-15T08:01:28+00:00","dateModified":"2026-04-24T16:01:02+00:00","breadcrumb":{"@id":"https:\/\/xenonkungen.com\/produkt\/led-aux-9\/#breadcrumb"},"inLanguage":"nl-NL","potentialAction":[{"@type":"ReadAction","target":["https:\/\/xenonkungen.com\/produkt\/led-aux-9\/"]}]},{"@type":"ImageObject","inLanguage":"nl-NL","@id":"https:\/\/xenonkungen.com\/produkt\/led-aux-9\/#primaryimage","url":"https:\/\/xenonkungen.com\/wp-content\/uploads\/2025\/04\/d16077_white_web_biais_de_face_1140x800.jpg","contentUrl":"https:\/\/xenonkungen.com\/wp-content\/uploads\/2025\/04\/d16077_white_web_biais_de_face_1140x800.jpg","width":1140,"height":800},{"@type":"BreadcrumbList","@id":"https:\/\/xenonkungen.com\/produkt\/led-aux-9\/#breadcrumb","itemListElement":[{"@type":"ListItem","position":1,"name":"Hem","item":"https:\/\/xenonkungen.com\/"},{"@type":"ListItem","position":2,"name":"Shop","item":"https:\/\/xenonkungen.com\/shop\/"},{"@type":"ListItem","position":3,"name":"LED AUX &#8211; 9&#8243;"}]},{"@type":"WebSite","@id":"https:\/\/xenonkungen.com\/#website","url":"https:\/\/xenonkungen.com\/","name":"Xenonkungen","description":"","potentialAction":[{"@type":"SearchAction","target":{"@type":"EntryPoint","urlTemplate":"https:\/\/xenonkungen.com\/?s={search_term_string}"},"query-input":{"@type":"PropertyValueSpecification","valueRequired":true,"valueName":"search_term_string"}}],"inLanguage":"nl-NL"}]}},"taxonomy_info":{"product_brand":[{"value":2793,"label":"\u00d6VRIGT"}],"product_cat":[{"value":2839,"label":"Extraljus 9\""},{"value":142,"label":"Extraljus"}],"pa_faktisk-effekts-forbrukning":[{"value":408,"label":"131"}],"pa_fargtemperatur":[{"value":188,"label":"6000K"}],"pa_fuktskydd-varde-ipxx":[{"value":402,"label":"IP68. IP69K"}],"pa_godkannande":[{"value":405,"label":"ECE, CE, UKCA, RoHS, R10, R148, R149"}],"pa_lampsockel-kontakt":[{"value":404,"label":"DT4"}],"pa_led-chips-effekt-w":[{"value":407,"label":"144"}],"pa_ljusbild":[{"value":178,"label":"Driving"}],"pa_storlek-mm":[{"value":406,"label":"233x218x83"}],"pa_volt-v":[{"value":409,"label":"Multivolt, 10, 12, 18, 24, 30"}]},"featured_image_src_large":["https:\/\/xenonkungen.com\/wp-content\/uploads\/2025\/04\/d16077_white_web_biais_de_face_1140x800-1024x719.jpg",1024,719,true],"author_info":[],"comment_info":0,"_links":{"self":[{"href":"https:\/\/xenonkungen.com\/nl\/wp-json\/wp\/v2\/product\/1277","targetHints":{"allow":["GET"]}}],"collection":[{"href":"https:\/\/xenonkungen.com\/nl\/wp-json\/wp\/v2\/product"}],"about":[{"href":"https:\/\/xenonkungen.com\/nl\/wp-json\/wp\/v2\/types\/product"}],"replies":[{"embeddable":true,"href":"https:\/\/xenonkungen.com\/nl\/wp-json\/wp\/v2\/comments?post=1277"}],"wp:featuredmedia":[{"embeddable":true,"href":"https:\/\/xenonkungen.com\/nl\/wp-json\/wp\/v2\/media\/1278"}],"wp:attachment":[{"href":"https:\/\/xenonkungen.com\/nl\/wp-json\/wp\/v2\/media?parent=1277"}],"wp:term":[{"taxonomy":"anvandningsomrade","embeddable":true,"href":"https:\/\/xenonkungen.com\/nl\/wp-json\/wp\/v2\/anvandningsomrade?post=1277"},{"taxonomy":"bilmarken","embeddable":true,"href":"https:\/\/xenonkungen.com\/nl\/wp-json\/wp\/v2\/bilmarken?post=1277"},{"taxonomy":"product_brand","embeddable":true,"href":"https:\/\/xenonkungen.com\/nl\/wp-json\/wp\/v2\/product_brand?post=1277"},{"taxonomy":"product_cat","embeddable":true,"href":"https:\/\/xenonkungen.com\/nl\/wp-json\/wp\/v2\/product_cat?post=1277"},{"taxonomy":"product_tag","embeddable":true,"href":"https:\/\/xenonkungen.com\/nl\/wp-json\/wp\/v2\/product_tag?post=1277"}],"curies":[{"name":"wp","href":"https:\/\/api.w.org\/{rel}","templated":true}]}}