{"id":13245,"date":"2025-09-03T08:40:09","date_gmt":"2025-09-03T08:40:09","guid":{"rendered":"https:\/\/xenonkungen.com\/?post_type=product&#038;p=13245"},"modified":"2026-04-11T01:28:01","modified_gmt":"2026-04-11T00:28:01","slug":"osram-7506-originele-metalen-basis-p21w-uitgepakt","status":"publish","type":"product","link":"https:\/\/xenonkungen.com\/nl\/product\/osram-7506-originele-metalen-basis-p21w-uitgepakt\/","title":{"rendered":"Osram | 7506 | ORIGINELE METAL BASE P21W (ONVERPAKT)"},"content":{"rendered":"<h3 data-start=\"98\" data-end=\"146\">De kosteneffectieve originele reserveonderdelen<\/h3>\n<p data-start=\"148\" data-end=\"385\"><strong data-start=\"148\" data-end=\"196\">OSRAM ORIGINAL signaallampen met metalen lampvoet<\/strong> - robuust, betrouwbaar en met de bekende OEM-kwaliteit die alle OSRAM producten kenmerkt. Met een uitgebreid assortiment kunnen ze worden gebruikt als originele reserveonderdelen in veel verschillende toepassingen.<\/p>\n<p data-start=\"387\" data-end=\"418\"><strong data-start=\"387\" data-end=\"416\">Technische specificaties:<\/strong><\/p>\n<ul data-start=\"419\" data-end=\"545\">\n<li data-start=\"419\" data-end=\"440\">\n<p data-start=\"421\" data-end=\"440\">Max. vermogen: 25 W<\/p>\n<\/li>\n<li data-start=\"441\" data-end=\"472\">\n<p data-start=\"443\" data-end=\"472\">Nominale nominale spanning: 12 V<\/p>\n<\/li>\n<li data-start=\"473\" data-end=\"498\">\n<p data-start=\"475\" data-end=\"498\">Nominaal wattage: 21 W<\/p>\n<\/li>\n<li data-start=\"499\" data-end=\"523\">\n<p data-start=\"501\" data-end=\"523\">Testspanning: 13,5 V<\/p>\n<\/li>\n<li data-start=\"524\" data-end=\"545\">\n<p data-start=\"526\" data-end=\"545\">Lichtstroom: 460 lm<\/p>\n<\/li>\n<\/ul>\n<p data-start=\"547\" data-end=\"731\">De combinatie van <strong data-start=\"564\" data-end=\"631\">hoge betrouwbaarheid, brede compatibiliteit en kosteneffectiviteit<\/strong> maakt de ORIGINAL serie een veilige keuze voor voertuigeigenaren die waarde hechten aan kwaliteit en duurzaamheid.<\/p>","protected":false},"excerpt":{"rendered":"<p>De kostnadseffektiva originalreservdelarna OSRAM ORIGINAL signallampor med metallsockel \u2013 robusta, p\u00e5litliga och med den v\u00e4lk\u00e4nda OEM-kvalitet som k\u00e4nnetecknar alla OSRAM-produkter. Med ett brett sortiment kan de anv\u00e4ndas som originalreservdelar i m\u00e5nga olika till\u00e4mpningar. Tekniska specifikationer: Max. effekt: 25 W Nominell m\u00e4rksp\u00e4nning: 12 V Nominell wattal: 21 W Testsp\u00e4nning: 13,5 V Ljusfl\u00f6de: 460 lm Kombinationen av [&hellip;]<\/p>","protected":false},"featured_media":13239,"comment_status":"open","ping_status":"closed","template":"","meta":{"_acf_changed":false,"_smort_price_nok":"14","_smort_price_dkk":"9","_smort_price_eur":"1.18","_smort_sale_price_nok":"","_smort_sale_price_dkk":"","_smort_sale_price_eur":"","smort_restorder":"","shipmondo_restorder":"","_kad_blocks_custom_css":"","_kad_blocks_head_custom_js":"","_kad_blocks_body_custom_js":"","_kad_blocks_footer_custom_js":"","smort_custom_pricelist_1":"7.28","smort_custom_pricelist_2":"6.24","smort_custom_pricelist_3":"6.24","smort_custom_pricelist_4":"10.4","smort_custom_pricelist_5":"6.24"},"anvandningsomrade":[],"bilmarken":[],"product_brand":[108],"product_cat":[2515,1267],"product_tag":[],"class_list":{"0":"post-13245","1":"product","2":"type-product","3":"status-publish","4":"has-post-thumbnail","6":"product_brand-osram","7":"product_cat-ba15s","8":"product_cat-bakljus","9":"pa_lampsockel-kontakt-2744","10":"pa_lampsockel-kontakt-ba15s","11":"pa_lampsockel-kontakt-p21w","12":"pa_volt-v-159","14":"first","15":"instock","16":"taxable","17":"shipping-taxable","18":"purchasable","19":"product-type-simple"},"bundled_by":[],"bundle_stock_status":"instock","bundle_stock_quantity":92,"bundle_virtual":false,"bundle_layout":"","bundle_add_to_cart_form_location":"","bundle_editable_in_cart":false,"bundle_sold_individually_context":"","bundle_item_grouping":"","bundle_min_size":"","bundle_max_size":"","bundle_price":[],"bundled_items":[],"bundle_sell_ids":[],"acf":[],"yoast_head":"<!-- This site is optimized with the Yoast SEO plugin v27.0 - https:\/\/yoast.com\/product\/yoast-seo-wordpress\/ -->\n<title>Osram | 7506 | ORIGINAL METAL BASE P21W (UNPACKED) - Xenonkungen<\/title>\n<meta name=\"robots\" content=\"index, follow, max-snippet:-1, max-image-preview:large, max-video-preview:-1\" \/>\n<link rel=\"canonical\" href=\"https:\/\/xenonkungen.com\/nl\/product\/osram-7506-originele-metalen-basis-p21w-uitgepakt\/\" \/>\n<meta property=\"og:locale\" content=\"nl_NL\" \/>\n<meta property=\"og:type\" content=\"article\" \/>\n<meta property=\"og:title\" content=\"Osram | 7506 | ORIGINAL METAL BASE P21W (UNPACKED) - Xenonkungen\" \/>\n<meta property=\"og:description\" content=\"De kostnadseffektiva originalreservdelarna OSRAM ORIGINAL signallampor med metallsockel \u2013 robusta, p\u00e5litliga och med den v\u00e4lk\u00e4nda OEM-kvalitet som k\u00e4nnetecknar alla OSRAM-produkter. Med ett brett sortiment kan de anv\u00e4ndas som originalreservdelar i m\u00e5nga olika till\u00e4mpningar. Tekniska specifikationer: Max. effekt: 25 W Nominell m\u00e4rksp\u00e4nning: 12 V Nominell wattal: 21 W Testsp\u00e4nning: 13,5 V Ljusfl\u00f6de: 460 lm Kombinationen av [&hellip;]\" \/>\n<meta property=\"og:url\" content=\"https:\/\/xenonkungen.com\/nl\/product\/osram-7506-originele-metalen-basis-p21w-uitgepakt\/\" \/>\n<meta property=\"og:site_name\" content=\"Xenonkungen\" \/>\n<meta property=\"article:modified_time\" content=\"2026-04-11T00:28:01+00:00\" \/>\n<meta property=\"og:image\" content=\"https:\/\/xenonkungen.com\/wp-content\/uploads\/2025\/09\/Small-for-web-and-ppt-724535_ORIGINAL-P21W-7506.jpg\" \/>\n\t<meta property=\"og:image:width\" content=\"1024\" \/>\n\t<meta property=\"og:image:height\" content=\"1658\" \/>\n\t<meta property=\"og:image:type\" content=\"image\/jpeg\" \/>\n<meta name=\"twitter:card\" content=\"summary_large_image\" \/>\n<meta name=\"twitter:label1\" content=\"Geschatte leestijd\" \/>\n\t<meta name=\"twitter:data1\" content=\"1 minuut\" \/>\n<script type=\"application\/ld+json\" class=\"yoast-schema-graph\">{\"@context\":\"https:\/\/schema.org\",\"@graph\":[{\"@type\":\"WebPage\",\"@id\":\"https:\/\/xenonkungen.com\/produkt\/osram-7506-original-metal-base-p21w-unpacked\/\",\"url\":\"https:\/\/xenonkungen.com\/produkt\/osram-7506-original-metal-base-p21w-unpacked\/\",\"name\":\"Osram | 7506 | ORIGINAL METAL BASE P21W (UNPACKED) - Xenonkungen\",\"isPartOf\":{\"@id\":\"https:\/\/xenonkungen.com\/#website\"},\"primaryImageOfPage\":{\"@id\":\"https:\/\/xenonkungen.com\/produkt\/osram-7506-original-metal-base-p21w-unpacked\/#primaryimage\"},\"image\":{\"@id\":\"https:\/\/xenonkungen.com\/produkt\/osram-7506-original-metal-base-p21w-unpacked\/#primaryimage\"},\"thumbnailUrl\":\"https:\/\/xenonkungen.com\/wp-content\/uploads\/2025\/09\/Small-for-web-and-ppt-724535_ORIGINAL-P21W-7506.jpg\",\"datePublished\":\"2025-09-03T08:40:09+00:00\",\"dateModified\":\"2026-04-11T00:28:01+00:00\",\"breadcrumb\":{\"@id\":\"https:\/\/xenonkungen.com\/produkt\/osram-7506-original-metal-base-p21w-unpacked\/#breadcrumb\"},\"inLanguage\":\"nl-NL\",\"potentialAction\":[{\"@type\":\"ReadAction\",\"target\":[\"https:\/\/xenonkungen.com\/produkt\/osram-7506-original-metal-base-p21w-unpacked\/\"]}]},{\"@type\":\"ImageObject\",\"inLanguage\":\"nl-NL\",\"@id\":\"https:\/\/xenonkungen.com\/produkt\/osram-7506-original-metal-base-p21w-unpacked\/#primaryimage\",\"url\":\"https:\/\/xenonkungen.com\/wp-content\/uploads\/2025\/09\/Small-for-web-and-ppt-724535_ORIGINAL-P21W-7506.jpg\",\"contentUrl\":\"https:\/\/xenonkungen.com\/wp-content\/uploads\/2025\/09\/Small-for-web-and-ppt-724535_ORIGINAL-P21W-7506.jpg\",\"width\":1024,\"height\":1658},{\"@type\":\"BreadcrumbList\",\"@id\":\"https:\/\/xenonkungen.com\/produkt\/osram-7506-original-metal-base-p21w-unpacked\/#breadcrumb\",\"itemListElement\":[{\"@type\":\"ListItem\",\"position\":1,\"name\":\"Hem\",\"item\":\"https:\/\/xenonkungen.com\/\"},{\"@type\":\"ListItem\",\"position\":2,\"name\":\"Shop\",\"item\":\"https:\/\/xenonkungen.com\/shop\/\"},{\"@type\":\"ListItem\",\"position\":3,\"name\":\"Osram | 7506 | ORIGINAL METAL BASE P21W (UNPACKED)\"}]},{\"@type\":\"WebSite\",\"@id\":\"https:\/\/xenonkungen.com\/#website\",\"url\":\"https:\/\/xenonkungen.com\/\",\"name\":\"Xenonkungen\",\"description\":\"\",\"potentialAction\":[{\"@type\":\"SearchAction\",\"target\":{\"@type\":\"EntryPoint\",\"urlTemplate\":\"https:\/\/xenonkungen.com\/?s={search_term_string}\"},\"query-input\":{\"@type\":\"PropertyValueSpecification\",\"valueRequired\":true,\"valueName\":\"search_term_string\"}}],\"inLanguage\":\"nl-NL\"}]}<\/script>\n<!-- \/ Yoast SEO plugin. -->","yoast_head_json":{"title":"Osram | 7506 | ORIGINELE METALEN BASIS P21W (UITVERPAKT) - De Xenon Koning","robots":{"index":"index","follow":"follow","max-snippet":"max-snippet:-1","max-image-preview":"max-image-preview:large","max-video-preview":"max-video-preview:-1"},"canonical":"https:\/\/xenonkungen.com\/nl\/product\/osram-7506-originele-metalen-basis-p21w-uitgepakt\/","og_locale":"nl_NL","og_type":"article","og_title":"Osram | 7506 | ORIGINAL METAL BASE P21W (UNPACKED) - Xenonkungen","og_description":"De kostnadseffektiva originalreservdelarna OSRAM ORIGINAL signallampor med metallsockel \u2013 robusta, p\u00e5litliga och med den v\u00e4lk\u00e4nda OEM-kvalitet som k\u00e4nnetecknar alla OSRAM-produkter. Med ett brett sortiment kan de anv\u00e4ndas som originalreservdelar i m\u00e5nga olika till\u00e4mpningar. Tekniska specifikationer: Max. effekt: 25 W Nominell m\u00e4rksp\u00e4nning: 12 V Nominell wattal: 21 W Testsp\u00e4nning: 13,5 V Ljusfl\u00f6de: 460 lm Kombinationen av [&hellip;]","og_url":"https:\/\/xenonkungen.com\/nl\/product\/osram-7506-originele-metalen-basis-p21w-uitgepakt\/","og_site_name":"Xenonkungen","article_modified_time":"2026-04-11T00:28:01+00:00","og_image":[{"width":1024,"height":1658,"url":"https:\/\/xenonkungen.com\/wp-content\/uploads\/2025\/09\/Small-for-web-and-ppt-724535_ORIGINAL-P21W-7506.jpg","type":"image\/jpeg"}],"twitter_card":"summary_large_image","twitter_misc":{"Geschatte leestijd":"1 minuut"},"schema":{"@context":"https:\/\/schema.org","@graph":[{"@type":"WebPage","@id":"https:\/\/xenonkungen.com\/produkt\/osram-7506-original-metal-base-p21w-unpacked\/","url":"https:\/\/xenonkungen.com\/produkt\/osram-7506-original-metal-base-p21w-unpacked\/","name":"Osram | 7506 | ORIGINELE METALEN BASIS P21W (UITVERPAKT) - De Xenon Koning","isPartOf":{"@id":"https:\/\/xenonkungen.com\/#website"},"primaryImageOfPage":{"@id":"https:\/\/xenonkungen.com\/produkt\/osram-7506-original-metal-base-p21w-unpacked\/#primaryimage"},"image":{"@id":"https:\/\/xenonkungen.com\/produkt\/osram-7506-original-metal-base-p21w-unpacked\/#primaryimage"},"thumbnailUrl":"https:\/\/xenonkungen.com\/wp-content\/uploads\/2025\/09\/Small-for-web-and-ppt-724535_ORIGINAL-P21W-7506.jpg","datePublished":"2025-09-03T08:40:09+00:00","dateModified":"2026-04-11T00:28:01+00:00","breadcrumb":{"@id":"https:\/\/xenonkungen.com\/produkt\/osram-7506-original-metal-base-p21w-unpacked\/#breadcrumb"},"inLanguage":"nl-NL","potentialAction":[{"@type":"ReadAction","target":["https:\/\/xenonkungen.com\/produkt\/osram-7506-original-metal-base-p21w-unpacked\/"]}]},{"@type":"ImageObject","inLanguage":"nl-NL","@id":"https:\/\/xenonkungen.com\/produkt\/osram-7506-original-metal-base-p21w-unpacked\/#primaryimage","url":"https:\/\/xenonkungen.com\/wp-content\/uploads\/2025\/09\/Small-for-web-and-ppt-724535_ORIGINAL-P21W-7506.jpg","contentUrl":"https:\/\/xenonkungen.com\/wp-content\/uploads\/2025\/09\/Small-for-web-and-ppt-724535_ORIGINAL-P21W-7506.jpg","width":1024,"height":1658},{"@type":"BreadcrumbList","@id":"https:\/\/xenonkungen.com\/produkt\/osram-7506-original-metal-base-p21w-unpacked\/#breadcrumb","itemListElement":[{"@type":"ListItem","position":1,"name":"Hem","item":"https:\/\/xenonkungen.com\/"},{"@type":"ListItem","position":2,"name":"Shop","item":"https:\/\/xenonkungen.com\/shop\/"},{"@type":"ListItem","position":3,"name":"Osram | 7506 | ORIGINAL METAL BASE P21W (UNPACKED)"}]},{"@type":"WebSite","@id":"https:\/\/xenonkungen.com\/#website","url":"https:\/\/xenonkungen.com\/","name":"Xenonkungen","description":"","potentialAction":[{"@type":"SearchAction","target":{"@type":"EntryPoint","urlTemplate":"https:\/\/xenonkungen.com\/?s={search_term_string}"},"query-input":{"@type":"PropertyValueSpecification","valueRequired":true,"valueName":"search_term_string"}}],"inLanguage":"nl-NL"}]}},"taxonomy_info":{"product_brand":[{"value":108,"label":"OSRAM"}],"product_cat":[{"value":2515,"label":"BA15S"},{"value":1267,"label":"Bakljus"}],"pa_lampsockel-kontakt":[{"value":2744,"label":"1156"},{"value":474,"label":"BA15S"},{"value":1897,"label":"P21W"}],"pa_volt-v":[{"value":159,"label":"12"}]},"featured_image_src_large":["https:\/\/xenonkungen.com\/wp-content\/uploads\/2025\/09\/Small-for-web-and-ppt-724535_ORIGINAL-P21W-7506-632x1024.jpg",632,1024,true],"author_info":[],"comment_info":0,"_links":{"self":[{"href":"https:\/\/xenonkungen.com\/nl\/wp-json\/wp\/v2\/product\/13245","targetHints":{"allow":["GET"]}}],"collection":[{"href":"https:\/\/xenonkungen.com\/nl\/wp-json\/wp\/v2\/product"}],"about":[{"href":"https:\/\/xenonkungen.com\/nl\/wp-json\/wp\/v2\/types\/product"}],"replies":[{"embeddable":true,"href":"https:\/\/xenonkungen.com\/nl\/wp-json\/wp\/v2\/comments?post=13245"}],"wp:featuredmedia":[{"embeddable":true,"href":"https:\/\/xenonkungen.com\/nl\/wp-json\/wp\/v2\/media\/13239"}],"wp:attachment":[{"href":"https:\/\/xenonkungen.com\/nl\/wp-json\/wp\/v2\/media?parent=13245"}],"wp:term":[{"taxonomy":"anvandningsomrade","embeddable":true,"href":"https:\/\/xenonkungen.com\/nl\/wp-json\/wp\/v2\/anvandningsomrade?post=13245"},{"taxonomy":"bilmarken","embeddable":true,"href":"https:\/\/xenonkungen.com\/nl\/wp-json\/wp\/v2\/bilmarken?post=13245"},{"taxonomy":"product_brand","embeddable":true,"href":"https:\/\/xenonkungen.com\/nl\/wp-json\/wp\/v2\/product_brand?post=13245"},{"taxonomy":"product_cat","embeddable":true,"href":"https:\/\/xenonkungen.com\/nl\/wp-json\/wp\/v2\/product_cat?post=13245"},{"taxonomy":"product_tag","embeddable":true,"href":"https:\/\/xenonkungen.com\/nl\/wp-json\/wp\/v2\/product_tag?post=13245"}],"curies":[{"name":"wp","href":"https:\/\/api.w.org\/{rel}","templated":true}]}}