{"id":13438,"date":"2025-09-05T12:38:21","date_gmt":"2025-09-05T12:38:21","guid":{"rendered":"https:\/\/xenonkungen.com\/?post_type=product&#038;p=13438"},"modified":"2026-04-17T12:08:08","modified_gmt":"2026-04-17T11:08:08","slug":"tesla-verfstift-batterijkleur-jowua-snelzilver","status":"publish","type":"product","link":"https:\/\/xenonkungen.com\/nl\/product\/tesla-verfstift-batterijkleur-jowua-snelzilver\/","title":{"rendered":"Tesla verfstick &amp; retoucheerverf"},"content":{"rendered":"<p data-start=\"67\" data-end=\"150\"><strong data-start=\"67\" data-end=\"148\">Jowua-bijwerkverf &amp; bijwerkverf \u2013 Geef uw Tesla in slechts een paar minuten nieuw leven<\/strong><\/p>\n<p data-start=\"152\" data-end=\"457\">Kleine krasjes, deukjes en steenslag zijn onvermijdelijk \u2013 maar met <strong data-start=\"207\" data-end=\"226\">Jowua nagellak<\/strong> Je kunt ze eenvoudig zelf repareren en de lak of velgen van je Tesla weer als nieuw maken. Dankzij een ruime keuze aan kleuren kun je de exacte tint kiezen die bij je auto past, voor een <strong data-start=\"408\" data-end=\"443\">nauwkeurige en professionele afwerking<\/strong> elke keer.<\/p>\n<p data-start=\"459\" data-end=\"494\"><strong data-start=\"459\" data-end=\"492\">Voordelen van Jowua nagellak:<\/strong><\/p>\n<ul data-start=\"495\" data-end=\"791\">\n<li data-start=\"495\" data-end=\"557\">\n<p data-start=\"497\" data-end=\"557\">Aangepaste kleurcodes die overeenkomen met de originele tinten van Tesla<\/p>\n<\/li>\n<li data-start=\"558\" data-end=\"629\">\n<p data-start=\"560\" data-end=\"629\">Bedekt snel krassen, chips en kleine beschadigingen aan zowel de lak als de velgen<\/p>\n<\/li>\n<li data-start=\"630\" data-end=\"679\">\n<p data-start=\"632\" data-end=\"679\">Ultradunne Dupont-kwast voor maximale precisie<\/p>\n<\/li>\n<li data-start=\"680\" data-end=\"738\">\n<p data-start=\"682\" data-end=\"738\">Zorgt voor een professionele afwerking \u2013 de auto ziet er weer als nieuw uit<\/p>\n<\/li>\n<li data-start=\"739\" data-end=\"791\">\n<p data-start=\"741\" data-end=\"791\">Soepele en gemakkelijke toepassing, zelfs voor beginners<\/p>\n<\/li>\n<\/ul>\n<p data-start=\"793\" data-end=\"819\"><strong data-start=\"793\" data-end=\"817\">Beschikbare kleuren:<\/strong><\/p>\n<ul data-start=\"820\" data-end=\"918\">\n<li data-start=\"820\" data-end=\"881\">\n<p data-start=\"822\" data-end=\"881\">Verf: Quick Silver, Solid Black, Midnight Silver Metallic<\/p>\n<\/li>\n<li data-start=\"882\" data-end=\"918\">\n<p data-start=\"884\" data-end=\"918\">Velgen: Midnight Silver Metallic<\/p>\n<\/li>\n<\/ul>\n<p data-start=\"920\" data-end=\"964\"><strong data-start=\"920\" data-end=\"962\">Zo eenvoudig is het om Jowua nagellak te gebruiken:<\/strong><\/p>\n<ol data-start=\"965\" data-end=\"1176\">\n<li data-start=\"965\" data-end=\"997\">\n<p data-start=\"968\" data-end=\"997\">Maak het oppervlak schoon en droog het af.<\/p>\n<\/li>\n<li data-start=\"998\" data-end=\"1037\">\n<p data-start=\"1001\" data-end=\"1037\">De pen goed schudden voor gebruik.<\/p>\n<\/li>\n<li data-start=\"1038\" data-end=\"1071\">\n<p data-start=\"1041\" data-end=\"1071\">Breng de verf aan met het penseel<\/p>\n<\/li>\n<li data-start=\"1072\" data-end=\"1128\">\n<p data-start=\"1075\" data-end=\"1128\">Voor diepere krassen \u2013 herhaal nadat de verf is opgedroogd<\/p>\n<\/li>\n<li data-start=\"1129\" data-end=\"1176\">\n<p data-start=\"1132\" data-end=\"1176\">Sluit de pin na gebruik altijd goed af.<\/p>\n<\/li>\n<\/ol>\n<p data-start=\"1178\" data-end=\"1200\"><strong data-start=\"1178\" data-end=\"1198\">Het pakket bevat:<br \/>\n<\/strong>1 retoucheerstift met ultradunne Dupont-kwast<\/p>\n<p data-start=\"54\" data-end=\"72\"><strong data-start=\"54\" data-end=\"70\">Geschikt voor:<\/strong><\/p>\n<ul data-start=\"73\" data-end=\"144\" data-is-last-node=\"\" data-is-only-node=\"\">\n<li data-start=\"73\" data-end=\"90\">\n<p data-start=\"75\" data-end=\"90\">Tesla Model S<\/p>\n<\/li>\n<li data-start=\"91\" data-end=\"108\">\n<p data-start=\"93\" data-end=\"108\">Tesla Model 3<\/p>\n<\/li>\n<li data-start=\"109\" data-end=\"126\">\n<p data-start=\"111\" data-end=\"126\">Tesla Model X<\/p>\n<\/li>\n<li data-start=\"127\" data-end=\"144\" data-is-last-node=\"\">\n<p data-start=\"129\" data-end=\"144\" data-is-last-node=\"\">Tesla Model Y<\/p>\n<\/li>\n<\/ul>\n<p data-start=\"1326\" data-end=\"1486\">Met de Jowua lakstiften herstelt u kleine schades zelf \u2013 snel, eenvoudig en met een blijvend resultaat. Bescherm uw investering en laat uw Tesla weer stralen!<\/p>\n<p>&nbsp;<\/p>","protected":false},"excerpt":{"rendered":"<p>Jowua lackstift &amp; b\u00e4ttringsf\u00e4rg \u2013 Ge din Tesla nytt liv p\u00e5 bara n\u00e5gra minuter Sm\u00e5 repor, nagg och stenskott \u00e4r oundvikliga \u2013 men med Jowua lackstift fixar du dem enkelt sj\u00e4lv och \u00e5terst\u00e4ller din Teslas lack eller f\u00e4lgar till nyskick. Tack vare ett brett urval av f\u00e4rger kan du v\u00e4lja den exakta nyansen som matchar [&hellip;]<\/p>","protected":false},"featured_media":13447,"comment_status":"open","ping_status":"closed","template":"","meta":{"_acf_changed":false,"_smort_price_nok":"319","_smort_price_dkk":"203","_smort_price_eur":"27.18","_smort_sale_price_nok":"","_smort_sale_price_dkk":"","_smort_sale_price_eur":"","smort_restorder":"","shipmondo_restorder":"","_kad_blocks_custom_css":"","_kad_blocks_head_custom_js":"","_kad_blocks_body_custom_js":"","_kad_blocks_footer_custom_js":"","smort_custom_pricelist_1":"","smort_custom_pricelist_2":"","smort_custom_pricelist_3":"","smort_custom_pricelist_4":"","smort_custom_pricelist_5":""},"anvandningsomrade":[],"bilmarken":[290,569],"product_brand":[2792],"product_cat":[16],"product_tag":[],"class_list":{"0":"post-13438","1":"product","2":"type-product","3":"status-publish","4":"has-post-thumbnail","6":"bilmarken-tesla","7":"bilmarken-tesla-model-s","8":"product_brand-tesla","9":"product_cat-uncategorized","10":"pa_farg-silver-midnight-silver-metallic","11":"pa_farg-silver-quick-silver","12":"pa_farg-svart-solid-black","14":"first","15":"instock","16":"taxable","17":"shipping-taxable","18":"purchasable","19":"product-type-variable"},"bundled_by":[],"bundle_stock_status":"instock","bundle_stock_quantity":null,"bundle_virtual":false,"bundle_layout":"","bundle_add_to_cart_form_location":"","bundle_editable_in_cart":false,"bundle_sold_individually_context":"","bundle_item_grouping":"","bundle_min_size":"","bundle_max_size":"","bundle_price":[],"bundled_items":[],"bundle_sell_ids":[],"acf":[],"yoast_head":"<!-- This site is optimized with the Yoast SEO plugin v27.0 - https:\/\/yoast.com\/product\/yoast-seo-wordpress\/ -->\n<title>Tesla lackstift &amp; b\u00e4ttringsf\u00e4rg - Xenonkungen<\/title>\n<meta name=\"robots\" content=\"index, follow, max-snippet:-1, max-image-preview:large, max-video-preview:-1\" \/>\n<link rel=\"canonical\" href=\"https:\/\/xenonkungen.com\/nl\/product\/tesla-verfstift-batterijkleur-jowua-snelzilver\/\" \/>\n<meta property=\"og:locale\" content=\"nl_NL\" \/>\n<meta property=\"og:type\" content=\"article\" \/>\n<meta property=\"og:title\" content=\"Tesla lackstift &amp; b\u00e4ttringsf\u00e4rg - Xenonkungen\" \/>\n<meta property=\"og:description\" content=\"Jowua lackstift &amp; b\u00e4ttringsf\u00e4rg \u2013 Ge din Tesla nytt liv p\u00e5 bara n\u00e5gra minuter Sm\u00e5 repor, nagg och stenskott \u00e4r oundvikliga \u2013 men med Jowua lackstift fixar du dem enkelt sj\u00e4lv och \u00e5terst\u00e4ller din Teslas lack eller f\u00e4lgar till nyskick. Tack vare ett brett urval av f\u00e4rger kan du v\u00e4lja den exakta nyansen som matchar [&hellip;]\" \/>\n<meta property=\"og:url\" content=\"https:\/\/xenonkungen.com\/nl\/product\/tesla-verfstift-batterijkleur-jowua-snelzilver\/\" \/>\n<meta property=\"og:site_name\" content=\"Xenonkungen\" \/>\n<meta property=\"article:modified_time\" content=\"2026-04-17T11:08:08+00:00\" \/>\n<meta property=\"og:image\" content=\"https:\/\/xenonkungen.com\/wp-content\/uploads\/2025\/09\/image_efbab600-efb0-4879-800b-d010b81c93d6.webp\" \/>\n\t<meta property=\"og:image:width\" content=\"1100\" \/>\n\t<meta property=\"og:image:height\" content=\"1952\" \/>\n\t<meta property=\"og:image:type\" content=\"image\/webp\" \/>\n<meta name=\"twitter:card\" content=\"summary_large_image\" \/>\n<meta name=\"twitter:label1\" content=\"Geschatte leestijd\" \/>\n\t<meta name=\"twitter:data1\" content=\"2 minuten\" \/>\n<script type=\"application\/ld+json\" class=\"yoast-schema-graph\">{\"@context\":\"https:\/\/schema.org\",\"@graph\":[{\"@type\":\"WebPage\",\"@id\":\"https:\/\/xenonkungen.com\/en\/product\/tesla-paint-stick-battery-color-jowua-quick-silver\/\",\"url\":\"https:\/\/xenonkungen.com\/en\/product\/tesla-paint-stick-battery-color-jowua-quick-silver\/\",\"name\":\"Tesla lackstift & b\u00e4ttringsf\u00e4rg - Xenonkungen\",\"isPartOf\":{\"@id\":\"https:\/\/xenonkungen.com\/#website\"},\"primaryImageOfPage\":{\"@id\":\"https:\/\/xenonkungen.com\/en\/product\/tesla-paint-stick-battery-color-jowua-quick-silver\/#primaryimage\"},\"image\":{\"@id\":\"https:\/\/xenonkungen.com\/en\/product\/tesla-paint-stick-battery-color-jowua-quick-silver\/#primaryimage\"},\"thumbnailUrl\":\"https:\/\/xenonkungen.com\/wp-content\/uploads\/2025\/09\/image_efbab600-efb0-4879-800b-d010b81c93d6.webp\",\"datePublished\":\"2025-09-05T12:38:21+00:00\",\"dateModified\":\"2026-04-17T11:08:08+00:00\",\"breadcrumb\":{\"@id\":\"https:\/\/xenonkungen.com\/en\/product\/tesla-paint-stick-battery-color-jowua-quick-silver\/#breadcrumb\"},\"inLanguage\":\"nl-NL\",\"potentialAction\":[{\"@type\":\"ReadAction\",\"target\":[\"https:\/\/xenonkungen.com\/en\/product\/tesla-paint-stick-battery-color-jowua-quick-silver\/\"]}]},{\"@type\":\"ImageObject\",\"inLanguage\":\"nl-NL\",\"@id\":\"https:\/\/xenonkungen.com\/en\/product\/tesla-paint-stick-battery-color-jowua-quick-silver\/#primaryimage\",\"url\":\"https:\/\/xenonkungen.com\/wp-content\/uploads\/2025\/09\/image_efbab600-efb0-4879-800b-d010b81c93d6.webp\",\"contentUrl\":\"https:\/\/xenonkungen.com\/wp-content\/uploads\/2025\/09\/image_efbab600-efb0-4879-800b-d010b81c93d6.webp\",\"width\":1100,\"height\":1952},{\"@type\":\"BreadcrumbList\",\"@id\":\"https:\/\/xenonkungen.com\/en\/product\/tesla-paint-stick-battery-color-jowua-quick-silver\/#breadcrumb\",\"itemListElement\":[{\"@type\":\"ListItem\",\"position\":1,\"name\":\"Hem\",\"item\":\"https:\/\/xenonkungen.com\/\"},{\"@type\":\"ListItem\",\"position\":2,\"name\":\"Shop\",\"item\":\"https:\/\/xenonkungen.com\/shop\/\"},{\"@type\":\"ListItem\",\"position\":3,\"name\":\"Tesla lackstift &#038; b\u00e4ttringsf\u00e4rg\"}]},{\"@type\":\"WebSite\",\"@id\":\"https:\/\/xenonkungen.com\/#website\",\"url\":\"https:\/\/xenonkungen.com\/\",\"name\":\"Xenonkungen\",\"description\":\"\",\"potentialAction\":[{\"@type\":\"SearchAction\",\"target\":{\"@type\":\"EntryPoint\",\"urlTemplate\":\"https:\/\/xenonkungen.com\/?s={search_term_string}\"},\"query-input\":{\"@type\":\"PropertyValueSpecification\",\"valueRequired\":true,\"valueName\":\"search_term_string\"}}],\"inLanguage\":\"nl-NL\"}]}<\/script>\n<!-- \/ Yoast SEO plugin. -->","yoast_head_json":{"title":"Tesla retoucheerverf &amp; retoucheerverf - Xenonkungen","robots":{"index":"index","follow":"follow","max-snippet":"max-snippet:-1","max-image-preview":"max-image-preview:large","max-video-preview":"max-video-preview:-1"},"canonical":"https:\/\/xenonkungen.com\/nl\/product\/tesla-verfstift-batterijkleur-jowua-snelzilver\/","og_locale":"nl_NL","og_type":"article","og_title":"Tesla lackstift & b\u00e4ttringsf\u00e4rg - Xenonkungen","og_description":"Jowua lackstift &amp; b\u00e4ttringsf\u00e4rg \u2013 Ge din Tesla nytt liv p\u00e5 bara n\u00e5gra minuter Sm\u00e5 repor, nagg och stenskott \u00e4r oundvikliga \u2013 men med Jowua lackstift fixar du dem enkelt sj\u00e4lv och \u00e5terst\u00e4ller din Teslas lack eller f\u00e4lgar till nyskick. Tack vare ett brett urval av f\u00e4rger kan du v\u00e4lja den exakta nyansen som matchar [&hellip;]","og_url":"https:\/\/xenonkungen.com\/nl\/product\/tesla-verfstift-batterijkleur-jowua-snelzilver\/","og_site_name":"Xenonkungen","article_modified_time":"2026-04-17T11:08:08+00:00","og_image":[{"width":1100,"height":1952,"url":"https:\/\/xenonkungen.com\/wp-content\/uploads\/2025\/09\/image_efbab600-efb0-4879-800b-d010b81c93d6.webp","type":"image\/webp"}],"twitter_card":"summary_large_image","twitter_misc":{"Geschatte leestijd":"2 minuten"},"schema":{"@context":"https:\/\/schema.org","@graph":[{"@type":"WebPage","@id":"https:\/\/xenonkungen.com\/en\/product\/tesla-paint-stick-battery-color-jowua-quick-silver\/","url":"https:\/\/xenonkungen.com\/en\/product\/tesla-paint-stick-battery-color-jowua-quick-silver\/","name":"Tesla retoucheerverf &amp; retoucheerverf - Xenonkungen","isPartOf":{"@id":"https:\/\/xenonkungen.com\/#website"},"primaryImageOfPage":{"@id":"https:\/\/xenonkungen.com\/en\/product\/tesla-paint-stick-battery-color-jowua-quick-silver\/#primaryimage"},"image":{"@id":"https:\/\/xenonkungen.com\/en\/product\/tesla-paint-stick-battery-color-jowua-quick-silver\/#primaryimage"},"thumbnailUrl":"https:\/\/xenonkungen.com\/wp-content\/uploads\/2025\/09\/image_efbab600-efb0-4879-800b-d010b81c93d6.webp","datePublished":"2025-09-05T12:38:21+00:00","dateModified":"2026-04-17T11:08:08+00:00","breadcrumb":{"@id":"https:\/\/xenonkungen.com\/en\/product\/tesla-paint-stick-battery-color-jowua-quick-silver\/#breadcrumb"},"inLanguage":"nl-NL","potentialAction":[{"@type":"ReadAction","target":["https:\/\/xenonkungen.com\/en\/product\/tesla-paint-stick-battery-color-jowua-quick-silver\/"]}]},{"@type":"ImageObject","inLanguage":"nl-NL","@id":"https:\/\/xenonkungen.com\/en\/product\/tesla-paint-stick-battery-color-jowua-quick-silver\/#primaryimage","url":"https:\/\/xenonkungen.com\/wp-content\/uploads\/2025\/09\/image_efbab600-efb0-4879-800b-d010b81c93d6.webp","contentUrl":"https:\/\/xenonkungen.com\/wp-content\/uploads\/2025\/09\/image_efbab600-efb0-4879-800b-d010b81c93d6.webp","width":1100,"height":1952},{"@type":"BreadcrumbList","@id":"https:\/\/xenonkungen.com\/en\/product\/tesla-paint-stick-battery-color-jowua-quick-silver\/#breadcrumb","itemListElement":[{"@type":"ListItem","position":1,"name":"Hem","item":"https:\/\/xenonkungen.com\/"},{"@type":"ListItem","position":2,"name":"Shop","item":"https:\/\/xenonkungen.com\/shop\/"},{"@type":"ListItem","position":3,"name":"Tesla lackstift &#038; b\u00e4ttringsf\u00e4rg"}]},{"@type":"WebSite","@id":"https:\/\/xenonkungen.com\/#website","url":"https:\/\/xenonkungen.com\/","name":"Xenonkungen","description":"","potentialAction":[{"@type":"SearchAction","target":{"@type":"EntryPoint","urlTemplate":"https:\/\/xenonkungen.com\/?s={search_term_string}"},"query-input":{"@type":"PropertyValueSpecification","valueRequired":true,"valueName":"search_term_string"}}],"inLanguage":"nl-NL"}]}},"taxonomy_info":{"bilmarken":[{"value":290,"label":"Tesla"},{"value":569,"label":"Tesla Model S"}],"product_brand":[{"value":2792,"label":"TESLA"}],"product_cat":[{"value":16,"label":"Uncategorized"}],"pa_farg":[{"value":2755,"label":"Silver - Midnight Silver Metallic"},{"value":2754,"label":"Silver - Quick Silver"},{"value":2756,"label":"Svart - Solid Black"}]},"featured_image_src_large":["https:\/\/xenonkungen.com\/wp-content\/uploads\/2025\/09\/image_efbab600-efb0-4879-800b-d010b81c93d6-577x1024.webp",577,1024,true],"author_info":[],"comment_info":0,"_links":{"self":[{"href":"https:\/\/xenonkungen.com\/nl\/wp-json\/wp\/v2\/product\/13438","targetHints":{"allow":["GET"]}}],"collection":[{"href":"https:\/\/xenonkungen.com\/nl\/wp-json\/wp\/v2\/product"}],"about":[{"href":"https:\/\/xenonkungen.com\/nl\/wp-json\/wp\/v2\/types\/product"}],"replies":[{"embeddable":true,"href":"https:\/\/xenonkungen.com\/nl\/wp-json\/wp\/v2\/comments?post=13438"}],"wp:featuredmedia":[{"embeddable":true,"href":"https:\/\/xenonkungen.com\/nl\/wp-json\/wp\/v2\/media\/13447"}],"wp:attachment":[{"href":"https:\/\/xenonkungen.com\/nl\/wp-json\/wp\/v2\/media?parent=13438"}],"wp:term":[{"taxonomy":"anvandningsomrade","embeddable":true,"href":"https:\/\/xenonkungen.com\/nl\/wp-json\/wp\/v2\/anvandningsomrade?post=13438"},{"taxonomy":"bilmarken","embeddable":true,"href":"https:\/\/xenonkungen.com\/nl\/wp-json\/wp\/v2\/bilmarken?post=13438"},{"taxonomy":"product_brand","embeddable":true,"href":"https:\/\/xenonkungen.com\/nl\/wp-json\/wp\/v2\/product_brand?post=13438"},{"taxonomy":"product_cat","embeddable":true,"href":"https:\/\/xenonkungen.com\/nl\/wp-json\/wp\/v2\/product_cat?post=13438"},{"taxonomy":"product_tag","embeddable":true,"href":"https:\/\/xenonkungen.com\/nl\/wp-json\/wp\/v2\/product_tag?post=13438"}],"curies":[{"name":"wp","href":"https:\/\/api.w.org\/{rel}","templated":true}]}}