{"id":15682,"date":"2025-10-15T09:16:29","date_gmt":"2025-10-15T09:16:29","guid":{"rendered":"https:\/\/xenonkungen.com\/?post_type=product&#038;p=15682"},"modified":"2026-03-27T16:48:29","modified_gmt":"2026-03-27T15:48:29","slug":"xbb-powerunit-6-slave-unit-dongle","status":"publish","type":"product","link":"https:\/\/xenonkungen.com\/nl\/product\/xbb-powerunit-6-slave-unit-dongle\/","title":{"rendered":"XBB PowerUnit 6 | Slave-unit + dongle"},"content":{"rendered":"<h1>XBB PowerUnit 6 \u2013 Slimme bediening, eenvoudige installatie<\/h1>\n<p>XBB PowerUnit 6 is de optimale oplossing voor wie de controle over de verlichting en accessoires van zijn voertuig wil overnemen \u2013 zonder het interieur te hoeven slopen, signaalkabels te zoeken of extra schakelaars te installeren. De installatie is soepel, discreet en volledig draadloos.<\/p>\n<p>Koppel het apparaat aan de XBB Dongle of PP-CAN-FD en u krijgt toegang tot de CAN-bus signalen van het voertuig. Hiermee kunt u bijvoorbeeld de verlichting bij groot licht, de achteruitrijfunctie, de ontsteking of een andere functie van uw keuze volledig automatisch inschakelen.<\/p>\n<p>Met 6 hoogstroomuitgangen per PowerUnit en de mogelijkheid om maximaal vier apparaten aan te sluiten, kunt u maar liefst 24 uitgangen draadloos bedienen en deze via de app naar wens configureren.<\/p>\n<h1>XBB OBD-II Dongle<\/h1>\n<p>XBB Powerunit is een volledig uniek product. Hiermee vergemakkelijkt u het aansluiten van led-oprijplaten, extra verlichting, achteruitrijlampen, werklampen enz. Werkt op zowel 12 als 24V systemen.<\/p>\n<p>De dongle sluit je gewoon aan op de OBD-aansluiting van je auto. Vervolgens kun je hem synchroniseren met 1 of meer draadloze relais. XBB heeft verschillende recepten ontwikkeld voor verschillende auto's. Het is belangrijk dat je controleert of jouw auto compatibel is via de lijst die we hier in het artikel linken.<\/p>\n<p>In de app vertel je het relais wat het moet doen. moet het samen met het grootlicht worden ingeschakeld? Is er een positielicht dat moet worden ingeschakeld wanneer de extra verlichting\/oprijlicht wordt uitgeschakeld? Mm.<\/p>\n<p>Het is ook mogelijk om achteruitrijlichten op de meeste auto's te programmeren, zodat ze aangaan wanneer je de auto in zijn achteruit zet.<\/p>\n<hr \/>\n<h2>Inhoud van het pakket:<\/h2>\n<ul>\n<li>1 st XBB Powerunit 6<\/li>\n<li>1 stuk XBB OBD-II-dongle<\/li>\n<\/ul>\n<hr \/>\n<h2 class=\"wp-block-heading\">Verbindingsvoorbeelden etc.<\/h2>\n<ul>\n<li><a href=\"https:\/\/www.xbb.se\/wp-content\/uploads\/2024\/11\/DATASHEET-XBB-PU6-example-connectionEN-20241127-1.pdf\" target=\"_blank\" rel=\"noreferrer noopener\">Bedradingsvoorbeeld Versie 1.2<\/a><\/li>\n<li><a href=\"https:\/\/www.xbb.se\/wp-content\/uploads\/2024\/11\/DATASHEET-XBB-PU6-example-connectionEN-20240604-1.pdf\" target=\"_blank\" rel=\"noreferrer noopener\">Bedradingsvoorbeeld Versie 1.1<\/a><\/li>\n<li><a href=\"https:\/\/www.xbb.se\/wp-content\/uploads\/2025\/01\/DATASHEET-XBB-PowerUnit-6-EN-20241127-1.pdf\" target=\"_blank\" rel=\"noreferrer noopener\">Gegevensblad XBB PowerUnit 6\u00ae Ver 1.2<\/a><\/li>\n<\/ul>","protected":false},"excerpt":{"rendered":"<ul>\n<li>Mogelijkheid tot 6 functies in dezelfde unit.<\/li>\n<li>6 uitgangen van 10 Amp\u00e8re.<\/li>\n<li>Mogelijkheid om meerdere uitgangen aan te sluiten voor meer vermogen.<\/li>\n<li>Platte pinnen 6,3 x 10 stuks<\/li>\n<li>Relaisaansluiting volgens ISO 8092-1<\/li>\n<li>Montagenokken voor eenvoudige installatie<\/li>\n<li>Maakt verbinding met XBB Dongle\u00ae of PP-CAN-FD\u00ae.<\/li>\n<\/ul>","protected":false},"featured_media":15684,"comment_status":"open","ping_status":"closed","template":"","meta":{"_acf_changed":false,"_smort_price_nok":"3199","_smort_price_dkk":"2032","_smort_price_eur":"272.26","_smort_sale_price_nok":"","_smort_sale_price_dkk":"","_smort_sale_price_eur":"","smort_restorder":"","shipmondo_restorder":"","_kad_blocks_custom_css":"","_kad_blocks_head_custom_js":"","_kad_blocks_body_custom_js":"","_kad_blocks_footer_custom_js":"","smort_custom_pricelist_1":"1916.8","smort_custom_pricelist_2":"1677.2","smort_custom_pricelist_3":"1677.2","smort_custom_pricelist_4":"2396","smort_custom_pricelist_5":"1677.2"},"anvandningsomrade":[],"bilmarken":[],"product_brand":[115],"product_cat":[2487,2841,2828,2468,2497,390],"product_tag":[],"class_list":{"0":"post-15682","1":"product","2":"type-product","3":"status-publish","4":"has-post-thumbnail","6":"product_brand-xbb","7":"product_cat-canbus-installation","8":"product_cat-installation-extraljus","9":"product_cat-installation-led-ramper","10":"product_cat-rela","11":"product_cat-xbb","12":"product_cat-installation","14":"first","15":"instock","16":"virtual","17":"taxable","18":"purchasable","19":"product-type-bundle"},"bundled_by":[],"bundle_stock_status":"instock","bundle_stock_quantity":53,"bundle_virtual":false,"bundle_layout":"default","bundle_add_to_cart_form_location":"default","bundle_editable_in_cart":false,"bundle_sold_individually_context":"product","bundle_item_grouping":"parent","bundle_min_size":"","bundle_max_size":"","bundle_price":{"price":{"min":{"incl_tax":"272.25","excl_tax":"217.79838868"},"max":{"incl_tax":"272.25","excl_tax":"217.79838868"}},"regular_price":{"min":{"incl_tax":"272.25","excl_tax":"217.79838868"},"max":{"incl_tax":"272.25","excl_tax":"217.79838868"}}},"bundled_items":[{"bundled_item_id":496,"product_id":12057,"menu_order":0,"quantity_min":1,"quantity_max":1,"quantity_default":1,"priced_individually":false,"shipped_individually":false,"override_title":false,"title":"XBB PowerUnit 6 | Slave-eenheid","override_description":false,"description":"","optional":false,"hide_thumbnail":false,"discount":"","override_variations":false,"allowed_variations":[],"override_default_variation_attributes":false,"default_variation_attributes":[],"single_product_visibility":"visible","cart_visibility":"visible","order_visibility":"visible","single_product_price_visibility":"visible","cart_price_visibility":"visible","order_price_visibility":"visible","stock_status":"in_stock"},{"bundled_item_id":497,"product_id":2576,"menu_order":1,"quantity_min":1,"quantity_max":1,"quantity_default":1,"priced_individually":false,"shipped_individually":false,"override_title":false,"title":"XBB OBD-II Dongle","override_description":false,"description":"","optional":false,"hide_thumbnail":false,"discount":"","override_variations":false,"allowed_variations":[],"override_default_variation_attributes":false,"default_variation_attributes":[],"single_product_visibility":"visible","cart_visibility":"visible","order_visibility":"visible","single_product_price_visibility":"visible","cart_price_visibility":"visible","order_price_visibility":"visible","stock_status":"in_stock"}],"bundle_sell_ids":[],"acf":[],"yoast_head":"<!-- This site is optimized with the Yoast SEO plugin v27.0 - https:\/\/yoast.com\/product\/yoast-seo-wordpress\/ -->\n<title>XBB PowerUnit 6 | Slave unit + Dongel - Xenonkungen<\/title>\n<meta name=\"robots\" content=\"index, follow, max-snippet:-1, max-image-preview:large, max-video-preview:-1\" \/>\n<link rel=\"canonical\" href=\"https:\/\/xenonkungen.com\/nl\/product\/xbb-powerunit-6-slave-unit-dongle\/\" \/>\n<meta property=\"og:locale\" content=\"nl_NL\" \/>\n<meta property=\"og:type\" content=\"article\" \/>\n<meta property=\"og:title\" content=\"XBB PowerUnit 6 | Slave unit + Dongel - Xenonkungen\" \/>\n<meta property=\"og:description\" content=\"M\u00f6jlighet till 6 st funktioner i samma enhet.  6 st utg\u00e5ngar \u00e1 10 Ampere.  M\u00f6jlighet att koppla ihop flera utg\u00e5ngar f\u00f6r mer effekt.  Flatstift 6,3 x 10 st  Rel\u00e4anslutning enl. ISO 8092-1  F\u00e4st\u00f6ron f\u00f6r enkelt montage  Ansluts till XBB Dongle\u00ae eller PP-CAN-FD\u00ae.\" \/>\n<meta property=\"og:url\" content=\"https:\/\/xenonkungen.com\/nl\/product\/xbb-powerunit-6-slave-unit-dongle\/\" \/>\n<meta property=\"og:site_name\" content=\"Xenonkungen\" \/>\n<meta property=\"article:modified_time\" content=\"2026-03-27T15:48:29+00:00\" \/>\n<meta property=\"og:image\" content=\"https:\/\/xenonkungen.com\/wp-content\/uploads\/2025\/10\/26416235-2-scaled.jpg\" \/>\n\t<meta property=\"og:image:width\" content=\"2560\" \/>\n\t<meta property=\"og:image:height\" content=\"2560\" \/>\n\t<meta property=\"og:image:type\" content=\"image\/jpeg\" \/>\n<meta name=\"twitter:card\" content=\"summary_large_image\" \/>\n<meta name=\"twitter:label1\" content=\"Geschatte leestijd\" \/>\n\t<meta name=\"twitter:data1\" content=\"2 minuten\" \/>\n<script type=\"application\/ld+json\" class=\"yoast-schema-graph\">{\"@context\":\"https:\/\/schema.org\",\"@graph\":[{\"@type\":\"WebPage\",\"@id\":\"https:\/\/xenonkungen.com\/produkt\/xbb-powerunit-6-slave-unit-dongel\/\",\"url\":\"https:\/\/xenonkungen.com\/produkt\/xbb-powerunit-6-slave-unit-dongel\/\",\"name\":\"XBB PowerUnit 6 | Slave unit + Dongel - Xenonkungen\",\"isPartOf\":{\"@id\":\"https:\/\/xenonkungen.com\/#website\"},\"primaryImageOfPage\":{\"@id\":\"https:\/\/xenonkungen.com\/produkt\/xbb-powerunit-6-slave-unit-dongel\/#primaryimage\"},\"image\":{\"@id\":\"https:\/\/xenonkungen.com\/produkt\/xbb-powerunit-6-slave-unit-dongel\/#primaryimage\"},\"thumbnailUrl\":\"https:\/\/xenonkungen.com\/wp-content\/uploads\/2025\/10\/26416235-2-scaled.jpg\",\"datePublished\":\"2025-10-15T09:16:29+00:00\",\"dateModified\":\"2026-03-27T15:48:29+00:00\",\"breadcrumb\":{\"@id\":\"https:\/\/xenonkungen.com\/produkt\/xbb-powerunit-6-slave-unit-dongel\/#breadcrumb\"},\"inLanguage\":\"nl-NL\",\"potentialAction\":[{\"@type\":\"ReadAction\",\"target\":[\"https:\/\/xenonkungen.com\/produkt\/xbb-powerunit-6-slave-unit-dongel\/\"]}]},{\"@type\":\"ImageObject\",\"inLanguage\":\"nl-NL\",\"@id\":\"https:\/\/xenonkungen.com\/produkt\/xbb-powerunit-6-slave-unit-dongel\/#primaryimage\",\"url\":\"https:\/\/xenonkungen.com\/wp-content\/uploads\/2025\/10\/26416235-2-scaled.jpg\",\"contentUrl\":\"https:\/\/xenonkungen.com\/wp-content\/uploads\/2025\/10\/26416235-2-scaled.jpg\",\"width\":2560,\"height\":2560,\"caption\":\"CREATOR: gd-jpeg v1.0 (using IJG JPEG v62), quality = 80\"},{\"@type\":\"BreadcrumbList\",\"@id\":\"https:\/\/xenonkungen.com\/produkt\/xbb-powerunit-6-slave-unit-dongel\/#breadcrumb\",\"itemListElement\":[{\"@type\":\"ListItem\",\"position\":1,\"name\":\"Hem\",\"item\":\"https:\/\/xenonkungen.com\/\"},{\"@type\":\"ListItem\",\"position\":2,\"name\":\"Shop\",\"item\":\"https:\/\/xenonkungen.com\/shop\/\"},{\"@type\":\"ListItem\",\"position\":3,\"name\":\"XBB PowerUnit 6 | Slave unit + Dongel\"}]},{\"@type\":\"WebSite\",\"@id\":\"https:\/\/xenonkungen.com\/#website\",\"url\":\"https:\/\/xenonkungen.com\/\",\"name\":\"Xenonkungen\",\"description\":\"\",\"potentialAction\":[{\"@type\":\"SearchAction\",\"target\":{\"@type\":\"EntryPoint\",\"urlTemplate\":\"https:\/\/xenonkungen.com\/?s={search_term_string}\"},\"query-input\":{\"@type\":\"PropertyValueSpecification\",\"valueRequired\":true,\"valueName\":\"search_term_string\"}}],\"inLanguage\":\"nl-NL\"}]}<\/script>\n<!-- \/ Yoast SEO plugin. -->","yoast_head_json":{"title":"XBB PowerUnit 6 | Slave-unit + Dongle - De Xenon-koning","robots":{"index":"index","follow":"follow","max-snippet":"max-snippet:-1","max-image-preview":"max-image-preview:large","max-video-preview":"max-video-preview:-1"},"canonical":"https:\/\/xenonkungen.com\/nl\/product\/xbb-powerunit-6-slave-unit-dongle\/","og_locale":"nl_NL","og_type":"article","og_title":"XBB PowerUnit 6 | Slave unit + Dongel - Xenonkungen","og_description":"M\u00f6jlighet till 6 st funktioner i samma enhet.  6 st utg\u00e5ngar \u00e1 10 Ampere.  M\u00f6jlighet att koppla ihop flera utg\u00e5ngar f\u00f6r mer effekt.  Flatstift 6,3 x 10 st  Rel\u00e4anslutning enl. ISO 8092-1  F\u00e4st\u00f6ron f\u00f6r enkelt montage  Ansluts till XBB Dongle\u00ae eller PP-CAN-FD\u00ae.","og_url":"https:\/\/xenonkungen.com\/nl\/product\/xbb-powerunit-6-slave-unit-dongle\/","og_site_name":"Xenonkungen","article_modified_time":"2026-03-27T15:48:29+00:00","og_image":[{"width":2560,"height":2560,"url":"https:\/\/xenonkungen.com\/wp-content\/uploads\/2025\/10\/26416235-2-scaled.jpg","type":"image\/jpeg"}],"twitter_card":"summary_large_image","twitter_misc":{"Geschatte leestijd":"2 minuten"},"schema":{"@context":"https:\/\/schema.org","@graph":[{"@type":"WebPage","@id":"https:\/\/xenonkungen.com\/produkt\/xbb-powerunit-6-slave-unit-dongel\/","url":"https:\/\/xenonkungen.com\/produkt\/xbb-powerunit-6-slave-unit-dongel\/","name":"XBB PowerUnit 6 | Slave-unit + Dongle - De Xenon-koning","isPartOf":{"@id":"https:\/\/xenonkungen.com\/#website"},"primaryImageOfPage":{"@id":"https:\/\/xenonkungen.com\/produkt\/xbb-powerunit-6-slave-unit-dongel\/#primaryimage"},"image":{"@id":"https:\/\/xenonkungen.com\/produkt\/xbb-powerunit-6-slave-unit-dongel\/#primaryimage"},"thumbnailUrl":"https:\/\/xenonkungen.com\/wp-content\/uploads\/2025\/10\/26416235-2-scaled.jpg","datePublished":"2025-10-15T09:16:29+00:00","dateModified":"2026-03-27T15:48:29+00:00","breadcrumb":{"@id":"https:\/\/xenonkungen.com\/produkt\/xbb-powerunit-6-slave-unit-dongel\/#breadcrumb"},"inLanguage":"nl-NL","potentialAction":[{"@type":"ReadAction","target":["https:\/\/xenonkungen.com\/produkt\/xbb-powerunit-6-slave-unit-dongel\/"]}]},{"@type":"ImageObject","inLanguage":"nl-NL","@id":"https:\/\/xenonkungen.com\/produkt\/xbb-powerunit-6-slave-unit-dongel\/#primaryimage","url":"https:\/\/xenonkungen.com\/wp-content\/uploads\/2025\/10\/26416235-2-scaled.jpg","contentUrl":"https:\/\/xenonkungen.com\/wp-content\/uploads\/2025\/10\/26416235-2-scaled.jpg","width":2560,"height":2560,"caption":"CREATOR: gd-jpeg v1.0 (using IJG JPEG v62), quality = 80"},{"@type":"BreadcrumbList","@id":"https:\/\/xenonkungen.com\/produkt\/xbb-powerunit-6-slave-unit-dongel\/#breadcrumb","itemListElement":[{"@type":"ListItem","position":1,"name":"Hem","item":"https:\/\/xenonkungen.com\/"},{"@type":"ListItem","position":2,"name":"Shop","item":"https:\/\/xenonkungen.com\/shop\/"},{"@type":"ListItem","position":3,"name":"XBB PowerUnit 6 | Slave unit + Dongel"}]},{"@type":"WebSite","@id":"https:\/\/xenonkungen.com\/#website","url":"https:\/\/xenonkungen.com\/","name":"Xenonkungen","description":"","potentialAction":[{"@type":"SearchAction","target":{"@type":"EntryPoint","urlTemplate":"https:\/\/xenonkungen.com\/?s={search_term_string}"},"query-input":{"@type":"PropertyValueSpecification","valueRequired":true,"valueName":"search_term_string"}}],"inLanguage":"nl-NL"}]}},"taxonomy_info":{"product_brand":[{"value":115,"label":"XBB"}],"product_cat":[{"value":2487,"label":"Canbus"},{"value":2841,"label":"Installation extraljus"},{"value":2828,"label":"Installation LED-ramper"},{"value":2468,"label":"Rel\u00e4"},{"value":2497,"label":"XBB"},{"value":390,"label":"Installation"}]},"featured_image_src_large":["https:\/\/xenonkungen.com\/wp-content\/uploads\/2025\/10\/26416235-2-1024x1024.jpg",1024,1024,true],"author_info":[],"comment_info":0,"_links":{"self":[{"href":"https:\/\/xenonkungen.com\/nl\/wp-json\/wp\/v2\/product\/15682","targetHints":{"allow":["GET"]}}],"collection":[{"href":"https:\/\/xenonkungen.com\/nl\/wp-json\/wp\/v2\/product"}],"about":[{"href":"https:\/\/xenonkungen.com\/nl\/wp-json\/wp\/v2\/types\/product"}],"replies":[{"embeddable":true,"href":"https:\/\/xenonkungen.com\/nl\/wp-json\/wp\/v2\/comments?post=15682"}],"wp:featuredmedia":[{"embeddable":true,"href":"https:\/\/xenonkungen.com\/nl\/wp-json\/wp\/v2\/media\/15684"}],"wp:attachment":[{"href":"https:\/\/xenonkungen.com\/nl\/wp-json\/wp\/v2\/media?parent=15682"}],"wp:term":[{"taxonomy":"anvandningsomrade","embeddable":true,"href":"https:\/\/xenonkungen.com\/nl\/wp-json\/wp\/v2\/anvandningsomrade?post=15682"},{"taxonomy":"bilmarken","embeddable":true,"href":"https:\/\/xenonkungen.com\/nl\/wp-json\/wp\/v2\/bilmarken?post=15682"},{"taxonomy":"product_brand","embeddable":true,"href":"https:\/\/xenonkungen.com\/nl\/wp-json\/wp\/v2\/product_brand?post=15682"},{"taxonomy":"product_cat","embeddable":true,"href":"https:\/\/xenonkungen.com\/nl\/wp-json\/wp\/v2\/product_cat?post=15682"},{"taxonomy":"product_tag","embeddable":true,"href":"https:\/\/xenonkungen.com\/nl\/wp-json\/wp\/v2\/product_tag?post=15682"}],"curies":[{"name":"wp","href":"https:\/\/api.w.org\/{rel}","templated":true}]}}