{"id":15719,"date":"2025-10-15T12:59:57","date_gmt":"2025-10-15T12:59:57","guid":{"rendered":"https:\/\/xenonkungen.com\/?post_type=product&#038;p=15719"},"modified":"2026-04-24T17:23:17","modified_gmt":"2026-04-24T16:23:17","slug":"led-lenser-exc6r-ex-lamp","status":"publish","type":"product","link":"https:\/\/xenonkungen.com\/nl\/product\/led-lenser-exc6r-ex-lamp\/","title":{"rendered":"Ledlenser EXC6R EX lamp"},"content":{"rendered":"<h2 data-start=\"201\" data-end=\"271\">EXC6R \u2013 De noodverlichting die het verschil maakt als het er echt op aankomt<\/h2>\n<p data-start=\"273\" data-end=\"487\">De EXC6R is ontwikkeld in nauwe samenwerking met ervaren brandweerlieden en is bestand tegen de zwaarste omstandigheden. Hij combineert een compact ontwerp, krachtige prestaties en slimme functionaliteit die in het veld echt het verschil maakt.<\/p>\n<h3 data-start=\"489\" data-end=\"524\">Krachtig en flexibel licht<\/h3>\n<p data-start=\"525\" data-end=\"850\">Het verstelbare licht biedt beide <strong data-start=\"561\" data-end=\"594\">spot- en schijnwerperfunctie<\/strong>, waarmee u kunt schakelen tussen gericht licht op afstand en breed werklicht wanneer u overzicht nodig hebt.<br data-start=\"714\" data-end=\"717\" \/>De lampenkop is kantelbaar <strong data-start=\"741\" data-end=\"767\">135\u00b0 omhoog of omlaag<\/strong>die voor een perfecte verlichting zorgt zonder collega&#039;s te verblinden \u2013 ongeacht de werkpositie.<\/p>\n<h3 data-start=\"852\" data-end=\"881\">Slim en robuust ontwerp<\/h3>\n<p data-start=\"882\" data-end=\"1119\">EXC6R is <strong data-start=\"891\" data-end=\"922\">ultracompact en haaks<\/strong>waardoor u het gemakkelijk kunt dragen en hanteren, zelfs met handschoenen aan.<br data-start=\"984\" data-end=\"987\" \/>De <strong data-start=\"991\" data-end=\"1011\">flexibele klem<\/strong> maakt het mogelijk om de lamp aan verschillende soorten uitrusting te bevestigen \u2013 helm, uniform of riem \u2013 voor maximale vrijheid.<\/p>\n<h3 data-start=\"1121\" data-end=\"1143\">Veiligheid in beeld<\/h3>\n<p data-start=\"1144\" data-end=\"1384\">De lamp is <strong data-start=\"1154\" data-end=\"1175\">explosieveilig<\/strong> volgens<br data-start=\"1182\" data-end=\"1185\" \/><strong data-start=\"1185\" data-end=\"1227\">Ex ia IIC T4 Ga, Ex ib IIIC T135 \u00b0C Db<\/strong>,<br data-start=\"1228\" data-end=\"1231\" \/>en voldoet aan de eisen van <strong data-start=\"1254\" data-end=\"1267\">DIN 14649<\/strong> voor brandweerlampen. Dit betekent dat deze is gebouwd om veilig en betrouwbaar te functioneren, zelfs in gevaarlijke omgevingen.<\/p>\n<h3 data-start=\"1386\" data-end=\"1410\">Voordelen in het kort<\/h3>\n<ul data-start=\"1411\" data-end=\"1680\">\n<li data-start=\"1411\" data-end=\"1451\">\n<p data-start=\"1413\" data-end=\"1451\">Gecombineerde spot- en taakverlichting<\/p>\n<\/li>\n<li data-start=\"1452\" data-end=\"1496\">\n<p data-start=\"1454\" data-end=\"1496\">Verstelbare lampenkop \u2013 135\u00b0 in beide richtingen<\/p>\n<\/li>\n<li data-start=\"1497\" data-end=\"1545\">\n<p data-start=\"1499\" data-end=\"1545\">Explosieveilig volgens geldende normen<\/p>\n<\/li>\n<li data-start=\"1546\" data-end=\"1585\">\n<p data-start=\"1548\" data-end=\"1585\">Ultracompacte en duurzame constructie<\/p>\n<\/li>\n<li data-start=\"1586\" data-end=\"1626\">\n<p data-start=\"1588\" data-end=\"1626\">Flexibele montage met robuuste klem<\/p>\n<\/li>\n<li data-start=\"1627\" data-end=\"1680\">\n<p data-start=\"1629\" data-end=\"1680\">Hoge kleurweergave (CRI 70) voor een heldere zichtbaarheid<\/p>\n<\/li>\n<\/ul>","protected":false},"excerpt":{"rendered":"<p>De EXC6R is een ultracompacte, professionele haakse lichtbron voor brandweerlieden volgens DIN 14649.<\/p>","protected":false},"featured_media":15724,"comment_status":"open","ping_status":"closed","template":"","meta":{"_acf_changed":false,"_smort_price_nok":"3791","_smort_price_dkk":"2408","_smort_price_eur":"322.62","_smort_sale_price_nok":"","_smort_sale_price_dkk":"","_smort_sale_price_eur":"","smort_restorder":"","shipmondo_restorder":"","_kad_blocks_custom_css":"","_kad_blocks_head_custom_js":"","_kad_blocks_body_custom_js":"","_kad_blocks_footer_custom_js":"","smort_custom_pricelist_1":"2271.36","smort_custom_pricelist_2":"1987.44","smort_custom_pricelist_3":"1987.44","smort_custom_pricelist_4":"2839.2","smort_custom_pricelist_5":"1987.44"},"anvandningsomrade":[],"bilmarken":[],"product_brand":[101],"product_cat":[1320],"product_tag":[],"class_list":{"0":"post-15719","1":"product","2":"type-product","3":"status-publish","4":"has-post-thumbnail","6":"product_brand-ledlenser","7":"product_cat-ficklampor","8":"pa_fuktskydd-varde-ipxx-ip68","10":"first","11":"instock","12":"taxable","13":"shipping-taxable","14":"purchasable","15":"product-type-simple"},"bundled_by":[],"bundle_stock_status":"instock","bundle_stock_quantity":1,"bundle_virtual":false,"bundle_layout":"","bundle_add_to_cart_form_location":"","bundle_editable_in_cart":false,"bundle_sold_individually_context":"","bundle_item_grouping":"","bundle_min_size":"","bundle_max_size":"","bundle_price":[],"bundled_items":[],"bundle_sell_ids":[],"acf":[],"yoast_head":"<!-- This site is optimized with the Yoast SEO plugin v27.0 - https:\/\/yoast.com\/product\/yoast-seo-wordpress\/ -->\n<title>Ledlenser EXC6R EX lampa - Xenonkungen<\/title>\n<meta name=\"robots\" content=\"index, follow, max-snippet:-1, max-image-preview:large, max-video-preview:-1\" \/>\n<link rel=\"canonical\" href=\"http:\/\/xenonkungen.com\/nl\/product\/led-lenser-exc6r-ex-lamp\/\" \/>\n<meta property=\"og:locale\" content=\"nl_NL\" \/>\n<meta property=\"og:type\" content=\"article\" \/>\n<meta property=\"og:title\" content=\"Ledlenser EXC6R EX lampa - Xenonkungen\" \/>\n<meta property=\"og:description\" content=\"EXC6R \u00e4r en ultrakompakt, professionell ljusk\u00e4lla med r\u00e4t vinkel f\u00f6r brandm\u00e4n i enlighet med DIN 14649.\" \/>\n<meta property=\"og:url\" content=\"http:\/\/xenonkungen.com\/nl\/product\/led-lenser-exc6r-ex-lamp\/\" \/>\n<meta property=\"og:site_name\" content=\"Xenonkungen\" \/>\n<meta property=\"article:modified_time\" content=\"2026-04-24T16:23:17+00:00\" \/>\n<meta name=\"twitter:card\" content=\"summary_large_image\" \/>\n<meta name=\"twitter:label1\" content=\"Geschatte leestijd\" \/>\n\t<meta name=\"twitter:data1\" content=\"2 minuten\" \/>\n<script type=\"application\/ld+json\" class=\"yoast-schema-graph\">{\"@context\":\"https:\/\/schema.org\",\"@graph\":[{\"@type\":\"WebPage\",\"@id\":\"http:\/\/xenonkungen.com\/no\/produkt\/led-lenser-exc6r-ex-lampe\/\",\"url\":\"http:\/\/xenonkungen.com\/no\/produkt\/led-lenser-exc6r-ex-lampe\/\",\"name\":\"Ledlenser EXC6R EX lampa - Xenonkungen\",\"isPartOf\":{\"@id\":\"https:\/\/xenonkungen.com\/#website\"},\"primaryImageOfPage\":{\"@id\":\"http:\/\/xenonkungen.com\/no\/produkt\/led-lenser-exc6r-ex-lampe\/#primaryimage\"},\"image\":{\"@id\":\"http:\/\/xenonkungen.com\/no\/produkt\/led-lenser-exc6r-ex-lampe\/#primaryimage\"},\"thumbnailUrl\":\"https:\/\/xenonkungen.com\/wp-content\/uploads\/2025\/10\/29577.avif\",\"datePublished\":\"2025-10-15T12:59:57+00:00\",\"dateModified\":\"2026-04-24T16:23:17+00:00\",\"breadcrumb\":{\"@id\":\"http:\/\/xenonkungen.com\/no\/produkt\/led-lenser-exc6r-ex-lampe\/#breadcrumb\"},\"inLanguage\":\"nl-NL\",\"potentialAction\":[{\"@type\":\"ReadAction\",\"target\":[\"http:\/\/xenonkungen.com\/no\/produkt\/led-lenser-exc6r-ex-lampe\/\"]}]},{\"@type\":\"ImageObject\",\"inLanguage\":\"nl-NL\",\"@id\":\"http:\/\/xenonkungen.com\/no\/produkt\/led-lenser-exc6r-ex-lampe\/#primaryimage\",\"url\":\"https:\/\/xenonkungen.com\/wp-content\/uploads\/2025\/10\/29577.avif\",\"contentUrl\":\"https:\/\/xenonkungen.com\/wp-content\/uploads\/2025\/10\/29577.avif\",\"width\":368,\"height\":600},{\"@type\":\"BreadcrumbList\",\"@id\":\"http:\/\/xenonkungen.com\/no\/produkt\/led-lenser-exc6r-ex-lampe\/#breadcrumb\",\"itemListElement\":[{\"@type\":\"ListItem\",\"position\":1,\"name\":\"Hem\",\"item\":\"https:\/\/xenonkungen.com\/\"},{\"@type\":\"ListItem\",\"position\":2,\"name\":\"Shop\",\"item\":\"https:\/\/xenonkungen.com\/shop\/\"},{\"@type\":\"ListItem\",\"position\":3,\"name\":\"Ledlenser EXC6R EX lampa\"}]},{\"@type\":\"WebSite\",\"@id\":\"https:\/\/xenonkungen.com\/#website\",\"url\":\"https:\/\/xenonkungen.com\/\",\"name\":\"Xenonkungen\",\"description\":\"\",\"potentialAction\":[{\"@type\":\"SearchAction\",\"target\":{\"@type\":\"EntryPoint\",\"urlTemplate\":\"https:\/\/xenonkungen.com\/?s={search_term_string}\"},\"query-input\":{\"@type\":\"PropertyValueSpecification\",\"valueRequired\":true,\"valueName\":\"search_term_string\"}}],\"inLanguage\":\"nl-NL\"}]}<\/script>\n<!-- \/ Yoast SEO plugin. -->","yoast_head_json":{"title":"Ledlenser EXC6R EX lamp - Xenon King","robots":{"index":"index","follow":"follow","max-snippet":"max-snippet:-1","max-image-preview":"max-image-preview:large","max-video-preview":"max-video-preview:-1"},"canonical":"http:\/\/xenonkungen.com\/nl\/product\/led-lenser-exc6r-ex-lamp\/","og_locale":"nl_NL","og_type":"article","og_title":"Ledlenser EXC6R EX lampa - Xenonkungen","og_description":"EXC6R \u00e4r en ultrakompakt, professionell ljusk\u00e4lla med r\u00e4t vinkel f\u00f6r brandm\u00e4n i enlighet med DIN 14649.","og_url":"http:\/\/xenonkungen.com\/nl\/product\/led-lenser-exc6r-ex-lamp\/","og_site_name":"Xenonkungen","article_modified_time":"2026-04-24T16:23:17+00:00","twitter_card":"summary_large_image","twitter_misc":{"Geschatte leestijd":"2 minuten"},"schema":{"@context":"https:\/\/schema.org","@graph":[{"@type":"WebPage","@id":"http:\/\/xenonkungen.com\/no\/produkt\/led-lenser-exc6r-ex-lampe\/","url":"http:\/\/xenonkungen.com\/no\/produkt\/led-lenser-exc6r-ex-lampe\/","name":"Ledlenser EXC6R EX lamp - Xenon King","isPartOf":{"@id":"https:\/\/xenonkungen.com\/#website"},"primaryImageOfPage":{"@id":"http:\/\/xenonkungen.com\/no\/produkt\/led-lenser-exc6r-ex-lampe\/#primaryimage"},"image":{"@id":"http:\/\/xenonkungen.com\/no\/produkt\/led-lenser-exc6r-ex-lampe\/#primaryimage"},"thumbnailUrl":"https:\/\/xenonkungen.com\/wp-content\/uploads\/2025\/10\/29577.avif","datePublished":"2025-10-15T12:59:57+00:00","dateModified":"2026-04-24T16:23:17+00:00","breadcrumb":{"@id":"http:\/\/xenonkungen.com\/no\/produkt\/led-lenser-exc6r-ex-lampe\/#breadcrumb"},"inLanguage":"nl-NL","potentialAction":[{"@type":"ReadAction","target":["http:\/\/xenonkungen.com\/no\/produkt\/led-lenser-exc6r-ex-lampe\/"]}]},{"@type":"ImageObject","inLanguage":"nl-NL","@id":"http:\/\/xenonkungen.com\/no\/produkt\/led-lenser-exc6r-ex-lampe\/#primaryimage","url":"https:\/\/xenonkungen.com\/wp-content\/uploads\/2025\/10\/29577.avif","contentUrl":"https:\/\/xenonkungen.com\/wp-content\/uploads\/2025\/10\/29577.avif","width":368,"height":600},{"@type":"BreadcrumbList","@id":"http:\/\/xenonkungen.com\/no\/produkt\/led-lenser-exc6r-ex-lampe\/#breadcrumb","itemListElement":[{"@type":"ListItem","position":1,"name":"Hem","item":"https:\/\/xenonkungen.com\/"},{"@type":"ListItem","position":2,"name":"Shop","item":"https:\/\/xenonkungen.com\/shop\/"},{"@type":"ListItem","position":3,"name":"Ledlenser EXC6R EX lampa"}]},{"@type":"WebSite","@id":"https:\/\/xenonkungen.com\/#website","url":"https:\/\/xenonkungen.com\/","name":"Xenonkungen","description":"","potentialAction":[{"@type":"SearchAction","target":{"@type":"EntryPoint","urlTemplate":"https:\/\/xenonkungen.com\/?s={search_term_string}"},"query-input":{"@type":"PropertyValueSpecification","valueRequired":true,"valueName":"search_term_string"}}],"inLanguage":"nl-NL"}]}},"taxonomy_info":{"product_brand":[{"value":101,"label":"LEDLENSER"}],"product_cat":[{"value":1320,"label":"Ficklampor"}],"pa_fuktskydd-varde-ipxx":[{"value":177,"label":"IP68"}]},"featured_image_src_large":["https:\/\/xenonkungen.com\/wp-content\/uploads\/2025\/10\/29577.avif",368,600,false],"author_info":[],"comment_info":0,"_links":{"self":[{"href":"https:\/\/xenonkungen.com\/nl\/wp-json\/wp\/v2\/product\/15719","targetHints":{"allow":["GET"]}}],"collection":[{"href":"https:\/\/xenonkungen.com\/nl\/wp-json\/wp\/v2\/product"}],"about":[{"href":"https:\/\/xenonkungen.com\/nl\/wp-json\/wp\/v2\/types\/product"}],"replies":[{"embeddable":true,"href":"https:\/\/xenonkungen.com\/nl\/wp-json\/wp\/v2\/comments?post=15719"}],"wp:featuredmedia":[{"embeddable":true,"href":"https:\/\/xenonkungen.com\/nl\/wp-json\/wp\/v2\/media\/15724"}],"wp:attachment":[{"href":"https:\/\/xenonkungen.com\/nl\/wp-json\/wp\/v2\/media?parent=15719"}],"wp:term":[{"taxonomy":"anvandningsomrade","embeddable":true,"href":"https:\/\/xenonkungen.com\/nl\/wp-json\/wp\/v2\/anvandningsomrade?post=15719"},{"taxonomy":"bilmarken","embeddable":true,"href":"https:\/\/xenonkungen.com\/nl\/wp-json\/wp\/v2\/bilmarken?post=15719"},{"taxonomy":"product_brand","embeddable":true,"href":"https:\/\/xenonkungen.com\/nl\/wp-json\/wp\/v2\/product_brand?post=15719"},{"taxonomy":"product_cat","embeddable":true,"href":"https:\/\/xenonkungen.com\/nl\/wp-json\/wp\/v2\/product_cat?post=15719"},{"taxonomy":"product_tag","embeddable":true,"href":"https:\/\/xenonkungen.com\/nl\/wp-json\/wp\/v2\/product_tag?post=15719"}],"curies":[{"name":"wp","href":"https:\/\/api.w.org\/{rel}","templated":true}]}}