{"id":15835,"date":"2025-10-16T14:19:13","date_gmt":"2025-10-16T14:19:13","guid":{"rendered":"https:\/\/xenonkungen.com\/?post_type=product&#038;p=15835"},"modified":"2026-04-24T17:24:15","modified_gmt":"2026-04-24T16:24:15","slug":"laser-linear-24-elite-led-extra-light-ramp-27-682-mm","status":"publish","type":"product","link":"https:\/\/xenonkungen.com\/nl\/product\/laser-linear-24-elite-led-extra-light-ramp-27-682-mm\/","title":{"rendered":"Lazer Linear 24 Elite Led extra lichte oprijplaat 27\u2033 (682 mm)"},"content":{"rendered":"<h3 data-start=\"178\" data-end=\"235\">Lazer Linear \u2013 krachtige prestaties in een elegant formaat<\/h3>\n<p data-start=\"237\" data-end=\"535\"><strong data-start=\"237\" data-end=\"254\">Lineaire reeks<\/strong> van <strong data-start=\"260\" data-end=\"269\">Lazer<\/strong> is ontwikkeld voor wie het beste eist \u2013 zowel qua prestaties als design. De serie is verkrijgbaar in beide <strong data-start=\"376\" data-end=\"388\">Standaard<\/strong> en <strong data-start=\"393\" data-end=\"402\">Elite<\/strong>-prestaties en combineert uitstekende helderheid met een <strong data-start=\"457\" data-end=\"489\">slank, aerodynamisch profiel<\/strong> die perfect op alle soorten voertuigen past.<\/p>\n<p data-start=\"537\" data-end=\"836\">Med <strong data-start=\"541\" data-end=\"590\">dubbele rijen hoogwaardige 3 W LED&#039;s<\/strong> achter \u00e9\u00e9n <strong data-start=\"600\" data-end=\"630\">Onbreekbare polycarbonaat lens<\/strong> Linear levert een lichtbeeld dat de verwachtingen overtreft. De lens is bovendien oppervlaktebehandeld om <strong data-start=\"732\" data-end=\"764\">sneeuw, ijs en vuil afstoten<\/strong>, die zelfs onder zware omstandigheden een gelijkmatige lichtopbrengst garandeert.<\/p>\n<p data-start=\"838\" data-end=\"1150\"><strong data-start=\"838\" data-end=\"854\">Lineaire Elite<\/strong> is nu in <strong data-start=\"866\" data-end=\"887\">zeven verschillende lengtes<\/strong>, van 232 tot 1282 mm. Dankzij het lage profiel \u2013 slechts <strong data-start=\"949\" data-end=\"965\">40 mm hoog<\/strong> en <strong data-start=\"970\" data-end=\"986\">62 mm diep<\/strong> \u2013 de oprijplaat kan zelfs in krappe ruimtes worden gemonteerd. De <strong data-start=\"1036\" data-end=\"1056\">roestvrijstalen beugels<\/strong> maakt de installatie eenvoudig en veilig, ongeacht of u de oprit aan de voorzijde of op het dak plaatst.<\/p>\n<p data-start=\"1152\" data-end=\"1321\">De <strong data-start=\"1156\" data-end=\"1180\">lichtgewicht aluminium behuizing<\/strong> draagt bij aan een laag gewicht en effectieve warmteafvoer, terwijl het elegante ontwerp ervoor zorgt dat de oprijplaat op natuurlijke wijze in de lijnen van de auto past.<\/p>\n<p data-start=\"1323\" data-end=\"1447\">Med <strong data-start=\"1327\" data-end=\"1349\">Lazer Linear Elite<\/strong> je krijgt een extra lichtbalk die levert <strong data-start=\"1388\" data-end=\"1445\">maximale prestaties, duurzaamheid en stijl \u2013 jaar na jaar.<\/strong><\/p>\n<p data-start=\"1449\" data-end=\"1484\"><strong data-start=\"1449\" data-end=\"1475\">5 jaar functionele garantie<\/strong> inbegrepen.<\/p>","protected":false},"excerpt":{"rendered":"<p>Zorg voor optimale verlichting onder alle omstandigheden met de Lazer Linear Elite+ LED-lichtbalk, nu verkrijgbaar bij Xenonkungen.se. Deze innovatieve lichtbalk biedt een unieke combinatie van krachtige witte en gele leds, ontworpen om de zichtbaarheid en veiligheid onder alle weersomstandigheden te verbeteren.<\/p>","protected":false},"featured_media":15844,"comment_status":"open","ping_status":"closed","template":"","meta":{"_acf_changed":false,"_smort_price_nok":"10948","_smort_price_dkk":"6955","_smort_price_eur":"931.78","_smort_sale_price_nok":"","_smort_sale_price_dkk":"","_smort_sale_price_eur":"","smort_restorder":"","shipmondo_restorder":"","_kad_blocks_custom_css":"","_kad_blocks_head_custom_js":"","_kad_blocks_body_custom_js":"","_kad_blocks_footer_custom_js":"","smort_custom_pricelist_1":"6560","smort_custom_pricelist_2":"6560","smort_custom_pricelist_3":"6560","smort_custom_pricelist_4":"8200","smort_custom_pricelist_5":"6560"},"anvandningsomrade":[],"bilmarken":[],"product_brand":[1124,98],"product_cat":[2561,2966,2539,18,2158,2166],"product_tag":[],"class_list":{"0":"post-15835","1":"product","2":"type-product","3":"status-publish","4":"has-post-thumbnail","6":"product_brand-lazer","7":"product_brand-lazer-lamps","8":"product_cat-lazer","9":"product_cat-ledramp-rak","10":"product_cat-ledramper","11":"product_cat-led-ramper-ljusramper","12":"product_cat-serie","13":"product_cat-lazer-linear","14":"pa_fargtemperatur-5000k","15":"pa_fuktskydd-varde-ipxx-ip67","16":"pa_lampsockel-kontakt-superseal","17":"pa_storlek-mm-682x40x62","18":"pa_stromforbrukning-15-7a-12v","19":"pa_stromforbrukning-7-83a-24v","20":"pa_volt-v-multivolt-10-12-16-18-24-28-30-32","22":"first","23":"onbackorder","24":"taxable","25":"shipping-taxable","26":"purchasable","27":"product-type-simple"},"bundled_by":[],"bundle_stock_status":"onbackorder","bundle_stock_quantity":0,"bundle_virtual":false,"bundle_layout":"","bundle_add_to_cart_form_location":"","bundle_editable_in_cart":false,"bundle_sold_individually_context":"","bundle_item_grouping":"","bundle_min_size":"","bundle_max_size":"","bundle_price":[],"bundled_items":[],"bundle_sell_ids":[],"acf":[],"yoast_head":"<!-- This site is optimized with the Yoast SEO plugin v27.0 - https:\/\/yoast.com\/product\/yoast-seo-wordpress\/ -->\n<title>Lazer Linear 24 Elite Led extraljusramp 27&quot; (682 mm) - Xenonkungen<\/title>\n<meta name=\"robots\" content=\"index, follow, max-snippet:-1, max-image-preview:large, max-video-preview:-1\" \/>\n<link rel=\"canonical\" href=\"https:\/\/xenonkungen.com\/nl\/product\/laser-linear-24-elite-led-extra-light-ramp-27-682-mm\/\" \/>\n<meta property=\"og:locale\" content=\"nl_NL\" \/>\n<meta property=\"og:type\" content=\"article\" \/>\n<meta property=\"og:title\" content=\"Lazer Linear 24 Elite Led extraljusramp 27&quot; (682 mm) - Xenonkungen\" \/>\n<meta property=\"og:description\" content=\"S\u00e4kerst\u00e4ll optimal belysning under alla f\u00f6rh\u00e5llanden med Lazer Linear Elite+ LED-ljusramp, nu tillg\u00e4nglig p\u00e5 Xenonkungen.se. Denna innovativa ljusramp erbjuder en unik kombination av kraftfulla vita och gula lysdioder, designad f\u00f6r att f\u00f6rb\u00e4ttra sikt och s\u00e4kerhet i alla v\u00e4der.\" \/>\n<meta property=\"og:url\" content=\"https:\/\/xenonkungen.com\/nl\/product\/laser-linear-24-elite-led-extra-light-ramp-27-682-mm\/\" \/>\n<meta property=\"og:site_name\" content=\"Xenonkungen\" \/>\n<meta property=\"article:modified_time\" content=\"2026-04-24T16:24:15+00:00\" \/>\n<meta property=\"og:image\" content=\"https:\/\/xenonkungen.com\/wp-content\/uploads\/2025\/10\/linear-24_elite_-_angled_-_side_mounts_web.jpg\" \/>\n\t<meta property=\"og:image:width\" content=\"1000\" \/>\n\t<meta property=\"og:image:height\" content=\"750\" \/>\n\t<meta property=\"og:image:type\" content=\"image\/jpeg\" \/>\n<meta name=\"twitter:card\" content=\"summary_large_image\" \/>\n<meta name=\"twitter:label1\" content=\"Geschatte leestijd\" \/>\n\t<meta name=\"twitter:data1\" content=\"2 minuten\" \/>\n<script type=\"application\/ld+json\" class=\"yoast-schema-graph\">{\"@context\":\"https:\/\/schema.org\",\"@graph\":[{\"@type\":\"WebPage\",\"@id\":\"https:\/\/xenonkungen.com\/produkt\/lazer-linear-24-elite-led-extraljusramp-27-682-mm\/\",\"url\":\"https:\/\/xenonkungen.com\/produkt\/lazer-linear-24-elite-led-extraljusramp-27-682-mm\/\",\"name\":\"Lazer Linear 24 Elite Led extraljusramp 27\\\" (682 mm) - Xenonkungen\",\"isPartOf\":{\"@id\":\"https:\/\/xenonkungen.com\/#website\"},\"primaryImageOfPage\":{\"@id\":\"https:\/\/xenonkungen.com\/produkt\/lazer-linear-24-elite-led-extraljusramp-27-682-mm\/#primaryimage\"},\"image\":{\"@id\":\"https:\/\/xenonkungen.com\/produkt\/lazer-linear-24-elite-led-extraljusramp-27-682-mm\/#primaryimage\"},\"thumbnailUrl\":\"https:\/\/xenonkungen.com\/wp-content\/uploads\/2025\/10\/linear-24_elite_-_angled_-_side_mounts_web.jpg\",\"datePublished\":\"2025-10-16T14:19:13+00:00\",\"dateModified\":\"2026-04-24T16:24:15+00:00\",\"breadcrumb\":{\"@id\":\"https:\/\/xenonkungen.com\/produkt\/lazer-linear-24-elite-led-extraljusramp-27-682-mm\/#breadcrumb\"},\"inLanguage\":\"nl-NL\",\"potentialAction\":[{\"@type\":\"ReadAction\",\"target\":[\"https:\/\/xenonkungen.com\/produkt\/lazer-linear-24-elite-led-extraljusramp-27-682-mm\/\"]}]},{\"@type\":\"ImageObject\",\"inLanguage\":\"nl-NL\",\"@id\":\"https:\/\/xenonkungen.com\/produkt\/lazer-linear-24-elite-led-extraljusramp-27-682-mm\/#primaryimage\",\"url\":\"https:\/\/xenonkungen.com\/wp-content\/uploads\/2025\/10\/linear-24_elite_-_angled_-_side_mounts_web.jpg\",\"contentUrl\":\"https:\/\/xenonkungen.com\/wp-content\/uploads\/2025\/10\/linear-24_elite_-_angled_-_side_mounts_web.jpg\",\"width\":1000,\"height\":750},{\"@type\":\"BreadcrumbList\",\"@id\":\"https:\/\/xenonkungen.com\/produkt\/lazer-linear-24-elite-led-extraljusramp-27-682-mm\/#breadcrumb\",\"itemListElement\":[{\"@type\":\"ListItem\",\"position\":1,\"name\":\"Hem\",\"item\":\"https:\/\/xenonkungen.com\/\"},{\"@type\":\"ListItem\",\"position\":2,\"name\":\"Shop\",\"item\":\"https:\/\/xenonkungen.com\/shop\/\"},{\"@type\":\"ListItem\",\"position\":3,\"name\":\"Lazer Linear 24 Elite Led extraljusramp 27&#8243; (682 mm)\"}]},{\"@type\":\"WebSite\",\"@id\":\"https:\/\/xenonkungen.com\/#website\",\"url\":\"https:\/\/xenonkungen.com\/\",\"name\":\"Xenonkungen\",\"description\":\"\",\"potentialAction\":[{\"@type\":\"SearchAction\",\"target\":{\"@type\":\"EntryPoint\",\"urlTemplate\":\"https:\/\/xenonkungen.com\/?s={search_term_string}\"},\"query-input\":{\"@type\":\"PropertyValueSpecification\",\"valueRequired\":true,\"valueName\":\"search_term_string\"}}],\"inLanguage\":\"nl-NL\"}]}<\/script>\n<!-- \/ Yoast SEO plugin. -->","yoast_head_json":{"title":"Lazer Linear 24 Elite LED extra lichtramp 27&quot; (682 mm) - De Xenon-koning","robots":{"index":"index","follow":"follow","max-snippet":"max-snippet:-1","max-image-preview":"max-image-preview:large","max-video-preview":"max-video-preview:-1"},"canonical":"https:\/\/xenonkungen.com\/nl\/product\/laser-linear-24-elite-led-extra-light-ramp-27-682-mm\/","og_locale":"nl_NL","og_type":"article","og_title":"Lazer Linear 24 Elite Led extraljusramp 27\" (682 mm) - Xenonkungen","og_description":"S\u00e4kerst\u00e4ll optimal belysning under alla f\u00f6rh\u00e5llanden med Lazer Linear Elite+ LED-ljusramp, nu tillg\u00e4nglig p\u00e5 Xenonkungen.se. Denna innovativa ljusramp erbjuder en unik kombination av kraftfulla vita och gula lysdioder, designad f\u00f6r att f\u00f6rb\u00e4ttra sikt och s\u00e4kerhet i alla v\u00e4der.","og_url":"https:\/\/xenonkungen.com\/nl\/product\/laser-linear-24-elite-led-extra-light-ramp-27-682-mm\/","og_site_name":"Xenonkungen","article_modified_time":"2026-04-24T16:24:15+00:00","og_image":[{"width":1000,"height":750,"url":"https:\/\/xenonkungen.com\/wp-content\/uploads\/2025\/10\/linear-24_elite_-_angled_-_side_mounts_web.jpg","type":"image\/jpeg"}],"twitter_card":"summary_large_image","twitter_misc":{"Geschatte leestijd":"2 minuten"},"schema":{"@context":"https:\/\/schema.org","@graph":[{"@type":"WebPage","@id":"https:\/\/xenonkungen.com\/produkt\/lazer-linear-24-elite-led-extraljusramp-27-682-mm\/","url":"https:\/\/xenonkungen.com\/produkt\/lazer-linear-24-elite-led-extraljusramp-27-682-mm\/","name":"Lazer Linear 24 Elite LED extra lichtramp 27&quot; (682 mm) - De Xenon-koning","isPartOf":{"@id":"https:\/\/xenonkungen.com\/#website"},"primaryImageOfPage":{"@id":"https:\/\/xenonkungen.com\/produkt\/lazer-linear-24-elite-led-extraljusramp-27-682-mm\/#primaryimage"},"image":{"@id":"https:\/\/xenonkungen.com\/produkt\/lazer-linear-24-elite-led-extraljusramp-27-682-mm\/#primaryimage"},"thumbnailUrl":"https:\/\/xenonkungen.com\/wp-content\/uploads\/2025\/10\/linear-24_elite_-_angled_-_side_mounts_web.jpg","datePublished":"2025-10-16T14:19:13+00:00","dateModified":"2026-04-24T16:24:15+00:00","breadcrumb":{"@id":"https:\/\/xenonkungen.com\/produkt\/lazer-linear-24-elite-led-extraljusramp-27-682-mm\/#breadcrumb"},"inLanguage":"nl-NL","potentialAction":[{"@type":"ReadAction","target":["https:\/\/xenonkungen.com\/produkt\/lazer-linear-24-elite-led-extraljusramp-27-682-mm\/"]}]},{"@type":"ImageObject","inLanguage":"nl-NL","@id":"https:\/\/xenonkungen.com\/produkt\/lazer-linear-24-elite-led-extraljusramp-27-682-mm\/#primaryimage","url":"https:\/\/xenonkungen.com\/wp-content\/uploads\/2025\/10\/linear-24_elite_-_angled_-_side_mounts_web.jpg","contentUrl":"https:\/\/xenonkungen.com\/wp-content\/uploads\/2025\/10\/linear-24_elite_-_angled_-_side_mounts_web.jpg","width":1000,"height":750},{"@type":"BreadcrumbList","@id":"https:\/\/xenonkungen.com\/produkt\/lazer-linear-24-elite-led-extraljusramp-27-682-mm\/#breadcrumb","itemListElement":[{"@type":"ListItem","position":1,"name":"Hem","item":"https:\/\/xenonkungen.com\/"},{"@type":"ListItem","position":2,"name":"Shop","item":"https:\/\/xenonkungen.com\/shop\/"},{"@type":"ListItem","position":3,"name":"Lazer Linear 24 Elite Led extraljusramp 27&#8243; (682 mm)"}]},{"@type":"WebSite","@id":"https:\/\/xenonkungen.com\/#website","url":"https:\/\/xenonkungen.com\/","name":"Xenonkungen","description":"","potentialAction":[{"@type":"SearchAction","target":{"@type":"EntryPoint","urlTemplate":"https:\/\/xenonkungen.com\/?s={search_term_string}"},"query-input":{"@type":"PropertyValueSpecification","valueRequired":true,"valueName":"search_term_string"}}],"inLanguage":"nl-NL"}]}},"taxonomy_info":{"product_brand":[{"value":1124,"label":"Lazer"},{"value":98,"label":"Lazer Lamps"}],"product_cat":[{"value":2561,"label":"Lazer"},{"value":2966,"label":"Ledramp Rak"},{"value":2539,"label":"LEDRAMPER"},{"value":18,"label":"LED Ramper \/ Ljusramper"},{"value":2158,"label":"Serie"},{"value":2166,"label":"LAZER LINEAR"}],"pa_fargtemperatur":[{"value":154,"label":"5000K"}],"pa_fuktskydd-varde-ipxx":[{"value":333,"label":"IP67"}],"pa_lampsockel-kontakt":[{"value":1122,"label":"Superseal"}],"pa_storlek-mm":[{"value":2779,"label":"682x40x62"}],"pa_stromforbrukning":[{"value":2780,"label":"15.7A @12V"},{"value":2781,"label":"7.83A @24V"}],"pa_volt-v":[{"value":1084,"label":"Multivolt, 10, 12, 16, 18, 24, 28, 30, 32"}]},"featured_image_src_large":["https:\/\/xenonkungen.com\/wp-content\/uploads\/2025\/10\/linear-24_elite_-_angled_-_side_mounts_web.jpg",1000,750,false],"author_info":[],"comment_info":0,"_links":{"self":[{"href":"https:\/\/xenonkungen.com\/nl\/wp-json\/wp\/v2\/product\/15835","targetHints":{"allow":["GET"]}}],"collection":[{"href":"https:\/\/xenonkungen.com\/nl\/wp-json\/wp\/v2\/product"}],"about":[{"href":"https:\/\/xenonkungen.com\/nl\/wp-json\/wp\/v2\/types\/product"}],"replies":[{"embeddable":true,"href":"https:\/\/xenonkungen.com\/nl\/wp-json\/wp\/v2\/comments?post=15835"}],"wp:featuredmedia":[{"embeddable":true,"href":"https:\/\/xenonkungen.com\/nl\/wp-json\/wp\/v2\/media\/15844"}],"wp:attachment":[{"href":"https:\/\/xenonkungen.com\/nl\/wp-json\/wp\/v2\/media?parent=15835"}],"wp:term":[{"taxonomy":"anvandningsomrade","embeddable":true,"href":"https:\/\/xenonkungen.com\/nl\/wp-json\/wp\/v2\/anvandningsomrade?post=15835"},{"taxonomy":"bilmarken","embeddable":true,"href":"https:\/\/xenonkungen.com\/nl\/wp-json\/wp\/v2\/bilmarken?post=15835"},{"taxonomy":"product_brand","embeddable":true,"href":"https:\/\/xenonkungen.com\/nl\/wp-json\/wp\/v2\/product_brand?post=15835"},{"taxonomy":"product_cat","embeddable":true,"href":"https:\/\/xenonkungen.com\/nl\/wp-json\/wp\/v2\/product_cat?post=15835"},{"taxonomy":"product_tag","embeddable":true,"href":"https:\/\/xenonkungen.com\/nl\/wp-json\/wp\/v2\/product_tag?post=15835"}],"curies":[{"name":"wp","href":"https:\/\/api.w.org\/{rel}","templated":true}]}}