{"id":16101,"date":"2025-10-21T06:31:05","date_gmt":"2025-10-21T06:31:05","guid":{"rendered":"https:\/\/xenonkungen.com\/?post_type=product&#038;p=16101"},"modified":"2026-04-29T07:52:55","modified_gmt":"2026-04-29T06:52:55","slug":"xk-ballast-gen3-c","status":"publish","type":"product","link":"https:\/\/xenonkungen.com\/nl\/product\/xk-ballast-gen3-c\/","title":{"rendered":"XK voorschakelapparaat Gen3 - C"},"content":{"rendered":"<p>Aftermarket xenon-voorschakelapparaat volgens het model Hella ter vervanging van auto-\/extra-\/werklampen die zijn uitgerust met een vergelijkbaar model van het merk Hella 5DV 007 760-71 met D2-stekker voor D2S\/D2R xenonlampen.<br \/>\n12 VDC.<\/p>\n<p>Het geleverde artikel is niet OEM-gefabriceerd in de gespecificeerde auto&#039;s.<\/p>\n<p><strong>VERSIE A:<\/strong><br \/>\n<strong>BMW<\/strong><br \/>\n7 Serie E38 1998-2001<br \/>\nZ8 E52 2000-2003<\/p>\n<p><strong>Ferrari<\/strong><br \/>\nF360 1999-2005<br \/>\nEnzo 2002-2004<\/p>\n<p><strong>Lamborghini<\/strong><br \/>\nGallardo 2003-2008<br \/>\nMurci\u00e9lago 2002-2010<\/p>\n<p><strong>Volvo<\/strong><br \/>\nS40-V40 2004-2007<\/p>\n<p><strong>Volkswagen<\/strong><br \/>\nPassat B5, B5.5 1998-2005<br \/>\nPolo 3 Mark 3 2000-2002<br \/>\nMultivan T4 Dimlicht<\/p>\n<p><strong>Hyundai<\/strong><br \/>\nSonate 2001-2004<\/p>\n<h3><a href=\"https:\/\/xenonkungen.com\/produkt\/xk-ballast-gen3\/\">Klik hier om naar versie A te gaan<\/a><\/h3>\n<p><strong>VERSIE B:<br \/>\nAudi<\/strong><br \/>\n1997-2004 A6 4B<\/p>\n<p><strong>Porsche<\/strong><br \/>\n911 996 2002-2006<\/p>\n<p><strong>Skoda\u00a0<\/strong><br \/>\nFabia 1999-2007<\/p>\n<p><strong>Lancia<\/strong><br \/>\nScriptie 2002-2009<\/p>\n<h3><a href=\"https:\/\/xenonkungen.com\/produkt\/xk-ballast-gen3-b\/\">Klik hier om naar Versie B te gaan<\/a><\/h3>\n<p><strong>VERSIE C:<br \/>\nAudi<\/strong><br \/>\nA3 8L 1996-2003<\/p>\n<p><strong>BMW\u00a0<\/strong><br \/>\nX5 E53 1999-2003<\/p>\n<p><strong>KIA<\/strong><br \/>\nOpirus GH 2003-2007<\/p>\n<p><strong>Opel<\/strong><br \/>\nVectra B 1995-1999<br \/>\nOmega B 1999-2003<\/p>\n<p><u>Andere auto&#039;s\/modellen met deze ballast:<\/u><br \/>\nBMW 5 Serie E39 (528i, 530i, 540i, M5) 1996-2003<br \/>\nMercedes 208 CLK-Klasse 1998-2001<br \/>\nEn nog veel meer.<\/p>\n<p>Zie de afbeeldingen voor de versieselectie.<\/p>\n<p><strong>2 jaar garantie.<\/strong><\/p>\n<p><strong>Goed om te weten<\/strong><br \/>\nDit type replica van originele producten is op de markt verkrijgbaar. Het meest gemeenschappelijke kenmerk van originelen en kopie\u00ebn is de buitenste behuizing. Wat hen onderscheidt zijn de onderdelen, de programmering en de kwaliteit.<br \/>\nEn dit geldt ook tussen verschillende fabrikanten van replica's.<br \/>\nHoewel het origineel volledig functioneel is voor alle vermelde voertuigen, kunnen sommige kopie\u00ebn beperkt zijn in functionaliteit voor individuele merken of modellen, afhankelijk van onder andere de technische kennis en ambitie van de fabrikant.<br \/>\nOnze XK ballasten zijn duurder in aanschaf en daarom over het algemeen beter dan goedkopere alternatieven - die overigens ook hoger geprijsd kunnen zijn door concurrenten.<\/p>","protected":false},"excerpt":{"rendered":"<p><b>Originele vervanging<\/b> <b>Hoge kwaliteit<\/b> <b>Past op veel verschillende automodellen<\/b> <b>2 jaar garantie<\/b><\/p>","protected":false},"featured_media":2423,"comment_status":"closed","ping_status":"closed","template":"","meta":{"_acf_changed":false,"_smort_price_nok":"742","_smort_price_dkk":"472","_smort_price_eur":"63.18","_smort_sale_price_nok":"","_smort_sale_price_dkk":"","_smort_sale_price_eur":"47.38","smort_restorder":"","shipmondo_restorder":"","_kad_blocks_custom_css":"","_kad_blocks_head_custom_js":"","_kad_blocks_body_custom_js":"","_kad_blocks_footer_custom_js":"","smort_custom_pricelist_1":"389.2","smort_custom_pricelist_2":"389.2","smort_custom_pricelist_3":"369.74","smort_custom_pricelist_4":"556","smort_custom_pricelist_5":"389.2"},"anvandningsomrade":[],"bilmarken":[],"product_brand":[],"product_cat":[2484,2485,789,733],"product_tag":[],"class_list":{"0":"post-16101","1":"product","2":"type-product","3":"status-publish","4":"has-post-thumbnail","6":"product_cat-ballast-halvljus-helljus","7":"product_cat-xenonkonventering","8":"product_cat-ballast","9":"product_cat-halvljus-helljus","10":"pa_volt-v-159","12":"first","13":"instock","14":"taxable","15":"shipping-taxable","16":"purchasable","17":"product-type-simple"},"bundled_by":[],"bundle_stock_status":"instock","bundle_stock_quantity":13,"bundle_virtual":false,"bundle_layout":"","bundle_add_to_cart_form_location":"","bundle_editable_in_cart":false,"bundle_sold_individually_context":"","bundle_item_grouping":"","bundle_min_size":"","bundle_max_size":"","bundle_price":[],"bundled_items":[],"bundle_sell_ids":[],"acf":[],"yoast_head":"<!-- This site is optimized with the Yoast SEO plugin v27.0 - https:\/\/yoast.com\/product\/yoast-seo-wordpress\/ -->\n<title>XK Ballast Gen3 - C - Xenonkungen<\/title>\n<meta name=\"robots\" content=\"index, follow, max-snippet:-1, max-image-preview:large, max-video-preview:-1\" \/>\n<link rel=\"canonical\" href=\"https:\/\/xenonkungen.com\/nl\/product\/xk-ballast-gen3-c\/\" \/>\n<meta property=\"og:locale\" content=\"nl_NL\" \/>\n<meta property=\"og:type\" content=\"article\" \/>\n<meta property=\"og:title\" content=\"XK Ballast Gen3 - C - Xenonkungen\" \/>\n<meta property=\"og:description\" content=\"Orginalers\u00e4ttning H\u00f6g kvalitet Passar m\u00e5nga olika bilmodeller 2 \u00e5rs garanti\" \/>\n<meta property=\"og:url\" content=\"https:\/\/xenonkungen.com\/nl\/product\/xk-ballast-gen3-c\/\" \/>\n<meta property=\"og:site_name\" content=\"Xenonkungen\" \/>\n<meta property=\"article:modified_time\" content=\"2026-04-29T06:52:55+00:00\" \/>\n<meta property=\"og:image\" content=\"https:\/\/xenonkungen.com\/wp-content\/uploads\/2025\/04\/13400475-origpic-8bdbe5.png\" \/>\n\t<meta property=\"og:image:width\" content=\"1000\" \/>\n\t<meta property=\"og:image:height\" content=\"1000\" \/>\n\t<meta property=\"og:image:type\" content=\"image\/png\" \/>\n<meta name=\"twitter:card\" content=\"summary_large_image\" \/>\n<meta name=\"twitter:label1\" content=\"Geschatte leestijd\" \/>\n\t<meta name=\"twitter:data1\" content=\"2 minuten\" \/>\n<script type=\"application\/ld+json\" class=\"yoast-schema-graph\">{\"@context\":\"https:\/\/schema.org\",\"@graph\":[{\"@type\":\"WebPage\",\"@id\":\"https:\/\/xenonkungen.com\/no\/produkt\/xk-ballast-gen3-c\/\",\"url\":\"https:\/\/xenonkungen.com\/no\/produkt\/xk-ballast-gen3-c\/\",\"name\":\"XK Ballast Gen3 - C - Xenonkungen\",\"isPartOf\":{\"@id\":\"https:\/\/xenonkungen.com\/#website\"},\"primaryImageOfPage\":{\"@id\":\"https:\/\/xenonkungen.com\/no\/produkt\/xk-ballast-gen3-c\/#primaryimage\"},\"image\":{\"@id\":\"https:\/\/xenonkungen.com\/no\/produkt\/xk-ballast-gen3-c\/#primaryimage\"},\"thumbnailUrl\":\"https:\/\/xenonkungen.com\/wp-content\/uploads\/2025\/04\/13400475-origpic-8bdbe5.png\",\"datePublished\":\"2025-10-21T06:31:05+00:00\",\"dateModified\":\"2026-04-29T06:52:55+00:00\",\"breadcrumb\":{\"@id\":\"https:\/\/xenonkungen.com\/no\/produkt\/xk-ballast-gen3-c\/#breadcrumb\"},\"inLanguage\":\"nl-NL\",\"potentialAction\":[{\"@type\":\"ReadAction\",\"target\":[\"https:\/\/xenonkungen.com\/no\/produkt\/xk-ballast-gen3-c\/\"]}]},{\"@type\":\"ImageObject\",\"inLanguage\":\"nl-NL\",\"@id\":\"https:\/\/xenonkungen.com\/no\/produkt\/xk-ballast-gen3-c\/#primaryimage\",\"url\":\"https:\/\/xenonkungen.com\/wp-content\/uploads\/2025\/04\/13400475-origpic-8bdbe5.png\",\"contentUrl\":\"https:\/\/xenonkungen.com\/wp-content\/uploads\/2025\/04\/13400475-origpic-8bdbe5.png\",\"width\":1000,\"height\":1000},{\"@type\":\"BreadcrumbList\",\"@id\":\"https:\/\/xenonkungen.com\/no\/produkt\/xk-ballast-gen3-c\/#breadcrumb\",\"itemListElement\":[{\"@type\":\"ListItem\",\"position\":1,\"name\":\"Hem\",\"item\":\"https:\/\/xenonkungen.com\/\"},{\"@type\":\"ListItem\",\"position\":2,\"name\":\"Shop\",\"item\":\"https:\/\/xenonkungen.com\/shop\/\"},{\"@type\":\"ListItem\",\"position\":3,\"name\":\"XK Ballast Gen3 &#8211; C\"}]},{\"@type\":\"WebSite\",\"@id\":\"https:\/\/xenonkungen.com\/#website\",\"url\":\"https:\/\/xenonkungen.com\/\",\"name\":\"Xenonkungen\",\"description\":\"\",\"potentialAction\":[{\"@type\":\"SearchAction\",\"target\":{\"@type\":\"EntryPoint\",\"urlTemplate\":\"https:\/\/xenonkungen.com\/?s={search_term_string}\"},\"query-input\":{\"@type\":\"PropertyValueSpecification\",\"valueRequired\":true,\"valueName\":\"search_term_string\"}}],\"inLanguage\":\"nl-NL\"}]}<\/script>\n<!-- \/ Yoast SEO plugin. -->","yoast_head_json":{"title":"XK Ballast Gen3 - C - De Xenon Koning","robots":{"index":"index","follow":"follow","max-snippet":"max-snippet:-1","max-image-preview":"max-image-preview:large","max-video-preview":"max-video-preview:-1"},"canonical":"https:\/\/xenonkungen.com\/nl\/product\/xk-ballast-gen3-c\/","og_locale":"nl_NL","og_type":"article","og_title":"XK Ballast Gen3 - C - Xenonkungen","og_description":"Orginalers\u00e4ttning H\u00f6g kvalitet Passar m\u00e5nga olika bilmodeller 2 \u00e5rs garanti","og_url":"https:\/\/xenonkungen.com\/nl\/product\/xk-ballast-gen3-c\/","og_site_name":"Xenonkungen","article_modified_time":"2026-04-29T06:52:55+00:00","og_image":[{"width":1000,"height":1000,"url":"https:\/\/xenonkungen.com\/wp-content\/uploads\/2025\/04\/13400475-origpic-8bdbe5.png","type":"image\/png"}],"twitter_card":"summary_large_image","twitter_misc":{"Geschatte leestijd":"2 minuten"},"schema":{"@context":"https:\/\/schema.org","@graph":[{"@type":"WebPage","@id":"https:\/\/xenonkungen.com\/no\/produkt\/xk-ballast-gen3-c\/","url":"https:\/\/xenonkungen.com\/no\/produkt\/xk-ballast-gen3-c\/","name":"XK Ballast Gen3 - C - De Xenon Koning","isPartOf":{"@id":"https:\/\/xenonkungen.com\/#website"},"primaryImageOfPage":{"@id":"https:\/\/xenonkungen.com\/no\/produkt\/xk-ballast-gen3-c\/#primaryimage"},"image":{"@id":"https:\/\/xenonkungen.com\/no\/produkt\/xk-ballast-gen3-c\/#primaryimage"},"thumbnailUrl":"https:\/\/xenonkungen.com\/wp-content\/uploads\/2025\/04\/13400475-origpic-8bdbe5.png","datePublished":"2025-10-21T06:31:05+00:00","dateModified":"2026-04-29T06:52:55+00:00","breadcrumb":{"@id":"https:\/\/xenonkungen.com\/no\/produkt\/xk-ballast-gen3-c\/#breadcrumb"},"inLanguage":"nl-NL","potentialAction":[{"@type":"ReadAction","target":["https:\/\/xenonkungen.com\/no\/produkt\/xk-ballast-gen3-c\/"]}]},{"@type":"ImageObject","inLanguage":"nl-NL","@id":"https:\/\/xenonkungen.com\/no\/produkt\/xk-ballast-gen3-c\/#primaryimage","url":"https:\/\/xenonkungen.com\/wp-content\/uploads\/2025\/04\/13400475-origpic-8bdbe5.png","contentUrl":"https:\/\/xenonkungen.com\/wp-content\/uploads\/2025\/04\/13400475-origpic-8bdbe5.png","width":1000,"height":1000},{"@type":"BreadcrumbList","@id":"https:\/\/xenonkungen.com\/no\/produkt\/xk-ballast-gen3-c\/#breadcrumb","itemListElement":[{"@type":"ListItem","position":1,"name":"Hem","item":"https:\/\/xenonkungen.com\/"},{"@type":"ListItem","position":2,"name":"Shop","item":"https:\/\/xenonkungen.com\/shop\/"},{"@type":"ListItem","position":3,"name":"XK Ballast Gen3 &#8211; C"}]},{"@type":"WebSite","@id":"https:\/\/xenonkungen.com\/#website","url":"https:\/\/xenonkungen.com\/","name":"Xenonkungen","description":"","potentialAction":[{"@type":"SearchAction","target":{"@type":"EntryPoint","urlTemplate":"https:\/\/xenonkungen.com\/?s={search_term_string}"},"query-input":{"@type":"PropertyValueSpecification","valueRequired":true,"valueName":"search_term_string"}}],"inLanguage":"nl-NL"}]}},"taxonomy_info":{"product_cat":[{"value":2484,"label":"Ballast"},{"value":2485,"label":"Xenonkonvertering"},{"value":789,"label":"Ballast"},{"value":733,"label":"Halvljus \/ Helljus"}],"pa_volt-v":[{"value":159,"label":"12"}]},"featured_image_src_large":["https:\/\/xenonkungen.com\/wp-content\/uploads\/2025\/04\/13400475-origpic-8bdbe5.png",1000,1000,false],"author_info":[],"comment_info":0,"_links":{"self":[{"href":"https:\/\/xenonkungen.com\/nl\/wp-json\/wp\/v2\/product\/16101","targetHints":{"allow":["GET"]}}],"collection":[{"href":"https:\/\/xenonkungen.com\/nl\/wp-json\/wp\/v2\/product"}],"about":[{"href":"https:\/\/xenonkungen.com\/nl\/wp-json\/wp\/v2\/types\/product"}],"replies":[{"embeddable":true,"href":"https:\/\/xenonkungen.com\/nl\/wp-json\/wp\/v2\/comments?post=16101"}],"wp:featuredmedia":[{"embeddable":true,"href":"https:\/\/xenonkungen.com\/nl\/wp-json\/wp\/v2\/media\/2423"}],"wp:attachment":[{"href":"https:\/\/xenonkungen.com\/nl\/wp-json\/wp\/v2\/media?parent=16101"}],"wp:term":[{"taxonomy":"anvandningsomrade","embeddable":true,"href":"https:\/\/xenonkungen.com\/nl\/wp-json\/wp\/v2\/anvandningsomrade?post=16101"},{"taxonomy":"bilmarken","embeddable":true,"href":"https:\/\/xenonkungen.com\/nl\/wp-json\/wp\/v2\/bilmarken?post=16101"},{"taxonomy":"product_brand","embeddable":true,"href":"https:\/\/xenonkungen.com\/nl\/wp-json\/wp\/v2\/product_brand?post=16101"},{"taxonomy":"product_cat","embeddable":true,"href":"https:\/\/xenonkungen.com\/nl\/wp-json\/wp\/v2\/product_cat?post=16101"},{"taxonomy":"product_tag","embeddable":true,"href":"https:\/\/xenonkungen.com\/nl\/wp-json\/wp\/v2\/product_tag?post=16101"}],"curies":[{"name":"wp","href":"https:\/\/api.w.org\/{rel}","templated":true}]}}