{"id":1787,"date":"2025-04-15T08:27:33","date_gmt":"2025-04-15T08:27:33","guid":{"rendered":"https:\/\/xenonkungen.com\/product\/skyltbelysning-led-till-peugeot-partner-c4\/"},"modified":"2026-04-11T00:19:18","modified_gmt":"2026-04-10T23:19:18","slug":"led-kentekenplaatverlichting-voor-peugeot-partner-c4","status":"publish","type":"product","link":"https:\/\/xenonkungen.com\/nl\/product\/led-kentekenplaatverlichting-voor-peugeot-partner-c4\/","title":{"rendered":"Kentekenverlichting LED voor Peugeot Partner | C4"},"content":{"rendered":"<p>LED-kentekenverlichting ter vervanging van de bestaande halogeenverlichting in uw Peugeot of Citro\u00ebn.<\/p>\n<p>Geeft een helder wit licht en de auto een moderne uitstraling.<\/p>\n<p>Volt: 12V<br \/>Opschroefbare lichtmodule.<\/p>\n<p>Op maat gemaakte bewegwijzeringsverlichting die op dezelfde manier wordt ge\u00efnstalleerd als de oorspronkelijke verlichting.<\/p>\n<p><em>Dit artikel is niet origineel van Citro\u00ebn &amp; Peugeot. De merken die hier worden gebruikt, geven aan voor welke auto\/model het product bedoeld is.<\/em><\/p>\n<p><strong>PEUGEOT<\/strong><br \/>206 (T1)<br \/>206+ (T3E)<br \/>207 (A7)<br \/>407<br \/>406<br \/>406nieuw<br \/>306 nieuwe<br \/>307\/307 nieuw<br \/>308<br \/>5008<br \/>Partner (M59)<br \/>Partner Tipi (B9)<br \/>Partners (B9)<br \/>Partner (M49)<br \/>Partner (M59)<\/p>\n<p>&lt;Citro\u00ebn<br \/>C3\/C3 II\/C3 PICASSO<br \/>C4 PICASSO<br \/>C5 II\/C5<br \/>BERLINGO (B9)<br \/>BERLINGO (M49)<br \/>BERLINGO (M59)<br \/>SAXO 00-<br \/>XSARA\/XSARA II\/XSARA PICASSO<\/p>\n<p><strong>Rapporten van klanten:<\/strong><br \/>-PEUGEOT 7 PARTNER 2012 Niet de juiste pasvorm<\/p>\n<p>Set van 2.<br \/>3 jaar garantie.<br \/>E-geautoriseerd<\/p>","protected":false},"excerpt":{"rendered":"<p>Parkeerlichten voor onder andere Peugeot Partner en Citro\u00ebn C4 Picasso<\/p>\n<p>Volt: 12V<br \/>\nOpschroefbare lichtmodule.<\/p>\n<p>Set van 2.<br \/>\n3 jaar garantie.<br \/>\nE-geautoriseerd<\/p>","protected":false},"featured_media":1788,"comment_status":"closed","ping_status":"open","template":"","meta":{"_acf_changed":false,"_smort_price_nok":"315","_smort_price_dkk":"200","_smort_price_eur":"26.82","_smort_sale_price_nok":"","_smort_sale_price_dkk":"","_smort_sale_price_eur":"","smort_restorder":"","shipmondo_restorder":"","_kad_blocks_custom_css":"","_kad_blocks_head_custom_js":"","_kad_blocks_body_custom_js":"","_kad_blocks_footer_custom_js":"","smort_custom_pricelist_1":"188.8","smort_custom_pricelist_2":"165.2","smort_custom_pricelist_3":"153.4","smort_custom_pricelist_4":"236","smort_custom_pricelist_5":"165.2"},"anvandningsomrade":[],"bilmarken":[],"product_brand":[117],"product_cat":[2472,338],"product_tag":[],"class_list":{"0":"post-1787","1":"product","2":"type-product","3":"status-publish","4":"has-post-thumbnail","6":"product_brand-xenonkungen","7":"product_cat-skyltbelysning-diodlampor","8":"product_cat-diodlampor","9":"pa_fargtemperatur-5000k","10":"pa_volt-v-159","12":"first","13":"instock","14":"taxable","15":"shipping-taxable","16":"purchasable","17":"product-type-simple"},"bundled_by":[],"bundle_stock_status":"instock","bundle_stock_quantity":5,"bundle_virtual":false,"bundle_layout":"","bundle_add_to_cart_form_location":"","bundle_editable_in_cart":false,"bundle_sold_individually_context":"","bundle_item_grouping":"","bundle_min_size":"","bundle_max_size":"","bundle_price":[],"bundled_items":[],"bundle_sell_ids":[],"acf":[],"yoast_head":"<!-- This site is optimized with the Yoast SEO plugin v27.0 - https:\/\/yoast.com\/product\/yoast-seo-wordpress\/ -->\n<title>Skyltbelysning LED till Peugeot Partner | C4 - Xenonkungen<\/title>\n<meta name=\"robots\" content=\"index, follow, max-snippet:-1, max-image-preview:large, max-video-preview:-1\" \/>\n<link rel=\"canonical\" href=\"https:\/\/xenonkungen.com\/nl\/product\/led-kentekenplaatverlichting-voor-peugeot-partner-c4\/\" \/>\n<meta property=\"og:locale\" content=\"nl_NL\" \/>\n<meta property=\"og:type\" content=\"article\" \/>\n<meta property=\"og:title\" content=\"Skyltbelysning LED till Peugeot Partner | C4 - Xenonkungen\" \/>\n<meta property=\"og:description\" content=\"Skytlbelysning f\u00f6r bl.a Peugeot Partner och Citroen C4 Picasso Volt: 12V Bolt-on ljusmodul. Set om 2st. 3 \u00e5r garanti. E-godk\u00e4nd\" \/>\n<meta property=\"og:url\" content=\"https:\/\/xenonkungen.com\/nl\/product\/led-kentekenplaatverlichting-voor-peugeot-partner-c4\/\" \/>\n<meta property=\"og:site_name\" content=\"Xenonkungen\" \/>\n<meta property=\"article:modified_time\" content=\"2026-04-10T23:19:18+00:00\" \/>\n<meta property=\"og:image\" content=\"https:\/\/xenonkungen.com\/wp-content\/uploads\/2025\/04\/180220271-origpic-98dfb6.jpg\" \/>\n\t<meta property=\"og:image:width\" content=\"1000\" \/>\n\t<meta property=\"og:image:height\" content=\"1000\" \/>\n\t<meta property=\"og:image:type\" content=\"image\/jpeg\" \/>\n<meta name=\"twitter:card\" content=\"summary_large_image\" \/>\n<meta name=\"twitter:label1\" content=\"Geschatte leestijd\" \/>\n\t<meta name=\"twitter:data1\" content=\"1 minuut\" \/>\n<script type=\"application\/ld+json\" class=\"yoast-schema-graph\">{\"@context\":\"https:\/\/schema.org\",\"@graph\":[{\"@type\":\"WebPage\",\"@id\":\"https:\/\/xenonkungen.com\/produkt\/skyltbelysning-led-till-peugeot-partner-c4\/\",\"url\":\"https:\/\/xenonkungen.com\/produkt\/skyltbelysning-led-till-peugeot-partner-c4\/\",\"name\":\"Skyltbelysning LED till Peugeot Partner | C4 - Xenonkungen\",\"isPartOf\":{\"@id\":\"https:\/\/xenonkungen.com\/#website\"},\"primaryImageOfPage\":{\"@id\":\"https:\/\/xenonkungen.com\/produkt\/skyltbelysning-led-till-peugeot-partner-c4\/#primaryimage\"},\"image\":{\"@id\":\"https:\/\/xenonkungen.com\/produkt\/skyltbelysning-led-till-peugeot-partner-c4\/#primaryimage\"},\"thumbnailUrl\":\"https:\/\/xenonkungen.com\/wp-content\/uploads\/2025\/04\/180220271-origpic-98dfb6.jpg\",\"datePublished\":\"2025-04-15T08:27:33+00:00\",\"dateModified\":\"2026-04-10T23:19:18+00:00\",\"breadcrumb\":{\"@id\":\"https:\/\/xenonkungen.com\/produkt\/skyltbelysning-led-till-peugeot-partner-c4\/#breadcrumb\"},\"inLanguage\":\"nl-NL\",\"potentialAction\":[{\"@type\":\"ReadAction\",\"target\":[\"https:\/\/xenonkungen.com\/produkt\/skyltbelysning-led-till-peugeot-partner-c4\/\"]}]},{\"@type\":\"ImageObject\",\"inLanguage\":\"nl-NL\",\"@id\":\"https:\/\/xenonkungen.com\/produkt\/skyltbelysning-led-till-peugeot-partner-c4\/#primaryimage\",\"url\":\"https:\/\/xenonkungen.com\/wp-content\/uploads\/2025\/04\/180220271-origpic-98dfb6.jpg\",\"contentUrl\":\"https:\/\/xenonkungen.com\/wp-content\/uploads\/2025\/04\/180220271-origpic-98dfb6.jpg\",\"width\":1000,\"height\":1000},{\"@type\":\"BreadcrumbList\",\"@id\":\"https:\/\/xenonkungen.com\/produkt\/skyltbelysning-led-till-peugeot-partner-c4\/#breadcrumb\",\"itemListElement\":[{\"@type\":\"ListItem\",\"position\":1,\"name\":\"Hem\",\"item\":\"https:\/\/xenonkungen.com\/\"},{\"@type\":\"ListItem\",\"position\":2,\"name\":\"Shop\",\"item\":\"https:\/\/xenonkungen.com\/shop\/\"},{\"@type\":\"ListItem\",\"position\":3,\"name\":\"Skyltbelysning LED till Peugeot Partner | C4\"}]},{\"@type\":\"WebSite\",\"@id\":\"https:\/\/xenonkungen.com\/#website\",\"url\":\"https:\/\/xenonkungen.com\/\",\"name\":\"Xenonkungen\",\"description\":\"\",\"potentialAction\":[{\"@type\":\"SearchAction\",\"target\":{\"@type\":\"EntryPoint\",\"urlTemplate\":\"https:\/\/xenonkungen.com\/?s={search_term_string}\"},\"query-input\":{\"@type\":\"PropertyValueSpecification\",\"valueRequired\":true,\"valueName\":\"search_term_string\"}}],\"inLanguage\":\"nl-NL\"}]}<\/script>\n<!-- \/ Yoast SEO plugin. -->","yoast_head_json":{"title":"LED-kentekenplaatverlichting voor Peugeot Partner | C4 - Xenonkungen","robots":{"index":"index","follow":"follow","max-snippet":"max-snippet:-1","max-image-preview":"max-image-preview:large","max-video-preview":"max-video-preview:-1"},"canonical":"https:\/\/xenonkungen.com\/nl\/product\/led-kentekenplaatverlichting-voor-peugeot-partner-c4\/","og_locale":"nl_NL","og_type":"article","og_title":"Skyltbelysning LED till Peugeot Partner | C4 - Xenonkungen","og_description":"Skytlbelysning f\u00f6r bl.a Peugeot Partner och Citroen C4 Picasso Volt: 12V Bolt-on ljusmodul. Set om 2st. 3 \u00e5r garanti. E-godk\u00e4nd","og_url":"https:\/\/xenonkungen.com\/nl\/product\/led-kentekenplaatverlichting-voor-peugeot-partner-c4\/","og_site_name":"Xenonkungen","article_modified_time":"2026-04-10T23:19:18+00:00","og_image":[{"width":1000,"height":1000,"url":"https:\/\/xenonkungen.com\/wp-content\/uploads\/2025\/04\/180220271-origpic-98dfb6.jpg","type":"image\/jpeg"}],"twitter_card":"summary_large_image","twitter_misc":{"Geschatte leestijd":"1 minuut"},"schema":{"@context":"https:\/\/schema.org","@graph":[{"@type":"WebPage","@id":"https:\/\/xenonkungen.com\/produkt\/skyltbelysning-led-till-peugeot-partner-c4\/","url":"https:\/\/xenonkungen.com\/produkt\/skyltbelysning-led-till-peugeot-partner-c4\/","name":"LED-kentekenplaatverlichting voor Peugeot Partner | C4 - Xenonkungen","isPartOf":{"@id":"https:\/\/xenonkungen.com\/#website"},"primaryImageOfPage":{"@id":"https:\/\/xenonkungen.com\/produkt\/skyltbelysning-led-till-peugeot-partner-c4\/#primaryimage"},"image":{"@id":"https:\/\/xenonkungen.com\/produkt\/skyltbelysning-led-till-peugeot-partner-c4\/#primaryimage"},"thumbnailUrl":"https:\/\/xenonkungen.com\/wp-content\/uploads\/2025\/04\/180220271-origpic-98dfb6.jpg","datePublished":"2025-04-15T08:27:33+00:00","dateModified":"2026-04-10T23:19:18+00:00","breadcrumb":{"@id":"https:\/\/xenonkungen.com\/produkt\/skyltbelysning-led-till-peugeot-partner-c4\/#breadcrumb"},"inLanguage":"nl-NL","potentialAction":[{"@type":"ReadAction","target":["https:\/\/xenonkungen.com\/produkt\/skyltbelysning-led-till-peugeot-partner-c4\/"]}]},{"@type":"ImageObject","inLanguage":"nl-NL","@id":"https:\/\/xenonkungen.com\/produkt\/skyltbelysning-led-till-peugeot-partner-c4\/#primaryimage","url":"https:\/\/xenonkungen.com\/wp-content\/uploads\/2025\/04\/180220271-origpic-98dfb6.jpg","contentUrl":"https:\/\/xenonkungen.com\/wp-content\/uploads\/2025\/04\/180220271-origpic-98dfb6.jpg","width":1000,"height":1000},{"@type":"BreadcrumbList","@id":"https:\/\/xenonkungen.com\/produkt\/skyltbelysning-led-till-peugeot-partner-c4\/#breadcrumb","itemListElement":[{"@type":"ListItem","position":1,"name":"Hem","item":"https:\/\/xenonkungen.com\/"},{"@type":"ListItem","position":2,"name":"Shop","item":"https:\/\/xenonkungen.com\/shop\/"},{"@type":"ListItem","position":3,"name":"Skyltbelysning LED till Peugeot Partner | C4"}]},{"@type":"WebSite","@id":"https:\/\/xenonkungen.com\/#website","url":"https:\/\/xenonkungen.com\/","name":"Xenonkungen","description":"","potentialAction":[{"@type":"SearchAction","target":{"@type":"EntryPoint","urlTemplate":"https:\/\/xenonkungen.com\/?s={search_term_string}"},"query-input":{"@type":"PropertyValueSpecification","valueRequired":true,"valueName":"search_term_string"}}],"inLanguage":"nl-NL"}]}},"taxonomy_info":{"product_brand":[{"value":117,"label":"Xenonkungen"}],"product_cat":[{"value":2472,"label":"Skyltbelysning"},{"value":338,"label":"Diodlampor"}],"pa_fargtemperatur":[{"value":154,"label":"5000K"}],"pa_volt-v":[{"value":159,"label":"12"}]},"featured_image_src_large":["https:\/\/xenonkungen.com\/wp-content\/uploads\/2025\/04\/180220271-origpic-98dfb6.jpg",1000,1000,false],"author_info":[],"comment_info":0,"_links":{"self":[{"href":"https:\/\/xenonkungen.com\/nl\/wp-json\/wp\/v2\/product\/1787","targetHints":{"allow":["GET"]}}],"collection":[{"href":"https:\/\/xenonkungen.com\/nl\/wp-json\/wp\/v2\/product"}],"about":[{"href":"https:\/\/xenonkungen.com\/nl\/wp-json\/wp\/v2\/types\/product"}],"replies":[{"embeddable":true,"href":"https:\/\/xenonkungen.com\/nl\/wp-json\/wp\/v2\/comments?post=1787"}],"wp:featuredmedia":[{"embeddable":true,"href":"https:\/\/xenonkungen.com\/nl\/wp-json\/wp\/v2\/media\/1788"}],"wp:attachment":[{"href":"https:\/\/xenonkungen.com\/nl\/wp-json\/wp\/v2\/media?parent=1787"}],"wp:term":[{"taxonomy":"anvandningsomrade","embeddable":true,"href":"https:\/\/xenonkungen.com\/nl\/wp-json\/wp\/v2\/anvandningsomrade?post=1787"},{"taxonomy":"bilmarken","embeddable":true,"href":"https:\/\/xenonkungen.com\/nl\/wp-json\/wp\/v2\/bilmarken?post=1787"},{"taxonomy":"product_brand","embeddable":true,"href":"https:\/\/xenonkungen.com\/nl\/wp-json\/wp\/v2\/product_brand?post=1787"},{"taxonomy":"product_cat","embeddable":true,"href":"https:\/\/xenonkungen.com\/nl\/wp-json\/wp\/v2\/product_cat?post=1787"},{"taxonomy":"product_tag","embeddable":true,"href":"https:\/\/xenonkungen.com\/nl\/wp-json\/wp\/v2\/product_tag?post=1787"}],"curies":[{"name":"wp","href":"https:\/\/api.w.org\/{rel}","templated":true}]}}