{"id":1839,"date":"2025-04-15T08:28:38","date_gmt":"2025-04-15T08:28:38","guid":{"rendered":"https:\/\/xenonkungen.com\/product\/mc-adventure-dimljus-40w\/"},"modified":"2026-04-01T07:55:54","modified_gmt":"2026-04-01T06:55:54","slug":"mc-adventure-mistlamp-40w","status":"publish","type":"product","link":"https:\/\/xenonkungen.com\/nl\/product\/mc-adventure-mistlamp-40w\/","title":{"rendered":"MC Adventure Mistlamp | 40W"},"content":{"rendered":"<p>Extra LED-mistlampen voor motoren, geschikt voor de BMW R1200GS\/ADV, F800GS en F700GS. Uiteraard zijn ze ook geschikt voor andere motoren. Met 8 stuks 7,5W CREE LED&#039;s en een vermogen van 40W geeft hij een lichtopbrengst van 5000 lumen. Deze mistlamp is perfect voor meer zichtbaarheid en veiligheid in moeilijke weersomstandigheden. Upgrade je motor vandaag nog met deze hoogwaardige mistlamp!<\/p>\n<p><strong>Specificatie<\/strong><br \/>\nAantal diodes: 8 stuks 7,5W CREE LED-diodes<br \/>\nVermogen: 40w<br \/>\nlichtstroom: 5000LM<br \/>\nVermogen: 12v DC<br \/>\nLeveringsomvang: 2 mistlampen en bevestigingsmateriaal.<\/p>","protected":false},"excerpt":{"rendered":"<p>Perfecte mistlamp voor op je motor. Verhoogt de veiligheid en vergroot tegelijkertijd de zichtbaarheid.<\/p>","protected":false},"featured_media":14033,"comment_status":"closed","ping_status":"closed","template":"","meta":{"_acf_changed":false,"_smort_price_nok":"828","_smort_price_dkk":"811","_smort_price_eur":"108.63","_smort_sale_price_nok":"828","_smort_sale_price_dkk":"","_smort_sale_price_eur":"70.45","smort_restorder":"","shipmondo_restorder":"","_kad_blocks_custom_css":"","_kad_blocks_head_custom_js":"","_kad_blocks_body_custom_js":"","_kad_blocks_footer_custom_js":"","smort_custom_pricelist_1":"764.8","smort_custom_pricelist_2":"669.2","smort_custom_pricelist_3":"635.74","smort_custom_pricelist_4":"956","smort_custom_pricelist_5":"669.2"},"anvandningsomrade":[398],"bilmarken":[],"product_brand":[],"product_cat":[16],"product_tag":[],"class_list":{"0":"post-1839","1":"product","2":"type-product","3":"status-publish","4":"has-post-thumbnail","6":"anvandningsomrade-motorcykel","7":"product_cat-uncategorized","9":"first","10":"instock","11":"sale","12":"taxable","13":"shipping-taxable","14":"purchasable","15":"product-type-simple"},"bundled_by":[],"bundle_stock_status":"instock","bundle_stock_quantity":22,"bundle_virtual":false,"bundle_layout":"","bundle_add_to_cart_form_location":"","bundle_editable_in_cart":false,"bundle_sold_individually_context":"","bundle_item_grouping":"","bundle_min_size":"","bundle_max_size":"","bundle_price":[],"bundled_items":[],"bundle_sell_ids":[],"acf":[],"yoast_head":"<!-- This site is optimized with the Yoast SEO plugin v27.0 - https:\/\/yoast.com\/product\/yoast-seo-wordpress\/ -->\n<title>MC Adventure Dimljus | 40W - Xenonkungen<\/title>\n<meta name=\"robots\" content=\"index, follow, max-snippet:-1, max-image-preview:large, max-video-preview:-1\" \/>\n<link rel=\"canonical\" href=\"https:\/\/xenonkungen.com\/nl\/product\/mc-adventure-mistlamp-40w\/\" \/>\n<meta property=\"og:locale\" content=\"nl_NL\" \/>\n<meta property=\"og:type\" content=\"article\" \/>\n<meta property=\"og:title\" content=\"MC Adventure Dimljus | 40W - Xenonkungen\" \/>\n<meta property=\"og:description\" content=\"Perfekt dimljus f\u00f6r att anv\u00e4nda p\u00e5 din motorcykel. \u00d6kar s\u00e4kerheten, samtidigt som det \u00f6kar synbarheten.\" \/>\n<meta property=\"og:url\" content=\"https:\/\/xenonkungen.com\/nl\/product\/mc-adventure-mistlamp-40w\/\" \/>\n<meta property=\"og:site_name\" content=\"Xenonkungen\" \/>\n<meta property=\"article:modified_time\" content=\"2026-04-01T06:55:54+00:00\" \/>\n<meta property=\"og:image\" content=\"https:\/\/xenonkungen.com\/wp-content\/uploads\/2025\/04\/MC-Adventure-Dimljus-40W-ArtNr-65790-DSCF6236-Org-PNNG-crop-1024x787.png\" \/>\n\t<meta property=\"og:image:width\" content=\"1024\" \/>\n\t<meta property=\"og:image:height\" content=\"787\" \/>\n\t<meta property=\"og:image:type\" content=\"image\/png\" \/>\n<meta name=\"twitter:card\" content=\"summary_large_image\" \/>\n<meta name=\"twitter:label1\" content=\"Geschatte leestijd\" \/>\n\t<meta name=\"twitter:data1\" content=\"1 minuut\" \/>\n<script type=\"application\/ld+json\" class=\"yoast-schema-graph\">{\"@context\":\"https:\/\/schema.org\",\"@graph\":[{\"@type\":\"WebPage\",\"@id\":\"https:\/\/xenonkungen.com\/produkt\/mc-adventure-dimljus-40w\/\",\"url\":\"https:\/\/xenonkungen.com\/produkt\/mc-adventure-dimljus-40w\/\",\"name\":\"MC Adventure Dimljus | 40W - Xenonkungen\",\"isPartOf\":{\"@id\":\"https:\/\/xenonkungen.com\/#website\"},\"primaryImageOfPage\":{\"@id\":\"https:\/\/xenonkungen.com\/produkt\/mc-adventure-dimljus-40w\/#primaryimage\"},\"image\":{\"@id\":\"https:\/\/xenonkungen.com\/produkt\/mc-adventure-dimljus-40w\/#primaryimage\"},\"thumbnailUrl\":\"https:\/\/xenonkungen.com\/wp-content\/uploads\/2025\/04\/MC-Adventure-Dimljus-40W-ArtNr-65790-DSCF6236-Org-PNNG-crop.png\",\"datePublished\":\"2025-04-15T08:28:38+00:00\",\"dateModified\":\"2026-04-01T06:55:54+00:00\",\"breadcrumb\":{\"@id\":\"https:\/\/xenonkungen.com\/produkt\/mc-adventure-dimljus-40w\/#breadcrumb\"},\"inLanguage\":\"nl-NL\",\"potentialAction\":[{\"@type\":\"ReadAction\",\"target\":[\"https:\/\/xenonkungen.com\/produkt\/mc-adventure-dimljus-40w\/\"]}]},{\"@type\":\"ImageObject\",\"inLanguage\":\"nl-NL\",\"@id\":\"https:\/\/xenonkungen.com\/produkt\/mc-adventure-dimljus-40w\/#primaryimage\",\"url\":\"https:\/\/xenonkungen.com\/wp-content\/uploads\/2025\/04\/MC-Adventure-Dimljus-40W-ArtNr-65790-DSCF6236-Org-PNNG-crop.png\",\"contentUrl\":\"https:\/\/xenonkungen.com\/wp-content\/uploads\/2025\/04\/MC-Adventure-Dimljus-40W-ArtNr-65790-DSCF6236-Org-PNNG-crop.png\",\"width\":2000,\"height\":1538},{\"@type\":\"BreadcrumbList\",\"@id\":\"https:\/\/xenonkungen.com\/produkt\/mc-adventure-dimljus-40w\/#breadcrumb\",\"itemListElement\":[{\"@type\":\"ListItem\",\"position\":1,\"name\":\"Hem\",\"item\":\"https:\/\/xenonkungen.com\/\"},{\"@type\":\"ListItem\",\"position\":2,\"name\":\"Shop\",\"item\":\"https:\/\/xenonkungen.com\/shop\/\"},{\"@type\":\"ListItem\",\"position\":3,\"name\":\"MC Adventure Dimljus | 40W\"}]},{\"@type\":\"WebSite\",\"@id\":\"https:\/\/xenonkungen.com\/#website\",\"url\":\"https:\/\/xenonkungen.com\/\",\"name\":\"Xenonkungen\",\"description\":\"\",\"potentialAction\":[{\"@type\":\"SearchAction\",\"target\":{\"@type\":\"EntryPoint\",\"urlTemplate\":\"https:\/\/xenonkungen.com\/?s={search_term_string}\"},\"query-input\":{\"@type\":\"PropertyValueSpecification\",\"valueRequired\":true,\"valueName\":\"search_term_string\"}}],\"inLanguage\":\"nl-NL\"}]}<\/script>\n<!-- \/ Yoast SEO plugin. -->","yoast_head_json":{"title":"MC Adventure Mistlamp | 40W - Xenonkungen","robots":{"index":"index","follow":"follow","max-snippet":"max-snippet:-1","max-image-preview":"max-image-preview:large","max-video-preview":"max-video-preview:-1"},"canonical":"https:\/\/xenonkungen.com\/nl\/product\/mc-adventure-mistlamp-40w\/","og_locale":"nl_NL","og_type":"article","og_title":"MC Adventure Dimljus | 40W - Xenonkungen","og_description":"Perfekt dimljus f\u00f6r att anv\u00e4nda p\u00e5 din motorcykel. \u00d6kar s\u00e4kerheten, samtidigt som det \u00f6kar synbarheten.","og_url":"https:\/\/xenonkungen.com\/nl\/product\/mc-adventure-mistlamp-40w\/","og_site_name":"Xenonkungen","article_modified_time":"2026-04-01T06:55:54+00:00","og_image":[{"width":1024,"height":787,"url":"https:\/\/xenonkungen.com\/wp-content\/uploads\/2025\/04\/MC-Adventure-Dimljus-40W-ArtNr-65790-DSCF6236-Org-PNNG-crop-1024x787.png","type":"image\/png"}],"twitter_card":"summary_large_image","twitter_misc":{"Geschatte leestijd":"1 minuut"},"schema":{"@context":"https:\/\/schema.org","@graph":[{"@type":"WebPage","@id":"https:\/\/xenonkungen.com\/produkt\/mc-adventure-dimljus-40w\/","url":"https:\/\/xenonkungen.com\/produkt\/mc-adventure-dimljus-40w\/","name":"MC Adventure Mistlamp | 40W - Xenonkungen","isPartOf":{"@id":"https:\/\/xenonkungen.com\/#website"},"primaryImageOfPage":{"@id":"https:\/\/xenonkungen.com\/produkt\/mc-adventure-dimljus-40w\/#primaryimage"},"image":{"@id":"https:\/\/xenonkungen.com\/produkt\/mc-adventure-dimljus-40w\/#primaryimage"},"thumbnailUrl":"https:\/\/xenonkungen.com\/wp-content\/uploads\/2025\/04\/MC-Adventure-Dimljus-40W-ArtNr-65790-DSCF6236-Org-PNNG-crop.png","datePublished":"2025-04-15T08:28:38+00:00","dateModified":"2026-04-01T06:55:54+00:00","breadcrumb":{"@id":"https:\/\/xenonkungen.com\/produkt\/mc-adventure-dimljus-40w\/#breadcrumb"},"inLanguage":"nl-NL","potentialAction":[{"@type":"ReadAction","target":["https:\/\/xenonkungen.com\/produkt\/mc-adventure-dimljus-40w\/"]}]},{"@type":"ImageObject","inLanguage":"nl-NL","@id":"https:\/\/xenonkungen.com\/produkt\/mc-adventure-dimljus-40w\/#primaryimage","url":"https:\/\/xenonkungen.com\/wp-content\/uploads\/2025\/04\/MC-Adventure-Dimljus-40W-ArtNr-65790-DSCF6236-Org-PNNG-crop.png","contentUrl":"https:\/\/xenonkungen.com\/wp-content\/uploads\/2025\/04\/MC-Adventure-Dimljus-40W-ArtNr-65790-DSCF6236-Org-PNNG-crop.png","width":2000,"height":1538},{"@type":"BreadcrumbList","@id":"https:\/\/xenonkungen.com\/produkt\/mc-adventure-dimljus-40w\/#breadcrumb","itemListElement":[{"@type":"ListItem","position":1,"name":"Hem","item":"https:\/\/xenonkungen.com\/"},{"@type":"ListItem","position":2,"name":"Shop","item":"https:\/\/xenonkungen.com\/shop\/"},{"@type":"ListItem","position":3,"name":"MC Adventure Dimljus | 40W"}]},{"@type":"WebSite","@id":"https:\/\/xenonkungen.com\/#website","url":"https:\/\/xenonkungen.com\/","name":"Xenonkungen","description":"","potentialAction":[{"@type":"SearchAction","target":{"@type":"EntryPoint","urlTemplate":"https:\/\/xenonkungen.com\/?s={search_term_string}"},"query-input":{"@type":"PropertyValueSpecification","valueRequired":true,"valueName":"search_term_string"}}],"inLanguage":"nl-NL"}]}},"taxonomy_info":{"anvandningsomrade":[{"value":398,"label":"Motorcykel"}],"product_cat":[{"value":16,"label":"Uncategorized"}]},"featured_image_src_large":["https:\/\/xenonkungen.com\/wp-content\/uploads\/2025\/04\/MC-Adventure-Dimljus-40W-ArtNr-65790-DSCF6236-Org-PNNG-crop-1024x787.png",1024,787,true],"author_info":[],"comment_info":0,"_links":{"self":[{"href":"https:\/\/xenonkungen.com\/nl\/wp-json\/wp\/v2\/product\/1839","targetHints":{"allow":["GET"]}}],"collection":[{"href":"https:\/\/xenonkungen.com\/nl\/wp-json\/wp\/v2\/product"}],"about":[{"href":"https:\/\/xenonkungen.com\/nl\/wp-json\/wp\/v2\/types\/product"}],"replies":[{"embeddable":true,"href":"https:\/\/xenonkungen.com\/nl\/wp-json\/wp\/v2\/comments?post=1839"}],"wp:featuredmedia":[{"embeddable":true,"href":"https:\/\/xenonkungen.com\/nl\/wp-json\/wp\/v2\/media\/14033"}],"wp:attachment":[{"href":"https:\/\/xenonkungen.com\/nl\/wp-json\/wp\/v2\/media?parent=1839"}],"wp:term":[{"taxonomy":"anvandningsomrade","embeddable":true,"href":"https:\/\/xenonkungen.com\/nl\/wp-json\/wp\/v2\/anvandningsomrade?post=1839"},{"taxonomy":"bilmarken","embeddable":true,"href":"https:\/\/xenonkungen.com\/nl\/wp-json\/wp\/v2\/bilmarken?post=1839"},{"taxonomy":"product_brand","embeddable":true,"href":"https:\/\/xenonkungen.com\/nl\/wp-json\/wp\/v2\/product_brand?post=1839"},{"taxonomy":"product_cat","embeddable":true,"href":"https:\/\/xenonkungen.com\/nl\/wp-json\/wp\/v2\/product_cat?post=1839"},{"taxonomy":"product_tag","embeddable":true,"href":"https:\/\/xenonkungen.com\/nl\/wp-json\/wp\/v2\/product_tag?post=1839"}],"curies":[{"name":"wp","href":"https:\/\/api.w.org\/{rel}","templated":true}]}}