{"id":1841,"date":"2025-04-15T08:29:07","date_gmt":"2025-04-15T08:29:07","guid":{"rendered":"https:\/\/xenonkungen.com\/product\/mc-blinkers-visible-e-markt\/"},"modified":"2026-04-11T00:21:08","modified_gmt":"2026-04-10T23:21:08","slug":"mc-richtingaanwijzers-zichtbaar-e-markt","status":"publish","type":"product","link":"https:\/\/xenonkungen.com\/nl\/product\/mc-richtingaanwijzers-zichtbaar-e-markt\/","title":{"rendered":"MC Knipperlichten Zichtbaar | E-gemarkeerd"},"content":{"rendered":"<p>Wil je de veiligheid op je fiets vergroten en hem er ook nog eens mooier uit laten zien? Dan is dit zeker de lamp voor jou.<\/p>\n<p>MC Blinkers Visible | E-keurmerk is een volledig goedgekeurde LED-knipperlichtlamp met een dynamisch knipperpatroon. Dankzij de dynamische richtingaanwijzers, die ook op modernere auto&#039;s te zien zijn, is het voor iedereen duidelijker wat u in het verkeer gaat doen.<\/p>\n<p>Met 11 heldere diodes als lichtbron is het moeilijk te missen.<\/p>","protected":false},"excerpt":{"rendered":"<p>Verhoog nu de veiligheid van uw motor met Blinkers Visible! Deze hoogwaardige knipperlichten voor de motor zijn voorzien van een E-keurmerk en zorgen voor een betere zichtbaarheid in het verkeer. Dankzij de eenvoudige installatie bent u in een mum van tijd klaar voor elke rit. Veiligheid staat altijd voorop en Blinkers Visible helpt u dit op een eenvoudige en effectieve manier te bereiken. Bestel vandaag nog en rijd veilig en zeker!<\/p>","protected":false},"featured_media":1842,"comment_status":"closed","ping_status":"closed","template":"","meta":{"_acf_changed":false,"_smort_price_nok":"159","_smort_price_dkk":"101","_smort_price_eur":"13.54","_smort_sale_price_nok":"","_smort_sale_price_dkk":"","_smort_sale_price_eur":"","smort_restorder":"","shipmondo_restorder":"","_kad_blocks_custom_css":"","_kad_blocks_head_custom_js":"","_kad_blocks_body_custom_js":"","_kad_blocks_footer_custom_js":"","smort_custom_pricelist_1":"95.36","smort_custom_pricelist_2":"83.44","smort_custom_pricelist_3":"79.27","smort_custom_pricelist_4":"119.2","smort_custom_pricelist_5":"83.44"},"anvandningsomrade":[165,2709,234],"bilmarken":[],"product_brand":[],"product_cat":[2477],"product_tag":[],"class_list":{"0":"post-1841","1":"product","2":"type-product","3":"status-publish","4":"has-post-thumbnail","6":"anvandningsomrade-atv","7":"anvandningsomrade-atv-snoskoter","8":"anvandningsomrade-mc","9":"product_cat-blinkers","11":"first","12":"instock","13":"taxable","14":"shipping-taxable","15":"purchasable","16":"product-type-simple"},"bundled_by":[],"bundle_stock_status":"instock","bundle_stock_quantity":1,"bundle_virtual":false,"bundle_layout":"","bundle_add_to_cart_form_location":"","bundle_editable_in_cart":false,"bundle_sold_individually_context":"","bundle_item_grouping":"","bundle_min_size":"","bundle_max_size":"","bundle_price":[],"bundled_items":[],"bundle_sell_ids":[],"acf":[],"yoast_head":"<!-- This site is optimized with the Yoast SEO plugin v27.0 - https:\/\/yoast.com\/product\/yoast-seo-wordpress\/ -->\n<title>MC Blinkers Visible | E-m\u00e4rkt - Xenonkungen<\/title>\n<meta name=\"robots\" content=\"index, follow, max-snippet:-1, max-image-preview:large, max-video-preview:-1\" \/>\n<link rel=\"canonical\" href=\"https:\/\/xenonkungen.com\/nl\/product\/mc-richtingaanwijzers-zichtbaar-e-markt\/\" \/>\n<meta property=\"og:locale\" content=\"nl_NL\" \/>\n<meta property=\"og:type\" content=\"article\" \/>\n<meta property=\"og:title\" content=\"MC Blinkers Visible | E-m\u00e4rkt - Xenonkungen\" \/>\n<meta property=\"og:description\" content=\"Nu kan du \u00f6ka s\u00e4kerheten p\u00e5 din motorcykel med Blinkers Visible! Dessa h\u00f6gkvalitativa MC-blinkers \u00e4r E-m\u00e4rkta och ger dig \u00f6kad synlighet i trafiken. Med enkel installation kommer du att vara redo f\u00f6r varje k\u00f6rning p\u00e5 nolltid. S\u00e4kerhet b\u00f6r alltid komma f\u00f6rst, och Blinkers Visible hj\u00e4lper dig att uppn\u00e5 detta p\u00e5 ett enkelt och effektivt s\u00e4tt. Best\u00e4ll idag och k\u00f6r tryggt och s\u00e4kert!\" \/>\n<meta property=\"og:url\" content=\"https:\/\/xenonkungen.com\/nl\/product\/mc-richtingaanwijzers-zichtbaar-e-markt\/\" \/>\n<meta property=\"og:site_name\" content=\"Xenonkungen\" \/>\n<meta property=\"article:modified_time\" content=\"2026-04-10T23:21:08+00:00\" \/>\n<meta property=\"og:image\" content=\"https:\/\/xenonkungen.com\/wp-content\/uploads\/2025\/04\/191978563-origpic-398810-scaled.png\" \/>\n\t<meta property=\"og:image:width\" content=\"2560\" \/>\n\t<meta property=\"og:image:height\" content=\"2560\" \/>\n\t<meta property=\"og:image:type\" content=\"image\/png\" \/>\n<meta name=\"twitter:card\" content=\"summary_large_image\" \/>\n<meta name=\"twitter:label1\" content=\"Geschatte leestijd\" \/>\n\t<meta name=\"twitter:data1\" content=\"1 minuut\" \/>\n<script type=\"application\/ld+json\" class=\"yoast-schema-graph\">{\"@context\":\"https:\/\/schema.org\",\"@graph\":[{\"@type\":\"WebPage\",\"@id\":\"https:\/\/xenonkungen.com\/produkt\/mc-blinkers-visible-e-markt\/\",\"url\":\"https:\/\/xenonkungen.com\/produkt\/mc-blinkers-visible-e-markt\/\",\"name\":\"MC Blinkers Visible | E-m\u00e4rkt - Xenonkungen\",\"isPartOf\":{\"@id\":\"https:\/\/xenonkungen.com\/#website\"},\"primaryImageOfPage\":{\"@id\":\"https:\/\/xenonkungen.com\/produkt\/mc-blinkers-visible-e-markt\/#primaryimage\"},\"image\":{\"@id\":\"https:\/\/xenonkungen.com\/produkt\/mc-blinkers-visible-e-markt\/#primaryimage\"},\"thumbnailUrl\":\"https:\/\/xenonkungen.com\/wp-content\/uploads\/2025\/04\/191978563-origpic-398810-scaled.png\",\"datePublished\":\"2025-04-15T08:29:07+00:00\",\"dateModified\":\"2026-04-10T23:21:08+00:00\",\"breadcrumb\":{\"@id\":\"https:\/\/xenonkungen.com\/produkt\/mc-blinkers-visible-e-markt\/#breadcrumb\"},\"inLanguage\":\"nl-NL\",\"potentialAction\":[{\"@type\":\"ReadAction\",\"target\":[\"https:\/\/xenonkungen.com\/produkt\/mc-blinkers-visible-e-markt\/\"]}]},{\"@type\":\"ImageObject\",\"inLanguage\":\"nl-NL\",\"@id\":\"https:\/\/xenonkungen.com\/produkt\/mc-blinkers-visible-e-markt\/#primaryimage\",\"url\":\"https:\/\/xenonkungen.com\/wp-content\/uploads\/2025\/04\/191978563-origpic-398810-scaled.png\",\"contentUrl\":\"https:\/\/xenonkungen.com\/wp-content\/uploads\/2025\/04\/191978563-origpic-398810-scaled.png\",\"width\":2560,\"height\":2560},{\"@type\":\"BreadcrumbList\",\"@id\":\"https:\/\/xenonkungen.com\/produkt\/mc-blinkers-visible-e-markt\/#breadcrumb\",\"itemListElement\":[{\"@type\":\"ListItem\",\"position\":1,\"name\":\"Hem\",\"item\":\"https:\/\/xenonkungen.com\/\"},{\"@type\":\"ListItem\",\"position\":2,\"name\":\"Shop\",\"item\":\"https:\/\/xenonkungen.com\/shop\/\"},{\"@type\":\"ListItem\",\"position\":3,\"name\":\"MC Blinkers Visible | E-m\u00e4rkt\"}]},{\"@type\":\"WebSite\",\"@id\":\"https:\/\/xenonkungen.com\/#website\",\"url\":\"https:\/\/xenonkungen.com\/\",\"name\":\"Xenonkungen\",\"description\":\"\",\"potentialAction\":[{\"@type\":\"SearchAction\",\"target\":{\"@type\":\"EntryPoint\",\"urlTemplate\":\"https:\/\/xenonkungen.com\/?s={search_term_string}\"},\"query-input\":{\"@type\":\"PropertyValueSpecification\",\"valueRequired\":true,\"valueName\":\"search_term_string\"}}],\"inLanguage\":\"nl-NL\"}]}<\/script>\n<!-- \/ Yoast SEO plugin. -->","yoast_head_json":{"title":"MC richtingaanwijzers zichtbaar | E-gekeurd - Xenonkungen","robots":{"index":"index","follow":"follow","max-snippet":"max-snippet:-1","max-image-preview":"max-image-preview:large","max-video-preview":"max-video-preview:-1"},"canonical":"https:\/\/xenonkungen.com\/nl\/product\/mc-richtingaanwijzers-zichtbaar-e-markt\/","og_locale":"nl_NL","og_type":"article","og_title":"MC Blinkers Visible | E-m\u00e4rkt - Xenonkungen","og_description":"Nu kan du \u00f6ka s\u00e4kerheten p\u00e5 din motorcykel med Blinkers Visible! Dessa h\u00f6gkvalitativa MC-blinkers \u00e4r E-m\u00e4rkta och ger dig \u00f6kad synlighet i trafiken. Med enkel installation kommer du att vara redo f\u00f6r varje k\u00f6rning p\u00e5 nolltid. S\u00e4kerhet b\u00f6r alltid komma f\u00f6rst, och Blinkers Visible hj\u00e4lper dig att uppn\u00e5 detta p\u00e5 ett enkelt och effektivt s\u00e4tt. Best\u00e4ll idag och k\u00f6r tryggt och s\u00e4kert!","og_url":"https:\/\/xenonkungen.com\/nl\/product\/mc-richtingaanwijzers-zichtbaar-e-markt\/","og_site_name":"Xenonkungen","article_modified_time":"2026-04-10T23:21:08+00:00","og_image":[{"width":2560,"height":2560,"url":"https:\/\/xenonkungen.com\/wp-content\/uploads\/2025\/04\/191978563-origpic-398810-scaled.png","type":"image\/png"}],"twitter_card":"summary_large_image","twitter_misc":{"Geschatte leestijd":"1 minuut"},"schema":{"@context":"https:\/\/schema.org","@graph":[{"@type":"WebPage","@id":"https:\/\/xenonkungen.com\/produkt\/mc-blinkers-visible-e-markt\/","url":"https:\/\/xenonkungen.com\/produkt\/mc-blinkers-visible-e-markt\/","name":"MC richtingaanwijzers zichtbaar | E-gekeurd - Xenonkungen","isPartOf":{"@id":"https:\/\/xenonkungen.com\/#website"},"primaryImageOfPage":{"@id":"https:\/\/xenonkungen.com\/produkt\/mc-blinkers-visible-e-markt\/#primaryimage"},"image":{"@id":"https:\/\/xenonkungen.com\/produkt\/mc-blinkers-visible-e-markt\/#primaryimage"},"thumbnailUrl":"https:\/\/xenonkungen.com\/wp-content\/uploads\/2025\/04\/191978563-origpic-398810-scaled.png","datePublished":"2025-04-15T08:29:07+00:00","dateModified":"2026-04-10T23:21:08+00:00","breadcrumb":{"@id":"https:\/\/xenonkungen.com\/produkt\/mc-blinkers-visible-e-markt\/#breadcrumb"},"inLanguage":"nl-NL","potentialAction":[{"@type":"ReadAction","target":["https:\/\/xenonkungen.com\/produkt\/mc-blinkers-visible-e-markt\/"]}]},{"@type":"ImageObject","inLanguage":"nl-NL","@id":"https:\/\/xenonkungen.com\/produkt\/mc-blinkers-visible-e-markt\/#primaryimage","url":"https:\/\/xenonkungen.com\/wp-content\/uploads\/2025\/04\/191978563-origpic-398810-scaled.png","contentUrl":"https:\/\/xenonkungen.com\/wp-content\/uploads\/2025\/04\/191978563-origpic-398810-scaled.png","width":2560,"height":2560},{"@type":"BreadcrumbList","@id":"https:\/\/xenonkungen.com\/produkt\/mc-blinkers-visible-e-markt\/#breadcrumb","itemListElement":[{"@type":"ListItem","position":1,"name":"Hem","item":"https:\/\/xenonkungen.com\/"},{"@type":"ListItem","position":2,"name":"Shop","item":"https:\/\/xenonkungen.com\/shop\/"},{"@type":"ListItem","position":3,"name":"MC Blinkers Visible | E-m\u00e4rkt"}]},{"@type":"WebSite","@id":"https:\/\/xenonkungen.com\/#website","url":"https:\/\/xenonkungen.com\/","name":"Xenonkungen","description":"","potentialAction":[{"@type":"SearchAction","target":{"@type":"EntryPoint","urlTemplate":"https:\/\/xenonkungen.com\/?s={search_term_string}"},"query-input":{"@type":"PropertyValueSpecification","valueRequired":true,"valueName":"search_term_string"}}],"inLanguage":"nl-NL"}]}},"taxonomy_info":{"anvandningsomrade":[{"value":165,"label":"ATV"},{"value":2709,"label":"ATV \/ Sn\u00f6skoter"},{"value":234,"label":"MC"}],"product_cat":[{"value":2477,"label":"Blinkers"}]},"featured_image_src_large":["https:\/\/xenonkungen.com\/wp-content\/uploads\/2025\/04\/191978563-origpic-398810-1024x1024.png",1024,1024,true],"author_info":[],"comment_info":0,"_links":{"self":[{"href":"https:\/\/xenonkungen.com\/nl\/wp-json\/wp\/v2\/product\/1841","targetHints":{"allow":["GET"]}}],"collection":[{"href":"https:\/\/xenonkungen.com\/nl\/wp-json\/wp\/v2\/product"}],"about":[{"href":"https:\/\/xenonkungen.com\/nl\/wp-json\/wp\/v2\/types\/product"}],"replies":[{"embeddable":true,"href":"https:\/\/xenonkungen.com\/nl\/wp-json\/wp\/v2\/comments?post=1841"}],"wp:featuredmedia":[{"embeddable":true,"href":"https:\/\/xenonkungen.com\/nl\/wp-json\/wp\/v2\/media\/1842"}],"wp:attachment":[{"href":"https:\/\/xenonkungen.com\/nl\/wp-json\/wp\/v2\/media?parent=1841"}],"wp:term":[{"taxonomy":"anvandningsomrade","embeddable":true,"href":"https:\/\/xenonkungen.com\/nl\/wp-json\/wp\/v2\/anvandningsomrade?post=1841"},{"taxonomy":"bilmarken","embeddable":true,"href":"https:\/\/xenonkungen.com\/nl\/wp-json\/wp\/v2\/bilmarken?post=1841"},{"taxonomy":"product_brand","embeddable":true,"href":"https:\/\/xenonkungen.com\/nl\/wp-json\/wp\/v2\/product_brand?post=1841"},{"taxonomy":"product_cat","embeddable":true,"href":"https:\/\/xenonkungen.com\/nl\/wp-json\/wp\/v2\/product_cat?post=1841"},{"taxonomy":"product_tag","embeddable":true,"href":"https:\/\/xenonkungen.com\/nl\/wp-json\/wp\/v2\/product_tag?post=1841"}],"curies":[{"name":"wp","href":"https:\/\/api.w.org\/{rel}","templated":true}]}}