{"id":20918,"date":"2025-12-12T11:25:21","date_gmt":"2025-12-12T10:25:21","guid":{"rendered":"https:\/\/xenonkungen.com\/?post_type=product&#038;p=20918"},"modified":"2026-04-24T16:43:19","modified_gmt":"2026-04-24T15:43:19","slug":"rela-80a-60a-24v-5-pin-5-pin-wisselend","status":"publish","type":"product","link":"https:\/\/xenonkungen.com\/nl\/product\/rela-80a-60a-24v-5-pin-5-pin-wisselend\/","title":{"rendered":"Relais 80A\/60A | 24V | 5-pins | 5-pins omschakeling"},"content":{"rendered":"<h3 data-start=\"122\" data-end=\"169\">Vermogensrelais 24V \u2013 80A\/60A \u2013 5-polig omschakelrelais<\/h3>\n<p data-start=\"171\" data-end=\"440\">Robuust en betrouwbaar <strong data-start=\"192\" data-end=\"218\">5-polig omschakelrelais<\/strong> Voor veeleisende toepassingen in voertuigen, industrie en elektrische installaties. Het relais is ontworpen voor hoge belastingen en is ideaal voor het aansturen van energie-intensieve componenten zoals motoren, verwarmingselementen, ventilatoren en verlichting.<\/p>\n<p data-start=\"442\" data-end=\"638\">Med <strong data-start=\"446\" data-end=\"466\">24V stuurspanning<\/strong> De verschillende stroomsterktes op de uitgangen bieden zowel flexibiliteit als een veilige werking. De schakelfunctie van het relais maakt het eenvoudig om tussen twee circuits in dezelfde installatie te schakelen.<\/p>\n<h4 data-start=\"640\" data-end=\"661\">Specificaties:<\/h4>\n<ul data-start=\"662\" data-end=\"883\">\n<li data-start=\"662\" data-end=\"700\">\n<p data-start=\"664\" data-end=\"700\">Type: Wisselrelais (5-pins \/ 5-pins)<\/p>\n<\/li>\n<li data-start=\"701\" data-end=\"722\">\n<p data-start=\"703\" data-end=\"722\">Stuurspanning: 24V<\/p>\n<\/li>\n<li data-start=\"723\" data-end=\"776\">\n<p data-start=\"725\" data-end=\"735\">Maximale stroomsterkte:<\/p>\n<ul data-start=\"738\" data-end=\"776\">\n<li data-start=\"738\" data-end=\"756\">\n<p data-start=\"740\" data-end=\"756\">Pin 87a: <strong data-start=\"749\" data-end=\"756\">60A<\/strong><\/p>\n<\/li>\n<li data-start=\"759\" data-end=\"776\">\n<p data-start=\"761\" data-end=\"776\">Speld 87: <strong data-start=\"769\" data-end=\"776\">80A<\/strong><\/p>\n<\/li>\n<\/ul>\n<\/li>\n<li data-start=\"777\" data-end=\"830\">\n<p data-start=\"779\" data-end=\"830\">Hoge kwaliteit voor een lange levensduur en stabiele werking.<\/p>\n<\/li>\n<li data-start=\"831\" data-end=\"883\">\n<p data-start=\"833\" data-end=\"883\">Standaard pinnen \u2013 eenvoudig te vervangen of te installeren<\/p>\n<\/li>\n<\/ul>\n<p data-start=\"885\" data-end=\"980\">Een uitstekende keuze wanneer je een nodig hebt <strong data-start=\"920\" data-end=\"955\">krachtig en betrouwbaar relais<\/strong> Voor professioneel gebruik.<\/p>","protected":false},"excerpt":{"rendered":"<p>Compact en betrouwbaar 5-polig omschakelrelais voor 24V-systemen. Geschikt voor maximaal <strong data-start=\"127\" data-end=\"144\">80A op pin 87<\/strong> en <strong data-start=\"149\" data-end=\"167\">60A op pin 87a<\/strong>waardoor het ideaal is voor energie-intensieve toepassingen in de automobiel- en industri\u00eble sector. Eenvoudige installatie met standaard pinnen.<\/p>","protected":false},"featured_media":20919,"comment_status":"open","ping_status":"closed","template":"","meta":{"_acf_changed":false,"_smort_price_nok":"170","_smort_price_dkk":"","_smort_price_eur":"","_smort_sale_price_nok":"","_smort_sale_price_dkk":"","_smort_sale_price_eur":"","smort_restorder":"","shipmondo_restorder":"","_kad_blocks_custom_css":"","_kad_blocks_head_custom_js":"","_kad_blocks_body_custom_js":"","_kad_blocks_footer_custom_js":"","smort_custom_pricelist_1":"89.04","smort_custom_pricelist_2":"76.32","smort_custom_pricelist_3":"63.6","smort_custom_pricelist_4":"127.2","smort_custom_pricelist_5":"76.32"},"anvandningsomrade":[],"bilmarken":[],"product_brand":[],"product_cat":[2795,2468],"product_tag":[],"class_list":{"0":"post-20918","1":"product","2":"type-product","3":"status-publish","4":"has-post-thumbnail","6":"product_cat-kablar-rela","7":"product_cat-rela","9":"first","10":"instock","11":"taxable","12":"shipping-taxable","13":"purchasable","14":"product-type-simple"},"bundled_by":[],"bundle_stock_status":"instock","bundle_stock_quantity":181,"bundle_virtual":false,"bundle_layout":"","bundle_add_to_cart_form_location":"","bundle_editable_in_cart":false,"bundle_sold_individually_context":"","bundle_item_grouping":"","bundle_min_size":"","bundle_max_size":"","bundle_price":[],"bundled_items":[],"bundle_sell_ids":[],"acf":[],"yoast_head":"<!-- This site is optimized with the Yoast SEO plugin v27.0 - https:\/\/yoast.com\/product\/yoast-seo-wordpress\/ -->\n<title>Rel\u00e4 80A\/60A | 24V | 5-PIN | 5-stift v\u00e4xlande - Xenonkungen<\/title>\n<meta name=\"robots\" content=\"index, follow, max-snippet:-1, max-image-preview:large, max-video-preview:-1\" \/>\n<link rel=\"canonical\" href=\"http:\/\/xenonkungen.com\/nl\/product\/rela-80a-60a-24v-5-pin-5-pin-wisselend\/\" \/>\n<meta property=\"og:locale\" content=\"nl_NL\" \/>\n<meta property=\"og:type\" content=\"article\" \/>\n<meta property=\"og:title\" content=\"Rel\u00e4 80A\/60A | 24V | 5-PIN | 5-stift v\u00e4xlande - Xenonkungen\" \/>\n<meta property=\"og:description\" content=\"Kompakt och drifts\u00e4kert 5-poligt v\u00e4xlande rel\u00e4 f\u00f6r 24V-system. Klarar upp till 80A p\u00e5 pin 87 och 60A p\u00e5 pin 87a, vilket g\u00f6r det idealiskt f\u00f6r kraftkr\u00e4vande applikationer inom fordon och industri. Enkel installation med standardstift.\" \/>\n<meta property=\"og:url\" content=\"http:\/\/xenonkungen.com\/nl\/product\/rela-80a-60a-24v-5-pin-5-pin-wisselend\/\" \/>\n<meta property=\"og:site_name\" content=\"Xenonkungen\" \/>\n<meta property=\"article:modified_time\" content=\"2026-04-24T15:43:19+00:00\" \/>\n<meta property=\"og:image\" content=\"https:\/\/xenonkungen.com\/wp-content\/uploads\/2025\/12\/RELA-Foocle-FLS820-024-1C-24VDC-80-60A-ArtNrXXX-XK259599-2000px-PNNG.png\" \/>\n\t<meta property=\"og:image:width\" content=\"1600\" \/>\n\t<meta property=\"og:image:height\" content=\"1208\" \/>\n\t<meta property=\"og:image:type\" content=\"image\/png\" \/>\n<meta name=\"twitter:card\" content=\"summary_large_image\" \/>\n<meta name=\"twitter:label1\" content=\"Geschatte leestijd\" \/>\n\t<meta name=\"twitter:data1\" content=\"1 minuut\" \/>\n<script type=\"application\/ld+json\" class=\"yoast-schema-graph\">{\"@context\":\"https:\/\/schema.org\",\"@graph\":[{\"@type\":\"WebPage\",\"@id\":\"http:\/\/xenonkungen.com\/en\/product\/rela-80a-60a-24v-5-pin-5-pin-alternating\/\",\"url\":\"http:\/\/xenonkungen.com\/en\/product\/rela-80a-60a-24v-5-pin-5-pin-alternating\/\",\"name\":\"Rel\u00e4 80A\/60A | 24V | 5-PIN | 5-stift v\u00e4xlande - Xenonkungen\",\"isPartOf\":{\"@id\":\"https:\/\/xenonkungen.com\/#website\"},\"primaryImageOfPage\":{\"@id\":\"http:\/\/xenonkungen.com\/en\/product\/rela-80a-60a-24v-5-pin-5-pin-alternating\/#primaryimage\"},\"image\":{\"@id\":\"http:\/\/xenonkungen.com\/en\/product\/rela-80a-60a-24v-5-pin-5-pin-alternating\/#primaryimage\"},\"thumbnailUrl\":\"https:\/\/xenonkungen.com\/wp-content\/uploads\/2025\/12\/RELA-Foocle-FLS820-024-1C-24VDC-80-60A-ArtNrXXX-XK259599-2000px-PNNG.png\",\"datePublished\":\"2025-12-12T10:25:21+00:00\",\"dateModified\":\"2026-04-24T15:43:19+00:00\",\"breadcrumb\":{\"@id\":\"http:\/\/xenonkungen.com\/en\/product\/rela-80a-60a-24v-5-pin-5-pin-alternating\/#breadcrumb\"},\"inLanguage\":\"nl-NL\",\"potentialAction\":[{\"@type\":\"ReadAction\",\"target\":[\"http:\/\/xenonkungen.com\/en\/product\/rela-80a-60a-24v-5-pin-5-pin-alternating\/\"]}]},{\"@type\":\"ImageObject\",\"inLanguage\":\"nl-NL\",\"@id\":\"http:\/\/xenonkungen.com\/en\/product\/rela-80a-60a-24v-5-pin-5-pin-alternating\/#primaryimage\",\"url\":\"https:\/\/xenonkungen.com\/wp-content\/uploads\/2025\/12\/RELA-Foocle-FLS820-024-1C-24VDC-80-60A-ArtNrXXX-XK259599-2000px-PNNG.png\",\"contentUrl\":\"https:\/\/xenonkungen.com\/wp-content\/uploads\/2025\/12\/RELA-Foocle-FLS820-024-1C-24VDC-80-60A-ArtNrXXX-XK259599-2000px-PNNG.png\",\"width\":1600,\"height\":1208},{\"@type\":\"BreadcrumbList\",\"@id\":\"http:\/\/xenonkungen.com\/en\/product\/rela-80a-60a-24v-5-pin-5-pin-alternating\/#breadcrumb\",\"itemListElement\":[{\"@type\":\"ListItem\",\"position\":1,\"name\":\"Hem\",\"item\":\"https:\/\/xenonkungen.com\/\"},{\"@type\":\"ListItem\",\"position\":2,\"name\":\"Shop\",\"item\":\"https:\/\/xenonkungen.com\/shop\/\"},{\"@type\":\"ListItem\",\"position\":3,\"name\":\"Rel\u00e4 80A\/60A | 24V | 5-PIN | 5-stift v\u00e4xlande\"}]},{\"@type\":\"WebSite\",\"@id\":\"https:\/\/xenonkungen.com\/#website\",\"url\":\"https:\/\/xenonkungen.com\/\",\"name\":\"Xenonkungen\",\"description\":\"\",\"potentialAction\":[{\"@type\":\"SearchAction\",\"target\":{\"@type\":\"EntryPoint\",\"urlTemplate\":\"https:\/\/xenonkungen.com\/?s={search_term_string}\"},\"query-input\":{\"@type\":\"PropertyValueSpecification\",\"valueRequired\":true,\"valueName\":\"search_term_string\"}}],\"inLanguage\":\"nl-NL\"}]}<\/script>\n<!-- \/ Yoast SEO plugin. -->","yoast_head_json":{"title":"Relais 80A\/60A | 24V | 5-pins | 5-pins omschakeling - Xenonkungen","robots":{"index":"index","follow":"follow","max-snippet":"max-snippet:-1","max-image-preview":"max-image-preview:large","max-video-preview":"max-video-preview:-1"},"canonical":"http:\/\/xenonkungen.com\/nl\/product\/rela-80a-60a-24v-5-pin-5-pin-wisselend\/","og_locale":"nl_NL","og_type":"article","og_title":"Rel\u00e4 80A\/60A | 24V | 5-PIN | 5-stift v\u00e4xlande - Xenonkungen","og_description":"Kompakt och drifts\u00e4kert 5-poligt v\u00e4xlande rel\u00e4 f\u00f6r 24V-system. Klarar upp till 80A p\u00e5 pin 87 och 60A p\u00e5 pin 87a, vilket g\u00f6r det idealiskt f\u00f6r kraftkr\u00e4vande applikationer inom fordon och industri. Enkel installation med standardstift.","og_url":"http:\/\/xenonkungen.com\/nl\/product\/rela-80a-60a-24v-5-pin-5-pin-wisselend\/","og_site_name":"Xenonkungen","article_modified_time":"2026-04-24T15:43:19+00:00","og_image":[{"width":1600,"height":1208,"url":"https:\/\/xenonkungen.com\/wp-content\/uploads\/2025\/12\/RELA-Foocle-FLS820-024-1C-24VDC-80-60A-ArtNrXXX-XK259599-2000px-PNNG.png","type":"image\/png"}],"twitter_card":"summary_large_image","twitter_misc":{"Geschatte leestijd":"1 minuut"},"schema":{"@context":"https:\/\/schema.org","@graph":[{"@type":"WebPage","@id":"http:\/\/xenonkungen.com\/en\/product\/rela-80a-60a-24v-5-pin-5-pin-alternating\/","url":"http:\/\/xenonkungen.com\/en\/product\/rela-80a-60a-24v-5-pin-5-pin-alternating\/","name":"Relais 80A\/60A | 24V | 5-pins | 5-pins omschakeling - Xenonkungen","isPartOf":{"@id":"https:\/\/xenonkungen.com\/#website"},"primaryImageOfPage":{"@id":"http:\/\/xenonkungen.com\/en\/product\/rela-80a-60a-24v-5-pin-5-pin-alternating\/#primaryimage"},"image":{"@id":"http:\/\/xenonkungen.com\/en\/product\/rela-80a-60a-24v-5-pin-5-pin-alternating\/#primaryimage"},"thumbnailUrl":"https:\/\/xenonkungen.com\/wp-content\/uploads\/2025\/12\/RELA-Foocle-FLS820-024-1C-24VDC-80-60A-ArtNrXXX-XK259599-2000px-PNNG.png","datePublished":"2025-12-12T10:25:21+00:00","dateModified":"2026-04-24T15:43:19+00:00","breadcrumb":{"@id":"http:\/\/xenonkungen.com\/en\/product\/rela-80a-60a-24v-5-pin-5-pin-alternating\/#breadcrumb"},"inLanguage":"nl-NL","potentialAction":[{"@type":"ReadAction","target":["http:\/\/xenonkungen.com\/en\/product\/rela-80a-60a-24v-5-pin-5-pin-alternating\/"]}]},{"@type":"ImageObject","inLanguage":"nl-NL","@id":"http:\/\/xenonkungen.com\/en\/product\/rela-80a-60a-24v-5-pin-5-pin-alternating\/#primaryimage","url":"https:\/\/xenonkungen.com\/wp-content\/uploads\/2025\/12\/RELA-Foocle-FLS820-024-1C-24VDC-80-60A-ArtNrXXX-XK259599-2000px-PNNG.png","contentUrl":"https:\/\/xenonkungen.com\/wp-content\/uploads\/2025\/12\/RELA-Foocle-FLS820-024-1C-24VDC-80-60A-ArtNrXXX-XK259599-2000px-PNNG.png","width":1600,"height":1208},{"@type":"BreadcrumbList","@id":"http:\/\/xenonkungen.com\/en\/product\/rela-80a-60a-24v-5-pin-5-pin-alternating\/#breadcrumb","itemListElement":[{"@type":"ListItem","position":1,"name":"Hem","item":"https:\/\/xenonkungen.com\/"},{"@type":"ListItem","position":2,"name":"Shop","item":"https:\/\/xenonkungen.com\/shop\/"},{"@type":"ListItem","position":3,"name":"Rel\u00e4 80A\/60A | 24V | 5-PIN | 5-stift v\u00e4xlande"}]},{"@type":"WebSite","@id":"https:\/\/xenonkungen.com\/#website","url":"https:\/\/xenonkungen.com\/","name":"Xenonkungen","description":"","potentialAction":[{"@type":"SearchAction","target":{"@type":"EntryPoint","urlTemplate":"https:\/\/xenonkungen.com\/?s={search_term_string}"},"query-input":{"@type":"PropertyValueSpecification","valueRequired":true,"valueName":"search_term_string"}}],"inLanguage":"nl-NL"}]}},"taxonomy_info":{"product_cat":[{"value":2795,"label":"Kablar och Rel\u00e4"},{"value":2468,"label":"Rel\u00e4"}]},"featured_image_src_large":["https:\/\/xenonkungen.com\/wp-content\/uploads\/2025\/12\/RELA-Foocle-FLS820-024-1C-24VDC-80-60A-ArtNrXXX-XK259599-2000px-PNNG-1024x773.png",1024,773,true],"author_info":[],"comment_info":0,"_links":{"self":[{"href":"https:\/\/xenonkungen.com\/nl\/wp-json\/wp\/v2\/product\/20918","targetHints":{"allow":["GET"]}}],"collection":[{"href":"https:\/\/xenonkungen.com\/nl\/wp-json\/wp\/v2\/product"}],"about":[{"href":"https:\/\/xenonkungen.com\/nl\/wp-json\/wp\/v2\/types\/product"}],"replies":[{"embeddable":true,"href":"https:\/\/xenonkungen.com\/nl\/wp-json\/wp\/v2\/comments?post=20918"}],"wp:featuredmedia":[{"embeddable":true,"href":"https:\/\/xenonkungen.com\/nl\/wp-json\/wp\/v2\/media\/20919"}],"wp:attachment":[{"href":"https:\/\/xenonkungen.com\/nl\/wp-json\/wp\/v2\/media?parent=20918"}],"wp:term":[{"taxonomy":"anvandningsomrade","embeddable":true,"href":"https:\/\/xenonkungen.com\/nl\/wp-json\/wp\/v2\/anvandningsomrade?post=20918"},{"taxonomy":"bilmarken","embeddable":true,"href":"https:\/\/xenonkungen.com\/nl\/wp-json\/wp\/v2\/bilmarken?post=20918"},{"taxonomy":"product_brand","embeddable":true,"href":"https:\/\/xenonkungen.com\/nl\/wp-json\/wp\/v2\/product_brand?post=20918"},{"taxonomy":"product_cat","embeddable":true,"href":"https:\/\/xenonkungen.com\/nl\/wp-json\/wp\/v2\/product_cat?post=20918"},{"taxonomy":"product_tag","embeddable":true,"href":"https:\/\/xenonkungen.com\/nl\/wp-json\/wp\/v2\/product_tag?post=20918"}],"curies":[{"name":"wp","href":"https:\/\/api.w.org\/{rel}","templated":true}]}}