{"id":20947,"date":"2025-12-12T13:37:59","date_gmt":"2025-12-12T12:37:59","guid":{"rendered":"https:\/\/xenonkungen.com\/?post_type=product&#038;p=20947"},"modified":"2026-04-04T08:19:15","modified_gmt":"2026-04-04T07:19:15","slug":"night-breaker-led-speed-h7-450-straatlegaal-1-stuk","status":"publish","type":"product","link":"https:\/\/xenonkungen.com\/nl\/product\/night-breaker-led-speed-h7-450-straatlegaal-1-stuk\/","title":{"rendered":"NIGHT BREAKER LED SPEED H7 450 | Straatlegaal | 1-pack"},"content":{"rendered":"<h3 data-start=\"156\" data-end=\"213\">OSRAM NIGHT BREAKER LED SPEED H7 \u2013 Zie meer, rijd veiliger<\/h3>\n<p data-start=\"215\" data-end=\"411\">Ervaar de volgende generatie autoverlichting met\u00a0<strong data-start=\"261\" data-end=\"294\">OSRAM NIGHT BREAKER LED SPEED H7<\/strong>\u00a0\u2013 de revolutionaire LED-retrofitlamp die krachtige prestaties, modern design en maximale veiligheid combineert.<\/p>\n<p data-start=\"413\" data-end=\"438\"><strong data-start=\"413\" data-end=\"436\">Voordelen in het kort:<\/strong><\/p>\n<ul data-start=\"439\" data-end=\"1281\">\n<li data-start=\"439\" data-end=\"561\">\n<p data-start=\"441\" data-end=\"561\"><strong data-start=\"441\" data-end=\"474\">Tot 450 % meer helderheid<\/strong>\u00a0vergeleken met traditionele halogeenlampen \u2013 voor een duidelijker en veiliger zicht op de weg.<\/p>\n<\/li>\n<li data-start=\"562\" data-end=\"652\">\n<p data-start=\"564\" data-end=\"652\"><strong data-start=\"564\" data-end=\"595\">Bereik tot 240 meter<\/strong>\u00a0met dimlicht \u2013 verder zien en obstakels tijdig detecteren.<\/p>\n<\/li>\n<li data-start=\"653\" data-end=\"749\">\n<p data-start=\"655\" data-end=\"749\"><strong data-start=\"655\" data-end=\"699\">Koelwitte kleurtemperatuur tot 6000K<\/strong>\u00a0\u2013 geeft de auto een moderne en exclusieve uitstraling.<\/p>\n<\/li>\n<li data-start=\"750\" data-end=\"861\">\n<p data-start=\"752\" data-end=\"861\"><strong data-start=\"752\" data-end=\"782\">Plug-and-play-installatie<\/strong>\u00a0\u2013 vervang eenvoudig uw oude halogeenlampen door LED-lampen, zonder ingewikkelde installatie.<\/p>\n<\/li>\n<li data-start=\"862\" data-end=\"968\">\n<p data-start=\"864\" data-end=\"968\"><strong data-start=\"864\" data-end=\"885\">Schitteringsvrij lichtbeeld<\/strong>\u00a0\u2013 geavanceerde OSRAM-technologie vermindert de schittering van tegemoetkomend verkeer met maximaal 50 %.<\/p>\n<\/li>\n<li data-start=\"969\" data-end=\"1085\">\n<p data-start=\"971\" data-end=\"1085\"><strong data-start=\"971\" data-end=\"1001\">Energiezuinig en duurzaam<\/strong>\u00a0\u2013 tot 60 % lager energieverbruik en tot zes keer langere levensduur.<\/p>\n<\/li>\n<li data-start=\"1086\" data-end=\"1175\">\n<p data-start=\"1088\" data-end=\"1175\"><strong data-start=\"1088\" data-end=\"1115\">Milieuvriendelijke verpakking<\/strong>\u00a0\u2013 plasticvrij ontwerp dat afval vermindert en grondstoffen bespaart.<\/p>\n<\/li>\n<li data-start=\"1176\" data-end=\"1281\">\n<p data-start=\"1178\" data-end=\"1281\"><strong data-start=\"1178\" data-end=\"1205\">Kwaliteit waarop je kunt vertrouwen<\/strong>\u00a0\u2013 ontwikkeld, getest en kwaliteitsgegarandeerd door OSRAM met\u00a0<strong data-start=\"1259\" data-end=\"1278\">5+1 jaar garantie<\/strong>.<\/p>\n<\/li>\n<\/ul>\n<p data-start=\"1283\" data-end=\"1480\"><strong data-start=\"1283\" data-end=\"1297\">Kortom:<\/strong><br data-start=\"1297\" data-end=\"1300\" \/>OSRAM NIGHT BREAKER LED SPEED H7 is de perfecte upgrade voor iedereen die moderne LED-technologie, verhoogde veiligheid en een stijlvolle look op de weg wil combineren \u2013 elke dag, het hele jaar door.<\/p>\n<h2><a href=\"https:\/\/look.ams-osram.com\/m\/279bdebe1f871386\/original\/led-night-breaker-h7-vehicle-list-en.pdf\" target=\"_blank\" rel=\"noopener\">Bekijk hier compatibele automodellen<\/a><\/h2>","protected":false},"excerpt":{"rendered":"<p>OSRAM NIGHT BREAKER LED SPEED H7 \u2013 Se mer, k\u00f6r s\u00e4krare Upplev n\u00e4sta generations fordonsbelysning med\u00a0OSRAM NIGHT BREAKER LED SPEED H7\u00a0\u2013 den revolutionerande LED-retrofit-lampan som kombinerar kraftfull prestanda, modern design och maximal s\u00e4kerhet. F\u00f6rdelar i korthet: Upp till 450 % mer ljusstyrka\u00a0j\u00e4mf\u00f6rt med traditionella halogenlampor \u2013 f\u00f6r en klarare och tryggare sikt p\u00e5 v\u00e4gen. R\u00e4ckvidd [&hellip;]<\/p>","protected":false},"featured_media":20951,"comment_status":"open","ping_status":"closed","template":"","meta":{"_acf_changed":false,"_smort_price_nok":"1063","_smort_price_dkk":"","_smort_price_eur":"","_smort_sale_price_nok":"","_smort_sale_price_dkk":"","_smort_sale_price_eur":"","smort_restorder":"","shipmondo_restorder":"","_kad_blocks_custom_css":"","_kad_blocks_head_custom_js":"","_kad_blocks_body_custom_js":"","_kad_blocks_footer_custom_js":"","smort_custom_pricelist_1":"636.8","smort_custom_pricelist_2":"557.2","smort_custom_pricelist_3":"557.2","smort_custom_pricelist_4":"796","smort_custom_pricelist_5":"557.2"},"anvandningsomrade":[],"bilmarken":[],"product_brand":[108],"product_cat":[2854,2633,733],"product_tag":[],"class_list":{"0":"post-20947","1":"product","2":"type-product","3":"status-publish","4":"has-post-thumbnail","6":"product_brand-osram","7":"product_cat-noel","8":"product_cat-osram-ledriving-halvljus-helljus","9":"product_cat-halvljus-helljus","10":"pa_faktisk-effekts-forbrukning-187","11":"pa_fargtemperatur-6000k","12":"pa_godkannande-abg","13":"pa_godkannande-e-markt","14":"pa_godkannande-ece","15":"pa_lampsockel-kontakt-h7","16":"pa_volt-v-159","17":"pa_volt-v-189","19":"first","20":"onbackorder","21":"taxable","22":"shipping-taxable","23":"purchasable","24":"product-type-simple"},"bundled_by":[],"bundle_stock_status":"onbackorder","bundle_stock_quantity":-1,"bundle_virtual":false,"bundle_layout":"","bundle_add_to_cart_form_location":"","bundle_editable_in_cart":false,"bundle_sold_individually_context":"","bundle_item_grouping":"","bundle_min_size":"","bundle_max_size":"","bundle_price":[],"bundled_items":[],"bundle_sell_ids":[],"acf":[],"yoast_head":"<!-- This site is optimized with the Yoast SEO plugin v27.0 - https:\/\/yoast.com\/product\/yoast-seo-wordpress\/ -->\n<title>NIGHT BREAKER LED SPEED H7 450 | Street Legal | 1- Pack - Xenonkungen<\/title>\n<meta name=\"robots\" content=\"index, follow, max-snippet:-1, max-image-preview:large, max-video-preview:-1\" \/>\n<link rel=\"canonical\" href=\"https:\/\/xenonkungen.com\/nl\/product\/night-breaker-led-speed-h7-450-straatlegaal-1-stuk\/\" \/>\n<meta property=\"og:locale\" content=\"nl_NL\" \/>\n<meta property=\"og:type\" content=\"article\" \/>\n<meta property=\"og:title\" content=\"NIGHT BREAKER LED SPEED H7 450 | Street Legal | 1- Pack - Xenonkungen\" \/>\n<meta property=\"og:description\" content=\"OSRAM NIGHT BREAKER LED SPEED H7 \u2013 Se mer, k\u00f6r s\u00e4krare Upplev n\u00e4sta generations fordonsbelysning med\u00a0OSRAM NIGHT BREAKER LED SPEED H7\u00a0\u2013 den revolutionerande LED-retrofit-lampan som kombinerar kraftfull prestanda, modern design och maximal s\u00e4kerhet. F\u00f6rdelar i korthet: Upp till 450 % mer ljusstyrka\u00a0j\u00e4mf\u00f6rt med traditionella halogenlampor \u2013 f\u00f6r en klarare och tryggare sikt p\u00e5 v\u00e4gen. R\u00e4ckvidd [&hellip;]\" \/>\n<meta property=\"og:url\" content=\"https:\/\/xenonkungen.com\/nl\/product\/night-breaker-led-speed-h7-450-straatlegaal-1-stuk\/\" \/>\n<meta property=\"og:site_name\" content=\"Xenonkungen\" \/>\n<meta property=\"article:modified_time\" content=\"2026-04-04T07:19:15+00:00\" \/>\n<meta property=\"og:image\" content=\"https:\/\/xenonkungen.com\/wp-content\/uploads\/2025\/12\/Small-for-web-and-ppt-PI_WFPIO-228_HALr_64210DW_H7_03.jpg\" \/>\n\t<meta property=\"og:image:width\" content=\"1024\" \/>\n\t<meta property=\"og:image:height\" content=\"1024\" \/>\n\t<meta property=\"og:image:type\" content=\"image\/jpeg\" \/>\n<meta name=\"twitter:card\" content=\"summary_large_image\" \/>\n<meta name=\"twitter:label1\" content=\"Geschatte leestijd\" \/>\n\t<meta name=\"twitter:data1\" content=\"2 minuten\" \/>\n<script type=\"application\/ld+json\" class=\"yoast-schema-graph\">{\"@context\":\"https:\/\/schema.org\",\"@graph\":[{\"@type\":\"WebPage\",\"@id\":\"https:\/\/xenonkungen.com\/produkt\/night-breaker-led-speed-h7-450-street-legal-1-pack\/\",\"url\":\"https:\/\/xenonkungen.com\/produkt\/night-breaker-led-speed-h7-450-street-legal-1-pack\/\",\"name\":\"NIGHT BREAKER LED SPEED H7 450 | Street Legal | 1- Pack - Xenonkungen\",\"isPartOf\":{\"@id\":\"https:\/\/xenonkungen.com\/#website\"},\"primaryImageOfPage\":{\"@id\":\"https:\/\/xenonkungen.com\/produkt\/night-breaker-led-speed-h7-450-street-legal-1-pack\/#primaryimage\"},\"image\":{\"@id\":\"https:\/\/xenonkungen.com\/produkt\/night-breaker-led-speed-h7-450-street-legal-1-pack\/#primaryimage\"},\"thumbnailUrl\":\"https:\/\/xenonkungen.com\/wp-content\/uploads\/2025\/12\/Small-for-web-and-ppt-PI_WFPIO-228_HALr_64210DW_H7_03.jpg\",\"datePublished\":\"2025-12-12T12:37:59+00:00\",\"dateModified\":\"2026-04-04T07:19:15+00:00\",\"breadcrumb\":{\"@id\":\"https:\/\/xenonkungen.com\/produkt\/night-breaker-led-speed-h7-450-street-legal-1-pack\/#breadcrumb\"},\"inLanguage\":\"nl-NL\",\"potentialAction\":[{\"@type\":\"ReadAction\",\"target\":[\"https:\/\/xenonkungen.com\/produkt\/night-breaker-led-speed-h7-450-street-legal-1-pack\/\"]}]},{\"@type\":\"ImageObject\",\"inLanguage\":\"nl-NL\",\"@id\":\"https:\/\/xenonkungen.com\/produkt\/night-breaker-led-speed-h7-450-street-legal-1-pack\/#primaryimage\",\"url\":\"https:\/\/xenonkungen.com\/wp-content\/uploads\/2025\/12\/Small-for-web-and-ppt-PI_WFPIO-228_HALr_64210DW_H7_03.jpg\",\"contentUrl\":\"https:\/\/xenonkungen.com\/wp-content\/uploads\/2025\/12\/Small-for-web-and-ppt-PI_WFPIO-228_HALr_64210DW_H7_03.jpg\",\"width\":1024,\"height\":1024},{\"@type\":\"BreadcrumbList\",\"@id\":\"https:\/\/xenonkungen.com\/produkt\/night-breaker-led-speed-h7-450-street-legal-1-pack\/#breadcrumb\",\"itemListElement\":[{\"@type\":\"ListItem\",\"position\":1,\"name\":\"Hem\",\"item\":\"https:\/\/xenonkungen.com\/\"},{\"@type\":\"ListItem\",\"position\":2,\"name\":\"Shop\",\"item\":\"https:\/\/xenonkungen.com\/shop\/\"},{\"@type\":\"ListItem\",\"position\":3,\"name\":\"NIGHT BREAKER LED SPEED H7 450 | Street Legal | 1- Pack\"}]},{\"@type\":\"WebSite\",\"@id\":\"https:\/\/xenonkungen.com\/#website\",\"url\":\"https:\/\/xenonkungen.com\/\",\"name\":\"Xenonkungen\",\"description\":\"\",\"potentialAction\":[{\"@type\":\"SearchAction\",\"target\":{\"@type\":\"EntryPoint\",\"urlTemplate\":\"https:\/\/xenonkungen.com\/?s={search_term_string}\"},\"query-input\":{\"@type\":\"PropertyValueSpecification\",\"valueRequired\":true,\"valueName\":\"search_term_string\"}}],\"inLanguage\":\"nl-NL\"}]}<\/script>\n<!-- \/ Yoast SEO plugin. -->","yoast_head_json":{"title":"NIGHT BREAKER LED SPEED H7 450 | Straatlegaal | 1-pack - De Xenon Koning","robots":{"index":"index","follow":"follow","max-snippet":"max-snippet:-1","max-image-preview":"max-image-preview:large","max-video-preview":"max-video-preview:-1"},"canonical":"https:\/\/xenonkungen.com\/nl\/product\/night-breaker-led-speed-h7-450-straatlegaal-1-stuk\/","og_locale":"nl_NL","og_type":"article","og_title":"NIGHT BREAKER LED SPEED H7 450 | Street Legal | 1- Pack - Xenonkungen","og_description":"OSRAM NIGHT BREAKER LED SPEED H7 \u2013 Se mer, k\u00f6r s\u00e4krare Upplev n\u00e4sta generations fordonsbelysning med\u00a0OSRAM NIGHT BREAKER LED SPEED H7\u00a0\u2013 den revolutionerande LED-retrofit-lampan som kombinerar kraftfull prestanda, modern design och maximal s\u00e4kerhet. F\u00f6rdelar i korthet: Upp till 450 % mer ljusstyrka\u00a0j\u00e4mf\u00f6rt med traditionella halogenlampor \u2013 f\u00f6r en klarare och tryggare sikt p\u00e5 v\u00e4gen. R\u00e4ckvidd [&hellip;]","og_url":"https:\/\/xenonkungen.com\/nl\/product\/night-breaker-led-speed-h7-450-straatlegaal-1-stuk\/","og_site_name":"Xenonkungen","article_modified_time":"2026-04-04T07:19:15+00:00","og_image":[{"width":1024,"height":1024,"url":"https:\/\/xenonkungen.com\/wp-content\/uploads\/2025\/12\/Small-for-web-and-ppt-PI_WFPIO-228_HALr_64210DW_H7_03.jpg","type":"image\/jpeg"}],"twitter_card":"summary_large_image","twitter_misc":{"Geschatte leestijd":"2 minuten"},"schema":{"@context":"https:\/\/schema.org","@graph":[{"@type":"WebPage","@id":"https:\/\/xenonkungen.com\/produkt\/night-breaker-led-speed-h7-450-street-legal-1-pack\/","url":"https:\/\/xenonkungen.com\/produkt\/night-breaker-led-speed-h7-450-street-legal-1-pack\/","name":"NIGHT BREAKER LED SPEED H7 450 | Straatlegaal | 1-pack - De Xenon Koning","isPartOf":{"@id":"https:\/\/xenonkungen.com\/#website"},"primaryImageOfPage":{"@id":"https:\/\/xenonkungen.com\/produkt\/night-breaker-led-speed-h7-450-street-legal-1-pack\/#primaryimage"},"image":{"@id":"https:\/\/xenonkungen.com\/produkt\/night-breaker-led-speed-h7-450-street-legal-1-pack\/#primaryimage"},"thumbnailUrl":"https:\/\/xenonkungen.com\/wp-content\/uploads\/2025\/12\/Small-for-web-and-ppt-PI_WFPIO-228_HALr_64210DW_H7_03.jpg","datePublished":"2025-12-12T12:37:59+00:00","dateModified":"2026-04-04T07:19:15+00:00","breadcrumb":{"@id":"https:\/\/xenonkungen.com\/produkt\/night-breaker-led-speed-h7-450-street-legal-1-pack\/#breadcrumb"},"inLanguage":"nl-NL","potentialAction":[{"@type":"ReadAction","target":["https:\/\/xenonkungen.com\/produkt\/night-breaker-led-speed-h7-450-street-legal-1-pack\/"]}]},{"@type":"ImageObject","inLanguage":"nl-NL","@id":"https:\/\/xenonkungen.com\/produkt\/night-breaker-led-speed-h7-450-street-legal-1-pack\/#primaryimage","url":"https:\/\/xenonkungen.com\/wp-content\/uploads\/2025\/12\/Small-for-web-and-ppt-PI_WFPIO-228_HALr_64210DW_H7_03.jpg","contentUrl":"https:\/\/xenonkungen.com\/wp-content\/uploads\/2025\/12\/Small-for-web-and-ppt-PI_WFPIO-228_HALr_64210DW_H7_03.jpg","width":1024,"height":1024},{"@type":"BreadcrumbList","@id":"https:\/\/xenonkungen.com\/produkt\/night-breaker-led-speed-h7-450-street-legal-1-pack\/#breadcrumb","itemListElement":[{"@type":"ListItem","position":1,"name":"Hem","item":"https:\/\/xenonkungen.com\/"},{"@type":"ListItem","position":2,"name":"Shop","item":"https:\/\/xenonkungen.com\/shop\/"},{"@type":"ListItem","position":3,"name":"NIGHT BREAKER LED SPEED H7 450 | Street Legal | 1- Pack"}]},{"@type":"WebSite","@id":"https:\/\/xenonkungen.com\/#website","url":"https:\/\/xenonkungen.com\/","name":"Xenonkungen","description":"","potentialAction":[{"@type":"SearchAction","target":{"@type":"EntryPoint","urlTemplate":"https:\/\/xenonkungen.com\/?s={search_term_string}"},"query-input":{"@type":"PropertyValueSpecification","valueRequired":true,"valueName":"search_term_string"}}],"inLanguage":"nl-NL"}]}},"taxonomy_info":{"product_brand":[{"value":108,"label":"OSRAM"}],"product_cat":[{"value":2854,"label":"Noels EPA"},{"value":2633,"label":"OSRAM Ledriving"},{"value":733,"label":"Halvljus \/ Helljus"}],"pa_faktisk-effekts-forbrukning":[{"value":187,"label":"16"}],"pa_fargtemperatur":[{"value":188,"label":"6000K"}],"pa_godkannande":[{"value":193,"label":"ABG"},{"value":191,"label":"E-m\u00e4rkt"},{"value":192,"label":"ECE"}],"pa_lampsockel-kontakt":[{"value":206,"label":"H7"}],"pa_volt-v":[{"value":159,"label":"12"},{"value":189,"label":"14"}]},"featured_image_src_large":["https:\/\/xenonkungen.com\/wp-content\/uploads\/2025\/12\/Small-for-web-and-ppt-PI_WFPIO-228_HALr_64210DW_H7_03.jpg",1024,1024,false],"author_info":[],"comment_info":0,"_links":{"self":[{"href":"https:\/\/xenonkungen.com\/nl\/wp-json\/wp\/v2\/product\/20947","targetHints":{"allow":["GET"]}}],"collection":[{"href":"https:\/\/xenonkungen.com\/nl\/wp-json\/wp\/v2\/product"}],"about":[{"href":"https:\/\/xenonkungen.com\/nl\/wp-json\/wp\/v2\/types\/product"}],"replies":[{"embeddable":true,"href":"https:\/\/xenonkungen.com\/nl\/wp-json\/wp\/v2\/comments?post=20947"}],"wp:featuredmedia":[{"embeddable":true,"href":"https:\/\/xenonkungen.com\/nl\/wp-json\/wp\/v2\/media\/20951"}],"wp:attachment":[{"href":"https:\/\/xenonkungen.com\/nl\/wp-json\/wp\/v2\/media?parent=20947"}],"wp:term":[{"taxonomy":"anvandningsomrade","embeddable":true,"href":"https:\/\/xenonkungen.com\/nl\/wp-json\/wp\/v2\/anvandningsomrade?post=20947"},{"taxonomy":"bilmarken","embeddable":true,"href":"https:\/\/xenonkungen.com\/nl\/wp-json\/wp\/v2\/bilmarken?post=20947"},{"taxonomy":"product_brand","embeddable":true,"href":"https:\/\/xenonkungen.com\/nl\/wp-json\/wp\/v2\/product_brand?post=20947"},{"taxonomy":"product_cat","embeddable":true,"href":"https:\/\/xenonkungen.com\/nl\/wp-json\/wp\/v2\/product_cat?post=20947"},{"taxonomy":"product_tag","embeddable":true,"href":"https:\/\/xenonkungen.com\/nl\/wp-json\/wp\/v2\/product_tag?post=20947"}],"curies":[{"name":"wp","href":"https:\/\/api.w.org\/{rel}","templated":true}]}}