{"id":21386,"date":"2025-12-19T10:52:38","date_gmt":"2025-12-19T09:52:38","guid":{"rendered":"https:\/\/xenonkungen.com\/?post_type=product&#038;p=21386"},"modified":"2026-04-24T17:43:55","modified_gmt":"2026-04-24T16:43:55","slug":"cadeaukaart","status":"publish","type":"product","link":"https:\/\/xenonkungen.com\/nl\/product\/cadeaukaart\/","title":{"rendered":"Cadeaukaart"},"content":{"rendered":"<p data-start=\"161\" data-end=\"421\">Op zoek naar het perfecte cadeau voor iemand die dol is op auto&#039;s, styling of slimme upgrades? Met een cadeaubon van <strong data-start=\"290\" data-end=\"305\">Xenonkungen<\/strong> Je geeft de ontvanger de vrijheid om te kiezen uit ons brede assortiment aan verlichting, accessoires en auto-onderdelen.<\/p>\n<p data-start=\"423\" data-end=\"569\">De cadeaukaart is geldig <strong data-start=\"444\" data-end=\"505\">zowel online op xenonkungen.com als in onze fysieke winkel.<\/strong>waardoor het gemakkelijk te gebruiken is op de manier die het beste bij u past.<\/p>\n<h4 data-start=\"571\" data-end=\"613\">Voordelen van de Xenonkungen-cadeaukaart<\/h4>\n<ul data-start=\"614\" data-end=\"766\">\n<li data-start=\"614\" data-end=\"647\">\n<p data-start=\"616\" data-end=\"647\">Geldig in <strong data-start=\"625\" data-end=\"647\">webshop en winkel<\/strong><\/p>\n<\/li>\n<li data-start=\"648\" data-end=\"686\">\n<p data-start=\"650\" data-end=\"686\">Kan gebruikt worden op <strong data-start=\"666\" data-end=\"686\">het hele assortiment<\/strong><\/p>\n<\/li>\n<li data-start=\"687\" data-end=\"724\">\n<p data-start=\"689\" data-end=\"724\"><strong data-start=\"689\" data-end=\"724\">Geldig gedurende 1 jaar vanaf de aankoopdatum.<\/strong><\/p>\n<\/li>\n<li data-start=\"725\" data-end=\"766\">\n<p data-start=\"727\" data-end=\"766\">Perfect als cadeau voor de autoliefhebber.<\/p>\n<\/li>\n<\/ul>\n<p data-start=\"768\" data-end=\"915\">Een cadeaubon is een gewaardeerd geschenk, of het nu voor een verjaardag, Kerstmis, Vaderdag is of gewoon om iemand te verrassen die zijn of haar auto wil upgraden.<\/p>","protected":false},"excerpt":{"rendered":"<p data-start=\"161\" data-end=\"421\">Op zoek naar het perfecte cadeau voor iemand die dol is op auto&#039;s, styling of slimme upgrades? Met een cadeaubon van <strong data-start=\"290\" data-end=\"305\">Xenonkungen<\/strong> Je geeft de ontvanger de vrijheid om te kiezen uit ons brede assortiment aan verlichting, accessoires en auto-onderdelen.<\/p>\n<p data-start=\"423\" data-end=\"569\">De cadeaukaart is geldig <strong data-start=\"444\" data-end=\"505\">zowel online op xenonkungen.com als in onze fysieke winkel.<\/strong>waardoor het gemakkelijk te gebruiken is op de manier die het beste bij u past. <strong>De cadeaubon wordt als code per e-mail verzonden.<\/strong><\/p>","protected":false},"featured_media":21401,"comment_status":"open","ping_status":"closed","template":"","meta":{"_acf_changed":false,"_smort_price_nok":"134","_smort_price_dkk":"","_smort_price_eur":"","_smort_sale_price_nok":"","_smort_sale_price_dkk":"","_smort_sale_price_eur":"","smort_restorder":"","shipmondo_restorder":"","_kad_blocks_custom_css":"","_kad_blocks_head_custom_js":"","_kad_blocks_body_custom_js":"","_kad_blocks_footer_custom_js":"","smort_custom_pricelist_1":"80","smort_custom_pricelist_2":"80","smort_custom_pricelist_3":"80","smort_custom_pricelist_4":"80","smort_custom_pricelist_5":"80"},"anvandningsomrade":[],"bilmarken":[],"product_brand":[],"product_cat":[2845,16],"product_tag":[],"class_list":{"0":"post-21386","1":"product","2":"type-product","3":"status-publish","4":"has-post-thumbnail","6":"product_cat-presentkort","7":"product_cat-uncategorized","9":"first","10":"onbackorder","11":"purchasable","12":"product-type-variable"},"bundled_by":[],"bundle_stock_status":"onbackorder","bundle_stock_quantity":0,"bundle_virtual":false,"bundle_layout":"","bundle_add_to_cart_form_location":"","bundle_editable_in_cart":false,"bundle_sold_individually_context":"","bundle_item_grouping":"","bundle_min_size":"","bundle_max_size":"","bundle_price":[],"bundled_items":[],"bundle_sell_ids":[],"acf":[],"yoast_head":"<!-- This site is optimized with the Yoast SEO plugin v27.0 - https:\/\/yoast.com\/product\/yoast-seo-wordpress\/ -->\n<title>Presentkort - Xenonkungen<\/title>\n<meta name=\"robots\" content=\"index, follow, max-snippet:-1, max-image-preview:large, max-video-preview:-1\" \/>\n<link rel=\"canonical\" href=\"https:\/\/xenonkungen.com\/nl\/product\/cadeaukaart\/\" \/>\n<meta property=\"og:locale\" content=\"nl_NL\" \/>\n<meta property=\"og:type\" content=\"article\" \/>\n<meta property=\"og:title\" content=\"Presentkort - Xenonkungen\" \/>\n<meta property=\"og:description\" content=\"Letar du efter den perfekta presenten till n\u00e5gon som \u00e4lskar bilar, styling eller smarta uppgraderingar? Med ett presentkort fr\u00e5n Xenonkungen ger du mottagaren friheten att sj\u00e4lv v\u00e4lja bland v\u00e5rt breda sortiment av belysning, tillbeh\u00f6r och fordonsprodukter. Presentkortet g\u00e4ller b\u00e5de online p\u00e5 xenonkungen.com och i v\u00e5r fysiska butik, vilket g\u00f6r det enkelt att anv\u00e4nda p\u00e5 det s\u00e4tt som passar b\u00e4st. Presentkortet leveras som en kod p\u00e5 mail.\" \/>\n<meta property=\"og:url\" content=\"https:\/\/xenonkungen.com\/nl\/product\/cadeaukaart\/\" \/>\n<meta property=\"og:site_name\" content=\"Xenonkungen\" \/>\n<meta property=\"article:modified_time\" content=\"2026-04-24T16:43:55+00:00\" \/>\n<meta property=\"og:image\" content=\"https:\/\/xenonkungen.com\/wp-content\/uploads\/2025\/12\/presentkort-xk-2.png\" \/>\n\t<meta property=\"og:image:width\" content=\"2000\" \/>\n\t<meta property=\"og:image:height\" content=\"1500\" \/>\n\t<meta property=\"og:image:type\" content=\"image\/png\" \/>\n<meta name=\"twitter:card\" content=\"summary_large_image\" \/>\n<meta name=\"twitter:label1\" content=\"Geschatte leestijd\" \/>\n\t<meta name=\"twitter:data1\" content=\"1 minuut\" \/>\n<script type=\"application\/ld+json\" class=\"yoast-schema-graph\">{\"@context\":\"https:\/\/schema.org\",\"@graph\":[{\"@type\":\"WebPage\",\"@id\":\"https:\/\/xenonkungen.com\/produkt\/presentkort\/\",\"url\":\"https:\/\/xenonkungen.com\/produkt\/presentkort\/\",\"name\":\"Presentkort - Xenonkungen\",\"isPartOf\":{\"@id\":\"https:\/\/xenonkungen.com\/#website\"},\"primaryImageOfPage\":{\"@id\":\"https:\/\/xenonkungen.com\/produkt\/presentkort\/#primaryimage\"},\"image\":{\"@id\":\"https:\/\/xenonkungen.com\/produkt\/presentkort\/#primaryimage\"},\"thumbnailUrl\":\"https:\/\/xenonkungen.com\/wp-content\/uploads\/2025\/12\/presentkort-xk-2.png\",\"datePublished\":\"2025-12-19T09:52:38+00:00\",\"dateModified\":\"2026-04-24T16:43:55+00:00\",\"breadcrumb\":{\"@id\":\"https:\/\/xenonkungen.com\/produkt\/presentkort\/#breadcrumb\"},\"inLanguage\":\"nl-NL\",\"potentialAction\":[{\"@type\":\"ReadAction\",\"target\":[\"https:\/\/xenonkungen.com\/produkt\/presentkort\/\"]}]},{\"@type\":\"ImageObject\",\"inLanguage\":\"nl-NL\",\"@id\":\"https:\/\/xenonkungen.com\/produkt\/presentkort\/#primaryimage\",\"url\":\"https:\/\/xenonkungen.com\/wp-content\/uploads\/2025\/12\/presentkort-xk-2.png\",\"contentUrl\":\"https:\/\/xenonkungen.com\/wp-content\/uploads\/2025\/12\/presentkort-xk-2.png\",\"width\":2000,\"height\":1500},{\"@type\":\"BreadcrumbList\",\"@id\":\"https:\/\/xenonkungen.com\/produkt\/presentkort\/#breadcrumb\",\"itemListElement\":[{\"@type\":\"ListItem\",\"position\":1,\"name\":\"Hem\",\"item\":\"https:\/\/xenonkungen.com\/\"},{\"@type\":\"ListItem\",\"position\":2,\"name\":\"Shop\",\"item\":\"https:\/\/xenonkungen.com\/shop\/\"},{\"@type\":\"ListItem\",\"position\":3,\"name\":\"Presentkort\"}]},{\"@type\":\"WebSite\",\"@id\":\"https:\/\/xenonkungen.com\/#website\",\"url\":\"https:\/\/xenonkungen.com\/\",\"name\":\"Xenonkungen\",\"description\":\"\",\"potentialAction\":[{\"@type\":\"SearchAction\",\"target\":{\"@type\":\"EntryPoint\",\"urlTemplate\":\"https:\/\/xenonkungen.com\/?s={search_term_string}\"},\"query-input\":{\"@type\":\"PropertyValueSpecification\",\"valueRequired\":true,\"valueName\":\"search_term_string\"}}],\"inLanguage\":\"nl-NL\"}]}<\/script>\n<!-- \/ Yoast SEO plugin. -->","yoast_head_json":{"title":"Cadeaubon - Xenon King","robots":{"index":"index","follow":"follow","max-snippet":"max-snippet:-1","max-image-preview":"max-image-preview:large","max-video-preview":"max-video-preview:-1"},"canonical":"https:\/\/xenonkungen.com\/nl\/product\/cadeaukaart\/","og_locale":"nl_NL","og_type":"article","og_title":"Presentkort - Xenonkungen","og_description":"Letar du efter den perfekta presenten till n\u00e5gon som \u00e4lskar bilar, styling eller smarta uppgraderingar? Med ett presentkort fr\u00e5n Xenonkungen ger du mottagaren friheten att sj\u00e4lv v\u00e4lja bland v\u00e5rt breda sortiment av belysning, tillbeh\u00f6r och fordonsprodukter. Presentkortet g\u00e4ller b\u00e5de online p\u00e5 xenonkungen.com och i v\u00e5r fysiska butik, vilket g\u00f6r det enkelt att anv\u00e4nda p\u00e5 det s\u00e4tt som passar b\u00e4st. Presentkortet leveras som en kod p\u00e5 mail.","og_url":"https:\/\/xenonkungen.com\/nl\/product\/cadeaukaart\/","og_site_name":"Xenonkungen","article_modified_time":"2026-04-24T16:43:55+00:00","og_image":[{"width":2000,"height":1500,"url":"https:\/\/xenonkungen.com\/wp-content\/uploads\/2025\/12\/presentkort-xk-2.png","type":"image\/png"}],"twitter_card":"summary_large_image","twitter_misc":{"Geschatte leestijd":"1 minuut"},"schema":{"@context":"https:\/\/schema.org","@graph":[{"@type":"WebPage","@id":"https:\/\/xenonkungen.com\/produkt\/presentkort\/","url":"https:\/\/xenonkungen.com\/produkt\/presentkort\/","name":"Cadeaubon - Xenon King","isPartOf":{"@id":"https:\/\/xenonkungen.com\/#website"},"primaryImageOfPage":{"@id":"https:\/\/xenonkungen.com\/produkt\/presentkort\/#primaryimage"},"image":{"@id":"https:\/\/xenonkungen.com\/produkt\/presentkort\/#primaryimage"},"thumbnailUrl":"https:\/\/xenonkungen.com\/wp-content\/uploads\/2025\/12\/presentkort-xk-2.png","datePublished":"2025-12-19T09:52:38+00:00","dateModified":"2026-04-24T16:43:55+00:00","breadcrumb":{"@id":"https:\/\/xenonkungen.com\/produkt\/presentkort\/#breadcrumb"},"inLanguage":"nl-NL","potentialAction":[{"@type":"ReadAction","target":["https:\/\/xenonkungen.com\/produkt\/presentkort\/"]}]},{"@type":"ImageObject","inLanguage":"nl-NL","@id":"https:\/\/xenonkungen.com\/produkt\/presentkort\/#primaryimage","url":"https:\/\/xenonkungen.com\/wp-content\/uploads\/2025\/12\/presentkort-xk-2.png","contentUrl":"https:\/\/xenonkungen.com\/wp-content\/uploads\/2025\/12\/presentkort-xk-2.png","width":2000,"height":1500},{"@type":"BreadcrumbList","@id":"https:\/\/xenonkungen.com\/produkt\/presentkort\/#breadcrumb","itemListElement":[{"@type":"ListItem","position":1,"name":"Hem","item":"https:\/\/xenonkungen.com\/"},{"@type":"ListItem","position":2,"name":"Shop","item":"https:\/\/xenonkungen.com\/shop\/"},{"@type":"ListItem","position":3,"name":"Presentkort"}]},{"@type":"WebSite","@id":"https:\/\/xenonkungen.com\/#website","url":"https:\/\/xenonkungen.com\/","name":"Xenonkungen","description":"","potentialAction":[{"@type":"SearchAction","target":{"@type":"EntryPoint","urlTemplate":"https:\/\/xenonkungen.com\/?s={search_term_string}"},"query-input":{"@type":"PropertyValueSpecification","valueRequired":true,"valueName":"search_term_string"}}],"inLanguage":"nl-NL"}]}},"taxonomy_info":{"product_cat":[{"value":2845,"label":"presentkort"},{"value":16,"label":"Uncategorized"}]},"featured_image_src_large":["https:\/\/xenonkungen.com\/wp-content\/uploads\/2025\/12\/presentkort-xk-2-1024x768.png",1024,768,true],"author_info":[],"comment_info":0,"_links":{"self":[{"href":"https:\/\/xenonkungen.com\/nl\/wp-json\/wp\/v2\/product\/21386","targetHints":{"allow":["GET"]}}],"collection":[{"href":"https:\/\/xenonkungen.com\/nl\/wp-json\/wp\/v2\/product"}],"about":[{"href":"https:\/\/xenonkungen.com\/nl\/wp-json\/wp\/v2\/types\/product"}],"replies":[{"embeddable":true,"href":"https:\/\/xenonkungen.com\/nl\/wp-json\/wp\/v2\/comments?post=21386"}],"wp:featuredmedia":[{"embeddable":true,"href":"https:\/\/xenonkungen.com\/nl\/wp-json\/wp\/v2\/media\/21401"}],"wp:attachment":[{"href":"https:\/\/xenonkungen.com\/nl\/wp-json\/wp\/v2\/media?parent=21386"}],"wp:term":[{"taxonomy":"anvandningsomrade","embeddable":true,"href":"https:\/\/xenonkungen.com\/nl\/wp-json\/wp\/v2\/anvandningsomrade?post=21386"},{"taxonomy":"bilmarken","embeddable":true,"href":"https:\/\/xenonkungen.com\/nl\/wp-json\/wp\/v2\/bilmarken?post=21386"},{"taxonomy":"product_brand","embeddable":true,"href":"https:\/\/xenonkungen.com\/nl\/wp-json\/wp\/v2\/product_brand?post=21386"},{"taxonomy":"product_cat","embeddable":true,"href":"https:\/\/xenonkungen.com\/nl\/wp-json\/wp\/v2\/product_cat?post=21386"},{"taxonomy":"product_tag","embeddable":true,"href":"https:\/\/xenonkungen.com\/nl\/wp-json\/wp\/v2\/product_tag?post=21386"}],"curies":[{"name":"wp","href":"https:\/\/api.w.org\/{rel}","templated":true}]}}