{"id":2222,"date":"2025-04-15T08:34:24","date_gmt":"2025-04-15T08:34:24","guid":{"rendered":"https:\/\/xenonkungen.com\/product\/d4s-5000k-xenonlampor-xenonkungen\/"},"modified":"2026-04-17T12:03:47","modified_gmt":"2026-04-17T11:03:47","slug":"d4s-5000k-xenonlampen-de-xenonkoning","status":"publish","type":"product","link":"https:\/\/xenonkungen.com\/nl\/product\/d4s-5000k-xenonlampen-de-xenonkoning\/","title":{"rendered":"D4S 5000K Xenonlampen De Xenon King\u00ae"},"content":{"rendered":"<p>Xenon King D4S 5000K standaard xenonlamp ter vervanging. De lamp heeft een E-keurmerk en onze versie wordt geleverd met glazen buizen van Philips.<\/p>\n<p>Een uitstekend alternatief voor bekende merken.<\/p>\n<p>D4S is een loodvrije xenonlamp die in sommige nieuwere voertuigen wordt gebruikt. <strong>Alleen de<\/strong> voor voertuigen met origineel D4S-systeem.<\/p>\n<p><strong>Let op!<\/strong> <em>De handleiding van de auto kan het verkeerde type lamp aangeven of helemaal geen informatie. De veiligste manier is om de lamp direct in de auto te identificeren. Vergelijk ook de lampengids van Osram.<\/em><\/p>\n<p>Garantie 2 jaar.<\/p>","protected":false},"excerpt":{"rendered":"<p>Xenonkungen D4S 5000K standard xenonlampa f\u00f6r utbyte. Lampan \u00e4r E-m\u00e4rkt och v\u00e5r version levereras med glasr\u00f6r fr\u00e5n Philips. Ett utm\u00e4rkt alternativ till v\u00e4lk\u00e4nda varum\u00e4rken. D4S \u00e4r en blyfri xenonlampa som anv\u00e4nds i vissa nyare fordon. Endast f\u00f6r fordon med original D4S system. Obs! Bilens instruktionsbok kan ange felaktig lamptyp eller ingen information alls. S\u00e4krast \u00e4r [&hellip;]<\/p>","protected":false},"featured_media":2223,"comment_status":"closed","ping_status":"open","template":"","meta":{"_acf_changed":false,"_smort_price_nok":"294","_smort_price_dkk":"268","_smort_price_eur":"35.91","_smort_sale_price_nok":"294","_smort_sale_price_dkk":"","_smort_sale_price_eur":"26.93","smort_restorder":"","shipmondo_restorder":"","_kad_blocks_custom_css":"","_kad_blocks_head_custom_js":"","_kad_blocks_body_custom_js":"","_kad_blocks_footer_custom_js":"","smort_custom_pricelist_1":"221.2","smort_custom_pricelist_2":"221.2","smort_custom_pricelist_3":"210.14","smort_custom_pricelist_4":"316","smort_custom_pricelist_5":"221.2"},"anvandningsomrade":[],"bilmarken":[],"product_brand":[],"product_cat":[2483,733,1402],"product_tag":[],"class_list":{"0":"post-2222","1":"product","2":"type-product","3":"status-publish","4":"has-post-thumbnail","6":"product_cat-xenon","7":"product_cat-halvljus-helljus","8":"product_cat-outlet","9":"pa_fargtemperatur-5000k","10":"pa_godkannande-e-markt","11":"pa_lampsockel-kontakt-d4s","12":"pa_volt-v-12-24","14":"first","15":"instock","16":"sale","17":"taxable","18":"shipping-taxable","19":"purchasable","20":"product-type-simple"},"bundled_by":[],"bundle_stock_status":"instock","bundle_stock_quantity":35,"bundle_virtual":false,"bundle_layout":"","bundle_add_to_cart_form_location":"","bundle_editable_in_cart":false,"bundle_sold_individually_context":"","bundle_item_grouping":"","bundle_min_size":"","bundle_max_size":"","bundle_price":[],"bundled_items":[],"bundle_sell_ids":[],"acf":[],"yoast_head":"<!-- This site is optimized with the Yoast SEO plugin v27.0 - https:\/\/yoast.com\/product\/yoast-seo-wordpress\/ -->\n<title>D4S 5000K Xenonlampor Xenonkungen\u00ae - Xenonkungen<\/title>\n<meta name=\"robots\" content=\"index, follow, max-snippet:-1, max-image-preview:large, max-video-preview:-1\" \/>\n<link rel=\"canonical\" href=\"https:\/\/xenonkungen.com\/nl\/product\/d4s-5000k-xenonlampen-de-xenonkoning\/\" \/>\n<meta property=\"og:locale\" content=\"nl_NL\" \/>\n<meta property=\"og:type\" content=\"article\" \/>\n<meta property=\"og:title\" content=\"D4S 5000K Xenonlampor Xenonkungen\u00ae - Xenonkungen\" \/>\n<meta property=\"og:description\" content=\"Xenonkungen D4S 5000K standard xenonlampa f\u00f6r utbyte. Lampan \u00e4r E-m\u00e4rkt och v\u00e5r version levereras med glasr\u00f6r fr\u00e5n Philips. Ett utm\u00e4rkt alternativ till v\u00e4lk\u00e4nda varum\u00e4rken. D4S \u00e4r en blyfri xenonlampa som anv\u00e4nds i vissa nyare fordon. Endast f\u00f6r fordon med original D4S system. Obs! Bilens instruktionsbok kan ange felaktig lamptyp eller ingen information alls. S\u00e4krast \u00e4r [&hellip;]\" \/>\n<meta property=\"og:url\" content=\"https:\/\/xenonkungen.com\/nl\/product\/d4s-5000k-xenonlampen-de-xenonkoning\/\" \/>\n<meta property=\"og:site_name\" content=\"Xenonkungen\" \/>\n<meta property=\"article:modified_time\" content=\"2026-04-17T11:03:47+00:00\" \/>\n<meta property=\"og:image\" content=\"https:\/\/xenonkungen.com\/wp-content\/uploads\/2025\/04\/167048977-origpic-34624b.png\" \/>\n\t<meta property=\"og:image:width\" content=\"1000\" \/>\n\t<meta property=\"og:image:height\" content=\"1000\" \/>\n\t<meta property=\"og:image:type\" content=\"image\/png\" \/>\n<meta name=\"twitter:card\" content=\"summary_large_image\" \/>\n<script type=\"application\/ld+json\" class=\"yoast-schema-graph\">{\"@context\":\"https:\/\/schema.org\",\"@graph\":[{\"@type\":\"WebPage\",\"@id\":\"https:\/\/xenonkungen.com\/produkt\/d4s-5000k-xenonlampor-xenonkungen\/\",\"url\":\"https:\/\/xenonkungen.com\/produkt\/d4s-5000k-xenonlampor-xenonkungen\/\",\"name\":\"D4S 5000K Xenonlampor Xenonkungen\u00ae - Xenonkungen\",\"isPartOf\":{\"@id\":\"https:\/\/xenonkungen.com\/#website\"},\"primaryImageOfPage\":{\"@id\":\"https:\/\/xenonkungen.com\/produkt\/d4s-5000k-xenonlampor-xenonkungen\/#primaryimage\"},\"image\":{\"@id\":\"https:\/\/xenonkungen.com\/produkt\/d4s-5000k-xenonlampor-xenonkungen\/#primaryimage\"},\"thumbnailUrl\":\"https:\/\/xenonkungen.com\/wp-content\/uploads\/2025\/04\/167048977-origpic-34624b.png\",\"datePublished\":\"2025-04-15T08:34:24+00:00\",\"dateModified\":\"2026-04-17T11:03:47+00:00\",\"breadcrumb\":{\"@id\":\"https:\/\/xenonkungen.com\/produkt\/d4s-5000k-xenonlampor-xenonkungen\/#breadcrumb\"},\"inLanguage\":\"nl-NL\",\"potentialAction\":[{\"@type\":\"ReadAction\",\"target\":[\"https:\/\/xenonkungen.com\/produkt\/d4s-5000k-xenonlampor-xenonkungen\/\"]}]},{\"@type\":\"ImageObject\",\"inLanguage\":\"nl-NL\",\"@id\":\"https:\/\/xenonkungen.com\/produkt\/d4s-5000k-xenonlampor-xenonkungen\/#primaryimage\",\"url\":\"https:\/\/xenonkungen.com\/wp-content\/uploads\/2025\/04\/167048977-origpic-34624b.png\",\"contentUrl\":\"https:\/\/xenonkungen.com\/wp-content\/uploads\/2025\/04\/167048977-origpic-34624b.png\",\"width\":1000,\"height\":1000},{\"@type\":\"BreadcrumbList\",\"@id\":\"https:\/\/xenonkungen.com\/produkt\/d4s-5000k-xenonlampor-xenonkungen\/#breadcrumb\",\"itemListElement\":[{\"@type\":\"ListItem\",\"position\":1,\"name\":\"Hem\",\"item\":\"https:\/\/xenonkungen.com\/\"},{\"@type\":\"ListItem\",\"position\":2,\"name\":\"Shop\",\"item\":\"https:\/\/xenonkungen.com\/shop\/\"},{\"@type\":\"ListItem\",\"position\":3,\"name\":\"D4S 5000K Xenonlampor Xenonkungen\u00ae\"}]},{\"@type\":\"WebSite\",\"@id\":\"https:\/\/xenonkungen.com\/#website\",\"url\":\"https:\/\/xenonkungen.com\/\",\"name\":\"Xenonkungen\",\"description\":\"\",\"potentialAction\":[{\"@type\":\"SearchAction\",\"target\":{\"@type\":\"EntryPoint\",\"urlTemplate\":\"https:\/\/xenonkungen.com\/?s={search_term_string}\"},\"query-input\":{\"@type\":\"PropertyValueSpecification\",\"valueRequired\":true,\"valueName\":\"search_term_string\"}}],\"inLanguage\":\"nl-NL\"}]}<\/script>\n<!-- \/ Yoast SEO plugin. -->","yoast_head_json":{"title":"D4S 5000K Xenonlampen De Xenonkungen\u00ae - De Xenonkungen","robots":{"index":"index","follow":"follow","max-snippet":"max-snippet:-1","max-image-preview":"max-image-preview:large","max-video-preview":"max-video-preview:-1"},"canonical":"https:\/\/xenonkungen.com\/nl\/product\/d4s-5000k-xenonlampen-de-xenonkoning\/","og_locale":"nl_NL","og_type":"article","og_title":"D4S 5000K Xenonlampor Xenonkungen\u00ae - Xenonkungen","og_description":"Xenonkungen D4S 5000K standard xenonlampa f\u00f6r utbyte. Lampan \u00e4r E-m\u00e4rkt och v\u00e5r version levereras med glasr\u00f6r fr\u00e5n Philips. Ett utm\u00e4rkt alternativ till v\u00e4lk\u00e4nda varum\u00e4rken. D4S \u00e4r en blyfri xenonlampa som anv\u00e4nds i vissa nyare fordon. Endast f\u00f6r fordon med original D4S system. Obs! Bilens instruktionsbok kan ange felaktig lamptyp eller ingen information alls. S\u00e4krast \u00e4r [&hellip;]","og_url":"https:\/\/xenonkungen.com\/nl\/product\/d4s-5000k-xenonlampen-de-xenonkoning\/","og_site_name":"Xenonkungen","article_modified_time":"2026-04-17T11:03:47+00:00","og_image":[{"width":1000,"height":1000,"url":"https:\/\/xenonkungen.com\/wp-content\/uploads\/2025\/04\/167048977-origpic-34624b.png","type":"image\/png"}],"twitter_card":"summary_large_image","schema":{"@context":"https:\/\/schema.org","@graph":[{"@type":"WebPage","@id":"https:\/\/xenonkungen.com\/produkt\/d4s-5000k-xenonlampor-xenonkungen\/","url":"https:\/\/xenonkungen.com\/produkt\/d4s-5000k-xenonlampor-xenonkungen\/","name":"D4S 5000K Xenonlampen De Xenonkungen\u00ae - De Xenonkungen","isPartOf":{"@id":"https:\/\/xenonkungen.com\/#website"},"primaryImageOfPage":{"@id":"https:\/\/xenonkungen.com\/produkt\/d4s-5000k-xenonlampor-xenonkungen\/#primaryimage"},"image":{"@id":"https:\/\/xenonkungen.com\/produkt\/d4s-5000k-xenonlampor-xenonkungen\/#primaryimage"},"thumbnailUrl":"https:\/\/xenonkungen.com\/wp-content\/uploads\/2025\/04\/167048977-origpic-34624b.png","datePublished":"2025-04-15T08:34:24+00:00","dateModified":"2026-04-17T11:03:47+00:00","breadcrumb":{"@id":"https:\/\/xenonkungen.com\/produkt\/d4s-5000k-xenonlampor-xenonkungen\/#breadcrumb"},"inLanguage":"nl-NL","potentialAction":[{"@type":"ReadAction","target":["https:\/\/xenonkungen.com\/produkt\/d4s-5000k-xenonlampor-xenonkungen\/"]}]},{"@type":"ImageObject","inLanguage":"nl-NL","@id":"https:\/\/xenonkungen.com\/produkt\/d4s-5000k-xenonlampor-xenonkungen\/#primaryimage","url":"https:\/\/xenonkungen.com\/wp-content\/uploads\/2025\/04\/167048977-origpic-34624b.png","contentUrl":"https:\/\/xenonkungen.com\/wp-content\/uploads\/2025\/04\/167048977-origpic-34624b.png","width":1000,"height":1000},{"@type":"BreadcrumbList","@id":"https:\/\/xenonkungen.com\/produkt\/d4s-5000k-xenonlampor-xenonkungen\/#breadcrumb","itemListElement":[{"@type":"ListItem","position":1,"name":"Hem","item":"https:\/\/xenonkungen.com\/"},{"@type":"ListItem","position":2,"name":"Shop","item":"https:\/\/xenonkungen.com\/shop\/"},{"@type":"ListItem","position":3,"name":"D4S 5000K Xenonlampor Xenonkungen\u00ae"}]},{"@type":"WebSite","@id":"https:\/\/xenonkungen.com\/#website","url":"https:\/\/xenonkungen.com\/","name":"Xenonkungen","description":"","potentialAction":[{"@type":"SearchAction","target":{"@type":"EntryPoint","urlTemplate":"https:\/\/xenonkungen.com\/?s={search_term_string}"},"query-input":{"@type":"PropertyValueSpecification","valueRequired":true,"valueName":"search_term_string"}}],"inLanguage":"nl-NL"}]}},"taxonomy_info":{"product_cat":[{"value":2483,"label":"Xenon"},{"value":733,"label":"Halvljus \/ Helljus"},{"value":1402,"label":"Outlet"}],"pa_fargtemperatur":[{"value":154,"label":"5000K"}],"pa_godkannande":[{"value":191,"label":"E-m\u00e4rkt"}],"pa_lampsockel-kontakt":[{"value":762,"label":"D4S"}],"pa_volt-v":[{"value":348,"label":"12, 24"}]},"featured_image_src_large":["https:\/\/xenonkungen.com\/wp-content\/uploads\/2025\/04\/167048977-origpic-34624b.png",1000,1000,false],"author_info":[],"comment_info":0,"_links":{"self":[{"href":"https:\/\/xenonkungen.com\/nl\/wp-json\/wp\/v2\/product\/2222","targetHints":{"allow":["GET"]}}],"collection":[{"href":"https:\/\/xenonkungen.com\/nl\/wp-json\/wp\/v2\/product"}],"about":[{"href":"https:\/\/xenonkungen.com\/nl\/wp-json\/wp\/v2\/types\/product"}],"replies":[{"embeddable":true,"href":"https:\/\/xenonkungen.com\/nl\/wp-json\/wp\/v2\/comments?post=2222"}],"wp:featuredmedia":[{"embeddable":true,"href":"https:\/\/xenonkungen.com\/nl\/wp-json\/wp\/v2\/media\/2223"}],"wp:attachment":[{"href":"https:\/\/xenonkungen.com\/nl\/wp-json\/wp\/v2\/media?parent=2222"}],"wp:term":[{"taxonomy":"anvandningsomrade","embeddable":true,"href":"https:\/\/xenonkungen.com\/nl\/wp-json\/wp\/v2\/anvandningsomrade?post=2222"},{"taxonomy":"bilmarken","embeddable":true,"href":"https:\/\/xenonkungen.com\/nl\/wp-json\/wp\/v2\/bilmarken?post=2222"},{"taxonomy":"product_brand","embeddable":true,"href":"https:\/\/xenonkungen.com\/nl\/wp-json\/wp\/v2\/product_brand?post=2222"},{"taxonomy":"product_cat","embeddable":true,"href":"https:\/\/xenonkungen.com\/nl\/wp-json\/wp\/v2\/product_cat?post=2222"},{"taxonomy":"product_tag","embeddable":true,"href":"https:\/\/xenonkungen.com\/nl\/wp-json\/wp\/v2\/product_tag?post=2222"}],"curies":[{"name":"wp","href":"https:\/\/api.w.org\/{rel}","templated":true}]}}