{"id":2299,"date":"2025-04-15T08:35:53","date_gmt":"2025-04-15T08:35:53","guid":{"rendered":"https:\/\/xenonkungen.com\/product\/t15w16w-led-backlampa-360lm\/"},"modified":"2026-04-15T13:56:08","modified_gmt":"2026-04-15T12:56:08","slug":"t15w16w-led-achteruitrijlicht-360lm","status":"publish","type":"product","link":"https:\/\/xenonkungen.com\/nl\/product\/t15w16w-led-achteruitrijlicht-360lm\/","title":{"rendered":"T15|W16W LED-achteruitrijlicht 360LM"},"content":{"rendered":"<p>Wilt u betere achteruitrijlichten? Upgrade dan met een lichtzuinige ledlamp als lichtbron.<\/p>\n<p>Door de kleinere omvang van de T15-lampvoet is er geen ruimte voor dezelfde ingenieuze lens als in de twee keer zo grote BA15S\/T20, maar desondanks presteert hij nog steeds uitstekend.<\/p>\n<p>32 diodes rondom vullen de gehele reflector met helder wit licht. Een lensversterkte Cree XPE aan de bovenkant draagt bij aan het bereik.<\/p>\n<p>&quot;Werkt probleemloos, zonder waarschuwing en schittert als een god, zodat u het weet.&quot; Kia Optima 2017<\/p>","protected":false},"excerpt":{"rendered":"<p>Vill du ha b\u00e4ttre backljus? Uppgradera med en ljuseffektiv LED lampa som ljusk\u00e4lla. Den mindre storleken p\u00e5 lampsockel T15 medger inte plats f\u00f6r samma geniala lins som i de dubbelt stora BA15S\/T20 men den presterar \u00e4nd\u00e5 riktigt bra. 32st dioder runt om fyller hela reflektorn med krispigt vitt ljus. En linsf\u00f6rst\u00e4rkt Cree XPE i toppen [&hellip;]<\/p>","protected":false},"featured_media":2300,"comment_status":"closed","ping_status":"closed","template":"","meta":{"_acf_changed":false,"_smort_price_nok":"191","_smort_price_dkk":"121","_smort_price_eur":"16.27","_smort_sale_price_nok":"","_smort_sale_price_dkk":"","_smort_sale_price_eur":"","smort_restorder":"","shipmondo_restorder":"","_kad_blocks_custom_css":"","_kad_blocks_head_custom_js":"","_kad_blocks_body_custom_js":"","_kad_blocks_footer_custom_js":"","smort_custom_pricelist_1":"114.56","smort_custom_pricelist_2":"100.24","smort_custom_pricelist_3":"93.08","smort_custom_pricelist_4":"143.2","smort_custom_pricelist_5":"100.24"},"anvandningsomrade":[],"bilmarken":[],"product_brand":[117],"product_cat":[3012,3011,338],"product_tag":[],"class_list":{"0":"post-2299","1":"product","2":"type-product","3":"status-publish","4":"has-post-thumbnail","6":"product_brand-xenonkungen","7":"product_cat-backlampor","8":"product_cat-t15-w16w","9":"product_cat-diodlampor","10":"pa_fargtemperatur-6000k","11":"pa_lampsockel-kontakt-t15-w16w-t10","12":"pa_led-chips-effekt-w-775","13":"pa_storlek-mm-49x15","14":"pa_volt-v-776","16":"first","17":"outofstock","18":"taxable","19":"shipping-taxable","20":"purchasable","21":"product-type-simple"},"bundled_by":[],"bundle_stock_status":"outofstock","bundle_stock_quantity":-91,"bundle_virtual":false,"bundle_layout":"","bundle_add_to_cart_form_location":"","bundle_editable_in_cart":false,"bundle_sold_individually_context":"","bundle_item_grouping":"","bundle_min_size":"","bundle_max_size":"","bundle_price":[],"bundled_items":[],"bundle_sell_ids":[],"acf":[],"yoast_head":"<!-- This site is optimized with the Yoast SEO plugin v27.0 - https:\/\/yoast.com\/product\/yoast-seo-wordpress\/ -->\n<title>T15|W16W LED Backlampa 360LM - Xenonkungen<\/title>\n<meta name=\"robots\" content=\"index, follow, max-snippet:-1, max-image-preview:large, max-video-preview:-1\" \/>\n<link rel=\"canonical\" href=\"https:\/\/xenonkungen.com\/nl\/product\/t15w16w-led-achteruitrijlicht-360lm\/\" \/>\n<meta property=\"og:locale\" content=\"nl_NL\" \/>\n<meta property=\"og:type\" content=\"article\" \/>\n<meta property=\"og:title\" content=\"T15|W16W LED Backlampa 360LM - Xenonkungen\" \/>\n<meta property=\"og:description\" content=\"Vill du ha b\u00e4ttre backljus? Uppgradera med en ljuseffektiv LED lampa som ljusk\u00e4lla. Den mindre storleken p\u00e5 lampsockel T15 medger inte plats f\u00f6r samma geniala lins som i de dubbelt stora BA15S\/T20 men den presterar \u00e4nd\u00e5 riktigt bra. 32st dioder runt om fyller hela reflektorn med krispigt vitt ljus. En linsf\u00f6rst\u00e4rkt Cree XPE i toppen [&hellip;]\" \/>\n<meta property=\"og:url\" content=\"https:\/\/xenonkungen.com\/nl\/product\/t15w16w-led-achteruitrijlicht-360lm\/\" \/>\n<meta property=\"og:site_name\" content=\"Xenonkungen\" \/>\n<meta property=\"article:modified_time\" content=\"2026-04-15T12:56:08+00:00\" \/>\n<meta property=\"og:image\" content=\"https:\/\/xenonkungen.com\/wp-content\/uploads\/2025\/04\/37608343-origpic-4411db.png\" \/>\n\t<meta property=\"og:image:width\" content=\"1000\" \/>\n\t<meta property=\"og:image:height\" content=\"1000\" \/>\n\t<meta property=\"og:image:type\" content=\"image\/png\" \/>\n<meta name=\"twitter:card\" content=\"summary_large_image\" \/>\n<meta name=\"twitter:label1\" content=\"Geschatte leestijd\" \/>\n\t<meta name=\"twitter:data1\" content=\"1 minuut\" \/>\n<script type=\"application\/ld+json\" class=\"yoast-schema-graph\">{\"@context\":\"https:\/\/schema.org\",\"@graph\":[{\"@type\":\"WebPage\",\"@id\":\"https:\/\/xenonkungen.com\/produkt\/t15w16w-led-backlampa-360lm\/\",\"url\":\"https:\/\/xenonkungen.com\/produkt\/t15w16w-led-backlampa-360lm\/\",\"name\":\"T15|W16W LED Backlampa 360LM - Xenonkungen\",\"isPartOf\":{\"@id\":\"https:\/\/xenonkungen.com\/#website\"},\"primaryImageOfPage\":{\"@id\":\"https:\/\/xenonkungen.com\/produkt\/t15w16w-led-backlampa-360lm\/#primaryimage\"},\"image\":{\"@id\":\"https:\/\/xenonkungen.com\/produkt\/t15w16w-led-backlampa-360lm\/#primaryimage\"},\"thumbnailUrl\":\"https:\/\/xenonkungen.com\/wp-content\/uploads\/2025\/04\/37608343-origpic-4411db.png\",\"datePublished\":\"2025-04-15T08:35:53+00:00\",\"dateModified\":\"2026-04-15T12:56:08+00:00\",\"breadcrumb\":{\"@id\":\"https:\/\/xenonkungen.com\/produkt\/t15w16w-led-backlampa-360lm\/#breadcrumb\"},\"inLanguage\":\"nl-NL\",\"potentialAction\":[{\"@type\":\"ReadAction\",\"target\":[\"https:\/\/xenonkungen.com\/produkt\/t15w16w-led-backlampa-360lm\/\"]}]},{\"@type\":\"ImageObject\",\"inLanguage\":\"nl-NL\",\"@id\":\"https:\/\/xenonkungen.com\/produkt\/t15w16w-led-backlampa-360lm\/#primaryimage\",\"url\":\"https:\/\/xenonkungen.com\/wp-content\/uploads\/2025\/04\/37608343-origpic-4411db.png\",\"contentUrl\":\"https:\/\/xenonkungen.com\/wp-content\/uploads\/2025\/04\/37608343-origpic-4411db.png\",\"width\":1000,\"height\":1000},{\"@type\":\"BreadcrumbList\",\"@id\":\"https:\/\/xenonkungen.com\/produkt\/t15w16w-led-backlampa-360lm\/#breadcrumb\",\"itemListElement\":[{\"@type\":\"ListItem\",\"position\":1,\"name\":\"Hem\",\"item\":\"https:\/\/xenonkungen.com\/\"},{\"@type\":\"ListItem\",\"position\":2,\"name\":\"Shop\",\"item\":\"https:\/\/xenonkungen.com\/shop\/\"},{\"@type\":\"ListItem\",\"position\":3,\"name\":\"T15|W16W LED Backlampa 360LM\"}]},{\"@type\":\"WebSite\",\"@id\":\"https:\/\/xenonkungen.com\/#website\",\"url\":\"https:\/\/xenonkungen.com\/\",\"name\":\"Xenonkungen\",\"description\":\"\",\"potentialAction\":[{\"@type\":\"SearchAction\",\"target\":{\"@type\":\"EntryPoint\",\"urlTemplate\":\"https:\/\/xenonkungen.com\/?s={search_term_string}\"},\"query-input\":{\"@type\":\"PropertyValueSpecification\",\"valueRequired\":true,\"valueName\":\"search_term_string\"}}],\"inLanguage\":\"nl-NL\"}]}<\/script>\n<!-- \/ Yoast SEO plugin. -->","yoast_head_json":{"title":"T15|W16W LED-achtergrondverlichting 360LM - De Xenon-koning","robots":{"index":"index","follow":"follow","max-snippet":"max-snippet:-1","max-image-preview":"max-image-preview:large","max-video-preview":"max-video-preview:-1"},"canonical":"https:\/\/xenonkungen.com\/nl\/product\/t15w16w-led-achteruitrijlicht-360lm\/","og_locale":"nl_NL","og_type":"article","og_title":"T15|W16W LED Backlampa 360LM - Xenonkungen","og_description":"Vill du ha b\u00e4ttre backljus? Uppgradera med en ljuseffektiv LED lampa som ljusk\u00e4lla. Den mindre storleken p\u00e5 lampsockel T15 medger inte plats f\u00f6r samma geniala lins som i de dubbelt stora BA15S\/T20 men den presterar \u00e4nd\u00e5 riktigt bra. 32st dioder runt om fyller hela reflektorn med krispigt vitt ljus. En linsf\u00f6rst\u00e4rkt Cree XPE i toppen [&hellip;]","og_url":"https:\/\/xenonkungen.com\/nl\/product\/t15w16w-led-achteruitrijlicht-360lm\/","og_site_name":"Xenonkungen","article_modified_time":"2026-04-15T12:56:08+00:00","og_image":[{"width":1000,"height":1000,"url":"https:\/\/xenonkungen.com\/wp-content\/uploads\/2025\/04\/37608343-origpic-4411db.png","type":"image\/png"}],"twitter_card":"summary_large_image","twitter_misc":{"Geschatte leestijd":"1 minuut"},"schema":{"@context":"https:\/\/schema.org","@graph":[{"@type":"WebPage","@id":"https:\/\/xenonkungen.com\/produkt\/t15w16w-led-backlampa-360lm\/","url":"https:\/\/xenonkungen.com\/produkt\/t15w16w-led-backlampa-360lm\/","name":"T15|W16W LED-achtergrondverlichting 360LM - De Xenon-koning","isPartOf":{"@id":"https:\/\/xenonkungen.com\/#website"},"primaryImageOfPage":{"@id":"https:\/\/xenonkungen.com\/produkt\/t15w16w-led-backlampa-360lm\/#primaryimage"},"image":{"@id":"https:\/\/xenonkungen.com\/produkt\/t15w16w-led-backlampa-360lm\/#primaryimage"},"thumbnailUrl":"https:\/\/xenonkungen.com\/wp-content\/uploads\/2025\/04\/37608343-origpic-4411db.png","datePublished":"2025-04-15T08:35:53+00:00","dateModified":"2026-04-15T12:56:08+00:00","breadcrumb":{"@id":"https:\/\/xenonkungen.com\/produkt\/t15w16w-led-backlampa-360lm\/#breadcrumb"},"inLanguage":"nl-NL","potentialAction":[{"@type":"ReadAction","target":["https:\/\/xenonkungen.com\/produkt\/t15w16w-led-backlampa-360lm\/"]}]},{"@type":"ImageObject","inLanguage":"nl-NL","@id":"https:\/\/xenonkungen.com\/produkt\/t15w16w-led-backlampa-360lm\/#primaryimage","url":"https:\/\/xenonkungen.com\/wp-content\/uploads\/2025\/04\/37608343-origpic-4411db.png","contentUrl":"https:\/\/xenonkungen.com\/wp-content\/uploads\/2025\/04\/37608343-origpic-4411db.png","width":1000,"height":1000},{"@type":"BreadcrumbList","@id":"https:\/\/xenonkungen.com\/produkt\/t15w16w-led-backlampa-360lm\/#breadcrumb","itemListElement":[{"@type":"ListItem","position":1,"name":"Hem","item":"https:\/\/xenonkungen.com\/"},{"@type":"ListItem","position":2,"name":"Shop","item":"https:\/\/xenonkungen.com\/shop\/"},{"@type":"ListItem","position":3,"name":"T15|W16W LED Backlampa 360LM"}]},{"@type":"WebSite","@id":"https:\/\/xenonkungen.com\/#website","url":"https:\/\/xenonkungen.com\/","name":"Xenonkungen","description":"","potentialAction":[{"@type":"SearchAction","target":{"@type":"EntryPoint","urlTemplate":"https:\/\/xenonkungen.com\/?s={search_term_string}"},"query-input":{"@type":"PropertyValueSpecification","valueRequired":true,"valueName":"search_term_string"}}],"inLanguage":"nl-NL"}]}},"taxonomy_info":{"product_brand":[{"value":117,"label":"Xenonkungen"}],"product_cat":[{"value":3012,"label":"Backlampor"},{"value":3011,"label":"T15 \/ W16W"},{"value":338,"label":"Diodlampor"}],"pa_fargtemperatur":[{"value":188,"label":"6000K"}],"pa_lampsockel-kontakt":[{"value":777,"label":"T15, W16W, T10"}],"pa_led-chips-effekt-w":[{"value":775,"label":"16"}],"pa_storlek-mm":[{"value":774,"label":"49x15"}],"pa_volt-v":[{"value":776,"label":"12,24"}]},"featured_image_src_large":["https:\/\/xenonkungen.com\/wp-content\/uploads\/2025\/04\/37608343-origpic-4411db.png",1000,1000,false],"author_info":[],"comment_info":1,"_links":{"self":[{"href":"https:\/\/xenonkungen.com\/nl\/wp-json\/wp\/v2\/product\/2299","targetHints":{"allow":["GET"]}}],"collection":[{"href":"https:\/\/xenonkungen.com\/nl\/wp-json\/wp\/v2\/product"}],"about":[{"href":"https:\/\/xenonkungen.com\/nl\/wp-json\/wp\/v2\/types\/product"}],"replies":[{"embeddable":true,"href":"https:\/\/xenonkungen.com\/nl\/wp-json\/wp\/v2\/comments?post=2299"}],"wp:featuredmedia":[{"embeddable":true,"href":"https:\/\/xenonkungen.com\/nl\/wp-json\/wp\/v2\/media\/2300"}],"wp:attachment":[{"href":"https:\/\/xenonkungen.com\/nl\/wp-json\/wp\/v2\/media?parent=2299"}],"wp:term":[{"taxonomy":"anvandningsomrade","embeddable":true,"href":"https:\/\/xenonkungen.com\/nl\/wp-json\/wp\/v2\/anvandningsomrade?post=2299"},{"taxonomy":"bilmarken","embeddable":true,"href":"https:\/\/xenonkungen.com\/nl\/wp-json\/wp\/v2\/bilmarken?post=2299"},{"taxonomy":"product_brand","embeddable":true,"href":"https:\/\/xenonkungen.com\/nl\/wp-json\/wp\/v2\/product_brand?post=2299"},{"taxonomy":"product_cat","embeddable":true,"href":"https:\/\/xenonkungen.com\/nl\/wp-json\/wp\/v2\/product_cat?post=2299"},{"taxonomy":"product_tag","embeddable":true,"href":"https:\/\/xenonkungen.com\/nl\/wp-json\/wp\/v2\/product_tag?post=2299"}],"curies":[{"name":"wp","href":"https:\/\/api.w.org\/{rel}","templated":true}]}}