{"id":2322,"date":"2025-04-15T08:35:53","date_gmt":"2025-04-15T08:35:53","guid":{"rendered":"https:\/\/xenonkungen.com\/product\/bax9sh6w-led-6smd-9-14v-dc\/"},"modified":"2026-04-24T16:39:37","modified_gmt":"2026-04-24T15:39:37","slug":"bax9sh6w-led-6smd-9-14v-dc","status":"publish","type":"product","link":"https:\/\/xenonkungen.com\/nl\/product\/bax9sh6w-led-6smd-9-14v-dc\/","title":{"rendered":"Bax9S|H6W Led 6smd | 9-14v DC"},"content":{"rendered":"<p>Onze BAX9S (H6W) 6SMD is gemaakt met 6 krachtige Samsung chip LED-modules ter vervanging van bestaande halogeenlampen met helder wit licht. De BAX9S (H6W) 6SMD is ontworpen met 4 LED-diodes rond de lampkop en 2 bovenop. De diodelamp is verkrijgbaar in twee verschillende kleurtemperaturen: 4300K en 6000K, met een lichtsterkte van 150 lumen.<\/p>\n<p><strong>Goed om te weten: <\/strong><br \/>Deze diodelamp is mogelijk te lang\/breed voor auto's met minder ruimte in de lampvoet.<br \/>De diodelamp is gevoelig voor polariteit.<br \/>De BA9S lijkt erg op de H6W, de spikes aan de onderkant van de voet zijn wat ze onderscheidt<\/p>\n<p>Een standaard BAX9S (H6W) lamp schijnt doorgaans met ongeveer 35 lumen.<\/p>","protected":false},"excerpt":{"rendered":"<p>Een krachtige ledlamp voor wie het uiterlijk van zijn auto wil verbeteren. De BAX9S | H6W wordt veel gebruikt als voor- en achterlicht. Verkrijgbaar in 2 verschillende lichtkleuren, Samsung-chip, 150 lumen. Inhoud levering: 2 BAX9S | H6W-lampen, 12 maanden garantie.<\/p>","protected":false},"featured_media":2323,"comment_status":"closed","ping_status":"open","template":"","meta":{"_acf_changed":false,"_smort_price_nok":"134","_smort_price_dkk":"85","_smort_price_eur":"11.36","_smort_sale_price_nok":"","_smort_sale_price_dkk":"","_smort_sale_price_eur":"","smort_restorder":"","shipmondo_restorder":"","_kad_blocks_custom_css":"","_kad_blocks_head_custom_js":"","_kad_blocks_body_custom_js":"","_kad_blocks_footer_custom_js":"","smort_custom_pricelist_1":"70","smort_custom_pricelist_2":"70","smort_custom_pricelist_3":"66.5","smort_custom_pricelist_4":"100","smort_custom_pricelist_5":"70"},"anvandningsomrade":[],"bilmarken":[],"product_brand":[117],"product_cat":[3010,338],"product_tag":[],"class_list":{"0":"post-2322","1":"product","2":"type-product","3":"status-publish","4":"has-post-thumbnail","6":"product_brand-xenonkungen","7":"product_cat-ba9s-t4w","8":"product_cat-diodlampor","9":"pa_faktisk-effekts-forbrukning-780","10":"pa_fargtemperatur-4300k","11":"pa_lampsockel-kontakt-bax9s-h6w","12":"pa_storlek-mm-28x12","13":"pa_stromforbrukning-01a12v","14":"pa_volt-v-159","16":"first","17":"instock","18":"taxable","19":"shipping-taxable","20":"purchasable","21":"product-type-simple"},"bundled_by":[],"bundle_stock_status":"instock","bundle_stock_quantity":27,"bundle_virtual":false,"bundle_layout":"","bundle_add_to_cart_form_location":"","bundle_editable_in_cart":false,"bundle_sold_individually_context":"","bundle_item_grouping":"","bundle_min_size":"","bundle_max_size":"","bundle_price":[],"bundled_items":[],"bundle_sell_ids":[],"acf":[],"yoast_head":"<!-- This site is optimized with the Yoast SEO plugin v27.0 - https:\/\/yoast.com\/product\/yoast-seo-wordpress\/ -->\n<title>Bax9S|H6W Led 6smd | 9-14v DC - Xenonkungen<\/title>\n<meta name=\"robots\" content=\"index, follow, max-snippet:-1, max-image-preview:large, max-video-preview:-1\" \/>\n<link rel=\"canonical\" href=\"https:\/\/xenonkungen.com\/nl\/product\/bax9sh6w-led-6smd-9-14v-dc\/\" \/>\n<meta property=\"og:locale\" content=\"nl_NL\" \/>\n<meta property=\"og:type\" content=\"article\" \/>\n<meta property=\"og:title\" content=\"Bax9S|H6W Led 6smd | 9-14v DC - Xenonkungen\" \/>\n<meta property=\"og:description\" content=\"En kraftig ledlampa f\u00f6r dig som vill f\u00f6rb\u00e4ttra utseendet p\u00e5 din bil. BAX9S | H6W \u00e4r vanligt f\u00f6rekommande b\u00e5de som positionsljus fram, eller som interi\u00f6rljus. , finns i 2 olika ljusf\u00e4rger , Samsungchip , 150 Lumen , Leveransinneh\u00e5ll: 2st BAX9S|H6W lampor , 12 m\u00e5naders garanti\" \/>\n<meta property=\"og:url\" content=\"https:\/\/xenonkungen.com\/nl\/product\/bax9sh6w-led-6smd-9-14v-dc\/\" \/>\n<meta property=\"og:site_name\" content=\"Xenonkungen\" \/>\n<meta property=\"article:modified_time\" content=\"2026-04-24T15:39:37+00:00\" \/>\n<meta property=\"og:image\" content=\"https:\/\/xenonkungen.com\/wp-content\/uploads\/2025\/04\/175839813-origpic-bbdd4e.png\" \/>\n\t<meta property=\"og:image:width\" content=\"1000\" \/>\n\t<meta property=\"og:image:height\" content=\"1000\" \/>\n\t<meta property=\"og:image:type\" content=\"image\/png\" \/>\n<meta name=\"twitter:card\" content=\"summary_large_image\" \/>\n<meta name=\"twitter:label1\" content=\"Geschatte leestijd\" \/>\n\t<meta name=\"twitter:data1\" content=\"1 minuut\" \/>\n<script type=\"application\/ld+json\" class=\"yoast-schema-graph\">{\"@context\":\"https:\/\/schema.org\",\"@graph\":[{\"@type\":\"WebPage\",\"@id\":\"https:\/\/xenonkungen.com\/dk\/vare\/bax9sh6w-led-6smd-9-14v-dc\/\",\"url\":\"https:\/\/xenonkungen.com\/dk\/vare\/bax9sh6w-led-6smd-9-14v-dc\/\",\"name\":\"Bax9S|H6W Led 6smd | 9-14v DC - Xenonkungen\",\"isPartOf\":{\"@id\":\"https:\/\/xenonkungen.com\/#website\"},\"primaryImageOfPage\":{\"@id\":\"https:\/\/xenonkungen.com\/dk\/vare\/bax9sh6w-led-6smd-9-14v-dc\/#primaryimage\"},\"image\":{\"@id\":\"https:\/\/xenonkungen.com\/dk\/vare\/bax9sh6w-led-6smd-9-14v-dc\/#primaryimage\"},\"thumbnailUrl\":\"https:\/\/xenonkungen.com\/wp-content\/uploads\/2025\/04\/175839813-origpic-bbdd4e.png\",\"datePublished\":\"2025-04-15T08:35:53+00:00\",\"dateModified\":\"2026-04-24T15:39:37+00:00\",\"breadcrumb\":{\"@id\":\"https:\/\/xenonkungen.com\/dk\/vare\/bax9sh6w-led-6smd-9-14v-dc\/#breadcrumb\"},\"inLanguage\":\"nl-NL\",\"potentialAction\":[{\"@type\":\"ReadAction\",\"target\":[\"https:\/\/xenonkungen.com\/dk\/vare\/bax9sh6w-led-6smd-9-14v-dc\/\"]}]},{\"@type\":\"ImageObject\",\"inLanguage\":\"nl-NL\",\"@id\":\"https:\/\/xenonkungen.com\/dk\/vare\/bax9sh6w-led-6smd-9-14v-dc\/#primaryimage\",\"url\":\"https:\/\/xenonkungen.com\/wp-content\/uploads\/2025\/04\/175839813-origpic-bbdd4e.png\",\"contentUrl\":\"https:\/\/xenonkungen.com\/wp-content\/uploads\/2025\/04\/175839813-origpic-bbdd4e.png\",\"width\":1000,\"height\":1000},{\"@type\":\"BreadcrumbList\",\"@id\":\"https:\/\/xenonkungen.com\/dk\/vare\/bax9sh6w-led-6smd-9-14v-dc\/#breadcrumb\",\"itemListElement\":[{\"@type\":\"ListItem\",\"position\":1,\"name\":\"Hem\",\"item\":\"https:\/\/xenonkungen.com\/\"},{\"@type\":\"ListItem\",\"position\":2,\"name\":\"Shop\",\"item\":\"https:\/\/xenonkungen.com\/shop\/\"},{\"@type\":\"ListItem\",\"position\":3,\"name\":\"Bax9S|H6W Led 6smd | 9-14v DC\"}]},{\"@type\":\"WebSite\",\"@id\":\"https:\/\/xenonkungen.com\/#website\",\"url\":\"https:\/\/xenonkungen.com\/\",\"name\":\"Xenonkungen\",\"description\":\"\",\"potentialAction\":[{\"@type\":\"SearchAction\",\"target\":{\"@type\":\"EntryPoint\",\"urlTemplate\":\"https:\/\/xenonkungen.com\/?s={search_term_string}\"},\"query-input\":{\"@type\":\"PropertyValueSpecification\",\"valueRequired\":true,\"valueName\":\"search_term_string\"}}],\"inLanguage\":\"nl-NL\"}]}<\/script>\n<!-- \/ Yoast SEO plugin. -->","yoast_head_json":{"title":"Bax9S|H6W Led 6smd | 9-14v DC - De Xenon Koning","robots":{"index":"index","follow":"follow","max-snippet":"max-snippet:-1","max-image-preview":"max-image-preview:large","max-video-preview":"max-video-preview:-1"},"canonical":"https:\/\/xenonkungen.com\/nl\/product\/bax9sh6w-led-6smd-9-14v-dc\/","og_locale":"nl_NL","og_type":"article","og_title":"Bax9S|H6W Led 6smd | 9-14v DC - Xenonkungen","og_description":"En kraftig ledlampa f\u00f6r dig som vill f\u00f6rb\u00e4ttra utseendet p\u00e5 din bil. BAX9S | H6W \u00e4r vanligt f\u00f6rekommande b\u00e5de som positionsljus fram, eller som interi\u00f6rljus. , finns i 2 olika ljusf\u00e4rger , Samsungchip , 150 Lumen , Leveransinneh\u00e5ll: 2st BAX9S|H6W lampor , 12 m\u00e5naders garanti","og_url":"https:\/\/xenonkungen.com\/nl\/product\/bax9sh6w-led-6smd-9-14v-dc\/","og_site_name":"Xenonkungen","article_modified_time":"2026-04-24T15:39:37+00:00","og_image":[{"width":1000,"height":1000,"url":"https:\/\/xenonkungen.com\/wp-content\/uploads\/2025\/04\/175839813-origpic-bbdd4e.png","type":"image\/png"}],"twitter_card":"summary_large_image","twitter_misc":{"Geschatte leestijd":"1 minuut"},"schema":{"@context":"https:\/\/schema.org","@graph":[{"@type":"WebPage","@id":"https:\/\/xenonkungen.com\/dk\/vare\/bax9sh6w-led-6smd-9-14v-dc\/","url":"https:\/\/xenonkungen.com\/dk\/vare\/bax9sh6w-led-6smd-9-14v-dc\/","name":"Bax9S|H6W Led 6smd | 9-14v DC - De Xenon Koning","isPartOf":{"@id":"https:\/\/xenonkungen.com\/#website"},"primaryImageOfPage":{"@id":"https:\/\/xenonkungen.com\/dk\/vare\/bax9sh6w-led-6smd-9-14v-dc\/#primaryimage"},"image":{"@id":"https:\/\/xenonkungen.com\/dk\/vare\/bax9sh6w-led-6smd-9-14v-dc\/#primaryimage"},"thumbnailUrl":"https:\/\/xenonkungen.com\/wp-content\/uploads\/2025\/04\/175839813-origpic-bbdd4e.png","datePublished":"2025-04-15T08:35:53+00:00","dateModified":"2026-04-24T15:39:37+00:00","breadcrumb":{"@id":"https:\/\/xenonkungen.com\/dk\/vare\/bax9sh6w-led-6smd-9-14v-dc\/#breadcrumb"},"inLanguage":"nl-NL","potentialAction":[{"@type":"ReadAction","target":["https:\/\/xenonkungen.com\/dk\/vare\/bax9sh6w-led-6smd-9-14v-dc\/"]}]},{"@type":"ImageObject","inLanguage":"nl-NL","@id":"https:\/\/xenonkungen.com\/dk\/vare\/bax9sh6w-led-6smd-9-14v-dc\/#primaryimage","url":"https:\/\/xenonkungen.com\/wp-content\/uploads\/2025\/04\/175839813-origpic-bbdd4e.png","contentUrl":"https:\/\/xenonkungen.com\/wp-content\/uploads\/2025\/04\/175839813-origpic-bbdd4e.png","width":1000,"height":1000},{"@type":"BreadcrumbList","@id":"https:\/\/xenonkungen.com\/dk\/vare\/bax9sh6w-led-6smd-9-14v-dc\/#breadcrumb","itemListElement":[{"@type":"ListItem","position":1,"name":"Hem","item":"https:\/\/xenonkungen.com\/"},{"@type":"ListItem","position":2,"name":"Shop","item":"https:\/\/xenonkungen.com\/shop\/"},{"@type":"ListItem","position":3,"name":"Bax9S|H6W Led 6smd | 9-14v DC"}]},{"@type":"WebSite","@id":"https:\/\/xenonkungen.com\/#website","url":"https:\/\/xenonkungen.com\/","name":"Xenonkungen","description":"","potentialAction":[{"@type":"SearchAction","target":{"@type":"EntryPoint","urlTemplate":"https:\/\/xenonkungen.com\/?s={search_term_string}"},"query-input":{"@type":"PropertyValueSpecification","valueRequired":true,"valueName":"search_term_string"}}],"inLanguage":"nl-NL"}]}},"taxonomy_info":{"product_brand":[{"value":117,"label":"Xenonkungen"}],"product_cat":[{"value":3010,"label":"BA9S \/ T4W"},{"value":338,"label":"Diodlampor"}],"pa_faktisk-effekts-forbrukning":[{"value":780,"label":"1,8"}],"pa_fargtemperatur":[{"value":755,"label":"4300K"}],"pa_lampsockel-kontakt":[{"value":781,"label":"BAX9S, H6W"}],"pa_storlek-mm":[{"value":779,"label":"28x12"}],"pa_stromforbrukning":[{"value":767,"label":"0,1A@12V"}],"pa_volt-v":[{"value":159,"label":"12"}]},"featured_image_src_large":["https:\/\/xenonkungen.com\/wp-content\/uploads\/2025\/04\/175839813-origpic-bbdd4e.png",1000,1000,false],"author_info":[],"comment_info":0,"_links":{"self":[{"href":"https:\/\/xenonkungen.com\/nl\/wp-json\/wp\/v2\/product\/2322","targetHints":{"allow":["GET"]}}],"collection":[{"href":"https:\/\/xenonkungen.com\/nl\/wp-json\/wp\/v2\/product"}],"about":[{"href":"https:\/\/xenonkungen.com\/nl\/wp-json\/wp\/v2\/types\/product"}],"replies":[{"embeddable":true,"href":"https:\/\/xenonkungen.com\/nl\/wp-json\/wp\/v2\/comments?post=2322"}],"wp:featuredmedia":[{"embeddable":true,"href":"https:\/\/xenonkungen.com\/nl\/wp-json\/wp\/v2\/media\/2323"}],"wp:attachment":[{"href":"https:\/\/xenonkungen.com\/nl\/wp-json\/wp\/v2\/media?parent=2322"}],"wp:term":[{"taxonomy":"anvandningsomrade","embeddable":true,"href":"https:\/\/xenonkungen.com\/nl\/wp-json\/wp\/v2\/anvandningsomrade?post=2322"},{"taxonomy":"bilmarken","embeddable":true,"href":"https:\/\/xenonkungen.com\/nl\/wp-json\/wp\/v2\/bilmarken?post=2322"},{"taxonomy":"product_brand","embeddable":true,"href":"https:\/\/xenonkungen.com\/nl\/wp-json\/wp\/v2\/product_brand?post=2322"},{"taxonomy":"product_cat","embeddable":true,"href":"https:\/\/xenonkungen.com\/nl\/wp-json\/wp\/v2\/product_cat?post=2322"},{"taxonomy":"product_tag","embeddable":true,"href":"https:\/\/xenonkungen.com\/nl\/wp-json\/wp\/v2\/product_tag?post=2322"}],"curies":[{"name":"wp","href":"https:\/\/api.w.org\/{rel}","templated":true}]}}