{"id":2370,"date":"2025-04-15T08:36:31","date_gmt":"2025-04-15T08:36:31","guid":{"rendered":"https:\/\/xenonkungen.com\/product\/xk-ballast-osing-45w-v1\/"},"modified":"2026-05-08T13:15:57","modified_gmt":"2026-05-08T12:15:57","slug":"xk-ballast-osing-45w-v1","status":"publish","type":"product","link":"https:\/\/xenonkungen.com\/nl\/product\/xk-ballast-osing-45w-v1\/","title":{"rendered":"XK Voorschakelapparaat Osing 45W v1"},"content":{"rendered":"<p>Aftermarket xenon ballast volgens het model Osram ter vervanging van auto-\/extra verlichting\/werklampen die zijn uitgerust met een vergelijkbaar model van het merk Osram Xenaelectron XT5, 12V.<\/p>\n<p>Onze ballast heeft een vermogen van 45 W, vergeleken met de originele 35 W. Dit resulteert in een helderdere koplamp bij gebruik van 35 W standaard D1S\/D2S xenonlampen.<\/p>\n<p>Het hogere vermogen verkort de levensduur van de 35W lamp met ongeveer 10-20%.<\/p>\n<p>Past op meerdere modellen Bla. <\/p>\n<p><strong>Ontwijk Viper<\/strong><br \/>2006-2007<\/p>\n<p><strong>2 jaar garantie.<\/strong><\/p>\n<p><strong>Goed om te weten<\/strong><br \/>Dit type replica van originele producten is op de markt verkrijgbaar. Het meest gemeenschappelijke kenmerk van originelen en kopie\u00ebn is de buitenste behuizing. Wat hen onderscheidt zijn de onderdelen, de programmering en de kwaliteit.<br \/>En dit geldt ook tussen verschillende fabrikanten van replica's.<br \/>Hoewel het origineel volledig functioneel is voor alle vermelde voertuigen, kunnen sommige kopie\u00ebn beperkt zijn in functionaliteit voor individuele merken of modellen, afhankelijk van onder andere de technische kennis en ambitie van de fabrikant.<br \/>Onze XK ballasten zijn duurder in aanschaf en daarom over het algemeen beter dan goedkopere alternatieven - die overigens ook hoger geprijsd kunnen zijn door concurrenten.<\/p>","protected":false},"excerpt":{"rendered":"<p>Hoog vermogen aftermarket voorschakelapparaat ter vervanging van vergelijkbaar 12V Osram-model. <b>Originele vervanging<\/b> <b>Hoge kwaliteit<\/b> <b>Past op veel verschillende automodellen<\/b> <b>2 jaar garantie<\/b><\/p>","protected":false},"featured_media":2371,"comment_status":"closed","ping_status":"open","template":"","meta":{"_acf_changed":false,"_smort_price_nok":"774","_smort_price_dkk":"492","_smort_price_eur":"65.91","_smort_sale_price_nok":"","_smort_sale_price_dkk":"","_smort_sale_price_eur":"49.43","smort_restorder":"","shipmondo_restorder":"","_kad_blocks_custom_css":"","_kad_blocks_head_custom_js":"","_kad_blocks_body_custom_js":"","_kad_blocks_footer_custom_js":"","smort_custom_pricelist_1":"406","smort_custom_pricelist_2":"406","smort_custom_pricelist_3":"385.7","smort_custom_pricelist_4":"580","smort_custom_pricelist_5":"406"},"anvandningsomrade":[],"bilmarken":[],"product_brand":[117],"product_cat":[2484,2485,789,733],"product_tag":[],"class_list":{"0":"post-2370","1":"product","2":"type-product","3":"status-publish","4":"has-post-thumbnail","6":"product_brand-xenonkungen","7":"product_cat-ballast-halvljus-helljus","8":"product_cat-xenonkonventering","9":"product_cat-ballast","10":"product_cat-halvljus-helljus","11":"pa_volt-v-159","13":"first","14":"instock","15":"taxable","16":"shipping-taxable","17":"purchasable","18":"product-type-simple"},"bundled_by":[],"bundle_stock_status":"instock","bundle_stock_quantity":38,"bundle_virtual":false,"bundle_layout":"","bundle_add_to_cart_form_location":"","bundle_editable_in_cart":false,"bundle_sold_individually_context":"","bundle_item_grouping":"","bundle_min_size":"","bundle_max_size":"","bundle_price":[],"bundled_items":[],"bundle_sell_ids":[],"acf":[],"yoast_head":"<!-- This site is optimized with the Yoast SEO plugin v27.0 - https:\/\/yoast.com\/product\/yoast-seo-wordpress\/ -->\n<title>XK Ballast Osing 45W v1 - Xenonkungen<\/title>\n<meta name=\"robots\" content=\"index, follow, max-snippet:-1, max-image-preview:large, max-video-preview:-1\" \/>\n<link rel=\"canonical\" href=\"https:\/\/xenonkungen.com\/nl\/product\/xk-ballast-osing-45w-v1\/\" \/>\n<meta property=\"og:locale\" content=\"nl_NL\" \/>\n<meta property=\"og:type\" content=\"article\" \/>\n<meta property=\"og:title\" content=\"XK Ballast Osing 45W v1 - Xenonkungen\" \/>\n<meta property=\"og:description\" content=\"Eftermarknadsballast med h\u00f6gre effekt som ers\u00e4tter liknande 12V Osram modell. Orginalers\u00e4ttning H\u00f6g kvalitet Passar m\u00e5nga olika bilmodeller 2 \u00e5rs garanti\" \/>\n<meta property=\"og:url\" content=\"https:\/\/xenonkungen.com\/nl\/product\/xk-ballast-osing-45w-v1\/\" \/>\n<meta property=\"og:site_name\" content=\"Xenonkungen\" \/>\n<meta property=\"article:modified_time\" content=\"2026-05-08T12:15:57+00:00\" \/>\n<meta property=\"og:image\" content=\"https:\/\/xenonkungen.com\/wp-content\/uploads\/2025\/04\/145111066-origpic-2c9db2.png\" \/>\n\t<meta property=\"og:image:width\" content=\"1000\" \/>\n\t<meta property=\"og:image:height\" content=\"1000\" \/>\n\t<meta property=\"og:image:type\" content=\"image\/png\" \/>\n<meta name=\"twitter:card\" content=\"summary_large_image\" \/>\n<meta name=\"twitter:label1\" content=\"Geschatte leestijd\" \/>\n\t<meta name=\"twitter:data1\" content=\"1 minuut\" \/>\n<script type=\"application\/ld+json\" class=\"yoast-schema-graph\">{\"@context\":\"https:\/\/schema.org\",\"@graph\":[{\"@type\":\"WebPage\",\"@id\":\"https:\/\/xenonkungen.com\/nl\/product\/xk-ballast-osing-45w-v1\/\",\"url\":\"https:\/\/xenonkungen.com\/nl\/product\/xk-ballast-osing-45w-v1\/\",\"name\":\"XK Ballast Osing 45W v1 - Xenonkungen\",\"isPartOf\":{\"@id\":\"https:\/\/xenonkungen.com\/#website\"},\"primaryImageOfPage\":{\"@id\":\"https:\/\/xenonkungen.com\/nl\/product\/xk-ballast-osing-45w-v1\/#primaryimage\"},\"image\":{\"@id\":\"https:\/\/xenonkungen.com\/nl\/product\/xk-ballast-osing-45w-v1\/#primaryimage\"},\"thumbnailUrl\":\"https:\/\/xenonkungen.com\/wp-content\/uploads\/2025\/04\/145111066-origpic-2c9db2.png\",\"datePublished\":\"2025-04-15T08:36:31+00:00\",\"dateModified\":\"2026-05-08T12:15:57+00:00\",\"breadcrumb\":{\"@id\":\"https:\/\/xenonkungen.com\/nl\/product\/xk-ballast-osing-45w-v1\/#breadcrumb\"},\"inLanguage\":\"nl-NL\",\"potentialAction\":[{\"@type\":\"ReadAction\",\"target\":[\"https:\/\/xenonkungen.com\/nl\/product\/xk-ballast-osing-45w-v1\/\"]}]},{\"@type\":\"ImageObject\",\"inLanguage\":\"nl-NL\",\"@id\":\"https:\/\/xenonkungen.com\/nl\/product\/xk-ballast-osing-45w-v1\/#primaryimage\",\"url\":\"https:\/\/xenonkungen.com\/wp-content\/uploads\/2025\/04\/145111066-origpic-2c9db2.png\",\"contentUrl\":\"https:\/\/xenonkungen.com\/wp-content\/uploads\/2025\/04\/145111066-origpic-2c9db2.png\",\"width\":1000,\"height\":1000},{\"@type\":\"BreadcrumbList\",\"@id\":\"https:\/\/xenonkungen.com\/nl\/product\/xk-ballast-osing-45w-v1\/#breadcrumb\",\"itemListElement\":[{\"@type\":\"ListItem\",\"position\":1,\"name\":\"Hem\",\"item\":\"https:\/\/xenonkungen.com\/\"},{\"@type\":\"ListItem\",\"position\":2,\"name\":\"Shop\",\"item\":\"https:\/\/xenonkungen.com\/shop\/\"},{\"@type\":\"ListItem\",\"position\":3,\"name\":\"XK Ballast Osing 45W v1\"}]},{\"@type\":\"WebSite\",\"@id\":\"https:\/\/xenonkungen.com\/#website\",\"url\":\"https:\/\/xenonkungen.com\/\",\"name\":\"Xenonkungen\",\"description\":\"\",\"potentialAction\":[{\"@type\":\"SearchAction\",\"target\":{\"@type\":\"EntryPoint\",\"urlTemplate\":\"https:\/\/xenonkungen.com\/?s={search_term_string}\"},\"query-input\":{\"@type\":\"PropertyValueSpecification\",\"valueRequired\":true,\"valueName\":\"search_term_string\"}}],\"inLanguage\":\"nl-NL\"}]}<\/script>\n<!-- \/ Yoast SEO plugin. -->","yoast_head_json":{"title":"XK Ballast Osing 45W v1 - De Xenon Koning","robots":{"index":"index","follow":"follow","max-snippet":"max-snippet:-1","max-image-preview":"max-image-preview:large","max-video-preview":"max-video-preview:-1"},"canonical":"https:\/\/xenonkungen.com\/nl\/product\/xk-ballast-osing-45w-v1\/","og_locale":"nl_NL","og_type":"article","og_title":"XK Ballast Osing 45W v1 - Xenonkungen","og_description":"Eftermarknadsballast med h\u00f6gre effekt som ers\u00e4tter liknande 12V Osram modell. Orginalers\u00e4ttning H\u00f6g kvalitet Passar m\u00e5nga olika bilmodeller 2 \u00e5rs garanti","og_url":"https:\/\/xenonkungen.com\/nl\/product\/xk-ballast-osing-45w-v1\/","og_site_name":"Xenonkungen","article_modified_time":"2026-05-08T12:15:57+00:00","og_image":[{"width":1000,"height":1000,"url":"https:\/\/xenonkungen.com\/wp-content\/uploads\/2025\/04\/145111066-origpic-2c9db2.png","type":"image\/png"}],"twitter_card":"summary_large_image","twitter_misc":{"Geschatte leestijd":"1 minuut"},"schema":{"@context":"https:\/\/schema.org","@graph":[{"@type":"WebPage","@id":"https:\/\/xenonkungen.com\/nl\/product\/xk-ballast-osing-45w-v1\/","url":"https:\/\/xenonkungen.com\/nl\/product\/xk-ballast-osing-45w-v1\/","name":"XK Ballast Osing 45W v1 - De Xenon Koning","isPartOf":{"@id":"https:\/\/xenonkungen.com\/#website"},"primaryImageOfPage":{"@id":"https:\/\/xenonkungen.com\/nl\/product\/xk-ballast-osing-45w-v1\/#primaryimage"},"image":{"@id":"https:\/\/xenonkungen.com\/nl\/product\/xk-ballast-osing-45w-v1\/#primaryimage"},"thumbnailUrl":"https:\/\/xenonkungen.com\/wp-content\/uploads\/2025\/04\/145111066-origpic-2c9db2.png","datePublished":"2025-04-15T08:36:31+00:00","dateModified":"2026-05-08T12:15:57+00:00","breadcrumb":{"@id":"https:\/\/xenonkungen.com\/nl\/product\/xk-ballast-osing-45w-v1\/#breadcrumb"},"inLanguage":"nl-NL","potentialAction":[{"@type":"ReadAction","target":["https:\/\/xenonkungen.com\/nl\/product\/xk-ballast-osing-45w-v1\/"]}]},{"@type":"ImageObject","inLanguage":"nl-NL","@id":"https:\/\/xenonkungen.com\/nl\/product\/xk-ballast-osing-45w-v1\/#primaryimage","url":"https:\/\/xenonkungen.com\/wp-content\/uploads\/2025\/04\/145111066-origpic-2c9db2.png","contentUrl":"https:\/\/xenonkungen.com\/wp-content\/uploads\/2025\/04\/145111066-origpic-2c9db2.png","width":1000,"height":1000},{"@type":"BreadcrumbList","@id":"https:\/\/xenonkungen.com\/nl\/product\/xk-ballast-osing-45w-v1\/#breadcrumb","itemListElement":[{"@type":"ListItem","position":1,"name":"Hem","item":"https:\/\/xenonkungen.com\/"},{"@type":"ListItem","position":2,"name":"Shop","item":"https:\/\/xenonkungen.com\/shop\/"},{"@type":"ListItem","position":3,"name":"XK Ballast Osing 45W v1"}]},{"@type":"WebSite","@id":"https:\/\/xenonkungen.com\/#website","url":"https:\/\/xenonkungen.com\/","name":"Xenonkungen","description":"","potentialAction":[{"@type":"SearchAction","target":{"@type":"EntryPoint","urlTemplate":"https:\/\/xenonkungen.com\/?s={search_term_string}"},"query-input":{"@type":"PropertyValueSpecification","valueRequired":true,"valueName":"search_term_string"}}],"inLanguage":"nl-NL"}]}},"taxonomy_info":{"product_brand":[{"value":117,"label":"Xenonkungen"}],"product_cat":[{"value":2484,"label":"Ballast"},{"value":2485,"label":"Xenonkonvertering"},{"value":789,"label":"Ballast"},{"value":733,"label":"Halvljus \/ Helljus"}],"pa_volt-v":[{"value":159,"label":"12"}]},"featured_image_src_large":["https:\/\/xenonkungen.com\/wp-content\/uploads\/2025\/04\/145111066-origpic-2c9db2.png",1000,1000,false],"author_info":[],"comment_info":0,"_links":{"self":[{"href":"https:\/\/xenonkungen.com\/nl\/wp-json\/wp\/v2\/product\/2370","targetHints":{"allow":["GET"]}}],"collection":[{"href":"https:\/\/xenonkungen.com\/nl\/wp-json\/wp\/v2\/product"}],"about":[{"href":"https:\/\/xenonkungen.com\/nl\/wp-json\/wp\/v2\/types\/product"}],"replies":[{"embeddable":true,"href":"https:\/\/xenonkungen.com\/nl\/wp-json\/wp\/v2\/comments?post=2370"}],"wp:featuredmedia":[{"embeddable":true,"href":"https:\/\/xenonkungen.com\/nl\/wp-json\/wp\/v2\/media\/2371"}],"wp:attachment":[{"href":"https:\/\/xenonkungen.com\/nl\/wp-json\/wp\/v2\/media?parent=2370"}],"wp:term":[{"taxonomy":"anvandningsomrade","embeddable":true,"href":"https:\/\/xenonkungen.com\/nl\/wp-json\/wp\/v2\/anvandningsomrade?post=2370"},{"taxonomy":"bilmarken","embeddable":true,"href":"https:\/\/xenonkungen.com\/nl\/wp-json\/wp\/v2\/bilmarken?post=2370"},{"taxonomy":"product_brand","embeddable":true,"href":"https:\/\/xenonkungen.com\/nl\/wp-json\/wp\/v2\/product_brand?post=2370"},{"taxonomy":"product_cat","embeddable":true,"href":"https:\/\/xenonkungen.com\/nl\/wp-json\/wp\/v2\/product_cat?post=2370"},{"taxonomy":"product_tag","embeddable":true,"href":"https:\/\/xenonkungen.com\/nl\/wp-json\/wp\/v2\/product_tag?post=2370"}],"curies":[{"name":"wp","href":"https:\/\/api.w.org\/{rel}","templated":true}]}}