{"id":2434,"date":"2025-04-15T08:37:18","date_gmt":"2025-04-15T08:37:18","guid":{"rendered":"https:\/\/xenonkungen.com\/product\/xk-ballast-velarc-6g\/"},"modified":"2026-05-11T12:13:16","modified_gmt":"2026-05-11T11:13:16","slug":"xk-ballast-velarc-6g","status":"publish","type":"product","link":"https:\/\/xenonkungen.com\/nl\/product\/xk-ballast-velarc-6g\/","title":{"rendered":"XK voorschakelapparaat Velarc 6G"},"content":{"rendered":"<p>Aftermarket xenon ballast volgens het model Valeo die auto&#039;s vervangt die zijn uitgerust met een vergelijkbaar model van het merk Valeo Velarc 6G.<br \/>12 VDC.<\/p>\n<p>In het originele ontwerp is dit artikel te vinden in de volgende auto&#039;s\/modellen:<\/p>\n<p><strong>Audi<\/strong> Q7 2006-2009<\/p>\n<p><strong>BMW<\/strong> 1 Serie 2007-2012<\/p>\n<p><strong>Buick<\/strong> Enclave 2008-2012<\/p>\n<p><strong>Citro\u00ebn<\/strong> DS5 2011-2018<\/p>\n<p><strong>Slimmigheidje<\/strong> Durango 2011-2013<\/p>\n<p><strong>Ferrari<\/strong> 458 Itali\u00eb 2010-2014<br \/><strong>Ferrari<\/strong> FF 2011-2016<br \/><strong>Ferrari<\/strong> 599 GTB 2006-2012<\/p>\n<p><strong>GMC<\/strong> Acadia 2007-2012<\/p>\n<p><strong>Citro\u00ebn<\/strong> C4 2005-2010<br \/><strong>Citro\u00ebn <\/strong>C5 2008-2019<\/p>\n<p><strong>Jaguar<\/strong> XJ 2009-2019<\/p>\n<p><strong>Jeep<\/strong> <br \/>Grand Cherokee WK STR-8 2005-2010<br \/>Grand Cherokee WK2 2011-2013<\/p>\n<p><strong> Land Rover Range Rover<\/strong><br \/>Sport 2010-2012<br \/>Ontdekking 4 2019-2014<br \/>Range Rover Sport 2013-2014<\/p>\n<p><strong>Opel<\/strong> Vectra C<\/p>\n<p><strong>Peugeot<\/strong> 5008 <br \/><strong>Peugeot<\/strong> 3008 2009-2012<br \/><strong>Peugeot<\/strong> 508<\/p>\n<p><strong>Renault<br \/><\/strong>Clio III Facelift 2009-2012<br \/>Ruimte 2006-2010<br \/>Laguna MK3 III 2007-2012<br \/>M\u00e9gane III 2008-2012<\/p>\n<p><strong>SEAT<\/strong> Ibiza MK4 2008-2012<br \/><strong>SEAT<\/strong> Leon II 2009-2012<br \/><strong>SEAT<\/strong> Altea 2004-2012<br \/><strong>SEAT<\/strong> Toledo MK3 2008-2012<\/p>\n<p><strong>Volvo<\/strong> XC90 2008-2016<br \/><strong>Volvo<\/strong> S60 2010-2011<\/p>\n<p><strong>Volkswagen<\/strong> Passat 2006-2010<br \/><strong>Volkswagen<\/strong> Passat R36<br \/><strong>Volkswagen<\/strong> Scirocco III 2008-2012<br \/><strong>Volkswagen<\/strong> Eos 2006-2012<\/p>\n<p>Er is geen garantie dat deze lijst correct is voor een specifiek voertuig. Vergelijk de te vervangen ballast met de productafbeelding of het OEM-onderdeelnummer:<\/p>\n<p>Alfa Romeo <br \/>Audi 4L0 907 391 \u2013 4L0907391<br \/>BMW 63 11 7 180 050 \u2013 63117180050<br \/>Citro\u00ebn 6224.L8<br \/>Opel 93186542<br \/>Peugeot 6224.L8<br \/>Renault 7701208945<br \/>Stoel 4L0 907 391 \u2013 4L0907391<br \/>Skoda 4L0 907 391 \u2013 4L0907391<br \/>Volvo 35676ALSI42 30784923<br \/>VW 4L0 907 391 \u2013 4L0907391<\/p>\n<p>Geen origineel Valeo-product.<\/p>\n<p><strong>2 jaar garantie<\/strong><\/p>\n<p><strong>Goed om te weten<\/strong><br \/>Dit type replica van originele producten is op de markt verkrijgbaar. Het meest gemeenschappelijke kenmerk van originelen en kopie\u00ebn is de buitenste behuizing. Wat hen onderscheidt zijn de onderdelen, de programmering en de kwaliteit.<br \/>En dit geldt ook tussen verschillende fabrikanten van replica's.<br \/>Hoewel het origineel volledig functioneel is voor alle vermelde voertuigen, kunnen sommige kopie\u00ebn beperkt zijn in functionaliteit voor individuele merken of modellen, afhankelijk van onder andere de technische kennis en ambitie van de fabrikant.<br \/>Onze XK ballasten zijn duurder in aanschaf en daarom over het algemeen beter dan goedkopere alternatieven - die overigens ook hoger geprijsd kunnen zijn door concurrenten.<\/p>","protected":false},"excerpt":{"rendered":"<p><b>Originele vervanging<\/b> <b>Hoge kwaliteit<\/b> <b>Past op veel verschillende automodellen<\/b> <b>2 jaar garantie<\/b><\/p>","protected":false},"featured_media":2435,"comment_status":"closed","ping_status":"open","template":"","meta":{"_acf_changed":false,"_smort_price_nok":"849","_smort_price_dkk":"539","_smort_price_eur":"72.27","_smort_sale_price_nok":"","_smort_sale_price_dkk":"","_smort_sale_price_eur":"","smort_restorder":"","shipmondo_restorder":"","_kad_blocks_custom_css":"","_kad_blocks_head_custom_js":"","_kad_blocks_body_custom_js":"","_kad_blocks_footer_custom_js":"","smort_custom_pricelist_1":"445.2","smort_custom_pricelist_2":"445.2","smort_custom_pricelist_3":"422.94","smort_custom_pricelist_4":"636","smort_custom_pricelist_5":"445.2"},"anvandningsomrade":[],"bilmarken":[],"product_brand":[117],"product_cat":[2484,2485,789,733],"product_tag":[],"class_list":{"0":"post-2434","1":"product","2":"type-product","3":"status-publish","4":"has-post-thumbnail","6":"product_brand-xenonkungen","7":"product_cat-ballast-halvljus-helljus","8":"product_cat-xenonkonventering","9":"product_cat-ballast","10":"product_cat-halvljus-helljus","11":"pa_volt-v-159","13":"first","14":"instock","15":"taxable","16":"shipping-taxable","17":"purchasable","18":"product-type-simple"},"bundled_by":[],"bundle_stock_status":"instock","bundle_stock_quantity":111,"bundle_virtual":false,"bundle_layout":"","bundle_add_to_cart_form_location":"","bundle_editable_in_cart":false,"bundle_sold_individually_context":"","bundle_item_grouping":"","bundle_min_size":"","bundle_max_size":"","bundle_price":[],"bundled_items":[],"bundle_sell_ids":[],"acf":[],"yoast_head":"<!-- This site is optimized with the Yoast SEO plugin v27.0 - https:\/\/yoast.com\/product\/yoast-seo-wordpress\/ -->\n<title>XK Ballast Velarc 6G - Xenonkungen<\/title>\n<meta name=\"robots\" content=\"index, follow, max-snippet:-1, max-image-preview:large, max-video-preview:-1\" \/>\n<link rel=\"canonical\" href=\"https:\/\/xenonkungen.com\/nl\/product\/xk-ballast-velarc-6g\/\" \/>\n<meta property=\"og:locale\" content=\"nl_NL\" \/>\n<meta property=\"og:type\" content=\"article\" \/>\n<meta property=\"og:title\" content=\"XK Ballast Velarc 6G - Xenonkungen\" \/>\n<meta property=\"og:description\" content=\"Orginalers\u00e4ttning H\u00f6g kvalitet Passar m\u00e5nga olika bilmodeller 2 \u00e5rs garanti\" \/>\n<meta property=\"og:url\" content=\"https:\/\/xenonkungen.com\/nl\/product\/xk-ballast-velarc-6g\/\" \/>\n<meta property=\"og:site_name\" content=\"Xenonkungen\" \/>\n<meta property=\"article:modified_time\" content=\"2026-05-11T11:13:16+00:00\" \/>\n<meta property=\"og:image\" content=\"https:\/\/xenonkungen.com\/wp-content\/uploads\/2025\/04\/77751443-origpic-79b59e.png\" \/>\n\t<meta property=\"og:image:width\" content=\"1000\" \/>\n\t<meta property=\"og:image:height\" content=\"1000\" \/>\n\t<meta property=\"og:image:type\" content=\"image\/png\" \/>\n<meta name=\"twitter:card\" content=\"summary_large_image\" \/>\n<meta name=\"twitter:label1\" content=\"Geschatte leestijd\" \/>\n\t<meta name=\"twitter:data1\" content=\"2 minuten\" \/>\n<script type=\"application\/ld+json\" class=\"yoast-schema-graph\">{\"@context\":\"https:\/\/schema.org\",\"@graph\":[{\"@type\":\"WebPage\",\"@id\":\"https:\/\/xenonkungen.com\/es\/producto\/lastre-xk-velarc-6g\/\",\"url\":\"https:\/\/xenonkungen.com\/es\/producto\/lastre-xk-velarc-6g\/\",\"name\":\"XK Ballast Velarc 6G - Xenonkungen\",\"isPartOf\":{\"@id\":\"https:\/\/xenonkungen.com\/#website\"},\"primaryImageOfPage\":{\"@id\":\"https:\/\/xenonkungen.com\/es\/producto\/lastre-xk-velarc-6g\/#primaryimage\"},\"image\":{\"@id\":\"https:\/\/xenonkungen.com\/es\/producto\/lastre-xk-velarc-6g\/#primaryimage\"},\"thumbnailUrl\":\"https:\/\/xenonkungen.com\/wp-content\/uploads\/2025\/04\/77751443-origpic-79b59e.png\",\"datePublished\":\"2025-04-15T08:37:18+00:00\",\"dateModified\":\"2026-05-11T11:13:16+00:00\",\"breadcrumb\":{\"@id\":\"https:\/\/xenonkungen.com\/es\/producto\/lastre-xk-velarc-6g\/#breadcrumb\"},\"inLanguage\":\"nl-NL\",\"potentialAction\":[{\"@type\":\"ReadAction\",\"target\":[\"https:\/\/xenonkungen.com\/es\/producto\/lastre-xk-velarc-6g\/\"]}]},{\"@type\":\"ImageObject\",\"inLanguage\":\"nl-NL\",\"@id\":\"https:\/\/xenonkungen.com\/es\/producto\/lastre-xk-velarc-6g\/#primaryimage\",\"url\":\"https:\/\/xenonkungen.com\/wp-content\/uploads\/2025\/04\/77751443-origpic-79b59e.png\",\"contentUrl\":\"https:\/\/xenonkungen.com\/wp-content\/uploads\/2025\/04\/77751443-origpic-79b59e.png\",\"width\":1000,\"height\":1000},{\"@type\":\"BreadcrumbList\",\"@id\":\"https:\/\/xenonkungen.com\/es\/producto\/lastre-xk-velarc-6g\/#breadcrumb\",\"itemListElement\":[{\"@type\":\"ListItem\",\"position\":1,\"name\":\"Hem\",\"item\":\"https:\/\/xenonkungen.com\/\"},{\"@type\":\"ListItem\",\"position\":2,\"name\":\"Shop\",\"item\":\"https:\/\/xenonkungen.com\/shop\/\"},{\"@type\":\"ListItem\",\"position\":3,\"name\":\"XK Ballast Velarc 6G\"}]},{\"@type\":\"WebSite\",\"@id\":\"https:\/\/xenonkungen.com\/#website\",\"url\":\"https:\/\/xenonkungen.com\/\",\"name\":\"Xenonkungen\",\"description\":\"\",\"potentialAction\":[{\"@type\":\"SearchAction\",\"target\":{\"@type\":\"EntryPoint\",\"urlTemplate\":\"https:\/\/xenonkungen.com\/?s={search_term_string}\"},\"query-input\":{\"@type\":\"PropertyValueSpecification\",\"valueRequired\":true,\"valueName\":\"search_term_string\"}}],\"inLanguage\":\"nl-NL\"}]}<\/script>\n<!-- \/ Yoast SEO plugin. -->","yoast_head_json":{"title":"XK Ballast Velarc 6G - De Xenon-koning","robots":{"index":"index","follow":"follow","max-snippet":"max-snippet:-1","max-image-preview":"max-image-preview:large","max-video-preview":"max-video-preview:-1"},"canonical":"https:\/\/xenonkungen.com\/nl\/product\/xk-ballast-velarc-6g\/","og_locale":"nl_NL","og_type":"article","og_title":"XK Ballast Velarc 6G - Xenonkungen","og_description":"Orginalers\u00e4ttning H\u00f6g kvalitet Passar m\u00e5nga olika bilmodeller 2 \u00e5rs garanti","og_url":"https:\/\/xenonkungen.com\/nl\/product\/xk-ballast-velarc-6g\/","og_site_name":"Xenonkungen","article_modified_time":"2026-05-11T11:13:16+00:00","og_image":[{"width":1000,"height":1000,"url":"https:\/\/xenonkungen.com\/wp-content\/uploads\/2025\/04\/77751443-origpic-79b59e.png","type":"image\/png"}],"twitter_card":"summary_large_image","twitter_misc":{"Geschatte leestijd":"2 minuten"},"schema":{"@context":"https:\/\/schema.org","@graph":[{"@type":"WebPage","@id":"https:\/\/xenonkungen.com\/es\/producto\/lastre-xk-velarc-6g\/","url":"https:\/\/xenonkungen.com\/es\/producto\/lastre-xk-velarc-6g\/","name":"XK Ballast Velarc 6G - De Xenon-koning","isPartOf":{"@id":"https:\/\/xenonkungen.com\/#website"},"primaryImageOfPage":{"@id":"https:\/\/xenonkungen.com\/es\/producto\/lastre-xk-velarc-6g\/#primaryimage"},"image":{"@id":"https:\/\/xenonkungen.com\/es\/producto\/lastre-xk-velarc-6g\/#primaryimage"},"thumbnailUrl":"https:\/\/xenonkungen.com\/wp-content\/uploads\/2025\/04\/77751443-origpic-79b59e.png","datePublished":"2025-04-15T08:37:18+00:00","dateModified":"2026-05-11T11:13:16+00:00","breadcrumb":{"@id":"https:\/\/xenonkungen.com\/es\/producto\/lastre-xk-velarc-6g\/#breadcrumb"},"inLanguage":"nl-NL","potentialAction":[{"@type":"ReadAction","target":["https:\/\/xenonkungen.com\/es\/producto\/lastre-xk-velarc-6g\/"]}]},{"@type":"ImageObject","inLanguage":"nl-NL","@id":"https:\/\/xenonkungen.com\/es\/producto\/lastre-xk-velarc-6g\/#primaryimage","url":"https:\/\/xenonkungen.com\/wp-content\/uploads\/2025\/04\/77751443-origpic-79b59e.png","contentUrl":"https:\/\/xenonkungen.com\/wp-content\/uploads\/2025\/04\/77751443-origpic-79b59e.png","width":1000,"height":1000},{"@type":"BreadcrumbList","@id":"https:\/\/xenonkungen.com\/es\/producto\/lastre-xk-velarc-6g\/#breadcrumb","itemListElement":[{"@type":"ListItem","position":1,"name":"Hem","item":"https:\/\/xenonkungen.com\/"},{"@type":"ListItem","position":2,"name":"Shop","item":"https:\/\/xenonkungen.com\/shop\/"},{"@type":"ListItem","position":3,"name":"XK Ballast Velarc 6G"}]},{"@type":"WebSite","@id":"https:\/\/xenonkungen.com\/#website","url":"https:\/\/xenonkungen.com\/","name":"Xenonkungen","description":"","potentialAction":[{"@type":"SearchAction","target":{"@type":"EntryPoint","urlTemplate":"https:\/\/xenonkungen.com\/?s={search_term_string}"},"query-input":{"@type":"PropertyValueSpecification","valueRequired":true,"valueName":"search_term_string"}}],"inLanguage":"nl-NL"}]}},"taxonomy_info":{"product_brand":[{"value":117,"label":"Xenonkungen"}],"product_cat":[{"value":2484,"label":"Ballast"},{"value":2485,"label":"Xenonkonvertering"},{"value":789,"label":"Ballast"},{"value":733,"label":"Halvljus \/ Helljus"}],"pa_volt-v":[{"value":159,"label":"12"}]},"featured_image_src_large":["https:\/\/xenonkungen.com\/wp-content\/uploads\/2025\/04\/77751443-origpic-79b59e.png",1000,1000,false],"author_info":[],"comment_info":1,"_links":{"self":[{"href":"https:\/\/xenonkungen.com\/nl\/wp-json\/wp\/v2\/product\/2434","targetHints":{"allow":["GET"]}}],"collection":[{"href":"https:\/\/xenonkungen.com\/nl\/wp-json\/wp\/v2\/product"}],"about":[{"href":"https:\/\/xenonkungen.com\/nl\/wp-json\/wp\/v2\/types\/product"}],"replies":[{"embeddable":true,"href":"https:\/\/xenonkungen.com\/nl\/wp-json\/wp\/v2\/comments?post=2434"}],"wp:featuredmedia":[{"embeddable":true,"href":"https:\/\/xenonkungen.com\/nl\/wp-json\/wp\/v2\/media\/2435"}],"wp:attachment":[{"href":"https:\/\/xenonkungen.com\/nl\/wp-json\/wp\/v2\/media?parent=2434"}],"wp:term":[{"taxonomy":"anvandningsomrade","embeddable":true,"href":"https:\/\/xenonkungen.com\/nl\/wp-json\/wp\/v2\/anvandningsomrade?post=2434"},{"taxonomy":"bilmarken","embeddable":true,"href":"https:\/\/xenonkungen.com\/nl\/wp-json\/wp\/v2\/bilmarken?post=2434"},{"taxonomy":"product_brand","embeddable":true,"href":"https:\/\/xenonkungen.com\/nl\/wp-json\/wp\/v2\/product_brand?post=2434"},{"taxonomy":"product_cat","embeddable":true,"href":"https:\/\/xenonkungen.com\/nl\/wp-json\/wp\/v2\/product_cat?post=2434"},{"taxonomy":"product_tag","embeddable":true,"href":"https:\/\/xenonkungen.com\/nl\/wp-json\/wp\/v2\/product_tag?post=2434"}],"curies":[{"name":"wp","href":"https:\/\/api.w.org\/{rel}","templated":true}]}}