{"id":24493,"date":"2026-01-12T09:20:16","date_gmt":"2026-01-12T08:20:16","guid":{"rendered":"https:\/\/xenonkungen.com\/?post_type=product&#038;p=24493"},"modified":"2026-04-17T12:09:49","modified_gmt":"2026-04-17T11:09:49","slug":"osram-roadflare-v16-iot","status":"publish","type":"product","link":"https:\/\/xenonkungen.com\/nl\/product\/osram-roadflare-v16-iot\/","title":{"rendered":"Osram Roadflare V16 IoT"},"content":{"rendered":"<h3><b>Over het product<\/b><\/h3>\n<p class=\"p3\">Van <span class=\"s2\">1 januari 2026<\/span> Het V16-waarschuwingslicht is verplicht in Spanje. Het vervangt de klassieke gevarendriehoek en stelt je in staat andere weggebruikers te waarschuwen. <span class=\"s2\">zonder dat u het voertuig hoeft te verlaten.<\/span>.<\/p>\n<p class=\"p3\">Deze V16 IoT-lamp is <span class=\"s2\">DGT 3.0 gecertificeerd<\/span> en rechtstreeks verbonden met het offici\u00eble verkeerssysteem van Spanje. Wanneer het licht wordt geactiveerd, wordt de positie van het voertuig anoniem en in realtime naar de DGT verzonden, wat de veiligheid verhoogt in geval van ongevallen en stilstand.<\/p>\n<p class=\"p3\">De lamp straalt een krachtig licht uit. <span class=\"s2\">360\u00b0 knipperend geel licht<\/span>, zichtbaar tot <span class=\"s2\">1.000 meter<\/span>en is ontworpen om te functioneren onder barre weersomstandigheden zoals regen, sneeuw en mist.<\/p>\n<h3><b>Belangrijke kenmerken<\/b><\/h3>\n<ul>\n<li>\n<p class=\"p1\">Verplicht in Spanje vanaf 1 januari 2026<\/p>\n<\/li>\n<li>\n<p class=\"p1\">Vervangt de waarschuwingsdriehoek<\/p>\n<\/li>\n<li>\n<p class=\"p1\"><b>DGT 3.0 en V16 gecertificeerd<\/b><b><\/b><\/p>\n<\/li>\n<li>\n<p class=\"p1\">Ingebouwde simkaart (aansluiting tot 12 jaar)<\/p>\n<\/li>\n<li>\n<p class=\"p1\">Anonieme gegevensoverdracht naar het DGT 3.0-platform<\/p>\n<\/li>\n<li>\n<p class=\"p1\">Realtime positionering van het voertuig<\/p>\n<\/li>\n<li>\n<p class=\"p1\">360\u00b0 knipperend waarschuwingslicht (oranje)<\/p>\n<\/li>\n<li>\n<p class=\"p1\">Helderheid: <span class=\"s1\"><b>140 lumen<\/b><b><\/b><\/span><\/p>\n<\/li>\n<li>\n<p class=\"p1\">Bereik: tot <span class=\"s1\"><b>1.000 m<\/b><b><\/b><\/span><\/p>\n<\/li>\n<li>\n<p class=\"p1\">Lichte kleur: <span class=\"s1\"><b>1900K<\/b><b><\/b><\/span><\/p>\n<\/li>\n<li>\n<p class=\"p1\">10 krachtige LED&#039;s<\/p>\n<\/li>\n<li>\n<p class=\"p1\">Batterijduur tot <span class=\"s1\"><b>2,5 uur<\/b><b><\/b><\/span><\/p>\n<\/li>\n<li>\n<p class=\"p1\">Batterij-indicator<\/p>\n<\/li>\n<li>\n<p class=\"p1\"><b>Inclusief 1 \u00d7 9V-batterij<\/b><b><\/b><\/p>\n<\/li>\n<li>\n<p class=\"p1\">Magnetische voet voor snelle montage aan het plafond.<\/p>\n<\/li>\n<li>\n<p class=\"p1\">Compact, lichtgewicht en gebruiksvriendelijk.<\/p>\n<\/li>\n<li>\n<p class=\"p1\">Bestand tegen regen, sneeuw en mist.<\/p>\n<\/li>\n<li>\n<p class=\"p1\">CE-gemarkeerd<\/p>\n<\/li>\n<\/ul>\n<h3><b>Gebruiksvoorwaarden en regels<\/b><\/h3>\n<ul>\n<li>\n<p class=\"p1\">Verplicht voor alle bestuurders in Spanje vanaf 2026.<\/p>\n<\/li>\n<li>\n<p class=\"p1\">Dit geldt ook voor bestuurders uit andere landen die in Spanje rijden.<\/p>\n<\/li>\n<li>\n<p class=\"p1\">De bestuurder hoeft bij een ongeval of pech niet uit de auto te stappen.<\/p>\n<\/li>\n<li>\n<p class=\"p1\">De lamp geeft de positie van het voertuig digitaal door aan DGT 3.0.<\/p>\n<\/li>\n<li>\n<p class=\"p1\">Zichtbare waarschuwing tot 1 km<\/p>\n<\/li>\n<li>\n<p class=\"p1\">Vervangt <span class=\"s1\"><b>niet<\/b><\/span> contact opnemen met politie, ambulance of reddingsdiensten<\/p>\n<\/li>\n<\/ul>\n<p class=\"p3\">Houd er rekening mee dat de regelgeving per land kan verschillen. Controleer altijd de lokale wettelijke voorschriften wanneer u buiten Spanje actief bent.<\/p>","protected":false},"excerpt":{"rendered":"<p>Om produkten Fr\u00e5n och med 1 januari 2026 \u00e4r V16-varningslampa obligatorisk i Spanien. Den ers\u00e4tter den klassiska varningstriangeln och g\u00f6r det m\u00f6jligt att varna andra trafikanter utan att du beh\u00f6ver l\u00e4mna fordonet. Denna V16 IoT-lampa \u00e4r DGT 3.0-certifierad och ansluten direkt till Spaniens officiella trafiksystem. N\u00e4r lampan aktiveras skickas fordonets position anonymt och i realtid [&hellip;]<\/p>","protected":false},"featured_media":24844,"comment_status":"open","ping_status":"closed","template":"","meta":{"_acf_changed":false,"_smort_price_nok":"601","_smort_price_dkk":"","_smort_price_eur":"","_smort_sale_price_nok":"601","_smort_sale_price_dkk":"","_smort_sale_price_eur":"","smort_restorder":"","shipmondo_restorder":"","_kad_blocks_custom_css":"","_kad_blocks_head_custom_js":"","_kad_blocks_body_custom_js":"","_kad_blocks_footer_custom_js":"","smort_custom_pricelist_1":"508.8","smort_custom_pricelist_2":"445.2","smort_custom_pricelist_3":"413.4","smort_custom_pricelist_4":"636","smort_custom_pricelist_5":"445.2"},"anvandningsomrade":[],"bilmarken":[],"product_brand":[108],"product_cat":[2587,2579,2554,16,934,1061],"product_tag":[],"class_list":{"0":"post-24493","1":"product","2":"type-product","3":"status-publish","4":"has-post-thumbnail","6":"product_brand-osram","7":"product_cat-blixtljus-varningsljus-varningsljus","8":"product_cat-blixtljus-varningsljus","9":"product_cat-portabla-varningsljus","10":"product_cat-uncategorized","11":"product_cat-blixtljus","12":"product_cat-varningsljus","14":"first","15":"instock","16":"taxable","17":"shipping-taxable","18":"purchasable","19":"product-type-simple"},"bundled_by":[],"bundle_stock_status":"instock","bundle_stock_quantity":10,"bundle_virtual":false,"bundle_layout":"","bundle_add_to_cart_form_location":"","bundle_editable_in_cart":false,"bundle_sold_individually_context":"","bundle_item_grouping":"","bundle_min_size":"","bundle_max_size":"","bundle_price":[],"bundled_items":[],"bundle_sell_ids":[],"acf":[],"yoast_head":"<!-- This site is optimized with the Yoast SEO plugin v27.0 - https:\/\/yoast.com\/product\/yoast-seo-wordpress\/ -->\n<title>Osram Roadflare V16 IOT - Xenonkungen<\/title>\n<meta name=\"robots\" content=\"index, follow, max-snippet:-1, max-image-preview:large, max-video-preview:-1\" \/>\n<link rel=\"canonical\" href=\"https:\/\/xenonkungen.com\/nl\/product\/osram-roadflare-v16-iot\/\" \/>\n<meta property=\"og:locale\" content=\"nl_NL\" \/>\n<meta property=\"og:type\" content=\"article\" \/>\n<meta property=\"og:title\" content=\"Osram Roadflare V16 IOT - Xenonkungen\" \/>\n<meta property=\"og:description\" content=\"Om produkten Fr\u00e5n och med 1 januari 2026 \u00e4r V16-varningslampa obligatorisk i Spanien. Den ers\u00e4tter den klassiska varningstriangeln och g\u00f6r det m\u00f6jligt att varna andra trafikanter utan att du beh\u00f6ver l\u00e4mna fordonet. Denna V16 IoT-lampa \u00e4r DGT 3.0-certifierad och ansluten direkt till Spaniens officiella trafiksystem. N\u00e4r lampan aktiveras skickas fordonets position anonymt och i realtid [&hellip;]\" \/>\n<meta property=\"og:url\" content=\"https:\/\/xenonkungen.com\/nl\/product\/osram-roadflare-v16-iot\/\" \/>\n<meta property=\"og:site_name\" content=\"Xenonkungen\" \/>\n<meta property=\"article:modified_time\" content=\"2026-04-17T11:09:49+00:00\" \/>\n<meta property=\"og:image\" content=\"https:\/\/xenonkungen.com\/wp-content\/uploads\/2026\/01\/Small-for-web-and-ppt-PI_ARF-2023-02160_LEDguardian_ROAD_FLARE_Signal_V16_IoT_LEDSL105_Top_Light_02.jpg\" \/>\n\t<meta property=\"og:image:width\" content=\"1024\" \/>\n\t<meta property=\"og:image:height\" content=\"1024\" \/>\n\t<meta property=\"og:image:type\" content=\"image\/jpeg\" \/>\n<meta name=\"twitter:card\" content=\"summary_large_image\" \/>\n<meta name=\"twitter:label1\" content=\"Geschatte leestijd\" \/>\n\t<meta name=\"twitter:data1\" content=\"2 minuten\" \/>\n<script type=\"application\/ld+json\" class=\"yoast-schema-graph\">{\"@context\":\"https:\/\/schema.org\",\"@graph\":[{\"@type\":\"WebPage\",\"@id\":\"https:\/\/xenonkungen.com\/produkt\/osram-roadflare-v16-iot\/\",\"url\":\"https:\/\/xenonkungen.com\/produkt\/osram-roadflare-v16-iot\/\",\"name\":\"Osram Roadflare V16 IOT - Xenonkungen\",\"isPartOf\":{\"@id\":\"https:\/\/xenonkungen.com\/#website\"},\"primaryImageOfPage\":{\"@id\":\"https:\/\/xenonkungen.com\/produkt\/osram-roadflare-v16-iot\/#primaryimage\"},\"image\":{\"@id\":\"https:\/\/xenonkungen.com\/produkt\/osram-roadflare-v16-iot\/#primaryimage\"},\"thumbnailUrl\":\"https:\/\/xenonkungen.com\/wp-content\/uploads\/2026\/01\/Small-for-web-and-ppt-PI_ARF-2023-02160_LEDguardian_ROAD_FLARE_Signal_V16_IoT_LEDSL105_Top_Light_02.jpg\",\"datePublished\":\"2026-01-12T08:20:16+00:00\",\"dateModified\":\"2026-04-17T11:09:49+00:00\",\"breadcrumb\":{\"@id\":\"https:\/\/xenonkungen.com\/produkt\/osram-roadflare-v16-iot\/#breadcrumb\"},\"inLanguage\":\"nl-NL\",\"potentialAction\":[{\"@type\":\"ReadAction\",\"target\":[\"https:\/\/xenonkungen.com\/produkt\/osram-roadflare-v16-iot\/\"]}]},{\"@type\":\"ImageObject\",\"inLanguage\":\"nl-NL\",\"@id\":\"https:\/\/xenonkungen.com\/produkt\/osram-roadflare-v16-iot\/#primaryimage\",\"url\":\"https:\/\/xenonkungen.com\/wp-content\/uploads\/2026\/01\/Small-for-web-and-ppt-PI_ARF-2023-02160_LEDguardian_ROAD_FLARE_Signal_V16_IoT_LEDSL105_Top_Light_02.jpg\",\"contentUrl\":\"https:\/\/xenonkungen.com\/wp-content\/uploads\/2026\/01\/Small-for-web-and-ppt-PI_ARF-2023-02160_LEDguardian_ROAD_FLARE_Signal_V16_IoT_LEDSL105_Top_Light_02.jpg\",\"width\":1024,\"height\":1024},{\"@type\":\"BreadcrumbList\",\"@id\":\"https:\/\/xenonkungen.com\/produkt\/osram-roadflare-v16-iot\/#breadcrumb\",\"itemListElement\":[{\"@type\":\"ListItem\",\"position\":1,\"name\":\"Hem\",\"item\":\"https:\/\/xenonkungen.com\/\"},{\"@type\":\"ListItem\",\"position\":2,\"name\":\"Shop\",\"item\":\"https:\/\/xenonkungen.com\/shop\/\"},{\"@type\":\"ListItem\",\"position\":3,\"name\":\"Osram Roadflare V16 IOT\"}]},{\"@type\":\"WebSite\",\"@id\":\"https:\/\/xenonkungen.com\/#website\",\"url\":\"https:\/\/xenonkungen.com\/\",\"name\":\"Xenonkungen\",\"description\":\"\",\"potentialAction\":[{\"@type\":\"SearchAction\",\"target\":{\"@type\":\"EntryPoint\",\"urlTemplate\":\"https:\/\/xenonkungen.com\/?s={search_term_string}\"},\"query-input\":{\"@type\":\"PropertyValueSpecification\",\"valueRequired\":true,\"valueName\":\"search_term_string\"}}],\"inLanguage\":\"nl-NL\"}]}<\/script>\n<!-- \/ Yoast SEO plugin. -->","yoast_head_json":{"title":"Osram Roadflare V16 IoT - De Xenon-koning","robots":{"index":"index","follow":"follow","max-snippet":"max-snippet:-1","max-image-preview":"max-image-preview:large","max-video-preview":"max-video-preview:-1"},"canonical":"https:\/\/xenonkungen.com\/nl\/product\/osram-roadflare-v16-iot\/","og_locale":"nl_NL","og_type":"article","og_title":"Osram Roadflare V16 IOT - Xenonkungen","og_description":"Om produkten Fr\u00e5n och med 1 januari 2026 \u00e4r V16-varningslampa obligatorisk i Spanien. Den ers\u00e4tter den klassiska varningstriangeln och g\u00f6r det m\u00f6jligt att varna andra trafikanter utan att du beh\u00f6ver l\u00e4mna fordonet. Denna V16 IoT-lampa \u00e4r DGT 3.0-certifierad och ansluten direkt till Spaniens officiella trafiksystem. N\u00e4r lampan aktiveras skickas fordonets position anonymt och i realtid [&hellip;]","og_url":"https:\/\/xenonkungen.com\/nl\/product\/osram-roadflare-v16-iot\/","og_site_name":"Xenonkungen","article_modified_time":"2026-04-17T11:09:49+00:00","og_image":[{"width":1024,"height":1024,"url":"https:\/\/xenonkungen.com\/wp-content\/uploads\/2026\/01\/Small-for-web-and-ppt-PI_ARF-2023-02160_LEDguardian_ROAD_FLARE_Signal_V16_IoT_LEDSL105_Top_Light_02.jpg","type":"image\/jpeg"}],"twitter_card":"summary_large_image","twitter_misc":{"Geschatte leestijd":"2 minuten"},"schema":{"@context":"https:\/\/schema.org","@graph":[{"@type":"WebPage","@id":"https:\/\/xenonkungen.com\/produkt\/osram-roadflare-v16-iot\/","url":"https:\/\/xenonkungen.com\/produkt\/osram-roadflare-v16-iot\/","name":"Osram Roadflare V16 IoT - De Xenon-koning","isPartOf":{"@id":"https:\/\/xenonkungen.com\/#website"},"primaryImageOfPage":{"@id":"https:\/\/xenonkungen.com\/produkt\/osram-roadflare-v16-iot\/#primaryimage"},"image":{"@id":"https:\/\/xenonkungen.com\/produkt\/osram-roadflare-v16-iot\/#primaryimage"},"thumbnailUrl":"https:\/\/xenonkungen.com\/wp-content\/uploads\/2026\/01\/Small-for-web-and-ppt-PI_ARF-2023-02160_LEDguardian_ROAD_FLARE_Signal_V16_IoT_LEDSL105_Top_Light_02.jpg","datePublished":"2026-01-12T08:20:16+00:00","dateModified":"2026-04-17T11:09:49+00:00","breadcrumb":{"@id":"https:\/\/xenonkungen.com\/produkt\/osram-roadflare-v16-iot\/#breadcrumb"},"inLanguage":"nl-NL","potentialAction":[{"@type":"ReadAction","target":["https:\/\/xenonkungen.com\/produkt\/osram-roadflare-v16-iot\/"]}]},{"@type":"ImageObject","inLanguage":"nl-NL","@id":"https:\/\/xenonkungen.com\/produkt\/osram-roadflare-v16-iot\/#primaryimage","url":"https:\/\/xenonkungen.com\/wp-content\/uploads\/2026\/01\/Small-for-web-and-ppt-PI_ARF-2023-02160_LEDguardian_ROAD_FLARE_Signal_V16_IoT_LEDSL105_Top_Light_02.jpg","contentUrl":"https:\/\/xenonkungen.com\/wp-content\/uploads\/2026\/01\/Small-for-web-and-ppt-PI_ARF-2023-02160_LEDguardian_ROAD_FLARE_Signal_V16_IoT_LEDSL105_Top_Light_02.jpg","width":1024,"height":1024},{"@type":"BreadcrumbList","@id":"https:\/\/xenonkungen.com\/produkt\/osram-roadflare-v16-iot\/#breadcrumb","itemListElement":[{"@type":"ListItem","position":1,"name":"Hem","item":"https:\/\/xenonkungen.com\/"},{"@type":"ListItem","position":2,"name":"Shop","item":"https:\/\/xenonkungen.com\/shop\/"},{"@type":"ListItem","position":3,"name":"Osram Roadflare V16 IOT"}]},{"@type":"WebSite","@id":"https:\/\/xenonkungen.com\/#website","url":"https:\/\/xenonkungen.com\/","name":"Xenonkungen","description":"","potentialAction":[{"@type":"SearchAction","target":{"@type":"EntryPoint","urlTemplate":"https:\/\/xenonkungen.com\/?s={search_term_string}"},"query-input":{"@type":"PropertyValueSpecification","valueRequired":true,"valueName":"search_term_string"}}],"inLanguage":"nl-NL"}]}},"taxonomy_info":{"product_brand":[{"value":108,"label":"OSRAM"}],"product_cat":[{"value":2587,"label":"Blixtljus\/Varningsljus"},{"value":2579,"label":"Blixtljus\/Varningsljus"},{"value":2554,"label":"Portabla varningsljus"},{"value":16,"label":"Uncategorized"},{"value":934,"label":"Blixtljus"},{"value":1061,"label":"Varningsljus"}]},"featured_image_src_large":["https:\/\/xenonkungen.com\/wp-content\/uploads\/2026\/01\/Small-for-web-and-ppt-PI_ARF-2023-02160_LEDguardian_ROAD_FLARE_Signal_V16_IoT_LEDSL105_Top_Light_02.jpg",1024,1024,false],"author_info":[],"comment_info":0,"_links":{"self":[{"href":"https:\/\/xenonkungen.com\/nl\/wp-json\/wp\/v2\/product\/24493","targetHints":{"allow":["GET"]}}],"collection":[{"href":"https:\/\/xenonkungen.com\/nl\/wp-json\/wp\/v2\/product"}],"about":[{"href":"https:\/\/xenonkungen.com\/nl\/wp-json\/wp\/v2\/types\/product"}],"replies":[{"embeddable":true,"href":"https:\/\/xenonkungen.com\/nl\/wp-json\/wp\/v2\/comments?post=24493"}],"wp:featuredmedia":[{"embeddable":true,"href":"https:\/\/xenonkungen.com\/nl\/wp-json\/wp\/v2\/media\/24844"}],"wp:attachment":[{"href":"https:\/\/xenonkungen.com\/nl\/wp-json\/wp\/v2\/media?parent=24493"}],"wp:term":[{"taxonomy":"anvandningsomrade","embeddable":true,"href":"https:\/\/xenonkungen.com\/nl\/wp-json\/wp\/v2\/anvandningsomrade?post=24493"},{"taxonomy":"bilmarken","embeddable":true,"href":"https:\/\/xenonkungen.com\/nl\/wp-json\/wp\/v2\/bilmarken?post=24493"},{"taxonomy":"product_brand","embeddable":true,"href":"https:\/\/xenonkungen.com\/nl\/wp-json\/wp\/v2\/product_brand?post=24493"},{"taxonomy":"product_cat","embeddable":true,"href":"https:\/\/xenonkungen.com\/nl\/wp-json\/wp\/v2\/product_cat?post=24493"},{"taxonomy":"product_tag","embeddable":true,"href":"https:\/\/xenonkungen.com\/nl\/wp-json\/wp\/v2\/product_tag?post=24493"}],"curies":[{"name":"wp","href":"https:\/\/api.w.org\/{rel}","templated":true}]}}