{"id":24945,"date":"2026-01-22T12:45:47","date_gmt":"2026-01-22T11:45:47","guid":{"rendered":"https:\/\/xenonkungen.com\/?post_type=product&#038;p=24945"},"modified":"2026-04-24T17:41:15","modified_gmt":"2026-04-24T16:41:15","slug":"ledriving-lichtbalk-fx1000-cb-sm","status":"publish","type":"product","link":"https:\/\/xenonkungen.com\/nl\/product\/ledriving-lichtbalk-fx1000-cb-sm\/","title":{"rendered":"LEDriving\u00ae LIGHTBAR FX1000-CB SM"},"content":{"rendered":"<h2 data-start=\"135\" data-end=\"185\">Krachtige verlichting voor op de weg, voor werk en off-road gebruik.<\/h2>\n<p data-start=\"187\" data-end=\"424\"><strong data-start=\"187\" data-end=\"260\"><span class=\"hover:entity-accent entity-underline inline cursor-pointer align-baseline\"><span class=\"whitespace-normal\">OSRAM<\/span><\/span> LEDriving Lightbar VX1000-CB SM<\/strong> Dit is een krachtige rij- en werklamp, ontwikkeld voor mensen die maximale zichtbaarheid nodig hebben \u2013 of u nu op donkere landweggetjes rijdt, in het bos werkt of in moeilijk terrein aan de slag gaat.<\/p>\n<p data-start=\"426\" data-end=\"795\">Med <strong data-start=\"430\" data-end=\"458\">36 krachtige LED&#039;s<\/strong> De lichtbalk levert een indrukwekkend bereik. <strong data-start=\"507\" data-end=\"529\">tot 525 meter<\/strong>waardoor u ruim voldoende waarschuwing krijgt en veiliger kunt rijden in alle omstandigheden. De sterke lichtopbrengst van <strong data-start=\"627\" data-end=\"650\">tot 6000 lumen<\/strong> in combinatie met een <strong data-start=\"672\" data-end=\"717\">een daglichtachtige kleurtemperatuur van 6000 K<\/strong> Dit zorgt voor optimaal contrast, een betere diepteperceptie en minder vermoeidheid achter het stuur.<\/p>\n<h3 data-start=\"797\" data-end=\"831\">Gebouwd voor extreme omstandigheden.<\/h3>\n<p data-start=\"832\" data-end=\"1167\">De VX1000-CB SM is ontworpen om de ontberingen van het dagelijks leven te doorstaan. De robuuste aluminium behuizing en de slagvaste polycarbonaat lens maken de helling zowel lichtgewicht als extreem duurzaam. Hij is getest in de OSRAM-testomgeving. <strong data-start=\"1033\" data-end=\"1063\">DIN-gecertificeerde milieulaboratoria<\/strong> voor water, stof, schokken, trillingen en hoge en lage temperaturen \u2013 en wordt geclassificeerd volgens <strong data-start=\"1158\" data-end=\"1166\">IP67<\/strong>.<\/p>\n<p data-start=\"1169\" data-end=\"1407\">De ge\u00efntegreerde elektronica met geavanceerd thermisch beheer beschermt de LED&#039;s tegen oververhitting en zorgt voor een lange levensduur. <strong data-start=\"1300\" data-end=\"1325\">tot 5.000 uur<\/strong>De polariteitsbeveiliging voorkomt verkeerde aansluiting en beschermt het product tijdens de installatie.<\/p>\n<h3 data-start=\"1409\" data-end=\"1448\">Eenvoudige montage \u2013 legaal gebruik<\/h3>\n<p data-start=\"1449\" data-end=\"1593\">De <strong data-start=\"1452\" data-end=\"1484\">ECE-goedgekeurde LED-hulplampen<\/strong> Herregistratie of wijzigingen in de voertuigdocumentatie zijn niet nodig.<br data-start=\"1555\" data-end=\"1558\" \/>ECE-referentienummer: <strong data-start=\"1578\" data-end=\"1593\">37.5 + 37.5<\/strong><\/p>\n<p data-start=\"1595\" data-end=\"1626\">De VX1000-CB SM is compatibel met:<\/p>\n<ul data-start=\"1627\" data-end=\"1803\">\n<li data-start=\"1627\" data-end=\"1654\">\n<p data-start=\"1629\" data-end=\"1654\">Personenauto&#039;s en vrachtwagens<\/p>\n<\/li>\n<li data-start=\"1655\" data-end=\"1685\">\n<p data-start=\"1657\" data-end=\"1685\">Transport- en bedrijfsvoertuigen<\/p>\n<\/li>\n<li data-start=\"1686\" data-end=\"1723\">\n<p data-start=\"1688\" data-end=\"1723\">Landbouw- en bosbouwmachines<\/p>\n<\/li>\n<li data-start=\"1724\" data-end=\"1745\">\n<p data-start=\"1726\" data-end=\"1745\">Bouwvoertuigen<\/p>\n<\/li>\n<li data-start=\"1746\" data-end=\"1770\">\n<p data-start=\"1748\" data-end=\"1770\">Campers en caravans<\/p>\n<\/li>\n<li data-start=\"1771\" data-end=\"1803\">\n<p data-start=\"1773\" data-end=\"1803\">Terreinvoertuigen en quads<\/p>\n<\/li>\n<\/ul>\n<h3 data-start=\"1805\" data-end=\"1857\">Waarom u zou moeten kiezen voor de OSRAM LEDriving VX1000-CB SM<\/h3>\n<p data-start=\"1858\" data-end=\"2058\">\u2013 Extreem groot bereik en hoge helderheid<br data-start=\"1894\" data-end=\"1897\" \/>\u2013 Daglichtachtig licht (6000 K)<br data-start=\"1929\" data-end=\"1932\" \/>\u2013 Robuuste constructie voor zware omstandigheden<br data-start=\"1971\" data-end=\"1974\" \/>\u2013 Lange levensduur en hoge bedrijfszekerheid<br data-start=\"2012\" data-end=\"2015\" \/>\u2013 ECE-goedgekeurd \u2013 legaal voor gebruik op de openbare weg<\/p>\n<p data-start=\"2060\" data-end=\"2178\"><strong data-start=\"2060\" data-end=\"2178\">Een krachtige upgrade die zorgt voor beter zicht, meer veiligheid en maximale controle \u2013 zowel op de weg als off-road.<\/strong><\/p>","protected":false},"excerpt":{"rendered":"<p>Kraftfull belysning f\u00f6r v\u00e4g, arbete och terr\u00e4ng OSRAM LEDriving Lightbar VX1000-CB SM \u00e4r ett h\u00f6gpresterande k\u00f6r- och arbetsljus utvecklat f\u00f6r dig som kr\u00e4ver maximal sikt \u2013 oavsett om du k\u00f6r p\u00e5 m\u00f6rka landsv\u00e4gar, i skogen eller arbetar i tuff terr\u00e4ng. Med 36 kraftfulla LED-dioder levererar ljusrampen en imponerande r\u00e4ckvidd p\u00e5 upp till 525 meter, vilket [&hellip;]<\/p>","protected":false},"featured_media":24954,"comment_status":"open","ping_status":"closed","template":"","meta":{"_acf_changed":false,"_smort_price_nok":"4908","_smort_price_dkk":"","_smort_price_eur":"","_smort_sale_price_nok":"","_smort_sale_price_dkk":"","_smort_sale_price_eur":"","smort_restorder":"","shipmondo_restorder":"","_kad_blocks_custom_css":"","_kad_blocks_head_custom_js":"","_kad_blocks_body_custom_js":"","_kad_blocks_footer_custom_js":"","smort_custom_pricelist_1":"2940.8","smort_custom_pricelist_2":"2573.2","smort_custom_pricelist_3":"2389.4","smort_custom_pricelist_4":"3676","smort_custom_pricelist_5":"2573.2"},"anvandningsomrade":[],"bilmarken":[],"product_brand":[108],"product_cat":[2966,2539,2640],"product_tag":[],"class_list":{"0":"post-24945","1":"product","2":"type-product","3":"status-publish","4":"has-post-thumbnail","6":"product_brand-osram","7":"product_cat-ledramp-rak","8":"product_cat-ledramper","9":"product_cat-osram-ledriving-ledramper","10":"pa_fargtemperatur-6000k","11":"pa_volt-v-159","12":"pa_volt-v-160","14":"first","15":"onbackorder","16":"taxable","17":"shipping-taxable","18":"purchasable","19":"product-type-simple"},"bundled_by":[],"bundle_stock_status":"onbackorder","bundle_stock_quantity":0,"bundle_virtual":false,"bundle_layout":"","bundle_add_to_cart_form_location":"","bundle_editable_in_cart":false,"bundle_sold_individually_context":"","bundle_item_grouping":"","bundle_min_size":"","bundle_max_size":"","bundle_price":[],"bundled_items":[],"bundle_sell_ids":[],"acf":[],"yoast_head":"<!-- This site is optimized with the Yoast SEO plugin v27.0 - https:\/\/yoast.com\/product\/yoast-seo-wordpress\/ -->\n<title>LEDriving\u00ae LIGHTBAR FX1000-CB SM - Xenonkungen<\/title>\n<meta name=\"robots\" content=\"index, follow, max-snippet:-1, max-image-preview:large, max-video-preview:-1\" \/>\n<link rel=\"canonical\" href=\"https:\/\/xenonkungen.com\/nl\/product\/ledriving-lichtbalk-fx1000-cb-sm\/\" \/>\n<meta property=\"og:locale\" content=\"nl_NL\" \/>\n<meta property=\"og:type\" content=\"article\" \/>\n<meta property=\"og:title\" content=\"LEDriving\u00ae LIGHTBAR FX1000-CB SM - Xenonkungen\" \/>\n<meta property=\"og:description\" content=\"Kraftfull belysning f\u00f6r v\u00e4g, arbete och terr\u00e4ng OSRAM LEDriving Lightbar VX1000-CB SM \u00e4r ett h\u00f6gpresterande k\u00f6r- och arbetsljus utvecklat f\u00f6r dig som kr\u00e4ver maximal sikt \u2013 oavsett om du k\u00f6r p\u00e5 m\u00f6rka landsv\u00e4gar, i skogen eller arbetar i tuff terr\u00e4ng. Med 36 kraftfulla LED-dioder levererar ljusrampen en imponerande r\u00e4ckvidd p\u00e5 upp till 525 meter, vilket [&hellip;]\" \/>\n<meta property=\"og:url\" content=\"https:\/\/xenonkungen.com\/nl\/product\/ledriving-lichtbalk-fx1000-cb-sm\/\" \/>\n<meta property=\"og:site_name\" content=\"Xenonkungen\" \/>\n<meta property=\"article:modified_time\" content=\"2026-04-24T16:41:15+00:00\" \/>\n<meta name=\"twitter:card\" content=\"summary_large_image\" \/>\n<meta name=\"twitter:label1\" content=\"Geschatte leestijd\" \/>\n\t<meta name=\"twitter:data1\" content=\"2 minuten\" \/>\n<script type=\"application\/ld+json\" class=\"yoast-schema-graph\">{\"@context\":\"https:\/\/schema.org\",\"@graph\":[{\"@type\":\"WebPage\",\"@id\":\"https:\/\/xenonkungen.com\/produkt\/ledriving-lightbar-fx1000-cb-sm\/\",\"url\":\"https:\/\/xenonkungen.com\/produkt\/ledriving-lightbar-fx1000-cb-sm\/\",\"name\":\"LEDriving\u00ae LIGHTBAR FX1000-CB SM - Xenonkungen\",\"isPartOf\":{\"@id\":\"https:\/\/xenonkungen.com\/#website\"},\"primaryImageOfPage\":{\"@id\":\"https:\/\/xenonkungen.com\/produkt\/ledriving-lightbar-fx1000-cb-sm\/#primaryimage\"},\"image\":{\"@id\":\"https:\/\/xenonkungen.com\/produkt\/ledriving-lightbar-fx1000-cb-sm\/#primaryimage\"},\"thumbnailUrl\":\"https:\/\/xenonkungen.com\/wp-content\/uploads\/2026\/01\/Lightbar-VX1000-CB-SM-6.avif\",\"datePublished\":\"2026-01-22T11:45:47+00:00\",\"dateModified\":\"2026-04-24T16:41:15+00:00\",\"breadcrumb\":{\"@id\":\"https:\/\/xenonkungen.com\/produkt\/ledriving-lightbar-fx1000-cb-sm\/#breadcrumb\"},\"inLanguage\":\"nl-NL\",\"potentialAction\":[{\"@type\":\"ReadAction\",\"target\":[\"https:\/\/xenonkungen.com\/produkt\/ledriving-lightbar-fx1000-cb-sm\/\"]}]},{\"@type\":\"ImageObject\",\"inLanguage\":\"nl-NL\",\"@id\":\"https:\/\/xenonkungen.com\/produkt\/ledriving-lightbar-fx1000-cb-sm\/#primaryimage\",\"url\":\"https:\/\/xenonkungen.com\/wp-content\/uploads\/2026\/01\/Lightbar-VX1000-CB-SM-6.avif\",\"contentUrl\":\"https:\/\/xenonkungen.com\/wp-content\/uploads\/2026\/01\/Lightbar-VX1000-CB-SM-6.avif\",\"width\":900,\"height\":900},{\"@type\":\"BreadcrumbList\",\"@id\":\"https:\/\/xenonkungen.com\/produkt\/ledriving-lightbar-fx1000-cb-sm\/#breadcrumb\",\"itemListElement\":[{\"@type\":\"ListItem\",\"position\":1,\"name\":\"Hem\",\"item\":\"https:\/\/xenonkungen.com\/\"},{\"@type\":\"ListItem\",\"position\":2,\"name\":\"Shop\",\"item\":\"https:\/\/xenonkungen.com\/shop\/\"},{\"@type\":\"ListItem\",\"position\":3,\"name\":\"LEDriving\u00ae LIGHTBAR FX1000-CB SM\"}]},{\"@type\":\"WebSite\",\"@id\":\"https:\/\/xenonkungen.com\/#website\",\"url\":\"https:\/\/xenonkungen.com\/\",\"name\":\"Xenonkungen\",\"description\":\"\",\"potentialAction\":[{\"@type\":\"SearchAction\",\"target\":{\"@type\":\"EntryPoint\",\"urlTemplate\":\"https:\/\/xenonkungen.com\/?s={search_term_string}\"},\"query-input\":{\"@type\":\"PropertyValueSpecification\",\"valueRequired\":true,\"valueName\":\"search_term_string\"}}],\"inLanguage\":\"nl-NL\"}]}<\/script>\n<!-- \/ Yoast SEO plugin. -->","yoast_head_json":{"title":"LEDriving\u00ae LIGHTBAR FX1000-CB SM - De Xenon-koning","robots":{"index":"index","follow":"follow","max-snippet":"max-snippet:-1","max-image-preview":"max-image-preview:large","max-video-preview":"max-video-preview:-1"},"canonical":"https:\/\/xenonkungen.com\/nl\/product\/ledriving-lichtbalk-fx1000-cb-sm\/","og_locale":"nl_NL","og_type":"article","og_title":"LEDriving\u00ae LIGHTBAR FX1000-CB SM - Xenonkungen","og_description":"Kraftfull belysning f\u00f6r v\u00e4g, arbete och terr\u00e4ng OSRAM LEDriving Lightbar VX1000-CB SM \u00e4r ett h\u00f6gpresterande k\u00f6r- och arbetsljus utvecklat f\u00f6r dig som kr\u00e4ver maximal sikt \u2013 oavsett om du k\u00f6r p\u00e5 m\u00f6rka landsv\u00e4gar, i skogen eller arbetar i tuff terr\u00e4ng. Med 36 kraftfulla LED-dioder levererar ljusrampen en imponerande r\u00e4ckvidd p\u00e5 upp till 525 meter, vilket [&hellip;]","og_url":"https:\/\/xenonkungen.com\/nl\/product\/ledriving-lichtbalk-fx1000-cb-sm\/","og_site_name":"Xenonkungen","article_modified_time":"2026-04-24T16:41:15+00:00","twitter_card":"summary_large_image","twitter_misc":{"Geschatte leestijd":"2 minuten"},"schema":{"@context":"https:\/\/schema.org","@graph":[{"@type":"WebPage","@id":"https:\/\/xenonkungen.com\/produkt\/ledriving-lightbar-fx1000-cb-sm\/","url":"https:\/\/xenonkungen.com\/produkt\/ledriving-lightbar-fx1000-cb-sm\/","name":"LEDriving\u00ae LIGHTBAR FX1000-CB SM - De Xenon-koning","isPartOf":{"@id":"https:\/\/xenonkungen.com\/#website"},"primaryImageOfPage":{"@id":"https:\/\/xenonkungen.com\/produkt\/ledriving-lightbar-fx1000-cb-sm\/#primaryimage"},"image":{"@id":"https:\/\/xenonkungen.com\/produkt\/ledriving-lightbar-fx1000-cb-sm\/#primaryimage"},"thumbnailUrl":"https:\/\/xenonkungen.com\/wp-content\/uploads\/2026\/01\/Lightbar-VX1000-CB-SM-6.avif","datePublished":"2026-01-22T11:45:47+00:00","dateModified":"2026-04-24T16:41:15+00:00","breadcrumb":{"@id":"https:\/\/xenonkungen.com\/produkt\/ledriving-lightbar-fx1000-cb-sm\/#breadcrumb"},"inLanguage":"nl-NL","potentialAction":[{"@type":"ReadAction","target":["https:\/\/xenonkungen.com\/produkt\/ledriving-lightbar-fx1000-cb-sm\/"]}]},{"@type":"ImageObject","inLanguage":"nl-NL","@id":"https:\/\/xenonkungen.com\/produkt\/ledriving-lightbar-fx1000-cb-sm\/#primaryimage","url":"https:\/\/xenonkungen.com\/wp-content\/uploads\/2026\/01\/Lightbar-VX1000-CB-SM-6.avif","contentUrl":"https:\/\/xenonkungen.com\/wp-content\/uploads\/2026\/01\/Lightbar-VX1000-CB-SM-6.avif","width":900,"height":900},{"@type":"BreadcrumbList","@id":"https:\/\/xenonkungen.com\/produkt\/ledriving-lightbar-fx1000-cb-sm\/#breadcrumb","itemListElement":[{"@type":"ListItem","position":1,"name":"Hem","item":"https:\/\/xenonkungen.com\/"},{"@type":"ListItem","position":2,"name":"Shop","item":"https:\/\/xenonkungen.com\/shop\/"},{"@type":"ListItem","position":3,"name":"LEDriving\u00ae LIGHTBAR FX1000-CB SM"}]},{"@type":"WebSite","@id":"https:\/\/xenonkungen.com\/#website","url":"https:\/\/xenonkungen.com\/","name":"Xenonkungen","description":"","potentialAction":[{"@type":"SearchAction","target":{"@type":"EntryPoint","urlTemplate":"https:\/\/xenonkungen.com\/?s={search_term_string}"},"query-input":{"@type":"PropertyValueSpecification","valueRequired":true,"valueName":"search_term_string"}}],"inLanguage":"nl-NL"}]}},"taxonomy_info":{"product_brand":[{"value":108,"label":"OSRAM"}],"product_cat":[{"value":2966,"label":"Ledramp Rak"},{"value":2539,"label":"LEDRAMPER"},{"value":2640,"label":"OSRAM Ledriving Serie"}],"pa_fargtemperatur":[{"value":188,"label":"6000K"}],"pa_volt-v":[{"value":159,"label":"12"},{"value":160,"label":"24"}]},"featured_image_src_large":["https:\/\/xenonkungen.com\/wp-content\/uploads\/2026\/01\/Lightbar-VX1000-CB-SM-6.avif",900,900,false],"author_info":[],"comment_info":0,"_links":{"self":[{"href":"https:\/\/xenonkungen.com\/nl\/wp-json\/wp\/v2\/product\/24945","targetHints":{"allow":["GET"]}}],"collection":[{"href":"https:\/\/xenonkungen.com\/nl\/wp-json\/wp\/v2\/product"}],"about":[{"href":"https:\/\/xenonkungen.com\/nl\/wp-json\/wp\/v2\/types\/product"}],"replies":[{"embeddable":true,"href":"https:\/\/xenonkungen.com\/nl\/wp-json\/wp\/v2\/comments?post=24945"}],"wp:featuredmedia":[{"embeddable":true,"href":"https:\/\/xenonkungen.com\/nl\/wp-json\/wp\/v2\/media\/24954"}],"wp:attachment":[{"href":"https:\/\/xenonkungen.com\/nl\/wp-json\/wp\/v2\/media?parent=24945"}],"wp:term":[{"taxonomy":"anvandningsomrade","embeddable":true,"href":"https:\/\/xenonkungen.com\/nl\/wp-json\/wp\/v2\/anvandningsomrade?post=24945"},{"taxonomy":"bilmarken","embeddable":true,"href":"https:\/\/xenonkungen.com\/nl\/wp-json\/wp\/v2\/bilmarken?post=24945"},{"taxonomy":"product_brand","embeddable":true,"href":"https:\/\/xenonkungen.com\/nl\/wp-json\/wp\/v2\/product_brand?post=24945"},{"taxonomy":"product_cat","embeddable":true,"href":"https:\/\/xenonkungen.com\/nl\/wp-json\/wp\/v2\/product_cat?post=24945"},{"taxonomy":"product_tag","embeddable":true,"href":"https:\/\/xenonkungen.com\/nl\/wp-json\/wp\/v2\/product_tag?post=24945"}],"curies":[{"name":"wp","href":"https:\/\/api.w.org\/{rel}","templated":true}]}}